{"id":7321,"date":"2020-06-07T19:47:59","date_gmt":"2020-06-07T17:47:59","guid":{"rendered":"https:\/\/caraudioworld.eu\/informace-o-doruceni\/"},"modified":"2025-02-17T12:34:16","modified_gmt":"2025-02-17T11:34:16","slug":"informace-o-doruceni","status":"publish","type":"page","link":"https:\/\/caraudioworld.eu\/cs\/informace-o-doruceni\/","title":{"rendered":"Informace o doru\u010den\u00ed"},"content":{"rendered":"<div class=\"wpb-content-wrapper\"><p>[vc_row css=&#8220;.vc_custom_1572099171467{padding-top: 20px !important;padding-bottom: 20px !important;}&#8220;][vc_column offset=&#8220;vc_col-lg-offset-2 vc_col-lg-8 vc_col-md-offset-1 vc_col-md-10 vc_col-xs-offset-1 vc_col-xs-10&#8243;][vc_column_text]<\/p>\n&#13;\n<p>Toto je zoznam z\u00e1kladn\u00fdch inform\u00e1ci\u00ed, t\u00fdkaj\u00facich sa doru\u010denia tovaru. <em>(Inform\u00e1cie sa m\u00f4\u017eu \u010dasom meni\u0165 na z\u00e1klade uv\u00e1\u017eenia vlastn\u00edka Eshop-u)<\/em><\/p>&#13;\n<p><strong>*AKTUALIZOVAN\u00c9 INFO*<\/strong><\/p>&#13;\n<p>Po novom posielame bal\u00edky aj do: Spojen\u00e9 \u0161t\u00e1ty (US), Kanada, Spojen\u00e9 Kr\u00e1\u013eovstvo (UK), \u00cdrsko<\/p>&#13;\n<p>*Minim\u00e1lna cena po\u0161tovn\u00e9ho pre dan\u00e9 \u0161t\u00e1ty je nasledovn\u00e1:<\/p>&#13;\n<ul class=\"wp-block-list\">&#13;\n<li>Spojen\u00e9 st\u00e1ty (US): 40\u20ac<\/li>&#13;\n<li>Kanada: 45\u20ac<\/li>&#13;\n<li>Spojen\u00e9 kr\u00e1lovstv\u00ed (UK), \u00cdrsko: 25\u20ac<\/li>&#13;\n<\/ul>&#13;\n<p><strong>Nasleduj\u00face podmienky platia pre \u0161t\u00e1ty:<\/strong> <em>Po\u013esko, Rumunsko, Rak\u00fasko, Nemecko, Bulharsko, Taliansko, Franc\u00fazsko, \u0160panielsko, Belgicko, Holandsko, Luxemburg, Portugalsko, Chorv\u00e1tsko, Slovinsko, Ma\u010farsko, \u010cesk\u00e1 Republika, Slovensko<\/em><\/p>&#13;\n<ul>&#13;\n<li>Cena po\u0161tovn\u00e9ho pro st\u00e1t: <strong>\u010cesk\u00e1 Republika<\/strong>, <strong>Ma\u010farsko<\/strong> je *minimum 10.00 \u20ac<\/li>&#13;\n<li>Cena po\u0161tovn\u00e9ho pro st\u00e1t: <strong>Slovensko<\/strong> je *minimum 7.00 \u20ac<\/li>&#13;\n<li>Cena po\u0161tovn\u00e9ho pre \u0161t\u00e1t: <strong>\u010cesk\u00e1 Republika<\/strong>, <strong>Ma\u010farsko<\/strong> je *minim\u00e1lne 10.00 \u20ac<\/li>&#13;\n<li>V p\u0159\u00edpad\u011b uplatn\u011bn\u00ed n\u011bkter\u00e9ho ze slevov\u00fdch kup\u00f3n\u016f je mo\u017en\u00e9 doru\u010den\u00ed zdarma i v jin\u00fdch p\u0159\u00edpadech, ne\u017e je zm\u00edn\u011bno v\u00fd\u0161e<\/li>&#13;\n<li>Doru\u010den\u00ed zbo\u017e\u00ed zaji\u0161\u0165uje firma: <strong>GLS General Logistics Systems<\/strong><\/li>&#13;\n<\/ul>&#13;\n<p><em>*cena doru\u010denia z\u00e1vis\u00ed od cie\u013eovej destin\u00e1cie, ve\u013ekosti balenia produktov a v\u00fdslednej hmotnosti.<\/em><br\/><br\/><\/p>&#13;\n<p><strong>Skladov\u00e9 inform\u00e1cie a doba doru\u010denia:<\/strong><\/p>&#13;\n<ul>&#13;\n<li>V p\u0159\u00edpad\u011b \u017ee je zbo\u017e\u00ed skladem, odes\u00edl\u00e1me jej nejpozd\u011bji n\u00e1sleduj\u00edc\u00ed pracovn\u00ed den.<\/li>&#13;\n<li>Doba doru\u010den\u00ed produktu z\u00e1vis\u00ed na c\u00edlov\u00e9 destinace a<strong> m\u011bla by<\/strong> trvat maxim\u00e1ln\u011b <strong>15 pracovn\u00edch dn\u016f.<\/strong><\/li>&#13;\n<li>V p\u0159\u00edpad\u011b, \u017ee objedn\u00e1te v\u00edce kus\u016f zbo\u017e\u00ed, jak ho m\u00e1me k dispozici na sklad\u011b, bude v\u00e1m zb\u00fdvaj\u00edc\u00ed zbo\u017e\u00ed do-objednan\u00e9 od na\u0161eho dodavatele a Va\u0161e objedn\u00e1vka se ode\u0161le a\u017e po obdr\u017een\u00ed chyb\u011bj\u00edc\u00edho zbo\u017e\u00ed.<\/li>&#13;\n<li>V p\u0159\u00edpad\u011b \u017ee je dostupnost zbo\u017e\u00ed: <strong>&#8222;DOSTUPN\u00c9 U NA\u0160EHO DODAVATELE&#8220;<\/strong>, zbo\u017e\u00ed nen\u00ed skladem a bude odesl\u00e1n na adresu objednavatele po obdr\u017een\u00ed zbo\u017e\u00ed od na\u0161eho dodavatele (trv\u00e1n\u00ed objedn\u00e1vek viz n\u00ed\u017ee)<\/li>&#13;\n<\/ul>&#13;\n<p><strong>Trvanie objedn\u00e1vky produktov v pr\u00edpade, \u017ee nie s\u00fa dostupn\u00e9 na na\u0161om sklade:<\/strong><\/p>&#13;\n<p>Produkty od zna\u010dky:<\/p>&#13;\n<ul>&#13;\n<li><strong>STEG, Audiosystem, Awave<\/strong>: do 21 dn\u00ed (* u v\u00fdrobk\u016f STEG MSK se m\u016f\u017ee \u010dekac\u00ed doba m\u00edrn\u011b li\u0161it)<\/li>&#13;\n<li><strong>Goldkabel<\/strong>: do 14 dn\u00ed<\/li>&#13;\n<li><strong>CTK<\/strong>: do 7 dn\u00ed<\/li>&#13;\n<\/ul>&#13;\n<p>&nbsp;<\/p>\n<p>&nbsp;<\/p>\nV pr\u00edpade ot\u00e1zok n\u00e1s nev\u00e1hajte kontaktova\u0165 na emailovej adrese: <strong>info@caraudioworld.eu<\/strong>&#13;\n<p>&nbsp;<\/p>\n<p>[\/vc_column_text][\/vc_column][\/vc_row]<\/p>\n<\/div>","protected":false},"excerpt":{"rendered":"<p>[vc_row css=&#8220;.vc_custom_1572099171467{padding-top: 20px !important;padding-bottom: 20px !important;}&#8220;][vc_column offset=&#8220;vc_col-lg-offset-2 vc_col-lg-8 vc_col-md-offset-1 vc_col-md-10 vc_col-xs-offset-1 vc_col-xs-10&#8243;][vc_column_text] &#13; Toto je zoznam z\u00e1kladn\u00fdch inform\u00e1ci\u00ed, t\u00fdkaj\u00facich sa doru\u010denia tovaru. (Inform\u00e1cie sa m\u00f4\u017eu \u010dasom meni\u0165 na z\u00e1klade uv\u00e1\u017eenia vlastn\u00edka Eshop-u) &#13; *AKTUALIZOVAN\u00c9 INFO* &#13; Po novom posielame bal\u00edky aj do: Spojen\u00e9 \u0161t\u00e1ty (US), Kanada, Spojen\u00e9 Kr\u00e1\u013eovstvo (UK), \u00cdrsko &#13; *Minim\u00e1lna cena po\u0161tovn\u00e9ho pre [&hellip;]<\/p>\n","protected":false},"author":1,"featured_media":0,"parent":0,"menu_order":0,"comment_status":"closed","ping_status":"closed","template":"","meta":{"footnotes":""},"class_list":["post-7321","page","type-page","status-publish","hentry"],"yoast_head":"<!-- This site is optimized with the Yoast SEO plugin v27.3 - https:\/\/yoast.com\/product\/yoast-seo-wordpress\/ -->\n<title>Informace o doru\u010den\u00ed - CARAUDIOWORLD<\/title>\n<meta name=\"description\" content=\"&#013; Toto je zoznam z\u00e1kladn\u00fdch inform\u00e1ci\u00ed, t\u00fdkaj\u00facich sa doru\u010denia tovaru. (Inform\u00e1cie sa m\u00f4\u017eu \u010dasom meni\u0165 na z\u00e1klade uv\u00e1\u017eenia vlastn\u00edka Eshop-u)&#013;\" \/>\n<meta name=\"robots\" content=\"index, follow, max-snippet:-1, max-image-preview:large, max-video-preview:-1\" \/>\n<link rel=\"canonical\" href=\"https:\/\/caraudioworld.eu\/cs\/informace-o-doruceni\/\" \/>\n<meta property=\"og:locale\" content=\"cs_CZ\" \/>\n<meta property=\"og:type\" content=\"article\" \/>\n<meta property=\"og:title\" content=\"Informace o doru\u010den\u00ed - CARAUDIOWORLD\" \/>\n<meta property=\"og:description\" content=\"&#013; Toto je zoznam z\u00e1kladn\u00fdch inform\u00e1ci\u00ed, t\u00fdkaj\u00facich sa doru\u010denia tovaru. (Inform\u00e1cie sa m\u00f4\u017eu \u010dasom meni\u0165 na z\u00e1klade uv\u00e1\u017eenia vlastn\u00edka Eshop-u)&#013;\" \/>\n<meta property=\"og:url\" content=\"https:\/\/caraudioworld.eu\/cs\/informace-o-doruceni\/\" \/>\n<meta property=\"og:site_name\" content=\"CARAUDIOWORLD\" \/>\n<meta property=\"article:publisher\" content=\"https:\/\/www.facebook.com\/caraudioworld.eu\" \/>\n<meta property=\"article:modified_time\" content=\"2025-02-17T11:34:16+00:00\" \/>\n<meta property=\"og:image\" content=\"https:\/\/caraudioworld.eu\/wp-content\/uploads\/2020\/10\/CAW_rounded.png\" \/>\n\t<meta property=\"og:image:width\" content=\"510\" \/>\n\t<meta property=\"og:image:height\" content=\"510\" \/>\n\t<meta property=\"og:image:type\" content=\"image\/png\" \/>\n<meta name=\"twitter:card\" content=\"summary_large_image\" \/>\n<meta name=\"twitter:label1\" content=\"Odhadovan\u00e1 doba \u010dten\u00ed\" \/>\n\t<meta name=\"twitter:data1\" content=\"2 minuty\" \/>\n<script type=\"application\/ld+json\" class=\"yoast-schema-graph\">{\"@context\":\"https:\\\/\\\/schema.org\",\"@graph\":[{\"@type\":\"WebPage\",\"@id\":\"https:\\\/\\\/caraudioworld.eu\\\/cs\\\/informace-o-doruceni\\\/\",\"url\":\"https:\\\/\\\/caraudioworld.eu\\\/cs\\\/informace-o-doruceni\\\/\",\"name\":\"Informace o doru\u010den\u00ed - CARAUDIOWORLD\",\"isPartOf\":{\"@id\":\"https:\\\/\\\/caraudioworld.eu\\\/cs\\\/#website\"},\"datePublished\":\"2020-06-07T17:47:59+00:00\",\"dateModified\":\"2025-02-17T11:34:16+00:00\",\"description\":\"&#13; Toto je zoznam z\u00e1kladn\u00fdch inform\u00e1ci\u00ed, t\u00fdkaj\u00facich sa doru\u010denia tovaru. (Inform\u00e1cie sa m\u00f4\u017eu \u010dasom meni\u0165 na z\u00e1klade uv\u00e1\u017eenia vlastn\u00edka Eshop-u)&#13;\",\"breadcrumb\":{\"@id\":\"https:\\\/\\\/caraudioworld.eu\\\/cs\\\/informace-o-doruceni\\\/#breadcrumb\"},\"inLanguage\":\"cs\",\"potentialAction\":[{\"@type\":\"ReadAction\",\"target\":[\"https:\\\/\\\/caraudioworld.eu\\\/cs\\\/informace-o-doruceni\\\/\"]}]},{\"@type\":\"BreadcrumbList\",\"@id\":\"https:\\\/\\\/caraudioworld.eu\\\/cs\\\/informace-o-doruceni\\\/#breadcrumb\",\"itemListElement\":[{\"@type\":\"ListItem\",\"position\":1,\"name\":\"Home\",\"item\":\"https:\\\/\\\/caraudioworld.eu\\\/cs\\\/\"},{\"@type\":\"ListItem\",\"position\":2,\"name\":\"Informace o doru\u010den\u00ed\"}]},{\"@type\":\"WebSite\",\"@id\":\"https:\\\/\\\/caraudioworld.eu\\\/cs\\\/#website\",\"url\":\"https:\\\/\\\/caraudioworld.eu\\\/cs\\\/\",\"name\":\"CARAUDIOWORLD\",\"description\":\"Audio Heaven\",\"publisher\":{\"@id\":\"https:\\\/\\\/caraudioworld.eu\\\/cs\\\/#organization\"},\"potentialAction\":[{\"@type\":\"SearchAction\",\"target\":{\"@type\":\"EntryPoint\",\"urlTemplate\":\"https:\\\/\\\/caraudioworld.eu\\\/cs\\\/?s={search_term_string}\"},\"query-input\":{\"@type\":\"PropertyValueSpecification\",\"valueRequired\":true,\"valueName\":\"search_term_string\"}}],\"inLanguage\":\"cs\"},{\"@type\":\"Organization\",\"@id\":\"https:\\\/\\\/caraudioworld.eu\\\/cs\\\/#organization\",\"name\":\"CARAUDIOWORLD.eu\",\"url\":\"https:\\\/\\\/caraudioworld.eu\\\/cs\\\/\",\"logo\":{\"@type\":\"ImageObject\",\"inLanguage\":\"cs\",\"@id\":\"https:\\\/\\\/caraudioworld.eu\\\/cs\\\/#\\\/schema\\\/logo\\\/image\\\/\",\"url\":\"https:\\\/\\\/caraudioworld.eu\\\/wp-content\\\/uploads\\\/2020\\\/10\\\/CAW_rounded.png\",\"contentUrl\":\"https:\\\/\\\/caraudioworld.eu\\\/wp-content\\\/uploads\\\/2020\\\/10\\\/CAW_rounded.png\",\"width\":510,\"height\":510,\"caption\":\"CARAUDIOWORLD.eu\"},\"image\":{\"@id\":\"https:\\\/\\\/caraudioworld.eu\\\/cs\\\/#\\\/schema\\\/logo\\\/image\\\/\"},\"sameAs\":[\"https:\\\/\\\/www.facebook.com\\\/caraudioworld.eu\",\"https:\\\/\\\/www.instagram.com\\\/caraudioworld.eu\\\/\"]}]}<\/script>\n<!-- \/ Yoast SEO plugin. -->","yoast_head_json":{"title":"Informace o doru\u010den\u00ed - CARAUDIOWORLD","description":"&#13; Toto je zoznam z\u00e1kladn\u00fdch inform\u00e1ci\u00ed, t\u00fdkaj\u00facich sa doru\u010denia tovaru. (Inform\u00e1cie sa m\u00f4\u017eu \u010dasom meni\u0165 na z\u00e1klade uv\u00e1\u017eenia vlastn\u00edka Eshop-u)&#13;","robots":{"index":"index","follow":"follow","max-snippet":"max-snippet:-1","max-image-preview":"max-image-preview:large","max-video-preview":"max-video-preview:-1"},"canonical":"https:\/\/caraudioworld.eu\/cs\/informace-o-doruceni\/","og_locale":"cs_CZ","og_type":"article","og_title":"Informace o doru\u010den\u00ed - CARAUDIOWORLD","og_description":"&#13; Toto je zoznam z\u00e1kladn\u00fdch inform\u00e1ci\u00ed, t\u00fdkaj\u00facich sa doru\u010denia tovaru. (Inform\u00e1cie sa m\u00f4\u017eu \u010dasom meni\u0165 na z\u00e1klade uv\u00e1\u017eenia vlastn\u00edka Eshop-u)&#13;","og_url":"https:\/\/caraudioworld.eu\/cs\/informace-o-doruceni\/","og_site_name":"CARAUDIOWORLD","article_publisher":"https:\/\/www.facebook.com\/caraudioworld.eu","article_modified_time":"2025-02-17T11:34:16+00:00","og_image":[{"width":510,"height":510,"url":"https:\/\/caraudioworld.eu\/wp-content\/uploads\/2020\/10\/CAW_rounded.png","type":"image\/png"}],"twitter_card":"summary_large_image","twitter_misc":{"Odhadovan\u00e1 doba \u010dten\u00ed":"2 minuty"},"schema":{"@context":"https:\/\/schema.org","@graph":[{"@type":"WebPage","@id":"https:\/\/caraudioworld.eu\/cs\/informace-o-doruceni\/","url":"https:\/\/caraudioworld.eu\/cs\/informace-o-doruceni\/","name":"Informace o doru\u010den\u00ed - CARAUDIOWORLD","isPartOf":{"@id":"https:\/\/caraudioworld.eu\/cs\/#website"},"datePublished":"2020-06-07T17:47:59+00:00","dateModified":"2025-02-17T11:34:16+00:00","description":"&#13; Toto je zoznam z\u00e1kladn\u00fdch inform\u00e1ci\u00ed, t\u00fdkaj\u00facich sa doru\u010denia tovaru. (Inform\u00e1cie sa m\u00f4\u017eu \u010dasom meni\u0165 na z\u00e1klade uv\u00e1\u017eenia vlastn\u00edka Eshop-u)&#13;","breadcrumb":{"@id":"https:\/\/caraudioworld.eu\/cs\/informace-o-doruceni\/#breadcrumb"},"inLanguage":"cs","potentialAction":[{"@type":"ReadAction","target":["https:\/\/caraudioworld.eu\/cs\/informace-o-doruceni\/"]}]},{"@type":"BreadcrumbList","@id":"https:\/\/caraudioworld.eu\/cs\/informace-o-doruceni\/#breadcrumb","itemListElement":[{"@type":"ListItem","position":1,"name":"Home","item":"https:\/\/caraudioworld.eu\/cs\/"},{"@type":"ListItem","position":2,"name":"Informace o doru\u010den\u00ed"}]},{"@type":"WebSite","@id":"https:\/\/caraudioworld.eu\/cs\/#website","url":"https:\/\/caraudioworld.eu\/cs\/","name":"CARAUDIOWORLD","description":"Audio Heaven","publisher":{"@id":"https:\/\/caraudioworld.eu\/cs\/#organization"},"potentialAction":[{"@type":"SearchAction","target":{"@type":"EntryPoint","urlTemplate":"https:\/\/caraudioworld.eu\/cs\/?s={search_term_string}"},"query-input":{"@type":"PropertyValueSpecification","valueRequired":true,"valueName":"search_term_string"}}],"inLanguage":"cs"},{"@type":"Organization","@id":"https:\/\/caraudioworld.eu\/cs\/#organization","name":"CARAUDIOWORLD.eu","url":"https:\/\/caraudioworld.eu\/cs\/","logo":{"@type":"ImageObject","inLanguage":"cs","@id":"https:\/\/caraudioworld.eu\/cs\/#\/schema\/logo\/image\/","url":"https:\/\/caraudioworld.eu\/wp-content\/uploads\/2020\/10\/CAW_rounded.png","contentUrl":"https:\/\/caraudioworld.eu\/wp-content\/uploads\/2020\/10\/CAW_rounded.png","width":510,"height":510,"caption":"CARAUDIOWORLD.eu"},"image":{"@id":"https:\/\/caraudioworld.eu\/cs\/#\/schema\/logo\/image\/"},"sameAs":["https:\/\/www.facebook.com\/caraudioworld.eu","https:\/\/www.instagram.com\/caraudioworld.eu\/"]}]}},"_links":{"self":[{"href":"https:\/\/caraudioworld.eu\/cs\/wp-json\/wp\/v2\/pages\/7321","targetHints":{"allow":["GET"]}}],"collection":[{"href":"https:\/\/caraudioworld.eu\/cs\/wp-json\/wp\/v2\/pages"}],"about":[{"href":"https:\/\/caraudioworld.eu\/cs\/wp-json\/wp\/v2\/types\/page"}],"author":[{"embeddable":true,"href":"https:\/\/caraudioworld.eu\/cs\/wp-json\/wp\/v2\/users\/1"}],"replies":[{"embeddable":true,"href":"https:\/\/caraudioworld.eu\/cs\/wp-json\/wp\/v2\/comments?post=7321"}],"version-history":[{"count":7,"href":"https:\/\/caraudioworld.eu\/cs\/wp-json\/wp\/v2\/pages\/7321\/revisions"}],"predecessor-version":[{"id":9978,"href":"https:\/\/caraudioworld.eu\/cs\/wp-json\/wp\/v2\/pages\/7321\/revisions\/9978"}],"wp:attachment":[{"href":"https:\/\/caraudioworld.eu\/cs\/wp-json\/wp\/v2\/media?parent=7321"}],"curies":[{"name":"wp","href":"https:\/\/api.w.org\/{rel}","templated":true}]}}