{"id":7324,"date":"2020-06-07T19:50:03","date_gmt":"2020-06-07T17:50:03","guid":{"rendered":"https:\/\/caraudioworld.eu\/kontaktujte-nas\/"},"modified":"2023-08-26T20:09:21","modified_gmt":"2023-08-26T18:09:21","slug":"kontaktujte-nas","status":"publish","type":"page","link":"https:\/\/caraudioworld.eu\/cs\/kontaktujte-nas\/","title":{"rendered":"Kontaktujte n\u00e1s"},"content":{"rendered":"<div class=\"wpb-content-wrapper\"><p>[vc_row][vc_column width=&#8220;1\/2&#8243; css=&#8220;.vc_custom_1572098379059{padding-top: 20px !important;}&#8220; offset=&#8220;vc_col-lg-offset-2 vc_col-lg-2&#8243;][vc_column_text]<span style=\"text-decoration: underline;\"><strong>V\u0161eobecn\u00e9 informace:<\/strong><\/span><\/p>\n<p>N\u00e1zev firmy: <strong>JEFIN s.r.o.<\/strong><\/p>\n<p>S\u00eddlo firmy a korespoden\u010dn\u00ed adresa:<br \/>\ntich\u00e1 2<br \/>\n048 01 Ro\u017e\u0148ava<\/p>\n<p>Telefon:<strong> 0950 598 496<\/strong><br \/>\nE-mail: <strong>info@caraudioworld.eu<\/strong>[\/vc_column_text][\/vc_column][vc_column width=&#8220;1\/2&#8243; css=&#8220;.vc_custom_1572098392965{padding-top: 20px !important;}&#8220; offset=&#8220;vc_col-lg-offset-2 vc_col-lg-2&#8243;][vc_column_text]<span style=\"text-decoration: underline;\"><strong>Faktura\u010dn\u00ed \u00fadaje:<\/strong><\/span><\/p>\n<p>\u010c\u00edslo \u00fa\u010dtu: <strong>SK57 7500 0000 0040 2184 3187<\/strong><br \/>\nSwift: <strong>CEKOSKBX<\/strong><br \/>\nBanka: <strong>\u010cSOB a.s.<\/strong><\/p>\n<p>I\u010cO: 46021884<br \/>\nDI\u010c:2023204524<br \/>\nI\u010c DPH: Sk2023204524[\/vc_column_text][\/vc_column][\/vc_row]<\/p>\n<\/div>","protected":false},"excerpt":{"rendered":"<p>[vc_row][vc_column width=&#8220;1\/2&#8243; css=&#8220;.vc_custom_1572098379059{padding-top: 20px !important;}&#8220; offset=&#8220;vc_col-lg-offset-2 vc_col-lg-2&#8243;][vc_column_text]V\u0161eobecn\u00e9 informace: N\u00e1zev firmy: JEFIN s.r.o. S\u00eddlo firmy a korespoden\u010dn\u00ed adresa: tich\u00e1 2 048 01 Ro\u017e\u0148ava Telefon: 0950 598 496 E-mail: info@caraudioworld.eu[\/vc_column_text][\/vc_column][vc_column width=&#8220;1\/2&#8243; css=&#8220;.vc_custom_1572098392965{padding-top: 20px !important;}&#8220; offset=&#8220;vc_col-lg-offset-2 vc_col-lg-2&#8243;][vc_column_text]Faktura\u010dn\u00ed \u00fadaje: \u010c\u00edslo \u00fa\u010dtu: SK57 7500 0000 0040 2184 3187 Swift: CEKOSKBX Banka: \u010cSOB a.s. I\u010cO: 46021884 DI\u010c:2023204524 I\u010c DPH: Sk2023204524[\/vc_column_text][\/vc_column][\/vc_row]<\/p>\n","protected":false},"author":1,"featured_media":0,"parent":0,"menu_order":0,"comment_status":"closed","ping_status":"closed","template":"","meta":{"footnotes":""},"class_list":["post-7324","page","type-page","status-publish","hentry"],"yoast_head":"<!-- This site is optimized with the Yoast SEO plugin v27.3 - https:\/\/yoast.com\/product\/yoast-seo-wordpress\/ -->\n<title>Kontaktujte n\u00e1s - CARAUDIOWORLD<\/title>\n<meta name=\"description\" content=\"V\u0161eobecn\u00e9 informace: N\u00e1zev firmy: JEFIN s.r.o. S\u00eddlo firmy a korespoden\u010dn\u00ed adresa: tich\u00e1 2 048 01 Ro\u017e\u0148ava Telefon: 0950 598 496 E-mail:\" \/>\n<meta name=\"robots\" content=\"index, follow, max-snippet:-1, max-image-preview:large, max-video-preview:-1\" \/>\n<link rel=\"canonical\" href=\"https:\/\/caraudioworld.eu\/cs\/kontaktujte-nas\/\" \/>\n<meta property=\"og:locale\" content=\"cs_CZ\" \/>\n<meta property=\"og:type\" content=\"article\" \/>\n<meta property=\"og:title\" content=\"Kontaktujte n\u00e1s - CARAUDIOWORLD\" \/>\n<meta property=\"og:description\" content=\"V\u0161eobecn\u00e9 informace: N\u00e1zev firmy: JEFIN s.r.o. S\u00eddlo firmy a korespoden\u010dn\u00ed adresa: tich\u00e1 2 048 01 Ro\u017e\u0148ava Telefon: 0950 598 496 E-mail:\" \/>\n<meta property=\"og:url\" content=\"https:\/\/caraudioworld.eu\/cs\/kontaktujte-nas\/\" \/>\n<meta property=\"og:site_name\" content=\"CARAUDIOWORLD\" \/>\n<meta property=\"article:publisher\" content=\"https:\/\/www.facebook.com\/caraudioworld.eu\" \/>\n<meta property=\"article:modified_time\" content=\"2023-08-26T18:09:21+00:00\" \/>\n<meta property=\"og:image\" content=\"https:\/\/caraudioworld.eu\/wp-content\/uploads\/2020\/10\/CAW_rounded.png\" \/>\n\t<meta property=\"og:image:width\" content=\"510\" \/>\n\t<meta property=\"og:image:height\" content=\"510\" \/>\n\t<meta property=\"og:image:type\" content=\"image\/png\" \/>\n<meta name=\"twitter:card\" content=\"summary_large_image\" \/>\n<script type=\"application\/ld+json\" class=\"yoast-schema-graph\">{\"@context\":\"https:\\\/\\\/schema.org\",\"@graph\":[{\"@type\":\"WebPage\",\"@id\":\"https:\\\/\\\/caraudioworld.eu\\\/cs\\\/kontaktujte-nas\\\/\",\"url\":\"https:\\\/\\\/caraudioworld.eu\\\/cs\\\/kontaktujte-nas\\\/\",\"name\":\"Kontaktujte n\u00e1s - CARAUDIOWORLD\",\"isPartOf\":{\"@id\":\"https:\\\/\\\/caraudioworld.eu\\\/cs\\\/#website\"},\"datePublished\":\"2020-06-07T17:50:03+00:00\",\"dateModified\":\"2023-08-26T18:09:21+00:00\",\"description\":\"V\u0161eobecn\u00e9 informace: N\u00e1zev firmy: JEFIN s.r.o. S\u00eddlo firmy a korespoden\u010dn\u00ed adresa: tich\u00e1 2 048 01 Ro\u017e\u0148ava Telefon: 0950 598 496 E-mail:\",\"breadcrumb\":{\"@id\":\"https:\\\/\\\/caraudioworld.eu\\\/cs\\\/kontaktujte-nas\\\/#breadcrumb\"},\"inLanguage\":\"cs\",\"potentialAction\":[{\"@type\":\"ReadAction\",\"target\":[\"https:\\\/\\\/caraudioworld.eu\\\/cs\\\/kontaktujte-nas\\\/\"]}]},{\"@type\":\"BreadcrumbList\",\"@id\":\"https:\\\/\\\/caraudioworld.eu\\\/cs\\\/kontaktujte-nas\\\/#breadcrumb\",\"itemListElement\":[{\"@type\":\"ListItem\",\"position\":1,\"name\":\"Home\",\"item\":\"https:\\\/\\\/caraudioworld.eu\\\/cs\\\/\"},{\"@type\":\"ListItem\",\"position\":2,\"name\":\"Kontaktujte n\u00e1s\"}]},{\"@type\":\"WebSite\",\"@id\":\"https:\\\/\\\/caraudioworld.eu\\\/cs\\\/#website\",\"url\":\"https:\\\/\\\/caraudioworld.eu\\\/cs\\\/\",\"name\":\"CARAUDIOWORLD\",\"description\":\"Audio Heaven\",\"publisher\":{\"@id\":\"https:\\\/\\\/caraudioworld.eu\\\/cs\\\/#organization\"},\"potentialAction\":[{\"@type\":\"SearchAction\",\"target\":{\"@type\":\"EntryPoint\",\"urlTemplate\":\"https:\\\/\\\/caraudioworld.eu\\\/cs\\\/?s={search_term_string}\"},\"query-input\":{\"@type\":\"PropertyValueSpecification\",\"valueRequired\":true,\"valueName\":\"search_term_string\"}}],\"inLanguage\":\"cs\"},{\"@type\":\"Organization\",\"@id\":\"https:\\\/\\\/caraudioworld.eu\\\/cs\\\/#organization\",\"name\":\"CARAUDIOWORLD.eu\",\"url\":\"https:\\\/\\\/caraudioworld.eu\\\/cs\\\/\",\"logo\":{\"@type\":\"ImageObject\",\"inLanguage\":\"cs\",\"@id\":\"https:\\\/\\\/caraudioworld.eu\\\/cs\\\/#\\\/schema\\\/logo\\\/image\\\/\",\"url\":\"https:\\\/\\\/caraudioworld.eu\\\/wp-content\\\/uploads\\\/2020\\\/10\\\/CAW_rounded.png\",\"contentUrl\":\"https:\\\/\\\/caraudioworld.eu\\\/wp-content\\\/uploads\\\/2020\\\/10\\\/CAW_rounded.png\",\"width\":510,\"height\":510,\"caption\":\"CARAUDIOWORLD.eu\"},\"image\":{\"@id\":\"https:\\\/\\\/caraudioworld.eu\\\/cs\\\/#\\\/schema\\\/logo\\\/image\\\/\"},\"sameAs\":[\"https:\\\/\\\/www.facebook.com\\\/caraudioworld.eu\",\"https:\\\/\\\/www.instagram.com\\\/caraudioworld.eu\\\/\"]}]}<\/script>\n<!-- \/ Yoast SEO plugin. -->","yoast_head_json":{"title":"Kontaktujte n\u00e1s - CARAUDIOWORLD","description":"V\u0161eobecn\u00e9 informace: N\u00e1zev firmy: JEFIN s.r.o. S\u00eddlo firmy a korespoden\u010dn\u00ed adresa: tich\u00e1 2 048 01 Ro\u017e\u0148ava Telefon: 0950 598 496 E-mail:","robots":{"index":"index","follow":"follow","max-snippet":"max-snippet:-1","max-image-preview":"max-image-preview:large","max-video-preview":"max-video-preview:-1"},"canonical":"https:\/\/caraudioworld.eu\/cs\/kontaktujte-nas\/","og_locale":"cs_CZ","og_type":"article","og_title":"Kontaktujte n\u00e1s - CARAUDIOWORLD","og_description":"V\u0161eobecn\u00e9 informace: N\u00e1zev firmy: JEFIN s.r.o. S\u00eddlo firmy a korespoden\u010dn\u00ed adresa: tich\u00e1 2 048 01 Ro\u017e\u0148ava Telefon: 0950 598 496 E-mail:","og_url":"https:\/\/caraudioworld.eu\/cs\/kontaktujte-nas\/","og_site_name":"CARAUDIOWORLD","article_publisher":"https:\/\/www.facebook.com\/caraudioworld.eu","article_modified_time":"2023-08-26T18:09:21+00:00","og_image":[{"width":510,"height":510,"url":"https:\/\/caraudioworld.eu\/wp-content\/uploads\/2020\/10\/CAW_rounded.png","type":"image\/png"}],"twitter_card":"summary_large_image","schema":{"@context":"https:\/\/schema.org","@graph":[{"@type":"WebPage","@id":"https:\/\/caraudioworld.eu\/cs\/kontaktujte-nas\/","url":"https:\/\/caraudioworld.eu\/cs\/kontaktujte-nas\/","name":"Kontaktujte n\u00e1s - CARAUDIOWORLD","isPartOf":{"@id":"https:\/\/caraudioworld.eu\/cs\/#website"},"datePublished":"2020-06-07T17:50:03+00:00","dateModified":"2023-08-26T18:09:21+00:00","description":"V\u0161eobecn\u00e9 informace: N\u00e1zev firmy: JEFIN s.r.o. S\u00eddlo firmy a korespoden\u010dn\u00ed adresa: tich\u00e1 2 048 01 Ro\u017e\u0148ava Telefon: 0950 598 496 E-mail:","breadcrumb":{"@id":"https:\/\/caraudioworld.eu\/cs\/kontaktujte-nas\/#breadcrumb"},"inLanguage":"cs","potentialAction":[{"@type":"ReadAction","target":["https:\/\/caraudioworld.eu\/cs\/kontaktujte-nas\/"]}]},{"@type":"BreadcrumbList","@id":"https:\/\/caraudioworld.eu\/cs\/kontaktujte-nas\/#breadcrumb","itemListElement":[{"@type":"ListItem","position":1,"name":"Home","item":"https:\/\/caraudioworld.eu\/cs\/"},{"@type":"ListItem","position":2,"name":"Kontaktujte n\u00e1s"}]},{"@type":"WebSite","@id":"https:\/\/caraudioworld.eu\/cs\/#website","url":"https:\/\/caraudioworld.eu\/cs\/","name":"CARAUDIOWORLD","description":"Audio Heaven","publisher":{"@id":"https:\/\/caraudioworld.eu\/cs\/#organization"},"potentialAction":[{"@type":"SearchAction","target":{"@type":"EntryPoint","urlTemplate":"https:\/\/caraudioworld.eu\/cs\/?s={search_term_string}"},"query-input":{"@type":"PropertyValueSpecification","valueRequired":true,"valueName":"search_term_string"}}],"inLanguage":"cs"},{"@type":"Organization","@id":"https:\/\/caraudioworld.eu\/cs\/#organization","name":"CARAUDIOWORLD.eu","url":"https:\/\/caraudioworld.eu\/cs\/","logo":{"@type":"ImageObject","inLanguage":"cs","@id":"https:\/\/caraudioworld.eu\/cs\/#\/schema\/logo\/image\/","url":"https:\/\/caraudioworld.eu\/wp-content\/uploads\/2020\/10\/CAW_rounded.png","contentUrl":"https:\/\/caraudioworld.eu\/wp-content\/uploads\/2020\/10\/CAW_rounded.png","width":510,"height":510,"caption":"CARAUDIOWORLD.eu"},"image":{"@id":"https:\/\/caraudioworld.eu\/cs\/#\/schema\/logo\/image\/"},"sameAs":["https:\/\/www.facebook.com\/caraudioworld.eu","https:\/\/www.instagram.com\/caraudioworld.eu\/"]}]}},"_links":{"self":[{"href":"https:\/\/caraudioworld.eu\/cs\/wp-json\/wp\/v2\/pages\/7324","targetHints":{"allow":["GET"]}}],"collection":[{"href":"https:\/\/caraudioworld.eu\/cs\/wp-json\/wp\/v2\/pages"}],"about":[{"href":"https:\/\/caraudioworld.eu\/cs\/wp-json\/wp\/v2\/types\/page"}],"author":[{"embeddable":true,"href":"https:\/\/caraudioworld.eu\/cs\/wp-json\/wp\/v2\/users\/1"}],"replies":[{"embeddable":true,"href":"https:\/\/caraudioworld.eu\/cs\/wp-json\/wp\/v2\/comments?post=7324"}],"version-history":[{"count":4,"href":"https:\/\/caraudioworld.eu\/cs\/wp-json\/wp\/v2\/pages\/7324\/revisions"}],"predecessor-version":[{"id":9866,"href":"https:\/\/caraudioworld.eu\/cs\/wp-json\/wp\/v2\/pages\/7324\/revisions\/9866"}],"wp:attachment":[{"href":"https:\/\/caraudioworld.eu\/cs\/wp-json\/wp\/v2\/media?parent=7324"}],"curies":[{"name":"wp","href":"https:\/\/api.w.org\/{rel}","templated":true}]}}