{"id":7332,"date":"2020-06-07T19:59:44","date_gmt":"2020-06-07T17:59:44","guid":{"rendered":"https:\/\/caraudioworld.eu\/zasady-ochrany-osobnich-udaju\/"},"modified":"2020-06-07T21:27:10","modified_gmt":"2020-06-07T19:27:10","slug":"zasady-ochrany-osobnich-udaju","status":"publish","type":"page","link":"https:\/\/caraudioworld.eu\/cs\/zasady-ochrany-osobnich-udaju\/","title":{"rendered":"Z\u00e1sady ochrany osobn\u00edch \u00fadaj\u016f"},"content":{"rendered":"<div class=\"wpb-content-wrapper\"><p>[vc_row][vc_column offset=&#8220;vc_col-lg-offset-2 vc_col-lg-8 vc_col-md-offset-1 vc_col-md-10 vc_col-xs-offset-1 vc_col-xs-10&#8243; css=&#8220;.vc_custom_1571857682074{padding-top: 25px !important;}&#8220;][vc_column_text]<span style=\"text-decoration: underline;\"><strong>Jak\u00e9 osobn\u00ed \u00fadaje z\u00edsk\u00e1v\u00e1me a pro\u010d jejich sb\u00edr\u00e1me:<\/strong><\/span><\/p>\n<p><strong>Koment\u00e1\u0159e<\/strong><br \/>\nKdy\u017e n\u00e1v\u0161t\u011bvn\u00edci webu zanech\u00e1v\u00e1 na str\u00e1nce koment\u00e1\u0159\u016f sb\u00edr\u00e1me \u00fadaje, kter\u00e9 jsou zobrazeny ve formul\u00e1\u0159i koment\u00e1\u0159e a tak\u00e9 IP adresu u\u017eivatele a user-agent prohl\u00ed\u017ee\u010de z d\u016fvodu ochrany proti spamu.<\/p>\n<p>Anonymizovan\u00fdch \u0159et\u011bzec vytvo\u0159en\u00fd z va\u0161\u00ed e-mailov\u00e9 adresy (naz\u00fdvan\u00fd tak\u00e9 hash) m\u016f\u017ee b\u00fdt poskytnut slu\u017eb\u011b Gravatar pro ov\u011b\u0159en\u00ed, zda ji pou\u017e\u00edv\u00e1te. Z\u00e1sady ochrany osobn\u00edch \u00fadaj\u016f slu\u017eby Gravatar najdete na: https:\/\/automattic.com\/privacy\/. Po schv\u00e1len\u00ed va\u0161eho koment\u00e1\u0159e bude va\u0161e profilov\u00e1 fotografie ve\u0159ejn\u011b zobrazena spolu s obsahem va\u0161eho koment\u00e1\u0159e.<\/p>\n<p><strong>Multim\u00e9dia<\/strong><br \/>\nP\u0159i nahr\u00e1v\u00e1n\u00ed obr\u00e1zk\u016f na webovou str\u00e1nku byste se m\u011bli vyhnout nahr\u00e1v\u00e1n\u00ed obr\u00e1zk\u016f s EXIF \u200b\u200bGPS \u00fadaji o poloze. N\u00e1v\u0161t\u011bvn\u00edci webu mohou st\u00e1hnout a zobrazit ve\u0161ker\u00e9 \u00fadaje o poloze z obr\u00e1zk\u016f.<\/p>\n<p><strong>Soubory cookies<\/strong><br \/>\nPokud p\u0159id\u00e1te koment\u00e1\u0159 na na\u0161\u00ed str\u00e1nce, m\u016f\u017eete souhlasit s ulo\u017een\u00edm va\u0161eho jm\u00e9na, e-mailov\u00e9 adresy a webov\u00e9 str\u00e1nky do soubor\u016f cookies. Je to pro va\u0161e pohodl\u00ed, abyste nemuseli znovu vypl\u0148ovat va\u0161e \u00fadaje znovu p\u0159i p\u0159id\u00e1v\u00e1n\u00ed dal\u0161\u00edho koment\u00e1\u0159e. Tyto soubory cookies jsou platn\u00e9 jeden rok.<\/p>\n<p>Pokud nav\u0161t\u00edv\u00edte na\u0161i str\u00e1nku p\u0159ihl\u00e1\u0161en\u00ed, ulo\u017e\u00edme do\u010dasn\u00e9 soubory cookies k ur\u010den\u00ed toho, zda v\u00e1\u0161 prohl\u00ed\u017ee\u010d akceptuje cookies. Tyto soubory cookies neobsahuj\u00ed \u017e\u00e1dn\u00e9 osobn\u00ed \u00fadaje a jsou odstran\u011bny p\u0159i zav\u0159en\u00ed prohl\u00ed\u017ee\u010de.<\/p>\n<p>P\u0159i p\u0159ihl\u00e1\u0161en\u00ed nastav\u00edme n\u011bkolik soubor\u016f cookies, abychom ulo\u017eili va\u0161e p\u0159ihla\u0161ovac\u00ed \u00fadaje a nastaven\u00ed zobrazen\u00ed. P\u0159ihla\u0161ovac\u00ed cookies jsou platn\u00e9 dva dny a nastaven\u00ed zobrazen\u00ed jeden rok. Pokud zvol\u00edte &#8222;zapamatovat&#8220;, va\u0161e p\u0159ihl\u00e1\u0161en\u00ed bude platn\u00e9 dva t\u00fddny. P\u0159i odhl\u00e1\u0161en\u00ed se z \u00fa\u010dtu jsou soubory cookies odstran\u011bny.<\/p>\n<p>P\u0159i \u00faprav\u011b nebo publikov\u00e1n\u00ed \u010dl\u00e1nku budou v prohl\u00ed\u017ee\u010di ulo\u017een\u00e9 dodate\u010dn\u00e9 soubory cookies. Tyto soubory cookies neobsahuj\u00ed \u017e\u00e1dn\u00e9 osobn\u00ed \u00fadaje a odkazuj\u00ed pouze na ID \u010dl\u00e1nku, kter\u00fd jste upravovali. Soubory jsou platn\u00e9 1 den.<\/p>\n<p><strong>Vlo\u017een\u00fd obsah z jin\u00fdch webov\u00fdch str\u00e1nek<\/strong><br \/>\n\u010cl\u00e1nky na t\u00e9to webov\u00e9 str\u00e1nce mohou obsahovat vlo\u017een\u00fd obsah (nap\u0159. Videa, obr\u00e1zky, \u010dl\u00e1nky a podobn\u011b). Vlo\u017een\u00fd obsah z jin\u00fdch str\u00e1nek se chov\u00e1 stejn\u011b, jakoby n\u00e1v\u0161t\u011bvn\u00edk nav\u0161t\u00edvil jinou webovou str\u00e1nku.<\/p>\n<p>Tyto webov\u00e9 str\u00e1nky mohou o v\u00e1s shroma\u017e\u010fovat osobn\u00ed \u00fadaje, pou\u017e\u00edvat soubory cookies, vkl\u00e1dat t\u0159et\u00ed-strann\u00e9 sledov\u00e1n\u00ed a monitorovat va\u0161i interakci s vlo\u017een\u00fdm obsahem, v\u010detn\u011b sledov\u00e1n\u00ed va\u0161\u00ed interakce s vlo\u017een\u00fdm obsahem, pokud na dan\u00e9 webov\u00e9 str\u00e1nce m\u00e1te \u00fa\u010det a jste p\u0159ihl\u00e1\u0161eni.<\/p>\n<p><strong>Jak dlouho uchov\u00e1v\u00e1me va\u0161e \u00fadaje:<\/strong><br \/>\nP\u0159i p\u0159id\u00e1v\u00e1n\u00ed koment\u00e1\u0159e, koment\u00e1\u0159 a jeho metadata jsou uchov\u00e1v\u00e1ny odd\u011blen\u011b. D\u00edky tomu v\u00edme automaticky rozpoznat a schv\u00e1lit jak\u00e9koliv souvisej\u00edc\u00ed koment\u00e1\u0159e, ani\u017e musely b\u00fdt dr\u017eeno na modera\u010dn\u00ed.<\/p>\n<p>Pro u\u017eivatele, kte\u0159\u00ed se zaregistruj\u00ed na na\u0161ich webov\u00fdch str\u00e1nk\u00e1ch (pokud takov\u00ed existuj\u00ed), ukl\u00e1d\u00e1me i osobn\u00ed \u00fadaje, kter\u00e9 poskytuj\u00ed, do jejich u\u017eivatelsk\u00e9ho profilu. V\u0161ichni u\u017eivatel\u00e9 mohou kdykoli zobrazit, upravit nebo odstranit sv\u00e9 osobn\u00ed \u00fadaje (krom\u011b zm\u011bny u\u017eivatelsk\u00e9ho). Spr\u00e1vci webov\u00fdch str\u00e1nek tak\u00e9 mohou zobrazit a upravit tyto informace.<\/p>\n<p><strong>Jak\u00e1 pr\u00e1va m\u00e1te nad sv\u00fdmi \u00fadaji:<\/strong><br \/>\nPokud na t\u00e9to webov\u00e9 str\u00e1nce m\u00e1te \u00fa\u010det, nebo jste zde p\u0159idali koment\u00e1\u0159, m\u016f\u017eete po\u017e\u00e1dat o export va\u0161ich osobn\u00edch \u00fadaj\u016f, kter\u00e9 o v\u00e1s ukl\u00e1d\u00e1me, v\u010detn\u011b \u00fadaj\u016f, kter\u00e9 jste n\u00e1m poskytli. M\u016f\u017eete stejn\u011b po\u017e\u00e1dat o vymaz\u00e1n\u00ed osobn\u00edch \u00fadaj\u016f. To se ale net\u00fdk\u00e1 \u00fadaj\u016f, kter\u00e9 o v\u00e1s mus\u00edme uchov\u00e1vat z administrativn\u00edch, pr\u00e1vn\u00edch nebo bezpe\u010dnostn\u00edch d\u016fvod\u016f.<\/p>\n<p><strong>Kam pos\u00edl\u00e1me va\u0161e \u00fadaje:<\/strong><br \/>\nKoment\u00e1\u0159e n\u00e1v\u0161t\u011bvn\u00edk\u016f mohou b\u00fdt kontrolov\u00e1ny prost\u0159ednictv\u00edm automatizovan\u00e9 slu\u017eby pro detekci spamu.<\/p>\n<p><strong>Va\u0161e kontaktn\u00ed informace:<\/strong><br \/>\nVa\u0161e kontaktn\u00ed informace jsou zpracov\u00e1v\u00e1ny kv\u016fli vy\u0159\u00edzen\u00ed objedn\u00e1vky a n\u00e1sledn\u00e9ho doru\u010den\u00ed produktu osob\u011b, kter\u00e1 si ho objednala. \u00dadaje neposkytujeme t\u0159et\u00edm stran\u00e1m.<\/p>\n<p><strong>Jak chr\u00e1n\u00edme va\u0161e \u00fadaje:<\/strong><br \/>\nStr\u00e1nka je zabezpe\u010dena SSL certifik\u00e1tem, zad\u00e1van\u00e9 osobn\u00ed \u00fadaje jsou p\u0159i komunikaci \u0161ifrovan\u00e9.[\/vc_column_text][\/vc_column][\/vc_row]<\/p>\n<\/div>","protected":false},"excerpt":{"rendered":"<p>[vc_row][vc_column offset=&#8220;vc_col-lg-offset-2 vc_col-lg-8 vc_col-md-offset-1 vc_col-md-10 vc_col-xs-offset-1 vc_col-xs-10&#8243; css=&#8220;.vc_custom_1571857682074{padding-top: 25px !important;}&#8220;][vc_column_text]Jak\u00e9 osobn\u00ed \u00fadaje z\u00edsk\u00e1v\u00e1me a pro\u010d jejich sb\u00edr\u00e1me: Koment\u00e1\u0159e Kdy\u017e n\u00e1v\u0161t\u011bvn\u00edci webu zanech\u00e1v\u00e1 na str\u00e1nce koment\u00e1\u0159\u016f sb\u00edr\u00e1me \u00fadaje, kter\u00e9 jsou zobrazeny ve formul\u00e1\u0159i koment\u00e1\u0159e a tak\u00e9 IP adresu u\u017eivatele a user-agent prohl\u00ed\u017ee\u010de z d\u016fvodu ochrany proti spamu. Anonymizovan\u00fdch \u0159et\u011bzec vytvo\u0159en\u00fd z va\u0161\u00ed e-mailov\u00e9 adresy (naz\u00fdvan\u00fd tak\u00e9 [&hellip;]<\/p>\n","protected":false},"author":1,"featured_media":0,"parent":0,"menu_order":0,"comment_status":"closed","ping_status":"open","template":"","meta":{"footnotes":""},"class_list":["post-7332","page","type-page","status-publish","hentry"],"yoast_head":"<!-- This site is optimized with the Yoast SEO plugin v27.3 - https:\/\/yoast.com\/product\/yoast-seo-wordpress\/ -->\n<title>Z\u00e1sady ochrany osobn\u00edch \u00fadaj\u016f - CARAUDIOWORLD<\/title>\n<meta name=\"description\" content=\"Jak\u00e9 osobn\u00ed \u00fadaje z\u00edsk\u00e1v\u00e1me a pro\u010d jejich sb\u00edr\u00e1me: Koment\u00e1\u0159e Kdy\u017e n\u00e1v\u0161t\u011bvn\u00edci webu zanech\u00e1v\u00e1 na str\u00e1nce koment\u00e1\u0159\u016f sb\u00edr\u00e1me \u00fadaje, kter\u00e9 jsou zobrazeny ve\" \/>\n<meta name=\"robots\" content=\"index, follow, max-snippet:-1, max-image-preview:large, max-video-preview:-1\" \/>\n<link rel=\"canonical\" href=\"https:\/\/caraudioworld.eu\/cs\/zasady-ochrany-osobnich-udaju\/\" \/>\n<meta property=\"og:locale\" content=\"cs_CZ\" \/>\n<meta property=\"og:type\" content=\"article\" \/>\n<meta property=\"og:title\" content=\"Z\u00e1sady ochrany osobn\u00edch \u00fadaj\u016f - CARAUDIOWORLD\" \/>\n<meta property=\"og:description\" content=\"Jak\u00e9 osobn\u00ed \u00fadaje z\u00edsk\u00e1v\u00e1me a pro\u010d jejich sb\u00edr\u00e1me: Koment\u00e1\u0159e Kdy\u017e n\u00e1v\u0161t\u011bvn\u00edci webu zanech\u00e1v\u00e1 na str\u00e1nce koment\u00e1\u0159\u016f sb\u00edr\u00e1me \u00fadaje, kter\u00e9 jsou zobrazeny ve\" \/>\n<meta property=\"og:url\" content=\"https:\/\/caraudioworld.eu\/cs\/zasady-ochrany-osobnich-udaju\/\" \/>\n<meta property=\"og:site_name\" content=\"CARAUDIOWORLD\" \/>\n<meta property=\"article:publisher\" content=\"https:\/\/www.facebook.com\/caraudioworld.eu\" \/>\n<meta property=\"article:modified_time\" content=\"2020-06-07T19:27:10+00:00\" \/>\n<meta property=\"og:image\" content=\"https:\/\/caraudioworld.eu\/wp-content\/uploads\/2020\/10\/CAW_rounded.png\" \/>\n\t<meta property=\"og:image:width\" content=\"510\" \/>\n\t<meta property=\"og:image:height\" content=\"510\" \/>\n\t<meta property=\"og:image:type\" content=\"image\/png\" \/>\n<meta name=\"twitter:card\" content=\"summary_large_image\" \/>\n<meta name=\"twitter:label1\" content=\"Odhadovan\u00e1 doba \u010dten\u00ed\" \/>\n\t<meta name=\"twitter:data1\" content=\"4 minuty\" \/>\n<script type=\"application\/ld+json\" class=\"yoast-schema-graph\">{\"@context\":\"https:\\\/\\\/schema.org\",\"@graph\":[{\"@type\":\"WebPage\",\"@id\":\"https:\\\/\\\/caraudioworld.eu\\\/cs\\\/zasady-ochrany-osobnich-udaju\\\/\",\"url\":\"https:\\\/\\\/caraudioworld.eu\\\/cs\\\/zasady-ochrany-osobnich-udaju\\\/\",\"name\":\"Z\u00e1sady ochrany osobn\u00edch \u00fadaj\u016f - CARAUDIOWORLD\",\"isPartOf\":{\"@id\":\"https:\\\/\\\/caraudioworld.eu\\\/cs\\\/#website\"},\"datePublished\":\"2020-06-07T17:59:44+00:00\",\"dateModified\":\"2020-06-07T19:27:10+00:00\",\"description\":\"Jak\u00e9 osobn\u00ed \u00fadaje z\u00edsk\u00e1v\u00e1me a pro\u010d jejich sb\u00edr\u00e1me: Koment\u00e1\u0159e Kdy\u017e n\u00e1v\u0161t\u011bvn\u00edci webu zanech\u00e1v\u00e1 na str\u00e1nce koment\u00e1\u0159\u016f sb\u00edr\u00e1me \u00fadaje, kter\u00e9 jsou zobrazeny ve\",\"breadcrumb\":{\"@id\":\"https:\\\/\\\/caraudioworld.eu\\\/cs\\\/zasady-ochrany-osobnich-udaju\\\/#breadcrumb\"},\"inLanguage\":\"cs\",\"potentialAction\":[{\"@type\":\"ReadAction\",\"target\":[\"https:\\\/\\\/caraudioworld.eu\\\/cs\\\/zasady-ochrany-osobnich-udaju\\\/\"]}]},{\"@type\":\"BreadcrumbList\",\"@id\":\"https:\\\/\\\/caraudioworld.eu\\\/cs\\\/zasady-ochrany-osobnich-udaju\\\/#breadcrumb\",\"itemListElement\":[{\"@type\":\"ListItem\",\"position\":1,\"name\":\"Home\",\"item\":\"https:\\\/\\\/caraudioworld.eu\\\/cs\\\/\"},{\"@type\":\"ListItem\",\"position\":2,\"name\":\"Z\u00e1sady ochrany osobn\u00edch \u00fadaj\u016f\"}]},{\"@type\":\"WebSite\",\"@id\":\"https:\\\/\\\/caraudioworld.eu\\\/cs\\\/#website\",\"url\":\"https:\\\/\\\/caraudioworld.eu\\\/cs\\\/\",\"name\":\"CARAUDIOWORLD\",\"description\":\"Audio Heaven\",\"publisher\":{\"@id\":\"https:\\\/\\\/caraudioworld.eu\\\/cs\\\/#organization\"},\"potentialAction\":[{\"@type\":\"SearchAction\",\"target\":{\"@type\":\"EntryPoint\",\"urlTemplate\":\"https:\\\/\\\/caraudioworld.eu\\\/cs\\\/?s={search_term_string}\"},\"query-input\":{\"@type\":\"PropertyValueSpecification\",\"valueRequired\":true,\"valueName\":\"search_term_string\"}}],\"inLanguage\":\"cs\"},{\"@type\":\"Organization\",\"@id\":\"https:\\\/\\\/caraudioworld.eu\\\/cs\\\/#organization\",\"name\":\"CARAUDIOWORLD.eu\",\"url\":\"https:\\\/\\\/caraudioworld.eu\\\/cs\\\/\",\"logo\":{\"@type\":\"ImageObject\",\"inLanguage\":\"cs\",\"@id\":\"https:\\\/\\\/caraudioworld.eu\\\/cs\\\/#\\\/schema\\\/logo\\\/image\\\/\",\"url\":\"https:\\\/\\\/caraudioworld.eu\\\/wp-content\\\/uploads\\\/2020\\\/10\\\/CAW_rounded.png\",\"contentUrl\":\"https:\\\/\\\/caraudioworld.eu\\\/wp-content\\\/uploads\\\/2020\\\/10\\\/CAW_rounded.png\",\"width\":510,\"height\":510,\"caption\":\"CARAUDIOWORLD.eu\"},\"image\":{\"@id\":\"https:\\\/\\\/caraudioworld.eu\\\/cs\\\/#\\\/schema\\\/logo\\\/image\\\/\"},\"sameAs\":[\"https:\\\/\\\/www.facebook.com\\\/caraudioworld.eu\",\"https:\\\/\\\/www.instagram.com\\\/caraudioworld.eu\\\/\"]}]}<\/script>\n<!-- \/ Yoast SEO plugin. -->","yoast_head_json":{"title":"Z\u00e1sady ochrany osobn\u00edch \u00fadaj\u016f - CARAUDIOWORLD","description":"Jak\u00e9 osobn\u00ed \u00fadaje z\u00edsk\u00e1v\u00e1me a pro\u010d jejich sb\u00edr\u00e1me: Koment\u00e1\u0159e Kdy\u017e n\u00e1v\u0161t\u011bvn\u00edci webu zanech\u00e1v\u00e1 na str\u00e1nce koment\u00e1\u0159\u016f sb\u00edr\u00e1me \u00fadaje, kter\u00e9 jsou zobrazeny ve","robots":{"index":"index","follow":"follow","max-snippet":"max-snippet:-1","max-image-preview":"max-image-preview:large","max-video-preview":"max-video-preview:-1"},"canonical":"https:\/\/caraudioworld.eu\/cs\/zasady-ochrany-osobnich-udaju\/","og_locale":"cs_CZ","og_type":"article","og_title":"Z\u00e1sady ochrany osobn\u00edch \u00fadaj\u016f - CARAUDIOWORLD","og_description":"Jak\u00e9 osobn\u00ed \u00fadaje z\u00edsk\u00e1v\u00e1me a pro\u010d jejich sb\u00edr\u00e1me: Koment\u00e1\u0159e Kdy\u017e n\u00e1v\u0161t\u011bvn\u00edci webu zanech\u00e1v\u00e1 na str\u00e1nce koment\u00e1\u0159\u016f sb\u00edr\u00e1me \u00fadaje, kter\u00e9 jsou zobrazeny ve","og_url":"https:\/\/caraudioworld.eu\/cs\/zasady-ochrany-osobnich-udaju\/","og_site_name":"CARAUDIOWORLD","article_publisher":"https:\/\/www.facebook.com\/caraudioworld.eu","article_modified_time":"2020-06-07T19:27:10+00:00","og_image":[{"width":510,"height":510,"url":"https:\/\/caraudioworld.eu\/wp-content\/uploads\/2020\/10\/CAW_rounded.png","type":"image\/png"}],"twitter_card":"summary_large_image","twitter_misc":{"Odhadovan\u00e1 doba \u010dten\u00ed":"4 minuty"},"schema":{"@context":"https:\/\/schema.org","@graph":[{"@type":"WebPage","@id":"https:\/\/caraudioworld.eu\/cs\/zasady-ochrany-osobnich-udaju\/","url":"https:\/\/caraudioworld.eu\/cs\/zasady-ochrany-osobnich-udaju\/","name":"Z\u00e1sady ochrany osobn\u00edch \u00fadaj\u016f - CARAUDIOWORLD","isPartOf":{"@id":"https:\/\/caraudioworld.eu\/cs\/#website"},"datePublished":"2020-06-07T17:59:44+00:00","dateModified":"2020-06-07T19:27:10+00:00","description":"Jak\u00e9 osobn\u00ed \u00fadaje z\u00edsk\u00e1v\u00e1me a pro\u010d jejich sb\u00edr\u00e1me: Koment\u00e1\u0159e Kdy\u017e n\u00e1v\u0161t\u011bvn\u00edci webu zanech\u00e1v\u00e1 na str\u00e1nce koment\u00e1\u0159\u016f sb\u00edr\u00e1me \u00fadaje, kter\u00e9 jsou zobrazeny ve","breadcrumb":{"@id":"https:\/\/caraudioworld.eu\/cs\/zasady-ochrany-osobnich-udaju\/#breadcrumb"},"inLanguage":"cs","potentialAction":[{"@type":"ReadAction","target":["https:\/\/caraudioworld.eu\/cs\/zasady-ochrany-osobnich-udaju\/"]}]},{"@type":"BreadcrumbList","@id":"https:\/\/caraudioworld.eu\/cs\/zasady-ochrany-osobnich-udaju\/#breadcrumb","itemListElement":[{"@type":"ListItem","position":1,"name":"Home","item":"https:\/\/caraudioworld.eu\/cs\/"},{"@type":"ListItem","position":2,"name":"Z\u00e1sady ochrany osobn\u00edch \u00fadaj\u016f"}]},{"@type":"WebSite","@id":"https:\/\/caraudioworld.eu\/cs\/#website","url":"https:\/\/caraudioworld.eu\/cs\/","name":"CARAUDIOWORLD","description":"Audio Heaven","publisher":{"@id":"https:\/\/caraudioworld.eu\/cs\/#organization"},"potentialAction":[{"@type":"SearchAction","target":{"@type":"EntryPoint","urlTemplate":"https:\/\/caraudioworld.eu\/cs\/?s={search_term_string}"},"query-input":{"@type":"PropertyValueSpecification","valueRequired":true,"valueName":"search_term_string"}}],"inLanguage":"cs"},{"@type":"Organization","@id":"https:\/\/caraudioworld.eu\/cs\/#organization","name":"CARAUDIOWORLD.eu","url":"https:\/\/caraudioworld.eu\/cs\/","logo":{"@type":"ImageObject","inLanguage":"cs","@id":"https:\/\/caraudioworld.eu\/cs\/#\/schema\/logo\/image\/","url":"https:\/\/caraudioworld.eu\/wp-content\/uploads\/2020\/10\/CAW_rounded.png","contentUrl":"https:\/\/caraudioworld.eu\/wp-content\/uploads\/2020\/10\/CAW_rounded.png","width":510,"height":510,"caption":"CARAUDIOWORLD.eu"},"image":{"@id":"https:\/\/caraudioworld.eu\/cs\/#\/schema\/logo\/image\/"},"sameAs":["https:\/\/www.facebook.com\/caraudioworld.eu","https:\/\/www.instagram.com\/caraudioworld.eu\/"]}]}},"_links":{"self":[{"href":"https:\/\/caraudioworld.eu\/cs\/wp-json\/wp\/v2\/pages\/7332","targetHints":{"allow":["GET"]}}],"collection":[{"href":"https:\/\/caraudioworld.eu\/cs\/wp-json\/wp\/v2\/pages"}],"about":[{"href":"https:\/\/caraudioworld.eu\/cs\/wp-json\/wp\/v2\/types\/page"}],"author":[{"embeddable":true,"href":"https:\/\/caraudioworld.eu\/cs\/wp-json\/wp\/v2\/users\/1"}],"replies":[{"embeddable":true,"href":"https:\/\/caraudioworld.eu\/cs\/wp-json\/wp\/v2\/comments?post=7332"}],"version-history":[{"count":3,"href":"https:\/\/caraudioworld.eu\/cs\/wp-json\/wp\/v2\/pages\/7332\/revisions"}],"predecessor-version":[{"id":7351,"href":"https:\/\/caraudioworld.eu\/cs\/wp-json\/wp\/v2\/pages\/7332\/revisions\/7351"}],"wp:attachment":[{"href":"https:\/\/caraudioworld.eu\/cs\/wp-json\/wp\/v2\/media?parent=7332"}],"curies":[{"name":"wp","href":"https:\/\/api.w.org\/{rel}","templated":true}]}}