{"id":7336,"date":"2019-10-21T19:30:32","date_gmt":"2019-10-21T17:30:32","guid":{"rendered":"https:\/\/caraudioworld.eu\/produkt\/awave-dsp6-8\/"},"modified":"2020-10-11T16:17:21","modified_gmt":"2020-10-11T14:17:21","slug":"awave-dsp6-8","status":"publish","type":"product","link":"https:\/\/caraudioworld.eu\/cs\/produkt\/awave-dsp6-8\/","title":{"rendered":"Awave DSP6-8"},"content":{"rendered":"","protected":false},"excerpt":{"rendered":"<p>Kvalitn\u00ed Digital Signal Procesor nov\u00e9 generace od zna\u010dky Awave. Umo\u017en\u00ed v\u00e1m p\u0159evz\u00edt ovl\u00e1d\u00e1n\u00ed zvuku do vlastn\u00edch rukou a vyt\u00e1hnout maximum z ka\u017ed\u00e9 audio sestavy. 32 bit \/ 48 kHz<\/p>\n<ul>\n<li>DSP s 6 kan\u00e1lov\u00fdm n\u00edzko \/ vysoko \u00farov\u0148ov\u00fdm vstupem a 8 kan\u00e1lov\u00fdm v\u00fdstupem<\/li>\n<li>6 kan\u00e1lov\u00fd vysoce \u00farov\u0148ov\u00fd vstup dok\u00e1\u017ee kombinovat sign\u00e1l z existuj\u00edc\u00edho syst\u00e9mu v aut\u011b<\/li>\n<li>Mo\u017enost automatick\u00e9 zapnut\u00ed \/ vypnut\u00ed (P\u0159i vysoce \u00farov\u0148ov\u00e9m vstupu)<\/li>\n<li>Digit\u00e1ln\u00ed vstupy: Toslink (optick\u00fd), Koaxi\u00e1ln\u00ed<\/li>\n<li>3.5mm AUX vstup a Bluetooth s dodate\u010dn\u00fdm adapt\u00e9rem (* Bluetooth adapt\u00e9r se nenach\u00e1z\u00ed v balen\u00ed).<\/li>\n<li>Nastavov\u00e1n\u00ed pomoc\u00ed Po\u010d\u00edta\u010de s mo\u017enost\u00ed ulo\u017een\u00ed 8 Nastaven\u00ed.<\/li>\n<li>Jednoduch\u00fd software umo\u017e\u0148uj\u00edc\u00ed nastavit zvl\u00e1\u0161\u0165 pro ka\u017ed\u00fd reproduktor lowpass, highpass filtr, ekvaliz\u00e9r a \u010dasov\u00e9 korekce<\/li>\n<li>Mo\u017enost m\u011bnit frekvence ekvaliz\u00e9ru libovoln\u011b<\/li>\n<\/ul>\n<p>V balen\u00ed se nenach\u00e1z\u00ed DRC ovlada\u010d, nutno dokoupit zvl\u00e1\u0161\u0165.<\/p>\n<p>Rozm\u011bry: 197 x 120 x 39 mm (v\u010detn\u011b \u00fachytek)<\/p>\n<p><strong>PC DSP SOFTWARE<\/strong>: Na vy\u017e\u00e1d\u00e1n\u00ed (e-mail)<\/p>\n","protected":false},"featured_media":7345,"comment_status":"open","ping_status":"closed","template":"","meta":[],"product_brand":[],"product_cat":[323,324],"product_tag":[333,335],"class_list":{"0":"post-7336","1":"product","2":"type-product","3":"status-publish","4":"has-post-thumbnail","6":"product_cat-dsp-cs","7":"product_cat-dsp-procesory-cs","8":"product_tag-awave-cs","9":"product_tag-dsp-cs","11":"first","12":"instock","13":"taxable","14":"shipping-taxable","15":"purchasable","16":"product-type-simple"},"yoast_head":"<!-- This site is optimized with the Yoast SEO plugin v27.3 - https:\/\/yoast.com\/product\/yoast-seo-wordpress\/ -->\n<title>Awave DSP6-8 - CARAUDIOWORLD<\/title>\n<meta name=\"description\" content=\"Kvalitn\u00ed Digital Signal Procesor nov\u00e9 generace od zna\u010dky Awave. Umo\u017en\u00ed v\u00e1m p\u0159evz\u00edt ovl\u00e1d\u00e1n\u00ed zvuku do vlastn\u00edch rukou a vyt\u00e1hnout maximum z ka\u017ed\u00e9 audio sestavy. 32 bit \/ 48 kHz  DSP s 6 kan\u00e1lov\u00fdm n\u00edzko \/ vysoko \u00farov\u0148ov\u00fdm vstupem a 8 kan\u00e1lov\u00fdm v\u00fdstupem 6 kan\u00e1lov\u00fd vysoce \u00farov\u0148ov\u00fd vstup dok\u00e1\u017ee kombinovat sign\u00e1l z existuj\u00edc\u00edho syst\u00e9mu v aut\u011b Mo\u017enost automatick\u00e9 zapnut\u00ed \/ vypnut\u00ed (P\u0159i vysoce \u00farov\u0148ov\u00e9m vstupu) Digit\u00e1ln\u00ed vstupy: Toslink (optick\u00fd), Koaxi\u00e1ln\u00ed 3.5mm AUX vstup a Bluetooth s dodate\u010dn\u00fdm adapt\u00e9rem (* Bluetooth adapt\u00e9r se nenach\u00e1z\u00ed v balen\u00ed). Nastavov\u00e1n\u00ed pomoc\u00ed Po\u010d\u00edta\u010de s mo\u017enost\u00ed ulo\u017een\u00ed 8 Nastaven\u00ed. Jednoduch\u00fd software umo\u017e\u0148uj\u00edc\u00ed nastavit zvl\u00e1\u0161\u0165 pro ka\u017ed\u00fd reproduktor lowpass, highpass filtr, ekvaliz\u00e9r a \u010dasov\u00e9 korekce Mo\u017enost m\u011bnit frekvence ekvaliz\u00e9ru libovoln\u011b  V balen\u00ed se nenach\u00e1z\u00ed DRC ovlada\u010d, nutno dokoupit zvl\u00e1\u0161\u0165. Rozm\u011bry: 197 x 120 x 39 mm (v\u010detn\u011b \u00fachytek) PC DSP SOFTWARE: Na vy\u017e\u00e1d\u00e1n\u00ed (e-mail)\" \/>\n<meta name=\"robots\" content=\"index, follow, max-snippet:-1, max-image-preview:large, max-video-preview:-1\" \/>\n<link rel=\"canonical\" href=\"https:\/\/caraudioworld.eu\/cs\/produkt\/awave-dsp6-8\/\" \/>\n<meta property=\"og:locale\" content=\"cs_CZ\" \/>\n<meta property=\"og:type\" content=\"article\" \/>\n<meta property=\"og:title\" content=\"Awave DSP6-8 - CARAUDIOWORLD\" \/>\n<meta property=\"og:description\" content=\"Kvalitn\u00ed Digital Signal Procesor nov\u00e9 generace od zna\u010dky Awave. Umo\u017en\u00ed v\u00e1m p\u0159evz\u00edt ovl\u00e1d\u00e1n\u00ed zvuku do vlastn\u00edch rukou a vyt\u00e1hnout maximum z ka\u017ed\u00e9 audio sestavy. 32 bit \/ 48 kHz  DSP s 6 kan\u00e1lov\u00fdm n\u00edzko \/ vysoko \u00farov\u0148ov\u00fdm vstupem a 8 kan\u00e1lov\u00fdm v\u00fdstupem 6 kan\u00e1lov\u00fd vysoce \u00farov\u0148ov\u00fd vstup dok\u00e1\u017ee kombinovat sign\u00e1l z existuj\u00edc\u00edho syst\u00e9mu v aut\u011b Mo\u017enost automatick\u00e9 zapnut\u00ed \/ vypnut\u00ed (P\u0159i vysoce \u00farov\u0148ov\u00e9m vstupu) Digit\u00e1ln\u00ed vstupy: Toslink (optick\u00fd), Koaxi\u00e1ln\u00ed 3.5mm AUX vstup a Bluetooth s dodate\u010dn\u00fdm adapt\u00e9rem (* Bluetooth adapt\u00e9r se nenach\u00e1z\u00ed v balen\u00ed). Nastavov\u00e1n\u00ed pomoc\u00ed Po\u010d\u00edta\u010de s mo\u017enost\u00ed ulo\u017een\u00ed 8 Nastaven\u00ed. Jednoduch\u00fd software umo\u017e\u0148uj\u00edc\u00ed nastavit zvl\u00e1\u0161\u0165 pro ka\u017ed\u00fd reproduktor lowpass, highpass filtr, ekvaliz\u00e9r a \u010dasov\u00e9 korekce Mo\u017enost m\u011bnit frekvence ekvaliz\u00e9ru libovoln\u011b  V balen\u00ed se nenach\u00e1z\u00ed DRC ovlada\u010d, nutno dokoupit zvl\u00e1\u0161\u0165. Rozm\u011bry: 197 x 120 x 39 mm (v\u010detn\u011b \u00fachytek) PC DSP SOFTWARE: Na vy\u017e\u00e1d\u00e1n\u00ed (e-mail)\" \/>\n<meta property=\"og:url\" content=\"https:\/\/caraudioworld.eu\/cs\/produkt\/awave-dsp6-8\/\" \/>\n<meta property=\"og:site_name\" content=\"CARAUDIOWORLD\" \/>\n<meta property=\"article:publisher\" content=\"https:\/\/www.facebook.com\/caraudioworld.eu\" \/>\n<meta property=\"article:modified_time\" content=\"2020-10-11T14:17:21+00:00\" \/>\n<meta property=\"og:image\" content=\"https:\/\/caraudioworld.eu\/wp-content\/uploads\/2019\/10\/111-1.jpg\" \/>\n\t<meta property=\"og:image:width\" content=\"1000\" \/>\n\t<meta property=\"og:image:height\" content=\"700\" \/>\n\t<meta property=\"og:image:type\" content=\"image\/jpeg\" \/>\n<meta name=\"twitter:card\" content=\"summary_large_image\" \/>\n<script type=\"application\/ld+json\" class=\"yoast-schema-graph\">{\"@context\":\"https:\\\/\\\/schema.org\",\"@graph\":[{\"@type\":\"WebPage\",\"@id\":\"https:\\\/\\\/caraudioworld.eu\\\/cs\\\/produkt\\\/awave-dsp6-8\\\/\",\"url\":\"https:\\\/\\\/caraudioworld.eu\\\/cs\\\/produkt\\\/awave-dsp6-8\\\/\",\"name\":\"Awave DSP6-8 - CARAUDIOWORLD\",\"isPartOf\":{\"@id\":\"https:\\\/\\\/caraudioworld.eu\\\/cs\\\/#website\"},\"primaryImageOfPage\":{\"@id\":\"https:\\\/\\\/caraudioworld.eu\\\/cs\\\/produkt\\\/awave-dsp6-8\\\/#primaryimage\"},\"image\":{\"@id\":\"https:\\\/\\\/caraudioworld.eu\\\/cs\\\/produkt\\\/awave-dsp6-8\\\/#primaryimage\"},\"thumbnailUrl\":\"https:\\\/\\\/caraudioworld.eu\\\/wp-content\\\/uploads\\\/2019\\\/10\\\/111-1.jpg\",\"datePublished\":\"2019-10-21T17:30:32+00:00\",\"dateModified\":\"2020-10-11T14:17:21+00:00\",\"description\":\"Kvalitn\u00ed Digital Signal Procesor nov\u00e9 generace od zna\u010dky Awave. Umo\u017en\u00ed v\u00e1m p\u0159evz\u00edt ovl\u00e1d\u00e1n\u00ed zvuku do vlastn\u00edch rukou a vyt\u00e1hnout maximum z ka\u017ed\u00e9 audio sestavy. 32 bit \\\/ 48 kHz DSP s 6 kan\u00e1lov\u00fdm n\u00edzko \\\/ vysoko \u00farov\u0148ov\u00fdm vstupem a 8 kan\u00e1lov\u00fdm v\u00fdstupem 6 kan\u00e1lov\u00fd vysoce \u00farov\u0148ov\u00fd vstup dok\u00e1\u017ee kombinovat sign\u00e1l z existuj\u00edc\u00edho syst\u00e9mu v aut\u011b Mo\u017enost automatick\u00e9 zapnut\u00ed \\\/ vypnut\u00ed (P\u0159i vysoce \u00farov\u0148ov\u00e9m vstupu) Digit\u00e1ln\u00ed vstupy: Toslink (optick\u00fd), Koaxi\u00e1ln\u00ed 3.5mm AUX vstup a Bluetooth s dodate\u010dn\u00fdm adapt\u00e9rem (* Bluetooth adapt\u00e9r se nenach\u00e1z\u00ed v balen\u00ed). Nastavov\u00e1n\u00ed pomoc\u00ed Po\u010d\u00edta\u010de s mo\u017enost\u00ed ulo\u017een\u00ed 8 Nastaven\u00ed. Jednoduch\u00fd software umo\u017e\u0148uj\u00edc\u00ed nastavit zvl\u00e1\u0161\u0165 pro ka\u017ed\u00fd reproduktor lowpass, highpass filtr, ekvaliz\u00e9r a \u010dasov\u00e9 korekce Mo\u017enost m\u011bnit frekvence ekvaliz\u00e9ru libovoln\u011b V balen\u00ed se nenach\u00e1z\u00ed DRC ovlada\u010d, nutno dokoupit zvl\u00e1\u0161\u0165. Rozm\u011bry: 197 x 120 x 39 mm (v\u010detn\u011b \u00fachytek) PC DSP SOFTWARE: Na vy\u017e\u00e1d\u00e1n\u00ed (e-mail)\",\"breadcrumb\":{\"@id\":\"https:\\\/\\\/caraudioworld.eu\\\/cs\\\/produkt\\\/awave-dsp6-8\\\/#breadcrumb\"},\"inLanguage\":\"cs\",\"potentialAction\":[{\"@type\":\"ReadAction\",\"target\":[\"https:\\\/\\\/caraudioworld.eu\\\/cs\\\/produkt\\\/awave-dsp6-8\\\/\"]}]},{\"@type\":\"ImageObject\",\"inLanguage\":\"cs\",\"@id\":\"https:\\\/\\\/caraudioworld.eu\\\/cs\\\/produkt\\\/awave-dsp6-8\\\/#primaryimage\",\"url\":\"https:\\\/\\\/caraudioworld.eu\\\/wp-content\\\/uploads\\\/2019\\\/10\\\/111-1.jpg\",\"contentUrl\":\"https:\\\/\\\/caraudioworld.eu\\\/wp-content\\\/uploads\\\/2019\\\/10\\\/111-1.jpg\",\"width\":1000,\"height\":700,\"caption\":\"awave dsp6-8\"},{\"@type\":\"BreadcrumbList\",\"@id\":\"https:\\\/\\\/caraudioworld.eu\\\/cs\\\/produkt\\\/awave-dsp6-8\\\/#breadcrumb\",\"itemListElement\":[{\"@type\":\"ListItem\",\"position\":1,\"name\":\"Home\",\"item\":\"https:\\\/\\\/caraudioworld.eu\\\/cs\\\/\"},{\"@type\":\"ListItem\",\"position\":2,\"name\":\"Obchod\",\"item\":\"https:\\\/\\\/caraudioworld.eu\\\/cs\\\/obchod\\\/\"},{\"@type\":\"ListItem\",\"position\":3,\"name\":\"Awave DSP6-8\"}]},{\"@type\":\"WebSite\",\"@id\":\"https:\\\/\\\/caraudioworld.eu\\\/cs\\\/#website\",\"url\":\"https:\\\/\\\/caraudioworld.eu\\\/cs\\\/\",\"name\":\"CARAUDIOWORLD\",\"description\":\"Audio Heaven\",\"publisher\":{\"@id\":\"https:\\\/\\\/caraudioworld.eu\\\/cs\\\/#organization\"},\"potentialAction\":[{\"@type\":\"SearchAction\",\"target\":{\"@type\":\"EntryPoint\",\"urlTemplate\":\"https:\\\/\\\/caraudioworld.eu\\\/cs\\\/?s={search_term_string}\"},\"query-input\":{\"@type\":\"PropertyValueSpecification\",\"valueRequired\":true,\"valueName\":\"search_term_string\"}}],\"inLanguage\":\"cs\"},{\"@type\":\"Organization\",\"@id\":\"https:\\\/\\\/caraudioworld.eu\\\/cs\\\/#organization\",\"name\":\"CARAUDIOWORLD.eu\",\"url\":\"https:\\\/\\\/caraudioworld.eu\\\/cs\\\/\",\"logo\":{\"@type\":\"ImageObject\",\"inLanguage\":\"cs\",\"@id\":\"https:\\\/\\\/caraudioworld.eu\\\/cs\\\/#\\\/schema\\\/logo\\\/image\\\/\",\"url\":\"https:\\\/\\\/caraudioworld.eu\\\/wp-content\\\/uploads\\\/2020\\\/10\\\/CAW_rounded.png\",\"contentUrl\":\"https:\\\/\\\/caraudioworld.eu\\\/wp-content\\\/uploads\\\/2020\\\/10\\\/CAW_rounded.png\",\"width\":510,\"height\":510,\"caption\":\"CARAUDIOWORLD.eu\"},\"image\":{\"@id\":\"https:\\\/\\\/caraudioworld.eu\\\/cs\\\/#\\\/schema\\\/logo\\\/image\\\/\"},\"sameAs\":[\"https:\\\/\\\/www.facebook.com\\\/caraudioworld.eu\",\"https:\\\/\\\/www.instagram.com\\\/caraudioworld.eu\\\/\"]}]}<\/script>\n<!-- \/ Yoast SEO plugin. -->","yoast_head_json":{"title":"Awave DSP6-8 - CARAUDIOWORLD","description":"Kvalitn\u00ed Digital Signal Procesor nov\u00e9 generace od zna\u010dky Awave. Umo\u017en\u00ed v\u00e1m p\u0159evz\u00edt ovl\u00e1d\u00e1n\u00ed zvuku do vlastn\u00edch rukou a vyt\u00e1hnout maximum z ka\u017ed\u00e9 audio sestavy. 32 bit \/ 48 kHz  DSP s 6 kan\u00e1lov\u00fdm n\u00edzko \/ vysoko \u00farov\u0148ov\u00fdm vstupem a 8 kan\u00e1lov\u00fdm v\u00fdstupem 6 kan\u00e1lov\u00fd vysoce \u00farov\u0148ov\u00fd vstup dok\u00e1\u017ee kombinovat sign\u00e1l z existuj\u00edc\u00edho syst\u00e9mu v aut\u011b Mo\u017enost automatick\u00e9 zapnut\u00ed \/ vypnut\u00ed (P\u0159i vysoce \u00farov\u0148ov\u00e9m vstupu) Digit\u00e1ln\u00ed vstupy: Toslink (optick\u00fd), Koaxi\u00e1ln\u00ed 3.5mm AUX vstup a Bluetooth s dodate\u010dn\u00fdm adapt\u00e9rem (* Bluetooth adapt\u00e9r se nenach\u00e1z\u00ed v balen\u00ed). Nastavov\u00e1n\u00ed pomoc\u00ed Po\u010d\u00edta\u010de s mo\u017enost\u00ed ulo\u017een\u00ed 8 Nastaven\u00ed. Jednoduch\u00fd software umo\u017e\u0148uj\u00edc\u00ed nastavit zvl\u00e1\u0161\u0165 pro ka\u017ed\u00fd reproduktor lowpass, highpass filtr, ekvaliz\u00e9r a \u010dasov\u00e9 korekce Mo\u017enost m\u011bnit frekvence ekvaliz\u00e9ru libovoln\u011b  V balen\u00ed se nenach\u00e1z\u00ed DRC ovlada\u010d, nutno dokoupit zvl\u00e1\u0161\u0165. Rozm\u011bry: 197 x 120 x 39 mm (v\u010detn\u011b \u00fachytek) PC DSP SOFTWARE: Na vy\u017e\u00e1d\u00e1n\u00ed (e-mail)","robots":{"index":"index","follow":"follow","max-snippet":"max-snippet:-1","max-image-preview":"max-image-preview:large","max-video-preview":"max-video-preview:-1"},"canonical":"https:\/\/caraudioworld.eu\/cs\/produkt\/awave-dsp6-8\/","og_locale":"cs_CZ","og_type":"article","og_title":"Awave DSP6-8 - CARAUDIOWORLD","og_description":"Kvalitn\u00ed Digital Signal Procesor nov\u00e9 generace od zna\u010dky Awave. Umo\u017en\u00ed v\u00e1m p\u0159evz\u00edt ovl\u00e1d\u00e1n\u00ed zvuku do vlastn\u00edch rukou a vyt\u00e1hnout maximum z ka\u017ed\u00e9 audio sestavy. 32 bit \/ 48 kHz  DSP s 6 kan\u00e1lov\u00fdm n\u00edzko \/ vysoko \u00farov\u0148ov\u00fdm vstupem a 8 kan\u00e1lov\u00fdm v\u00fdstupem 6 kan\u00e1lov\u00fd vysoce \u00farov\u0148ov\u00fd vstup dok\u00e1\u017ee kombinovat sign\u00e1l z existuj\u00edc\u00edho syst\u00e9mu v aut\u011b Mo\u017enost automatick\u00e9 zapnut\u00ed \/ vypnut\u00ed (P\u0159i vysoce \u00farov\u0148ov\u00e9m vstupu) Digit\u00e1ln\u00ed vstupy: Toslink (optick\u00fd), Koaxi\u00e1ln\u00ed 3.5mm AUX vstup a Bluetooth s dodate\u010dn\u00fdm adapt\u00e9rem (* Bluetooth adapt\u00e9r se nenach\u00e1z\u00ed v balen\u00ed). Nastavov\u00e1n\u00ed pomoc\u00ed Po\u010d\u00edta\u010de s mo\u017enost\u00ed ulo\u017een\u00ed 8 Nastaven\u00ed. Jednoduch\u00fd software umo\u017e\u0148uj\u00edc\u00ed nastavit zvl\u00e1\u0161\u0165 pro ka\u017ed\u00fd reproduktor lowpass, highpass filtr, ekvaliz\u00e9r a \u010dasov\u00e9 korekce Mo\u017enost m\u011bnit frekvence ekvaliz\u00e9ru libovoln\u011b  V balen\u00ed se nenach\u00e1z\u00ed DRC ovlada\u010d, nutno dokoupit zvl\u00e1\u0161\u0165. Rozm\u011bry: 197 x 120 x 39 mm (v\u010detn\u011b \u00fachytek) PC DSP SOFTWARE: Na vy\u017e\u00e1d\u00e1n\u00ed (e-mail)","og_url":"https:\/\/caraudioworld.eu\/cs\/produkt\/awave-dsp6-8\/","og_site_name":"CARAUDIOWORLD","article_publisher":"https:\/\/www.facebook.com\/caraudioworld.eu","article_modified_time":"2020-10-11T14:17:21+00:00","og_image":[{"width":1000,"height":700,"url":"https:\/\/caraudioworld.eu\/wp-content\/uploads\/2019\/10\/111-1.jpg","type":"image\/jpeg"}],"twitter_card":"summary_large_image","schema":{"@context":"https:\/\/schema.org","@graph":[{"@type":"WebPage","@id":"https:\/\/caraudioworld.eu\/cs\/produkt\/awave-dsp6-8\/","url":"https:\/\/caraudioworld.eu\/cs\/produkt\/awave-dsp6-8\/","name":"Awave DSP6-8 - CARAUDIOWORLD","isPartOf":{"@id":"https:\/\/caraudioworld.eu\/cs\/#website"},"primaryImageOfPage":{"@id":"https:\/\/caraudioworld.eu\/cs\/produkt\/awave-dsp6-8\/#primaryimage"},"image":{"@id":"https:\/\/caraudioworld.eu\/cs\/produkt\/awave-dsp6-8\/#primaryimage"},"thumbnailUrl":"https:\/\/caraudioworld.eu\/wp-content\/uploads\/2019\/10\/111-1.jpg","datePublished":"2019-10-21T17:30:32+00:00","dateModified":"2020-10-11T14:17:21+00:00","description":"Kvalitn\u00ed Digital Signal Procesor nov\u00e9 generace od zna\u010dky Awave. Umo\u017en\u00ed v\u00e1m p\u0159evz\u00edt ovl\u00e1d\u00e1n\u00ed zvuku do vlastn\u00edch rukou a vyt\u00e1hnout maximum z ka\u017ed\u00e9 audio sestavy. 32 bit \/ 48 kHz DSP s 6 kan\u00e1lov\u00fdm n\u00edzko \/ vysoko \u00farov\u0148ov\u00fdm vstupem a 8 kan\u00e1lov\u00fdm v\u00fdstupem 6 kan\u00e1lov\u00fd vysoce \u00farov\u0148ov\u00fd vstup dok\u00e1\u017ee kombinovat sign\u00e1l z existuj\u00edc\u00edho syst\u00e9mu v aut\u011b Mo\u017enost automatick\u00e9 zapnut\u00ed \/ vypnut\u00ed (P\u0159i vysoce \u00farov\u0148ov\u00e9m vstupu) Digit\u00e1ln\u00ed vstupy: Toslink (optick\u00fd), Koaxi\u00e1ln\u00ed 3.5mm AUX vstup a Bluetooth s dodate\u010dn\u00fdm adapt\u00e9rem (* Bluetooth adapt\u00e9r se nenach\u00e1z\u00ed v balen\u00ed). Nastavov\u00e1n\u00ed pomoc\u00ed Po\u010d\u00edta\u010de s mo\u017enost\u00ed ulo\u017een\u00ed 8 Nastaven\u00ed. Jednoduch\u00fd software umo\u017e\u0148uj\u00edc\u00ed nastavit zvl\u00e1\u0161\u0165 pro ka\u017ed\u00fd reproduktor lowpass, highpass filtr, ekvaliz\u00e9r a \u010dasov\u00e9 korekce Mo\u017enost m\u011bnit frekvence ekvaliz\u00e9ru libovoln\u011b V balen\u00ed se nenach\u00e1z\u00ed DRC ovlada\u010d, nutno dokoupit zvl\u00e1\u0161\u0165. Rozm\u011bry: 197 x 120 x 39 mm (v\u010detn\u011b \u00fachytek) PC DSP SOFTWARE: Na vy\u017e\u00e1d\u00e1n\u00ed (e-mail)","breadcrumb":{"@id":"https:\/\/caraudioworld.eu\/cs\/produkt\/awave-dsp6-8\/#breadcrumb"},"inLanguage":"cs","potentialAction":[{"@type":"ReadAction","target":["https:\/\/caraudioworld.eu\/cs\/produkt\/awave-dsp6-8\/"]}]},{"@type":"ImageObject","inLanguage":"cs","@id":"https:\/\/caraudioworld.eu\/cs\/produkt\/awave-dsp6-8\/#primaryimage","url":"https:\/\/caraudioworld.eu\/wp-content\/uploads\/2019\/10\/111-1.jpg","contentUrl":"https:\/\/caraudioworld.eu\/wp-content\/uploads\/2019\/10\/111-1.jpg","width":1000,"height":700,"caption":"awave dsp6-8"},{"@type":"BreadcrumbList","@id":"https:\/\/caraudioworld.eu\/cs\/produkt\/awave-dsp6-8\/#breadcrumb","itemListElement":[{"@type":"ListItem","position":1,"name":"Home","item":"https:\/\/caraudioworld.eu\/cs\/"},{"@type":"ListItem","position":2,"name":"Obchod","item":"https:\/\/caraudioworld.eu\/cs\/obchod\/"},{"@type":"ListItem","position":3,"name":"Awave DSP6-8"}]},{"@type":"WebSite","@id":"https:\/\/caraudioworld.eu\/cs\/#website","url":"https:\/\/caraudioworld.eu\/cs\/","name":"CARAUDIOWORLD","description":"Audio Heaven","publisher":{"@id":"https:\/\/caraudioworld.eu\/cs\/#organization"},"potentialAction":[{"@type":"SearchAction","target":{"@type":"EntryPoint","urlTemplate":"https:\/\/caraudioworld.eu\/cs\/?s={search_term_string}"},"query-input":{"@type":"PropertyValueSpecification","valueRequired":true,"valueName":"search_term_string"}}],"inLanguage":"cs"},{"@type":"Organization","@id":"https:\/\/caraudioworld.eu\/cs\/#organization","name":"CARAUDIOWORLD.eu","url":"https:\/\/caraudioworld.eu\/cs\/","logo":{"@type":"ImageObject","inLanguage":"cs","@id":"https:\/\/caraudioworld.eu\/cs\/#\/schema\/logo\/image\/","url":"https:\/\/caraudioworld.eu\/wp-content\/uploads\/2020\/10\/CAW_rounded.png","contentUrl":"https:\/\/caraudioworld.eu\/wp-content\/uploads\/2020\/10\/CAW_rounded.png","width":510,"height":510,"caption":"CARAUDIOWORLD.eu"},"image":{"@id":"https:\/\/caraudioworld.eu\/cs\/#\/schema\/logo\/image\/"},"sameAs":["https:\/\/www.facebook.com\/caraudioworld.eu","https:\/\/www.instagram.com\/caraudioworld.eu\/"]}]}},"_links":{"self":[{"href":"https:\/\/caraudioworld.eu\/cs\/wp-json\/wp\/v2\/product\/7336","targetHints":{"allow":["GET"]}}],"collection":[{"href":"https:\/\/caraudioworld.eu\/cs\/wp-json\/wp\/v2\/product"}],"about":[{"href":"https:\/\/caraudioworld.eu\/cs\/wp-json\/wp\/v2\/types\/product"}],"replies":[{"embeddable":true,"href":"https:\/\/caraudioworld.eu\/cs\/wp-json\/wp\/v2\/comments?post=7336"}],"wp:featuredmedia":[{"embeddable":true,"href":"https:\/\/caraudioworld.eu\/cs\/wp-json\/wp\/v2\/media\/7345"}],"wp:attachment":[{"href":"https:\/\/caraudioworld.eu\/cs\/wp-json\/wp\/v2\/media?parent=7336"}],"wp:term":[{"taxonomy":"product_brand","embeddable":true,"href":"https:\/\/caraudioworld.eu\/cs\/wp-json\/wp\/v2\/product_brand?post=7336"},{"taxonomy":"product_cat","embeddable":true,"href":"https:\/\/caraudioworld.eu\/cs\/wp-json\/wp\/v2\/product_cat?post=7336"},{"taxonomy":"product_tag","embeddable":true,"href":"https:\/\/caraudioworld.eu\/cs\/wp-json\/wp\/v2\/product_tag?post=7336"}],"curies":[{"name":"wp","href":"https:\/\/api.w.org\/{rel}","templated":true}]}}