{"id":7435,"date":"2019-10-20T20:52:02","date_gmt":"2019-10-20T18:52:02","guid":{"rendered":"https:\/\/caraudioworld.eu\/produkt\/steg-msk-set-ss-6-ss-3-ss-1\/"},"modified":"2019-10-20T20:52:02","modified_gmt":"2019-10-20T18:52:02","slug":"steg-msk-set-ss-6-ss-3-ss-1","status":"publish","type":"product","link":"https:\/\/caraudioworld.eu\/cs\/produkt\/steg-msk-set-ss-6-ss-3-ss-1\/","title":{"rendered":"STEG MSK Set SS-6, SS-3, SS-1"},"content":{"rendered":"","protected":false},"excerpt":{"rendered":"<p>Reproduktory pro absolutn\u00edch fanatik\u016f. Spolu se zesilova\u010di MSK Classe A a STEG SDSP68 procesorem lze vytvo\u0159it nep\u0159ekonatelnou sestavu do auta.<\/p>\n<p>Nejmodern\u011bj\u0161\u00ed reproduktorov\u00fd syst\u00e9m, navr\u017een\u00fd a vyroben\u00fd bez kompromis\u016f.<br \/>\nKo\u0161 v\u0161ech t\u0159\u00ed model\u016f je fr\u00e9zovan\u00fd z pevn\u00e9ho bloku hlin\u00edku, co\u017e napom\u00e1h\u00e1 kompletn\u011b eliminovat rezonanci. Design byl navr\u017een v\u00fdlu\u010dn\u011b jako prvn\u00ed v t\u00e9to t\u0159\u00edd\u011b a byl testov\u00e1n nejlep\u0161\u00edmi simul\u00e1tory p\u0159i extr\u00e9mn\u011b vysok\u00fdch zat\u00ed\u017een\u00edch.<\/p>\n<p>Popis jednotliv\u00fdch reproduktor\u016f naleznete v galerii produktu nebo v manu\u00e1lu n\u00ed\u017ee.<\/p>\n<p>Manual: <a style=\"color: blue;\" href=\"https:\/\/caraudioworld.eu\/wp-content\/uploads\/2019\/11\/manual-2.pdf\" target=\"_blank\" rel=\"noopener noreferrer\">Download<\/a><\/p>\n","protected":false},"featured_media":7455,"comment_status":"open","ping_status":"closed","template":"","meta":[],"product_brand":[],"product_cat":[405,403],"product_tag":[339],"class_list":{"0":"post-7435","1":"product","2":"type-product","3":"status-publish","4":"has-post-thumbnail","6":"product_cat-komponentni","7":"product_cat-reproduktory-cs","8":"product_tag-steg-cs","10":"first","11":"onbackorder","12":"taxable","13":"shipping-taxable","14":"purchasable","15":"product-type-simple"},"yoast_head":"<!-- This site is optimized with the Yoast SEO plugin v27.3 - https:\/\/yoast.com\/product\/yoast-seo-wordpress\/ -->\n<title>STEG MSK Set SS-6, SS-3, SS-1 - CARAUDIOWORLD<\/title>\n<meta name=\"description\" content=\"Reproduktory pro absolutn\u00edch fanatik\u016f. Spolu se zesilova\u010di MSK Classe A a STEG SDSP68 procesorem lze vytvo\u0159it nep\u0159ekonatelnou sestavu do auta.  Nejmodern\u011bj\u0161\u00ed reproduktorov\u00fd syst\u00e9m, navr\u017een\u00fd a vyroben\u00fd bez kompromis\u016f. Ko\u0161 v\u0161ech t\u0159\u00ed model\u016f je fr\u00e9zovan\u00fd z pevn\u00e9ho bloku hlin\u00edku, co\u017e napom\u00e1h\u00e1 kompletn\u011b eliminovat rezonanci. Design byl navr\u017een v\u00fdlu\u010dn\u011b jako prvn\u00ed v t\u00e9to t\u0159\u00edd\u011b a byl testov\u00e1n nejlep\u0161\u00edmi simul\u00e1tory p\u0159i extr\u00e9mn\u011b vysok\u00fdch zat\u00ed\u017een\u00edch.  Popis jednotliv\u00fdch reproduktor\u016f naleznete v galerii produktu nebo v manu\u00e1lu n\u00ed\u017ee.  Manual: Download\" \/>\n<meta name=\"robots\" content=\"index, follow, max-snippet:-1, max-image-preview:large, max-video-preview:-1\" \/>\n<link rel=\"canonical\" href=\"https:\/\/caraudioworld.eu\/cs\/produkt\/steg-msk-set-ss-6-ss-3-ss-1\/\" \/>\n<meta property=\"og:locale\" content=\"cs_CZ\" \/>\n<meta property=\"og:type\" content=\"article\" \/>\n<meta property=\"og:title\" content=\"STEG MSK Set SS-6, SS-3, SS-1 - CARAUDIOWORLD\" \/>\n<meta property=\"og:description\" content=\"Reproduktory pro absolutn\u00edch fanatik\u016f. Spolu se zesilova\u010di MSK Classe A a STEG SDSP68 procesorem lze vytvo\u0159it nep\u0159ekonatelnou sestavu do auta.  Nejmodern\u011bj\u0161\u00ed reproduktorov\u00fd syst\u00e9m, navr\u017een\u00fd a vyroben\u00fd bez kompromis\u016f. Ko\u0161 v\u0161ech t\u0159\u00ed model\u016f je fr\u00e9zovan\u00fd z pevn\u00e9ho bloku hlin\u00edku, co\u017e napom\u00e1h\u00e1 kompletn\u011b eliminovat rezonanci. Design byl navr\u017een v\u00fdlu\u010dn\u011b jako prvn\u00ed v t\u00e9to t\u0159\u00edd\u011b a byl testov\u00e1n nejlep\u0161\u00edmi simul\u00e1tory p\u0159i extr\u00e9mn\u011b vysok\u00fdch zat\u00ed\u017een\u00edch.  Popis jednotliv\u00fdch reproduktor\u016f naleznete v galerii produktu nebo v manu\u00e1lu n\u00ed\u017ee.  Manual: Download\" \/>\n<meta property=\"og:url\" content=\"https:\/\/caraudioworld.eu\/cs\/produkt\/steg-msk-set-ss-6-ss-3-ss-1\/\" \/>\n<meta property=\"og:site_name\" content=\"CARAUDIOWORLD\" \/>\n<meta property=\"article:publisher\" content=\"https:\/\/www.facebook.com\/caraudioworld.eu\" \/>\n<meta property=\"og:image\" content=\"https:\/\/caraudioworld.eu\/wp-content\/uploads\/2019\/10\/11-21.jpg\" \/>\n\t<meta property=\"og:image:width\" content=\"1000\" \/>\n\t<meta property=\"og:image:height\" content=\"700\" \/>\n\t<meta property=\"og:image:type\" content=\"image\/jpeg\" \/>\n<meta name=\"twitter:card\" content=\"summary_large_image\" \/>\n<script type=\"application\/ld+json\" class=\"yoast-schema-graph\">{\"@context\":\"https:\\\/\\\/schema.org\",\"@graph\":[{\"@type\":\"WebPage\",\"@id\":\"https:\\\/\\\/caraudioworld.eu\\\/cs\\\/produkt\\\/steg-msk-set-ss-6-ss-3-ss-1\\\/\",\"url\":\"https:\\\/\\\/caraudioworld.eu\\\/cs\\\/produkt\\\/steg-msk-set-ss-6-ss-3-ss-1\\\/\",\"name\":\"STEG MSK Set SS-6, SS-3, SS-1 - CARAUDIOWORLD\",\"isPartOf\":{\"@id\":\"https:\\\/\\\/caraudioworld.eu\\\/cs\\\/#website\"},\"primaryImageOfPage\":{\"@id\":\"https:\\\/\\\/caraudioworld.eu\\\/cs\\\/produkt\\\/steg-msk-set-ss-6-ss-3-ss-1\\\/#primaryimage\"},\"image\":{\"@id\":\"https:\\\/\\\/caraudioworld.eu\\\/cs\\\/produkt\\\/steg-msk-set-ss-6-ss-3-ss-1\\\/#primaryimage\"},\"thumbnailUrl\":\"https:\\\/\\\/caraudioworld.eu\\\/wp-content\\\/uploads\\\/2019\\\/10\\\/11-21.jpg\",\"datePublished\":\"2019-10-20T18:52:02+00:00\",\"description\":\"Reproduktory pro absolutn\u00edch fanatik\u016f. Spolu se zesilova\u010di MSK Classe A a STEG SDSP68 procesorem lze vytvo\u0159it nep\u0159ekonatelnou sestavu do auta. Nejmodern\u011bj\u0161\u00ed reproduktorov\u00fd syst\u00e9m, navr\u017een\u00fd a vyroben\u00fd bez kompromis\u016f. Ko\u0161 v\u0161ech t\u0159\u00ed model\u016f je fr\u00e9zovan\u00fd z pevn\u00e9ho bloku hlin\u00edku, co\u017e napom\u00e1h\u00e1 kompletn\u011b eliminovat rezonanci. Design byl navr\u017een v\u00fdlu\u010dn\u011b jako prvn\u00ed v t\u00e9to t\u0159\u00edd\u011b a byl testov\u00e1n nejlep\u0161\u00edmi simul\u00e1tory p\u0159i extr\u00e9mn\u011b vysok\u00fdch zat\u00ed\u017een\u00edch. Popis jednotliv\u00fdch reproduktor\u016f naleznete v galerii produktu nebo v manu\u00e1lu n\u00ed\u017ee. Manual: Download\",\"breadcrumb\":{\"@id\":\"https:\\\/\\\/caraudioworld.eu\\\/cs\\\/produkt\\\/steg-msk-set-ss-6-ss-3-ss-1\\\/#breadcrumb\"},\"inLanguage\":\"cs\",\"potentialAction\":[{\"@type\":\"ReadAction\",\"target\":[\"https:\\\/\\\/caraudioworld.eu\\\/cs\\\/produkt\\\/steg-msk-set-ss-6-ss-3-ss-1\\\/\"]}]},{\"@type\":\"ImageObject\",\"inLanguage\":\"cs\",\"@id\":\"https:\\\/\\\/caraudioworld.eu\\\/cs\\\/produkt\\\/steg-msk-set-ss-6-ss-3-ss-1\\\/#primaryimage\",\"url\":\"https:\\\/\\\/caraudioworld.eu\\\/wp-content\\\/uploads\\\/2019\\\/10\\\/11-21.jpg\",\"contentUrl\":\"https:\\\/\\\/caraudioworld.eu\\\/wp-content\\\/uploads\\\/2019\\\/10\\\/11-21.jpg\",\"width\":1000,\"height\":700},{\"@type\":\"BreadcrumbList\",\"@id\":\"https:\\\/\\\/caraudioworld.eu\\\/cs\\\/produkt\\\/steg-msk-set-ss-6-ss-3-ss-1\\\/#breadcrumb\",\"itemListElement\":[{\"@type\":\"ListItem\",\"position\":1,\"name\":\"Home\",\"item\":\"https:\\\/\\\/caraudioworld.eu\\\/cs\\\/\"},{\"@type\":\"ListItem\",\"position\":2,\"name\":\"Obchod\",\"item\":\"https:\\\/\\\/caraudioworld.eu\\\/cs\\\/obchod\\\/\"},{\"@type\":\"ListItem\",\"position\":3,\"name\":\"STEG MSK Set SS-6, SS-3, SS-1\"}]},{\"@type\":\"WebSite\",\"@id\":\"https:\\\/\\\/caraudioworld.eu\\\/cs\\\/#website\",\"url\":\"https:\\\/\\\/caraudioworld.eu\\\/cs\\\/\",\"name\":\"CARAUDIOWORLD\",\"description\":\"Audio Heaven\",\"publisher\":{\"@id\":\"https:\\\/\\\/caraudioworld.eu\\\/cs\\\/#organization\"},\"potentialAction\":[{\"@type\":\"SearchAction\",\"target\":{\"@type\":\"EntryPoint\",\"urlTemplate\":\"https:\\\/\\\/caraudioworld.eu\\\/cs\\\/?s={search_term_string}\"},\"query-input\":{\"@type\":\"PropertyValueSpecification\",\"valueRequired\":true,\"valueName\":\"search_term_string\"}}],\"inLanguage\":\"cs\"},{\"@type\":\"Organization\",\"@id\":\"https:\\\/\\\/caraudioworld.eu\\\/cs\\\/#organization\",\"name\":\"CARAUDIOWORLD.eu\",\"url\":\"https:\\\/\\\/caraudioworld.eu\\\/cs\\\/\",\"logo\":{\"@type\":\"ImageObject\",\"inLanguage\":\"cs\",\"@id\":\"https:\\\/\\\/caraudioworld.eu\\\/cs\\\/#\\\/schema\\\/logo\\\/image\\\/\",\"url\":\"https:\\\/\\\/caraudioworld.eu\\\/wp-content\\\/uploads\\\/2020\\\/10\\\/CAW_rounded.png\",\"contentUrl\":\"https:\\\/\\\/caraudioworld.eu\\\/wp-content\\\/uploads\\\/2020\\\/10\\\/CAW_rounded.png\",\"width\":510,\"height\":510,\"caption\":\"CARAUDIOWORLD.eu\"},\"image\":{\"@id\":\"https:\\\/\\\/caraudioworld.eu\\\/cs\\\/#\\\/schema\\\/logo\\\/image\\\/\"},\"sameAs\":[\"https:\\\/\\\/www.facebook.com\\\/caraudioworld.eu\",\"https:\\\/\\\/www.instagram.com\\\/caraudioworld.eu\\\/\"]}]}<\/script>\n<!-- \/ Yoast SEO plugin. -->","yoast_head_json":{"title":"STEG MSK Set SS-6, SS-3, SS-1 - CARAUDIOWORLD","description":"Reproduktory pro absolutn\u00edch fanatik\u016f. Spolu se zesilova\u010di MSK Classe A a STEG SDSP68 procesorem lze vytvo\u0159it nep\u0159ekonatelnou sestavu do auta.  Nejmodern\u011bj\u0161\u00ed reproduktorov\u00fd syst\u00e9m, navr\u017een\u00fd a vyroben\u00fd bez kompromis\u016f. Ko\u0161 v\u0161ech t\u0159\u00ed model\u016f je fr\u00e9zovan\u00fd z pevn\u00e9ho bloku hlin\u00edku, co\u017e napom\u00e1h\u00e1 kompletn\u011b eliminovat rezonanci. Design byl navr\u017een v\u00fdlu\u010dn\u011b jako prvn\u00ed v t\u00e9to t\u0159\u00edd\u011b a byl testov\u00e1n nejlep\u0161\u00edmi simul\u00e1tory p\u0159i extr\u00e9mn\u011b vysok\u00fdch zat\u00ed\u017een\u00edch.  Popis jednotliv\u00fdch reproduktor\u016f naleznete v galerii produktu nebo v manu\u00e1lu n\u00ed\u017ee.  Manual: Download","robots":{"index":"index","follow":"follow","max-snippet":"max-snippet:-1","max-image-preview":"max-image-preview:large","max-video-preview":"max-video-preview:-1"},"canonical":"https:\/\/caraudioworld.eu\/cs\/produkt\/steg-msk-set-ss-6-ss-3-ss-1\/","og_locale":"cs_CZ","og_type":"article","og_title":"STEG MSK Set SS-6, SS-3, SS-1 - CARAUDIOWORLD","og_description":"Reproduktory pro absolutn\u00edch fanatik\u016f. Spolu se zesilova\u010di MSK Classe A a STEG SDSP68 procesorem lze vytvo\u0159it nep\u0159ekonatelnou sestavu do auta.  Nejmodern\u011bj\u0161\u00ed reproduktorov\u00fd syst\u00e9m, navr\u017een\u00fd a vyroben\u00fd bez kompromis\u016f. Ko\u0161 v\u0161ech t\u0159\u00ed model\u016f je fr\u00e9zovan\u00fd z pevn\u00e9ho bloku hlin\u00edku, co\u017e napom\u00e1h\u00e1 kompletn\u011b eliminovat rezonanci. Design byl navr\u017een v\u00fdlu\u010dn\u011b jako prvn\u00ed v t\u00e9to t\u0159\u00edd\u011b a byl testov\u00e1n nejlep\u0161\u00edmi simul\u00e1tory p\u0159i extr\u00e9mn\u011b vysok\u00fdch zat\u00ed\u017een\u00edch.  Popis jednotliv\u00fdch reproduktor\u016f naleznete v galerii produktu nebo v manu\u00e1lu n\u00ed\u017ee.  Manual: Download","og_url":"https:\/\/caraudioworld.eu\/cs\/produkt\/steg-msk-set-ss-6-ss-3-ss-1\/","og_site_name":"CARAUDIOWORLD","article_publisher":"https:\/\/www.facebook.com\/caraudioworld.eu","og_image":[{"width":1000,"height":700,"url":"https:\/\/caraudioworld.eu\/wp-content\/uploads\/2019\/10\/11-21.jpg","type":"image\/jpeg"}],"twitter_card":"summary_large_image","schema":{"@context":"https:\/\/schema.org","@graph":[{"@type":"WebPage","@id":"https:\/\/caraudioworld.eu\/cs\/produkt\/steg-msk-set-ss-6-ss-3-ss-1\/","url":"https:\/\/caraudioworld.eu\/cs\/produkt\/steg-msk-set-ss-6-ss-3-ss-1\/","name":"STEG MSK Set SS-6, SS-3, SS-1 - CARAUDIOWORLD","isPartOf":{"@id":"https:\/\/caraudioworld.eu\/cs\/#website"},"primaryImageOfPage":{"@id":"https:\/\/caraudioworld.eu\/cs\/produkt\/steg-msk-set-ss-6-ss-3-ss-1\/#primaryimage"},"image":{"@id":"https:\/\/caraudioworld.eu\/cs\/produkt\/steg-msk-set-ss-6-ss-3-ss-1\/#primaryimage"},"thumbnailUrl":"https:\/\/caraudioworld.eu\/wp-content\/uploads\/2019\/10\/11-21.jpg","datePublished":"2019-10-20T18:52:02+00:00","description":"Reproduktory pro absolutn\u00edch fanatik\u016f. Spolu se zesilova\u010di MSK Classe A a STEG SDSP68 procesorem lze vytvo\u0159it nep\u0159ekonatelnou sestavu do auta. Nejmodern\u011bj\u0161\u00ed reproduktorov\u00fd syst\u00e9m, navr\u017een\u00fd a vyroben\u00fd bez kompromis\u016f. Ko\u0161 v\u0161ech t\u0159\u00ed model\u016f je fr\u00e9zovan\u00fd z pevn\u00e9ho bloku hlin\u00edku, co\u017e napom\u00e1h\u00e1 kompletn\u011b eliminovat rezonanci. Design byl navr\u017een v\u00fdlu\u010dn\u011b jako prvn\u00ed v t\u00e9to t\u0159\u00edd\u011b a byl testov\u00e1n nejlep\u0161\u00edmi simul\u00e1tory p\u0159i extr\u00e9mn\u011b vysok\u00fdch zat\u00ed\u017een\u00edch. Popis jednotliv\u00fdch reproduktor\u016f naleznete v galerii produktu nebo v manu\u00e1lu n\u00ed\u017ee. Manual: Download","breadcrumb":{"@id":"https:\/\/caraudioworld.eu\/cs\/produkt\/steg-msk-set-ss-6-ss-3-ss-1\/#breadcrumb"},"inLanguage":"cs","potentialAction":[{"@type":"ReadAction","target":["https:\/\/caraudioworld.eu\/cs\/produkt\/steg-msk-set-ss-6-ss-3-ss-1\/"]}]},{"@type":"ImageObject","inLanguage":"cs","@id":"https:\/\/caraudioworld.eu\/cs\/produkt\/steg-msk-set-ss-6-ss-3-ss-1\/#primaryimage","url":"https:\/\/caraudioworld.eu\/wp-content\/uploads\/2019\/10\/11-21.jpg","contentUrl":"https:\/\/caraudioworld.eu\/wp-content\/uploads\/2019\/10\/11-21.jpg","width":1000,"height":700},{"@type":"BreadcrumbList","@id":"https:\/\/caraudioworld.eu\/cs\/produkt\/steg-msk-set-ss-6-ss-3-ss-1\/#breadcrumb","itemListElement":[{"@type":"ListItem","position":1,"name":"Home","item":"https:\/\/caraudioworld.eu\/cs\/"},{"@type":"ListItem","position":2,"name":"Obchod","item":"https:\/\/caraudioworld.eu\/cs\/obchod\/"},{"@type":"ListItem","position":3,"name":"STEG MSK Set SS-6, SS-3, SS-1"}]},{"@type":"WebSite","@id":"https:\/\/caraudioworld.eu\/cs\/#website","url":"https:\/\/caraudioworld.eu\/cs\/","name":"CARAUDIOWORLD","description":"Audio Heaven","publisher":{"@id":"https:\/\/caraudioworld.eu\/cs\/#organization"},"potentialAction":[{"@type":"SearchAction","target":{"@type":"EntryPoint","urlTemplate":"https:\/\/caraudioworld.eu\/cs\/?s={search_term_string}"},"query-input":{"@type":"PropertyValueSpecification","valueRequired":true,"valueName":"search_term_string"}}],"inLanguage":"cs"},{"@type":"Organization","@id":"https:\/\/caraudioworld.eu\/cs\/#organization","name":"CARAUDIOWORLD.eu","url":"https:\/\/caraudioworld.eu\/cs\/","logo":{"@type":"ImageObject","inLanguage":"cs","@id":"https:\/\/caraudioworld.eu\/cs\/#\/schema\/logo\/image\/","url":"https:\/\/caraudioworld.eu\/wp-content\/uploads\/2020\/10\/CAW_rounded.png","contentUrl":"https:\/\/caraudioworld.eu\/wp-content\/uploads\/2020\/10\/CAW_rounded.png","width":510,"height":510,"caption":"CARAUDIOWORLD.eu"},"image":{"@id":"https:\/\/caraudioworld.eu\/cs\/#\/schema\/logo\/image\/"},"sameAs":["https:\/\/www.facebook.com\/caraudioworld.eu","https:\/\/www.instagram.com\/caraudioworld.eu\/"]}]}},"_links":{"self":[{"href":"https:\/\/caraudioworld.eu\/cs\/wp-json\/wp\/v2\/product\/7435","targetHints":{"allow":["GET"]}}],"collection":[{"href":"https:\/\/caraudioworld.eu\/cs\/wp-json\/wp\/v2\/product"}],"about":[{"href":"https:\/\/caraudioworld.eu\/cs\/wp-json\/wp\/v2\/types\/product"}],"replies":[{"embeddable":true,"href":"https:\/\/caraudioworld.eu\/cs\/wp-json\/wp\/v2\/comments?post=7435"}],"wp:featuredmedia":[{"embeddable":true,"href":"https:\/\/caraudioworld.eu\/cs\/wp-json\/wp\/v2\/media\/7455"}],"wp:attachment":[{"href":"https:\/\/caraudioworld.eu\/cs\/wp-json\/wp\/v2\/media?parent=7435"}],"wp:term":[{"taxonomy":"product_brand","embeddable":true,"href":"https:\/\/caraudioworld.eu\/cs\/wp-json\/wp\/v2\/product_brand?post=7435"},{"taxonomy":"product_cat","embeddable":true,"href":"https:\/\/caraudioworld.eu\/cs\/wp-json\/wp\/v2\/product_cat?post=7435"},{"taxonomy":"product_tag","embeddable":true,"href":"https:\/\/caraudioworld.eu\/cs\/wp-json\/wp\/v2\/product_tag?post=7435"}],"curies":[{"name":"wp","href":"https:\/\/api.w.org\/{rel}","templated":true}]}}