{"id":7481,"date":"2019-10-21T18:49:18","date_gmt":"2019-10-21T16:49:18","guid":{"rendered":"https:\/\/caraudioworld.eu\/produkt\/steg-sdsp68\/"},"modified":"2023-08-08T21:39:58","modified_gmt":"2023-08-08T19:39:58","slug":"steg-sdsp68","status":"publish","type":"product","link":"https:\/\/caraudioworld.eu\/cs\/produkt\/steg-sdsp68\/","title":{"rendered":"STEG SDSP68II"},"content":{"rendered":"","protected":false},"excerpt":{"rendered":"<p>Vysoce kvalitn\u00ed Digital Signal Procesor od High End zna\u010dky STEG s mo\u017enost\u00ed p\u0159evz\u00edt ovl\u00e1d\u00e1n\u00ed zvuku do vlastn\u00edch rukou a vyt\u00e1hnout maximum z ka\u017ed\u00e9 audio sestavy.<\/p>\n<p>32bit \/ 192kHz<\/p>\n<ul>\n<li>6 vstupn\u00edch, 8 v\u00fdstupn\u00edch kan\u00e1l\u016f<\/li>\n<li>\u010casov\u00e9 korekce s p\u0159esnost\u00ed 0.02 msec, cm \/ msec.<\/li>\n<li>V\u0161echna nastaven\u00ed pracuj\u00ed v re\u00e1ln\u00e9m \u010dase<\/li>\n<li>Extern\u00ed ovlada\u010d s displayem na m\u011bn\u011bn\u00ed ulo\u017een\u00fdch nastaven\u00ed v DSP (a\u017e 8 nastaven\u00ed), kontrolu bas\u016f a vstupn\u00edho sign\u00e1lu<\/li>\n<li>USB p\u0159ipojen\u00ed k Po\u010d\u00edta\u010di kv\u016fli nastaven\u00ed DSP<\/li>\n<li>Mo\u017enost vybrat z n\u00edzko \u00farov\u0148ov\u00e9ho vstupu nebo vysoce \u00farov\u0148ov\u00e9ho<\/li>\n<li>Pracuje na nap\u011bt\u00ed 9 \u2013 15 Volt\u016f (max. 5 sec. Na 6 Voltech)<\/li>\n<li>P\u0159\u00eddavn\u00e9 moduly: USB Bluetooth (Mo\u017enost p\u0159ehr\u00e1vat hudbu p\u0159es bluetooth a m\u011bnit nastaven\u00ed DSP pomoc\u00ed mobiln\u00ed aplikace), DRC controller (Mo\u017enost m\u011bnit nastaven\u00ed DSP)<\/li>\n<\/ul>\n<p>Rozm\u011bry: 197 x 120 x 39 mm (v\u010detn\u011b uchycen\u00ed)<\/p>\n<p><em>* P\u0159\u00eddavn\u00e9 moduly (USB a DRC) nejsou sou\u010d\u00e1st\u00ed balen\u00ed. Je t\u0159eba je dokoupit zvl\u00e1\u0161\u0165 *<\/em><br \/>\n\u2013\u00a0<a style=\"color: blue;\" href=\"https:\/\/caraudioworld.eu\/cs\/produkt\/steg-usb\/\" target=\"_blank\" rel=\"noopener noreferrer\">STEG USB BLUETOOTH<\/a><br \/>\n\u2013\u00a0<a style=\"color: blue;\" href=\"https:\/\/caraudioworld.eu\/cs\/produkt\/steg-drc\/\" target=\"_blank\" rel=\"noopener noreferrer\">STEG DRC CONTROLLER<\/a><\/p>\n<p><strong>PC DSP SOFTWARE<\/strong>: Na vy\u017e\u00e1d\u00e1n\u00ed (e-mail)<\/p>\n<p><strong>ANDROID DSP APP<\/strong>: Na vy\u017e\u00e1d\u00e1n\u00ed (e-mail)<\/p>\n","protected":false},"featured_media":7490,"comment_status":"open","ping_status":"closed","template":"","meta":[],"product_brand":[],"product_cat":[323,324],"product_tag":[335,339],"class_list":{"0":"post-7481","1":"product","2":"type-product","3":"status-publish","4":"has-post-thumbnail","6":"product_cat-dsp-cs","7":"product_cat-dsp-procesory-cs","8":"product_tag-dsp-cs","9":"product_tag-steg-cs","11":"first","12":"instock","13":"taxable","14":"shipping-taxable","15":"purchasable","16":"product-type-simple"},"yoast_head":"<!-- This site is optimized with the Yoast SEO plugin v27.3 - https:\/\/yoast.com\/product\/yoast-seo-wordpress\/ -->\n<title>STEG SDSP68II - CARAUDIOWORLD<\/title>\n<meta name=\"description\" content=\"Vysoce kvalitn\u00ed Digital Signal Procesor od High End zna\u010dky STEG s mo\u017enost\u00ed p\u0159evz\u00edt ovl\u00e1d\u00e1n\u00ed zvuku do vlastn\u00edch rukou a vyt\u00e1hnout maximum z ka\u017ed\u00e9 audio sestavy.  32bit \/ 192kHz   6 vstupn\u00edch, 8 v\u00fdstupn\u00edch kan\u00e1l\u016f  \u010casov\u00e9 korekce s p\u0159esnost\u00ed 0.02 msec, cm \/ msec.  V\u0161echna nastaven\u00ed pracuj\u00ed v re\u00e1ln\u00e9m \u010dase  Extern\u00ed ovlada\u010d s displayem na m\u011bn\u011bn\u00ed ulo\u017een\u00fdch nastaven\u00ed v DSP (a\u017e 8 nastaven\u00ed), kontrolu bas\u016f a vstupn\u00edho sign\u00e1lu  USB p\u0159ipojen\u00ed k Po\u010d\u00edta\u010di kv\u016fli nastaven\u00ed DSP  Mo\u017enost vybrat z n\u00edzko \u00farov\u0148ov\u00e9ho vstupu nebo vysoce \u00farov\u0148ov\u00e9ho  Pracuje na nap\u011bt\u00ed 9 \u2013 15 Volt\u016f (max. 5 sec. Na 6 Voltech)  P\u0159\u00eddavn\u00e9 moduly: USB Bluetooth (Mo\u017enost p\u0159ehr\u00e1vat hudbu p\u0159es bluetooth a m\u011bnit nastaven\u00ed DSP pomoc\u00ed mobiln\u00ed aplikace), DRC controller (Mo\u017enost m\u011bnit nastaven\u00ed DSP)  Rozm\u011bry: 197 x 120 x 39 mm (v\u010detn\u011b uchycen\u00ed)  * P\u0159\u00eddavn\u00e9 moduly (USB a DRC) nejsou sou\u010d\u00e1st\u00ed balen\u00ed. Je t\u0159eba je dokoupit zvl\u00e1\u0161\u0165 * \u2013\u00a0STEG USB BLUETOOTH \u2013\u00a0STEG DRC CONTROLLER  PC DSP SOFTWARE: Na vy\u017e\u00e1d\u00e1n\u00ed (e-mail)  ANDROID DSP APP: Na vy\u017e\u00e1d\u00e1n\u00ed (e-mail)\" \/>\n<meta name=\"robots\" content=\"index, follow, max-snippet:-1, max-image-preview:large, max-video-preview:-1\" \/>\n<link rel=\"canonical\" href=\"https:\/\/caraudioworld.eu\/cs\/produkt\/steg-sdsp68\/\" \/>\n<meta property=\"og:locale\" content=\"cs_CZ\" \/>\n<meta property=\"og:type\" content=\"article\" \/>\n<meta property=\"og:title\" content=\"STEG SDSP68II - CARAUDIOWORLD\" \/>\n<meta property=\"og:description\" content=\"Vysoce kvalitn\u00ed Digital Signal Procesor od High End zna\u010dky STEG s mo\u017enost\u00ed p\u0159evz\u00edt ovl\u00e1d\u00e1n\u00ed zvuku do vlastn\u00edch rukou a vyt\u00e1hnout maximum z ka\u017ed\u00e9 audio sestavy.  32bit \/ 192kHz   6 vstupn\u00edch, 8 v\u00fdstupn\u00edch kan\u00e1l\u016f  \u010casov\u00e9 korekce s p\u0159esnost\u00ed 0.02 msec, cm \/ msec.  V\u0161echna nastaven\u00ed pracuj\u00ed v re\u00e1ln\u00e9m \u010dase  Extern\u00ed ovlada\u010d s displayem na m\u011bn\u011bn\u00ed ulo\u017een\u00fdch nastaven\u00ed v DSP (a\u017e 8 nastaven\u00ed), kontrolu bas\u016f a vstupn\u00edho sign\u00e1lu  USB p\u0159ipojen\u00ed k Po\u010d\u00edta\u010di kv\u016fli nastaven\u00ed DSP  Mo\u017enost vybrat z n\u00edzko \u00farov\u0148ov\u00e9ho vstupu nebo vysoce \u00farov\u0148ov\u00e9ho  Pracuje na nap\u011bt\u00ed 9 \u2013 15 Volt\u016f (max. 5 sec. Na 6 Voltech)  P\u0159\u00eddavn\u00e9 moduly: USB Bluetooth (Mo\u017enost p\u0159ehr\u00e1vat hudbu p\u0159es bluetooth a m\u011bnit nastaven\u00ed DSP pomoc\u00ed mobiln\u00ed aplikace), DRC controller (Mo\u017enost m\u011bnit nastaven\u00ed DSP)  Rozm\u011bry: 197 x 120 x 39 mm (v\u010detn\u011b uchycen\u00ed)  * P\u0159\u00eddavn\u00e9 moduly (USB a DRC) nejsou sou\u010d\u00e1st\u00ed balen\u00ed. Je t\u0159eba je dokoupit zvl\u00e1\u0161\u0165 * \u2013\u00a0STEG USB BLUETOOTH \u2013\u00a0STEG DRC CONTROLLER  PC DSP SOFTWARE: Na vy\u017e\u00e1d\u00e1n\u00ed (e-mail)  ANDROID DSP APP: Na vy\u017e\u00e1d\u00e1n\u00ed (e-mail)\" \/>\n<meta property=\"og:url\" content=\"https:\/\/caraudioworld.eu\/cs\/produkt\/steg-sdsp68\/\" \/>\n<meta property=\"og:site_name\" content=\"CARAUDIOWORLD\" \/>\n<meta property=\"article:publisher\" content=\"https:\/\/www.facebook.com\/caraudioworld.eu\" \/>\n<meta property=\"article:modified_time\" content=\"2023-08-08T19:39:58+00:00\" \/>\n<meta property=\"og:image\" content=\"https:\/\/caraudioworld.eu\/wp-content\/uploads\/2019\/10\/11-17.jpg\" \/>\n\t<meta property=\"og:image:width\" content=\"1000\" \/>\n\t<meta property=\"og:image:height\" content=\"700\" \/>\n\t<meta property=\"og:image:type\" content=\"image\/jpeg\" \/>\n<meta name=\"twitter:card\" content=\"summary_large_image\" \/>\n<script type=\"application\/ld+json\" class=\"yoast-schema-graph\">{\"@context\":\"https:\\\/\\\/schema.org\",\"@graph\":[{\"@type\":\"WebPage\",\"@id\":\"https:\\\/\\\/caraudioworld.eu\\\/cs\\\/produkt\\\/steg-sdsp68\\\/\",\"url\":\"https:\\\/\\\/caraudioworld.eu\\\/cs\\\/produkt\\\/steg-sdsp68\\\/\",\"name\":\"STEG SDSP68II - CARAUDIOWORLD\",\"isPartOf\":{\"@id\":\"https:\\\/\\\/caraudioworld.eu\\\/cs\\\/#website\"},\"primaryImageOfPage\":{\"@id\":\"https:\\\/\\\/caraudioworld.eu\\\/cs\\\/produkt\\\/steg-sdsp68\\\/#primaryimage\"},\"image\":{\"@id\":\"https:\\\/\\\/caraudioworld.eu\\\/cs\\\/produkt\\\/steg-sdsp68\\\/#primaryimage\"},\"thumbnailUrl\":\"https:\\\/\\\/caraudioworld.eu\\\/wp-content\\\/uploads\\\/2019\\\/10\\\/11-17.jpg\",\"datePublished\":\"2019-10-21T16:49:18+00:00\",\"dateModified\":\"2023-08-08T19:39:58+00:00\",\"description\":\"Vysoce kvalitn\u00ed Digital Signal Procesor od High End zna\u010dky STEG s mo\u017enost\u00ed p\u0159evz\u00edt ovl\u00e1d\u00e1n\u00ed zvuku do vlastn\u00edch rukou a vyt\u00e1hnout maximum z ka\u017ed\u00e9 audio sestavy. 32bit \\\/ 192kHz 6 vstupn\u00edch, 8 v\u00fdstupn\u00edch kan\u00e1l\u016f \u010casov\u00e9 korekce s p\u0159esnost\u00ed 0.02 msec, cm \\\/ msec. V\u0161echna nastaven\u00ed pracuj\u00ed v re\u00e1ln\u00e9m \u010dase Extern\u00ed ovlada\u010d s displayem na m\u011bn\u011bn\u00ed ulo\u017een\u00fdch nastaven\u00ed v DSP (a\u017e 8 nastaven\u00ed), kontrolu bas\u016f a vstupn\u00edho sign\u00e1lu USB p\u0159ipojen\u00ed k Po\u010d\u00edta\u010di kv\u016fli nastaven\u00ed DSP Mo\u017enost vybrat z n\u00edzko \u00farov\u0148ov\u00e9ho vstupu nebo vysoce \u00farov\u0148ov\u00e9ho Pracuje na nap\u011bt\u00ed 9 \u2013 15 Volt\u016f (max. 5 sec. Na 6 Voltech) P\u0159\u00eddavn\u00e9 moduly: USB Bluetooth (Mo\u017enost p\u0159ehr\u00e1vat hudbu p\u0159es bluetooth a m\u011bnit nastaven\u00ed DSP pomoc\u00ed mobiln\u00ed aplikace), DRC controller (Mo\u017enost m\u011bnit nastaven\u00ed DSP) Rozm\u011bry: 197 x 120 x 39 mm (v\u010detn\u011b uchycen\u00ed) * P\u0159\u00eddavn\u00e9 moduly (USB a DRC) nejsou sou\u010d\u00e1st\u00ed balen\u00ed. Je t\u0159eba je dokoupit zvl\u00e1\u0161\u0165 * \u2013\u00a0STEG USB BLUETOOTH \u2013\u00a0STEG DRC CONTROLLER PC DSP SOFTWARE: Na vy\u017e\u00e1d\u00e1n\u00ed (e-mail) ANDROID DSP APP: Na vy\u017e\u00e1d\u00e1n\u00ed (e-mail)\",\"breadcrumb\":{\"@id\":\"https:\\\/\\\/caraudioworld.eu\\\/cs\\\/produkt\\\/steg-sdsp68\\\/#breadcrumb\"},\"inLanguage\":\"cs\",\"potentialAction\":[{\"@type\":\"ReadAction\",\"target\":[\"https:\\\/\\\/caraudioworld.eu\\\/cs\\\/produkt\\\/steg-sdsp68\\\/\"]}]},{\"@type\":\"ImageObject\",\"inLanguage\":\"cs\",\"@id\":\"https:\\\/\\\/caraudioworld.eu\\\/cs\\\/produkt\\\/steg-sdsp68\\\/#primaryimage\",\"url\":\"https:\\\/\\\/caraudioworld.eu\\\/wp-content\\\/uploads\\\/2019\\\/10\\\/11-17.jpg\",\"contentUrl\":\"https:\\\/\\\/caraudioworld.eu\\\/wp-content\\\/uploads\\\/2019\\\/10\\\/11-17.jpg\",\"width\":1000,\"height\":700},{\"@type\":\"BreadcrumbList\",\"@id\":\"https:\\\/\\\/caraudioworld.eu\\\/cs\\\/produkt\\\/steg-sdsp68\\\/#breadcrumb\",\"itemListElement\":[{\"@type\":\"ListItem\",\"position\":1,\"name\":\"Home\",\"item\":\"https:\\\/\\\/caraudioworld.eu\\\/cs\\\/\"},{\"@type\":\"ListItem\",\"position\":2,\"name\":\"Obchod\",\"item\":\"https:\\\/\\\/caraudioworld.eu\\\/cs\\\/obchod\\\/\"},{\"@type\":\"ListItem\",\"position\":3,\"name\":\"STEG SDSP68II\"}]},{\"@type\":\"WebSite\",\"@id\":\"https:\\\/\\\/caraudioworld.eu\\\/cs\\\/#website\",\"url\":\"https:\\\/\\\/caraudioworld.eu\\\/cs\\\/\",\"name\":\"CARAUDIOWORLD\",\"description\":\"Audio Heaven\",\"publisher\":{\"@id\":\"https:\\\/\\\/caraudioworld.eu\\\/cs\\\/#organization\"},\"potentialAction\":[{\"@type\":\"SearchAction\",\"target\":{\"@type\":\"EntryPoint\",\"urlTemplate\":\"https:\\\/\\\/caraudioworld.eu\\\/cs\\\/?s={search_term_string}\"},\"query-input\":{\"@type\":\"PropertyValueSpecification\",\"valueRequired\":true,\"valueName\":\"search_term_string\"}}],\"inLanguage\":\"cs\"},{\"@type\":\"Organization\",\"@id\":\"https:\\\/\\\/caraudioworld.eu\\\/cs\\\/#organization\",\"name\":\"CARAUDIOWORLD.eu\",\"url\":\"https:\\\/\\\/caraudioworld.eu\\\/cs\\\/\",\"logo\":{\"@type\":\"ImageObject\",\"inLanguage\":\"cs\",\"@id\":\"https:\\\/\\\/caraudioworld.eu\\\/cs\\\/#\\\/schema\\\/logo\\\/image\\\/\",\"url\":\"https:\\\/\\\/caraudioworld.eu\\\/wp-content\\\/uploads\\\/2020\\\/10\\\/CAW_rounded.png\",\"contentUrl\":\"https:\\\/\\\/caraudioworld.eu\\\/wp-content\\\/uploads\\\/2020\\\/10\\\/CAW_rounded.png\",\"width\":510,\"height\":510,\"caption\":\"CARAUDIOWORLD.eu\"},\"image\":{\"@id\":\"https:\\\/\\\/caraudioworld.eu\\\/cs\\\/#\\\/schema\\\/logo\\\/image\\\/\"},\"sameAs\":[\"https:\\\/\\\/www.facebook.com\\\/caraudioworld.eu\",\"https:\\\/\\\/www.instagram.com\\\/caraudioworld.eu\\\/\"]}]}<\/script>\n<!-- \/ Yoast SEO plugin. -->","yoast_head_json":{"title":"STEG SDSP68II - CARAUDIOWORLD","description":"Vysoce kvalitn\u00ed Digital Signal Procesor od High End zna\u010dky STEG s mo\u017enost\u00ed p\u0159evz\u00edt ovl\u00e1d\u00e1n\u00ed zvuku do vlastn\u00edch rukou a vyt\u00e1hnout maximum z ka\u017ed\u00e9 audio sestavy.  32bit \/ 192kHz   6 vstupn\u00edch, 8 v\u00fdstupn\u00edch kan\u00e1l\u016f  \u010casov\u00e9 korekce s p\u0159esnost\u00ed 0.02 msec, cm \/ msec.  V\u0161echna nastaven\u00ed pracuj\u00ed v re\u00e1ln\u00e9m \u010dase  Extern\u00ed ovlada\u010d s displayem na m\u011bn\u011bn\u00ed ulo\u017een\u00fdch nastaven\u00ed v DSP (a\u017e 8 nastaven\u00ed), kontrolu bas\u016f a vstupn\u00edho sign\u00e1lu  USB p\u0159ipojen\u00ed k Po\u010d\u00edta\u010di kv\u016fli nastaven\u00ed DSP  Mo\u017enost vybrat z n\u00edzko \u00farov\u0148ov\u00e9ho vstupu nebo vysoce \u00farov\u0148ov\u00e9ho  Pracuje na nap\u011bt\u00ed 9 \u2013 15 Volt\u016f (max. 5 sec. Na 6 Voltech)  P\u0159\u00eddavn\u00e9 moduly: USB Bluetooth (Mo\u017enost p\u0159ehr\u00e1vat hudbu p\u0159es bluetooth a m\u011bnit nastaven\u00ed DSP pomoc\u00ed mobiln\u00ed aplikace), DRC controller (Mo\u017enost m\u011bnit nastaven\u00ed DSP)  Rozm\u011bry: 197 x 120 x 39 mm (v\u010detn\u011b uchycen\u00ed)  * P\u0159\u00eddavn\u00e9 moduly (USB a DRC) nejsou sou\u010d\u00e1st\u00ed balen\u00ed. Je t\u0159eba je dokoupit zvl\u00e1\u0161\u0165 * \u2013\u00a0STEG USB BLUETOOTH \u2013\u00a0STEG DRC CONTROLLER  PC DSP SOFTWARE: Na vy\u017e\u00e1d\u00e1n\u00ed (e-mail)  ANDROID DSP APP: Na vy\u017e\u00e1d\u00e1n\u00ed (e-mail)","robots":{"index":"index","follow":"follow","max-snippet":"max-snippet:-1","max-image-preview":"max-image-preview:large","max-video-preview":"max-video-preview:-1"},"canonical":"https:\/\/caraudioworld.eu\/cs\/produkt\/steg-sdsp68\/","og_locale":"cs_CZ","og_type":"article","og_title":"STEG SDSP68II - CARAUDIOWORLD","og_description":"Vysoce kvalitn\u00ed Digital Signal Procesor od High End zna\u010dky STEG s mo\u017enost\u00ed p\u0159evz\u00edt ovl\u00e1d\u00e1n\u00ed zvuku do vlastn\u00edch rukou a vyt\u00e1hnout maximum z ka\u017ed\u00e9 audio sestavy.  32bit \/ 192kHz   6 vstupn\u00edch, 8 v\u00fdstupn\u00edch kan\u00e1l\u016f  \u010casov\u00e9 korekce s p\u0159esnost\u00ed 0.02 msec, cm \/ msec.  V\u0161echna nastaven\u00ed pracuj\u00ed v re\u00e1ln\u00e9m \u010dase  Extern\u00ed ovlada\u010d s displayem na m\u011bn\u011bn\u00ed ulo\u017een\u00fdch nastaven\u00ed v DSP (a\u017e 8 nastaven\u00ed), kontrolu bas\u016f a vstupn\u00edho sign\u00e1lu  USB p\u0159ipojen\u00ed k Po\u010d\u00edta\u010di kv\u016fli nastaven\u00ed DSP  Mo\u017enost vybrat z n\u00edzko \u00farov\u0148ov\u00e9ho vstupu nebo vysoce \u00farov\u0148ov\u00e9ho  Pracuje na nap\u011bt\u00ed 9 \u2013 15 Volt\u016f (max. 5 sec. Na 6 Voltech)  P\u0159\u00eddavn\u00e9 moduly: USB Bluetooth (Mo\u017enost p\u0159ehr\u00e1vat hudbu p\u0159es bluetooth a m\u011bnit nastaven\u00ed DSP pomoc\u00ed mobiln\u00ed aplikace), DRC controller (Mo\u017enost m\u011bnit nastaven\u00ed DSP)  Rozm\u011bry: 197 x 120 x 39 mm (v\u010detn\u011b uchycen\u00ed)  * P\u0159\u00eddavn\u00e9 moduly (USB a DRC) nejsou sou\u010d\u00e1st\u00ed balen\u00ed. Je t\u0159eba je dokoupit zvl\u00e1\u0161\u0165 * \u2013\u00a0STEG USB BLUETOOTH \u2013\u00a0STEG DRC CONTROLLER  PC DSP SOFTWARE: Na vy\u017e\u00e1d\u00e1n\u00ed (e-mail)  ANDROID DSP APP: Na vy\u017e\u00e1d\u00e1n\u00ed (e-mail)","og_url":"https:\/\/caraudioworld.eu\/cs\/produkt\/steg-sdsp68\/","og_site_name":"CARAUDIOWORLD","article_publisher":"https:\/\/www.facebook.com\/caraudioworld.eu","article_modified_time":"2023-08-08T19:39:58+00:00","og_image":[{"width":1000,"height":700,"url":"https:\/\/caraudioworld.eu\/wp-content\/uploads\/2019\/10\/11-17.jpg","type":"image\/jpeg"}],"twitter_card":"summary_large_image","schema":{"@context":"https:\/\/schema.org","@graph":[{"@type":"WebPage","@id":"https:\/\/caraudioworld.eu\/cs\/produkt\/steg-sdsp68\/","url":"https:\/\/caraudioworld.eu\/cs\/produkt\/steg-sdsp68\/","name":"STEG SDSP68II - CARAUDIOWORLD","isPartOf":{"@id":"https:\/\/caraudioworld.eu\/cs\/#website"},"primaryImageOfPage":{"@id":"https:\/\/caraudioworld.eu\/cs\/produkt\/steg-sdsp68\/#primaryimage"},"image":{"@id":"https:\/\/caraudioworld.eu\/cs\/produkt\/steg-sdsp68\/#primaryimage"},"thumbnailUrl":"https:\/\/caraudioworld.eu\/wp-content\/uploads\/2019\/10\/11-17.jpg","datePublished":"2019-10-21T16:49:18+00:00","dateModified":"2023-08-08T19:39:58+00:00","description":"Vysoce kvalitn\u00ed Digital Signal Procesor od High End zna\u010dky STEG s mo\u017enost\u00ed p\u0159evz\u00edt ovl\u00e1d\u00e1n\u00ed zvuku do vlastn\u00edch rukou a vyt\u00e1hnout maximum z ka\u017ed\u00e9 audio sestavy. 32bit \/ 192kHz 6 vstupn\u00edch, 8 v\u00fdstupn\u00edch kan\u00e1l\u016f \u010casov\u00e9 korekce s p\u0159esnost\u00ed 0.02 msec, cm \/ msec. V\u0161echna nastaven\u00ed pracuj\u00ed v re\u00e1ln\u00e9m \u010dase Extern\u00ed ovlada\u010d s displayem na m\u011bn\u011bn\u00ed ulo\u017een\u00fdch nastaven\u00ed v DSP (a\u017e 8 nastaven\u00ed), kontrolu bas\u016f a vstupn\u00edho sign\u00e1lu USB p\u0159ipojen\u00ed k Po\u010d\u00edta\u010di kv\u016fli nastaven\u00ed DSP Mo\u017enost vybrat z n\u00edzko \u00farov\u0148ov\u00e9ho vstupu nebo vysoce \u00farov\u0148ov\u00e9ho Pracuje na nap\u011bt\u00ed 9 \u2013 15 Volt\u016f (max. 5 sec. Na 6 Voltech) P\u0159\u00eddavn\u00e9 moduly: USB Bluetooth (Mo\u017enost p\u0159ehr\u00e1vat hudbu p\u0159es bluetooth a m\u011bnit nastaven\u00ed DSP pomoc\u00ed mobiln\u00ed aplikace), DRC controller (Mo\u017enost m\u011bnit nastaven\u00ed DSP) Rozm\u011bry: 197 x 120 x 39 mm (v\u010detn\u011b uchycen\u00ed) * P\u0159\u00eddavn\u00e9 moduly (USB a DRC) nejsou sou\u010d\u00e1st\u00ed balen\u00ed. Je t\u0159eba je dokoupit zvl\u00e1\u0161\u0165 * \u2013\u00a0STEG USB BLUETOOTH \u2013\u00a0STEG DRC CONTROLLER PC DSP SOFTWARE: Na vy\u017e\u00e1d\u00e1n\u00ed (e-mail) ANDROID DSP APP: Na vy\u017e\u00e1d\u00e1n\u00ed (e-mail)","breadcrumb":{"@id":"https:\/\/caraudioworld.eu\/cs\/produkt\/steg-sdsp68\/#breadcrumb"},"inLanguage":"cs","potentialAction":[{"@type":"ReadAction","target":["https:\/\/caraudioworld.eu\/cs\/produkt\/steg-sdsp68\/"]}]},{"@type":"ImageObject","inLanguage":"cs","@id":"https:\/\/caraudioworld.eu\/cs\/produkt\/steg-sdsp68\/#primaryimage","url":"https:\/\/caraudioworld.eu\/wp-content\/uploads\/2019\/10\/11-17.jpg","contentUrl":"https:\/\/caraudioworld.eu\/wp-content\/uploads\/2019\/10\/11-17.jpg","width":1000,"height":700},{"@type":"BreadcrumbList","@id":"https:\/\/caraudioworld.eu\/cs\/produkt\/steg-sdsp68\/#breadcrumb","itemListElement":[{"@type":"ListItem","position":1,"name":"Home","item":"https:\/\/caraudioworld.eu\/cs\/"},{"@type":"ListItem","position":2,"name":"Obchod","item":"https:\/\/caraudioworld.eu\/cs\/obchod\/"},{"@type":"ListItem","position":3,"name":"STEG SDSP68II"}]},{"@type":"WebSite","@id":"https:\/\/caraudioworld.eu\/cs\/#website","url":"https:\/\/caraudioworld.eu\/cs\/","name":"CARAUDIOWORLD","description":"Audio Heaven","publisher":{"@id":"https:\/\/caraudioworld.eu\/cs\/#organization"},"potentialAction":[{"@type":"SearchAction","target":{"@type":"EntryPoint","urlTemplate":"https:\/\/caraudioworld.eu\/cs\/?s={search_term_string}"},"query-input":{"@type":"PropertyValueSpecification","valueRequired":true,"valueName":"search_term_string"}}],"inLanguage":"cs"},{"@type":"Organization","@id":"https:\/\/caraudioworld.eu\/cs\/#organization","name":"CARAUDIOWORLD.eu","url":"https:\/\/caraudioworld.eu\/cs\/","logo":{"@type":"ImageObject","inLanguage":"cs","@id":"https:\/\/caraudioworld.eu\/cs\/#\/schema\/logo\/image\/","url":"https:\/\/caraudioworld.eu\/wp-content\/uploads\/2020\/10\/CAW_rounded.png","contentUrl":"https:\/\/caraudioworld.eu\/wp-content\/uploads\/2020\/10\/CAW_rounded.png","width":510,"height":510,"caption":"CARAUDIOWORLD.eu"},"image":{"@id":"https:\/\/caraudioworld.eu\/cs\/#\/schema\/logo\/image\/"},"sameAs":["https:\/\/www.facebook.com\/caraudioworld.eu","https:\/\/www.instagram.com\/caraudioworld.eu\/"]}]}},"_links":{"self":[{"href":"https:\/\/caraudioworld.eu\/cs\/wp-json\/wp\/v2\/product\/7481","targetHints":{"allow":["GET"]}}],"collection":[{"href":"https:\/\/caraudioworld.eu\/cs\/wp-json\/wp\/v2\/product"}],"about":[{"href":"https:\/\/caraudioworld.eu\/cs\/wp-json\/wp\/v2\/types\/product"}],"replies":[{"embeddable":true,"href":"https:\/\/caraudioworld.eu\/cs\/wp-json\/wp\/v2\/comments?post=7481"}],"wp:featuredmedia":[{"embeddable":true,"href":"https:\/\/caraudioworld.eu\/cs\/wp-json\/wp\/v2\/media\/7490"}],"wp:attachment":[{"href":"https:\/\/caraudioworld.eu\/cs\/wp-json\/wp\/v2\/media?parent=7481"}],"wp:term":[{"taxonomy":"product_brand","embeddable":true,"href":"https:\/\/caraudioworld.eu\/cs\/wp-json\/wp\/v2\/product_brand?post=7481"},{"taxonomy":"product_cat","embeddable":true,"href":"https:\/\/caraudioworld.eu\/cs\/wp-json\/wp\/v2\/product_cat?post=7481"},{"taxonomy":"product_tag","embeddable":true,"href":"https:\/\/caraudioworld.eu\/cs\/wp-json\/wp\/v2\/product_tag?post=7481"}],"curies":[{"name":"wp","href":"https:\/\/api.w.org\/{rel}","templated":true}]}}