{"id":7492,"date":"2019-10-21T21:13:51","date_gmt":"2019-10-21T19:13:51","guid":{"rendered":"https:\/\/caraudioworld.eu\/produkt\/steg-msk-classe-a\/"},"modified":"2020-09-12T13:53:24","modified_gmt":"2020-09-12T11:53:24","slug":"steg-msk-classe-a","status":"publish","type":"product","link":"https:\/\/caraudioworld.eu\/cs\/produkt\/steg-msk-classe-a\/","title":{"rendered":"STEG MSK Classe A"},"content":{"rendered":"","protected":false},"excerpt":{"rendered":"<p>Jeden z nejlep\u0161\u00edch zesilova\u010d\u016f na sv\u011bt\u011b v\u016fbec! Vhodn\u00fd pro ty, kte\u0159\u00ed ji\u017e ned\u00e1vaj\u00ed \u017e\u00e1dn\u00fd prostor kompromisem a &#8222;celkem dobr\u00fdm&#8220; produkt\u016fm.<\/p>\n<p>Rozm\u011bry: 46,6 x 6 x 25,5 cm<br \/>\nHmotnost: 7kg<\/p>\n<p>Specifikace zesilova\u010de:<\/p>\n<p>T\u0159\u00edda zesilova\u010de: A &#8211; A \/ B<br \/>\nPo\u010det kan\u00e1l\u016f: 2 kan\u00e1ly<br \/>\nV\u00fdkon RMS p\u0159i 14,4 V:<br \/>\n&#8211; 2x 100W (4\u03a9)<br \/>\n&#8211; 1x 200W (2\u03a9)<br \/>\nZesilova\u010d funguje jako t\u0159\u00edda A po 50w. N\u00e1sledn\u011b se zm\u011bn\u00ed na t\u0159\u00eddu A \/ B<br \/>\nRozsah vstupn\u00ed citlivosti: 400mV \u00f7 5,5V<br \/>\nFrekven\u010dn\u00ed rozsah: 5 Hz a\u017e 250 kHz (-3 dB @ 1 W)<br \/>\nHarmonick\u00e9 zkreslen\u00ed (THD): &lt;0,8%<br \/>\nIntermodula\u010dn\u00ed zkreslen\u00ed (DIM): &lt;0,12%<br \/>\nNap\u00e1jec\u00ed nap\u011bt\u00ed: 10,5-16 VDC<br \/>\nPom\u011br sign\u00e1lu k \u0161umu:&gt; 101 dB<br \/>\nNejni\u017e\u0161\u00ed doporu\u010den\u00e9 zat\u00ed\u017een\u00ed: 2 ohmy<br \/>\nDoporu\u010den\u00e1 velikost pojistky: 100A (extern\u00ed)<\/p>\n<p>Manual: <a style=\"color: blue;\" href=\"https:\/\/caraudioworld.eu\/wp-content\/uploads\/2019\/11\/manualClasseA.pdf\" target=\"_blank\" rel=\"noopener noreferrer\">Download<\/a><br \/>\nTechnick\u00e9 specifikace: <a style=\"color: blue;\" href=\"https:\/\/caraudioworld.eu\/wp-content\/uploads\/2019\/11\/techSpecClasseA.pdf\" target=\"_blank\" rel=\"noopener noreferrer\">Download<\/a><\/p>\n","protected":false},"featured_media":8760,"comment_status":"open","ping_status":"closed","template":"","meta":[],"product_brand":[],"product_cat":[421,420],"product_tag":[339],"class_list":{"0":"post-7492","1":"product","2":"type-product","3":"status-publish","4":"has-post-thumbnail","6":"product_cat-2-kanal-cs","7":"product_cat-zesilovace","8":"product_tag-steg-cs","10":"first","11":"instock","12":"sale","13":"taxable","14":"shipping-taxable","15":"purchasable","16":"product-type-simple"},"yoast_head":"<!-- This site is optimized with the Yoast SEO plugin v27.3 - https:\/\/yoast.com\/product\/yoast-seo-wordpress\/ -->\n<title>STEG MSK Classe A - CARAUDIOWORLD<\/title>\n<meta name=\"description\" content=\"Jeden z nejlep\u0161\u00edch zesilova\u010d\u016f na sv\u011bt\u011b v\u016fbec! Vhodn\u00fd pro ty, kte\u0159\u00ed ji\u017e ned\u00e1vaj\u00ed \u017e\u00e1dn\u00fd prostor kompromisem a &quot;celkem dobr\u00fdm&quot; produkt\u016fm.  Rozm\u011bry: 46,6 x 6 x 25,5 cm Hmotnost: 7kg  Specifikace zesilova\u010de:  T\u0159\u00edda zesilova\u010de: A - A \/ B Po\u010det kan\u00e1l\u016f: 2 kan\u00e1ly V\u00fdkon RMS p\u0159i 14,4 V: - 2x 100W (4\u03a9) - 1x 200W (2\u03a9) Zesilova\u010d funguje jako t\u0159\u00edda A po 50w. N\u00e1sledn\u011b se zm\u011bn\u00ed na t\u0159\u00eddu A \/ B Rozsah vstupn\u00ed citlivosti: 400mV \u00f7 5,5V Frekven\u010dn\u00ed rozsah: 5 Hz a\u017e 250 kHz (-3 dB @ 1 W) Harmonick\u00e9 zkreslen\u00ed (THD): &lt;0,8% Intermodula\u010dn\u00ed zkreslen\u00ed (DIM): &lt;0,12% Nap\u00e1jec\u00ed nap\u011bt\u00ed: 10,5-16 VDC Pom\u011br sign\u00e1lu k \u0161umu:&gt; 101 dB Nejni\u017e\u0161\u00ed doporu\u010den\u00e9 zat\u00ed\u017een\u00ed: 2 ohmy Doporu\u010den\u00e1 velikost pojistky: 100A (extern\u00ed)  Manual: Download Technick\u00e9 specifikace: Download\" \/>\n<meta name=\"robots\" content=\"index, follow, max-snippet:-1, max-image-preview:large, max-video-preview:-1\" \/>\n<link rel=\"canonical\" href=\"https:\/\/caraudioworld.eu\/cs\/produkt\/steg-msk-classe-a\/\" \/>\n<meta property=\"og:locale\" content=\"cs_CZ\" \/>\n<meta property=\"og:type\" content=\"article\" \/>\n<meta property=\"og:title\" content=\"STEG MSK Classe A - CARAUDIOWORLD\" \/>\n<meta property=\"og:description\" content=\"Jeden z nejlep\u0161\u00edch zesilova\u010d\u016f na sv\u011bt\u011b v\u016fbec! Vhodn\u00fd pro ty, kte\u0159\u00ed ji\u017e ned\u00e1vaj\u00ed \u017e\u00e1dn\u00fd prostor kompromisem a &quot;celkem dobr\u00fdm&quot; produkt\u016fm.  Rozm\u011bry: 46,6 x 6 x 25,5 cm Hmotnost: 7kg  Specifikace zesilova\u010de:  T\u0159\u00edda zesilova\u010de: A - A \/ B Po\u010det kan\u00e1l\u016f: 2 kan\u00e1ly V\u00fdkon RMS p\u0159i 14,4 V: - 2x 100W (4\u03a9) - 1x 200W (2\u03a9) Zesilova\u010d funguje jako t\u0159\u00edda A po 50w. N\u00e1sledn\u011b se zm\u011bn\u00ed na t\u0159\u00eddu A \/ B Rozsah vstupn\u00ed citlivosti: 400mV \u00f7 5,5V Frekven\u010dn\u00ed rozsah: 5 Hz a\u017e 250 kHz (-3 dB @ 1 W) Harmonick\u00e9 zkreslen\u00ed (THD): &lt;0,8% Intermodula\u010dn\u00ed zkreslen\u00ed (DIM): &lt;0,12% Nap\u00e1jec\u00ed nap\u011bt\u00ed: 10,5-16 VDC Pom\u011br sign\u00e1lu k \u0161umu:&gt; 101 dB Nejni\u017e\u0161\u00ed doporu\u010den\u00e9 zat\u00ed\u017een\u00ed: 2 ohmy Doporu\u010den\u00e1 velikost pojistky: 100A (extern\u00ed)  Manual: Download Technick\u00e9 specifikace: Download\" \/>\n<meta property=\"og:url\" content=\"https:\/\/caraudioworld.eu\/cs\/produkt\/steg-msk-classe-a\/\" \/>\n<meta property=\"og:site_name\" content=\"CARAUDIOWORLD\" \/>\n<meta property=\"article:publisher\" content=\"https:\/\/www.facebook.com\/caraudioworld.eu\" \/>\n<meta property=\"article:modified_time\" content=\"2020-09-12T11:53:24+00:00\" \/>\n<meta property=\"og:image\" content=\"https:\/\/caraudioworld.eu\/wp-content\/uploads\/2019\/10\/steg-classe-a.jpg\" \/>\n\t<meta property=\"og:image:width\" content=\"1000\" \/>\n\t<meta property=\"og:image:height\" content=\"700\" \/>\n\t<meta property=\"og:image:type\" content=\"image\/jpeg\" \/>\n<meta name=\"twitter:card\" content=\"summary_large_image\" \/>\n<script type=\"application\/ld+json\" class=\"yoast-schema-graph\">{\"@context\":\"https:\\\/\\\/schema.org\",\"@graph\":[{\"@type\":\"WebPage\",\"@id\":\"https:\\\/\\\/caraudioworld.eu\\\/cs\\\/produkt\\\/steg-msk-classe-a\\\/\",\"url\":\"https:\\\/\\\/caraudioworld.eu\\\/cs\\\/produkt\\\/steg-msk-classe-a\\\/\",\"name\":\"STEG MSK Classe A - CARAUDIOWORLD\",\"isPartOf\":{\"@id\":\"https:\\\/\\\/caraudioworld.eu\\\/cs\\\/#website\"},\"primaryImageOfPage\":{\"@id\":\"https:\\\/\\\/caraudioworld.eu\\\/cs\\\/produkt\\\/steg-msk-classe-a\\\/#primaryimage\"},\"image\":{\"@id\":\"https:\\\/\\\/caraudioworld.eu\\\/cs\\\/produkt\\\/steg-msk-classe-a\\\/#primaryimage\"},\"thumbnailUrl\":\"https:\\\/\\\/caraudioworld.eu\\\/wp-content\\\/uploads\\\/2019\\\/10\\\/steg-classe-a.jpg\",\"datePublished\":\"2019-10-21T19:13:51+00:00\",\"dateModified\":\"2020-09-12T11:53:24+00:00\",\"description\":\"Jeden z nejlep\u0161\u00edch zesilova\u010d\u016f na sv\u011bt\u011b v\u016fbec! Vhodn\u00fd pro ty, kte\u0159\u00ed ji\u017e ned\u00e1vaj\u00ed \u017e\u00e1dn\u00fd prostor kompromisem a \\\"celkem dobr\u00fdm\\\" produkt\u016fm. Rozm\u011bry: 46,6 x 6 x 25,5 cm Hmotnost: 7kg Specifikace zesilova\u010de: T\u0159\u00edda zesilova\u010de: A - A \\\/ B Po\u010det kan\u00e1l\u016f: 2 kan\u00e1ly V\u00fdkon RMS p\u0159i 14,4 V: - 2x 100W (4\u03a9) - 1x 200W (2\u03a9) Zesilova\u010d funguje jako t\u0159\u00edda A po 50w. N\u00e1sledn\u011b se zm\u011bn\u00ed na t\u0159\u00eddu A \\\/ B Rozsah vstupn\u00ed citlivosti: 400mV \u00f7 5,5V Frekven\u010dn\u00ed rozsah: 5 Hz a\u017e 250 kHz (-3 dB @ 1 W) Harmonick\u00e9 zkreslen\u00ed (THD): &lt;0,8% Intermodula\u010dn\u00ed zkreslen\u00ed (DIM): &lt;0,12% Nap\u00e1jec\u00ed nap\u011bt\u00ed: 10,5-16 VDC Pom\u011br sign\u00e1lu k \u0161umu:&gt; 101 dB Nejni\u017e\u0161\u00ed doporu\u010den\u00e9 zat\u00ed\u017een\u00ed: 2 ohmy Doporu\u010den\u00e1 velikost pojistky: 100A (extern\u00ed) Manual: Download Technick\u00e9 specifikace: Download\",\"breadcrumb\":{\"@id\":\"https:\\\/\\\/caraudioworld.eu\\\/cs\\\/produkt\\\/steg-msk-classe-a\\\/#breadcrumb\"},\"inLanguage\":\"cs\",\"potentialAction\":[{\"@type\":\"ReadAction\",\"target\":[\"https:\\\/\\\/caraudioworld.eu\\\/cs\\\/produkt\\\/steg-msk-classe-a\\\/\"]}]},{\"@type\":\"ImageObject\",\"inLanguage\":\"cs\",\"@id\":\"https:\\\/\\\/caraudioworld.eu\\\/cs\\\/produkt\\\/steg-msk-classe-a\\\/#primaryimage\",\"url\":\"https:\\\/\\\/caraudioworld.eu\\\/wp-content\\\/uploads\\\/2019\\\/10\\\/steg-classe-a.jpg\",\"contentUrl\":\"https:\\\/\\\/caraudioworld.eu\\\/wp-content\\\/uploads\\\/2019\\\/10\\\/steg-classe-a.jpg\",\"width\":1000,\"height\":700,\"caption\":\"steg msk classe a\"},{\"@type\":\"BreadcrumbList\",\"@id\":\"https:\\\/\\\/caraudioworld.eu\\\/cs\\\/produkt\\\/steg-msk-classe-a\\\/#breadcrumb\",\"itemListElement\":[{\"@type\":\"ListItem\",\"position\":1,\"name\":\"Home\",\"item\":\"https:\\\/\\\/caraudioworld.eu\\\/cs\\\/\"},{\"@type\":\"ListItem\",\"position\":2,\"name\":\"Obchod\",\"item\":\"https:\\\/\\\/caraudioworld.eu\\\/cs\\\/obchod\\\/\"},{\"@type\":\"ListItem\",\"position\":3,\"name\":\"STEG MSK Classe A\"}]},{\"@type\":\"WebSite\",\"@id\":\"https:\\\/\\\/caraudioworld.eu\\\/cs\\\/#website\",\"url\":\"https:\\\/\\\/caraudioworld.eu\\\/cs\\\/\",\"name\":\"CARAUDIOWORLD\",\"description\":\"Audio Heaven\",\"publisher\":{\"@id\":\"https:\\\/\\\/caraudioworld.eu\\\/cs\\\/#organization\"},\"potentialAction\":[{\"@type\":\"SearchAction\",\"target\":{\"@type\":\"EntryPoint\",\"urlTemplate\":\"https:\\\/\\\/caraudioworld.eu\\\/cs\\\/?s={search_term_string}\"},\"query-input\":{\"@type\":\"PropertyValueSpecification\",\"valueRequired\":true,\"valueName\":\"search_term_string\"}}],\"inLanguage\":\"cs\"},{\"@type\":\"Organization\",\"@id\":\"https:\\\/\\\/caraudioworld.eu\\\/cs\\\/#organization\",\"name\":\"CARAUDIOWORLD.eu\",\"url\":\"https:\\\/\\\/caraudioworld.eu\\\/cs\\\/\",\"logo\":{\"@type\":\"ImageObject\",\"inLanguage\":\"cs\",\"@id\":\"https:\\\/\\\/caraudioworld.eu\\\/cs\\\/#\\\/schema\\\/logo\\\/image\\\/\",\"url\":\"https:\\\/\\\/caraudioworld.eu\\\/wp-content\\\/uploads\\\/2020\\\/10\\\/CAW_rounded.png\",\"contentUrl\":\"https:\\\/\\\/caraudioworld.eu\\\/wp-content\\\/uploads\\\/2020\\\/10\\\/CAW_rounded.png\",\"width\":510,\"height\":510,\"caption\":\"CARAUDIOWORLD.eu\"},\"image\":{\"@id\":\"https:\\\/\\\/caraudioworld.eu\\\/cs\\\/#\\\/schema\\\/logo\\\/image\\\/\"},\"sameAs\":[\"https:\\\/\\\/www.facebook.com\\\/caraudioworld.eu\",\"https:\\\/\\\/www.instagram.com\\\/caraudioworld.eu\\\/\"]}]}<\/script>\n<!-- \/ Yoast SEO plugin. -->","yoast_head_json":{"title":"STEG MSK Classe A - CARAUDIOWORLD","description":"Jeden z nejlep\u0161\u00edch zesilova\u010d\u016f na sv\u011bt\u011b v\u016fbec! Vhodn\u00fd pro ty, kte\u0159\u00ed ji\u017e ned\u00e1vaj\u00ed \u017e\u00e1dn\u00fd prostor kompromisem a \"celkem dobr\u00fdm\" produkt\u016fm.  Rozm\u011bry: 46,6 x 6 x 25,5 cm Hmotnost: 7kg  Specifikace zesilova\u010de:  T\u0159\u00edda zesilova\u010de: A - A \/ B Po\u010det kan\u00e1l\u016f: 2 kan\u00e1ly V\u00fdkon RMS p\u0159i 14,4 V: - 2x 100W (4\u03a9) - 1x 200W (2\u03a9) Zesilova\u010d funguje jako t\u0159\u00edda A po 50w. N\u00e1sledn\u011b se zm\u011bn\u00ed na t\u0159\u00eddu A \/ B Rozsah vstupn\u00ed citlivosti: 400mV \u00f7 5,5V Frekven\u010dn\u00ed rozsah: 5 Hz a\u017e 250 kHz (-3 dB @ 1 W) Harmonick\u00e9 zkreslen\u00ed (THD): &lt;0,8% Intermodula\u010dn\u00ed zkreslen\u00ed (DIM): &lt;0,12% Nap\u00e1jec\u00ed nap\u011bt\u00ed: 10,5-16 VDC Pom\u011br sign\u00e1lu k \u0161umu:&gt; 101 dB Nejni\u017e\u0161\u00ed doporu\u010den\u00e9 zat\u00ed\u017een\u00ed: 2 ohmy Doporu\u010den\u00e1 velikost pojistky: 100A (extern\u00ed)  Manual: Download Technick\u00e9 specifikace: Download","robots":{"index":"index","follow":"follow","max-snippet":"max-snippet:-1","max-image-preview":"max-image-preview:large","max-video-preview":"max-video-preview:-1"},"canonical":"https:\/\/caraudioworld.eu\/cs\/produkt\/steg-msk-classe-a\/","og_locale":"cs_CZ","og_type":"article","og_title":"STEG MSK Classe A - CARAUDIOWORLD","og_description":"Jeden z nejlep\u0161\u00edch zesilova\u010d\u016f na sv\u011bt\u011b v\u016fbec! Vhodn\u00fd pro ty, kte\u0159\u00ed ji\u017e ned\u00e1vaj\u00ed \u017e\u00e1dn\u00fd prostor kompromisem a \"celkem dobr\u00fdm\" produkt\u016fm.  Rozm\u011bry: 46,6 x 6 x 25,5 cm Hmotnost: 7kg  Specifikace zesilova\u010de:  T\u0159\u00edda zesilova\u010de: A - A \/ B Po\u010det kan\u00e1l\u016f: 2 kan\u00e1ly V\u00fdkon RMS p\u0159i 14,4 V: - 2x 100W (4\u03a9) - 1x 200W (2\u03a9) Zesilova\u010d funguje jako t\u0159\u00edda A po 50w. N\u00e1sledn\u011b se zm\u011bn\u00ed na t\u0159\u00eddu A \/ B Rozsah vstupn\u00ed citlivosti: 400mV \u00f7 5,5V Frekven\u010dn\u00ed rozsah: 5 Hz a\u017e 250 kHz (-3 dB @ 1 W) Harmonick\u00e9 zkreslen\u00ed (THD): &lt;0,8% Intermodula\u010dn\u00ed zkreslen\u00ed (DIM): &lt;0,12% Nap\u00e1jec\u00ed nap\u011bt\u00ed: 10,5-16 VDC Pom\u011br sign\u00e1lu k \u0161umu:&gt; 101 dB Nejni\u017e\u0161\u00ed doporu\u010den\u00e9 zat\u00ed\u017een\u00ed: 2 ohmy Doporu\u010den\u00e1 velikost pojistky: 100A (extern\u00ed)  Manual: Download Technick\u00e9 specifikace: Download","og_url":"https:\/\/caraudioworld.eu\/cs\/produkt\/steg-msk-classe-a\/","og_site_name":"CARAUDIOWORLD","article_publisher":"https:\/\/www.facebook.com\/caraudioworld.eu","article_modified_time":"2020-09-12T11:53:24+00:00","og_image":[{"width":1000,"height":700,"url":"https:\/\/caraudioworld.eu\/wp-content\/uploads\/2019\/10\/steg-classe-a.jpg","type":"image\/jpeg"}],"twitter_card":"summary_large_image","schema":{"@context":"https:\/\/schema.org","@graph":[{"@type":"WebPage","@id":"https:\/\/caraudioworld.eu\/cs\/produkt\/steg-msk-classe-a\/","url":"https:\/\/caraudioworld.eu\/cs\/produkt\/steg-msk-classe-a\/","name":"STEG MSK Classe A - CARAUDIOWORLD","isPartOf":{"@id":"https:\/\/caraudioworld.eu\/cs\/#website"},"primaryImageOfPage":{"@id":"https:\/\/caraudioworld.eu\/cs\/produkt\/steg-msk-classe-a\/#primaryimage"},"image":{"@id":"https:\/\/caraudioworld.eu\/cs\/produkt\/steg-msk-classe-a\/#primaryimage"},"thumbnailUrl":"https:\/\/caraudioworld.eu\/wp-content\/uploads\/2019\/10\/steg-classe-a.jpg","datePublished":"2019-10-21T19:13:51+00:00","dateModified":"2020-09-12T11:53:24+00:00","description":"Jeden z nejlep\u0161\u00edch zesilova\u010d\u016f na sv\u011bt\u011b v\u016fbec! Vhodn\u00fd pro ty, kte\u0159\u00ed ji\u017e ned\u00e1vaj\u00ed \u017e\u00e1dn\u00fd prostor kompromisem a \"celkem dobr\u00fdm\" produkt\u016fm. Rozm\u011bry: 46,6 x 6 x 25,5 cm Hmotnost: 7kg Specifikace zesilova\u010de: T\u0159\u00edda zesilova\u010de: A - A \/ B Po\u010det kan\u00e1l\u016f: 2 kan\u00e1ly V\u00fdkon RMS p\u0159i 14,4 V: - 2x 100W (4\u03a9) - 1x 200W (2\u03a9) Zesilova\u010d funguje jako t\u0159\u00edda A po 50w. N\u00e1sledn\u011b se zm\u011bn\u00ed na t\u0159\u00eddu A \/ B Rozsah vstupn\u00ed citlivosti: 400mV \u00f7 5,5V Frekven\u010dn\u00ed rozsah: 5 Hz a\u017e 250 kHz (-3 dB @ 1 W) Harmonick\u00e9 zkreslen\u00ed (THD): &lt;0,8% Intermodula\u010dn\u00ed zkreslen\u00ed (DIM): &lt;0,12% Nap\u00e1jec\u00ed nap\u011bt\u00ed: 10,5-16 VDC Pom\u011br sign\u00e1lu k \u0161umu:&gt; 101 dB Nejni\u017e\u0161\u00ed doporu\u010den\u00e9 zat\u00ed\u017een\u00ed: 2 ohmy Doporu\u010den\u00e1 velikost pojistky: 100A (extern\u00ed) Manual: Download Technick\u00e9 specifikace: Download","breadcrumb":{"@id":"https:\/\/caraudioworld.eu\/cs\/produkt\/steg-msk-classe-a\/#breadcrumb"},"inLanguage":"cs","potentialAction":[{"@type":"ReadAction","target":["https:\/\/caraudioworld.eu\/cs\/produkt\/steg-msk-classe-a\/"]}]},{"@type":"ImageObject","inLanguage":"cs","@id":"https:\/\/caraudioworld.eu\/cs\/produkt\/steg-msk-classe-a\/#primaryimage","url":"https:\/\/caraudioworld.eu\/wp-content\/uploads\/2019\/10\/steg-classe-a.jpg","contentUrl":"https:\/\/caraudioworld.eu\/wp-content\/uploads\/2019\/10\/steg-classe-a.jpg","width":1000,"height":700,"caption":"steg msk classe a"},{"@type":"BreadcrumbList","@id":"https:\/\/caraudioworld.eu\/cs\/produkt\/steg-msk-classe-a\/#breadcrumb","itemListElement":[{"@type":"ListItem","position":1,"name":"Home","item":"https:\/\/caraudioworld.eu\/cs\/"},{"@type":"ListItem","position":2,"name":"Obchod","item":"https:\/\/caraudioworld.eu\/cs\/obchod\/"},{"@type":"ListItem","position":3,"name":"STEG MSK Classe A"}]},{"@type":"WebSite","@id":"https:\/\/caraudioworld.eu\/cs\/#website","url":"https:\/\/caraudioworld.eu\/cs\/","name":"CARAUDIOWORLD","description":"Audio Heaven","publisher":{"@id":"https:\/\/caraudioworld.eu\/cs\/#organization"},"potentialAction":[{"@type":"SearchAction","target":{"@type":"EntryPoint","urlTemplate":"https:\/\/caraudioworld.eu\/cs\/?s={search_term_string}"},"query-input":{"@type":"PropertyValueSpecification","valueRequired":true,"valueName":"search_term_string"}}],"inLanguage":"cs"},{"@type":"Organization","@id":"https:\/\/caraudioworld.eu\/cs\/#organization","name":"CARAUDIOWORLD.eu","url":"https:\/\/caraudioworld.eu\/cs\/","logo":{"@type":"ImageObject","inLanguage":"cs","@id":"https:\/\/caraudioworld.eu\/cs\/#\/schema\/logo\/image\/","url":"https:\/\/caraudioworld.eu\/wp-content\/uploads\/2020\/10\/CAW_rounded.png","contentUrl":"https:\/\/caraudioworld.eu\/wp-content\/uploads\/2020\/10\/CAW_rounded.png","width":510,"height":510,"caption":"CARAUDIOWORLD.eu"},"image":{"@id":"https:\/\/caraudioworld.eu\/cs\/#\/schema\/logo\/image\/"},"sameAs":["https:\/\/www.facebook.com\/caraudioworld.eu","https:\/\/www.instagram.com\/caraudioworld.eu\/"]}]}},"_links":{"self":[{"href":"https:\/\/caraudioworld.eu\/cs\/wp-json\/wp\/v2\/product\/7492","targetHints":{"allow":["GET"]}}],"collection":[{"href":"https:\/\/caraudioworld.eu\/cs\/wp-json\/wp\/v2\/product"}],"about":[{"href":"https:\/\/caraudioworld.eu\/cs\/wp-json\/wp\/v2\/types\/product"}],"replies":[{"embeddable":true,"href":"https:\/\/caraudioworld.eu\/cs\/wp-json\/wp\/v2\/comments?post=7492"}],"wp:featuredmedia":[{"embeddable":true,"href":"https:\/\/caraudioworld.eu\/cs\/wp-json\/wp\/v2\/media\/8760"}],"wp:attachment":[{"href":"https:\/\/caraudioworld.eu\/cs\/wp-json\/wp\/v2\/media?parent=7492"}],"wp:term":[{"taxonomy":"product_brand","embeddable":true,"href":"https:\/\/caraudioworld.eu\/cs\/wp-json\/wp\/v2\/product_brand?post=7492"},{"taxonomy":"product_cat","embeddable":true,"href":"https:\/\/caraudioworld.eu\/cs\/wp-json\/wp\/v2\/product_cat?post=7492"},{"taxonomy":"product_tag","embeddable":true,"href":"https:\/\/caraudioworld.eu\/cs\/wp-json\/wp\/v2\/product_tag?post=7492"}],"curies":[{"name":"wp","href":"https:\/\/api.w.org\/{rel}","templated":true}]}}