{"id":7551,"date":"2019-10-21T22:31:47","date_gmt":"2019-10-21T20:31:47","guid":{"rendered":"https:\/\/caraudioworld.eu\/produkt\/steg-qm-75\/"},"modified":"2019-10-21T22:31:47","modified_gmt":"2019-10-21T20:31:47","slug":"steg-qm-75","status":"publish","type":"product","link":"https:\/\/caraudioworld.eu\/cs\/produkt\/steg-qm-75\/","title":{"rendered":"STEG QM75.4"},"content":{"rendered":"","protected":false},"excerpt":{"rendered":"<p>Kvalitn\u00ed 2 kan\u00e1lov\u00fd zesilova\u010d, kter\u00fd vynik\u00e1 sv\u00fdm zvukem! Kvalitou p\u0159ednesu je srovnateln\u00fd s v\u00edcen\u00e1sobn\u011b dra\u017e\u0161\u00edmi zesilova\u010di a dok\u00e1\u017ee p\u0159en\u00e9st do va\u0161ich reproduktor\u016f neuv\u011b\u0159iteln\u00e9 detaily. V\u00fdborn\u00e1 kontrola, \u0161irok\u00e9 frekven\u010dn\u00ed p\u00e1smo a kvalitn\u00ed proveden\u00ed ze sv\u011btozn\u00e1m\u00e9 Italsk\u00e9 firmy tvo\u0159\u00ed spolu s p\u0159ijatelnou cenou nep\u0159ekonateln\u00e9 spojen\u00ed.<\/p>\n<p>Zesilova\u010d t\u0159\u00eddy A \/ B<br \/>\n4 x 75W RMS @ 4 ohm<br \/>\n4 x 105W RMS @ 2 ohm<br \/>\n2 x 210W RMS @ 4 ohm<\/p>\n<p>Frekven\u010dn\u00ed rozsah: 5 &#8211; 150 000 Hz<br \/>\nDamping faktor:&gt; 500<\/p>\n<p>Rozm\u011bry: 334 x 56 x 184 mm<\/p>\n<p>V\u00e1ha: 3.21 Kg<\/p>\n<p>Manual: <a style=\"color: blue;\" href=\"https:\/\/caraudioworld.eu\/wp-content\/uploads\/2019\/11\/manualqm75.pdf\" target=\"_blank\" rel=\"noopener noreferrer\">Download<\/a><br \/>\nTechnick\u00e9 specifikace: <a style=\"color: blue;\" href=\"https:\/\/caraudioworld.eu\/wp-content\/uploads\/2019\/11\/tehcspecqm75.pdf\" target=\"_blank\" rel=\"noopener noreferrer\">Download<\/a><\/p>\n","protected":false},"featured_media":7558,"comment_status":"open","ping_status":"closed","template":"","meta":[],"product_brand":[],"product_cat":[422,420],"product_tag":[339],"class_list":{"0":"post-7551","1":"product","2":"type-product","3":"status-publish","4":"has-post-thumbnail","6":"product_cat-4-kanal-cs","7":"product_cat-zesilovace","8":"product_tag-steg-cs","10":"first","11":"instock","12":"taxable","13":"shipping-taxable","14":"purchasable","15":"product-type-simple"},"yoast_head":"<!-- This site is optimized with the Yoast SEO plugin v27.3 - https:\/\/yoast.com\/product\/yoast-seo-wordpress\/ -->\n<title>STEG QM75.4 - CARAUDIOWORLD<\/title>\n<meta name=\"description\" content=\"Kvalitn\u00ed 2 kan\u00e1lov\u00fd zesilova\u010d, kter\u00fd vynik\u00e1 sv\u00fdm zvukem! Kvalitou p\u0159ednesu je srovnateln\u00fd s v\u00edcen\u00e1sobn\u011b dra\u017e\u0161\u00edmi zesilova\u010di a dok\u00e1\u017ee p\u0159en\u00e9st do va\u0161ich reproduktor\u016f neuv\u011b\u0159iteln\u00e9 detaily. V\u00fdborn\u00e1 kontrola, \u0161irok\u00e9 frekven\u010dn\u00ed p\u00e1smo a kvalitn\u00ed proveden\u00ed ze sv\u011btozn\u00e1m\u00e9 Italsk\u00e9 firmy tvo\u0159\u00ed spolu s p\u0159ijatelnou cenou nep\u0159ekonateln\u00e9 spojen\u00ed.  Zesilova\u010d t\u0159\u00eddy A \/ B 4 x 75W RMS @ 4 ohm 4 x 105W RMS @ 2 ohm 2 x 210W RMS @ 4 ohm  Frekven\u010dn\u00ed rozsah: 5 - 150 000 Hz Damping faktor:&gt; 500  Rozm\u011bry: 334 x 56 x 184 mm  V\u00e1ha: 3.21 Kg  Manual: Download Technick\u00e9 specifikace: Download\" \/>\n<meta name=\"robots\" content=\"index, follow, max-snippet:-1, max-image-preview:large, max-video-preview:-1\" \/>\n<link rel=\"canonical\" href=\"https:\/\/caraudioworld.eu\/cs\/produkt\/steg-qm-75\/\" \/>\n<meta property=\"og:locale\" content=\"cs_CZ\" \/>\n<meta property=\"og:type\" content=\"article\" \/>\n<meta property=\"og:title\" content=\"STEG QM75.4 - CARAUDIOWORLD\" \/>\n<meta property=\"og:description\" content=\"Kvalitn\u00ed 2 kan\u00e1lov\u00fd zesilova\u010d, kter\u00fd vynik\u00e1 sv\u00fdm zvukem! Kvalitou p\u0159ednesu je srovnateln\u00fd s v\u00edcen\u00e1sobn\u011b dra\u017e\u0161\u00edmi zesilova\u010di a dok\u00e1\u017ee p\u0159en\u00e9st do va\u0161ich reproduktor\u016f neuv\u011b\u0159iteln\u00e9 detaily. V\u00fdborn\u00e1 kontrola, \u0161irok\u00e9 frekven\u010dn\u00ed p\u00e1smo a kvalitn\u00ed proveden\u00ed ze sv\u011btozn\u00e1m\u00e9 Italsk\u00e9 firmy tvo\u0159\u00ed spolu s p\u0159ijatelnou cenou nep\u0159ekonateln\u00e9 spojen\u00ed.  Zesilova\u010d t\u0159\u00eddy A \/ B 4 x 75W RMS @ 4 ohm 4 x 105W RMS @ 2 ohm 2 x 210W RMS @ 4 ohm  Frekven\u010dn\u00ed rozsah: 5 - 150 000 Hz Damping faktor:&gt; 500  Rozm\u011bry: 334 x 56 x 184 mm  V\u00e1ha: 3.21 Kg  Manual: Download Technick\u00e9 specifikace: Download\" \/>\n<meta property=\"og:url\" content=\"https:\/\/caraudioworld.eu\/cs\/produkt\/steg-qm-75\/\" \/>\n<meta property=\"og:site_name\" content=\"CARAUDIOWORLD\" \/>\n<meta property=\"article:publisher\" content=\"https:\/\/www.facebook.com\/caraudioworld.eu\" \/>\n<meta property=\"og:image\" content=\"https:\/\/caraudioworld.eu\/wp-content\/uploads\/2019\/10\/11-22.jpg\" \/>\n\t<meta property=\"og:image:width\" content=\"1000\" \/>\n\t<meta property=\"og:image:height\" content=\"700\" \/>\n\t<meta property=\"og:image:type\" content=\"image\/jpeg\" \/>\n<meta name=\"twitter:card\" content=\"summary_large_image\" \/>\n<script type=\"application\/ld+json\" class=\"yoast-schema-graph\">{\"@context\":\"https:\\\/\\\/schema.org\",\"@graph\":[{\"@type\":\"WebPage\",\"@id\":\"https:\\\/\\\/caraudioworld.eu\\\/cs\\\/produkt\\\/steg-qm-75\\\/\",\"url\":\"https:\\\/\\\/caraudioworld.eu\\\/cs\\\/produkt\\\/steg-qm-75\\\/\",\"name\":\"STEG QM75.4 - CARAUDIOWORLD\",\"isPartOf\":{\"@id\":\"https:\\\/\\\/caraudioworld.eu\\\/cs\\\/#website\"},\"primaryImageOfPage\":{\"@id\":\"https:\\\/\\\/caraudioworld.eu\\\/cs\\\/produkt\\\/steg-qm-75\\\/#primaryimage\"},\"image\":{\"@id\":\"https:\\\/\\\/caraudioworld.eu\\\/cs\\\/produkt\\\/steg-qm-75\\\/#primaryimage\"},\"thumbnailUrl\":\"https:\\\/\\\/caraudioworld.eu\\\/wp-content\\\/uploads\\\/2019\\\/10\\\/11-22.jpg\",\"datePublished\":\"2019-10-21T20:31:47+00:00\",\"description\":\"Kvalitn\u00ed 2 kan\u00e1lov\u00fd zesilova\u010d, kter\u00fd vynik\u00e1 sv\u00fdm zvukem! Kvalitou p\u0159ednesu je srovnateln\u00fd s v\u00edcen\u00e1sobn\u011b dra\u017e\u0161\u00edmi zesilova\u010di a dok\u00e1\u017ee p\u0159en\u00e9st do va\u0161ich reproduktor\u016f neuv\u011b\u0159iteln\u00e9 detaily. V\u00fdborn\u00e1 kontrola, \u0161irok\u00e9 frekven\u010dn\u00ed p\u00e1smo a kvalitn\u00ed proveden\u00ed ze sv\u011btozn\u00e1m\u00e9 Italsk\u00e9 firmy tvo\u0159\u00ed spolu s p\u0159ijatelnou cenou nep\u0159ekonateln\u00e9 spojen\u00ed. Zesilova\u010d t\u0159\u00eddy A \\\/ B 4 x 75W RMS @ 4 ohm 4 x 105W RMS @ 2 ohm 2 x 210W RMS @ 4 ohm Frekven\u010dn\u00ed rozsah: 5 - 150 000 Hz Damping faktor:&gt; 500 Rozm\u011bry: 334 x 56 x 184 mm V\u00e1ha: 3.21 Kg Manual: Download Technick\u00e9 specifikace: Download\",\"breadcrumb\":{\"@id\":\"https:\\\/\\\/caraudioworld.eu\\\/cs\\\/produkt\\\/steg-qm-75\\\/#breadcrumb\"},\"inLanguage\":\"cs\",\"potentialAction\":[{\"@type\":\"ReadAction\",\"target\":[\"https:\\\/\\\/caraudioworld.eu\\\/cs\\\/produkt\\\/steg-qm-75\\\/\"]}]},{\"@type\":\"ImageObject\",\"inLanguage\":\"cs\",\"@id\":\"https:\\\/\\\/caraudioworld.eu\\\/cs\\\/produkt\\\/steg-qm-75\\\/#primaryimage\",\"url\":\"https:\\\/\\\/caraudioworld.eu\\\/wp-content\\\/uploads\\\/2019\\\/10\\\/11-22.jpg\",\"contentUrl\":\"https:\\\/\\\/caraudioworld.eu\\\/wp-content\\\/uploads\\\/2019\\\/10\\\/11-22.jpg\",\"width\":1000,\"height\":700},{\"@type\":\"BreadcrumbList\",\"@id\":\"https:\\\/\\\/caraudioworld.eu\\\/cs\\\/produkt\\\/steg-qm-75\\\/#breadcrumb\",\"itemListElement\":[{\"@type\":\"ListItem\",\"position\":1,\"name\":\"Home\",\"item\":\"https:\\\/\\\/caraudioworld.eu\\\/cs\\\/\"},{\"@type\":\"ListItem\",\"position\":2,\"name\":\"Obchod\",\"item\":\"https:\\\/\\\/caraudioworld.eu\\\/cs\\\/obchod\\\/\"},{\"@type\":\"ListItem\",\"position\":3,\"name\":\"STEG QM75.4\"}]},{\"@type\":\"WebSite\",\"@id\":\"https:\\\/\\\/caraudioworld.eu\\\/cs\\\/#website\",\"url\":\"https:\\\/\\\/caraudioworld.eu\\\/cs\\\/\",\"name\":\"CARAUDIOWORLD\",\"description\":\"Audio Heaven\",\"publisher\":{\"@id\":\"https:\\\/\\\/caraudioworld.eu\\\/cs\\\/#organization\"},\"potentialAction\":[{\"@type\":\"SearchAction\",\"target\":{\"@type\":\"EntryPoint\",\"urlTemplate\":\"https:\\\/\\\/caraudioworld.eu\\\/cs\\\/?s={search_term_string}\"},\"query-input\":{\"@type\":\"PropertyValueSpecification\",\"valueRequired\":true,\"valueName\":\"search_term_string\"}}],\"inLanguage\":\"cs\"},{\"@type\":\"Organization\",\"@id\":\"https:\\\/\\\/caraudioworld.eu\\\/cs\\\/#organization\",\"name\":\"CARAUDIOWORLD.eu\",\"url\":\"https:\\\/\\\/caraudioworld.eu\\\/cs\\\/\",\"logo\":{\"@type\":\"ImageObject\",\"inLanguage\":\"cs\",\"@id\":\"https:\\\/\\\/caraudioworld.eu\\\/cs\\\/#\\\/schema\\\/logo\\\/image\\\/\",\"url\":\"https:\\\/\\\/caraudioworld.eu\\\/wp-content\\\/uploads\\\/2020\\\/10\\\/CAW_rounded.png\",\"contentUrl\":\"https:\\\/\\\/caraudioworld.eu\\\/wp-content\\\/uploads\\\/2020\\\/10\\\/CAW_rounded.png\",\"width\":510,\"height\":510,\"caption\":\"CARAUDIOWORLD.eu\"},\"image\":{\"@id\":\"https:\\\/\\\/caraudioworld.eu\\\/cs\\\/#\\\/schema\\\/logo\\\/image\\\/\"},\"sameAs\":[\"https:\\\/\\\/www.facebook.com\\\/caraudioworld.eu\",\"https:\\\/\\\/www.instagram.com\\\/caraudioworld.eu\\\/\"]}]}<\/script>\n<!-- \/ Yoast SEO plugin. -->","yoast_head_json":{"title":"STEG QM75.4 - CARAUDIOWORLD","description":"Kvalitn\u00ed 2 kan\u00e1lov\u00fd zesilova\u010d, kter\u00fd vynik\u00e1 sv\u00fdm zvukem! Kvalitou p\u0159ednesu je srovnateln\u00fd s v\u00edcen\u00e1sobn\u011b dra\u017e\u0161\u00edmi zesilova\u010di a dok\u00e1\u017ee p\u0159en\u00e9st do va\u0161ich reproduktor\u016f neuv\u011b\u0159iteln\u00e9 detaily. V\u00fdborn\u00e1 kontrola, \u0161irok\u00e9 frekven\u010dn\u00ed p\u00e1smo a kvalitn\u00ed proveden\u00ed ze sv\u011btozn\u00e1m\u00e9 Italsk\u00e9 firmy tvo\u0159\u00ed spolu s p\u0159ijatelnou cenou nep\u0159ekonateln\u00e9 spojen\u00ed.  Zesilova\u010d t\u0159\u00eddy A \/ B 4 x 75W RMS @ 4 ohm 4 x 105W RMS @ 2 ohm 2 x 210W RMS @ 4 ohm  Frekven\u010dn\u00ed rozsah: 5 - 150 000 Hz Damping faktor:&gt; 500  Rozm\u011bry: 334 x 56 x 184 mm  V\u00e1ha: 3.21 Kg  Manual: Download Technick\u00e9 specifikace: Download","robots":{"index":"index","follow":"follow","max-snippet":"max-snippet:-1","max-image-preview":"max-image-preview:large","max-video-preview":"max-video-preview:-1"},"canonical":"https:\/\/caraudioworld.eu\/cs\/produkt\/steg-qm-75\/","og_locale":"cs_CZ","og_type":"article","og_title":"STEG QM75.4 - CARAUDIOWORLD","og_description":"Kvalitn\u00ed 2 kan\u00e1lov\u00fd zesilova\u010d, kter\u00fd vynik\u00e1 sv\u00fdm zvukem! Kvalitou p\u0159ednesu je srovnateln\u00fd s v\u00edcen\u00e1sobn\u011b dra\u017e\u0161\u00edmi zesilova\u010di a dok\u00e1\u017ee p\u0159en\u00e9st do va\u0161ich reproduktor\u016f neuv\u011b\u0159iteln\u00e9 detaily. V\u00fdborn\u00e1 kontrola, \u0161irok\u00e9 frekven\u010dn\u00ed p\u00e1smo a kvalitn\u00ed proveden\u00ed ze sv\u011btozn\u00e1m\u00e9 Italsk\u00e9 firmy tvo\u0159\u00ed spolu s p\u0159ijatelnou cenou nep\u0159ekonateln\u00e9 spojen\u00ed.  Zesilova\u010d t\u0159\u00eddy A \/ B 4 x 75W RMS @ 4 ohm 4 x 105W RMS @ 2 ohm 2 x 210W RMS @ 4 ohm  Frekven\u010dn\u00ed rozsah: 5 - 150 000 Hz Damping faktor:&gt; 500  Rozm\u011bry: 334 x 56 x 184 mm  V\u00e1ha: 3.21 Kg  Manual: Download Technick\u00e9 specifikace: Download","og_url":"https:\/\/caraudioworld.eu\/cs\/produkt\/steg-qm-75\/","og_site_name":"CARAUDIOWORLD","article_publisher":"https:\/\/www.facebook.com\/caraudioworld.eu","og_image":[{"width":1000,"height":700,"url":"https:\/\/caraudioworld.eu\/wp-content\/uploads\/2019\/10\/11-22.jpg","type":"image\/jpeg"}],"twitter_card":"summary_large_image","schema":{"@context":"https:\/\/schema.org","@graph":[{"@type":"WebPage","@id":"https:\/\/caraudioworld.eu\/cs\/produkt\/steg-qm-75\/","url":"https:\/\/caraudioworld.eu\/cs\/produkt\/steg-qm-75\/","name":"STEG QM75.4 - CARAUDIOWORLD","isPartOf":{"@id":"https:\/\/caraudioworld.eu\/cs\/#website"},"primaryImageOfPage":{"@id":"https:\/\/caraudioworld.eu\/cs\/produkt\/steg-qm-75\/#primaryimage"},"image":{"@id":"https:\/\/caraudioworld.eu\/cs\/produkt\/steg-qm-75\/#primaryimage"},"thumbnailUrl":"https:\/\/caraudioworld.eu\/wp-content\/uploads\/2019\/10\/11-22.jpg","datePublished":"2019-10-21T20:31:47+00:00","description":"Kvalitn\u00ed 2 kan\u00e1lov\u00fd zesilova\u010d, kter\u00fd vynik\u00e1 sv\u00fdm zvukem! Kvalitou p\u0159ednesu je srovnateln\u00fd s v\u00edcen\u00e1sobn\u011b dra\u017e\u0161\u00edmi zesilova\u010di a dok\u00e1\u017ee p\u0159en\u00e9st do va\u0161ich reproduktor\u016f neuv\u011b\u0159iteln\u00e9 detaily. V\u00fdborn\u00e1 kontrola, \u0161irok\u00e9 frekven\u010dn\u00ed p\u00e1smo a kvalitn\u00ed proveden\u00ed ze sv\u011btozn\u00e1m\u00e9 Italsk\u00e9 firmy tvo\u0159\u00ed spolu s p\u0159ijatelnou cenou nep\u0159ekonateln\u00e9 spojen\u00ed. Zesilova\u010d t\u0159\u00eddy A \/ B 4 x 75W RMS @ 4 ohm 4 x 105W RMS @ 2 ohm 2 x 210W RMS @ 4 ohm Frekven\u010dn\u00ed rozsah: 5 - 150 000 Hz Damping faktor:&gt; 500 Rozm\u011bry: 334 x 56 x 184 mm V\u00e1ha: 3.21 Kg Manual: Download Technick\u00e9 specifikace: Download","breadcrumb":{"@id":"https:\/\/caraudioworld.eu\/cs\/produkt\/steg-qm-75\/#breadcrumb"},"inLanguage":"cs","potentialAction":[{"@type":"ReadAction","target":["https:\/\/caraudioworld.eu\/cs\/produkt\/steg-qm-75\/"]}]},{"@type":"ImageObject","inLanguage":"cs","@id":"https:\/\/caraudioworld.eu\/cs\/produkt\/steg-qm-75\/#primaryimage","url":"https:\/\/caraudioworld.eu\/wp-content\/uploads\/2019\/10\/11-22.jpg","contentUrl":"https:\/\/caraudioworld.eu\/wp-content\/uploads\/2019\/10\/11-22.jpg","width":1000,"height":700},{"@type":"BreadcrumbList","@id":"https:\/\/caraudioworld.eu\/cs\/produkt\/steg-qm-75\/#breadcrumb","itemListElement":[{"@type":"ListItem","position":1,"name":"Home","item":"https:\/\/caraudioworld.eu\/cs\/"},{"@type":"ListItem","position":2,"name":"Obchod","item":"https:\/\/caraudioworld.eu\/cs\/obchod\/"},{"@type":"ListItem","position":3,"name":"STEG QM75.4"}]},{"@type":"WebSite","@id":"https:\/\/caraudioworld.eu\/cs\/#website","url":"https:\/\/caraudioworld.eu\/cs\/","name":"CARAUDIOWORLD","description":"Audio Heaven","publisher":{"@id":"https:\/\/caraudioworld.eu\/cs\/#organization"},"potentialAction":[{"@type":"SearchAction","target":{"@type":"EntryPoint","urlTemplate":"https:\/\/caraudioworld.eu\/cs\/?s={search_term_string}"},"query-input":{"@type":"PropertyValueSpecification","valueRequired":true,"valueName":"search_term_string"}}],"inLanguage":"cs"},{"@type":"Organization","@id":"https:\/\/caraudioworld.eu\/cs\/#organization","name":"CARAUDIOWORLD.eu","url":"https:\/\/caraudioworld.eu\/cs\/","logo":{"@type":"ImageObject","inLanguage":"cs","@id":"https:\/\/caraudioworld.eu\/cs\/#\/schema\/logo\/image\/","url":"https:\/\/caraudioworld.eu\/wp-content\/uploads\/2020\/10\/CAW_rounded.png","contentUrl":"https:\/\/caraudioworld.eu\/wp-content\/uploads\/2020\/10\/CAW_rounded.png","width":510,"height":510,"caption":"CARAUDIOWORLD.eu"},"image":{"@id":"https:\/\/caraudioworld.eu\/cs\/#\/schema\/logo\/image\/"},"sameAs":["https:\/\/www.facebook.com\/caraudioworld.eu","https:\/\/www.instagram.com\/caraudioworld.eu\/"]}]}},"_links":{"self":[{"href":"https:\/\/caraudioworld.eu\/cs\/wp-json\/wp\/v2\/product\/7551","targetHints":{"allow":["GET"]}}],"collection":[{"href":"https:\/\/caraudioworld.eu\/cs\/wp-json\/wp\/v2\/product"}],"about":[{"href":"https:\/\/caraudioworld.eu\/cs\/wp-json\/wp\/v2\/types\/product"}],"replies":[{"embeddable":true,"href":"https:\/\/caraudioworld.eu\/cs\/wp-json\/wp\/v2\/comments?post=7551"}],"wp:featuredmedia":[{"embeddable":true,"href":"https:\/\/caraudioworld.eu\/cs\/wp-json\/wp\/v2\/media\/7558"}],"wp:attachment":[{"href":"https:\/\/caraudioworld.eu\/cs\/wp-json\/wp\/v2\/media?parent=7551"}],"wp:term":[{"taxonomy":"product_brand","embeddable":true,"href":"https:\/\/caraudioworld.eu\/cs\/wp-json\/wp\/v2\/product_brand?post=7551"},{"taxonomy":"product_cat","embeddable":true,"href":"https:\/\/caraudioworld.eu\/cs\/wp-json\/wp\/v2\/product_cat?post=7551"},{"taxonomy":"product_tag","embeddable":true,"href":"https:\/\/caraudioworld.eu\/cs\/wp-json\/wp\/v2\/product_tag?post=7551"}],"curies":[{"name":"wp","href":"https:\/\/api.w.org\/{rel}","templated":true}]}}