{"id":7620,"date":"2019-10-24T23:10:54","date_gmt":"2019-10-24T21:10:54","guid":{"rendered":"https:\/\/caraudioworld.eu\/produkt\/ctk-premium-1-8mm\/"},"modified":"2020-06-10T21:31:48","modified_gmt":"2020-06-10T19:31:48","slug":"ctk-premium-1-8mm","status":"publish","type":"product","link":"https:\/\/caraudioworld.eu\/cs\/produkt\/ctk-premium-1-8mm\/","title":{"rendered":"CTK Premium 1.8mm"},"content":{"rendered":"","protected":false},"excerpt":{"rendered":"<p>Po\u010det (pl\u00e1t\u016f) v balen\u00ed: 16 (ks)<br \/>\nPo\u010det m\u00b2 v balen\u00ed: 2.96<\/p>\n<p>Velikost: 37 x 50 cm (pl\u00e1t)<br \/>\nTlou\u0161\u0165ka: 1.8mm<br \/>\nV\u00e1ha: 2.7kg \/ m\u00b2<\/p>\n<p>mechanical loss faktor: 0.30<br \/>\nje leh\u010d\u00ed, av\u0161ak \u00fa\u010dinn\u011bj\u0161\u00ed ne\u017e \u0159ada Standard<br \/>\njemn\u011bj\u0161\u00ed rastr f\u00f3lie = lep\u0161\u00ed manipulace a ohebnost pl\u00e1tu = jednodu\u0161\u0161\u00ed instalace<\/p>\n<p>tlou\u0161\u0165ka hlin\u00edkov\u00e9 f\u00f3lie: 100um (mikrometr\u016f)<\/p>\n<ul>\n<li>potla\u010duje rezonance podkladu<\/li>\n<li>m\u00e1 antikorozn\u00ed vlastnosti<\/li>\n<li>zabra\u0148uje prostupu hluku<\/li>\n<li>materi\u00e1l je netoxick\u00fd<\/li>\n<\/ul>\n<p>provozn\u00ed teplota: -40 \u00b0 C a\u017e + 150 \u00b0 C<br \/>\ndoporu\u010den\u00e1 teplota p\u0159i aplikaci: nad + 10 \u00b0 C<\/p>\n<p>aplikujte na \u010dist\u00fd, odma\u0161t\u011bn\u00fd povrch, p\u0159itla\u010dte v\u00e1le\u010dkem<\/p>\n<p><strong>V\u00edce informac\u00ed:<\/strong> <a style=\"color: blue;\" href=\"https:\/\/caraudioworld.eu\/wp-content\/uploads\/2019\/10\/CTK-PREMIUM.pdf\" target=\"_blank\" rel=\"noopener noreferrer\">Download PDF<\/a><\/p>\n<p>&nbsp;<\/p>\n","protected":false},"featured_media":7626,"comment_status":"open","ping_status":"closed","template":"","meta":[],"product_brand":[],"product_cat":[419],"product_tag":[334],"class_list":{"0":"post-7620","1":"product","2":"type-product","3":"status-publish","4":"has-post-thumbnail","6":"product_cat-tlumeni","7":"product_tag-ctk-cs","9":"first","10":"instock","11":"taxable","12":"shipping-taxable","13":"purchasable","14":"product-type-simple"},"yoast_head":"<!-- This site is optimized with the Yoast SEO plugin v27.3 - https:\/\/yoast.com\/product\/yoast-seo-wordpress\/ -->\n<title>CTK Premium 1.8mm - CARAUDIOWORLD<\/title>\n<meta name=\"description\" content=\"Po\u010det (pl\u00e1t\u016f) v balen\u00ed: 16 (ks) Po\u010det m\u00b2 v balen\u00ed: 2.96  Velikost: 37 x 50 cm (pl\u00e1t) Tlou\u0161\u0165ka: 1.8mm V\u00e1ha: 2.7kg \/ m\u00b2  mechanical loss faktor: 0.30 je leh\u010d\u00ed, av\u0161ak \u00fa\u010dinn\u011bj\u0161\u00ed ne\u017e \u0159ada Standard jemn\u011bj\u0161\u00ed rastr f\u00f3lie = lep\u0161\u00ed manipulace a ohebnost pl\u00e1tu = jednodu\u0161\u0161\u00ed instalace  tlou\u0161\u0165ka hlin\u00edkov\u00e9 f\u00f3lie: 100um (mikrometr\u016f)   potla\u010duje rezonance podkladu  m\u00e1 antikorozn\u00ed vlastnosti  zabra\u0148uje prostupu hluku  materi\u00e1l je netoxick\u00fd  provozn\u00ed teplota: -40 \u00b0 C a\u017e + 150 \u00b0 C doporu\u010den\u00e1 teplota p\u0159i aplikaci: nad + 10 \u00b0 C  aplikujte na \u010dist\u00fd, odma\u0161t\u011bn\u00fd povrch, p\u0159itla\u010dte v\u00e1le\u010dkem  V\u00edce informac\u00ed: Download PDF  &nbsp;\" \/>\n<meta name=\"robots\" content=\"index, follow, max-snippet:-1, max-image-preview:large, max-video-preview:-1\" \/>\n<link rel=\"canonical\" href=\"https:\/\/caraudioworld.eu\/cs\/produkt\/ctk-premium-1-8mm\/\" \/>\n<meta property=\"og:locale\" content=\"cs_CZ\" \/>\n<meta property=\"og:type\" content=\"article\" \/>\n<meta property=\"og:title\" content=\"CTK Premium 1.8mm - CARAUDIOWORLD\" \/>\n<meta property=\"og:description\" content=\"Po\u010det (pl\u00e1t\u016f) v balen\u00ed: 16 (ks) Po\u010det m\u00b2 v balen\u00ed: 2.96  Velikost: 37 x 50 cm (pl\u00e1t) Tlou\u0161\u0165ka: 1.8mm V\u00e1ha: 2.7kg \/ m\u00b2  mechanical loss faktor: 0.30 je leh\u010d\u00ed, av\u0161ak \u00fa\u010dinn\u011bj\u0161\u00ed ne\u017e \u0159ada Standard jemn\u011bj\u0161\u00ed rastr f\u00f3lie = lep\u0161\u00ed manipulace a ohebnost pl\u00e1tu = jednodu\u0161\u0161\u00ed instalace  tlou\u0161\u0165ka hlin\u00edkov\u00e9 f\u00f3lie: 100um (mikrometr\u016f)   potla\u010duje rezonance podkladu  m\u00e1 antikorozn\u00ed vlastnosti  zabra\u0148uje prostupu hluku  materi\u00e1l je netoxick\u00fd  provozn\u00ed teplota: -40 \u00b0 C a\u017e + 150 \u00b0 C doporu\u010den\u00e1 teplota p\u0159i aplikaci: nad + 10 \u00b0 C  aplikujte na \u010dist\u00fd, odma\u0161t\u011bn\u00fd povrch, p\u0159itla\u010dte v\u00e1le\u010dkem  V\u00edce informac\u00ed: Download PDF  &nbsp;\" \/>\n<meta property=\"og:url\" content=\"https:\/\/caraudioworld.eu\/cs\/produkt\/ctk-premium-1-8mm\/\" \/>\n<meta property=\"og:site_name\" content=\"CARAUDIOWORLD\" \/>\n<meta property=\"article:publisher\" content=\"https:\/\/www.facebook.com\/caraudioworld.eu\" \/>\n<meta property=\"article:modified_time\" content=\"2020-06-10T19:31:48+00:00\" \/>\n<meta property=\"og:image\" content=\"https:\/\/caraudioworld.eu\/wp-content\/uploads\/2019\/10\/333.jpg\" \/>\n\t<meta property=\"og:image:width\" content=\"1000\" \/>\n\t<meta property=\"og:image:height\" content=\"700\" \/>\n\t<meta property=\"og:image:type\" content=\"image\/jpeg\" \/>\n<meta name=\"twitter:card\" content=\"summary_large_image\" \/>\n<script type=\"application\/ld+json\" class=\"yoast-schema-graph\">{\"@context\":\"https:\\\/\\\/schema.org\",\"@graph\":[{\"@type\":\"WebPage\",\"@id\":\"https:\\\/\\\/caraudioworld.eu\\\/cs\\\/produkt\\\/ctk-premium-1-8mm\\\/\",\"url\":\"https:\\\/\\\/caraudioworld.eu\\\/cs\\\/produkt\\\/ctk-premium-1-8mm\\\/\",\"name\":\"CTK Premium 1.8mm - CARAUDIOWORLD\",\"isPartOf\":{\"@id\":\"https:\\\/\\\/caraudioworld.eu\\\/cs\\\/#website\"},\"primaryImageOfPage\":{\"@id\":\"https:\\\/\\\/caraudioworld.eu\\\/cs\\\/produkt\\\/ctk-premium-1-8mm\\\/#primaryimage\"},\"image\":{\"@id\":\"https:\\\/\\\/caraudioworld.eu\\\/cs\\\/produkt\\\/ctk-premium-1-8mm\\\/#primaryimage\"},\"thumbnailUrl\":\"https:\\\/\\\/caraudioworld.eu\\\/wp-content\\\/uploads\\\/2019\\\/10\\\/333.jpg\",\"datePublished\":\"2019-10-24T21:10:54+00:00\",\"dateModified\":\"2020-06-10T19:31:48+00:00\",\"description\":\"Po\u010det (pl\u00e1t\u016f) v balen\u00ed: 16 (ks) Po\u010det m\u00b2 v balen\u00ed: 2.96 Velikost: 37 x 50 cm (pl\u00e1t) Tlou\u0161\u0165ka: 1.8mm V\u00e1ha: 2.7kg \\\/ m\u00b2 mechanical loss faktor: 0.30 je leh\u010d\u00ed, av\u0161ak \u00fa\u010dinn\u011bj\u0161\u00ed ne\u017e \u0159ada Standard jemn\u011bj\u0161\u00ed rastr f\u00f3lie = lep\u0161\u00ed manipulace a ohebnost pl\u00e1tu = jednodu\u0161\u0161\u00ed instalace tlou\u0161\u0165ka hlin\u00edkov\u00e9 f\u00f3lie: 100um (mikrometr\u016f) potla\u010duje rezonance podkladu m\u00e1 antikorozn\u00ed vlastnosti zabra\u0148uje prostupu hluku materi\u00e1l je netoxick\u00fd provozn\u00ed teplota: -40 \u00b0 C a\u017e + 150 \u00b0 C doporu\u010den\u00e1 teplota p\u0159i aplikaci: nad + 10 \u00b0 C aplikujte na \u010dist\u00fd, odma\u0161t\u011bn\u00fd povrch, p\u0159itla\u010dte v\u00e1le\u010dkem V\u00edce informac\u00ed: Download PDF &nbsp;\",\"breadcrumb\":{\"@id\":\"https:\\\/\\\/caraudioworld.eu\\\/cs\\\/produkt\\\/ctk-premium-1-8mm\\\/#breadcrumb\"},\"inLanguage\":\"cs\",\"potentialAction\":[{\"@type\":\"ReadAction\",\"target\":[\"https:\\\/\\\/caraudioworld.eu\\\/cs\\\/produkt\\\/ctk-premium-1-8mm\\\/\"]}]},{\"@type\":\"ImageObject\",\"inLanguage\":\"cs\",\"@id\":\"https:\\\/\\\/caraudioworld.eu\\\/cs\\\/produkt\\\/ctk-premium-1-8mm\\\/#primaryimage\",\"url\":\"https:\\\/\\\/caraudioworld.eu\\\/wp-content\\\/uploads\\\/2019\\\/10\\\/333.jpg\",\"contentUrl\":\"https:\\\/\\\/caraudioworld.eu\\\/wp-content\\\/uploads\\\/2019\\\/10\\\/333.jpg\",\"width\":1000,\"height\":700},{\"@type\":\"BreadcrumbList\",\"@id\":\"https:\\\/\\\/caraudioworld.eu\\\/cs\\\/produkt\\\/ctk-premium-1-8mm\\\/#breadcrumb\",\"itemListElement\":[{\"@type\":\"ListItem\",\"position\":1,\"name\":\"Home\",\"item\":\"https:\\\/\\\/caraudioworld.eu\\\/cs\\\/\"},{\"@type\":\"ListItem\",\"position\":2,\"name\":\"Obchod\",\"item\":\"https:\\\/\\\/caraudioworld.eu\\\/cs\\\/obchod\\\/\"},{\"@type\":\"ListItem\",\"position\":3,\"name\":\"CTK Premium 1.8mm\"}]},{\"@type\":\"WebSite\",\"@id\":\"https:\\\/\\\/caraudioworld.eu\\\/cs\\\/#website\",\"url\":\"https:\\\/\\\/caraudioworld.eu\\\/cs\\\/\",\"name\":\"CARAUDIOWORLD\",\"description\":\"Audio Heaven\",\"publisher\":{\"@id\":\"https:\\\/\\\/caraudioworld.eu\\\/cs\\\/#organization\"},\"potentialAction\":[{\"@type\":\"SearchAction\",\"target\":{\"@type\":\"EntryPoint\",\"urlTemplate\":\"https:\\\/\\\/caraudioworld.eu\\\/cs\\\/?s={search_term_string}\"},\"query-input\":{\"@type\":\"PropertyValueSpecification\",\"valueRequired\":true,\"valueName\":\"search_term_string\"}}],\"inLanguage\":\"cs\"},{\"@type\":\"Organization\",\"@id\":\"https:\\\/\\\/caraudioworld.eu\\\/cs\\\/#organization\",\"name\":\"CARAUDIOWORLD.eu\",\"url\":\"https:\\\/\\\/caraudioworld.eu\\\/cs\\\/\",\"logo\":{\"@type\":\"ImageObject\",\"inLanguage\":\"cs\",\"@id\":\"https:\\\/\\\/caraudioworld.eu\\\/cs\\\/#\\\/schema\\\/logo\\\/image\\\/\",\"url\":\"https:\\\/\\\/caraudioworld.eu\\\/wp-content\\\/uploads\\\/2020\\\/10\\\/CAW_rounded.png\",\"contentUrl\":\"https:\\\/\\\/caraudioworld.eu\\\/wp-content\\\/uploads\\\/2020\\\/10\\\/CAW_rounded.png\",\"width\":510,\"height\":510,\"caption\":\"CARAUDIOWORLD.eu\"},\"image\":{\"@id\":\"https:\\\/\\\/caraudioworld.eu\\\/cs\\\/#\\\/schema\\\/logo\\\/image\\\/\"},\"sameAs\":[\"https:\\\/\\\/www.facebook.com\\\/caraudioworld.eu\",\"https:\\\/\\\/www.instagram.com\\\/caraudioworld.eu\\\/\"]}]}<\/script>\n<!-- \/ Yoast SEO plugin. -->","yoast_head_json":{"title":"CTK Premium 1.8mm - CARAUDIOWORLD","description":"Po\u010det (pl\u00e1t\u016f) v balen\u00ed: 16 (ks) Po\u010det m\u00b2 v balen\u00ed: 2.96  Velikost: 37 x 50 cm (pl\u00e1t) Tlou\u0161\u0165ka: 1.8mm V\u00e1ha: 2.7kg \/ m\u00b2  mechanical loss faktor: 0.30 je leh\u010d\u00ed, av\u0161ak \u00fa\u010dinn\u011bj\u0161\u00ed ne\u017e \u0159ada Standard jemn\u011bj\u0161\u00ed rastr f\u00f3lie = lep\u0161\u00ed manipulace a ohebnost pl\u00e1tu = jednodu\u0161\u0161\u00ed instalace  tlou\u0161\u0165ka hlin\u00edkov\u00e9 f\u00f3lie: 100um (mikrometr\u016f)   potla\u010duje rezonance podkladu  m\u00e1 antikorozn\u00ed vlastnosti  zabra\u0148uje prostupu hluku  materi\u00e1l je netoxick\u00fd  provozn\u00ed teplota: -40 \u00b0 C a\u017e + 150 \u00b0 C doporu\u010den\u00e1 teplota p\u0159i aplikaci: nad + 10 \u00b0 C  aplikujte na \u010dist\u00fd, odma\u0161t\u011bn\u00fd povrch, p\u0159itla\u010dte v\u00e1le\u010dkem  V\u00edce informac\u00ed: Download PDF  &nbsp;","robots":{"index":"index","follow":"follow","max-snippet":"max-snippet:-1","max-image-preview":"max-image-preview:large","max-video-preview":"max-video-preview:-1"},"canonical":"https:\/\/caraudioworld.eu\/cs\/produkt\/ctk-premium-1-8mm\/","og_locale":"cs_CZ","og_type":"article","og_title":"CTK Premium 1.8mm - CARAUDIOWORLD","og_description":"Po\u010det (pl\u00e1t\u016f) v balen\u00ed: 16 (ks) Po\u010det m\u00b2 v balen\u00ed: 2.96  Velikost: 37 x 50 cm (pl\u00e1t) Tlou\u0161\u0165ka: 1.8mm V\u00e1ha: 2.7kg \/ m\u00b2  mechanical loss faktor: 0.30 je leh\u010d\u00ed, av\u0161ak \u00fa\u010dinn\u011bj\u0161\u00ed ne\u017e \u0159ada Standard jemn\u011bj\u0161\u00ed rastr f\u00f3lie = lep\u0161\u00ed manipulace a ohebnost pl\u00e1tu = jednodu\u0161\u0161\u00ed instalace  tlou\u0161\u0165ka hlin\u00edkov\u00e9 f\u00f3lie: 100um (mikrometr\u016f)   potla\u010duje rezonance podkladu  m\u00e1 antikorozn\u00ed vlastnosti  zabra\u0148uje prostupu hluku  materi\u00e1l je netoxick\u00fd  provozn\u00ed teplota: -40 \u00b0 C a\u017e + 150 \u00b0 C doporu\u010den\u00e1 teplota p\u0159i aplikaci: nad + 10 \u00b0 C  aplikujte na \u010dist\u00fd, odma\u0161t\u011bn\u00fd povrch, p\u0159itla\u010dte v\u00e1le\u010dkem  V\u00edce informac\u00ed: Download PDF  &nbsp;","og_url":"https:\/\/caraudioworld.eu\/cs\/produkt\/ctk-premium-1-8mm\/","og_site_name":"CARAUDIOWORLD","article_publisher":"https:\/\/www.facebook.com\/caraudioworld.eu","article_modified_time":"2020-06-10T19:31:48+00:00","og_image":[{"width":1000,"height":700,"url":"https:\/\/caraudioworld.eu\/wp-content\/uploads\/2019\/10\/333.jpg","type":"image\/jpeg"}],"twitter_card":"summary_large_image","schema":{"@context":"https:\/\/schema.org","@graph":[{"@type":"WebPage","@id":"https:\/\/caraudioworld.eu\/cs\/produkt\/ctk-premium-1-8mm\/","url":"https:\/\/caraudioworld.eu\/cs\/produkt\/ctk-premium-1-8mm\/","name":"CTK Premium 1.8mm - CARAUDIOWORLD","isPartOf":{"@id":"https:\/\/caraudioworld.eu\/cs\/#website"},"primaryImageOfPage":{"@id":"https:\/\/caraudioworld.eu\/cs\/produkt\/ctk-premium-1-8mm\/#primaryimage"},"image":{"@id":"https:\/\/caraudioworld.eu\/cs\/produkt\/ctk-premium-1-8mm\/#primaryimage"},"thumbnailUrl":"https:\/\/caraudioworld.eu\/wp-content\/uploads\/2019\/10\/333.jpg","datePublished":"2019-10-24T21:10:54+00:00","dateModified":"2020-06-10T19:31:48+00:00","description":"Po\u010det (pl\u00e1t\u016f) v balen\u00ed: 16 (ks) Po\u010det m\u00b2 v balen\u00ed: 2.96 Velikost: 37 x 50 cm (pl\u00e1t) Tlou\u0161\u0165ka: 1.8mm V\u00e1ha: 2.7kg \/ m\u00b2 mechanical loss faktor: 0.30 je leh\u010d\u00ed, av\u0161ak \u00fa\u010dinn\u011bj\u0161\u00ed ne\u017e \u0159ada Standard jemn\u011bj\u0161\u00ed rastr f\u00f3lie = lep\u0161\u00ed manipulace a ohebnost pl\u00e1tu = jednodu\u0161\u0161\u00ed instalace tlou\u0161\u0165ka hlin\u00edkov\u00e9 f\u00f3lie: 100um (mikrometr\u016f) potla\u010duje rezonance podkladu m\u00e1 antikorozn\u00ed vlastnosti zabra\u0148uje prostupu hluku materi\u00e1l je netoxick\u00fd provozn\u00ed teplota: -40 \u00b0 C a\u017e + 150 \u00b0 C doporu\u010den\u00e1 teplota p\u0159i aplikaci: nad + 10 \u00b0 C aplikujte na \u010dist\u00fd, odma\u0161t\u011bn\u00fd povrch, p\u0159itla\u010dte v\u00e1le\u010dkem V\u00edce informac\u00ed: Download PDF &nbsp;","breadcrumb":{"@id":"https:\/\/caraudioworld.eu\/cs\/produkt\/ctk-premium-1-8mm\/#breadcrumb"},"inLanguage":"cs","potentialAction":[{"@type":"ReadAction","target":["https:\/\/caraudioworld.eu\/cs\/produkt\/ctk-premium-1-8mm\/"]}]},{"@type":"ImageObject","inLanguage":"cs","@id":"https:\/\/caraudioworld.eu\/cs\/produkt\/ctk-premium-1-8mm\/#primaryimage","url":"https:\/\/caraudioworld.eu\/wp-content\/uploads\/2019\/10\/333.jpg","contentUrl":"https:\/\/caraudioworld.eu\/wp-content\/uploads\/2019\/10\/333.jpg","width":1000,"height":700},{"@type":"BreadcrumbList","@id":"https:\/\/caraudioworld.eu\/cs\/produkt\/ctk-premium-1-8mm\/#breadcrumb","itemListElement":[{"@type":"ListItem","position":1,"name":"Home","item":"https:\/\/caraudioworld.eu\/cs\/"},{"@type":"ListItem","position":2,"name":"Obchod","item":"https:\/\/caraudioworld.eu\/cs\/obchod\/"},{"@type":"ListItem","position":3,"name":"CTK Premium 1.8mm"}]},{"@type":"WebSite","@id":"https:\/\/caraudioworld.eu\/cs\/#website","url":"https:\/\/caraudioworld.eu\/cs\/","name":"CARAUDIOWORLD","description":"Audio Heaven","publisher":{"@id":"https:\/\/caraudioworld.eu\/cs\/#organization"},"potentialAction":[{"@type":"SearchAction","target":{"@type":"EntryPoint","urlTemplate":"https:\/\/caraudioworld.eu\/cs\/?s={search_term_string}"},"query-input":{"@type":"PropertyValueSpecification","valueRequired":true,"valueName":"search_term_string"}}],"inLanguage":"cs"},{"@type":"Organization","@id":"https:\/\/caraudioworld.eu\/cs\/#organization","name":"CARAUDIOWORLD.eu","url":"https:\/\/caraudioworld.eu\/cs\/","logo":{"@type":"ImageObject","inLanguage":"cs","@id":"https:\/\/caraudioworld.eu\/cs\/#\/schema\/logo\/image\/","url":"https:\/\/caraudioworld.eu\/wp-content\/uploads\/2020\/10\/CAW_rounded.png","contentUrl":"https:\/\/caraudioworld.eu\/wp-content\/uploads\/2020\/10\/CAW_rounded.png","width":510,"height":510,"caption":"CARAUDIOWORLD.eu"},"image":{"@id":"https:\/\/caraudioworld.eu\/cs\/#\/schema\/logo\/image\/"},"sameAs":["https:\/\/www.facebook.com\/caraudioworld.eu","https:\/\/www.instagram.com\/caraudioworld.eu\/"]}]}},"_links":{"self":[{"href":"https:\/\/caraudioworld.eu\/cs\/wp-json\/wp\/v2\/product\/7620","targetHints":{"allow":["GET"]}}],"collection":[{"href":"https:\/\/caraudioworld.eu\/cs\/wp-json\/wp\/v2\/product"}],"about":[{"href":"https:\/\/caraudioworld.eu\/cs\/wp-json\/wp\/v2\/types\/product"}],"replies":[{"embeddable":true,"href":"https:\/\/caraudioworld.eu\/cs\/wp-json\/wp\/v2\/comments?post=7620"}],"wp:featuredmedia":[{"embeddable":true,"href":"https:\/\/caraudioworld.eu\/cs\/wp-json\/wp\/v2\/media\/7626"}],"wp:attachment":[{"href":"https:\/\/caraudioworld.eu\/cs\/wp-json\/wp\/v2\/media?parent=7620"}],"wp:term":[{"taxonomy":"product_brand","embeddable":true,"href":"https:\/\/caraudioworld.eu\/cs\/wp-json\/wp\/v2\/product_brand?post=7620"},{"taxonomy":"product_cat","embeddable":true,"href":"https:\/\/caraudioworld.eu\/cs\/wp-json\/wp\/v2\/product_cat?post=7620"},{"taxonomy":"product_tag","embeddable":true,"href":"https:\/\/caraudioworld.eu\/cs\/wp-json\/wp\/v2\/product_tag?post=7620"}],"curies":[{"name":"wp","href":"https:\/\/api.w.org\/{rel}","templated":true}]}}