{"id":7751,"date":"2019-11-03T23:41:46","date_gmt":"2019-11-03T22:41:46","guid":{"rendered":"https:\/\/caraudioworld.eu\/produkt\/steg-k1-5000\/"},"modified":"2020-12-13T16:50:28","modified_gmt":"2020-12-13T15:50:28","slug":"steg-k1-5000","status":"publish","type":"product","link":"https:\/\/caraudioworld.eu\/cs\/produkt\/steg-k1-5000\/","title":{"rendered":"STEG K1.5000 Fullrange"},"content":{"rendered":"","protected":false},"excerpt":{"rendered":"<p>Vysoce kvalitn\u00ed 1 kan\u00e1lov\u00fd zesilova\u010d s extr\u00e9mn\u00edm v\u00fdkonem vhodn\u00fd pro nad\u0161ence SQ, SQL, tedy kvalitn\u00ed hudby p\u0159i vysok\u00e9 hlasitosti a z\u00e1rove\u0148 i SPL. Dok\u00e1\u017ee poskytnout \u010dist\u00fd sign\u00e1l s minim\u00e1ln\u00edm zkreslen\u00edm a maxim\u00e1ln\u00ed kontrolou i p\u0159i vysok\u00fdch hlasitostech, d\u00edky \u010demu\u017e vytvo\u0159\u00edte pro v\u00e1\u0161 subwoofer optim\u00e1ln\u00ed podm\u00ednky k tomu, aby podal neuv\u011b\u0159iteln\u00fd basov\u00fd p\u0159ednes. Jednodu\u0161e High-End monoblok pro nejn\u00e1ro\u010dn\u011bj\u0161\u00ed z\u00e1kazn\u00edky!<\/p>\n<p>Aktivn\u00ed chlazen\u00ed zesilova\u010de se zapne p\u0159i zji\u0161t\u011bn\u00ed teploty nad 40 \u00b0 C.<\/p>\n<p>1 x 750W RMS @ 4 ohm<br \/>\n1 x 1800W RMS @ 2 ohm<br \/>\n1 x 2800W RMS @ 1 ohm<br \/>\n1 x 5000W RMS @ 0.5 ohm<\/p>\n<p>Vstupn\u00ed citlivost:<br \/>\nVolts RMS 0.2 V &#8211; 5 V<\/p>\n<p>Frekven\u010dn\u00ed rozsah: 10 \u2013 20 000 Hz<\/p>\n<p>Rozm\u011bry: 670 x 56 x 232 mm<\/p>\n<p>V\u00e1ha: 8 Kg<\/p>\n<p>Technick\u00e9 specifikace: <a style=\"color: blue;\" href=\"https:\/\/caraudioworld.eu\/wp-content\/uploads\/2019\/11\/techspecK1.5000.pdf\" target=\"_blank\" rel=\"noopener noreferrer\">Download<\/a><\/p>\n","protected":false},"featured_media":7752,"comment_status":"open","ping_status":"closed","template":"","meta":[],"product_brand":[],"product_cat":[425,420],"product_tag":[339],"class_list":{"0":"post-7751","1":"product","2":"type-product","3":"status-publish","4":"has-post-thumbnail","6":"product_cat-monoblok-cs","7":"product_cat-zesilovace","8":"product_tag-steg-cs","10":"first","11":"instock","12":"taxable","13":"shipping-taxable","14":"purchasable","15":"product-type-simple"},"yoast_head":"<!-- This site is optimized with the Yoast SEO plugin v27.3 - https:\/\/yoast.com\/product\/yoast-seo-wordpress\/ -->\n<title>STEG K1.5000 Fullrange - CARAUDIOWORLD<\/title>\n<meta name=\"description\" content=\"Vysoce kvalitn\u00ed 1 kan\u00e1lov\u00fd zesilova\u010d s extr\u00e9mn\u00edm v\u00fdkonem vhodn\u00fd pro nad\u0161ence SQ, SQL, tedy kvalitn\u00ed hudby p\u0159i vysok\u00e9 hlasitosti a z\u00e1rove\u0148 i SPL. Dok\u00e1\u017ee poskytnout \u010dist\u00fd sign\u00e1l s minim\u00e1ln\u00edm zkreslen\u00edm a maxim\u00e1ln\u00ed kontrolou i p\u0159i vysok\u00fdch hlasitostech, d\u00edky \u010demu\u017e vytvo\u0159\u00edte pro v\u00e1\u0161 subwoofer optim\u00e1ln\u00ed podm\u00ednky k tomu, aby podal neuv\u011b\u0159iteln\u00fd basov\u00fd p\u0159ednes. Jednodu\u0161e High-End monoblok pro nejn\u00e1ro\u010dn\u011bj\u0161\u00ed z\u00e1kazn\u00edky!  Aktivn\u00ed chlazen\u00ed zesilova\u010de se zapne p\u0159i zji\u0161t\u011bn\u00ed teploty nad 40 \u00b0 C.  1 x 750W RMS @ 4 ohm 1 x 1800W RMS @ 2 ohm 1 x 2800W RMS @ 1 ohm 1 x 5000W RMS @ 0.5 ohm  Vstupn\u00ed citlivost: Volts RMS 0.2 V - 5 V  Frekven\u010dn\u00ed rozsah: 10 \u2013 20 000 Hz  Rozm\u011bry: 670 x 56 x 232 mm  V\u00e1ha: 8 Kg  Technick\u00e9 specifikace: Download\" \/>\n<meta name=\"robots\" content=\"index, follow, max-snippet:-1, max-image-preview:large, max-video-preview:-1\" \/>\n<link rel=\"canonical\" href=\"https:\/\/caraudioworld.eu\/cs\/produkt\/steg-k1-5000\/\" \/>\n<meta property=\"og:locale\" content=\"cs_CZ\" \/>\n<meta property=\"og:type\" content=\"article\" \/>\n<meta property=\"og:title\" content=\"STEG K1.5000 Fullrange - CARAUDIOWORLD\" \/>\n<meta property=\"og:description\" content=\"Vysoce kvalitn\u00ed 1 kan\u00e1lov\u00fd zesilova\u010d s extr\u00e9mn\u00edm v\u00fdkonem vhodn\u00fd pro nad\u0161ence SQ, SQL, tedy kvalitn\u00ed hudby p\u0159i vysok\u00e9 hlasitosti a z\u00e1rove\u0148 i SPL. Dok\u00e1\u017ee poskytnout \u010dist\u00fd sign\u00e1l s minim\u00e1ln\u00edm zkreslen\u00edm a maxim\u00e1ln\u00ed kontrolou i p\u0159i vysok\u00fdch hlasitostech, d\u00edky \u010demu\u017e vytvo\u0159\u00edte pro v\u00e1\u0161 subwoofer optim\u00e1ln\u00ed podm\u00ednky k tomu, aby podal neuv\u011b\u0159iteln\u00fd basov\u00fd p\u0159ednes. Jednodu\u0161e High-End monoblok pro nejn\u00e1ro\u010dn\u011bj\u0161\u00ed z\u00e1kazn\u00edky!  Aktivn\u00ed chlazen\u00ed zesilova\u010de se zapne p\u0159i zji\u0161t\u011bn\u00ed teploty nad 40 \u00b0 C.  1 x 750W RMS @ 4 ohm 1 x 1800W RMS @ 2 ohm 1 x 2800W RMS @ 1 ohm 1 x 5000W RMS @ 0.5 ohm  Vstupn\u00ed citlivost: Volts RMS 0.2 V - 5 V  Frekven\u010dn\u00ed rozsah: 10 \u2013 20 000 Hz  Rozm\u011bry: 670 x 56 x 232 mm  V\u00e1ha: 8 Kg  Technick\u00e9 specifikace: Download\" \/>\n<meta property=\"og:url\" content=\"https:\/\/caraudioworld.eu\/cs\/produkt\/steg-k1-5000\/\" \/>\n<meta property=\"og:site_name\" content=\"CARAUDIOWORLD\" \/>\n<meta property=\"article:publisher\" content=\"https:\/\/www.facebook.com\/caraudioworld.eu\" \/>\n<meta property=\"article:modified_time\" content=\"2020-12-13T15:50:28+00:00\" \/>\n<meta property=\"og:image\" content=\"https:\/\/caraudioworld.eu\/wp-content\/uploads\/2019\/11\/11-18.jpg\" \/>\n\t<meta property=\"og:image:width\" content=\"1000\" \/>\n\t<meta property=\"og:image:height\" content=\"700\" \/>\n\t<meta property=\"og:image:type\" content=\"image\/jpeg\" \/>\n<meta name=\"twitter:card\" content=\"summary_large_image\" \/>\n<script type=\"application\/ld+json\" class=\"yoast-schema-graph\">{\"@context\":\"https:\\\/\\\/schema.org\",\"@graph\":[{\"@type\":\"WebPage\",\"@id\":\"https:\\\/\\\/caraudioworld.eu\\\/cs\\\/produkt\\\/steg-k1-5000\\\/\",\"url\":\"https:\\\/\\\/caraudioworld.eu\\\/cs\\\/produkt\\\/steg-k1-5000\\\/\",\"name\":\"STEG K1.5000 Fullrange - CARAUDIOWORLD\",\"isPartOf\":{\"@id\":\"https:\\\/\\\/caraudioworld.eu\\\/cs\\\/#website\"},\"primaryImageOfPage\":{\"@id\":\"https:\\\/\\\/caraudioworld.eu\\\/cs\\\/produkt\\\/steg-k1-5000\\\/#primaryimage\"},\"image\":{\"@id\":\"https:\\\/\\\/caraudioworld.eu\\\/cs\\\/produkt\\\/steg-k1-5000\\\/#primaryimage\"},\"thumbnailUrl\":\"https:\\\/\\\/caraudioworld.eu\\\/wp-content\\\/uploads\\\/2019\\\/11\\\/11-18.jpg\",\"datePublished\":\"2019-11-03T22:41:46+00:00\",\"dateModified\":\"2020-12-13T15:50:28+00:00\",\"description\":\"Vysoce kvalitn\u00ed 1 kan\u00e1lov\u00fd zesilova\u010d s extr\u00e9mn\u00edm v\u00fdkonem vhodn\u00fd pro nad\u0161ence SQ, SQL, tedy kvalitn\u00ed hudby p\u0159i vysok\u00e9 hlasitosti a z\u00e1rove\u0148 i SPL. Dok\u00e1\u017ee poskytnout \u010dist\u00fd sign\u00e1l s minim\u00e1ln\u00edm zkreslen\u00edm a maxim\u00e1ln\u00ed kontrolou i p\u0159i vysok\u00fdch hlasitostech, d\u00edky \u010demu\u017e vytvo\u0159\u00edte pro v\u00e1\u0161 subwoofer optim\u00e1ln\u00ed podm\u00ednky k tomu, aby podal neuv\u011b\u0159iteln\u00fd basov\u00fd p\u0159ednes. Jednodu\u0161e High-End monoblok pro nejn\u00e1ro\u010dn\u011bj\u0161\u00ed z\u00e1kazn\u00edky! Aktivn\u00ed chlazen\u00ed zesilova\u010de se zapne p\u0159i zji\u0161t\u011bn\u00ed teploty nad 40 \u00b0 C. 1 x 750W RMS @ 4 ohm 1 x 1800W RMS @ 2 ohm 1 x 2800W RMS @ 1 ohm 1 x 5000W RMS @ 0.5 ohm Vstupn\u00ed citlivost: Volts RMS 0.2 V - 5 V Frekven\u010dn\u00ed rozsah: 10 \u2013 20 000 Hz Rozm\u011bry: 670 x 56 x 232 mm V\u00e1ha: 8 Kg Technick\u00e9 specifikace: Download\",\"breadcrumb\":{\"@id\":\"https:\\\/\\\/caraudioworld.eu\\\/cs\\\/produkt\\\/steg-k1-5000\\\/#breadcrumb\"},\"inLanguage\":\"cs\",\"potentialAction\":[{\"@type\":\"ReadAction\",\"target\":[\"https:\\\/\\\/caraudioworld.eu\\\/cs\\\/produkt\\\/steg-k1-5000\\\/\"]}]},{\"@type\":\"ImageObject\",\"inLanguage\":\"cs\",\"@id\":\"https:\\\/\\\/caraudioworld.eu\\\/cs\\\/produkt\\\/steg-k1-5000\\\/#primaryimage\",\"url\":\"https:\\\/\\\/caraudioworld.eu\\\/wp-content\\\/uploads\\\/2019\\\/11\\\/11-18.jpg\",\"contentUrl\":\"https:\\\/\\\/caraudioworld.eu\\\/wp-content\\\/uploads\\\/2019\\\/11\\\/11-18.jpg\",\"width\":1000,\"height\":700},{\"@type\":\"BreadcrumbList\",\"@id\":\"https:\\\/\\\/caraudioworld.eu\\\/cs\\\/produkt\\\/steg-k1-5000\\\/#breadcrumb\",\"itemListElement\":[{\"@type\":\"ListItem\",\"position\":1,\"name\":\"Home\",\"item\":\"https:\\\/\\\/caraudioworld.eu\\\/cs\\\/\"},{\"@type\":\"ListItem\",\"position\":2,\"name\":\"Obchod\",\"item\":\"https:\\\/\\\/caraudioworld.eu\\\/cs\\\/obchod\\\/\"},{\"@type\":\"ListItem\",\"position\":3,\"name\":\"STEG K1.5000 Fullrange\"}]},{\"@type\":\"WebSite\",\"@id\":\"https:\\\/\\\/caraudioworld.eu\\\/cs\\\/#website\",\"url\":\"https:\\\/\\\/caraudioworld.eu\\\/cs\\\/\",\"name\":\"CARAUDIOWORLD\",\"description\":\"Audio Heaven\",\"publisher\":{\"@id\":\"https:\\\/\\\/caraudioworld.eu\\\/cs\\\/#organization\"},\"potentialAction\":[{\"@type\":\"SearchAction\",\"target\":{\"@type\":\"EntryPoint\",\"urlTemplate\":\"https:\\\/\\\/caraudioworld.eu\\\/cs\\\/?s={search_term_string}\"},\"query-input\":{\"@type\":\"PropertyValueSpecification\",\"valueRequired\":true,\"valueName\":\"search_term_string\"}}],\"inLanguage\":\"cs\"},{\"@type\":\"Organization\",\"@id\":\"https:\\\/\\\/caraudioworld.eu\\\/cs\\\/#organization\",\"name\":\"CARAUDIOWORLD.eu\",\"url\":\"https:\\\/\\\/caraudioworld.eu\\\/cs\\\/\",\"logo\":{\"@type\":\"ImageObject\",\"inLanguage\":\"cs\",\"@id\":\"https:\\\/\\\/caraudioworld.eu\\\/cs\\\/#\\\/schema\\\/logo\\\/image\\\/\",\"url\":\"https:\\\/\\\/caraudioworld.eu\\\/wp-content\\\/uploads\\\/2020\\\/10\\\/CAW_rounded.png\",\"contentUrl\":\"https:\\\/\\\/caraudioworld.eu\\\/wp-content\\\/uploads\\\/2020\\\/10\\\/CAW_rounded.png\",\"width\":510,\"height\":510,\"caption\":\"CARAUDIOWORLD.eu\"},\"image\":{\"@id\":\"https:\\\/\\\/caraudioworld.eu\\\/cs\\\/#\\\/schema\\\/logo\\\/image\\\/\"},\"sameAs\":[\"https:\\\/\\\/www.facebook.com\\\/caraudioworld.eu\",\"https:\\\/\\\/www.instagram.com\\\/caraudioworld.eu\\\/\"]}]}<\/script>\n<!-- \/ Yoast SEO plugin. -->","yoast_head_json":{"title":"STEG K1.5000 Fullrange - CARAUDIOWORLD","description":"Vysoce kvalitn\u00ed 1 kan\u00e1lov\u00fd zesilova\u010d s extr\u00e9mn\u00edm v\u00fdkonem vhodn\u00fd pro nad\u0161ence SQ, SQL, tedy kvalitn\u00ed hudby p\u0159i vysok\u00e9 hlasitosti a z\u00e1rove\u0148 i SPL. Dok\u00e1\u017ee poskytnout \u010dist\u00fd sign\u00e1l s minim\u00e1ln\u00edm zkreslen\u00edm a maxim\u00e1ln\u00ed kontrolou i p\u0159i vysok\u00fdch hlasitostech, d\u00edky \u010demu\u017e vytvo\u0159\u00edte pro v\u00e1\u0161 subwoofer optim\u00e1ln\u00ed podm\u00ednky k tomu, aby podal neuv\u011b\u0159iteln\u00fd basov\u00fd p\u0159ednes. Jednodu\u0161e High-End monoblok pro nejn\u00e1ro\u010dn\u011bj\u0161\u00ed z\u00e1kazn\u00edky!  Aktivn\u00ed chlazen\u00ed zesilova\u010de se zapne p\u0159i zji\u0161t\u011bn\u00ed teploty nad 40 \u00b0 C.  1 x 750W RMS @ 4 ohm 1 x 1800W RMS @ 2 ohm 1 x 2800W RMS @ 1 ohm 1 x 5000W RMS @ 0.5 ohm  Vstupn\u00ed citlivost: Volts RMS 0.2 V - 5 V  Frekven\u010dn\u00ed rozsah: 10 \u2013 20 000 Hz  Rozm\u011bry: 670 x 56 x 232 mm  V\u00e1ha: 8 Kg  Technick\u00e9 specifikace: Download","robots":{"index":"index","follow":"follow","max-snippet":"max-snippet:-1","max-image-preview":"max-image-preview:large","max-video-preview":"max-video-preview:-1"},"canonical":"https:\/\/caraudioworld.eu\/cs\/produkt\/steg-k1-5000\/","og_locale":"cs_CZ","og_type":"article","og_title":"STEG K1.5000 Fullrange - CARAUDIOWORLD","og_description":"Vysoce kvalitn\u00ed 1 kan\u00e1lov\u00fd zesilova\u010d s extr\u00e9mn\u00edm v\u00fdkonem vhodn\u00fd pro nad\u0161ence SQ, SQL, tedy kvalitn\u00ed hudby p\u0159i vysok\u00e9 hlasitosti a z\u00e1rove\u0148 i SPL. Dok\u00e1\u017ee poskytnout \u010dist\u00fd sign\u00e1l s minim\u00e1ln\u00edm zkreslen\u00edm a maxim\u00e1ln\u00ed kontrolou i p\u0159i vysok\u00fdch hlasitostech, d\u00edky \u010demu\u017e vytvo\u0159\u00edte pro v\u00e1\u0161 subwoofer optim\u00e1ln\u00ed podm\u00ednky k tomu, aby podal neuv\u011b\u0159iteln\u00fd basov\u00fd p\u0159ednes. Jednodu\u0161e High-End monoblok pro nejn\u00e1ro\u010dn\u011bj\u0161\u00ed z\u00e1kazn\u00edky!  Aktivn\u00ed chlazen\u00ed zesilova\u010de se zapne p\u0159i zji\u0161t\u011bn\u00ed teploty nad 40 \u00b0 C.  1 x 750W RMS @ 4 ohm 1 x 1800W RMS @ 2 ohm 1 x 2800W RMS @ 1 ohm 1 x 5000W RMS @ 0.5 ohm  Vstupn\u00ed citlivost: Volts RMS 0.2 V - 5 V  Frekven\u010dn\u00ed rozsah: 10 \u2013 20 000 Hz  Rozm\u011bry: 670 x 56 x 232 mm  V\u00e1ha: 8 Kg  Technick\u00e9 specifikace: Download","og_url":"https:\/\/caraudioworld.eu\/cs\/produkt\/steg-k1-5000\/","og_site_name":"CARAUDIOWORLD","article_publisher":"https:\/\/www.facebook.com\/caraudioworld.eu","article_modified_time":"2020-12-13T15:50:28+00:00","og_image":[{"width":1000,"height":700,"url":"https:\/\/caraudioworld.eu\/wp-content\/uploads\/2019\/11\/11-18.jpg","type":"image\/jpeg"}],"twitter_card":"summary_large_image","schema":{"@context":"https:\/\/schema.org","@graph":[{"@type":"WebPage","@id":"https:\/\/caraudioworld.eu\/cs\/produkt\/steg-k1-5000\/","url":"https:\/\/caraudioworld.eu\/cs\/produkt\/steg-k1-5000\/","name":"STEG K1.5000 Fullrange - CARAUDIOWORLD","isPartOf":{"@id":"https:\/\/caraudioworld.eu\/cs\/#website"},"primaryImageOfPage":{"@id":"https:\/\/caraudioworld.eu\/cs\/produkt\/steg-k1-5000\/#primaryimage"},"image":{"@id":"https:\/\/caraudioworld.eu\/cs\/produkt\/steg-k1-5000\/#primaryimage"},"thumbnailUrl":"https:\/\/caraudioworld.eu\/wp-content\/uploads\/2019\/11\/11-18.jpg","datePublished":"2019-11-03T22:41:46+00:00","dateModified":"2020-12-13T15:50:28+00:00","description":"Vysoce kvalitn\u00ed 1 kan\u00e1lov\u00fd zesilova\u010d s extr\u00e9mn\u00edm v\u00fdkonem vhodn\u00fd pro nad\u0161ence SQ, SQL, tedy kvalitn\u00ed hudby p\u0159i vysok\u00e9 hlasitosti a z\u00e1rove\u0148 i SPL. Dok\u00e1\u017ee poskytnout \u010dist\u00fd sign\u00e1l s minim\u00e1ln\u00edm zkreslen\u00edm a maxim\u00e1ln\u00ed kontrolou i p\u0159i vysok\u00fdch hlasitostech, d\u00edky \u010demu\u017e vytvo\u0159\u00edte pro v\u00e1\u0161 subwoofer optim\u00e1ln\u00ed podm\u00ednky k tomu, aby podal neuv\u011b\u0159iteln\u00fd basov\u00fd p\u0159ednes. Jednodu\u0161e High-End monoblok pro nejn\u00e1ro\u010dn\u011bj\u0161\u00ed z\u00e1kazn\u00edky! Aktivn\u00ed chlazen\u00ed zesilova\u010de se zapne p\u0159i zji\u0161t\u011bn\u00ed teploty nad 40 \u00b0 C. 1 x 750W RMS @ 4 ohm 1 x 1800W RMS @ 2 ohm 1 x 2800W RMS @ 1 ohm 1 x 5000W RMS @ 0.5 ohm Vstupn\u00ed citlivost: Volts RMS 0.2 V - 5 V Frekven\u010dn\u00ed rozsah: 10 \u2013 20 000 Hz Rozm\u011bry: 670 x 56 x 232 mm V\u00e1ha: 8 Kg Technick\u00e9 specifikace: Download","breadcrumb":{"@id":"https:\/\/caraudioworld.eu\/cs\/produkt\/steg-k1-5000\/#breadcrumb"},"inLanguage":"cs","potentialAction":[{"@type":"ReadAction","target":["https:\/\/caraudioworld.eu\/cs\/produkt\/steg-k1-5000\/"]}]},{"@type":"ImageObject","inLanguage":"cs","@id":"https:\/\/caraudioworld.eu\/cs\/produkt\/steg-k1-5000\/#primaryimage","url":"https:\/\/caraudioworld.eu\/wp-content\/uploads\/2019\/11\/11-18.jpg","contentUrl":"https:\/\/caraudioworld.eu\/wp-content\/uploads\/2019\/11\/11-18.jpg","width":1000,"height":700},{"@type":"BreadcrumbList","@id":"https:\/\/caraudioworld.eu\/cs\/produkt\/steg-k1-5000\/#breadcrumb","itemListElement":[{"@type":"ListItem","position":1,"name":"Home","item":"https:\/\/caraudioworld.eu\/cs\/"},{"@type":"ListItem","position":2,"name":"Obchod","item":"https:\/\/caraudioworld.eu\/cs\/obchod\/"},{"@type":"ListItem","position":3,"name":"STEG K1.5000 Fullrange"}]},{"@type":"WebSite","@id":"https:\/\/caraudioworld.eu\/cs\/#website","url":"https:\/\/caraudioworld.eu\/cs\/","name":"CARAUDIOWORLD","description":"Audio Heaven","publisher":{"@id":"https:\/\/caraudioworld.eu\/cs\/#organization"},"potentialAction":[{"@type":"SearchAction","target":{"@type":"EntryPoint","urlTemplate":"https:\/\/caraudioworld.eu\/cs\/?s={search_term_string}"},"query-input":{"@type":"PropertyValueSpecification","valueRequired":true,"valueName":"search_term_string"}}],"inLanguage":"cs"},{"@type":"Organization","@id":"https:\/\/caraudioworld.eu\/cs\/#organization","name":"CARAUDIOWORLD.eu","url":"https:\/\/caraudioworld.eu\/cs\/","logo":{"@type":"ImageObject","inLanguage":"cs","@id":"https:\/\/caraudioworld.eu\/cs\/#\/schema\/logo\/image\/","url":"https:\/\/caraudioworld.eu\/wp-content\/uploads\/2020\/10\/CAW_rounded.png","contentUrl":"https:\/\/caraudioworld.eu\/wp-content\/uploads\/2020\/10\/CAW_rounded.png","width":510,"height":510,"caption":"CARAUDIOWORLD.eu"},"image":{"@id":"https:\/\/caraudioworld.eu\/cs\/#\/schema\/logo\/image\/"},"sameAs":["https:\/\/www.facebook.com\/caraudioworld.eu","https:\/\/www.instagram.com\/caraudioworld.eu\/"]}]}},"_links":{"self":[{"href":"https:\/\/caraudioworld.eu\/cs\/wp-json\/wp\/v2\/product\/7751","targetHints":{"allow":["GET"]}}],"collection":[{"href":"https:\/\/caraudioworld.eu\/cs\/wp-json\/wp\/v2\/product"}],"about":[{"href":"https:\/\/caraudioworld.eu\/cs\/wp-json\/wp\/v2\/types\/product"}],"replies":[{"embeddable":true,"href":"https:\/\/caraudioworld.eu\/cs\/wp-json\/wp\/v2\/comments?post=7751"}],"wp:featuredmedia":[{"embeddable":true,"href":"https:\/\/caraudioworld.eu\/cs\/wp-json\/wp\/v2\/media\/7752"}],"wp:attachment":[{"href":"https:\/\/caraudioworld.eu\/cs\/wp-json\/wp\/v2\/media?parent=7751"}],"wp:term":[{"taxonomy":"product_brand","embeddable":true,"href":"https:\/\/caraudioworld.eu\/cs\/wp-json\/wp\/v2\/product_brand?post=7751"},{"taxonomy":"product_cat","embeddable":true,"href":"https:\/\/caraudioworld.eu\/cs\/wp-json\/wp\/v2\/product_cat?post=7751"},{"taxonomy":"product_tag","embeddable":true,"href":"https:\/\/caraudioworld.eu\/cs\/wp-json\/wp\/v2\/product_tag?post=7751"}],"curies":[{"name":"wp","href":"https:\/\/api.w.org\/{rel}","templated":true}]}}