{"id":7755,"date":"2019-11-10T12:51:38","date_gmt":"2019-11-10T11:51:38","guid":{"rendered":"https:\/\/caraudioworld.eu\/produkt\/steg-bm4c\/"},"modified":"2019-11-10T12:51:38","modified_gmt":"2019-11-10T11:51:38","slug":"steg-bm4c","status":"publish","type":"product","link":"https:\/\/caraudioworld.eu\/cs\/produkt\/steg-bm4c\/","title":{"rendered":"STEG BM4C"},"content":{"rendered":"","protected":false},"excerpt":{"rendered":"<p>Kvalitn\u00ed n\u00e1hrada za origin\u00e1ln\u00ed reproduktory pro majitele BMW 1\/3\/5\/7 a X1 \/ X3 \/ X5 \/ X6. Made in Italy! Cena za p\u00e1r \/ set!<\/p>\n<p>2-p\u00e1smov\u00fd 10 cm reproduktorov\u00fd syst\u00e9m<br \/>\nSurround reproduktory pro E, F a X od BJ. 2004<br \/>\n&#8211; Neodymov\u00fd magnet<br \/>\n&#8211; Pap\u00edrov\u00e1 membr\u00e1na<br \/>\n&#8211; Plug &amp; Play kabelov\u00e9 p\u0159ipojen\u00ed<\/p>\n<p>Fs: 75 Hz<br \/>\nImpedance: 4 ohm<br \/>\nCitlivost: 88 dB 1 W \/ 1 m<br \/>\nVysokofrekven\u010dn\u00ed filtr 200 Hz 12 dB \/ okt. je nutn\u00fd!<\/p>\n<p>Doporu\u010den\u00fd v\u00fdkon: 50-100W<\/p>\n<p>Specifikace v\u00fd\u0161ky: <a style=\"color: blue;\" href=\"https:\/\/caraudioworld.eu\/wp-content\/uploads\/2019\/11\/tweetspecs.pdf\" target=\"_blank\" rel=\"noopener noreferrer\">Download<\/a><br \/>\nSpecifikace stredy: <a style=\"color: blue;\" href=\"https:\/\/caraudioworld.eu\/wp-content\/uploads\/2019\/11\/specs.pdf\" target=\"_blank\" rel=\"noopener noreferrer\">Download<\/a><\/p>\n","protected":false},"featured_media":7762,"comment_status":"open","ping_status":"closed","template":"","meta":[],"product_brand":[],"product_cat":[410,408,403],"product_tag":[339],"class_list":{"0":"post-7755","1":"product","2":"type-product","3":"status-publish","4":"has-post-thumbnail","6":"product_cat-bmw-cs","7":"product_cat-oem-cs","8":"product_cat-reproduktory-cs","9":"product_tag-steg-cs","11":"first","12":"instock","13":"taxable","14":"shipping-taxable","15":"purchasable","16":"product-type-simple"},"yoast_head":"<!-- This site is optimized with the Yoast SEO plugin v27.3 - https:\/\/yoast.com\/product\/yoast-seo-wordpress\/ -->\n<title>STEG BM4C - CARAUDIOWORLD<\/title>\n<meta name=\"description\" content=\"Kvalitn\u00ed n\u00e1hrada za origin\u00e1ln\u00ed reproduktory pro majitele BMW 1\/3\/5\/7 a X1 \/ X3 \/ X5 \/ X6. Made in Italy! Cena za p\u00e1r \/ set!  2-p\u00e1smov\u00fd 10 cm reproduktorov\u00fd syst\u00e9m Surround reproduktory pro E, F a X od BJ. 2004 - Neodymov\u00fd magnet - Pap\u00edrov\u00e1 membr\u00e1na - Plug &amp; Play kabelov\u00e9 p\u0159ipojen\u00ed  Fs: 75 Hz Impedance: 4 ohm Citlivost: 88 dB 1 W \/ 1 m Vysokofrekven\u010dn\u00ed filtr 200 Hz 12 dB \/ okt. je nutn\u00fd!  Doporu\u010den\u00fd v\u00fdkon: 50-100W  Specifikace v\u00fd\u0161ky: Download Specifikace stredy: Download\" \/>\n<meta name=\"robots\" content=\"index, follow, max-snippet:-1, max-image-preview:large, max-video-preview:-1\" \/>\n<link rel=\"canonical\" href=\"https:\/\/caraudioworld.eu\/cs\/produkt\/steg-bm4c\/\" \/>\n<meta property=\"og:locale\" content=\"cs_CZ\" \/>\n<meta property=\"og:type\" content=\"article\" \/>\n<meta property=\"og:title\" content=\"STEG BM4C - CARAUDIOWORLD\" \/>\n<meta property=\"og:description\" content=\"Kvalitn\u00ed n\u00e1hrada za origin\u00e1ln\u00ed reproduktory pro majitele BMW 1\/3\/5\/7 a X1 \/ X3 \/ X5 \/ X6. Made in Italy! Cena za p\u00e1r \/ set!  2-p\u00e1smov\u00fd 10 cm reproduktorov\u00fd syst\u00e9m Surround reproduktory pro E, F a X od BJ. 2004 - Neodymov\u00fd magnet - Pap\u00edrov\u00e1 membr\u00e1na - Plug &amp; Play kabelov\u00e9 p\u0159ipojen\u00ed  Fs: 75 Hz Impedance: 4 ohm Citlivost: 88 dB 1 W \/ 1 m Vysokofrekven\u010dn\u00ed filtr 200 Hz 12 dB \/ okt. je nutn\u00fd!  Doporu\u010den\u00fd v\u00fdkon: 50-100W  Specifikace v\u00fd\u0161ky: Download Specifikace stredy: Download\" \/>\n<meta property=\"og:url\" content=\"https:\/\/caraudioworld.eu\/cs\/produkt\/steg-bm4c\/\" \/>\n<meta property=\"og:site_name\" content=\"CARAUDIOWORLD\" \/>\n<meta property=\"article:publisher\" content=\"https:\/\/www.facebook.com\/caraudioworld.eu\" \/>\n<meta property=\"og:image\" content=\"https:\/\/caraudioworld.eu\/wp-content\/uploads\/2019\/11\/000.jpg\" \/>\n\t<meta property=\"og:image:width\" content=\"1000\" \/>\n\t<meta property=\"og:image:height\" content=\"700\" \/>\n\t<meta property=\"og:image:type\" content=\"image\/jpeg\" \/>\n<meta name=\"twitter:card\" content=\"summary_large_image\" \/>\n<script type=\"application\/ld+json\" class=\"yoast-schema-graph\">{\"@context\":\"https:\\\/\\\/schema.org\",\"@graph\":[{\"@type\":\"WebPage\",\"@id\":\"https:\\\/\\\/caraudioworld.eu\\\/cs\\\/produkt\\\/steg-bm4c\\\/\",\"url\":\"https:\\\/\\\/caraudioworld.eu\\\/cs\\\/produkt\\\/steg-bm4c\\\/\",\"name\":\"STEG BM4C - CARAUDIOWORLD\",\"isPartOf\":{\"@id\":\"https:\\\/\\\/caraudioworld.eu\\\/cs\\\/#website\"},\"primaryImageOfPage\":{\"@id\":\"https:\\\/\\\/caraudioworld.eu\\\/cs\\\/produkt\\\/steg-bm4c\\\/#primaryimage\"},\"image\":{\"@id\":\"https:\\\/\\\/caraudioworld.eu\\\/cs\\\/produkt\\\/steg-bm4c\\\/#primaryimage\"},\"thumbnailUrl\":\"https:\\\/\\\/caraudioworld.eu\\\/wp-content\\\/uploads\\\/2019\\\/11\\\/000.jpg\",\"datePublished\":\"2019-11-10T11:51:38+00:00\",\"description\":\"Kvalitn\u00ed n\u00e1hrada za origin\u00e1ln\u00ed reproduktory pro majitele BMW 1\\\/3\\\/5\\\/7 a X1 \\\/ X3 \\\/ X5 \\\/ X6. Made in Italy! Cena za p\u00e1r \\\/ set! 2-p\u00e1smov\u00fd 10 cm reproduktorov\u00fd syst\u00e9m Surround reproduktory pro E, F a X od BJ. 2004 - Neodymov\u00fd magnet - Pap\u00edrov\u00e1 membr\u00e1na - Plug &amp; Play kabelov\u00e9 p\u0159ipojen\u00ed Fs: 75 Hz Impedance: 4 ohm Citlivost: 88 dB 1 W \\\/ 1 m Vysokofrekven\u010dn\u00ed filtr 200 Hz 12 dB \\\/ okt. je nutn\u00fd! Doporu\u010den\u00fd v\u00fdkon: 50-100W Specifikace v\u00fd\u0161ky: Download Specifikace stredy: Download\",\"breadcrumb\":{\"@id\":\"https:\\\/\\\/caraudioworld.eu\\\/cs\\\/produkt\\\/steg-bm4c\\\/#breadcrumb\"},\"inLanguage\":\"cs\",\"potentialAction\":[{\"@type\":\"ReadAction\",\"target\":[\"https:\\\/\\\/caraudioworld.eu\\\/cs\\\/produkt\\\/steg-bm4c\\\/\"]}]},{\"@type\":\"ImageObject\",\"inLanguage\":\"cs\",\"@id\":\"https:\\\/\\\/caraudioworld.eu\\\/cs\\\/produkt\\\/steg-bm4c\\\/#primaryimage\",\"url\":\"https:\\\/\\\/caraudioworld.eu\\\/wp-content\\\/uploads\\\/2019\\\/11\\\/000.jpg\",\"contentUrl\":\"https:\\\/\\\/caraudioworld.eu\\\/wp-content\\\/uploads\\\/2019\\\/11\\\/000.jpg\",\"width\":1000,\"height\":700},{\"@type\":\"BreadcrumbList\",\"@id\":\"https:\\\/\\\/caraudioworld.eu\\\/cs\\\/produkt\\\/steg-bm4c\\\/#breadcrumb\",\"itemListElement\":[{\"@type\":\"ListItem\",\"position\":1,\"name\":\"Home\",\"item\":\"https:\\\/\\\/caraudioworld.eu\\\/cs\\\/\"},{\"@type\":\"ListItem\",\"position\":2,\"name\":\"Obchod\",\"item\":\"https:\\\/\\\/caraudioworld.eu\\\/cs\\\/obchod\\\/\"},{\"@type\":\"ListItem\",\"position\":3,\"name\":\"STEG BM4C\"}]},{\"@type\":\"WebSite\",\"@id\":\"https:\\\/\\\/caraudioworld.eu\\\/cs\\\/#website\",\"url\":\"https:\\\/\\\/caraudioworld.eu\\\/cs\\\/\",\"name\":\"CARAUDIOWORLD\",\"description\":\"Audio Heaven\",\"publisher\":{\"@id\":\"https:\\\/\\\/caraudioworld.eu\\\/cs\\\/#organization\"},\"potentialAction\":[{\"@type\":\"SearchAction\",\"target\":{\"@type\":\"EntryPoint\",\"urlTemplate\":\"https:\\\/\\\/caraudioworld.eu\\\/cs\\\/?s={search_term_string}\"},\"query-input\":{\"@type\":\"PropertyValueSpecification\",\"valueRequired\":true,\"valueName\":\"search_term_string\"}}],\"inLanguage\":\"cs\"},{\"@type\":\"Organization\",\"@id\":\"https:\\\/\\\/caraudioworld.eu\\\/cs\\\/#organization\",\"name\":\"CARAUDIOWORLD.eu\",\"url\":\"https:\\\/\\\/caraudioworld.eu\\\/cs\\\/\",\"logo\":{\"@type\":\"ImageObject\",\"inLanguage\":\"cs\",\"@id\":\"https:\\\/\\\/caraudioworld.eu\\\/cs\\\/#\\\/schema\\\/logo\\\/image\\\/\",\"url\":\"https:\\\/\\\/caraudioworld.eu\\\/wp-content\\\/uploads\\\/2020\\\/10\\\/CAW_rounded.png\",\"contentUrl\":\"https:\\\/\\\/caraudioworld.eu\\\/wp-content\\\/uploads\\\/2020\\\/10\\\/CAW_rounded.png\",\"width\":510,\"height\":510,\"caption\":\"CARAUDIOWORLD.eu\"},\"image\":{\"@id\":\"https:\\\/\\\/caraudioworld.eu\\\/cs\\\/#\\\/schema\\\/logo\\\/image\\\/\"},\"sameAs\":[\"https:\\\/\\\/www.facebook.com\\\/caraudioworld.eu\",\"https:\\\/\\\/www.instagram.com\\\/caraudioworld.eu\\\/\"]}]}<\/script>\n<!-- \/ Yoast SEO plugin. -->","yoast_head_json":{"title":"STEG BM4C - CARAUDIOWORLD","description":"Kvalitn\u00ed n\u00e1hrada za origin\u00e1ln\u00ed reproduktory pro majitele BMW 1\/3\/5\/7 a X1 \/ X3 \/ X5 \/ X6. Made in Italy! Cena za p\u00e1r \/ set!  2-p\u00e1smov\u00fd 10 cm reproduktorov\u00fd syst\u00e9m Surround reproduktory pro E, F a X od BJ. 2004 - Neodymov\u00fd magnet - Pap\u00edrov\u00e1 membr\u00e1na - Plug &amp; Play kabelov\u00e9 p\u0159ipojen\u00ed  Fs: 75 Hz Impedance: 4 ohm Citlivost: 88 dB 1 W \/ 1 m Vysokofrekven\u010dn\u00ed filtr 200 Hz 12 dB \/ okt. je nutn\u00fd!  Doporu\u010den\u00fd v\u00fdkon: 50-100W  Specifikace v\u00fd\u0161ky: Download Specifikace stredy: Download","robots":{"index":"index","follow":"follow","max-snippet":"max-snippet:-1","max-image-preview":"max-image-preview:large","max-video-preview":"max-video-preview:-1"},"canonical":"https:\/\/caraudioworld.eu\/cs\/produkt\/steg-bm4c\/","og_locale":"cs_CZ","og_type":"article","og_title":"STEG BM4C - CARAUDIOWORLD","og_description":"Kvalitn\u00ed n\u00e1hrada za origin\u00e1ln\u00ed reproduktory pro majitele BMW 1\/3\/5\/7 a X1 \/ X3 \/ X5 \/ X6. Made in Italy! Cena za p\u00e1r \/ set!  2-p\u00e1smov\u00fd 10 cm reproduktorov\u00fd syst\u00e9m Surround reproduktory pro E, F a X od BJ. 2004 - Neodymov\u00fd magnet - Pap\u00edrov\u00e1 membr\u00e1na - Plug &amp; Play kabelov\u00e9 p\u0159ipojen\u00ed  Fs: 75 Hz Impedance: 4 ohm Citlivost: 88 dB 1 W \/ 1 m Vysokofrekven\u010dn\u00ed filtr 200 Hz 12 dB \/ okt. je nutn\u00fd!  Doporu\u010den\u00fd v\u00fdkon: 50-100W  Specifikace v\u00fd\u0161ky: Download Specifikace stredy: Download","og_url":"https:\/\/caraudioworld.eu\/cs\/produkt\/steg-bm4c\/","og_site_name":"CARAUDIOWORLD","article_publisher":"https:\/\/www.facebook.com\/caraudioworld.eu","og_image":[{"width":1000,"height":700,"url":"https:\/\/caraudioworld.eu\/wp-content\/uploads\/2019\/11\/000.jpg","type":"image\/jpeg"}],"twitter_card":"summary_large_image","schema":{"@context":"https:\/\/schema.org","@graph":[{"@type":"WebPage","@id":"https:\/\/caraudioworld.eu\/cs\/produkt\/steg-bm4c\/","url":"https:\/\/caraudioworld.eu\/cs\/produkt\/steg-bm4c\/","name":"STEG BM4C - CARAUDIOWORLD","isPartOf":{"@id":"https:\/\/caraudioworld.eu\/cs\/#website"},"primaryImageOfPage":{"@id":"https:\/\/caraudioworld.eu\/cs\/produkt\/steg-bm4c\/#primaryimage"},"image":{"@id":"https:\/\/caraudioworld.eu\/cs\/produkt\/steg-bm4c\/#primaryimage"},"thumbnailUrl":"https:\/\/caraudioworld.eu\/wp-content\/uploads\/2019\/11\/000.jpg","datePublished":"2019-11-10T11:51:38+00:00","description":"Kvalitn\u00ed n\u00e1hrada za origin\u00e1ln\u00ed reproduktory pro majitele BMW 1\/3\/5\/7 a X1 \/ X3 \/ X5 \/ X6. Made in Italy! Cena za p\u00e1r \/ set! 2-p\u00e1smov\u00fd 10 cm reproduktorov\u00fd syst\u00e9m Surround reproduktory pro E, F a X od BJ. 2004 - Neodymov\u00fd magnet - Pap\u00edrov\u00e1 membr\u00e1na - Plug &amp; Play kabelov\u00e9 p\u0159ipojen\u00ed Fs: 75 Hz Impedance: 4 ohm Citlivost: 88 dB 1 W \/ 1 m Vysokofrekven\u010dn\u00ed filtr 200 Hz 12 dB \/ okt. je nutn\u00fd! Doporu\u010den\u00fd v\u00fdkon: 50-100W Specifikace v\u00fd\u0161ky: Download Specifikace stredy: Download","breadcrumb":{"@id":"https:\/\/caraudioworld.eu\/cs\/produkt\/steg-bm4c\/#breadcrumb"},"inLanguage":"cs","potentialAction":[{"@type":"ReadAction","target":["https:\/\/caraudioworld.eu\/cs\/produkt\/steg-bm4c\/"]}]},{"@type":"ImageObject","inLanguage":"cs","@id":"https:\/\/caraudioworld.eu\/cs\/produkt\/steg-bm4c\/#primaryimage","url":"https:\/\/caraudioworld.eu\/wp-content\/uploads\/2019\/11\/000.jpg","contentUrl":"https:\/\/caraudioworld.eu\/wp-content\/uploads\/2019\/11\/000.jpg","width":1000,"height":700},{"@type":"BreadcrumbList","@id":"https:\/\/caraudioworld.eu\/cs\/produkt\/steg-bm4c\/#breadcrumb","itemListElement":[{"@type":"ListItem","position":1,"name":"Home","item":"https:\/\/caraudioworld.eu\/cs\/"},{"@type":"ListItem","position":2,"name":"Obchod","item":"https:\/\/caraudioworld.eu\/cs\/obchod\/"},{"@type":"ListItem","position":3,"name":"STEG BM4C"}]},{"@type":"WebSite","@id":"https:\/\/caraudioworld.eu\/cs\/#website","url":"https:\/\/caraudioworld.eu\/cs\/","name":"CARAUDIOWORLD","description":"Audio Heaven","publisher":{"@id":"https:\/\/caraudioworld.eu\/cs\/#organization"},"potentialAction":[{"@type":"SearchAction","target":{"@type":"EntryPoint","urlTemplate":"https:\/\/caraudioworld.eu\/cs\/?s={search_term_string}"},"query-input":{"@type":"PropertyValueSpecification","valueRequired":true,"valueName":"search_term_string"}}],"inLanguage":"cs"},{"@type":"Organization","@id":"https:\/\/caraudioworld.eu\/cs\/#organization","name":"CARAUDIOWORLD.eu","url":"https:\/\/caraudioworld.eu\/cs\/","logo":{"@type":"ImageObject","inLanguage":"cs","@id":"https:\/\/caraudioworld.eu\/cs\/#\/schema\/logo\/image\/","url":"https:\/\/caraudioworld.eu\/wp-content\/uploads\/2020\/10\/CAW_rounded.png","contentUrl":"https:\/\/caraudioworld.eu\/wp-content\/uploads\/2020\/10\/CAW_rounded.png","width":510,"height":510,"caption":"CARAUDIOWORLD.eu"},"image":{"@id":"https:\/\/caraudioworld.eu\/cs\/#\/schema\/logo\/image\/"},"sameAs":["https:\/\/www.facebook.com\/caraudioworld.eu","https:\/\/www.instagram.com\/caraudioworld.eu\/"]}]}},"_links":{"self":[{"href":"https:\/\/caraudioworld.eu\/cs\/wp-json\/wp\/v2\/product\/7755","targetHints":{"allow":["GET"]}}],"collection":[{"href":"https:\/\/caraudioworld.eu\/cs\/wp-json\/wp\/v2\/product"}],"about":[{"href":"https:\/\/caraudioworld.eu\/cs\/wp-json\/wp\/v2\/types\/product"}],"replies":[{"embeddable":true,"href":"https:\/\/caraudioworld.eu\/cs\/wp-json\/wp\/v2\/comments?post=7755"}],"wp:featuredmedia":[{"embeddable":true,"href":"https:\/\/caraudioworld.eu\/cs\/wp-json\/wp\/v2\/media\/7762"}],"wp:attachment":[{"href":"https:\/\/caraudioworld.eu\/cs\/wp-json\/wp\/v2\/media?parent=7755"}],"wp:term":[{"taxonomy":"product_brand","embeddable":true,"href":"https:\/\/caraudioworld.eu\/cs\/wp-json\/wp\/v2\/product_brand?post=7755"},{"taxonomy":"product_cat","embeddable":true,"href":"https:\/\/caraudioworld.eu\/cs\/wp-json\/wp\/v2\/product_cat?post=7755"},{"taxonomy":"product_tag","embeddable":true,"href":"https:\/\/caraudioworld.eu\/cs\/wp-json\/wp\/v2\/product_tag?post=7755"}],"curies":[{"name":"wp","href":"https:\/\/api.w.org\/{rel}","templated":true}]}}