{"id":7832,"date":"2019-11-10T16:41:52","date_gmt":"2019-11-10T15:41:52","guid":{"rendered":"https:\/\/caraudioworld.eu\/produkt\/steg-usb\/"},"modified":"2019-11-10T16:41:52","modified_gmt":"2019-11-10T15:41:52","slug":"steg-usb","status":"publish","type":"product","link":"https:\/\/caraudioworld.eu\/cs\/produkt\/steg-usb\/","title":{"rendered":"STEG USB Bluetooth"},"content":{"rendered":"","protected":false},"excerpt":{"rendered":"<p>STEG USB na roz\u0161\u00ed\u0159en\u00ed DSP procesoru o u\u017eite\u010dn\u00e9 funkce. M\u011bjte v\u0161e pod kontrolou pomoc\u00ed va\u0161eho mobiln\u00edho za\u0159\u00edzen\u00ed<\/p>\n<p>Funkce:<\/p>\n<ul>\n<li>Streamov\u00e1n\u00ed hudby p\u0159es bluetooth rovnou do DSP ve vysok\u00e9 kvalit\u011b!<\/li>\n<li>Zm\u011bna nastaven\u00ed DSP p\u0159es mobiln\u00ed aplikaci<\/li>\n<li>zm\u011bna hlasitosti<\/li>\n<li>Zm\u011bna hlasitosti subwooferu<\/li>\n<li>Zm\u011bna nastaven\u00ed DSP (mo\u017enost ulo\u017eit a\u017e 8 r\u016fzn\u00fdch nastaven\u00ed)<\/li>\n<li>Zm\u011bna vstupn\u00edho sign\u00e1lu (Hlavn\u00ed, aux, optick\u00fd, koaxi\u00e1ln\u00ed, bluetooth)<\/li>\n<\/ul>\n<p>ANDROID STEG DSP SOFTWARE DOWNLOAD:\u00a0<a style=\"color: blue;\" href=\"https:\/\/www.dropbox.com\/s\/o19it4gy5r4c0uw\/steg_dsp_controll.apk?dl=0\" target=\"_blank\" rel=\"noopener noreferrer\">Download<\/a><\/p>\n","protected":false},"featured_media":7833,"comment_status":"open","ping_status":"closed","template":"","meta":[],"product_brand":[],"product_cat":[323,325],"product_tag":[339],"class_list":{"0":"post-7832","1":"product","2":"type-product","3":"status-publish","4":"has-post-thumbnail","6":"product_cat-dsp-cs","7":"product_cat-prislusenstvi","8":"product_tag-steg-cs","10":"first","11":"instock","12":"sale","13":"taxable","14":"shipping-taxable","15":"purchasable","16":"product-type-simple"},"yoast_head":"<!-- This site is optimized with the Yoast SEO plugin v27.3 - https:\/\/yoast.com\/product\/yoast-seo-wordpress\/ -->\n<title>STEG USB Bluetooth - CARAUDIOWORLD<\/title>\n<meta name=\"description\" content=\"STEG USB na roz\u0161\u00ed\u0159en\u00ed DSP procesoru o u\u017eite\u010dn\u00e9 funkce. M\u011bjte v\u0161e pod kontrolou pomoc\u00ed va\u0161eho mobiln\u00edho za\u0159\u00edzen\u00ed  Funkce:   Streamov\u00e1n\u00ed hudby p\u0159es bluetooth rovnou do DSP ve vysok\u00e9 kvalit\u011b!  Zm\u011bna nastaven\u00ed DSP p\u0159es mobiln\u00ed aplikaci  zm\u011bna hlasitosti  Zm\u011bna hlasitosti subwooferu  Zm\u011bna nastaven\u00ed DSP (mo\u017enost ulo\u017eit a\u017e 8 r\u016fzn\u00fdch nastaven\u00ed)  Zm\u011bna vstupn\u00edho sign\u00e1lu (Hlavn\u00ed, aux, optick\u00fd, koaxi\u00e1ln\u00ed, bluetooth)  ANDROID STEG DSP SOFTWARE DOWNLOAD:\u00a0Download\" \/>\n<meta name=\"robots\" content=\"index, follow, max-snippet:-1, max-image-preview:large, max-video-preview:-1\" \/>\n<link rel=\"canonical\" href=\"https:\/\/caraudioworld.eu\/cs\/produkt\/steg-usb\/\" \/>\n<meta property=\"og:locale\" content=\"cs_CZ\" \/>\n<meta property=\"og:type\" content=\"article\" \/>\n<meta property=\"og:title\" content=\"STEG USB Bluetooth - CARAUDIOWORLD\" \/>\n<meta property=\"og:description\" content=\"STEG USB na roz\u0161\u00ed\u0159en\u00ed DSP procesoru o u\u017eite\u010dn\u00e9 funkce. M\u011bjte v\u0161e pod kontrolou pomoc\u00ed va\u0161eho mobiln\u00edho za\u0159\u00edzen\u00ed  Funkce:   Streamov\u00e1n\u00ed hudby p\u0159es bluetooth rovnou do DSP ve vysok\u00e9 kvalit\u011b!  Zm\u011bna nastaven\u00ed DSP p\u0159es mobiln\u00ed aplikaci  zm\u011bna hlasitosti  Zm\u011bna hlasitosti subwooferu  Zm\u011bna nastaven\u00ed DSP (mo\u017enost ulo\u017eit a\u017e 8 r\u016fzn\u00fdch nastaven\u00ed)  Zm\u011bna vstupn\u00edho sign\u00e1lu (Hlavn\u00ed, aux, optick\u00fd, koaxi\u00e1ln\u00ed, bluetooth)  ANDROID STEG DSP SOFTWARE DOWNLOAD:\u00a0Download\" \/>\n<meta property=\"og:url\" content=\"https:\/\/caraudioworld.eu\/cs\/produkt\/steg-usb\/\" \/>\n<meta property=\"og:site_name\" content=\"CARAUDIOWORLD\" \/>\n<meta property=\"article:publisher\" content=\"https:\/\/www.facebook.com\/caraudioworld.eu\" \/>\n<meta property=\"og:image\" content=\"https:\/\/caraudioworld.eu\/wp-content\/uploads\/2019\/11\/11-34.jpg\" \/>\n\t<meta property=\"og:image:width\" content=\"1000\" \/>\n\t<meta property=\"og:image:height\" content=\"700\" \/>\n\t<meta property=\"og:image:type\" content=\"image\/jpeg\" \/>\n<meta name=\"twitter:card\" content=\"summary_large_image\" \/>\n<script type=\"application\/ld+json\" class=\"yoast-schema-graph\">{\"@context\":\"https:\\\/\\\/schema.org\",\"@graph\":[{\"@type\":\"WebPage\",\"@id\":\"https:\\\/\\\/caraudioworld.eu\\\/cs\\\/produkt\\\/steg-usb\\\/\",\"url\":\"https:\\\/\\\/caraudioworld.eu\\\/cs\\\/produkt\\\/steg-usb\\\/\",\"name\":\"STEG USB Bluetooth - CARAUDIOWORLD\",\"isPartOf\":{\"@id\":\"https:\\\/\\\/caraudioworld.eu\\\/cs\\\/#website\"},\"primaryImageOfPage\":{\"@id\":\"https:\\\/\\\/caraudioworld.eu\\\/cs\\\/produkt\\\/steg-usb\\\/#primaryimage\"},\"image\":{\"@id\":\"https:\\\/\\\/caraudioworld.eu\\\/cs\\\/produkt\\\/steg-usb\\\/#primaryimage\"},\"thumbnailUrl\":\"https:\\\/\\\/caraudioworld.eu\\\/wp-content\\\/uploads\\\/2019\\\/11\\\/11-34.jpg\",\"datePublished\":\"2019-11-10T15:41:52+00:00\",\"description\":\"STEG USB na roz\u0161\u00ed\u0159en\u00ed DSP procesoru o u\u017eite\u010dn\u00e9 funkce. M\u011bjte v\u0161e pod kontrolou pomoc\u00ed va\u0161eho mobiln\u00edho za\u0159\u00edzen\u00ed Funkce: Streamov\u00e1n\u00ed hudby p\u0159es bluetooth rovnou do DSP ve vysok\u00e9 kvalit\u011b! Zm\u011bna nastaven\u00ed DSP p\u0159es mobiln\u00ed aplikaci zm\u011bna hlasitosti Zm\u011bna hlasitosti subwooferu Zm\u011bna nastaven\u00ed DSP (mo\u017enost ulo\u017eit a\u017e 8 r\u016fzn\u00fdch nastaven\u00ed) Zm\u011bna vstupn\u00edho sign\u00e1lu (Hlavn\u00ed, aux, optick\u00fd, koaxi\u00e1ln\u00ed, bluetooth) ANDROID STEG DSP SOFTWARE DOWNLOAD:\u00a0Download\",\"breadcrumb\":{\"@id\":\"https:\\\/\\\/caraudioworld.eu\\\/cs\\\/produkt\\\/steg-usb\\\/#breadcrumb\"},\"inLanguage\":\"cs\",\"potentialAction\":[{\"@type\":\"ReadAction\",\"target\":[\"https:\\\/\\\/caraudioworld.eu\\\/cs\\\/produkt\\\/steg-usb\\\/\"]}]},{\"@type\":\"ImageObject\",\"inLanguage\":\"cs\",\"@id\":\"https:\\\/\\\/caraudioworld.eu\\\/cs\\\/produkt\\\/steg-usb\\\/#primaryimage\",\"url\":\"https:\\\/\\\/caraudioworld.eu\\\/wp-content\\\/uploads\\\/2019\\\/11\\\/11-34.jpg\",\"contentUrl\":\"https:\\\/\\\/caraudioworld.eu\\\/wp-content\\\/uploads\\\/2019\\\/11\\\/11-34.jpg\",\"width\":1000,\"height\":700},{\"@type\":\"BreadcrumbList\",\"@id\":\"https:\\\/\\\/caraudioworld.eu\\\/cs\\\/produkt\\\/steg-usb\\\/#breadcrumb\",\"itemListElement\":[{\"@type\":\"ListItem\",\"position\":1,\"name\":\"Home\",\"item\":\"https:\\\/\\\/caraudioworld.eu\\\/cs\\\/\"},{\"@type\":\"ListItem\",\"position\":2,\"name\":\"Obchod\",\"item\":\"https:\\\/\\\/caraudioworld.eu\\\/cs\\\/obchod\\\/\"},{\"@type\":\"ListItem\",\"position\":3,\"name\":\"STEG USB Bluetooth\"}]},{\"@type\":\"WebSite\",\"@id\":\"https:\\\/\\\/caraudioworld.eu\\\/cs\\\/#website\",\"url\":\"https:\\\/\\\/caraudioworld.eu\\\/cs\\\/\",\"name\":\"CARAUDIOWORLD\",\"description\":\"Audio Heaven\",\"publisher\":{\"@id\":\"https:\\\/\\\/caraudioworld.eu\\\/cs\\\/#organization\"},\"potentialAction\":[{\"@type\":\"SearchAction\",\"target\":{\"@type\":\"EntryPoint\",\"urlTemplate\":\"https:\\\/\\\/caraudioworld.eu\\\/cs\\\/?s={search_term_string}\"},\"query-input\":{\"@type\":\"PropertyValueSpecification\",\"valueRequired\":true,\"valueName\":\"search_term_string\"}}],\"inLanguage\":\"cs\"},{\"@type\":\"Organization\",\"@id\":\"https:\\\/\\\/caraudioworld.eu\\\/cs\\\/#organization\",\"name\":\"CARAUDIOWORLD.eu\",\"url\":\"https:\\\/\\\/caraudioworld.eu\\\/cs\\\/\",\"logo\":{\"@type\":\"ImageObject\",\"inLanguage\":\"cs\",\"@id\":\"https:\\\/\\\/caraudioworld.eu\\\/cs\\\/#\\\/schema\\\/logo\\\/image\\\/\",\"url\":\"https:\\\/\\\/caraudioworld.eu\\\/wp-content\\\/uploads\\\/2020\\\/10\\\/CAW_rounded.png\",\"contentUrl\":\"https:\\\/\\\/caraudioworld.eu\\\/wp-content\\\/uploads\\\/2020\\\/10\\\/CAW_rounded.png\",\"width\":510,\"height\":510,\"caption\":\"CARAUDIOWORLD.eu\"},\"image\":{\"@id\":\"https:\\\/\\\/caraudioworld.eu\\\/cs\\\/#\\\/schema\\\/logo\\\/image\\\/\"},\"sameAs\":[\"https:\\\/\\\/www.facebook.com\\\/caraudioworld.eu\",\"https:\\\/\\\/www.instagram.com\\\/caraudioworld.eu\\\/\"]}]}<\/script>\n<!-- \/ Yoast SEO plugin. -->","yoast_head_json":{"title":"STEG USB Bluetooth - CARAUDIOWORLD","description":"STEG USB na roz\u0161\u00ed\u0159en\u00ed DSP procesoru o u\u017eite\u010dn\u00e9 funkce. M\u011bjte v\u0161e pod kontrolou pomoc\u00ed va\u0161eho mobiln\u00edho za\u0159\u00edzen\u00ed  Funkce:   Streamov\u00e1n\u00ed hudby p\u0159es bluetooth rovnou do DSP ve vysok\u00e9 kvalit\u011b!  Zm\u011bna nastaven\u00ed DSP p\u0159es mobiln\u00ed aplikaci  zm\u011bna hlasitosti  Zm\u011bna hlasitosti subwooferu  Zm\u011bna nastaven\u00ed DSP (mo\u017enost ulo\u017eit a\u017e 8 r\u016fzn\u00fdch nastaven\u00ed)  Zm\u011bna vstupn\u00edho sign\u00e1lu (Hlavn\u00ed, aux, optick\u00fd, koaxi\u00e1ln\u00ed, bluetooth)  ANDROID STEG DSP SOFTWARE DOWNLOAD:\u00a0Download","robots":{"index":"index","follow":"follow","max-snippet":"max-snippet:-1","max-image-preview":"max-image-preview:large","max-video-preview":"max-video-preview:-1"},"canonical":"https:\/\/caraudioworld.eu\/cs\/produkt\/steg-usb\/","og_locale":"cs_CZ","og_type":"article","og_title":"STEG USB Bluetooth - CARAUDIOWORLD","og_description":"STEG USB na roz\u0161\u00ed\u0159en\u00ed DSP procesoru o u\u017eite\u010dn\u00e9 funkce. M\u011bjte v\u0161e pod kontrolou pomoc\u00ed va\u0161eho mobiln\u00edho za\u0159\u00edzen\u00ed  Funkce:   Streamov\u00e1n\u00ed hudby p\u0159es bluetooth rovnou do DSP ve vysok\u00e9 kvalit\u011b!  Zm\u011bna nastaven\u00ed DSP p\u0159es mobiln\u00ed aplikaci  zm\u011bna hlasitosti  Zm\u011bna hlasitosti subwooferu  Zm\u011bna nastaven\u00ed DSP (mo\u017enost ulo\u017eit a\u017e 8 r\u016fzn\u00fdch nastaven\u00ed)  Zm\u011bna vstupn\u00edho sign\u00e1lu (Hlavn\u00ed, aux, optick\u00fd, koaxi\u00e1ln\u00ed, bluetooth)  ANDROID STEG DSP SOFTWARE DOWNLOAD:\u00a0Download","og_url":"https:\/\/caraudioworld.eu\/cs\/produkt\/steg-usb\/","og_site_name":"CARAUDIOWORLD","article_publisher":"https:\/\/www.facebook.com\/caraudioworld.eu","og_image":[{"width":1000,"height":700,"url":"https:\/\/caraudioworld.eu\/wp-content\/uploads\/2019\/11\/11-34.jpg","type":"image\/jpeg"}],"twitter_card":"summary_large_image","schema":{"@context":"https:\/\/schema.org","@graph":[{"@type":"WebPage","@id":"https:\/\/caraudioworld.eu\/cs\/produkt\/steg-usb\/","url":"https:\/\/caraudioworld.eu\/cs\/produkt\/steg-usb\/","name":"STEG USB Bluetooth - CARAUDIOWORLD","isPartOf":{"@id":"https:\/\/caraudioworld.eu\/cs\/#website"},"primaryImageOfPage":{"@id":"https:\/\/caraudioworld.eu\/cs\/produkt\/steg-usb\/#primaryimage"},"image":{"@id":"https:\/\/caraudioworld.eu\/cs\/produkt\/steg-usb\/#primaryimage"},"thumbnailUrl":"https:\/\/caraudioworld.eu\/wp-content\/uploads\/2019\/11\/11-34.jpg","datePublished":"2019-11-10T15:41:52+00:00","description":"STEG USB na roz\u0161\u00ed\u0159en\u00ed DSP procesoru o u\u017eite\u010dn\u00e9 funkce. M\u011bjte v\u0161e pod kontrolou pomoc\u00ed va\u0161eho mobiln\u00edho za\u0159\u00edzen\u00ed Funkce: Streamov\u00e1n\u00ed hudby p\u0159es bluetooth rovnou do DSP ve vysok\u00e9 kvalit\u011b! Zm\u011bna nastaven\u00ed DSP p\u0159es mobiln\u00ed aplikaci zm\u011bna hlasitosti Zm\u011bna hlasitosti subwooferu Zm\u011bna nastaven\u00ed DSP (mo\u017enost ulo\u017eit a\u017e 8 r\u016fzn\u00fdch nastaven\u00ed) Zm\u011bna vstupn\u00edho sign\u00e1lu (Hlavn\u00ed, aux, optick\u00fd, koaxi\u00e1ln\u00ed, bluetooth) ANDROID STEG DSP SOFTWARE DOWNLOAD:\u00a0Download","breadcrumb":{"@id":"https:\/\/caraudioworld.eu\/cs\/produkt\/steg-usb\/#breadcrumb"},"inLanguage":"cs","potentialAction":[{"@type":"ReadAction","target":["https:\/\/caraudioworld.eu\/cs\/produkt\/steg-usb\/"]}]},{"@type":"ImageObject","inLanguage":"cs","@id":"https:\/\/caraudioworld.eu\/cs\/produkt\/steg-usb\/#primaryimage","url":"https:\/\/caraudioworld.eu\/wp-content\/uploads\/2019\/11\/11-34.jpg","contentUrl":"https:\/\/caraudioworld.eu\/wp-content\/uploads\/2019\/11\/11-34.jpg","width":1000,"height":700},{"@type":"BreadcrumbList","@id":"https:\/\/caraudioworld.eu\/cs\/produkt\/steg-usb\/#breadcrumb","itemListElement":[{"@type":"ListItem","position":1,"name":"Home","item":"https:\/\/caraudioworld.eu\/cs\/"},{"@type":"ListItem","position":2,"name":"Obchod","item":"https:\/\/caraudioworld.eu\/cs\/obchod\/"},{"@type":"ListItem","position":3,"name":"STEG USB Bluetooth"}]},{"@type":"WebSite","@id":"https:\/\/caraudioworld.eu\/cs\/#website","url":"https:\/\/caraudioworld.eu\/cs\/","name":"CARAUDIOWORLD","description":"Audio Heaven","publisher":{"@id":"https:\/\/caraudioworld.eu\/cs\/#organization"},"potentialAction":[{"@type":"SearchAction","target":{"@type":"EntryPoint","urlTemplate":"https:\/\/caraudioworld.eu\/cs\/?s={search_term_string}"},"query-input":{"@type":"PropertyValueSpecification","valueRequired":true,"valueName":"search_term_string"}}],"inLanguage":"cs"},{"@type":"Organization","@id":"https:\/\/caraudioworld.eu\/cs\/#organization","name":"CARAUDIOWORLD.eu","url":"https:\/\/caraudioworld.eu\/cs\/","logo":{"@type":"ImageObject","inLanguage":"cs","@id":"https:\/\/caraudioworld.eu\/cs\/#\/schema\/logo\/image\/","url":"https:\/\/caraudioworld.eu\/wp-content\/uploads\/2020\/10\/CAW_rounded.png","contentUrl":"https:\/\/caraudioworld.eu\/wp-content\/uploads\/2020\/10\/CAW_rounded.png","width":510,"height":510,"caption":"CARAUDIOWORLD.eu"},"image":{"@id":"https:\/\/caraudioworld.eu\/cs\/#\/schema\/logo\/image\/"},"sameAs":["https:\/\/www.facebook.com\/caraudioworld.eu","https:\/\/www.instagram.com\/caraudioworld.eu\/"]}]}},"_links":{"self":[{"href":"https:\/\/caraudioworld.eu\/cs\/wp-json\/wp\/v2\/product\/7832","targetHints":{"allow":["GET"]}}],"collection":[{"href":"https:\/\/caraudioworld.eu\/cs\/wp-json\/wp\/v2\/product"}],"about":[{"href":"https:\/\/caraudioworld.eu\/cs\/wp-json\/wp\/v2\/types\/product"}],"replies":[{"embeddable":true,"href":"https:\/\/caraudioworld.eu\/cs\/wp-json\/wp\/v2\/comments?post=7832"}],"wp:featuredmedia":[{"embeddable":true,"href":"https:\/\/caraudioworld.eu\/cs\/wp-json\/wp\/v2\/media\/7833"}],"wp:attachment":[{"href":"https:\/\/caraudioworld.eu\/cs\/wp-json\/wp\/v2\/media?parent=7832"}],"wp:term":[{"taxonomy":"product_brand","embeddable":true,"href":"https:\/\/caraudioworld.eu\/cs\/wp-json\/wp\/v2\/product_brand?post=7832"},{"taxonomy":"product_cat","embeddable":true,"href":"https:\/\/caraudioworld.eu\/cs\/wp-json\/wp\/v2\/product_cat?post=7832"},{"taxonomy":"product_tag","embeddable":true,"href":"https:\/\/caraudioworld.eu\/cs\/wp-json\/wp\/v2\/product_tag?post=7832"}],"curies":[{"name":"wp","href":"https:\/\/api.w.org\/{rel}","templated":true}]}}