{"id":7838,"date":"2019-11-10T23:02:30","date_gmt":"2019-11-10T22:02:30","guid":{"rendered":"https:\/\/caraudioworld.eu\/produkt\/awave-dsp46-microphone\/"},"modified":"2020-06-27T20:57:04","modified_gmt":"2020-06-27T18:57:04","slug":"awave-dsp46-microphone","status":"publish","type":"product","link":"https:\/\/caraudioworld.eu\/cs\/produkt\/awave-dsp46-microphone\/","title":{"rendered":"Awave DSP46 Microphone"},"content":{"rendered":"","protected":false},"excerpt":{"rendered":"<p>Kalibra\u010dn\u00ed RTA mikrofon pro dokonal\u00e9 automatick\u00e9 nastaven\u00ed va\u0161eho zvukov\u00e9ho syst\u00e9mu pro zesilova\u010de s DSP:<\/p>\n<ul>\n<li><a style=\"color: blue;\" href=\"https:\/\/caraudioworld.eu\/cs\/produkt\/awave-dsp-46a\/\" target=\"_blank\" rel=\"noopener noreferrer\">Awave DSP-46A<\/a><\/li>\n<li><a style=\"color: blue;\" href=\"https:\/\/caraudioworld.eu\/cs\/produkt\/awave-dsp-3546a\/\" target=\"_blank\" rel=\"noopener noreferrer\">Awave DSP-3546A<\/a><\/li>\n<\/ul>\n<p>Kompletn\u011b p\u0159izp\u016fsob\u00ed pln\u011b parametrick\u00fd ekvaliz\u00e9r a \u010dasov\u00e9 korekce k poloze, kde um\u00edst\u00edte mikrofon <em>(nap\u0159. Pod hlavovou op\u011brku \u0159idi\u010de)<\/em>.<\/p>\n","protected":false},"featured_media":7839,"comment_status":"open","ping_status":"closed","template":"","meta":[],"product_brand":[],"product_cat":[323,426,325],"product_tag":[333],"class_list":{"0":"post-7838","1":"product","2":"type-product","3":"status-publish","4":"has-post-thumbnail","6":"product_cat-dsp-cs","7":"product_cat-prislusenstvi-cs","8":"product_cat-prislusenstvi","9":"product_tag-awave-cs","11":"first","12":"instock","13":"taxable","14":"shipping-taxable","15":"purchasable","16":"product-type-simple"},"yoast_head":"<!-- This site is optimized with the Yoast SEO plugin v27.3 - https:\/\/yoast.com\/product\/yoast-seo-wordpress\/ -->\n<title>Awave DSP46 Microphone - CARAUDIOWORLD<\/title>\n<meta name=\"description\" content=\"Kalibra\u010dn\u00ed RTA mikrofon pro dokonal\u00e9 automatick\u00e9 nastaven\u00ed va\u0161eho zvukov\u00e9ho syst\u00e9mu pro zesilova\u010de s DSP:   Awave DSP-46A  Awave DSP-3546A  Kompletn\u011b p\u0159izp\u016fsob\u00ed pln\u011b parametrick\u00fd ekvaliz\u00e9r a \u010dasov\u00e9 korekce k poloze, kde um\u00edst\u00edte mikrofon (nap\u0159. Pod hlavovou op\u011brku \u0159idi\u010de).\" \/>\n<meta name=\"robots\" content=\"index, follow, max-snippet:-1, max-image-preview:large, max-video-preview:-1\" \/>\n<link rel=\"canonical\" href=\"https:\/\/caraudioworld.eu\/cs\/produkt\/awave-dsp46-microphone\/\" \/>\n<meta property=\"og:locale\" content=\"cs_CZ\" \/>\n<meta property=\"og:type\" content=\"article\" \/>\n<meta property=\"og:title\" content=\"Awave DSP46 Microphone - CARAUDIOWORLD\" \/>\n<meta property=\"og:description\" content=\"Kalibra\u010dn\u00ed RTA mikrofon pro dokonal\u00e9 automatick\u00e9 nastaven\u00ed va\u0161eho zvukov\u00e9ho syst\u00e9mu pro zesilova\u010de s DSP:   Awave DSP-46A  Awave DSP-3546A  Kompletn\u011b p\u0159izp\u016fsob\u00ed pln\u011b parametrick\u00fd ekvaliz\u00e9r a \u010dasov\u00e9 korekce k poloze, kde um\u00edst\u00edte mikrofon (nap\u0159. Pod hlavovou op\u011brku \u0159idi\u010de).\" \/>\n<meta property=\"og:url\" content=\"https:\/\/caraudioworld.eu\/cs\/produkt\/awave-dsp46-microphone\/\" \/>\n<meta property=\"og:site_name\" content=\"CARAUDIOWORLD\" \/>\n<meta property=\"article:publisher\" content=\"https:\/\/www.facebook.com\/caraudioworld.eu\" \/>\n<meta property=\"article:modified_time\" content=\"2020-06-27T18:57:04+00:00\" \/>\n<meta property=\"og:image\" content=\"https:\/\/caraudioworld.eu\/wp-content\/uploads\/2019\/11\/11-36.jpg\" \/>\n\t<meta property=\"og:image:width\" content=\"1000\" \/>\n\t<meta property=\"og:image:height\" content=\"700\" \/>\n\t<meta property=\"og:image:type\" content=\"image\/jpeg\" \/>\n<meta name=\"twitter:card\" content=\"summary_large_image\" \/>\n<script type=\"application\/ld+json\" class=\"yoast-schema-graph\">{\"@context\":\"https:\\\/\\\/schema.org\",\"@graph\":[{\"@type\":\"WebPage\",\"@id\":\"https:\\\/\\\/caraudioworld.eu\\\/cs\\\/produkt\\\/awave-dsp46-microphone\\\/\",\"url\":\"https:\\\/\\\/caraudioworld.eu\\\/cs\\\/produkt\\\/awave-dsp46-microphone\\\/\",\"name\":\"Awave DSP46 Microphone - CARAUDIOWORLD\",\"isPartOf\":{\"@id\":\"https:\\\/\\\/caraudioworld.eu\\\/cs\\\/#website\"},\"primaryImageOfPage\":{\"@id\":\"https:\\\/\\\/caraudioworld.eu\\\/cs\\\/produkt\\\/awave-dsp46-microphone\\\/#primaryimage\"},\"image\":{\"@id\":\"https:\\\/\\\/caraudioworld.eu\\\/cs\\\/produkt\\\/awave-dsp46-microphone\\\/#primaryimage\"},\"thumbnailUrl\":\"https:\\\/\\\/caraudioworld.eu\\\/wp-content\\\/uploads\\\/2019\\\/11\\\/11-36.jpg\",\"datePublished\":\"2019-11-10T22:02:30+00:00\",\"dateModified\":\"2020-06-27T18:57:04+00:00\",\"description\":\"Kalibra\u010dn\u00ed RTA mikrofon pro dokonal\u00e9 automatick\u00e9 nastaven\u00ed va\u0161eho zvukov\u00e9ho syst\u00e9mu pro zesilova\u010de s DSP: Awave DSP-46A Awave DSP-3546A Kompletn\u011b p\u0159izp\u016fsob\u00ed pln\u011b parametrick\u00fd ekvaliz\u00e9r a \u010dasov\u00e9 korekce k poloze, kde um\u00edst\u00edte mikrofon (nap\u0159. Pod hlavovou op\u011brku \u0159idi\u010de).\",\"breadcrumb\":{\"@id\":\"https:\\\/\\\/caraudioworld.eu\\\/cs\\\/produkt\\\/awave-dsp46-microphone\\\/#breadcrumb\"},\"inLanguage\":\"cs\",\"potentialAction\":[{\"@type\":\"ReadAction\",\"target\":[\"https:\\\/\\\/caraudioworld.eu\\\/cs\\\/produkt\\\/awave-dsp46-microphone\\\/\"]}]},{\"@type\":\"ImageObject\",\"inLanguage\":\"cs\",\"@id\":\"https:\\\/\\\/caraudioworld.eu\\\/cs\\\/produkt\\\/awave-dsp46-microphone\\\/#primaryimage\",\"url\":\"https:\\\/\\\/caraudioworld.eu\\\/wp-content\\\/uploads\\\/2019\\\/11\\\/11-36.jpg\",\"contentUrl\":\"https:\\\/\\\/caraudioworld.eu\\\/wp-content\\\/uploads\\\/2019\\\/11\\\/11-36.jpg\",\"width\":1000,\"height\":700},{\"@type\":\"BreadcrumbList\",\"@id\":\"https:\\\/\\\/caraudioworld.eu\\\/cs\\\/produkt\\\/awave-dsp46-microphone\\\/#breadcrumb\",\"itemListElement\":[{\"@type\":\"ListItem\",\"position\":1,\"name\":\"Home\",\"item\":\"https:\\\/\\\/caraudioworld.eu\\\/cs\\\/\"},{\"@type\":\"ListItem\",\"position\":2,\"name\":\"Obchod\",\"item\":\"https:\\\/\\\/caraudioworld.eu\\\/cs\\\/obchod\\\/\"},{\"@type\":\"ListItem\",\"position\":3,\"name\":\"Awave DSP46 Microphone\"}]},{\"@type\":\"WebSite\",\"@id\":\"https:\\\/\\\/caraudioworld.eu\\\/cs\\\/#website\",\"url\":\"https:\\\/\\\/caraudioworld.eu\\\/cs\\\/\",\"name\":\"CARAUDIOWORLD\",\"description\":\"Audio Heaven\",\"publisher\":{\"@id\":\"https:\\\/\\\/caraudioworld.eu\\\/cs\\\/#organization\"},\"potentialAction\":[{\"@type\":\"SearchAction\",\"target\":{\"@type\":\"EntryPoint\",\"urlTemplate\":\"https:\\\/\\\/caraudioworld.eu\\\/cs\\\/?s={search_term_string}\"},\"query-input\":{\"@type\":\"PropertyValueSpecification\",\"valueRequired\":true,\"valueName\":\"search_term_string\"}}],\"inLanguage\":\"cs\"},{\"@type\":\"Organization\",\"@id\":\"https:\\\/\\\/caraudioworld.eu\\\/cs\\\/#organization\",\"name\":\"CARAUDIOWORLD.eu\",\"url\":\"https:\\\/\\\/caraudioworld.eu\\\/cs\\\/\",\"logo\":{\"@type\":\"ImageObject\",\"inLanguage\":\"cs\",\"@id\":\"https:\\\/\\\/caraudioworld.eu\\\/cs\\\/#\\\/schema\\\/logo\\\/image\\\/\",\"url\":\"https:\\\/\\\/caraudioworld.eu\\\/wp-content\\\/uploads\\\/2020\\\/10\\\/CAW_rounded.png\",\"contentUrl\":\"https:\\\/\\\/caraudioworld.eu\\\/wp-content\\\/uploads\\\/2020\\\/10\\\/CAW_rounded.png\",\"width\":510,\"height\":510,\"caption\":\"CARAUDIOWORLD.eu\"},\"image\":{\"@id\":\"https:\\\/\\\/caraudioworld.eu\\\/cs\\\/#\\\/schema\\\/logo\\\/image\\\/\"},\"sameAs\":[\"https:\\\/\\\/www.facebook.com\\\/caraudioworld.eu\",\"https:\\\/\\\/www.instagram.com\\\/caraudioworld.eu\\\/\"]}]}<\/script>\n<!-- \/ Yoast SEO plugin. -->","yoast_head_json":{"title":"Awave DSP46 Microphone - CARAUDIOWORLD","description":"Kalibra\u010dn\u00ed RTA mikrofon pro dokonal\u00e9 automatick\u00e9 nastaven\u00ed va\u0161eho zvukov\u00e9ho syst\u00e9mu pro zesilova\u010de s DSP:   Awave DSP-46A  Awave DSP-3546A  Kompletn\u011b p\u0159izp\u016fsob\u00ed pln\u011b parametrick\u00fd ekvaliz\u00e9r a \u010dasov\u00e9 korekce k poloze, kde um\u00edst\u00edte mikrofon (nap\u0159. Pod hlavovou op\u011brku \u0159idi\u010de).","robots":{"index":"index","follow":"follow","max-snippet":"max-snippet:-1","max-image-preview":"max-image-preview:large","max-video-preview":"max-video-preview:-1"},"canonical":"https:\/\/caraudioworld.eu\/cs\/produkt\/awave-dsp46-microphone\/","og_locale":"cs_CZ","og_type":"article","og_title":"Awave DSP46 Microphone - CARAUDIOWORLD","og_description":"Kalibra\u010dn\u00ed RTA mikrofon pro dokonal\u00e9 automatick\u00e9 nastaven\u00ed va\u0161eho zvukov\u00e9ho syst\u00e9mu pro zesilova\u010de s DSP:   Awave DSP-46A  Awave DSP-3546A  Kompletn\u011b p\u0159izp\u016fsob\u00ed pln\u011b parametrick\u00fd ekvaliz\u00e9r a \u010dasov\u00e9 korekce k poloze, kde um\u00edst\u00edte mikrofon (nap\u0159. Pod hlavovou op\u011brku \u0159idi\u010de).","og_url":"https:\/\/caraudioworld.eu\/cs\/produkt\/awave-dsp46-microphone\/","og_site_name":"CARAUDIOWORLD","article_publisher":"https:\/\/www.facebook.com\/caraudioworld.eu","article_modified_time":"2020-06-27T18:57:04+00:00","og_image":[{"width":1000,"height":700,"url":"https:\/\/caraudioworld.eu\/wp-content\/uploads\/2019\/11\/11-36.jpg","type":"image\/jpeg"}],"twitter_card":"summary_large_image","schema":{"@context":"https:\/\/schema.org","@graph":[{"@type":"WebPage","@id":"https:\/\/caraudioworld.eu\/cs\/produkt\/awave-dsp46-microphone\/","url":"https:\/\/caraudioworld.eu\/cs\/produkt\/awave-dsp46-microphone\/","name":"Awave DSP46 Microphone - CARAUDIOWORLD","isPartOf":{"@id":"https:\/\/caraudioworld.eu\/cs\/#website"},"primaryImageOfPage":{"@id":"https:\/\/caraudioworld.eu\/cs\/produkt\/awave-dsp46-microphone\/#primaryimage"},"image":{"@id":"https:\/\/caraudioworld.eu\/cs\/produkt\/awave-dsp46-microphone\/#primaryimage"},"thumbnailUrl":"https:\/\/caraudioworld.eu\/wp-content\/uploads\/2019\/11\/11-36.jpg","datePublished":"2019-11-10T22:02:30+00:00","dateModified":"2020-06-27T18:57:04+00:00","description":"Kalibra\u010dn\u00ed RTA mikrofon pro dokonal\u00e9 automatick\u00e9 nastaven\u00ed va\u0161eho zvukov\u00e9ho syst\u00e9mu pro zesilova\u010de s DSP: Awave DSP-46A Awave DSP-3546A Kompletn\u011b p\u0159izp\u016fsob\u00ed pln\u011b parametrick\u00fd ekvaliz\u00e9r a \u010dasov\u00e9 korekce k poloze, kde um\u00edst\u00edte mikrofon (nap\u0159. Pod hlavovou op\u011brku \u0159idi\u010de).","breadcrumb":{"@id":"https:\/\/caraudioworld.eu\/cs\/produkt\/awave-dsp46-microphone\/#breadcrumb"},"inLanguage":"cs","potentialAction":[{"@type":"ReadAction","target":["https:\/\/caraudioworld.eu\/cs\/produkt\/awave-dsp46-microphone\/"]}]},{"@type":"ImageObject","inLanguage":"cs","@id":"https:\/\/caraudioworld.eu\/cs\/produkt\/awave-dsp46-microphone\/#primaryimage","url":"https:\/\/caraudioworld.eu\/wp-content\/uploads\/2019\/11\/11-36.jpg","contentUrl":"https:\/\/caraudioworld.eu\/wp-content\/uploads\/2019\/11\/11-36.jpg","width":1000,"height":700},{"@type":"BreadcrumbList","@id":"https:\/\/caraudioworld.eu\/cs\/produkt\/awave-dsp46-microphone\/#breadcrumb","itemListElement":[{"@type":"ListItem","position":1,"name":"Home","item":"https:\/\/caraudioworld.eu\/cs\/"},{"@type":"ListItem","position":2,"name":"Obchod","item":"https:\/\/caraudioworld.eu\/cs\/obchod\/"},{"@type":"ListItem","position":3,"name":"Awave DSP46 Microphone"}]},{"@type":"WebSite","@id":"https:\/\/caraudioworld.eu\/cs\/#website","url":"https:\/\/caraudioworld.eu\/cs\/","name":"CARAUDIOWORLD","description":"Audio Heaven","publisher":{"@id":"https:\/\/caraudioworld.eu\/cs\/#organization"},"potentialAction":[{"@type":"SearchAction","target":{"@type":"EntryPoint","urlTemplate":"https:\/\/caraudioworld.eu\/cs\/?s={search_term_string}"},"query-input":{"@type":"PropertyValueSpecification","valueRequired":true,"valueName":"search_term_string"}}],"inLanguage":"cs"},{"@type":"Organization","@id":"https:\/\/caraudioworld.eu\/cs\/#organization","name":"CARAUDIOWORLD.eu","url":"https:\/\/caraudioworld.eu\/cs\/","logo":{"@type":"ImageObject","inLanguage":"cs","@id":"https:\/\/caraudioworld.eu\/cs\/#\/schema\/logo\/image\/","url":"https:\/\/caraudioworld.eu\/wp-content\/uploads\/2020\/10\/CAW_rounded.png","contentUrl":"https:\/\/caraudioworld.eu\/wp-content\/uploads\/2020\/10\/CAW_rounded.png","width":510,"height":510,"caption":"CARAUDIOWORLD.eu"},"image":{"@id":"https:\/\/caraudioworld.eu\/cs\/#\/schema\/logo\/image\/"},"sameAs":["https:\/\/www.facebook.com\/caraudioworld.eu","https:\/\/www.instagram.com\/caraudioworld.eu\/"]}]}},"_links":{"self":[{"href":"https:\/\/caraudioworld.eu\/cs\/wp-json\/wp\/v2\/product\/7838","targetHints":{"allow":["GET"]}}],"collection":[{"href":"https:\/\/caraudioworld.eu\/cs\/wp-json\/wp\/v2\/product"}],"about":[{"href":"https:\/\/caraudioworld.eu\/cs\/wp-json\/wp\/v2\/types\/product"}],"replies":[{"embeddable":true,"href":"https:\/\/caraudioworld.eu\/cs\/wp-json\/wp\/v2\/comments?post=7838"}],"wp:featuredmedia":[{"embeddable":true,"href":"https:\/\/caraudioworld.eu\/cs\/wp-json\/wp\/v2\/media\/7839"}],"wp:attachment":[{"href":"https:\/\/caraudioworld.eu\/cs\/wp-json\/wp\/v2\/media?parent=7838"}],"wp:term":[{"taxonomy":"product_brand","embeddable":true,"href":"https:\/\/caraudioworld.eu\/cs\/wp-json\/wp\/v2\/product_brand?post=7838"},{"taxonomy":"product_cat","embeddable":true,"href":"https:\/\/caraudioworld.eu\/cs\/wp-json\/wp\/v2\/product_cat?post=7838"},{"taxonomy":"product_tag","embeddable":true,"href":"https:\/\/caraudioworld.eu\/cs\/wp-json\/wp\/v2\/product_tag?post=7838"}],"curies":[{"name":"wp","href":"https:\/\/api.w.org\/{rel}","templated":true}]}}