{"id":7856,"date":"2019-11-23T14:51:07","date_gmt":"2019-11-23T13:51:07","guid":{"rendered":"https:\/\/caraudioworld.eu\/produkt\/awave-awt650\/"},"modified":"2019-11-23T14:51:07","modified_gmt":"2019-11-23T13:51:07","slug":"awave-awt650","status":"publish","type":"product","link":"https:\/\/caraudioworld.eu\/cs\/produkt\/awave-awt650\/","title":{"rendered":"Awave AWT650"},"content":{"rendered":"","protected":false},"excerpt":{"rendered":"<p>Proslul\u00e1 zna\u010dka Awave pat\u0159\u00edc\u00ed pod STEG Italy p\u0159ich\u00e1z\u00ed na trh s novinkami pro custom fit \u0159e\u0161en\u00ed. Koaxi\u00e1ln\u00ed reproduktorov\u00fd set 16.5cm, 50W RMS, 4 Ohm, vhodn\u00e9 pro auta Toyota.<\/p>\n<p>V\u00fdkon: 50 W RMS<br \/>\nImpedance: 4 Ohm<br \/>\nCitlivost: 88dB 1 W \/ 1m<br \/>\nFrekven\u010dn\u00ed rozsah: 70 Hz &#8211; 20 kHz<\/p>\n<p>V\u00fd\u0161ky: pr\u016fm\u011br 13 mm, tetor\u00f3nov\u00e1 membr\u00e1na<br \/>\nneodymov\u00fd magnet<br \/>\nIntegrovan\u00fd k\u0159\u00ed\u017een\u00fd kabel Plug &amp; Play<\/p>\n<p>St\u0159edobas: Membr\u00e1na ze syntetick\u00e9ho sklolamin\u00e1tov\u00e9ho materi\u00e1lu<br \/>\nSpeci\u00e1ln\u00ed gumov\u00fd z\u00e1v\u011bs + hlin\u00edkov\u00fd ko\u0161<br \/>\nMont\u00e1\u017en\u00ed hloubka: 63 mm<\/p>\n<p>technick\u00e1 data<br \/>\nFo (Hz): 70 Hz<br \/>\nC\u00edvka: basov\u00fd reproduktor 30,5 mm \/ v\u00fd\u0161kov\u00fd reproduktor 13,28 mm<br \/>\nQTS: 0.759<br \/>\nBL: 4.8T<br \/>\nVas: 11.1 L<\/p>\n<p>Obsah balen\u00ed:<br \/>\n2x Koaxi\u00e1ln\u00ed reproduktor<\/p>\n<p>Manual: <a style=\"color: blue;\" href=\"https:\/\/caraudioworld.eu\/wp-content\/uploads\/2019\/11\/AWAVE-AWT650-MANUAL.pdf\" target=\"_blank\" rel=\"noopener noreferrer\">Download<\/a><\/p>\n","protected":false},"featured_media":9769,"comment_status":"open","ping_status":"closed","template":"","meta":[],"product_brand":[],"product_cat":[408,403,413],"product_tag":[333],"class_list":{"0":"post-7856","1":"product","2":"type-product","3":"status-publish","4":"has-post-thumbnail","6":"product_cat-oem-cs","7":"product_cat-reproduktory-cs","8":"product_cat-toyota-cs","9":"product_tag-awave-cs","11":"first","12":"instock","13":"taxable","14":"shipping-taxable","15":"purchasable","16":"product-type-simple"},"yoast_head":"<!-- This site is optimized with the Yoast SEO plugin v27.3 - https:\/\/yoast.com\/product\/yoast-seo-wordpress\/ -->\n<title>Awave AWT650 - CARAUDIOWORLD<\/title>\n<meta name=\"description\" content=\"Proslul\u00e1 zna\u010dka Awave pat\u0159\u00edc\u00ed pod STEG Italy p\u0159ich\u00e1z\u00ed na trh s novinkami pro custom fit \u0159e\u0161en\u00ed. Koaxi\u00e1ln\u00ed reproduktorov\u00fd set 16.5cm, 50W RMS, 4 Ohm, vhodn\u00e9 pro auta Toyota.  V\u00fdkon: 50 W RMS Impedance: 4 Ohm Citlivost: 88dB 1 W \/ 1m Frekven\u010dn\u00ed rozsah: 70 Hz - 20 kHz  V\u00fd\u0161ky: pr\u016fm\u011br 13 mm, tetor\u00f3nov\u00e1 membr\u00e1na neodymov\u00fd magnet Integrovan\u00fd k\u0159\u00ed\u017een\u00fd kabel Plug &amp; Play  St\u0159edobas: Membr\u00e1na ze syntetick\u00e9ho sklolamin\u00e1tov\u00e9ho materi\u00e1lu Speci\u00e1ln\u00ed gumov\u00fd z\u00e1v\u011bs + hlin\u00edkov\u00fd ko\u0161 Mont\u00e1\u017en\u00ed hloubka: 63 mm  technick\u00e1 data Fo (Hz): 70 Hz C\u00edvka: basov\u00fd reproduktor 30,5 mm \/ v\u00fd\u0161kov\u00fd reproduktor 13,28 mm QTS: 0.759 BL: 4.8T Vas: 11.1 L  Obsah balen\u00ed: 2x Koaxi\u00e1ln\u00ed reproduktor  Manual: Download\" \/>\n<meta name=\"robots\" content=\"index, follow, max-snippet:-1, max-image-preview:large, max-video-preview:-1\" \/>\n<link rel=\"canonical\" href=\"https:\/\/caraudioworld.eu\/cs\/produkt\/awave-awt650\/\" \/>\n<meta property=\"og:locale\" content=\"cs_CZ\" \/>\n<meta property=\"og:type\" content=\"article\" \/>\n<meta property=\"og:title\" content=\"Awave AWT650 - CARAUDIOWORLD\" \/>\n<meta property=\"og:description\" content=\"Proslul\u00e1 zna\u010dka Awave pat\u0159\u00edc\u00ed pod STEG Italy p\u0159ich\u00e1z\u00ed na trh s novinkami pro custom fit \u0159e\u0161en\u00ed. Koaxi\u00e1ln\u00ed reproduktorov\u00fd set 16.5cm, 50W RMS, 4 Ohm, vhodn\u00e9 pro auta Toyota.  V\u00fdkon: 50 W RMS Impedance: 4 Ohm Citlivost: 88dB 1 W \/ 1m Frekven\u010dn\u00ed rozsah: 70 Hz - 20 kHz  V\u00fd\u0161ky: pr\u016fm\u011br 13 mm, tetor\u00f3nov\u00e1 membr\u00e1na neodymov\u00fd magnet Integrovan\u00fd k\u0159\u00ed\u017een\u00fd kabel Plug &amp; Play  St\u0159edobas: Membr\u00e1na ze syntetick\u00e9ho sklolamin\u00e1tov\u00e9ho materi\u00e1lu Speci\u00e1ln\u00ed gumov\u00fd z\u00e1v\u011bs + hlin\u00edkov\u00fd ko\u0161 Mont\u00e1\u017en\u00ed hloubka: 63 mm  technick\u00e1 data Fo (Hz): 70 Hz C\u00edvka: basov\u00fd reproduktor 30,5 mm \/ v\u00fd\u0161kov\u00fd reproduktor 13,28 mm QTS: 0.759 BL: 4.8T Vas: 11.1 L  Obsah balen\u00ed: 2x Koaxi\u00e1ln\u00ed reproduktor  Manual: Download\" \/>\n<meta property=\"og:url\" content=\"https:\/\/caraudioworld.eu\/cs\/produkt\/awave-awt650\/\" \/>\n<meta property=\"og:site_name\" content=\"CARAUDIOWORLD\" \/>\n<meta property=\"article:publisher\" content=\"https:\/\/www.facebook.com\/caraudioworld.eu\" \/>\n<meta property=\"og:image\" content=\"https:\/\/caraudioworld.eu\/wp-content\/uploads\/2019\/11\/11-41.jpg\" \/>\n\t<meta property=\"og:image:width\" content=\"1000\" \/>\n\t<meta property=\"og:image:height\" content=\"700\" \/>\n\t<meta property=\"og:image:type\" content=\"image\/jpeg\" \/>\n<meta name=\"twitter:card\" content=\"summary_large_image\" \/>\n<script type=\"application\/ld+json\" class=\"yoast-schema-graph\">{\"@context\":\"https:\\\/\\\/schema.org\",\"@graph\":[{\"@type\":\"WebPage\",\"@id\":\"https:\\\/\\\/caraudioworld.eu\\\/cs\\\/produkt\\\/awave-awt650\\\/\",\"url\":\"https:\\\/\\\/caraudioworld.eu\\\/cs\\\/produkt\\\/awave-awt650\\\/\",\"name\":\"Awave AWT650 - CARAUDIOWORLD\",\"isPartOf\":{\"@id\":\"https:\\\/\\\/caraudioworld.eu\\\/cs\\\/#website\"},\"primaryImageOfPage\":{\"@id\":\"https:\\\/\\\/caraudioworld.eu\\\/cs\\\/produkt\\\/awave-awt650\\\/#primaryimage\"},\"image\":{\"@id\":\"https:\\\/\\\/caraudioworld.eu\\\/cs\\\/produkt\\\/awave-awt650\\\/#primaryimage\"},\"thumbnailUrl\":\"https:\\\/\\\/caraudioworld.eu\\\/wp-content\\\/uploads\\\/2019\\\/11\\\/awave_awt650.png\",\"datePublished\":\"2019-11-23T13:51:07+00:00\",\"description\":\"Proslul\u00e1 zna\u010dka Awave pat\u0159\u00edc\u00ed pod STEG Italy p\u0159ich\u00e1z\u00ed na trh s novinkami pro custom fit \u0159e\u0161en\u00ed. Koaxi\u00e1ln\u00ed reproduktorov\u00fd set 16.5cm, 50W RMS, 4 Ohm, vhodn\u00e9 pro auta Toyota. V\u00fdkon: 50 W RMS Impedance: 4 Ohm Citlivost: 88dB 1 W \\\/ 1m Frekven\u010dn\u00ed rozsah: 70 Hz - 20 kHz V\u00fd\u0161ky: pr\u016fm\u011br 13 mm, tetor\u00f3nov\u00e1 membr\u00e1na neodymov\u00fd magnet Integrovan\u00fd k\u0159\u00ed\u017een\u00fd kabel Plug &amp; Play St\u0159edobas: Membr\u00e1na ze syntetick\u00e9ho sklolamin\u00e1tov\u00e9ho materi\u00e1lu Speci\u00e1ln\u00ed gumov\u00fd z\u00e1v\u011bs + hlin\u00edkov\u00fd ko\u0161 Mont\u00e1\u017en\u00ed hloubka: 63 mm technick\u00e1 data Fo (Hz): 70 Hz C\u00edvka: basov\u00fd reproduktor 30,5 mm \\\/ v\u00fd\u0161kov\u00fd reproduktor 13,28 mm QTS: 0.759 BL: 4.8T Vas: 11.1 L Obsah balen\u00ed: 2x Koaxi\u00e1ln\u00ed reproduktor Manual: Download\",\"breadcrumb\":{\"@id\":\"https:\\\/\\\/caraudioworld.eu\\\/cs\\\/produkt\\\/awave-awt650\\\/#breadcrumb\"},\"inLanguage\":\"cs\",\"potentialAction\":[{\"@type\":\"ReadAction\",\"target\":[\"https:\\\/\\\/caraudioworld.eu\\\/cs\\\/produkt\\\/awave-awt650\\\/\"]}]},{\"@type\":\"ImageObject\",\"inLanguage\":\"cs\",\"@id\":\"https:\\\/\\\/caraudioworld.eu\\\/cs\\\/produkt\\\/awave-awt650\\\/#primaryimage\",\"url\":\"https:\\\/\\\/caraudioworld.eu\\\/wp-content\\\/uploads\\\/2019\\\/11\\\/awave_awt650.png\",\"contentUrl\":\"https:\\\/\\\/caraudioworld.eu\\\/wp-content\\\/uploads\\\/2019\\\/11\\\/awave_awt650.png\",\"width\":2377,\"height\":1231,\"caption\":\"awave awt650\"},{\"@type\":\"BreadcrumbList\",\"@id\":\"https:\\\/\\\/caraudioworld.eu\\\/cs\\\/produkt\\\/awave-awt650\\\/#breadcrumb\",\"itemListElement\":[{\"@type\":\"ListItem\",\"position\":1,\"name\":\"Home\",\"item\":\"https:\\\/\\\/caraudioworld.eu\\\/cs\\\/\"},{\"@type\":\"ListItem\",\"position\":2,\"name\":\"Obchod\",\"item\":\"https:\\\/\\\/caraudioworld.eu\\\/cs\\\/obchod\\\/\"},{\"@type\":\"ListItem\",\"position\":3,\"name\":\"Awave AWT650\"}]},{\"@type\":\"WebSite\",\"@id\":\"https:\\\/\\\/caraudioworld.eu\\\/cs\\\/#website\",\"url\":\"https:\\\/\\\/caraudioworld.eu\\\/cs\\\/\",\"name\":\"CARAUDIOWORLD\",\"description\":\"Audio Heaven\",\"publisher\":{\"@id\":\"https:\\\/\\\/caraudioworld.eu\\\/cs\\\/#organization\"},\"potentialAction\":[{\"@type\":\"SearchAction\",\"target\":{\"@type\":\"EntryPoint\",\"urlTemplate\":\"https:\\\/\\\/caraudioworld.eu\\\/cs\\\/?s={search_term_string}\"},\"query-input\":{\"@type\":\"PropertyValueSpecification\",\"valueRequired\":true,\"valueName\":\"search_term_string\"}}],\"inLanguage\":\"cs\"},{\"@type\":\"Organization\",\"@id\":\"https:\\\/\\\/caraudioworld.eu\\\/cs\\\/#organization\",\"name\":\"CARAUDIOWORLD.eu\",\"url\":\"https:\\\/\\\/caraudioworld.eu\\\/cs\\\/\",\"logo\":{\"@type\":\"ImageObject\",\"inLanguage\":\"cs\",\"@id\":\"https:\\\/\\\/caraudioworld.eu\\\/cs\\\/#\\\/schema\\\/logo\\\/image\\\/\",\"url\":\"https:\\\/\\\/caraudioworld.eu\\\/wp-content\\\/uploads\\\/2020\\\/10\\\/CAW_rounded.png\",\"contentUrl\":\"https:\\\/\\\/caraudioworld.eu\\\/wp-content\\\/uploads\\\/2020\\\/10\\\/CAW_rounded.png\",\"width\":510,\"height\":510,\"caption\":\"CARAUDIOWORLD.eu\"},\"image\":{\"@id\":\"https:\\\/\\\/caraudioworld.eu\\\/cs\\\/#\\\/schema\\\/logo\\\/image\\\/\"},\"sameAs\":[\"https:\\\/\\\/www.facebook.com\\\/caraudioworld.eu\",\"https:\\\/\\\/www.instagram.com\\\/caraudioworld.eu\\\/\"]}]}<\/script>\n<!-- \/ Yoast SEO plugin. -->","yoast_head_json":{"title":"Awave AWT650 - CARAUDIOWORLD","description":"Proslul\u00e1 zna\u010dka Awave pat\u0159\u00edc\u00ed pod STEG Italy p\u0159ich\u00e1z\u00ed na trh s novinkami pro custom fit \u0159e\u0161en\u00ed. Koaxi\u00e1ln\u00ed reproduktorov\u00fd set 16.5cm, 50W RMS, 4 Ohm, vhodn\u00e9 pro auta Toyota.  V\u00fdkon: 50 W RMS Impedance: 4 Ohm Citlivost: 88dB 1 W \/ 1m Frekven\u010dn\u00ed rozsah: 70 Hz - 20 kHz  V\u00fd\u0161ky: pr\u016fm\u011br 13 mm, tetor\u00f3nov\u00e1 membr\u00e1na neodymov\u00fd magnet Integrovan\u00fd k\u0159\u00ed\u017een\u00fd kabel Plug &amp; Play  St\u0159edobas: Membr\u00e1na ze syntetick\u00e9ho sklolamin\u00e1tov\u00e9ho materi\u00e1lu Speci\u00e1ln\u00ed gumov\u00fd z\u00e1v\u011bs + hlin\u00edkov\u00fd ko\u0161 Mont\u00e1\u017en\u00ed hloubka: 63 mm  technick\u00e1 data Fo (Hz): 70 Hz C\u00edvka: basov\u00fd reproduktor 30,5 mm \/ v\u00fd\u0161kov\u00fd reproduktor 13,28 mm QTS: 0.759 BL: 4.8T Vas: 11.1 L  Obsah balen\u00ed: 2x Koaxi\u00e1ln\u00ed reproduktor  Manual: Download","robots":{"index":"index","follow":"follow","max-snippet":"max-snippet:-1","max-image-preview":"max-image-preview:large","max-video-preview":"max-video-preview:-1"},"canonical":"https:\/\/caraudioworld.eu\/cs\/produkt\/awave-awt650\/","og_locale":"cs_CZ","og_type":"article","og_title":"Awave AWT650 - CARAUDIOWORLD","og_description":"Proslul\u00e1 zna\u010dka Awave pat\u0159\u00edc\u00ed pod STEG Italy p\u0159ich\u00e1z\u00ed na trh s novinkami pro custom fit \u0159e\u0161en\u00ed. Koaxi\u00e1ln\u00ed reproduktorov\u00fd set 16.5cm, 50W RMS, 4 Ohm, vhodn\u00e9 pro auta Toyota.  V\u00fdkon: 50 W RMS Impedance: 4 Ohm Citlivost: 88dB 1 W \/ 1m Frekven\u010dn\u00ed rozsah: 70 Hz - 20 kHz  V\u00fd\u0161ky: pr\u016fm\u011br 13 mm, tetor\u00f3nov\u00e1 membr\u00e1na neodymov\u00fd magnet Integrovan\u00fd k\u0159\u00ed\u017een\u00fd kabel Plug &amp; Play  St\u0159edobas: Membr\u00e1na ze syntetick\u00e9ho sklolamin\u00e1tov\u00e9ho materi\u00e1lu Speci\u00e1ln\u00ed gumov\u00fd z\u00e1v\u011bs + hlin\u00edkov\u00fd ko\u0161 Mont\u00e1\u017en\u00ed hloubka: 63 mm  technick\u00e1 data Fo (Hz): 70 Hz C\u00edvka: basov\u00fd reproduktor 30,5 mm \/ v\u00fd\u0161kov\u00fd reproduktor 13,28 mm QTS: 0.759 BL: 4.8T Vas: 11.1 L  Obsah balen\u00ed: 2x Koaxi\u00e1ln\u00ed reproduktor  Manual: Download","og_url":"https:\/\/caraudioworld.eu\/cs\/produkt\/awave-awt650\/","og_site_name":"CARAUDIOWORLD","article_publisher":"https:\/\/www.facebook.com\/caraudioworld.eu","og_image":[{"width":1000,"height":700,"url":"https:\/\/caraudioworld.eu\/wp-content\/uploads\/2019\/11\/11-41.jpg","type":"image\/jpeg"}],"twitter_card":"summary_large_image","schema":{"@context":"https:\/\/schema.org","@graph":[{"@type":"WebPage","@id":"https:\/\/caraudioworld.eu\/cs\/produkt\/awave-awt650\/","url":"https:\/\/caraudioworld.eu\/cs\/produkt\/awave-awt650\/","name":"Awave AWT650 - CARAUDIOWORLD","isPartOf":{"@id":"https:\/\/caraudioworld.eu\/cs\/#website"},"primaryImageOfPage":{"@id":"https:\/\/caraudioworld.eu\/cs\/produkt\/awave-awt650\/#primaryimage"},"image":{"@id":"https:\/\/caraudioworld.eu\/cs\/produkt\/awave-awt650\/#primaryimage"},"thumbnailUrl":"https:\/\/caraudioworld.eu\/wp-content\/uploads\/2019\/11\/awave_awt650.png","datePublished":"2019-11-23T13:51:07+00:00","description":"Proslul\u00e1 zna\u010dka Awave pat\u0159\u00edc\u00ed pod STEG Italy p\u0159ich\u00e1z\u00ed na trh s novinkami pro custom fit \u0159e\u0161en\u00ed. Koaxi\u00e1ln\u00ed reproduktorov\u00fd set 16.5cm, 50W RMS, 4 Ohm, vhodn\u00e9 pro auta Toyota. V\u00fdkon: 50 W RMS Impedance: 4 Ohm Citlivost: 88dB 1 W \/ 1m Frekven\u010dn\u00ed rozsah: 70 Hz - 20 kHz V\u00fd\u0161ky: pr\u016fm\u011br 13 mm, tetor\u00f3nov\u00e1 membr\u00e1na neodymov\u00fd magnet Integrovan\u00fd k\u0159\u00ed\u017een\u00fd kabel Plug &amp; Play St\u0159edobas: Membr\u00e1na ze syntetick\u00e9ho sklolamin\u00e1tov\u00e9ho materi\u00e1lu Speci\u00e1ln\u00ed gumov\u00fd z\u00e1v\u011bs + hlin\u00edkov\u00fd ko\u0161 Mont\u00e1\u017en\u00ed hloubka: 63 mm technick\u00e1 data Fo (Hz): 70 Hz C\u00edvka: basov\u00fd reproduktor 30,5 mm \/ v\u00fd\u0161kov\u00fd reproduktor 13,28 mm QTS: 0.759 BL: 4.8T Vas: 11.1 L Obsah balen\u00ed: 2x Koaxi\u00e1ln\u00ed reproduktor Manual: Download","breadcrumb":{"@id":"https:\/\/caraudioworld.eu\/cs\/produkt\/awave-awt650\/#breadcrumb"},"inLanguage":"cs","potentialAction":[{"@type":"ReadAction","target":["https:\/\/caraudioworld.eu\/cs\/produkt\/awave-awt650\/"]}]},{"@type":"ImageObject","inLanguage":"cs","@id":"https:\/\/caraudioworld.eu\/cs\/produkt\/awave-awt650\/#primaryimage","url":"https:\/\/caraudioworld.eu\/wp-content\/uploads\/2019\/11\/awave_awt650.png","contentUrl":"https:\/\/caraudioworld.eu\/wp-content\/uploads\/2019\/11\/awave_awt650.png","width":2377,"height":1231,"caption":"awave awt650"},{"@type":"BreadcrumbList","@id":"https:\/\/caraudioworld.eu\/cs\/produkt\/awave-awt650\/#breadcrumb","itemListElement":[{"@type":"ListItem","position":1,"name":"Home","item":"https:\/\/caraudioworld.eu\/cs\/"},{"@type":"ListItem","position":2,"name":"Obchod","item":"https:\/\/caraudioworld.eu\/cs\/obchod\/"},{"@type":"ListItem","position":3,"name":"Awave AWT650"}]},{"@type":"WebSite","@id":"https:\/\/caraudioworld.eu\/cs\/#website","url":"https:\/\/caraudioworld.eu\/cs\/","name":"CARAUDIOWORLD","description":"Audio Heaven","publisher":{"@id":"https:\/\/caraudioworld.eu\/cs\/#organization"},"potentialAction":[{"@type":"SearchAction","target":{"@type":"EntryPoint","urlTemplate":"https:\/\/caraudioworld.eu\/cs\/?s={search_term_string}"},"query-input":{"@type":"PropertyValueSpecification","valueRequired":true,"valueName":"search_term_string"}}],"inLanguage":"cs"},{"@type":"Organization","@id":"https:\/\/caraudioworld.eu\/cs\/#organization","name":"CARAUDIOWORLD.eu","url":"https:\/\/caraudioworld.eu\/cs\/","logo":{"@type":"ImageObject","inLanguage":"cs","@id":"https:\/\/caraudioworld.eu\/cs\/#\/schema\/logo\/image\/","url":"https:\/\/caraudioworld.eu\/wp-content\/uploads\/2020\/10\/CAW_rounded.png","contentUrl":"https:\/\/caraudioworld.eu\/wp-content\/uploads\/2020\/10\/CAW_rounded.png","width":510,"height":510,"caption":"CARAUDIOWORLD.eu"},"image":{"@id":"https:\/\/caraudioworld.eu\/cs\/#\/schema\/logo\/image\/"},"sameAs":["https:\/\/www.facebook.com\/caraudioworld.eu","https:\/\/www.instagram.com\/caraudioworld.eu\/"]}]}},"_links":{"self":[{"href":"https:\/\/caraudioworld.eu\/cs\/wp-json\/wp\/v2\/product\/7856","targetHints":{"allow":["GET"]}}],"collection":[{"href":"https:\/\/caraudioworld.eu\/cs\/wp-json\/wp\/v2\/product"}],"about":[{"href":"https:\/\/caraudioworld.eu\/cs\/wp-json\/wp\/v2\/types\/product"}],"replies":[{"embeddable":true,"href":"https:\/\/caraudioworld.eu\/cs\/wp-json\/wp\/v2\/comments?post=7856"}],"wp:featuredmedia":[{"embeddable":true,"href":"https:\/\/caraudioworld.eu\/cs\/wp-json\/wp\/v2\/media\/9769"}],"wp:attachment":[{"href":"https:\/\/caraudioworld.eu\/cs\/wp-json\/wp\/v2\/media?parent=7856"}],"wp:term":[{"taxonomy":"product_brand","embeddable":true,"href":"https:\/\/caraudioworld.eu\/cs\/wp-json\/wp\/v2\/product_brand?post=7856"},{"taxonomy":"product_cat","embeddable":true,"href":"https:\/\/caraudioworld.eu\/cs\/wp-json\/wp\/v2\/product_cat?post=7856"},{"taxonomy":"product_tag","embeddable":true,"href":"https:\/\/caraudioworld.eu\/cs\/wp-json\/wp\/v2\/product_tag?post=7856"}],"curies":[{"name":"wp","href":"https:\/\/api.w.org\/{rel}","templated":true}]}}