{"id":7885,"date":"2019-11-23T16:40:41","date_gmt":"2019-11-23T15:40:41","guid":{"rendered":"https:\/\/caraudioworld.eu\/produkt\/awave-dsp-6ab\/"},"modified":"2020-10-11T16:10:21","modified_gmt":"2020-10-11T14:10:21","slug":"awave-dsp-6ab","status":"publish","type":"product","link":"https:\/\/caraudioworld.eu\/cs\/produkt\/awave-dsp-6ab\/","title":{"rendered":"Awave DSP-6AB"},"content":{"rendered":"","protected":false},"excerpt":{"rendered":"<p>Proslul\u00e1 zna\u010dka Awave pat\u0159\u00edc\u00ed pod STEG Italy p\u0159ich\u00e1z\u00ed na trh s novinkami pro ozvu\u010den\u00ed va\u0161eho auta. Tento 6 kan\u00e1lov\u00fd zesilova\u010d se zabudovan\u00fdm DSP (Digital Signal Processor) je skv\u011bl\u00fdm \u0159e\u0161en\u00edm pro lidi, kte\u0159\u00ed si cht\u011bj\u00ed nebo mus\u00ed zachovat p\u016fvodn\u00ed autor\u00e1dio s nedostate\u010dn\u00fdm v\u00fdkonem a slab\u00fdmi mo\u017enostmi nastaven\u00ed zvuku. Zesilova\u010d s DSP v\u00e1m umo\u017en\u00ed vykouzlit kr\u00e1sn\u00fd zvuk za malou investici.<\/p>\n<p>6-kan\u00e1lov\u00fd v\u00fdkonov\u00fd zesilova\u010d s DSP t\u0159\u00eddy AB<br \/>\u2013 6 kan\u00e1lov\u00fd vstup vysok\u00e9 \u00farovn\u011b<br \/>\u2013 2 kan\u00e1lov\u00fd vstup AUX<br \/>\u2013 Optick\u00fd a Digit\u00e1ln\u00ed koaxi\u00e1ln\u00ed vstup<\/p>\n<p>v\u00fdkon:<br \/>4\u00d750 W + 2\u00d765 W RMS @ 4Ohm<\/p>\n<p>\u2013 2 kan\u00e1lov\u00fd PreOut 4V pro napojen\u00ed dodate\u010dn\u00fdch zesilova\u010d\u016f<br \/>\u2013 Crossover: Fullrange, HP, LP, BP pro ka\u017ed\u00fd jeden reproduktor \/ kan\u00e1l<br \/>\u2013 Slope filtru: 6\/12\/18\/24\/30\/36\/42\/48 dB \/ okt.<br \/>\u2013 Frekven\u010dn\u00ed rozsah: 10 \u2013 20 000 Hz<br \/>\u2013 f\u00e1ze 0 \u00b0 \/ 180 \u00b0<br \/>\u2013 \u010casov\u00e1 prodleva: 0 \u2013 15 ms<br \/>\u2013 Nastaven\u00ed lze po automatick\u00e9 kalibraci mikrofonem n\u00e1sledn\u011b upravit<br \/>\u2013 K dispozici je \u0159\u00edd\u00edc\u00ed jednotka DRC<br \/>\u2013 Rozm\u011bry: 225 x 160 x (+ kabely) x 50 mm<\/p>\n<p><strong>Manual<\/strong>:\u00a0<a style=\"color: blue;\" href=\"https:\/\/caraudioworld.eu\/wp-content\/uploads\/2019\/11\/DSP6AB-MANUAL.pdf\" target=\"_blank\" rel=\"noopener noreferrer\">Download<\/a><br \/><strong>Software<\/strong>: Na vy\u017e\u00e1d\u00e1n\u00ed (e-mail)<\/p>\n","protected":false},"featured_media":7886,"comment_status":"open","ping_status":"closed","template":"","meta":[],"product_brand":[],"product_cat":[423,323,420,326,427],"product_tag":[333],"class_list":{"0":"post-7885","1":"product","2":"type-product","3":"status-publish","4":"has-post-thumbnail","6":"product_cat-6-kanal-cs","7":"product_cat-dsp-cs","8":"product_cat-zesilovace","9":"product_cat-zesilovace-s-dsp","10":"product_cat-zesilovace-s-dsp-cs","11":"product_tag-awave-cs","13":"first","14":"outofstock","15":"taxable","16":"shipping-taxable","17":"purchasable","18":"product-type-simple"},"yoast_head":"<!-- This site is optimized with the Yoast SEO plugin v27.3 - https:\/\/yoast.com\/product\/yoast-seo-wordpress\/ -->\n<title>Awave DSP-6AB - CARAUDIOWORLD<\/title>\n<meta name=\"description\" content=\"Proslul\u00e1 zna\u010dka Awave pat\u0159\u00edc\u00ed pod STEG Italy p\u0159ich\u00e1z\u00ed na trh s novinkami pro ozvu\u010den\u00ed va\u0161eho auta. Tento 6 kan\u00e1lov\u00fd zesilova\u010d se zabudovan\u00fdm DSP (Digital Signal Processor) je skv\u011bl\u00fdm \u0159e\u0161en\u00edm pro lidi, kte\u0159\u00ed si cht\u011bj\u00ed nebo mus\u00ed zachovat p\u016fvodn\u00ed autor\u00e1dio s nedostate\u010dn\u00fdm v\u00fdkonem a slab\u00fdmi mo\u017enostmi nastaven\u00ed zvuku. Zesilova\u010d s DSP v\u00e1m umo\u017en\u00ed vykouzlit kr\u00e1sn\u00fd zvuk za malou investici. 6-kan\u00e1lov\u00fd v\u00fdkonov\u00fd zesilova\u010d s DSP t\u0159\u00eddy AB\u2013 6 kan\u00e1lov\u00fd vstup vysok\u00e9 \u00farovn\u011b\u2013 2 kan\u00e1lov\u00fd vstup AUX\u2013 Optick\u00fd a Digit\u00e1ln\u00ed koaxi\u00e1ln\u00ed vstup v\u00fdkon:4\u00d750 W + 2\u00d765 W RMS @ 4Ohm \u2013 2 kan\u00e1lov\u00fd PreOut 4V pro napojen\u00ed dodate\u010dn\u00fdch zesilova\u010d\u016f\u2013 Crossover: Fullrange, HP, LP, BP pro ka\u017ed\u00fd jeden reproduktor \/ kan\u00e1l\u2013 Slope filtru: 6\/12\/18\/24\/30\/36\/42\/48 dB \/ okt.\u2013 Frekven\u010dn\u00ed rozsah: 10 \u2013 20 000 Hz\u2013 f\u00e1ze 0 \u00b0 \/ 180 \u00b0\u2013 \u010casov\u00e1 prodleva: 0 \u2013 15 ms\u2013 Nastaven\u00ed lze po automatick\u00e9 kalibraci mikrofonem n\u00e1sledn\u011b upravit\u2013 K dispozici je \u0159\u00edd\u00edc\u00ed jednotka DRC\u2013 Rozm\u011bry: 225 x 160 x (+ kabely) x 50 mm Manual:\u00a0DownloadSoftware: Na vy\u017e\u00e1d\u00e1n\u00ed (e-mail)\" \/>\n<meta name=\"robots\" content=\"index, follow, max-snippet:-1, max-image-preview:large, max-video-preview:-1\" \/>\n<link rel=\"canonical\" href=\"https:\/\/caraudioworld.eu\/cs\/produkt\/awave-dsp-6ab\/\" \/>\n<meta property=\"og:locale\" content=\"cs_CZ\" \/>\n<meta property=\"og:type\" content=\"article\" \/>\n<meta property=\"og:title\" content=\"Awave DSP-6AB - CARAUDIOWORLD\" \/>\n<meta property=\"og:description\" content=\"Proslul\u00e1 zna\u010dka Awave pat\u0159\u00edc\u00ed pod STEG Italy p\u0159ich\u00e1z\u00ed na trh s novinkami pro ozvu\u010den\u00ed va\u0161eho auta. Tento 6 kan\u00e1lov\u00fd zesilova\u010d se zabudovan\u00fdm DSP (Digital Signal Processor) je skv\u011bl\u00fdm \u0159e\u0161en\u00edm pro lidi, kte\u0159\u00ed si cht\u011bj\u00ed nebo mus\u00ed zachovat p\u016fvodn\u00ed autor\u00e1dio s nedostate\u010dn\u00fdm v\u00fdkonem a slab\u00fdmi mo\u017enostmi nastaven\u00ed zvuku. Zesilova\u010d s DSP v\u00e1m umo\u017en\u00ed vykouzlit kr\u00e1sn\u00fd zvuk za malou investici. 6-kan\u00e1lov\u00fd v\u00fdkonov\u00fd zesilova\u010d s DSP t\u0159\u00eddy AB\u2013 6 kan\u00e1lov\u00fd vstup vysok\u00e9 \u00farovn\u011b\u2013 2 kan\u00e1lov\u00fd vstup AUX\u2013 Optick\u00fd a Digit\u00e1ln\u00ed koaxi\u00e1ln\u00ed vstup v\u00fdkon:4\u00d750 W + 2\u00d765 W RMS @ 4Ohm \u2013 2 kan\u00e1lov\u00fd PreOut 4V pro napojen\u00ed dodate\u010dn\u00fdch zesilova\u010d\u016f\u2013 Crossover: Fullrange, HP, LP, BP pro ka\u017ed\u00fd jeden reproduktor \/ kan\u00e1l\u2013 Slope filtru: 6\/12\/18\/24\/30\/36\/42\/48 dB \/ okt.\u2013 Frekven\u010dn\u00ed rozsah: 10 \u2013 20 000 Hz\u2013 f\u00e1ze 0 \u00b0 \/ 180 \u00b0\u2013 \u010casov\u00e1 prodleva: 0 \u2013 15 ms\u2013 Nastaven\u00ed lze po automatick\u00e9 kalibraci mikrofonem n\u00e1sledn\u011b upravit\u2013 K dispozici je \u0159\u00edd\u00edc\u00ed jednotka DRC\u2013 Rozm\u011bry: 225 x 160 x (+ kabely) x 50 mm Manual:\u00a0DownloadSoftware: Na vy\u017e\u00e1d\u00e1n\u00ed (e-mail)\" \/>\n<meta property=\"og:url\" content=\"https:\/\/caraudioworld.eu\/cs\/produkt\/awave-dsp-6ab\/\" \/>\n<meta property=\"og:site_name\" content=\"CARAUDIOWORLD\" \/>\n<meta property=\"article:publisher\" content=\"https:\/\/www.facebook.com\/caraudioworld.eu\" \/>\n<meta property=\"article:modified_time\" content=\"2020-10-11T14:10:21+00:00\" \/>\n<meta property=\"og:image\" content=\"https:\/\/caraudioworld.eu\/wp-content\/uploads\/2019\/11\/11-48.jpg\" \/>\n\t<meta property=\"og:image:width\" content=\"1000\" \/>\n\t<meta property=\"og:image:height\" content=\"700\" \/>\n\t<meta property=\"og:image:type\" content=\"image\/jpeg\" \/>\n<meta name=\"twitter:card\" content=\"summary_large_image\" \/>\n<script type=\"application\/ld+json\" class=\"yoast-schema-graph\">{\"@context\":\"https:\\\/\\\/schema.org\",\"@graph\":[{\"@type\":\"WebPage\",\"@id\":\"https:\\\/\\\/caraudioworld.eu\\\/cs\\\/produkt\\\/awave-dsp-6ab\\\/\",\"url\":\"https:\\\/\\\/caraudioworld.eu\\\/cs\\\/produkt\\\/awave-dsp-6ab\\\/\",\"name\":\"Awave DSP-6AB - CARAUDIOWORLD\",\"isPartOf\":{\"@id\":\"https:\\\/\\\/caraudioworld.eu\\\/cs\\\/#website\"},\"primaryImageOfPage\":{\"@id\":\"https:\\\/\\\/caraudioworld.eu\\\/cs\\\/produkt\\\/awave-dsp-6ab\\\/#primaryimage\"},\"image\":{\"@id\":\"https:\\\/\\\/caraudioworld.eu\\\/cs\\\/produkt\\\/awave-dsp-6ab\\\/#primaryimage\"},\"thumbnailUrl\":\"https:\\\/\\\/caraudioworld.eu\\\/wp-content\\\/uploads\\\/2019\\\/11\\\/11-48.jpg\",\"datePublished\":\"2019-11-23T15:40:41+00:00\",\"dateModified\":\"2020-10-11T14:10:21+00:00\",\"description\":\"Proslul\u00e1 zna\u010dka Awave pat\u0159\u00edc\u00ed pod STEG Italy p\u0159ich\u00e1z\u00ed na trh s novinkami pro ozvu\u010den\u00ed va\u0161eho auta. Tento 6 kan\u00e1lov\u00fd zesilova\u010d se zabudovan\u00fdm DSP (Digital Signal Processor) je skv\u011bl\u00fdm \u0159e\u0161en\u00edm pro lidi, kte\u0159\u00ed si cht\u011bj\u00ed nebo mus\u00ed zachovat p\u016fvodn\u00ed autor\u00e1dio s nedostate\u010dn\u00fdm v\u00fdkonem a slab\u00fdmi mo\u017enostmi nastaven\u00ed zvuku. Zesilova\u010d s DSP v\u00e1m umo\u017en\u00ed vykouzlit kr\u00e1sn\u00fd zvuk za malou investici. 6-kan\u00e1lov\u00fd v\u00fdkonov\u00fd zesilova\u010d s DSP t\u0159\u00eddy AB\u2013 6 kan\u00e1lov\u00fd vstup vysok\u00e9 \u00farovn\u011b\u2013 2 kan\u00e1lov\u00fd vstup AUX\u2013 Optick\u00fd a Digit\u00e1ln\u00ed koaxi\u00e1ln\u00ed vstup v\u00fdkon:4\u00d750 W + 2\u00d765 W RMS @ 4Ohm \u2013 2 kan\u00e1lov\u00fd PreOut 4V pro napojen\u00ed dodate\u010dn\u00fdch zesilova\u010d\u016f\u2013 Crossover: Fullrange, HP, LP, BP pro ka\u017ed\u00fd jeden reproduktor \\\/ kan\u00e1l\u2013 Slope filtru: 6\\\/12\\\/18\\\/24\\\/30\\\/36\\\/42\\\/48 dB \\\/ okt.\u2013 Frekven\u010dn\u00ed rozsah: 10 \u2013 20 000 Hz\u2013 f\u00e1ze 0 \u00b0 \\\/ 180 \u00b0\u2013 \u010casov\u00e1 prodleva: 0 \u2013 15 ms\u2013 Nastaven\u00ed lze po automatick\u00e9 kalibraci mikrofonem n\u00e1sledn\u011b upravit\u2013 K dispozici je \u0159\u00edd\u00edc\u00ed jednotka DRC\u2013 Rozm\u011bry: 225 x 160 x (+ kabely) x 50 mm Manual:\u00a0DownloadSoftware: Na vy\u017e\u00e1d\u00e1n\u00ed (e-mail)\",\"breadcrumb\":{\"@id\":\"https:\\\/\\\/caraudioworld.eu\\\/cs\\\/produkt\\\/awave-dsp-6ab\\\/#breadcrumb\"},\"inLanguage\":\"cs\",\"potentialAction\":[{\"@type\":\"ReadAction\",\"target\":[\"https:\\\/\\\/caraudioworld.eu\\\/cs\\\/produkt\\\/awave-dsp-6ab\\\/\"]}]},{\"@type\":\"ImageObject\",\"inLanguage\":\"cs\",\"@id\":\"https:\\\/\\\/caraudioworld.eu\\\/cs\\\/produkt\\\/awave-dsp-6ab\\\/#primaryimage\",\"url\":\"https:\\\/\\\/caraudioworld.eu\\\/wp-content\\\/uploads\\\/2019\\\/11\\\/11-48.jpg\",\"contentUrl\":\"https:\\\/\\\/caraudioworld.eu\\\/wp-content\\\/uploads\\\/2019\\\/11\\\/11-48.jpg\",\"width\":1000,\"height\":700,\"caption\":\"awave dsp6-ab\"},{\"@type\":\"BreadcrumbList\",\"@id\":\"https:\\\/\\\/caraudioworld.eu\\\/cs\\\/produkt\\\/awave-dsp-6ab\\\/#breadcrumb\",\"itemListElement\":[{\"@type\":\"ListItem\",\"position\":1,\"name\":\"Home\",\"item\":\"https:\\\/\\\/caraudioworld.eu\\\/cs\\\/\"},{\"@type\":\"ListItem\",\"position\":2,\"name\":\"Obchod\",\"item\":\"https:\\\/\\\/caraudioworld.eu\\\/cs\\\/obchod\\\/\"},{\"@type\":\"ListItem\",\"position\":3,\"name\":\"Awave DSP-6AB\"}]},{\"@type\":\"WebSite\",\"@id\":\"https:\\\/\\\/caraudioworld.eu\\\/cs\\\/#website\",\"url\":\"https:\\\/\\\/caraudioworld.eu\\\/cs\\\/\",\"name\":\"CARAUDIOWORLD\",\"description\":\"Audio Heaven\",\"publisher\":{\"@id\":\"https:\\\/\\\/caraudioworld.eu\\\/cs\\\/#organization\"},\"potentialAction\":[{\"@type\":\"SearchAction\",\"target\":{\"@type\":\"EntryPoint\",\"urlTemplate\":\"https:\\\/\\\/caraudioworld.eu\\\/cs\\\/?s={search_term_string}\"},\"query-input\":{\"@type\":\"PropertyValueSpecification\",\"valueRequired\":true,\"valueName\":\"search_term_string\"}}],\"inLanguage\":\"cs\"},{\"@type\":\"Organization\",\"@id\":\"https:\\\/\\\/caraudioworld.eu\\\/cs\\\/#organization\",\"name\":\"CARAUDIOWORLD.eu\",\"url\":\"https:\\\/\\\/caraudioworld.eu\\\/cs\\\/\",\"logo\":{\"@type\":\"ImageObject\",\"inLanguage\":\"cs\",\"@id\":\"https:\\\/\\\/caraudioworld.eu\\\/cs\\\/#\\\/schema\\\/logo\\\/image\\\/\",\"url\":\"https:\\\/\\\/caraudioworld.eu\\\/wp-content\\\/uploads\\\/2020\\\/10\\\/CAW_rounded.png\",\"contentUrl\":\"https:\\\/\\\/caraudioworld.eu\\\/wp-content\\\/uploads\\\/2020\\\/10\\\/CAW_rounded.png\",\"width\":510,\"height\":510,\"caption\":\"CARAUDIOWORLD.eu\"},\"image\":{\"@id\":\"https:\\\/\\\/caraudioworld.eu\\\/cs\\\/#\\\/schema\\\/logo\\\/image\\\/\"},\"sameAs\":[\"https:\\\/\\\/www.facebook.com\\\/caraudioworld.eu\",\"https:\\\/\\\/www.instagram.com\\\/caraudioworld.eu\\\/\"]}]}<\/script>\n<!-- \/ Yoast SEO plugin. -->","yoast_head_json":{"title":"Awave DSP-6AB - CARAUDIOWORLD","description":"Proslul\u00e1 zna\u010dka Awave pat\u0159\u00edc\u00ed pod STEG Italy p\u0159ich\u00e1z\u00ed na trh s novinkami pro ozvu\u010den\u00ed va\u0161eho auta. Tento 6 kan\u00e1lov\u00fd zesilova\u010d se zabudovan\u00fdm DSP (Digital Signal Processor) je skv\u011bl\u00fdm \u0159e\u0161en\u00edm pro lidi, kte\u0159\u00ed si cht\u011bj\u00ed nebo mus\u00ed zachovat p\u016fvodn\u00ed autor\u00e1dio s nedostate\u010dn\u00fdm v\u00fdkonem a slab\u00fdmi mo\u017enostmi nastaven\u00ed zvuku. Zesilova\u010d s DSP v\u00e1m umo\u017en\u00ed vykouzlit kr\u00e1sn\u00fd zvuk za malou investici. 6-kan\u00e1lov\u00fd v\u00fdkonov\u00fd zesilova\u010d s DSP t\u0159\u00eddy AB\u2013 6 kan\u00e1lov\u00fd vstup vysok\u00e9 \u00farovn\u011b\u2013 2 kan\u00e1lov\u00fd vstup AUX\u2013 Optick\u00fd a Digit\u00e1ln\u00ed koaxi\u00e1ln\u00ed vstup v\u00fdkon:4\u00d750 W + 2\u00d765 W RMS @ 4Ohm \u2013 2 kan\u00e1lov\u00fd PreOut 4V pro napojen\u00ed dodate\u010dn\u00fdch zesilova\u010d\u016f\u2013 Crossover: Fullrange, HP, LP, BP pro ka\u017ed\u00fd jeden reproduktor \/ kan\u00e1l\u2013 Slope filtru: 6\/12\/18\/24\/30\/36\/42\/48 dB \/ okt.\u2013 Frekven\u010dn\u00ed rozsah: 10 \u2013 20 000 Hz\u2013 f\u00e1ze 0 \u00b0 \/ 180 \u00b0\u2013 \u010casov\u00e1 prodleva: 0 \u2013 15 ms\u2013 Nastaven\u00ed lze po automatick\u00e9 kalibraci mikrofonem n\u00e1sledn\u011b upravit\u2013 K dispozici je \u0159\u00edd\u00edc\u00ed jednotka DRC\u2013 Rozm\u011bry: 225 x 160 x (+ kabely) x 50 mm Manual:\u00a0DownloadSoftware: Na vy\u017e\u00e1d\u00e1n\u00ed (e-mail)","robots":{"index":"index","follow":"follow","max-snippet":"max-snippet:-1","max-image-preview":"max-image-preview:large","max-video-preview":"max-video-preview:-1"},"canonical":"https:\/\/caraudioworld.eu\/cs\/produkt\/awave-dsp-6ab\/","og_locale":"cs_CZ","og_type":"article","og_title":"Awave DSP-6AB - CARAUDIOWORLD","og_description":"Proslul\u00e1 zna\u010dka Awave pat\u0159\u00edc\u00ed pod STEG Italy p\u0159ich\u00e1z\u00ed na trh s novinkami pro ozvu\u010den\u00ed va\u0161eho auta. Tento 6 kan\u00e1lov\u00fd zesilova\u010d se zabudovan\u00fdm DSP (Digital Signal Processor) je skv\u011bl\u00fdm \u0159e\u0161en\u00edm pro lidi, kte\u0159\u00ed si cht\u011bj\u00ed nebo mus\u00ed zachovat p\u016fvodn\u00ed autor\u00e1dio s nedostate\u010dn\u00fdm v\u00fdkonem a slab\u00fdmi mo\u017enostmi nastaven\u00ed zvuku. Zesilova\u010d s DSP v\u00e1m umo\u017en\u00ed vykouzlit kr\u00e1sn\u00fd zvuk za malou investici. 6-kan\u00e1lov\u00fd v\u00fdkonov\u00fd zesilova\u010d s DSP t\u0159\u00eddy AB\u2013 6 kan\u00e1lov\u00fd vstup vysok\u00e9 \u00farovn\u011b\u2013 2 kan\u00e1lov\u00fd vstup AUX\u2013 Optick\u00fd a Digit\u00e1ln\u00ed koaxi\u00e1ln\u00ed vstup v\u00fdkon:4\u00d750 W + 2\u00d765 W RMS @ 4Ohm \u2013 2 kan\u00e1lov\u00fd PreOut 4V pro napojen\u00ed dodate\u010dn\u00fdch zesilova\u010d\u016f\u2013 Crossover: Fullrange, HP, LP, BP pro ka\u017ed\u00fd jeden reproduktor \/ kan\u00e1l\u2013 Slope filtru: 6\/12\/18\/24\/30\/36\/42\/48 dB \/ okt.\u2013 Frekven\u010dn\u00ed rozsah: 10 \u2013 20 000 Hz\u2013 f\u00e1ze 0 \u00b0 \/ 180 \u00b0\u2013 \u010casov\u00e1 prodleva: 0 \u2013 15 ms\u2013 Nastaven\u00ed lze po automatick\u00e9 kalibraci mikrofonem n\u00e1sledn\u011b upravit\u2013 K dispozici je \u0159\u00edd\u00edc\u00ed jednotka DRC\u2013 Rozm\u011bry: 225 x 160 x (+ kabely) x 50 mm Manual:\u00a0DownloadSoftware: Na vy\u017e\u00e1d\u00e1n\u00ed (e-mail)","og_url":"https:\/\/caraudioworld.eu\/cs\/produkt\/awave-dsp-6ab\/","og_site_name":"CARAUDIOWORLD","article_publisher":"https:\/\/www.facebook.com\/caraudioworld.eu","article_modified_time":"2020-10-11T14:10:21+00:00","og_image":[{"width":1000,"height":700,"url":"https:\/\/caraudioworld.eu\/wp-content\/uploads\/2019\/11\/11-48.jpg","type":"image\/jpeg"}],"twitter_card":"summary_large_image","schema":{"@context":"https:\/\/schema.org","@graph":[{"@type":"WebPage","@id":"https:\/\/caraudioworld.eu\/cs\/produkt\/awave-dsp-6ab\/","url":"https:\/\/caraudioworld.eu\/cs\/produkt\/awave-dsp-6ab\/","name":"Awave DSP-6AB - CARAUDIOWORLD","isPartOf":{"@id":"https:\/\/caraudioworld.eu\/cs\/#website"},"primaryImageOfPage":{"@id":"https:\/\/caraudioworld.eu\/cs\/produkt\/awave-dsp-6ab\/#primaryimage"},"image":{"@id":"https:\/\/caraudioworld.eu\/cs\/produkt\/awave-dsp-6ab\/#primaryimage"},"thumbnailUrl":"https:\/\/caraudioworld.eu\/wp-content\/uploads\/2019\/11\/11-48.jpg","datePublished":"2019-11-23T15:40:41+00:00","dateModified":"2020-10-11T14:10:21+00:00","description":"Proslul\u00e1 zna\u010dka Awave pat\u0159\u00edc\u00ed pod STEG Italy p\u0159ich\u00e1z\u00ed na trh s novinkami pro ozvu\u010den\u00ed va\u0161eho auta. Tento 6 kan\u00e1lov\u00fd zesilova\u010d se zabudovan\u00fdm DSP (Digital Signal Processor) je skv\u011bl\u00fdm \u0159e\u0161en\u00edm pro lidi, kte\u0159\u00ed si cht\u011bj\u00ed nebo mus\u00ed zachovat p\u016fvodn\u00ed autor\u00e1dio s nedostate\u010dn\u00fdm v\u00fdkonem a slab\u00fdmi mo\u017enostmi nastaven\u00ed zvuku. Zesilova\u010d s DSP v\u00e1m umo\u017en\u00ed vykouzlit kr\u00e1sn\u00fd zvuk za malou investici. 6-kan\u00e1lov\u00fd v\u00fdkonov\u00fd zesilova\u010d s DSP t\u0159\u00eddy AB\u2013 6 kan\u00e1lov\u00fd vstup vysok\u00e9 \u00farovn\u011b\u2013 2 kan\u00e1lov\u00fd vstup AUX\u2013 Optick\u00fd a Digit\u00e1ln\u00ed koaxi\u00e1ln\u00ed vstup v\u00fdkon:4\u00d750 W + 2\u00d765 W RMS @ 4Ohm \u2013 2 kan\u00e1lov\u00fd PreOut 4V pro napojen\u00ed dodate\u010dn\u00fdch zesilova\u010d\u016f\u2013 Crossover: Fullrange, HP, LP, BP pro ka\u017ed\u00fd jeden reproduktor \/ kan\u00e1l\u2013 Slope filtru: 6\/12\/18\/24\/30\/36\/42\/48 dB \/ okt.\u2013 Frekven\u010dn\u00ed rozsah: 10 \u2013 20 000 Hz\u2013 f\u00e1ze 0 \u00b0 \/ 180 \u00b0\u2013 \u010casov\u00e1 prodleva: 0 \u2013 15 ms\u2013 Nastaven\u00ed lze po automatick\u00e9 kalibraci mikrofonem n\u00e1sledn\u011b upravit\u2013 K dispozici je \u0159\u00edd\u00edc\u00ed jednotka DRC\u2013 Rozm\u011bry: 225 x 160 x (+ kabely) x 50 mm Manual:\u00a0DownloadSoftware: Na vy\u017e\u00e1d\u00e1n\u00ed (e-mail)","breadcrumb":{"@id":"https:\/\/caraudioworld.eu\/cs\/produkt\/awave-dsp-6ab\/#breadcrumb"},"inLanguage":"cs","potentialAction":[{"@type":"ReadAction","target":["https:\/\/caraudioworld.eu\/cs\/produkt\/awave-dsp-6ab\/"]}]},{"@type":"ImageObject","inLanguage":"cs","@id":"https:\/\/caraudioworld.eu\/cs\/produkt\/awave-dsp-6ab\/#primaryimage","url":"https:\/\/caraudioworld.eu\/wp-content\/uploads\/2019\/11\/11-48.jpg","contentUrl":"https:\/\/caraudioworld.eu\/wp-content\/uploads\/2019\/11\/11-48.jpg","width":1000,"height":700,"caption":"awave dsp6-ab"},{"@type":"BreadcrumbList","@id":"https:\/\/caraudioworld.eu\/cs\/produkt\/awave-dsp-6ab\/#breadcrumb","itemListElement":[{"@type":"ListItem","position":1,"name":"Home","item":"https:\/\/caraudioworld.eu\/cs\/"},{"@type":"ListItem","position":2,"name":"Obchod","item":"https:\/\/caraudioworld.eu\/cs\/obchod\/"},{"@type":"ListItem","position":3,"name":"Awave DSP-6AB"}]},{"@type":"WebSite","@id":"https:\/\/caraudioworld.eu\/cs\/#website","url":"https:\/\/caraudioworld.eu\/cs\/","name":"CARAUDIOWORLD","description":"Audio Heaven","publisher":{"@id":"https:\/\/caraudioworld.eu\/cs\/#organization"},"potentialAction":[{"@type":"SearchAction","target":{"@type":"EntryPoint","urlTemplate":"https:\/\/caraudioworld.eu\/cs\/?s={search_term_string}"},"query-input":{"@type":"PropertyValueSpecification","valueRequired":true,"valueName":"search_term_string"}}],"inLanguage":"cs"},{"@type":"Organization","@id":"https:\/\/caraudioworld.eu\/cs\/#organization","name":"CARAUDIOWORLD.eu","url":"https:\/\/caraudioworld.eu\/cs\/","logo":{"@type":"ImageObject","inLanguage":"cs","@id":"https:\/\/caraudioworld.eu\/cs\/#\/schema\/logo\/image\/","url":"https:\/\/caraudioworld.eu\/wp-content\/uploads\/2020\/10\/CAW_rounded.png","contentUrl":"https:\/\/caraudioworld.eu\/wp-content\/uploads\/2020\/10\/CAW_rounded.png","width":510,"height":510,"caption":"CARAUDIOWORLD.eu"},"image":{"@id":"https:\/\/caraudioworld.eu\/cs\/#\/schema\/logo\/image\/"},"sameAs":["https:\/\/www.facebook.com\/caraudioworld.eu","https:\/\/www.instagram.com\/caraudioworld.eu\/"]}]}},"_links":{"self":[{"href":"https:\/\/caraudioworld.eu\/cs\/wp-json\/wp\/v2\/product\/7885","targetHints":{"allow":["GET"]}}],"collection":[{"href":"https:\/\/caraudioworld.eu\/cs\/wp-json\/wp\/v2\/product"}],"about":[{"href":"https:\/\/caraudioworld.eu\/cs\/wp-json\/wp\/v2\/types\/product"}],"replies":[{"embeddable":true,"href":"https:\/\/caraudioworld.eu\/cs\/wp-json\/wp\/v2\/comments?post=7885"}],"wp:featuredmedia":[{"embeddable":true,"href":"https:\/\/caraudioworld.eu\/cs\/wp-json\/wp\/v2\/media\/7886"}],"wp:attachment":[{"href":"https:\/\/caraudioworld.eu\/cs\/wp-json\/wp\/v2\/media?parent=7885"}],"wp:term":[{"taxonomy":"product_brand","embeddable":true,"href":"https:\/\/caraudioworld.eu\/cs\/wp-json\/wp\/v2\/product_brand?post=7885"},{"taxonomy":"product_cat","embeddable":true,"href":"https:\/\/caraudioworld.eu\/cs\/wp-json\/wp\/v2\/product_cat?post=7885"},{"taxonomy":"product_tag","embeddable":true,"href":"https:\/\/caraudioworld.eu\/cs\/wp-json\/wp\/v2\/product_tag?post=7885"}],"curies":[{"name":"wp","href":"https:\/\/api.w.org\/{rel}","templated":true}]}}