{"id":7895,"date":"2019-11-23T19:41:15","date_gmt":"2019-11-23T18:41:15","guid":{"rendered":"https:\/\/caraudioworld.eu\/produkt\/goldkabel-edition-cinch-silber\/"},"modified":"2019-11-23T19:41:15","modified_gmt":"2019-11-23T18:41:15","slug":"goldkabel-edition-cinch-silber","status":"publish","type":"product","link":"https:\/\/caraudioworld.eu\/cs\/produkt\/goldkabel-edition-cinch-silber\/","title":{"rendered":"Goldkabel edition CINCH silber"},"content":{"rendered":"","protected":false},"excerpt":{"rendered":"<ul>\n<li>2-n\u00e1sobn\u00e1 koaxi\u00e1ln\u00ed konstrukce<\/li>\n<li>Vysoce \u010dist\u00fd vnit\u0159n\u00ed vodi\u010d vyroben z m\u011bdi OFC s post\u0159\u00edb\u0159en\u00fdmi m\u011bd\u011bn\u00fdmi prameny<\/li>\n<li>pln\u011b vodiv\u00e9 PVC (pln\u00e1 ochrana proti EMI)<\/li>\n<li>m\u011bkk\u00e1 gumov\u00e1 sm\u011bs pro vysokou flexibilitu<\/li>\n<li>st\u00edn\u011bn\u00ed v\u00edce kabel\u016f<\/li>\n<li>masivn\u00ed, sta\u017eiteln\u00fd kovov\u00fd konektor<\/li>\n<li>pozlacen\u00e9 kontakty<\/li>\n<li>na po\u017e\u00e1d\u00e1n\u00ed se vyrob\u00ed jak\u00e1koliv d\u00e9lka<\/li>\n<li>ru\u010dn\u011b vyr\u00e1b\u011bn\u00e9 v N\u011bmecku<\/li>\n<li>za ka\u017ed\u00fd dal\u0161\u00ed stereometer se \u00fa\u010dtuje poplatek 80 \u20ac nav\u00edc<\/li>\n<\/ul>\n","protected":false},"featured_media":7896,"comment_status":"open","ping_status":"closed","template":"","meta":[],"product_brand":[],"product_cat":[327,396],"product_tag":[336],"class_list":{"0":"post-7895","1":"product","2":"type-product","3":"status-publish","4":"has-post-thumbnail","6":"product_cat-kabely","7":"product_cat-rca-cs","8":"product_tag-goldkabel-cs","10":"first","11":"outofstock","12":"taxable","13":"shipping-taxable","14":"purchasable","15":"product-type-variable"},"yoast_head":"<!-- This site is optimized with the Yoast SEO plugin v27.3 - https:\/\/yoast.com\/product\/yoast-seo-wordpress\/ -->\n<title>Goldkabel edition CINCH silber - CARAUDIOWORLD<\/title>\n<meta name=\"description\" content=\"2-n\u00e1sobn\u00e1 koaxi\u00e1ln\u00ed konstrukce  Vysoce \u010dist\u00fd vnit\u0159n\u00ed vodi\u010d vyroben z m\u011bdi OFC s post\u0159\u00edb\u0159en\u00fdmi m\u011bd\u011bn\u00fdmi prameny  pln\u011b vodiv\u00e9 PVC (pln\u00e1 ochrana proti EMI)  m\u011bkk\u00e1 gumov\u00e1 sm\u011bs pro vysokou flexibilitu  st\u00edn\u011bn\u00ed v\u00edce kabel\u016f  masivn\u00ed, sta\u017eiteln\u00fd kovov\u00fd konektor  pozlacen\u00e9 kontakty  na po\u017e\u00e1d\u00e1n\u00ed se vyrob\u00ed jak\u00e1koliv d\u00e9lka  ru\u010dn\u011b vyr\u00e1b\u011bn\u00e9 v N\u011bmecku  za ka\u017ed\u00fd dal\u0161\u00ed stereometer se \u00fa\u010dtuje poplatek 80 \u20ac nav\u00edc\" \/>\n<meta name=\"robots\" content=\"index, follow, max-snippet:-1, max-image-preview:large, max-video-preview:-1\" \/>\n<link rel=\"canonical\" href=\"https:\/\/caraudioworld.eu\/cs\/produkt\/goldkabel-edition-cinch-silber\/\" \/>\n<meta property=\"og:locale\" content=\"cs_CZ\" \/>\n<meta property=\"og:type\" content=\"article\" \/>\n<meta property=\"og:title\" content=\"Goldkabel edition CINCH silber - CARAUDIOWORLD\" \/>\n<meta property=\"og:description\" content=\"2-n\u00e1sobn\u00e1 koaxi\u00e1ln\u00ed konstrukce  Vysoce \u010dist\u00fd vnit\u0159n\u00ed vodi\u010d vyroben z m\u011bdi OFC s post\u0159\u00edb\u0159en\u00fdmi m\u011bd\u011bn\u00fdmi prameny  pln\u011b vodiv\u00e9 PVC (pln\u00e1 ochrana proti EMI)  m\u011bkk\u00e1 gumov\u00e1 sm\u011bs pro vysokou flexibilitu  st\u00edn\u011bn\u00ed v\u00edce kabel\u016f  masivn\u00ed, sta\u017eiteln\u00fd kovov\u00fd konektor  pozlacen\u00e9 kontakty  na po\u017e\u00e1d\u00e1n\u00ed se vyrob\u00ed jak\u00e1koliv d\u00e9lka  ru\u010dn\u011b vyr\u00e1b\u011bn\u00e9 v N\u011bmecku  za ka\u017ed\u00fd dal\u0161\u00ed stereometer se \u00fa\u010dtuje poplatek 80 \u20ac nav\u00edc\" \/>\n<meta property=\"og:url\" content=\"https:\/\/caraudioworld.eu\/cs\/produkt\/goldkabel-edition-cinch-silber\/\" \/>\n<meta property=\"og:site_name\" content=\"CARAUDIOWORLD\" \/>\n<meta property=\"article:publisher\" content=\"https:\/\/www.facebook.com\/caraudioworld.eu\" \/>\n<meta property=\"og:image\" content=\"https:\/\/caraudioworld.eu\/wp-content\/uploads\/2019\/11\/11-51.jpg\" \/>\n\t<meta property=\"og:image:width\" content=\"1000\" \/>\n\t<meta property=\"og:image:height\" content=\"700\" \/>\n\t<meta property=\"og:image:type\" content=\"image\/jpeg\" \/>\n<meta name=\"twitter:card\" content=\"summary_large_image\" \/>\n<script type=\"application\/ld+json\" class=\"yoast-schema-graph\">{\"@context\":\"https:\\\/\\\/schema.org\",\"@graph\":[{\"@type\":\"WebPage\",\"@id\":\"https:\\\/\\\/caraudioworld.eu\\\/cs\\\/produkt\\\/goldkabel-edition-cinch-silber\\\/\",\"url\":\"https:\\\/\\\/caraudioworld.eu\\\/cs\\\/produkt\\\/goldkabel-edition-cinch-silber\\\/\",\"name\":\"Goldkabel edition CINCH silber - CARAUDIOWORLD\",\"isPartOf\":{\"@id\":\"https:\\\/\\\/caraudioworld.eu\\\/cs\\\/#website\"},\"primaryImageOfPage\":{\"@id\":\"https:\\\/\\\/caraudioworld.eu\\\/cs\\\/produkt\\\/goldkabel-edition-cinch-silber\\\/#primaryimage\"},\"image\":{\"@id\":\"https:\\\/\\\/caraudioworld.eu\\\/cs\\\/produkt\\\/goldkabel-edition-cinch-silber\\\/#primaryimage\"},\"thumbnailUrl\":\"https:\\\/\\\/caraudioworld.eu\\\/wp-content\\\/uploads\\\/2019\\\/11\\\/11-51.jpg\",\"datePublished\":\"2019-11-23T18:41:15+00:00\",\"description\":\"2-n\u00e1sobn\u00e1 koaxi\u00e1ln\u00ed konstrukce Vysoce \u010dist\u00fd vnit\u0159n\u00ed vodi\u010d vyroben z m\u011bdi OFC s post\u0159\u00edb\u0159en\u00fdmi m\u011bd\u011bn\u00fdmi prameny pln\u011b vodiv\u00e9 PVC (pln\u00e1 ochrana proti EMI) m\u011bkk\u00e1 gumov\u00e1 sm\u011bs pro vysokou flexibilitu st\u00edn\u011bn\u00ed v\u00edce kabel\u016f masivn\u00ed, sta\u017eiteln\u00fd kovov\u00fd konektor pozlacen\u00e9 kontakty na po\u017e\u00e1d\u00e1n\u00ed se vyrob\u00ed jak\u00e1koliv d\u00e9lka ru\u010dn\u011b vyr\u00e1b\u011bn\u00e9 v N\u011bmecku za ka\u017ed\u00fd dal\u0161\u00ed stereometer se \u00fa\u010dtuje poplatek 80 \u20ac nav\u00edc\",\"breadcrumb\":{\"@id\":\"https:\\\/\\\/caraudioworld.eu\\\/cs\\\/produkt\\\/goldkabel-edition-cinch-silber\\\/#breadcrumb\"},\"inLanguage\":\"cs\",\"potentialAction\":[{\"@type\":\"ReadAction\",\"target\":[\"https:\\\/\\\/caraudioworld.eu\\\/cs\\\/produkt\\\/goldkabel-edition-cinch-silber\\\/\"]}]},{\"@type\":\"ImageObject\",\"inLanguage\":\"cs\",\"@id\":\"https:\\\/\\\/caraudioworld.eu\\\/cs\\\/produkt\\\/goldkabel-edition-cinch-silber\\\/#primaryimage\",\"url\":\"https:\\\/\\\/caraudioworld.eu\\\/wp-content\\\/uploads\\\/2019\\\/11\\\/11-51.jpg\",\"contentUrl\":\"https:\\\/\\\/caraudioworld.eu\\\/wp-content\\\/uploads\\\/2019\\\/11\\\/11-51.jpg\",\"width\":1000,\"height\":700},{\"@type\":\"BreadcrumbList\",\"@id\":\"https:\\\/\\\/caraudioworld.eu\\\/cs\\\/produkt\\\/goldkabel-edition-cinch-silber\\\/#breadcrumb\",\"itemListElement\":[{\"@type\":\"ListItem\",\"position\":1,\"name\":\"Home\",\"item\":\"https:\\\/\\\/caraudioworld.eu\\\/cs\\\/\"},{\"@type\":\"ListItem\",\"position\":2,\"name\":\"Obchod\",\"item\":\"https:\\\/\\\/caraudioworld.eu\\\/cs\\\/obchod\\\/\"},{\"@type\":\"ListItem\",\"position\":3,\"name\":\"Goldkabel edition CINCH silber\"}]},{\"@type\":\"WebSite\",\"@id\":\"https:\\\/\\\/caraudioworld.eu\\\/cs\\\/#website\",\"url\":\"https:\\\/\\\/caraudioworld.eu\\\/cs\\\/\",\"name\":\"CARAUDIOWORLD\",\"description\":\"Audio Heaven\",\"publisher\":{\"@id\":\"https:\\\/\\\/caraudioworld.eu\\\/cs\\\/#organization\"},\"potentialAction\":[{\"@type\":\"SearchAction\",\"target\":{\"@type\":\"EntryPoint\",\"urlTemplate\":\"https:\\\/\\\/caraudioworld.eu\\\/cs\\\/?s={search_term_string}\"},\"query-input\":{\"@type\":\"PropertyValueSpecification\",\"valueRequired\":true,\"valueName\":\"search_term_string\"}}],\"inLanguage\":\"cs\"},{\"@type\":\"Organization\",\"@id\":\"https:\\\/\\\/caraudioworld.eu\\\/cs\\\/#organization\",\"name\":\"CARAUDIOWORLD.eu\",\"url\":\"https:\\\/\\\/caraudioworld.eu\\\/cs\\\/\",\"logo\":{\"@type\":\"ImageObject\",\"inLanguage\":\"cs\",\"@id\":\"https:\\\/\\\/caraudioworld.eu\\\/cs\\\/#\\\/schema\\\/logo\\\/image\\\/\",\"url\":\"https:\\\/\\\/caraudioworld.eu\\\/wp-content\\\/uploads\\\/2020\\\/10\\\/CAW_rounded.png\",\"contentUrl\":\"https:\\\/\\\/caraudioworld.eu\\\/wp-content\\\/uploads\\\/2020\\\/10\\\/CAW_rounded.png\",\"width\":510,\"height\":510,\"caption\":\"CARAUDIOWORLD.eu\"},\"image\":{\"@id\":\"https:\\\/\\\/caraudioworld.eu\\\/cs\\\/#\\\/schema\\\/logo\\\/image\\\/\"},\"sameAs\":[\"https:\\\/\\\/www.facebook.com\\\/caraudioworld.eu\",\"https:\\\/\\\/www.instagram.com\\\/caraudioworld.eu\\\/\"]}]}<\/script>\n<!-- \/ Yoast SEO plugin. -->","yoast_head_json":{"title":"Goldkabel edition CINCH silber - CARAUDIOWORLD","description":"2-n\u00e1sobn\u00e1 koaxi\u00e1ln\u00ed konstrukce  Vysoce \u010dist\u00fd vnit\u0159n\u00ed vodi\u010d vyroben z m\u011bdi OFC s post\u0159\u00edb\u0159en\u00fdmi m\u011bd\u011bn\u00fdmi prameny  pln\u011b vodiv\u00e9 PVC (pln\u00e1 ochrana proti EMI)  m\u011bkk\u00e1 gumov\u00e1 sm\u011bs pro vysokou flexibilitu  st\u00edn\u011bn\u00ed v\u00edce kabel\u016f  masivn\u00ed, sta\u017eiteln\u00fd kovov\u00fd konektor  pozlacen\u00e9 kontakty  na po\u017e\u00e1d\u00e1n\u00ed se vyrob\u00ed jak\u00e1koliv d\u00e9lka  ru\u010dn\u011b vyr\u00e1b\u011bn\u00e9 v N\u011bmecku  za ka\u017ed\u00fd dal\u0161\u00ed stereometer se \u00fa\u010dtuje poplatek 80 \u20ac nav\u00edc","robots":{"index":"index","follow":"follow","max-snippet":"max-snippet:-1","max-image-preview":"max-image-preview:large","max-video-preview":"max-video-preview:-1"},"canonical":"https:\/\/caraudioworld.eu\/cs\/produkt\/goldkabel-edition-cinch-silber\/","og_locale":"cs_CZ","og_type":"article","og_title":"Goldkabel edition CINCH silber - CARAUDIOWORLD","og_description":"2-n\u00e1sobn\u00e1 koaxi\u00e1ln\u00ed konstrukce  Vysoce \u010dist\u00fd vnit\u0159n\u00ed vodi\u010d vyroben z m\u011bdi OFC s post\u0159\u00edb\u0159en\u00fdmi m\u011bd\u011bn\u00fdmi prameny  pln\u011b vodiv\u00e9 PVC (pln\u00e1 ochrana proti EMI)  m\u011bkk\u00e1 gumov\u00e1 sm\u011bs pro vysokou flexibilitu  st\u00edn\u011bn\u00ed v\u00edce kabel\u016f  masivn\u00ed, sta\u017eiteln\u00fd kovov\u00fd konektor  pozlacen\u00e9 kontakty  na po\u017e\u00e1d\u00e1n\u00ed se vyrob\u00ed jak\u00e1koliv d\u00e9lka  ru\u010dn\u011b vyr\u00e1b\u011bn\u00e9 v N\u011bmecku  za ka\u017ed\u00fd dal\u0161\u00ed stereometer se \u00fa\u010dtuje poplatek 80 \u20ac nav\u00edc","og_url":"https:\/\/caraudioworld.eu\/cs\/produkt\/goldkabel-edition-cinch-silber\/","og_site_name":"CARAUDIOWORLD","article_publisher":"https:\/\/www.facebook.com\/caraudioworld.eu","og_image":[{"width":1000,"height":700,"url":"https:\/\/caraudioworld.eu\/wp-content\/uploads\/2019\/11\/11-51.jpg","type":"image\/jpeg"}],"twitter_card":"summary_large_image","schema":{"@context":"https:\/\/schema.org","@graph":[{"@type":"WebPage","@id":"https:\/\/caraudioworld.eu\/cs\/produkt\/goldkabel-edition-cinch-silber\/","url":"https:\/\/caraudioworld.eu\/cs\/produkt\/goldkabel-edition-cinch-silber\/","name":"Goldkabel edition CINCH silber - CARAUDIOWORLD","isPartOf":{"@id":"https:\/\/caraudioworld.eu\/cs\/#website"},"primaryImageOfPage":{"@id":"https:\/\/caraudioworld.eu\/cs\/produkt\/goldkabel-edition-cinch-silber\/#primaryimage"},"image":{"@id":"https:\/\/caraudioworld.eu\/cs\/produkt\/goldkabel-edition-cinch-silber\/#primaryimage"},"thumbnailUrl":"https:\/\/caraudioworld.eu\/wp-content\/uploads\/2019\/11\/11-51.jpg","datePublished":"2019-11-23T18:41:15+00:00","description":"2-n\u00e1sobn\u00e1 koaxi\u00e1ln\u00ed konstrukce Vysoce \u010dist\u00fd vnit\u0159n\u00ed vodi\u010d vyroben z m\u011bdi OFC s post\u0159\u00edb\u0159en\u00fdmi m\u011bd\u011bn\u00fdmi prameny pln\u011b vodiv\u00e9 PVC (pln\u00e1 ochrana proti EMI) m\u011bkk\u00e1 gumov\u00e1 sm\u011bs pro vysokou flexibilitu st\u00edn\u011bn\u00ed v\u00edce kabel\u016f masivn\u00ed, sta\u017eiteln\u00fd kovov\u00fd konektor pozlacen\u00e9 kontakty na po\u017e\u00e1d\u00e1n\u00ed se vyrob\u00ed jak\u00e1koliv d\u00e9lka ru\u010dn\u011b vyr\u00e1b\u011bn\u00e9 v N\u011bmecku za ka\u017ed\u00fd dal\u0161\u00ed stereometer se \u00fa\u010dtuje poplatek 80 \u20ac nav\u00edc","breadcrumb":{"@id":"https:\/\/caraudioworld.eu\/cs\/produkt\/goldkabel-edition-cinch-silber\/#breadcrumb"},"inLanguage":"cs","potentialAction":[{"@type":"ReadAction","target":["https:\/\/caraudioworld.eu\/cs\/produkt\/goldkabel-edition-cinch-silber\/"]}]},{"@type":"ImageObject","inLanguage":"cs","@id":"https:\/\/caraudioworld.eu\/cs\/produkt\/goldkabel-edition-cinch-silber\/#primaryimage","url":"https:\/\/caraudioworld.eu\/wp-content\/uploads\/2019\/11\/11-51.jpg","contentUrl":"https:\/\/caraudioworld.eu\/wp-content\/uploads\/2019\/11\/11-51.jpg","width":1000,"height":700},{"@type":"BreadcrumbList","@id":"https:\/\/caraudioworld.eu\/cs\/produkt\/goldkabel-edition-cinch-silber\/#breadcrumb","itemListElement":[{"@type":"ListItem","position":1,"name":"Home","item":"https:\/\/caraudioworld.eu\/cs\/"},{"@type":"ListItem","position":2,"name":"Obchod","item":"https:\/\/caraudioworld.eu\/cs\/obchod\/"},{"@type":"ListItem","position":3,"name":"Goldkabel edition CINCH silber"}]},{"@type":"WebSite","@id":"https:\/\/caraudioworld.eu\/cs\/#website","url":"https:\/\/caraudioworld.eu\/cs\/","name":"CARAUDIOWORLD","description":"Audio Heaven","publisher":{"@id":"https:\/\/caraudioworld.eu\/cs\/#organization"},"potentialAction":[{"@type":"SearchAction","target":{"@type":"EntryPoint","urlTemplate":"https:\/\/caraudioworld.eu\/cs\/?s={search_term_string}"},"query-input":{"@type":"PropertyValueSpecification","valueRequired":true,"valueName":"search_term_string"}}],"inLanguage":"cs"},{"@type":"Organization","@id":"https:\/\/caraudioworld.eu\/cs\/#organization","name":"CARAUDIOWORLD.eu","url":"https:\/\/caraudioworld.eu\/cs\/","logo":{"@type":"ImageObject","inLanguage":"cs","@id":"https:\/\/caraudioworld.eu\/cs\/#\/schema\/logo\/image\/","url":"https:\/\/caraudioworld.eu\/wp-content\/uploads\/2020\/10\/CAW_rounded.png","contentUrl":"https:\/\/caraudioworld.eu\/wp-content\/uploads\/2020\/10\/CAW_rounded.png","width":510,"height":510,"caption":"CARAUDIOWORLD.eu"},"image":{"@id":"https:\/\/caraudioworld.eu\/cs\/#\/schema\/logo\/image\/"},"sameAs":["https:\/\/www.facebook.com\/caraudioworld.eu","https:\/\/www.instagram.com\/caraudioworld.eu\/"]}]}},"_links":{"self":[{"href":"https:\/\/caraudioworld.eu\/cs\/wp-json\/wp\/v2\/product\/7895","targetHints":{"allow":["GET"]}}],"collection":[{"href":"https:\/\/caraudioworld.eu\/cs\/wp-json\/wp\/v2\/product"}],"about":[{"href":"https:\/\/caraudioworld.eu\/cs\/wp-json\/wp\/v2\/types\/product"}],"replies":[{"embeddable":true,"href":"https:\/\/caraudioworld.eu\/cs\/wp-json\/wp\/v2\/comments?post=7895"}],"wp:featuredmedia":[{"embeddable":true,"href":"https:\/\/caraudioworld.eu\/cs\/wp-json\/wp\/v2\/media\/7896"}],"wp:attachment":[{"href":"https:\/\/caraudioworld.eu\/cs\/wp-json\/wp\/v2\/media?parent=7895"}],"wp:term":[{"taxonomy":"product_brand","embeddable":true,"href":"https:\/\/caraudioworld.eu\/cs\/wp-json\/wp\/v2\/product_brand?post=7895"},{"taxonomy":"product_cat","embeddable":true,"href":"https:\/\/caraudioworld.eu\/cs\/wp-json\/wp\/v2\/product_cat?post=7895"},{"taxonomy":"product_tag","embeddable":true,"href":"https:\/\/caraudioworld.eu\/cs\/wp-json\/wp\/v2\/product_tag?post=7895"}],"curies":[{"name":"wp","href":"https:\/\/api.w.org\/{rel}","templated":true}]}}