{"id":7904,"date":"2019-11-23T19:56:13","date_gmt":"2019-11-23T18:56:13","guid":{"rendered":"https:\/\/caraudioworld.eu\/produkt\/goldkabel-edition-ovation-cinch\/"},"modified":"2019-11-23T19:56:13","modified_gmt":"2019-11-23T18:56:13","slug":"goldkabel-edition-ovation-cinch","status":"publish","type":"product","link":"https:\/\/caraudioworld.eu\/cs\/produkt\/goldkabel-edition-ovation-cinch\/","title":{"rendered":"Goldkabel executive CINCH MKII"},"content":{"rendered":"","protected":false},"excerpt":{"rendered":"<ul>\n<li>\u0160pi\u010dkov\u00fd RCA kabel<\/li>\n<li>2-n\u00e1sobn\u00e1 koaxi\u00e1ln\u00ed konstrukce<\/li>\n<li>Vysoce \u010dist\u00fd vnit\u0159n\u00ed vodi\u010d vyroben z m\u011bdi PC-OCC od spole\u010dnosti FURUKAWA<\/li>\n<li>3x st\u00edn\u011bn\u00ed kabel\u016f vyroben\u00e9 z velmi hust\u00e9ho m\u011bd\u011bn\u00e9ho opleten\u00ed, hlin\u00edkov\u00e9 f\u00f3lie a pln\u011b vodiv\u00e9ho PVC<\/li>\n<li>masivn\u00ed, rhodiem pota\u017een\u00e9 konektory RCA v uhl\u00edkov\u00e9m vzhledu<\/li>\n<li>vysoce kvalitn\u00ed pleten\u00fd potah v karbonov\u00e9m vzhledu<\/li>\n<li>ru\u010dn\u011b vyr\u00e1b\u011bn\u00e9 v N\u011bmecku<\/li>\n<li>Za ka\u017ed\u00fd dal\u0161\u00ed 0,50 stereo metr se \u00fa\u010dtuje p\u0159\u00edplatek 50 \u20ac<\/li>\n<\/ul>\n","protected":false},"featured_media":7908,"comment_status":"open","ping_status":"closed","template":"","meta":[],"product_brand":[],"product_cat":[327,396],"product_tag":[336],"class_list":{"0":"post-7904","1":"product","2":"type-product","3":"status-publish","4":"has-post-thumbnail","6":"product_cat-kabely","7":"product_cat-rca-cs","8":"product_tag-goldkabel-cs","10":"first","11":"outofstock","12":"taxable","13":"shipping-taxable","14":"purchasable","15":"product-type-variable","16":"has-default-attributes"},"yoast_head":"<!-- This site is optimized with the Yoast SEO plugin v27.3 - https:\/\/yoast.com\/product\/yoast-seo-wordpress\/ -->\n<title>Goldkabel executive CINCH MKII - CARAUDIOWORLD<\/title>\n<meta name=\"description\" content=\"\u0160pi\u010dkov\u00fd RCA kabel  2-n\u00e1sobn\u00e1 koaxi\u00e1ln\u00ed konstrukce  Vysoce \u010dist\u00fd vnit\u0159n\u00ed vodi\u010d vyroben z m\u011bdi PC-OCC od spole\u010dnosti FURUKAWA  3x st\u00edn\u011bn\u00ed kabel\u016f vyroben\u00e9 z velmi hust\u00e9ho m\u011bd\u011bn\u00e9ho opleten\u00ed, hlin\u00edkov\u00e9 f\u00f3lie a pln\u011b vodiv\u00e9ho PVC  masivn\u00ed, rhodiem pota\u017een\u00e9 konektory RCA v uhl\u00edkov\u00e9m vzhledu  vysoce kvalitn\u00ed pleten\u00fd potah v karbonov\u00e9m vzhledu  ru\u010dn\u011b vyr\u00e1b\u011bn\u00e9 v N\u011bmecku  Za ka\u017ed\u00fd dal\u0161\u00ed 0,50 stereo metr se \u00fa\u010dtuje p\u0159\u00edplatek 50 \u20ac\" \/>\n<meta name=\"robots\" content=\"index, follow, max-snippet:-1, max-image-preview:large, max-video-preview:-1\" \/>\n<link rel=\"canonical\" href=\"https:\/\/caraudioworld.eu\/cs\/produkt\/goldkabel-edition-ovation-cinch\/\" \/>\n<meta property=\"og:locale\" content=\"cs_CZ\" \/>\n<meta property=\"og:type\" content=\"article\" \/>\n<meta property=\"og:title\" content=\"Goldkabel executive CINCH MKII - CARAUDIOWORLD\" \/>\n<meta property=\"og:description\" content=\"\u0160pi\u010dkov\u00fd RCA kabel  2-n\u00e1sobn\u00e1 koaxi\u00e1ln\u00ed konstrukce  Vysoce \u010dist\u00fd vnit\u0159n\u00ed vodi\u010d vyroben z m\u011bdi PC-OCC od spole\u010dnosti FURUKAWA  3x st\u00edn\u011bn\u00ed kabel\u016f vyroben\u00e9 z velmi hust\u00e9ho m\u011bd\u011bn\u00e9ho opleten\u00ed, hlin\u00edkov\u00e9 f\u00f3lie a pln\u011b vodiv\u00e9ho PVC  masivn\u00ed, rhodiem pota\u017een\u00e9 konektory RCA v uhl\u00edkov\u00e9m vzhledu  vysoce kvalitn\u00ed pleten\u00fd potah v karbonov\u00e9m vzhledu  ru\u010dn\u011b vyr\u00e1b\u011bn\u00e9 v N\u011bmecku  Za ka\u017ed\u00fd dal\u0161\u00ed 0,50 stereo metr se \u00fa\u010dtuje p\u0159\u00edplatek 50 \u20ac\" \/>\n<meta property=\"og:url\" content=\"https:\/\/caraudioworld.eu\/cs\/produkt\/goldkabel-edition-ovation-cinch\/\" \/>\n<meta property=\"og:site_name\" content=\"CARAUDIOWORLD\" \/>\n<meta property=\"article:publisher\" content=\"https:\/\/www.facebook.com\/caraudioworld.eu\" \/>\n<meta property=\"og:image\" content=\"https:\/\/caraudioworld.eu\/wp-content\/uploads\/2019\/11\/11-53.jpg\" \/>\n\t<meta property=\"og:image:width\" content=\"1000\" \/>\n\t<meta property=\"og:image:height\" content=\"700\" \/>\n\t<meta property=\"og:image:type\" content=\"image\/jpeg\" \/>\n<meta name=\"twitter:card\" content=\"summary_large_image\" \/>\n<script type=\"application\/ld+json\" class=\"yoast-schema-graph\">{\"@context\":\"https:\\\/\\\/schema.org\",\"@graph\":[{\"@type\":\"WebPage\",\"@id\":\"https:\\\/\\\/caraudioworld.eu\\\/cs\\\/produkt\\\/goldkabel-edition-ovation-cinch\\\/\",\"url\":\"https:\\\/\\\/caraudioworld.eu\\\/cs\\\/produkt\\\/goldkabel-edition-ovation-cinch\\\/\",\"name\":\"Goldkabel executive CINCH MKII - CARAUDIOWORLD\",\"isPartOf\":{\"@id\":\"https:\\\/\\\/caraudioworld.eu\\\/cs\\\/#website\"},\"primaryImageOfPage\":{\"@id\":\"https:\\\/\\\/caraudioworld.eu\\\/cs\\\/produkt\\\/goldkabel-edition-ovation-cinch\\\/#primaryimage\"},\"image\":{\"@id\":\"https:\\\/\\\/caraudioworld.eu\\\/cs\\\/produkt\\\/goldkabel-edition-ovation-cinch\\\/#primaryimage\"},\"thumbnailUrl\":\"https:\\\/\\\/caraudioworld.eu\\\/wp-content\\\/uploads\\\/2019\\\/11\\\/11-53.jpg\",\"datePublished\":\"2019-11-23T18:56:13+00:00\",\"description\":\"\u0160pi\u010dkov\u00fd RCA kabel 2-n\u00e1sobn\u00e1 koaxi\u00e1ln\u00ed konstrukce Vysoce \u010dist\u00fd vnit\u0159n\u00ed vodi\u010d vyroben z m\u011bdi PC-OCC od spole\u010dnosti FURUKAWA 3x st\u00edn\u011bn\u00ed kabel\u016f vyroben\u00e9 z velmi hust\u00e9ho m\u011bd\u011bn\u00e9ho opleten\u00ed, hlin\u00edkov\u00e9 f\u00f3lie a pln\u011b vodiv\u00e9ho PVC masivn\u00ed, rhodiem pota\u017een\u00e9 konektory RCA v uhl\u00edkov\u00e9m vzhledu vysoce kvalitn\u00ed pleten\u00fd potah v karbonov\u00e9m vzhledu ru\u010dn\u011b vyr\u00e1b\u011bn\u00e9 v N\u011bmecku Za ka\u017ed\u00fd dal\u0161\u00ed 0,50 stereo metr se \u00fa\u010dtuje p\u0159\u00edplatek 50 \u20ac\",\"breadcrumb\":{\"@id\":\"https:\\\/\\\/caraudioworld.eu\\\/cs\\\/produkt\\\/goldkabel-edition-ovation-cinch\\\/#breadcrumb\"},\"inLanguage\":\"cs\",\"potentialAction\":[{\"@type\":\"ReadAction\",\"target\":[\"https:\\\/\\\/caraudioworld.eu\\\/cs\\\/produkt\\\/goldkabel-edition-ovation-cinch\\\/\"]}]},{\"@type\":\"ImageObject\",\"inLanguage\":\"cs\",\"@id\":\"https:\\\/\\\/caraudioworld.eu\\\/cs\\\/produkt\\\/goldkabel-edition-ovation-cinch\\\/#primaryimage\",\"url\":\"https:\\\/\\\/caraudioworld.eu\\\/wp-content\\\/uploads\\\/2019\\\/11\\\/11-53.jpg\",\"contentUrl\":\"https:\\\/\\\/caraudioworld.eu\\\/wp-content\\\/uploads\\\/2019\\\/11\\\/11-53.jpg\",\"width\":1000,\"height\":700},{\"@type\":\"BreadcrumbList\",\"@id\":\"https:\\\/\\\/caraudioworld.eu\\\/cs\\\/produkt\\\/goldkabel-edition-ovation-cinch\\\/#breadcrumb\",\"itemListElement\":[{\"@type\":\"ListItem\",\"position\":1,\"name\":\"Home\",\"item\":\"https:\\\/\\\/caraudioworld.eu\\\/cs\\\/\"},{\"@type\":\"ListItem\",\"position\":2,\"name\":\"Obchod\",\"item\":\"https:\\\/\\\/caraudioworld.eu\\\/cs\\\/obchod\\\/\"},{\"@type\":\"ListItem\",\"position\":3,\"name\":\"Goldkabel executive CINCH MKII\"}]},{\"@type\":\"WebSite\",\"@id\":\"https:\\\/\\\/caraudioworld.eu\\\/cs\\\/#website\",\"url\":\"https:\\\/\\\/caraudioworld.eu\\\/cs\\\/\",\"name\":\"CARAUDIOWORLD\",\"description\":\"Audio Heaven\",\"publisher\":{\"@id\":\"https:\\\/\\\/caraudioworld.eu\\\/cs\\\/#organization\"},\"potentialAction\":[{\"@type\":\"SearchAction\",\"target\":{\"@type\":\"EntryPoint\",\"urlTemplate\":\"https:\\\/\\\/caraudioworld.eu\\\/cs\\\/?s={search_term_string}\"},\"query-input\":{\"@type\":\"PropertyValueSpecification\",\"valueRequired\":true,\"valueName\":\"search_term_string\"}}],\"inLanguage\":\"cs\"},{\"@type\":\"Organization\",\"@id\":\"https:\\\/\\\/caraudioworld.eu\\\/cs\\\/#organization\",\"name\":\"CARAUDIOWORLD.eu\",\"url\":\"https:\\\/\\\/caraudioworld.eu\\\/cs\\\/\",\"logo\":{\"@type\":\"ImageObject\",\"inLanguage\":\"cs\",\"@id\":\"https:\\\/\\\/caraudioworld.eu\\\/cs\\\/#\\\/schema\\\/logo\\\/image\\\/\",\"url\":\"https:\\\/\\\/caraudioworld.eu\\\/wp-content\\\/uploads\\\/2020\\\/10\\\/CAW_rounded.png\",\"contentUrl\":\"https:\\\/\\\/caraudioworld.eu\\\/wp-content\\\/uploads\\\/2020\\\/10\\\/CAW_rounded.png\",\"width\":510,\"height\":510,\"caption\":\"CARAUDIOWORLD.eu\"},\"image\":{\"@id\":\"https:\\\/\\\/caraudioworld.eu\\\/cs\\\/#\\\/schema\\\/logo\\\/image\\\/\"},\"sameAs\":[\"https:\\\/\\\/www.facebook.com\\\/caraudioworld.eu\",\"https:\\\/\\\/www.instagram.com\\\/caraudioworld.eu\\\/\"]}]}<\/script>\n<!-- \/ Yoast SEO plugin. -->","yoast_head_json":{"title":"Goldkabel executive CINCH MKII - CARAUDIOWORLD","description":"\u0160pi\u010dkov\u00fd RCA kabel  2-n\u00e1sobn\u00e1 koaxi\u00e1ln\u00ed konstrukce  Vysoce \u010dist\u00fd vnit\u0159n\u00ed vodi\u010d vyroben z m\u011bdi PC-OCC od spole\u010dnosti FURUKAWA  3x st\u00edn\u011bn\u00ed kabel\u016f vyroben\u00e9 z velmi hust\u00e9ho m\u011bd\u011bn\u00e9ho opleten\u00ed, hlin\u00edkov\u00e9 f\u00f3lie a pln\u011b vodiv\u00e9ho PVC  masivn\u00ed, rhodiem pota\u017een\u00e9 konektory RCA v uhl\u00edkov\u00e9m vzhledu  vysoce kvalitn\u00ed pleten\u00fd potah v karbonov\u00e9m vzhledu  ru\u010dn\u011b vyr\u00e1b\u011bn\u00e9 v N\u011bmecku  Za ka\u017ed\u00fd dal\u0161\u00ed 0,50 stereo metr se \u00fa\u010dtuje p\u0159\u00edplatek 50 \u20ac","robots":{"index":"index","follow":"follow","max-snippet":"max-snippet:-1","max-image-preview":"max-image-preview:large","max-video-preview":"max-video-preview:-1"},"canonical":"https:\/\/caraudioworld.eu\/cs\/produkt\/goldkabel-edition-ovation-cinch\/","og_locale":"cs_CZ","og_type":"article","og_title":"Goldkabel executive CINCH MKII - CARAUDIOWORLD","og_description":"\u0160pi\u010dkov\u00fd RCA kabel  2-n\u00e1sobn\u00e1 koaxi\u00e1ln\u00ed konstrukce  Vysoce \u010dist\u00fd vnit\u0159n\u00ed vodi\u010d vyroben z m\u011bdi PC-OCC od spole\u010dnosti FURUKAWA  3x st\u00edn\u011bn\u00ed kabel\u016f vyroben\u00e9 z velmi hust\u00e9ho m\u011bd\u011bn\u00e9ho opleten\u00ed, hlin\u00edkov\u00e9 f\u00f3lie a pln\u011b vodiv\u00e9ho PVC  masivn\u00ed, rhodiem pota\u017een\u00e9 konektory RCA v uhl\u00edkov\u00e9m vzhledu  vysoce kvalitn\u00ed pleten\u00fd potah v karbonov\u00e9m vzhledu  ru\u010dn\u011b vyr\u00e1b\u011bn\u00e9 v N\u011bmecku  Za ka\u017ed\u00fd dal\u0161\u00ed 0,50 stereo metr se \u00fa\u010dtuje p\u0159\u00edplatek 50 \u20ac","og_url":"https:\/\/caraudioworld.eu\/cs\/produkt\/goldkabel-edition-ovation-cinch\/","og_site_name":"CARAUDIOWORLD","article_publisher":"https:\/\/www.facebook.com\/caraudioworld.eu","og_image":[{"width":1000,"height":700,"url":"https:\/\/caraudioworld.eu\/wp-content\/uploads\/2019\/11\/11-53.jpg","type":"image\/jpeg"}],"twitter_card":"summary_large_image","schema":{"@context":"https:\/\/schema.org","@graph":[{"@type":"WebPage","@id":"https:\/\/caraudioworld.eu\/cs\/produkt\/goldkabel-edition-ovation-cinch\/","url":"https:\/\/caraudioworld.eu\/cs\/produkt\/goldkabel-edition-ovation-cinch\/","name":"Goldkabel executive CINCH MKII - CARAUDIOWORLD","isPartOf":{"@id":"https:\/\/caraudioworld.eu\/cs\/#website"},"primaryImageOfPage":{"@id":"https:\/\/caraudioworld.eu\/cs\/produkt\/goldkabel-edition-ovation-cinch\/#primaryimage"},"image":{"@id":"https:\/\/caraudioworld.eu\/cs\/produkt\/goldkabel-edition-ovation-cinch\/#primaryimage"},"thumbnailUrl":"https:\/\/caraudioworld.eu\/wp-content\/uploads\/2019\/11\/11-53.jpg","datePublished":"2019-11-23T18:56:13+00:00","description":"\u0160pi\u010dkov\u00fd RCA kabel 2-n\u00e1sobn\u00e1 koaxi\u00e1ln\u00ed konstrukce Vysoce \u010dist\u00fd vnit\u0159n\u00ed vodi\u010d vyroben z m\u011bdi PC-OCC od spole\u010dnosti FURUKAWA 3x st\u00edn\u011bn\u00ed kabel\u016f vyroben\u00e9 z velmi hust\u00e9ho m\u011bd\u011bn\u00e9ho opleten\u00ed, hlin\u00edkov\u00e9 f\u00f3lie a pln\u011b vodiv\u00e9ho PVC masivn\u00ed, rhodiem pota\u017een\u00e9 konektory RCA v uhl\u00edkov\u00e9m vzhledu vysoce kvalitn\u00ed pleten\u00fd potah v karbonov\u00e9m vzhledu ru\u010dn\u011b vyr\u00e1b\u011bn\u00e9 v N\u011bmecku Za ka\u017ed\u00fd dal\u0161\u00ed 0,50 stereo metr se \u00fa\u010dtuje p\u0159\u00edplatek 50 \u20ac","breadcrumb":{"@id":"https:\/\/caraudioworld.eu\/cs\/produkt\/goldkabel-edition-ovation-cinch\/#breadcrumb"},"inLanguage":"cs","potentialAction":[{"@type":"ReadAction","target":["https:\/\/caraudioworld.eu\/cs\/produkt\/goldkabel-edition-ovation-cinch\/"]}]},{"@type":"ImageObject","inLanguage":"cs","@id":"https:\/\/caraudioworld.eu\/cs\/produkt\/goldkabel-edition-ovation-cinch\/#primaryimage","url":"https:\/\/caraudioworld.eu\/wp-content\/uploads\/2019\/11\/11-53.jpg","contentUrl":"https:\/\/caraudioworld.eu\/wp-content\/uploads\/2019\/11\/11-53.jpg","width":1000,"height":700},{"@type":"BreadcrumbList","@id":"https:\/\/caraudioworld.eu\/cs\/produkt\/goldkabel-edition-ovation-cinch\/#breadcrumb","itemListElement":[{"@type":"ListItem","position":1,"name":"Home","item":"https:\/\/caraudioworld.eu\/cs\/"},{"@type":"ListItem","position":2,"name":"Obchod","item":"https:\/\/caraudioworld.eu\/cs\/obchod\/"},{"@type":"ListItem","position":3,"name":"Goldkabel executive CINCH MKII"}]},{"@type":"WebSite","@id":"https:\/\/caraudioworld.eu\/cs\/#website","url":"https:\/\/caraudioworld.eu\/cs\/","name":"CARAUDIOWORLD","description":"Audio Heaven","publisher":{"@id":"https:\/\/caraudioworld.eu\/cs\/#organization"},"potentialAction":[{"@type":"SearchAction","target":{"@type":"EntryPoint","urlTemplate":"https:\/\/caraudioworld.eu\/cs\/?s={search_term_string}"},"query-input":{"@type":"PropertyValueSpecification","valueRequired":true,"valueName":"search_term_string"}}],"inLanguage":"cs"},{"@type":"Organization","@id":"https:\/\/caraudioworld.eu\/cs\/#organization","name":"CARAUDIOWORLD.eu","url":"https:\/\/caraudioworld.eu\/cs\/","logo":{"@type":"ImageObject","inLanguage":"cs","@id":"https:\/\/caraudioworld.eu\/cs\/#\/schema\/logo\/image\/","url":"https:\/\/caraudioworld.eu\/wp-content\/uploads\/2020\/10\/CAW_rounded.png","contentUrl":"https:\/\/caraudioworld.eu\/wp-content\/uploads\/2020\/10\/CAW_rounded.png","width":510,"height":510,"caption":"CARAUDIOWORLD.eu"},"image":{"@id":"https:\/\/caraudioworld.eu\/cs\/#\/schema\/logo\/image\/"},"sameAs":["https:\/\/www.facebook.com\/caraudioworld.eu","https:\/\/www.instagram.com\/caraudioworld.eu\/"]}]}},"_links":{"self":[{"href":"https:\/\/caraudioworld.eu\/cs\/wp-json\/wp\/v2\/product\/7904","targetHints":{"allow":["GET"]}}],"collection":[{"href":"https:\/\/caraudioworld.eu\/cs\/wp-json\/wp\/v2\/product"}],"about":[{"href":"https:\/\/caraudioworld.eu\/cs\/wp-json\/wp\/v2\/types\/product"}],"replies":[{"embeddable":true,"href":"https:\/\/caraudioworld.eu\/cs\/wp-json\/wp\/v2\/comments?post=7904"}],"wp:featuredmedia":[{"embeddable":true,"href":"https:\/\/caraudioworld.eu\/cs\/wp-json\/wp\/v2\/media\/7908"}],"wp:attachment":[{"href":"https:\/\/caraudioworld.eu\/cs\/wp-json\/wp\/v2\/media?parent=7904"}],"wp:term":[{"taxonomy":"product_brand","embeddable":true,"href":"https:\/\/caraudioworld.eu\/cs\/wp-json\/wp\/v2\/product_brand?post=7904"},{"taxonomy":"product_cat","embeddable":true,"href":"https:\/\/caraudioworld.eu\/cs\/wp-json\/wp\/v2\/product_cat?post=7904"},{"taxonomy":"product_tag","embeddable":true,"href":"https:\/\/caraudioworld.eu\/cs\/wp-json\/wp\/v2\/product_tag?post=7904"}],"curies":[{"name":"wp","href":"https:\/\/api.w.org\/{rel}","templated":true}]}}