{"id":7938,"date":"2019-11-23T21:16:20","date_gmt":"2019-11-23T20:16:20","guid":{"rendered":"https:\/\/caraudioworld.eu\/produkt\/ctk-dominator-3-0mm\/"},"modified":"2019-11-23T21:16:20","modified_gmt":"2019-11-23T20:16:20","slug":"ctk-dominator-3-0mm","status":"publish","type":"product","link":"https:\/\/caraudioworld.eu\/cs\/produkt\/ctk-dominator-3-0mm\/","title":{"rendered":"CTK Dominator 3.0mm"},"content":{"rendered":"","protected":false},"excerpt":{"rendered":"<p>Ten nejlep\u0161\u00ed tlum\u00edc\u00ed materi\u00e1l na potla\u010den\u00ed extr\u00e9mn\u00edch vibrac\u00ed a ne\u017e\u00e1douc\u00edch zvuk\u016f.<\/p>\n<p>Po\u010det (pl\u00e1t\u016f) v balen\u00ed: 9 (ks)<br \/>\nPo\u010det m\u00b2 v balen\u00ed: 3.15<br \/>\nV\u00e1ha balen\u00ed: 13.3kg<\/p>\n<p>Velikost: 50 x 70 cm (pl\u00e1t)<br \/>\nTlou\u0161\u0165ka: 3.0mm<br \/>\nV\u00e1ha: 4.1kg \/ m\u00b2<\/p>\n<p>tlou\u0161\u0165ka hlin\u00edkov\u00e9 f\u00f3lie: 200 um (mikrometr\u016f)<\/p>\n<p>potla\u010duje rezonance podkladu<br \/>\nm\u00e1 antikorozn\u00ed vlastnosti<br \/>\nzabra\u0148uje prostupu hluku<br \/>\nmateri\u00e1l je netoxick\u00fd<\/p>\n<p>provozn\u00ed teplota: -40 \u00b0 a\u017e + 150C<br \/>\ndoporu\u010den\u00e1 teplota p\u0159i aplikaci: nad + 10 \u00b0 C<\/p>\n<p>aplikujte na \u010dist\u00fd, odma\u0161t\u011bn\u00fd povrch, p\u0159itla\u010dte v\u00e1le\u010dkem<\/p>\n<p><strong>V\u00edce informac\u00ed:<\/strong>\u00a0<a style=\"color: blue;\" href=\"https:\/\/caraudioworld.eu\/wp-content\/uploads\/2019\/11\/CTK-DOMINATOR.pdf\" target=\"_blank\" rel=\"noopener noreferrer\">Download PDF<\/a><\/p>\n<p>&nbsp;<\/p>\n","protected":false},"featured_media":7934,"comment_status":"open","ping_status":"closed","template":"","meta":[],"product_brand":[],"product_cat":[419],"product_tag":[334],"class_list":{"0":"post-7938","1":"product","2":"type-product","3":"status-publish","4":"has-post-thumbnail","6":"product_cat-tlumeni","7":"product_tag-ctk-cs","9":"first","10":"outofstock","11":"taxable","12":"shipping-taxable","13":"product-type-simple"},"yoast_head":"<!-- This site is optimized with the Yoast SEO plugin v27.3 - https:\/\/yoast.com\/product\/yoast-seo-wordpress\/ -->\n<title>CTK Dominator 3.0mm - CARAUDIOWORLD<\/title>\n<meta name=\"description\" content=\"Ten nejlep\u0161\u00ed tlum\u00edc\u00ed materi\u00e1l na potla\u010den\u00ed extr\u00e9mn\u00edch vibrac\u00ed a ne\u017e\u00e1douc\u00edch zvuk\u016f.  Po\u010det (pl\u00e1t\u016f) v balen\u00ed: 9 (ks) Po\u010det m\u00b2 v balen\u00ed: 3.15 V\u00e1ha balen\u00ed: 13.3kg  Velikost: 50 x 70 cm (pl\u00e1t) Tlou\u0161\u0165ka: 3.0mm V\u00e1ha: 4.1kg \/ m\u00b2  tlou\u0161\u0165ka hlin\u00edkov\u00e9 f\u00f3lie: 200 um (mikrometr\u016f)  potla\u010duje rezonance podkladu m\u00e1 antikorozn\u00ed vlastnosti zabra\u0148uje prostupu hluku materi\u00e1l je netoxick\u00fd  provozn\u00ed teplota: -40 \u00b0 a\u017e + 150C doporu\u010den\u00e1 teplota p\u0159i aplikaci: nad + 10 \u00b0 C  aplikujte na \u010dist\u00fd, odma\u0161t\u011bn\u00fd povrch, p\u0159itla\u010dte v\u00e1le\u010dkem  V\u00edce informac\u00ed:\u00a0Download PDF  &nbsp;\" \/>\n<meta name=\"robots\" content=\"index, follow, max-snippet:-1, max-image-preview:large, max-video-preview:-1\" \/>\n<link rel=\"canonical\" href=\"https:\/\/caraudioworld.eu\/cs\/produkt\/ctk-dominator-3-0mm\/\" \/>\n<meta property=\"og:locale\" content=\"cs_CZ\" \/>\n<meta property=\"og:type\" content=\"article\" \/>\n<meta property=\"og:title\" content=\"CTK Dominator 3.0mm - CARAUDIOWORLD\" \/>\n<meta property=\"og:description\" content=\"Ten nejlep\u0161\u00ed tlum\u00edc\u00ed materi\u00e1l na potla\u010den\u00ed extr\u00e9mn\u00edch vibrac\u00ed a ne\u017e\u00e1douc\u00edch zvuk\u016f.  Po\u010det (pl\u00e1t\u016f) v balen\u00ed: 9 (ks) Po\u010det m\u00b2 v balen\u00ed: 3.15 V\u00e1ha balen\u00ed: 13.3kg  Velikost: 50 x 70 cm (pl\u00e1t) Tlou\u0161\u0165ka: 3.0mm V\u00e1ha: 4.1kg \/ m\u00b2  tlou\u0161\u0165ka hlin\u00edkov\u00e9 f\u00f3lie: 200 um (mikrometr\u016f)  potla\u010duje rezonance podkladu m\u00e1 antikorozn\u00ed vlastnosti zabra\u0148uje prostupu hluku materi\u00e1l je netoxick\u00fd  provozn\u00ed teplota: -40 \u00b0 a\u017e + 150C doporu\u010den\u00e1 teplota p\u0159i aplikaci: nad + 10 \u00b0 C  aplikujte na \u010dist\u00fd, odma\u0161t\u011bn\u00fd povrch, p\u0159itla\u010dte v\u00e1le\u010dkem  V\u00edce informac\u00ed:\u00a0Download PDF  &nbsp;\" \/>\n<meta property=\"og:url\" content=\"https:\/\/caraudioworld.eu\/cs\/produkt\/ctk-dominator-3-0mm\/\" \/>\n<meta property=\"og:site_name\" content=\"CARAUDIOWORLD\" \/>\n<meta property=\"article:publisher\" content=\"https:\/\/www.facebook.com\/caraudioworld.eu\" \/>\n<meta property=\"og:image\" content=\"https:\/\/caraudioworld.eu\/wp-content\/uploads\/2019\/11\/11-56.jpg\" \/>\n\t<meta property=\"og:image:width\" content=\"1000\" \/>\n\t<meta property=\"og:image:height\" content=\"700\" \/>\n\t<meta property=\"og:image:type\" content=\"image\/jpeg\" \/>\n<meta name=\"twitter:card\" content=\"summary_large_image\" \/>\n<script type=\"application\/ld+json\" class=\"yoast-schema-graph\">{\"@context\":\"https:\\\/\\\/schema.org\",\"@graph\":[{\"@type\":\"WebPage\",\"@id\":\"https:\\\/\\\/caraudioworld.eu\\\/cs\\\/produkt\\\/ctk-dominator-3-0mm\\\/\",\"url\":\"https:\\\/\\\/caraudioworld.eu\\\/cs\\\/produkt\\\/ctk-dominator-3-0mm\\\/\",\"name\":\"CTK Dominator 3.0mm - CARAUDIOWORLD\",\"isPartOf\":{\"@id\":\"https:\\\/\\\/caraudioworld.eu\\\/cs\\\/#website\"},\"primaryImageOfPage\":{\"@id\":\"https:\\\/\\\/caraudioworld.eu\\\/cs\\\/produkt\\\/ctk-dominator-3-0mm\\\/#primaryimage\"},\"image\":{\"@id\":\"https:\\\/\\\/caraudioworld.eu\\\/cs\\\/produkt\\\/ctk-dominator-3-0mm\\\/#primaryimage\"},\"thumbnailUrl\":\"https:\\\/\\\/caraudioworld.eu\\\/wp-content\\\/uploads\\\/2019\\\/11\\\/11-56.jpg\",\"datePublished\":\"2019-11-23T20:16:20+00:00\",\"description\":\"Ten nejlep\u0161\u00ed tlum\u00edc\u00ed materi\u00e1l na potla\u010den\u00ed extr\u00e9mn\u00edch vibrac\u00ed a ne\u017e\u00e1douc\u00edch zvuk\u016f. Po\u010det (pl\u00e1t\u016f) v balen\u00ed: 9 (ks) Po\u010det m\u00b2 v balen\u00ed: 3.15 V\u00e1ha balen\u00ed: 13.3kg Velikost: 50 x 70 cm (pl\u00e1t) Tlou\u0161\u0165ka: 3.0mm V\u00e1ha: 4.1kg \\\/ m\u00b2 tlou\u0161\u0165ka hlin\u00edkov\u00e9 f\u00f3lie: 200 um (mikrometr\u016f) potla\u010duje rezonance podkladu m\u00e1 antikorozn\u00ed vlastnosti zabra\u0148uje prostupu hluku materi\u00e1l je netoxick\u00fd provozn\u00ed teplota: -40 \u00b0 a\u017e + 150C doporu\u010den\u00e1 teplota p\u0159i aplikaci: nad + 10 \u00b0 C aplikujte na \u010dist\u00fd, odma\u0161t\u011bn\u00fd povrch, p\u0159itla\u010dte v\u00e1le\u010dkem V\u00edce informac\u00ed:\u00a0Download PDF &nbsp;\",\"breadcrumb\":{\"@id\":\"https:\\\/\\\/caraudioworld.eu\\\/cs\\\/produkt\\\/ctk-dominator-3-0mm\\\/#breadcrumb\"},\"inLanguage\":\"cs\",\"potentialAction\":[{\"@type\":\"ReadAction\",\"target\":[\"https:\\\/\\\/caraudioworld.eu\\\/cs\\\/produkt\\\/ctk-dominator-3-0mm\\\/\"]}]},{\"@type\":\"ImageObject\",\"inLanguage\":\"cs\",\"@id\":\"https:\\\/\\\/caraudioworld.eu\\\/cs\\\/produkt\\\/ctk-dominator-3-0mm\\\/#primaryimage\",\"url\":\"https:\\\/\\\/caraudioworld.eu\\\/wp-content\\\/uploads\\\/2019\\\/11\\\/11-56.jpg\",\"contentUrl\":\"https:\\\/\\\/caraudioworld.eu\\\/wp-content\\\/uploads\\\/2019\\\/11\\\/11-56.jpg\",\"width\":1000,\"height\":700},{\"@type\":\"BreadcrumbList\",\"@id\":\"https:\\\/\\\/caraudioworld.eu\\\/cs\\\/produkt\\\/ctk-dominator-3-0mm\\\/#breadcrumb\",\"itemListElement\":[{\"@type\":\"ListItem\",\"position\":1,\"name\":\"Home\",\"item\":\"https:\\\/\\\/caraudioworld.eu\\\/cs\\\/\"},{\"@type\":\"ListItem\",\"position\":2,\"name\":\"Obchod\",\"item\":\"https:\\\/\\\/caraudioworld.eu\\\/cs\\\/obchod\\\/\"},{\"@type\":\"ListItem\",\"position\":3,\"name\":\"CTK Dominator 3.0mm\"}]},{\"@type\":\"WebSite\",\"@id\":\"https:\\\/\\\/caraudioworld.eu\\\/cs\\\/#website\",\"url\":\"https:\\\/\\\/caraudioworld.eu\\\/cs\\\/\",\"name\":\"CARAUDIOWORLD\",\"description\":\"Audio Heaven\",\"publisher\":{\"@id\":\"https:\\\/\\\/caraudioworld.eu\\\/cs\\\/#organization\"},\"potentialAction\":[{\"@type\":\"SearchAction\",\"target\":{\"@type\":\"EntryPoint\",\"urlTemplate\":\"https:\\\/\\\/caraudioworld.eu\\\/cs\\\/?s={search_term_string}\"},\"query-input\":{\"@type\":\"PropertyValueSpecification\",\"valueRequired\":true,\"valueName\":\"search_term_string\"}}],\"inLanguage\":\"cs\"},{\"@type\":\"Organization\",\"@id\":\"https:\\\/\\\/caraudioworld.eu\\\/cs\\\/#organization\",\"name\":\"CARAUDIOWORLD.eu\",\"url\":\"https:\\\/\\\/caraudioworld.eu\\\/cs\\\/\",\"logo\":{\"@type\":\"ImageObject\",\"inLanguage\":\"cs\",\"@id\":\"https:\\\/\\\/caraudioworld.eu\\\/cs\\\/#\\\/schema\\\/logo\\\/image\\\/\",\"url\":\"https:\\\/\\\/caraudioworld.eu\\\/wp-content\\\/uploads\\\/2020\\\/10\\\/CAW_rounded.png\",\"contentUrl\":\"https:\\\/\\\/caraudioworld.eu\\\/wp-content\\\/uploads\\\/2020\\\/10\\\/CAW_rounded.png\",\"width\":510,\"height\":510,\"caption\":\"CARAUDIOWORLD.eu\"},\"image\":{\"@id\":\"https:\\\/\\\/caraudioworld.eu\\\/cs\\\/#\\\/schema\\\/logo\\\/image\\\/\"},\"sameAs\":[\"https:\\\/\\\/www.facebook.com\\\/caraudioworld.eu\",\"https:\\\/\\\/www.instagram.com\\\/caraudioworld.eu\\\/\"]}]}<\/script>\n<!-- \/ Yoast SEO plugin. -->","yoast_head_json":{"title":"CTK Dominator 3.0mm - CARAUDIOWORLD","description":"Ten nejlep\u0161\u00ed tlum\u00edc\u00ed materi\u00e1l na potla\u010den\u00ed extr\u00e9mn\u00edch vibrac\u00ed a ne\u017e\u00e1douc\u00edch zvuk\u016f.  Po\u010det (pl\u00e1t\u016f) v balen\u00ed: 9 (ks) Po\u010det m\u00b2 v balen\u00ed: 3.15 V\u00e1ha balen\u00ed: 13.3kg  Velikost: 50 x 70 cm (pl\u00e1t) Tlou\u0161\u0165ka: 3.0mm V\u00e1ha: 4.1kg \/ m\u00b2  tlou\u0161\u0165ka hlin\u00edkov\u00e9 f\u00f3lie: 200 um (mikrometr\u016f)  potla\u010duje rezonance podkladu m\u00e1 antikorozn\u00ed vlastnosti zabra\u0148uje prostupu hluku materi\u00e1l je netoxick\u00fd  provozn\u00ed teplota: -40 \u00b0 a\u017e + 150C doporu\u010den\u00e1 teplota p\u0159i aplikaci: nad + 10 \u00b0 C  aplikujte na \u010dist\u00fd, odma\u0161t\u011bn\u00fd povrch, p\u0159itla\u010dte v\u00e1le\u010dkem  V\u00edce informac\u00ed:\u00a0Download PDF  &nbsp;","robots":{"index":"index","follow":"follow","max-snippet":"max-snippet:-1","max-image-preview":"max-image-preview:large","max-video-preview":"max-video-preview:-1"},"canonical":"https:\/\/caraudioworld.eu\/cs\/produkt\/ctk-dominator-3-0mm\/","og_locale":"cs_CZ","og_type":"article","og_title":"CTK Dominator 3.0mm - CARAUDIOWORLD","og_description":"Ten nejlep\u0161\u00ed tlum\u00edc\u00ed materi\u00e1l na potla\u010den\u00ed extr\u00e9mn\u00edch vibrac\u00ed a ne\u017e\u00e1douc\u00edch zvuk\u016f.  Po\u010det (pl\u00e1t\u016f) v balen\u00ed: 9 (ks) Po\u010det m\u00b2 v balen\u00ed: 3.15 V\u00e1ha balen\u00ed: 13.3kg  Velikost: 50 x 70 cm (pl\u00e1t) Tlou\u0161\u0165ka: 3.0mm V\u00e1ha: 4.1kg \/ m\u00b2  tlou\u0161\u0165ka hlin\u00edkov\u00e9 f\u00f3lie: 200 um (mikrometr\u016f)  potla\u010duje rezonance podkladu m\u00e1 antikorozn\u00ed vlastnosti zabra\u0148uje prostupu hluku materi\u00e1l je netoxick\u00fd  provozn\u00ed teplota: -40 \u00b0 a\u017e + 150C doporu\u010den\u00e1 teplota p\u0159i aplikaci: nad + 10 \u00b0 C  aplikujte na \u010dist\u00fd, odma\u0161t\u011bn\u00fd povrch, p\u0159itla\u010dte v\u00e1le\u010dkem  V\u00edce informac\u00ed:\u00a0Download PDF  &nbsp;","og_url":"https:\/\/caraudioworld.eu\/cs\/produkt\/ctk-dominator-3-0mm\/","og_site_name":"CARAUDIOWORLD","article_publisher":"https:\/\/www.facebook.com\/caraudioworld.eu","og_image":[{"width":1000,"height":700,"url":"https:\/\/caraudioworld.eu\/wp-content\/uploads\/2019\/11\/11-56.jpg","type":"image\/jpeg"}],"twitter_card":"summary_large_image","schema":{"@context":"https:\/\/schema.org","@graph":[{"@type":"WebPage","@id":"https:\/\/caraudioworld.eu\/cs\/produkt\/ctk-dominator-3-0mm\/","url":"https:\/\/caraudioworld.eu\/cs\/produkt\/ctk-dominator-3-0mm\/","name":"CTK Dominator 3.0mm - CARAUDIOWORLD","isPartOf":{"@id":"https:\/\/caraudioworld.eu\/cs\/#website"},"primaryImageOfPage":{"@id":"https:\/\/caraudioworld.eu\/cs\/produkt\/ctk-dominator-3-0mm\/#primaryimage"},"image":{"@id":"https:\/\/caraudioworld.eu\/cs\/produkt\/ctk-dominator-3-0mm\/#primaryimage"},"thumbnailUrl":"https:\/\/caraudioworld.eu\/wp-content\/uploads\/2019\/11\/11-56.jpg","datePublished":"2019-11-23T20:16:20+00:00","description":"Ten nejlep\u0161\u00ed tlum\u00edc\u00ed materi\u00e1l na potla\u010den\u00ed extr\u00e9mn\u00edch vibrac\u00ed a ne\u017e\u00e1douc\u00edch zvuk\u016f. Po\u010det (pl\u00e1t\u016f) v balen\u00ed: 9 (ks) Po\u010det m\u00b2 v balen\u00ed: 3.15 V\u00e1ha balen\u00ed: 13.3kg Velikost: 50 x 70 cm (pl\u00e1t) Tlou\u0161\u0165ka: 3.0mm V\u00e1ha: 4.1kg \/ m\u00b2 tlou\u0161\u0165ka hlin\u00edkov\u00e9 f\u00f3lie: 200 um (mikrometr\u016f) potla\u010duje rezonance podkladu m\u00e1 antikorozn\u00ed vlastnosti zabra\u0148uje prostupu hluku materi\u00e1l je netoxick\u00fd provozn\u00ed teplota: -40 \u00b0 a\u017e + 150C doporu\u010den\u00e1 teplota p\u0159i aplikaci: nad + 10 \u00b0 C aplikujte na \u010dist\u00fd, odma\u0161t\u011bn\u00fd povrch, p\u0159itla\u010dte v\u00e1le\u010dkem V\u00edce informac\u00ed:\u00a0Download PDF &nbsp;","breadcrumb":{"@id":"https:\/\/caraudioworld.eu\/cs\/produkt\/ctk-dominator-3-0mm\/#breadcrumb"},"inLanguage":"cs","potentialAction":[{"@type":"ReadAction","target":["https:\/\/caraudioworld.eu\/cs\/produkt\/ctk-dominator-3-0mm\/"]}]},{"@type":"ImageObject","inLanguage":"cs","@id":"https:\/\/caraudioworld.eu\/cs\/produkt\/ctk-dominator-3-0mm\/#primaryimage","url":"https:\/\/caraudioworld.eu\/wp-content\/uploads\/2019\/11\/11-56.jpg","contentUrl":"https:\/\/caraudioworld.eu\/wp-content\/uploads\/2019\/11\/11-56.jpg","width":1000,"height":700},{"@type":"BreadcrumbList","@id":"https:\/\/caraudioworld.eu\/cs\/produkt\/ctk-dominator-3-0mm\/#breadcrumb","itemListElement":[{"@type":"ListItem","position":1,"name":"Home","item":"https:\/\/caraudioworld.eu\/cs\/"},{"@type":"ListItem","position":2,"name":"Obchod","item":"https:\/\/caraudioworld.eu\/cs\/obchod\/"},{"@type":"ListItem","position":3,"name":"CTK Dominator 3.0mm"}]},{"@type":"WebSite","@id":"https:\/\/caraudioworld.eu\/cs\/#website","url":"https:\/\/caraudioworld.eu\/cs\/","name":"CARAUDIOWORLD","description":"Audio Heaven","publisher":{"@id":"https:\/\/caraudioworld.eu\/cs\/#organization"},"potentialAction":[{"@type":"SearchAction","target":{"@type":"EntryPoint","urlTemplate":"https:\/\/caraudioworld.eu\/cs\/?s={search_term_string}"},"query-input":{"@type":"PropertyValueSpecification","valueRequired":true,"valueName":"search_term_string"}}],"inLanguage":"cs"},{"@type":"Organization","@id":"https:\/\/caraudioworld.eu\/cs\/#organization","name":"CARAUDIOWORLD.eu","url":"https:\/\/caraudioworld.eu\/cs\/","logo":{"@type":"ImageObject","inLanguage":"cs","@id":"https:\/\/caraudioworld.eu\/cs\/#\/schema\/logo\/image\/","url":"https:\/\/caraudioworld.eu\/wp-content\/uploads\/2020\/10\/CAW_rounded.png","contentUrl":"https:\/\/caraudioworld.eu\/wp-content\/uploads\/2020\/10\/CAW_rounded.png","width":510,"height":510,"caption":"CARAUDIOWORLD.eu"},"image":{"@id":"https:\/\/caraudioworld.eu\/cs\/#\/schema\/logo\/image\/"},"sameAs":["https:\/\/www.facebook.com\/caraudioworld.eu","https:\/\/www.instagram.com\/caraudioworld.eu\/"]}]}},"_links":{"self":[{"href":"https:\/\/caraudioworld.eu\/cs\/wp-json\/wp\/v2\/product\/7938","targetHints":{"allow":["GET"]}}],"collection":[{"href":"https:\/\/caraudioworld.eu\/cs\/wp-json\/wp\/v2\/product"}],"about":[{"href":"https:\/\/caraudioworld.eu\/cs\/wp-json\/wp\/v2\/types\/product"}],"replies":[{"embeddable":true,"href":"https:\/\/caraudioworld.eu\/cs\/wp-json\/wp\/v2\/comments?post=7938"}],"wp:featuredmedia":[{"embeddable":true,"href":"https:\/\/caraudioworld.eu\/cs\/wp-json\/wp\/v2\/media\/7934"}],"wp:attachment":[{"href":"https:\/\/caraudioworld.eu\/cs\/wp-json\/wp\/v2\/media?parent=7938"}],"wp:term":[{"taxonomy":"product_brand","embeddable":true,"href":"https:\/\/caraudioworld.eu\/cs\/wp-json\/wp\/v2\/product_brand?post=7938"},{"taxonomy":"product_cat","embeddable":true,"href":"https:\/\/caraudioworld.eu\/cs\/wp-json\/wp\/v2\/product_cat?post=7938"},{"taxonomy":"product_tag","embeddable":true,"href":"https:\/\/caraudioworld.eu\/cs\/wp-json\/wp\/v2\/product_tag?post=7938"}],"curies":[{"name":"wp","href":"https:\/\/api.w.org\/{rel}","templated":true}]}}