{"id":7947,"date":"2019-11-24T10:28:34","date_gmt":"2019-11-24T09:28:34","guid":{"rendered":"https:\/\/caraudioworld.eu\/produkt\/steg-sdsp6\/"},"modified":"2020-10-11T16:06:42","modified_gmt":"2020-10-11T14:06:42","slug":"steg-sdsp6","status":"publish","type":"product","link":"https:\/\/caraudioworld.eu\/cs\/produkt\/steg-sdsp6\/","title":{"rendered":"STEG SDSP-6"},"content":{"rendered":"","protected":false},"excerpt":{"rendered":"<p>Nov\u00fd model STEG SDSP-6 pro rok 2020 se zmen\u0161enou velikost\u00ed a zlep\u0161en\u00fdm zvukem! Skv\u011bl\u00e1 novinka od firmy Steg, kter\u00e1 v\u00e1m umo\u017en\u00ed roz\u0161\u00ed\u0159it audiosyst\u00e9m ve va\u0161em aut\u011b. Dosta\u0148te z va\u0161eho origin\u00e1ln\u00edho autor\u00e1dia maxim\u00e1ln\u011b kvalitn\u00ed zvuk a pot\u011b\u0161te za kvalitou! Steg SDSP-6 je \u0161pi\u010dkov\u00fd 6 kan\u00e1lov\u00fd zesilova\u010d obsahuj\u00edc\u00ed zabudovan\u00e9 DSP, d\u00edky kter\u00e9mu m\u016f\u017eete nastavit \u010casov\u00e9 zpo\u017ed\u011bn\u00ed, Equalizer, LPF, HPF a mnoho dal\u0161\u00edch pro ka\u017ed\u00fd reproduktor zvl\u00e1\u0161\u0165!<\/p>\n<p>High-End 6 kan\u00e1lov\u00fd zesilova\u010d s DSP<br \/>T\u0159\u00edda: D class<br \/>6 x 65 W RMS @ 4 ohm<br \/>6 x 90 W RMS @ 2 ohm<br \/>Frekven\u010dn\u00ed rozsah: 20 \u2013 22 000 Hz<br \/>Rozli\u0161en\u00ed DSP: 32 bit\u016f<br \/>DSP v\u00fdkon: 295 MHz<br \/>Rychlost vzorkov\u00e1n\u00ed: 48 kHz<br \/>P\u0159evodn\u00edky sign\u00e1l\u016f: A \/ D: BurrBrown &amp; D \/ A: BurrBrown<br \/>V\u00fdstupy: 6 reproduktor\u016f, 2 x RCA (Pro napojen\u00ed extern\u00edho zesilova\u010de)<br \/>Vstupy: 2 x RCA \/ Aux, 6 Vysoce-\u00farov\u0148ov\u00fdch vstup\u016f, Optick\u00fd SPDIF vstup<br \/>Mo\u017enost p\u0159ipojit ovlada\u010de:<\/p>\n<ol>\n<li><a style=\"color: blue;\" href=\"https:\/\/caraudioworld.eu\/cs\/produkt\/steg-drc\/\" target=\"_blank\" rel=\"noopener noreferrer\">STEG DRC<\/a><\/li>\n<li><a style=\"color: blue;\" href=\"https:\/\/caraudioworld.eu\/cs\/produkt\/steg-usb\/\" target=\"_blank\" rel=\"noopener noreferrer\">STEG USB BLUETOOTH<\/a><\/li>\n<\/ol>\n<p>Mo\u017enost jednodu\u0161e napojit do vozidel BMW a MERCEDES pomoc\u00ed <a style=\"color: blue;\" href=\"https:\/\/caraudioworld.eu\/cs\/produkt\/steg-plug-play-sdsp6\/\" target=\"_blank\" rel=\"noopener noreferrer\">PLUG &amp; PLAY<\/a>\u00a0kabel\u016f a t\u00edm p\u00e1dem zm\u011bnit ozvu\u010den\u00ed va\u0161eho auta k nepozn\u00e1n\u00ed!<\/p>\n<p>Rozm\u011bry: 249 x 210 x 57.5 mm<\/p>\n<p>PC STEG DSP SOFTWARE: Na vy\u017e\u00e1d\u00e1n\u00ed (e-mail)<\/p>\n<p>ANDROID STEG DSP SOFTWARE: Na vy\u017e\u00e1d\u00e1n\u00ed (e-mail)<\/p>\n","protected":false},"featured_media":7952,"comment_status":"open","ping_status":"closed","template":"","meta":[],"product_brand":[],"product_cat":[423,323,420,326,427],"product_tag":[339],"class_list":{"0":"post-7947","1":"product","2":"type-product","3":"status-publish","4":"has-post-thumbnail","6":"product_cat-6-kanal-cs","7":"product_cat-dsp-cs","8":"product_cat-zesilovace","9":"product_cat-zesilovace-s-dsp","10":"product_cat-zesilovace-s-dsp-cs","11":"product_tag-steg-cs","13":"first","14":"instock","15":"sale","16":"taxable","17":"shipping-taxable","18":"purchasable","19":"product-type-simple"},"yoast_head":"<!-- This site is optimized with the Yoast SEO plugin v27.3 - https:\/\/yoast.com\/product\/yoast-seo-wordpress\/ -->\n<title>STEG SDSP-6 - CARAUDIOWORLD<\/title>\n<meta name=\"description\" content=\"Nov\u00fd model STEG SDSP-6 pro rok 2020 se zmen\u0161enou velikost\u00ed a zlep\u0161en\u00fdm zvukem! Skv\u011bl\u00e1 novinka od firmy Steg, kter\u00e1 v\u00e1m umo\u017en\u00ed roz\u0161\u00ed\u0159it audiosyst\u00e9m ve va\u0161em aut\u011b. Dosta\u0148te z va\u0161eho origin\u00e1ln\u00edho autor\u00e1dia maxim\u00e1ln\u011b kvalitn\u00ed zvuk a pot\u011b\u0161te za kvalitou! Steg SDSP-6 je \u0161pi\u010dkov\u00fd 6 kan\u00e1lov\u00fd zesilova\u010d obsahuj\u00edc\u00ed zabudovan\u00e9 DSP, d\u00edky kter\u00e9mu m\u016f\u017eete nastavit \u010casov\u00e9 zpo\u017ed\u011bn\u00ed, Equalizer, LPF, HPF a mnoho dal\u0161\u00edch pro ka\u017ed\u00fd reproduktor zvl\u00e1\u0161\u0165! High-End 6 kan\u00e1lov\u00fd zesilova\u010d s DSPT\u0159\u00edda: D class6 x 65 W RMS @ 4 ohm6 x 90 W RMS @ 2 ohmFrekven\u010dn\u00ed rozsah: 20 \u2013 22 000 HzRozli\u0161en\u00ed DSP: 32 bit\u016fDSP v\u00fdkon: 295 MHzRychlost vzorkov\u00e1n\u00ed: 48 kHzP\u0159evodn\u00edky sign\u00e1l\u016f: A \/ D: BurrBrown &amp; D \/ A: BurrBrownV\u00fdstupy: 6 reproduktor\u016f, 2 x RCA (Pro napojen\u00ed extern\u00edho zesilova\u010de)Vstupy: 2 x RCA \/ Aux, 6 Vysoce-\u00farov\u0148ov\u00fdch vstup\u016f, Optick\u00fd SPDIF vstupMo\u017enost p\u0159ipojit ovlada\u010de:  STEG DRC STEG USB BLUETOOTH  Mo\u017enost jednodu\u0161e napojit do vozidel BMW a MERCEDES pomoc\u00ed PLUG &amp; PLAY\u00a0kabel\u016f a t\u00edm p\u00e1dem zm\u011bnit ozvu\u010den\u00ed va\u0161eho auta k nepozn\u00e1n\u00ed! Rozm\u011bry: 249 x 210 x 57.5 mm PC STEG DSP SOFTWARE: Na vy\u017e\u00e1d\u00e1n\u00ed (e-mail) ANDROID STEG DSP SOFTWARE: Na vy\u017e\u00e1d\u00e1n\u00ed (e-mail)\" \/>\n<meta name=\"robots\" content=\"index, follow, max-snippet:-1, max-image-preview:large, max-video-preview:-1\" \/>\n<link rel=\"canonical\" href=\"https:\/\/caraudioworld.eu\/cs\/produkt\/steg-sdsp6\/\" \/>\n<meta property=\"og:locale\" content=\"cs_CZ\" \/>\n<meta property=\"og:type\" content=\"article\" \/>\n<meta property=\"og:title\" content=\"STEG SDSP-6 - CARAUDIOWORLD\" \/>\n<meta property=\"og:description\" content=\"Nov\u00fd model STEG SDSP-6 pro rok 2020 se zmen\u0161enou velikost\u00ed a zlep\u0161en\u00fdm zvukem! Skv\u011bl\u00e1 novinka od firmy Steg, kter\u00e1 v\u00e1m umo\u017en\u00ed roz\u0161\u00ed\u0159it audiosyst\u00e9m ve va\u0161em aut\u011b. Dosta\u0148te z va\u0161eho origin\u00e1ln\u00edho autor\u00e1dia maxim\u00e1ln\u011b kvalitn\u00ed zvuk a pot\u011b\u0161te za kvalitou! Steg SDSP-6 je \u0161pi\u010dkov\u00fd 6 kan\u00e1lov\u00fd zesilova\u010d obsahuj\u00edc\u00ed zabudovan\u00e9 DSP, d\u00edky kter\u00e9mu m\u016f\u017eete nastavit \u010casov\u00e9 zpo\u017ed\u011bn\u00ed, Equalizer, LPF, HPF a mnoho dal\u0161\u00edch pro ka\u017ed\u00fd reproduktor zvl\u00e1\u0161\u0165! High-End 6 kan\u00e1lov\u00fd zesilova\u010d s DSPT\u0159\u00edda: D class6 x 65 W RMS @ 4 ohm6 x 90 W RMS @ 2 ohmFrekven\u010dn\u00ed rozsah: 20 \u2013 22 000 HzRozli\u0161en\u00ed DSP: 32 bit\u016fDSP v\u00fdkon: 295 MHzRychlost vzorkov\u00e1n\u00ed: 48 kHzP\u0159evodn\u00edky sign\u00e1l\u016f: A \/ D: BurrBrown &amp; D \/ A: BurrBrownV\u00fdstupy: 6 reproduktor\u016f, 2 x RCA (Pro napojen\u00ed extern\u00edho zesilova\u010de)Vstupy: 2 x RCA \/ Aux, 6 Vysoce-\u00farov\u0148ov\u00fdch vstup\u016f, Optick\u00fd SPDIF vstupMo\u017enost p\u0159ipojit ovlada\u010de:  STEG DRC STEG USB BLUETOOTH  Mo\u017enost jednodu\u0161e napojit do vozidel BMW a MERCEDES pomoc\u00ed PLUG &amp; PLAY\u00a0kabel\u016f a t\u00edm p\u00e1dem zm\u011bnit ozvu\u010den\u00ed va\u0161eho auta k nepozn\u00e1n\u00ed! Rozm\u011bry: 249 x 210 x 57.5 mm PC STEG DSP SOFTWARE: Na vy\u017e\u00e1d\u00e1n\u00ed (e-mail) ANDROID STEG DSP SOFTWARE: Na vy\u017e\u00e1d\u00e1n\u00ed (e-mail)\" \/>\n<meta property=\"og:url\" content=\"https:\/\/caraudioworld.eu\/cs\/produkt\/steg-sdsp6\/\" \/>\n<meta property=\"og:site_name\" content=\"CARAUDIOWORLD\" \/>\n<meta property=\"article:publisher\" content=\"https:\/\/www.facebook.com\/caraudioworld.eu\" \/>\n<meta property=\"article:modified_time\" content=\"2020-10-11T14:06:42+00:00\" \/>\n<meta property=\"og:image\" content=\"https:\/\/caraudioworld.eu\/wp-content\/uploads\/2019\/11\/111-3.jpg\" \/>\n\t<meta property=\"og:image:width\" content=\"1000\" \/>\n\t<meta property=\"og:image:height\" content=\"700\" \/>\n\t<meta property=\"og:image:type\" content=\"image\/jpeg\" \/>\n<meta name=\"twitter:card\" content=\"summary_large_image\" \/>\n<script type=\"application\/ld+json\" class=\"yoast-schema-graph\">{\"@context\":\"https:\\\/\\\/schema.org\",\"@graph\":[{\"@type\":\"WebPage\",\"@id\":\"https:\\\/\\\/caraudioworld.eu\\\/cs\\\/produkt\\\/steg-sdsp6\\\/\",\"url\":\"https:\\\/\\\/caraudioworld.eu\\\/cs\\\/produkt\\\/steg-sdsp6\\\/\",\"name\":\"STEG SDSP-6 - CARAUDIOWORLD\",\"isPartOf\":{\"@id\":\"https:\\\/\\\/caraudioworld.eu\\\/cs\\\/#website\"},\"primaryImageOfPage\":{\"@id\":\"https:\\\/\\\/caraudioworld.eu\\\/cs\\\/produkt\\\/steg-sdsp6\\\/#primaryimage\"},\"image\":{\"@id\":\"https:\\\/\\\/caraudioworld.eu\\\/cs\\\/produkt\\\/steg-sdsp6\\\/#primaryimage\"},\"thumbnailUrl\":\"https:\\\/\\\/caraudioworld.eu\\\/wp-content\\\/uploads\\\/2019\\\/11\\\/111-3.jpg\",\"datePublished\":\"2019-11-24T09:28:34+00:00\",\"dateModified\":\"2020-10-11T14:06:42+00:00\",\"description\":\"Nov\u00fd model STEG SDSP-6 pro rok 2020 se zmen\u0161enou velikost\u00ed a zlep\u0161en\u00fdm zvukem! Skv\u011bl\u00e1 novinka od firmy Steg, kter\u00e1 v\u00e1m umo\u017en\u00ed roz\u0161\u00ed\u0159it audiosyst\u00e9m ve va\u0161em aut\u011b. Dosta\u0148te z va\u0161eho origin\u00e1ln\u00edho autor\u00e1dia maxim\u00e1ln\u011b kvalitn\u00ed zvuk a pot\u011b\u0161te za kvalitou! Steg SDSP-6 je \u0161pi\u010dkov\u00fd 6 kan\u00e1lov\u00fd zesilova\u010d obsahuj\u00edc\u00ed zabudovan\u00e9 DSP, d\u00edky kter\u00e9mu m\u016f\u017eete nastavit \u010casov\u00e9 zpo\u017ed\u011bn\u00ed, Equalizer, LPF, HPF a mnoho dal\u0161\u00edch pro ka\u017ed\u00fd reproduktor zvl\u00e1\u0161\u0165! High-End 6 kan\u00e1lov\u00fd zesilova\u010d s DSPT\u0159\u00edda: D class6 x 65 W RMS @ 4 ohm6 x 90 W RMS @ 2 ohmFrekven\u010dn\u00ed rozsah: 20 \u2013 22 000 HzRozli\u0161en\u00ed DSP: 32 bit\u016fDSP v\u00fdkon: 295 MHzRychlost vzorkov\u00e1n\u00ed: 48 kHzP\u0159evodn\u00edky sign\u00e1l\u016f: A \\\/ D: BurrBrown &amp; D \\\/ A: BurrBrownV\u00fdstupy: 6 reproduktor\u016f, 2 x RCA (Pro napojen\u00ed extern\u00edho zesilova\u010de)Vstupy: 2 x RCA \\\/ Aux, 6 Vysoce-\u00farov\u0148ov\u00fdch vstup\u016f, Optick\u00fd SPDIF vstupMo\u017enost p\u0159ipojit ovlada\u010de: STEG DRC STEG USB BLUETOOTH Mo\u017enost jednodu\u0161e napojit do vozidel BMW a MERCEDES pomoc\u00ed PLUG &amp; PLAY\u00a0kabel\u016f a t\u00edm p\u00e1dem zm\u011bnit ozvu\u010den\u00ed va\u0161eho auta k nepozn\u00e1n\u00ed! Rozm\u011bry: 249 x 210 x 57.5 mm PC STEG DSP SOFTWARE: Na vy\u017e\u00e1d\u00e1n\u00ed (e-mail) ANDROID STEG DSP SOFTWARE: Na vy\u017e\u00e1d\u00e1n\u00ed (e-mail)\",\"breadcrumb\":{\"@id\":\"https:\\\/\\\/caraudioworld.eu\\\/cs\\\/produkt\\\/steg-sdsp6\\\/#breadcrumb\"},\"inLanguage\":\"cs\",\"potentialAction\":[{\"@type\":\"ReadAction\",\"target\":[\"https:\\\/\\\/caraudioworld.eu\\\/cs\\\/produkt\\\/steg-sdsp6\\\/\"]}]},{\"@type\":\"ImageObject\",\"inLanguage\":\"cs\",\"@id\":\"https:\\\/\\\/caraudioworld.eu\\\/cs\\\/produkt\\\/steg-sdsp6\\\/#primaryimage\",\"url\":\"https:\\\/\\\/caraudioworld.eu\\\/wp-content\\\/uploads\\\/2019\\\/11\\\/111-3.jpg\",\"contentUrl\":\"https:\\\/\\\/caraudioworld.eu\\\/wp-content\\\/uploads\\\/2019\\\/11\\\/111-3.jpg\",\"width\":1000,\"height\":700,\"caption\":\"steg sdsp 6\"},{\"@type\":\"BreadcrumbList\",\"@id\":\"https:\\\/\\\/caraudioworld.eu\\\/cs\\\/produkt\\\/steg-sdsp6\\\/#breadcrumb\",\"itemListElement\":[{\"@type\":\"ListItem\",\"position\":1,\"name\":\"Home\",\"item\":\"https:\\\/\\\/caraudioworld.eu\\\/cs\\\/\"},{\"@type\":\"ListItem\",\"position\":2,\"name\":\"Obchod\",\"item\":\"https:\\\/\\\/caraudioworld.eu\\\/cs\\\/obchod\\\/\"},{\"@type\":\"ListItem\",\"position\":3,\"name\":\"STEG SDSP-6\"}]},{\"@type\":\"WebSite\",\"@id\":\"https:\\\/\\\/caraudioworld.eu\\\/cs\\\/#website\",\"url\":\"https:\\\/\\\/caraudioworld.eu\\\/cs\\\/\",\"name\":\"CARAUDIOWORLD\",\"description\":\"Audio Heaven\",\"publisher\":{\"@id\":\"https:\\\/\\\/caraudioworld.eu\\\/cs\\\/#organization\"},\"potentialAction\":[{\"@type\":\"SearchAction\",\"target\":{\"@type\":\"EntryPoint\",\"urlTemplate\":\"https:\\\/\\\/caraudioworld.eu\\\/cs\\\/?s={search_term_string}\"},\"query-input\":{\"@type\":\"PropertyValueSpecification\",\"valueRequired\":true,\"valueName\":\"search_term_string\"}}],\"inLanguage\":\"cs\"},{\"@type\":\"Organization\",\"@id\":\"https:\\\/\\\/caraudioworld.eu\\\/cs\\\/#organization\",\"name\":\"CARAUDIOWORLD.eu\",\"url\":\"https:\\\/\\\/caraudioworld.eu\\\/cs\\\/\",\"logo\":{\"@type\":\"ImageObject\",\"inLanguage\":\"cs\",\"@id\":\"https:\\\/\\\/caraudioworld.eu\\\/cs\\\/#\\\/schema\\\/logo\\\/image\\\/\",\"url\":\"https:\\\/\\\/caraudioworld.eu\\\/wp-content\\\/uploads\\\/2020\\\/10\\\/CAW_rounded.png\",\"contentUrl\":\"https:\\\/\\\/caraudioworld.eu\\\/wp-content\\\/uploads\\\/2020\\\/10\\\/CAW_rounded.png\",\"width\":510,\"height\":510,\"caption\":\"CARAUDIOWORLD.eu\"},\"image\":{\"@id\":\"https:\\\/\\\/caraudioworld.eu\\\/cs\\\/#\\\/schema\\\/logo\\\/image\\\/\"},\"sameAs\":[\"https:\\\/\\\/www.facebook.com\\\/caraudioworld.eu\",\"https:\\\/\\\/www.instagram.com\\\/caraudioworld.eu\\\/\"]}]}<\/script>\n<!-- \/ Yoast SEO plugin. -->","yoast_head_json":{"title":"STEG SDSP-6 - CARAUDIOWORLD","description":"Nov\u00fd model STEG SDSP-6 pro rok 2020 se zmen\u0161enou velikost\u00ed a zlep\u0161en\u00fdm zvukem! Skv\u011bl\u00e1 novinka od firmy Steg, kter\u00e1 v\u00e1m umo\u017en\u00ed roz\u0161\u00ed\u0159it audiosyst\u00e9m ve va\u0161em aut\u011b. Dosta\u0148te z va\u0161eho origin\u00e1ln\u00edho autor\u00e1dia maxim\u00e1ln\u011b kvalitn\u00ed zvuk a pot\u011b\u0161te za kvalitou! Steg SDSP-6 je \u0161pi\u010dkov\u00fd 6 kan\u00e1lov\u00fd zesilova\u010d obsahuj\u00edc\u00ed zabudovan\u00e9 DSP, d\u00edky kter\u00e9mu m\u016f\u017eete nastavit \u010casov\u00e9 zpo\u017ed\u011bn\u00ed, Equalizer, LPF, HPF a mnoho dal\u0161\u00edch pro ka\u017ed\u00fd reproduktor zvl\u00e1\u0161\u0165! High-End 6 kan\u00e1lov\u00fd zesilova\u010d s DSPT\u0159\u00edda: D class6 x 65 W RMS @ 4 ohm6 x 90 W RMS @ 2 ohmFrekven\u010dn\u00ed rozsah: 20 \u2013 22 000 HzRozli\u0161en\u00ed DSP: 32 bit\u016fDSP v\u00fdkon: 295 MHzRychlost vzorkov\u00e1n\u00ed: 48 kHzP\u0159evodn\u00edky sign\u00e1l\u016f: A \/ D: BurrBrown &amp; D \/ A: BurrBrownV\u00fdstupy: 6 reproduktor\u016f, 2 x RCA (Pro napojen\u00ed extern\u00edho zesilova\u010de)Vstupy: 2 x RCA \/ Aux, 6 Vysoce-\u00farov\u0148ov\u00fdch vstup\u016f, Optick\u00fd SPDIF vstupMo\u017enost p\u0159ipojit ovlada\u010de:  STEG DRC STEG USB BLUETOOTH  Mo\u017enost jednodu\u0161e napojit do vozidel BMW a MERCEDES pomoc\u00ed PLUG &amp; PLAY\u00a0kabel\u016f a t\u00edm p\u00e1dem zm\u011bnit ozvu\u010den\u00ed va\u0161eho auta k nepozn\u00e1n\u00ed! Rozm\u011bry: 249 x 210 x 57.5 mm PC STEG DSP SOFTWARE: Na vy\u017e\u00e1d\u00e1n\u00ed (e-mail) ANDROID STEG DSP SOFTWARE: Na vy\u017e\u00e1d\u00e1n\u00ed (e-mail)","robots":{"index":"index","follow":"follow","max-snippet":"max-snippet:-1","max-image-preview":"max-image-preview:large","max-video-preview":"max-video-preview:-1"},"canonical":"https:\/\/caraudioworld.eu\/cs\/produkt\/steg-sdsp6\/","og_locale":"cs_CZ","og_type":"article","og_title":"STEG SDSP-6 - CARAUDIOWORLD","og_description":"Nov\u00fd model STEG SDSP-6 pro rok 2020 se zmen\u0161enou velikost\u00ed a zlep\u0161en\u00fdm zvukem! Skv\u011bl\u00e1 novinka od firmy Steg, kter\u00e1 v\u00e1m umo\u017en\u00ed roz\u0161\u00ed\u0159it audiosyst\u00e9m ve va\u0161em aut\u011b. Dosta\u0148te z va\u0161eho origin\u00e1ln\u00edho autor\u00e1dia maxim\u00e1ln\u011b kvalitn\u00ed zvuk a pot\u011b\u0161te za kvalitou! Steg SDSP-6 je \u0161pi\u010dkov\u00fd 6 kan\u00e1lov\u00fd zesilova\u010d obsahuj\u00edc\u00ed zabudovan\u00e9 DSP, d\u00edky kter\u00e9mu m\u016f\u017eete nastavit \u010casov\u00e9 zpo\u017ed\u011bn\u00ed, Equalizer, LPF, HPF a mnoho dal\u0161\u00edch pro ka\u017ed\u00fd reproduktor zvl\u00e1\u0161\u0165! High-End 6 kan\u00e1lov\u00fd zesilova\u010d s DSPT\u0159\u00edda: D class6 x 65 W RMS @ 4 ohm6 x 90 W RMS @ 2 ohmFrekven\u010dn\u00ed rozsah: 20 \u2013 22 000 HzRozli\u0161en\u00ed DSP: 32 bit\u016fDSP v\u00fdkon: 295 MHzRychlost vzorkov\u00e1n\u00ed: 48 kHzP\u0159evodn\u00edky sign\u00e1l\u016f: A \/ D: BurrBrown &amp; D \/ A: BurrBrownV\u00fdstupy: 6 reproduktor\u016f, 2 x RCA (Pro napojen\u00ed extern\u00edho zesilova\u010de)Vstupy: 2 x RCA \/ Aux, 6 Vysoce-\u00farov\u0148ov\u00fdch vstup\u016f, Optick\u00fd SPDIF vstupMo\u017enost p\u0159ipojit ovlada\u010de:  STEG DRC STEG USB BLUETOOTH  Mo\u017enost jednodu\u0161e napojit do vozidel BMW a MERCEDES pomoc\u00ed PLUG &amp; PLAY\u00a0kabel\u016f a t\u00edm p\u00e1dem zm\u011bnit ozvu\u010den\u00ed va\u0161eho auta k nepozn\u00e1n\u00ed! Rozm\u011bry: 249 x 210 x 57.5 mm PC STEG DSP SOFTWARE: Na vy\u017e\u00e1d\u00e1n\u00ed (e-mail) ANDROID STEG DSP SOFTWARE: Na vy\u017e\u00e1d\u00e1n\u00ed (e-mail)","og_url":"https:\/\/caraudioworld.eu\/cs\/produkt\/steg-sdsp6\/","og_site_name":"CARAUDIOWORLD","article_publisher":"https:\/\/www.facebook.com\/caraudioworld.eu","article_modified_time":"2020-10-11T14:06:42+00:00","og_image":[{"width":1000,"height":700,"url":"https:\/\/caraudioworld.eu\/wp-content\/uploads\/2019\/11\/111-3.jpg","type":"image\/jpeg"}],"twitter_card":"summary_large_image","schema":{"@context":"https:\/\/schema.org","@graph":[{"@type":"WebPage","@id":"https:\/\/caraudioworld.eu\/cs\/produkt\/steg-sdsp6\/","url":"https:\/\/caraudioworld.eu\/cs\/produkt\/steg-sdsp6\/","name":"STEG SDSP-6 - CARAUDIOWORLD","isPartOf":{"@id":"https:\/\/caraudioworld.eu\/cs\/#website"},"primaryImageOfPage":{"@id":"https:\/\/caraudioworld.eu\/cs\/produkt\/steg-sdsp6\/#primaryimage"},"image":{"@id":"https:\/\/caraudioworld.eu\/cs\/produkt\/steg-sdsp6\/#primaryimage"},"thumbnailUrl":"https:\/\/caraudioworld.eu\/wp-content\/uploads\/2019\/11\/111-3.jpg","datePublished":"2019-11-24T09:28:34+00:00","dateModified":"2020-10-11T14:06:42+00:00","description":"Nov\u00fd model STEG SDSP-6 pro rok 2020 se zmen\u0161enou velikost\u00ed a zlep\u0161en\u00fdm zvukem! Skv\u011bl\u00e1 novinka od firmy Steg, kter\u00e1 v\u00e1m umo\u017en\u00ed roz\u0161\u00ed\u0159it audiosyst\u00e9m ve va\u0161em aut\u011b. Dosta\u0148te z va\u0161eho origin\u00e1ln\u00edho autor\u00e1dia maxim\u00e1ln\u011b kvalitn\u00ed zvuk a pot\u011b\u0161te za kvalitou! Steg SDSP-6 je \u0161pi\u010dkov\u00fd 6 kan\u00e1lov\u00fd zesilova\u010d obsahuj\u00edc\u00ed zabudovan\u00e9 DSP, d\u00edky kter\u00e9mu m\u016f\u017eete nastavit \u010casov\u00e9 zpo\u017ed\u011bn\u00ed, Equalizer, LPF, HPF a mnoho dal\u0161\u00edch pro ka\u017ed\u00fd reproduktor zvl\u00e1\u0161\u0165! High-End 6 kan\u00e1lov\u00fd zesilova\u010d s DSPT\u0159\u00edda: D class6 x 65 W RMS @ 4 ohm6 x 90 W RMS @ 2 ohmFrekven\u010dn\u00ed rozsah: 20 \u2013 22 000 HzRozli\u0161en\u00ed DSP: 32 bit\u016fDSP v\u00fdkon: 295 MHzRychlost vzorkov\u00e1n\u00ed: 48 kHzP\u0159evodn\u00edky sign\u00e1l\u016f: A \/ D: BurrBrown &amp; D \/ A: BurrBrownV\u00fdstupy: 6 reproduktor\u016f, 2 x RCA (Pro napojen\u00ed extern\u00edho zesilova\u010de)Vstupy: 2 x RCA \/ Aux, 6 Vysoce-\u00farov\u0148ov\u00fdch vstup\u016f, Optick\u00fd SPDIF vstupMo\u017enost p\u0159ipojit ovlada\u010de: STEG DRC STEG USB BLUETOOTH Mo\u017enost jednodu\u0161e napojit do vozidel BMW a MERCEDES pomoc\u00ed PLUG &amp; PLAY\u00a0kabel\u016f a t\u00edm p\u00e1dem zm\u011bnit ozvu\u010den\u00ed va\u0161eho auta k nepozn\u00e1n\u00ed! Rozm\u011bry: 249 x 210 x 57.5 mm PC STEG DSP SOFTWARE: Na vy\u017e\u00e1d\u00e1n\u00ed (e-mail) ANDROID STEG DSP SOFTWARE: Na vy\u017e\u00e1d\u00e1n\u00ed (e-mail)","breadcrumb":{"@id":"https:\/\/caraudioworld.eu\/cs\/produkt\/steg-sdsp6\/#breadcrumb"},"inLanguage":"cs","potentialAction":[{"@type":"ReadAction","target":["https:\/\/caraudioworld.eu\/cs\/produkt\/steg-sdsp6\/"]}]},{"@type":"ImageObject","inLanguage":"cs","@id":"https:\/\/caraudioworld.eu\/cs\/produkt\/steg-sdsp6\/#primaryimage","url":"https:\/\/caraudioworld.eu\/wp-content\/uploads\/2019\/11\/111-3.jpg","contentUrl":"https:\/\/caraudioworld.eu\/wp-content\/uploads\/2019\/11\/111-3.jpg","width":1000,"height":700,"caption":"steg sdsp 6"},{"@type":"BreadcrumbList","@id":"https:\/\/caraudioworld.eu\/cs\/produkt\/steg-sdsp6\/#breadcrumb","itemListElement":[{"@type":"ListItem","position":1,"name":"Home","item":"https:\/\/caraudioworld.eu\/cs\/"},{"@type":"ListItem","position":2,"name":"Obchod","item":"https:\/\/caraudioworld.eu\/cs\/obchod\/"},{"@type":"ListItem","position":3,"name":"STEG SDSP-6"}]},{"@type":"WebSite","@id":"https:\/\/caraudioworld.eu\/cs\/#website","url":"https:\/\/caraudioworld.eu\/cs\/","name":"CARAUDIOWORLD","description":"Audio Heaven","publisher":{"@id":"https:\/\/caraudioworld.eu\/cs\/#organization"},"potentialAction":[{"@type":"SearchAction","target":{"@type":"EntryPoint","urlTemplate":"https:\/\/caraudioworld.eu\/cs\/?s={search_term_string}"},"query-input":{"@type":"PropertyValueSpecification","valueRequired":true,"valueName":"search_term_string"}}],"inLanguage":"cs"},{"@type":"Organization","@id":"https:\/\/caraudioworld.eu\/cs\/#organization","name":"CARAUDIOWORLD.eu","url":"https:\/\/caraudioworld.eu\/cs\/","logo":{"@type":"ImageObject","inLanguage":"cs","@id":"https:\/\/caraudioworld.eu\/cs\/#\/schema\/logo\/image\/","url":"https:\/\/caraudioworld.eu\/wp-content\/uploads\/2020\/10\/CAW_rounded.png","contentUrl":"https:\/\/caraudioworld.eu\/wp-content\/uploads\/2020\/10\/CAW_rounded.png","width":510,"height":510,"caption":"CARAUDIOWORLD.eu"},"image":{"@id":"https:\/\/caraudioworld.eu\/cs\/#\/schema\/logo\/image\/"},"sameAs":["https:\/\/www.facebook.com\/caraudioworld.eu","https:\/\/www.instagram.com\/caraudioworld.eu\/"]}]}},"_links":{"self":[{"href":"https:\/\/caraudioworld.eu\/cs\/wp-json\/wp\/v2\/product\/7947","targetHints":{"allow":["GET"]}}],"collection":[{"href":"https:\/\/caraudioworld.eu\/cs\/wp-json\/wp\/v2\/product"}],"about":[{"href":"https:\/\/caraudioworld.eu\/cs\/wp-json\/wp\/v2\/types\/product"}],"replies":[{"embeddable":true,"href":"https:\/\/caraudioworld.eu\/cs\/wp-json\/wp\/v2\/comments?post=7947"}],"wp:featuredmedia":[{"embeddable":true,"href":"https:\/\/caraudioworld.eu\/cs\/wp-json\/wp\/v2\/media\/7952"}],"wp:attachment":[{"href":"https:\/\/caraudioworld.eu\/cs\/wp-json\/wp\/v2\/media?parent=7947"}],"wp:term":[{"taxonomy":"product_brand","embeddable":true,"href":"https:\/\/caraudioworld.eu\/cs\/wp-json\/wp\/v2\/product_brand?post=7947"},{"taxonomy":"product_cat","embeddable":true,"href":"https:\/\/caraudioworld.eu\/cs\/wp-json\/wp\/v2\/product_cat?post=7947"},{"taxonomy":"product_tag","embeddable":true,"href":"https:\/\/caraudioworld.eu\/cs\/wp-json\/wp\/v2\/product_tag?post=7947"}],"curies":[{"name":"wp","href":"https:\/\/api.w.org\/{rel}","templated":true}]}}