{"id":7959,"date":"2019-11-24T10:53:32","date_gmt":"2019-11-24T09:53:32","guid":{"rendered":"https:\/\/caraudioworld.eu\/produkt\/steg-plug-play-sdsp8\/"},"modified":"2020-06-27T20:53:19","modified_gmt":"2020-06-27T18:53:19","slug":"steg-plug-play-sdsp8","status":"publish","type":"product","link":"https:\/\/caraudioworld.eu\/cs\/produkt\/steg-plug-play-sdsp8\/","title":{"rendered":"STEG PLUG &#038; PLAY SDSP8"},"content":{"rendered":"","protected":false},"excerpt":{"rendered":"<p>PLUG &amp; PLAY kabely k zesilova\u010di STEG SDSP8 pro vozidla BMW a MERCEDES. D\u00edky t\u011bmto kabel\u016fm nemus\u00edte \u0159e\u0161it v\u00fdm\u011bnu reproduktor\u016f. V\u00fdm\u011bna samotn\u00e9ho zesilova\u010de a jeho spr\u00e1vn\u00e9 nastaven\u00ed v\u00e1m dok\u00e1\u017ee zm\u011bnit zvuk ve vozidle k nepozn\u00e1n\u00ed!<\/p>\n<p>Kabely vhodn\u00e9 k <a style=\"color: blue;\" href=\"https:\/\/caraudioworld.eu\/cs\/produkt\/steg-sdsp8\/\" target=\"_blank\" rel=\"noopener noreferrer\">STEG SDSP8<\/a><\/p>\n","protected":false},"featured_media":7960,"comment_status":"open","ping_status":"closed","template":"","meta":[],"product_brand":[],"product_cat":[426,325],"product_tag":[339],"class_list":{"0":"post-7959","1":"product","2":"type-product","3":"status-publish","4":"has-post-thumbnail","6":"product_cat-prislusenstvi-cs","7":"product_cat-prislusenstvi","8":"product_tag-steg-cs","10":"first","11":"instock","12":"taxable","13":"shipping-taxable","14":"purchasable","15":"product-type-simple"},"yoast_head":"<!-- This site is optimized with the Yoast SEO plugin v27.3 - https:\/\/yoast.com\/product\/yoast-seo-wordpress\/ -->\n<title>STEG PLUG &amp; PLAY SDSP8 - CARAUDIOWORLD<\/title>\n<meta name=\"description\" content=\"PLUG &amp; PLAY kabely k zesilova\u010di STEG SDSP8 pro vozidla BMW a MERCEDES. D\u00edky t\u011bmto kabel\u016fm nemus\u00edte \u0159e\u0161it v\u00fdm\u011bnu reproduktor\u016f. V\u00fdm\u011bna samotn\u00e9ho zesilova\u010de a jeho spr\u00e1vn\u00e9 nastaven\u00ed v\u00e1m dok\u00e1\u017ee zm\u011bnit zvuk ve vozidle k nepozn\u00e1n\u00ed!  Kabely vhodn\u00e9 k STEG SDSP8\" \/>\n<meta name=\"robots\" content=\"index, follow, max-snippet:-1, max-image-preview:large, max-video-preview:-1\" \/>\n<link rel=\"canonical\" href=\"https:\/\/caraudioworld.eu\/cs\/produkt\/steg-plug-play-sdsp8\/\" \/>\n<meta property=\"og:locale\" content=\"cs_CZ\" \/>\n<meta property=\"og:type\" content=\"article\" \/>\n<meta property=\"og:title\" content=\"STEG PLUG &amp; PLAY SDSP8 - CARAUDIOWORLD\" \/>\n<meta property=\"og:description\" content=\"PLUG &amp; PLAY kabely k zesilova\u010di STEG SDSP8 pro vozidla BMW a MERCEDES. D\u00edky t\u011bmto kabel\u016fm nemus\u00edte \u0159e\u0161it v\u00fdm\u011bnu reproduktor\u016f. V\u00fdm\u011bna samotn\u00e9ho zesilova\u010de a jeho spr\u00e1vn\u00e9 nastaven\u00ed v\u00e1m dok\u00e1\u017ee zm\u011bnit zvuk ve vozidle k nepozn\u00e1n\u00ed!  Kabely vhodn\u00e9 k STEG SDSP8\" \/>\n<meta property=\"og:url\" content=\"https:\/\/caraudioworld.eu\/cs\/produkt\/steg-plug-play-sdsp8\/\" \/>\n<meta property=\"og:site_name\" content=\"CARAUDIOWORLD\" \/>\n<meta property=\"article:publisher\" content=\"https:\/\/www.facebook.com\/caraudioworld.eu\" \/>\n<meta property=\"article:modified_time\" content=\"2020-06-27T18:53:19+00:00\" \/>\n<meta property=\"og:image\" content=\"https:\/\/caraudioworld.eu\/wp-content\/uploads\/2019\/11\/22Plug.jpg\" \/>\n\t<meta property=\"og:image:width\" content=\"1000\" \/>\n\t<meta property=\"og:image:height\" content=\"700\" \/>\n\t<meta property=\"og:image:type\" content=\"image\/jpeg\" \/>\n<meta name=\"twitter:card\" content=\"summary_large_image\" \/>\n<script type=\"application\/ld+json\" class=\"yoast-schema-graph\">{\"@context\":\"https:\\\/\\\/schema.org\",\"@graph\":[{\"@type\":\"WebPage\",\"@id\":\"https:\\\/\\\/caraudioworld.eu\\\/cs\\\/produkt\\\/steg-plug-play-sdsp8\\\/\",\"url\":\"https:\\\/\\\/caraudioworld.eu\\\/cs\\\/produkt\\\/steg-plug-play-sdsp8\\\/\",\"name\":\"STEG PLUG & PLAY SDSP8 - CARAUDIOWORLD\",\"isPartOf\":{\"@id\":\"https:\\\/\\\/caraudioworld.eu\\\/cs\\\/#website\"},\"primaryImageOfPage\":{\"@id\":\"https:\\\/\\\/caraudioworld.eu\\\/cs\\\/produkt\\\/steg-plug-play-sdsp8\\\/#primaryimage\"},\"image\":{\"@id\":\"https:\\\/\\\/caraudioworld.eu\\\/cs\\\/produkt\\\/steg-plug-play-sdsp8\\\/#primaryimage\"},\"thumbnailUrl\":\"https:\\\/\\\/caraudioworld.eu\\\/wp-content\\\/uploads\\\/2019\\\/11\\\/22Plug.jpg\",\"datePublished\":\"2019-11-24T09:53:32+00:00\",\"dateModified\":\"2020-06-27T18:53:19+00:00\",\"description\":\"PLUG &amp; PLAY kabely k zesilova\u010di STEG SDSP8 pro vozidla BMW a MERCEDES. D\u00edky t\u011bmto kabel\u016fm nemus\u00edte \u0159e\u0161it v\u00fdm\u011bnu reproduktor\u016f. V\u00fdm\u011bna samotn\u00e9ho zesilova\u010de a jeho spr\u00e1vn\u00e9 nastaven\u00ed v\u00e1m dok\u00e1\u017ee zm\u011bnit zvuk ve vozidle k nepozn\u00e1n\u00ed! Kabely vhodn\u00e9 k STEG SDSP8\",\"breadcrumb\":{\"@id\":\"https:\\\/\\\/caraudioworld.eu\\\/cs\\\/produkt\\\/steg-plug-play-sdsp8\\\/#breadcrumb\"},\"inLanguage\":\"cs\",\"potentialAction\":[{\"@type\":\"ReadAction\",\"target\":[\"https:\\\/\\\/caraudioworld.eu\\\/cs\\\/produkt\\\/steg-plug-play-sdsp8\\\/\"]}]},{\"@type\":\"ImageObject\",\"inLanguage\":\"cs\",\"@id\":\"https:\\\/\\\/caraudioworld.eu\\\/cs\\\/produkt\\\/steg-plug-play-sdsp8\\\/#primaryimage\",\"url\":\"https:\\\/\\\/caraudioworld.eu\\\/wp-content\\\/uploads\\\/2019\\\/11\\\/22Plug.jpg\",\"contentUrl\":\"https:\\\/\\\/caraudioworld.eu\\\/wp-content\\\/uploads\\\/2019\\\/11\\\/22Plug.jpg\",\"width\":1000,\"height\":700},{\"@type\":\"BreadcrumbList\",\"@id\":\"https:\\\/\\\/caraudioworld.eu\\\/cs\\\/produkt\\\/steg-plug-play-sdsp8\\\/#breadcrumb\",\"itemListElement\":[{\"@type\":\"ListItem\",\"position\":1,\"name\":\"Home\",\"item\":\"https:\\\/\\\/caraudioworld.eu\\\/cs\\\/\"},{\"@type\":\"ListItem\",\"position\":2,\"name\":\"Obchod\",\"item\":\"https:\\\/\\\/caraudioworld.eu\\\/cs\\\/obchod\\\/\"},{\"@type\":\"ListItem\",\"position\":3,\"name\":\"STEG PLUG &#038; PLAY SDSP8\"}]},{\"@type\":\"WebSite\",\"@id\":\"https:\\\/\\\/caraudioworld.eu\\\/cs\\\/#website\",\"url\":\"https:\\\/\\\/caraudioworld.eu\\\/cs\\\/\",\"name\":\"CARAUDIOWORLD\",\"description\":\"Audio Heaven\",\"publisher\":{\"@id\":\"https:\\\/\\\/caraudioworld.eu\\\/cs\\\/#organization\"},\"potentialAction\":[{\"@type\":\"SearchAction\",\"target\":{\"@type\":\"EntryPoint\",\"urlTemplate\":\"https:\\\/\\\/caraudioworld.eu\\\/cs\\\/?s={search_term_string}\"},\"query-input\":{\"@type\":\"PropertyValueSpecification\",\"valueRequired\":true,\"valueName\":\"search_term_string\"}}],\"inLanguage\":\"cs\"},{\"@type\":\"Organization\",\"@id\":\"https:\\\/\\\/caraudioworld.eu\\\/cs\\\/#organization\",\"name\":\"CARAUDIOWORLD.eu\",\"url\":\"https:\\\/\\\/caraudioworld.eu\\\/cs\\\/\",\"logo\":{\"@type\":\"ImageObject\",\"inLanguage\":\"cs\",\"@id\":\"https:\\\/\\\/caraudioworld.eu\\\/cs\\\/#\\\/schema\\\/logo\\\/image\\\/\",\"url\":\"https:\\\/\\\/caraudioworld.eu\\\/wp-content\\\/uploads\\\/2020\\\/10\\\/CAW_rounded.png\",\"contentUrl\":\"https:\\\/\\\/caraudioworld.eu\\\/wp-content\\\/uploads\\\/2020\\\/10\\\/CAW_rounded.png\",\"width\":510,\"height\":510,\"caption\":\"CARAUDIOWORLD.eu\"},\"image\":{\"@id\":\"https:\\\/\\\/caraudioworld.eu\\\/cs\\\/#\\\/schema\\\/logo\\\/image\\\/\"},\"sameAs\":[\"https:\\\/\\\/www.facebook.com\\\/caraudioworld.eu\",\"https:\\\/\\\/www.instagram.com\\\/caraudioworld.eu\\\/\"]}]}<\/script>\n<!-- \/ Yoast SEO plugin. -->","yoast_head_json":{"title":"STEG PLUG & PLAY SDSP8 - CARAUDIOWORLD","description":"PLUG &amp; PLAY kabely k zesilova\u010di STEG SDSP8 pro vozidla BMW a MERCEDES. D\u00edky t\u011bmto kabel\u016fm nemus\u00edte \u0159e\u0161it v\u00fdm\u011bnu reproduktor\u016f. V\u00fdm\u011bna samotn\u00e9ho zesilova\u010de a jeho spr\u00e1vn\u00e9 nastaven\u00ed v\u00e1m dok\u00e1\u017ee zm\u011bnit zvuk ve vozidle k nepozn\u00e1n\u00ed!  Kabely vhodn\u00e9 k STEG SDSP8","robots":{"index":"index","follow":"follow","max-snippet":"max-snippet:-1","max-image-preview":"max-image-preview:large","max-video-preview":"max-video-preview:-1"},"canonical":"https:\/\/caraudioworld.eu\/cs\/produkt\/steg-plug-play-sdsp8\/","og_locale":"cs_CZ","og_type":"article","og_title":"STEG PLUG & PLAY SDSP8 - CARAUDIOWORLD","og_description":"PLUG &amp; PLAY kabely k zesilova\u010di STEG SDSP8 pro vozidla BMW a MERCEDES. D\u00edky t\u011bmto kabel\u016fm nemus\u00edte \u0159e\u0161it v\u00fdm\u011bnu reproduktor\u016f. V\u00fdm\u011bna samotn\u00e9ho zesilova\u010de a jeho spr\u00e1vn\u00e9 nastaven\u00ed v\u00e1m dok\u00e1\u017ee zm\u011bnit zvuk ve vozidle k nepozn\u00e1n\u00ed!  Kabely vhodn\u00e9 k STEG SDSP8","og_url":"https:\/\/caraudioworld.eu\/cs\/produkt\/steg-plug-play-sdsp8\/","og_site_name":"CARAUDIOWORLD","article_publisher":"https:\/\/www.facebook.com\/caraudioworld.eu","article_modified_time":"2020-06-27T18:53:19+00:00","og_image":[{"width":1000,"height":700,"url":"https:\/\/caraudioworld.eu\/wp-content\/uploads\/2019\/11\/22Plug.jpg","type":"image\/jpeg"}],"twitter_card":"summary_large_image","schema":{"@context":"https:\/\/schema.org","@graph":[{"@type":"WebPage","@id":"https:\/\/caraudioworld.eu\/cs\/produkt\/steg-plug-play-sdsp8\/","url":"https:\/\/caraudioworld.eu\/cs\/produkt\/steg-plug-play-sdsp8\/","name":"STEG PLUG & PLAY SDSP8 - CARAUDIOWORLD","isPartOf":{"@id":"https:\/\/caraudioworld.eu\/cs\/#website"},"primaryImageOfPage":{"@id":"https:\/\/caraudioworld.eu\/cs\/produkt\/steg-plug-play-sdsp8\/#primaryimage"},"image":{"@id":"https:\/\/caraudioworld.eu\/cs\/produkt\/steg-plug-play-sdsp8\/#primaryimage"},"thumbnailUrl":"https:\/\/caraudioworld.eu\/wp-content\/uploads\/2019\/11\/22Plug.jpg","datePublished":"2019-11-24T09:53:32+00:00","dateModified":"2020-06-27T18:53:19+00:00","description":"PLUG &amp; PLAY kabely k zesilova\u010di STEG SDSP8 pro vozidla BMW a MERCEDES. D\u00edky t\u011bmto kabel\u016fm nemus\u00edte \u0159e\u0161it v\u00fdm\u011bnu reproduktor\u016f. V\u00fdm\u011bna samotn\u00e9ho zesilova\u010de a jeho spr\u00e1vn\u00e9 nastaven\u00ed v\u00e1m dok\u00e1\u017ee zm\u011bnit zvuk ve vozidle k nepozn\u00e1n\u00ed! Kabely vhodn\u00e9 k STEG SDSP8","breadcrumb":{"@id":"https:\/\/caraudioworld.eu\/cs\/produkt\/steg-plug-play-sdsp8\/#breadcrumb"},"inLanguage":"cs","potentialAction":[{"@type":"ReadAction","target":["https:\/\/caraudioworld.eu\/cs\/produkt\/steg-plug-play-sdsp8\/"]}]},{"@type":"ImageObject","inLanguage":"cs","@id":"https:\/\/caraudioworld.eu\/cs\/produkt\/steg-plug-play-sdsp8\/#primaryimage","url":"https:\/\/caraudioworld.eu\/wp-content\/uploads\/2019\/11\/22Plug.jpg","contentUrl":"https:\/\/caraudioworld.eu\/wp-content\/uploads\/2019\/11\/22Plug.jpg","width":1000,"height":700},{"@type":"BreadcrumbList","@id":"https:\/\/caraudioworld.eu\/cs\/produkt\/steg-plug-play-sdsp8\/#breadcrumb","itemListElement":[{"@type":"ListItem","position":1,"name":"Home","item":"https:\/\/caraudioworld.eu\/cs\/"},{"@type":"ListItem","position":2,"name":"Obchod","item":"https:\/\/caraudioworld.eu\/cs\/obchod\/"},{"@type":"ListItem","position":3,"name":"STEG PLUG &#038; PLAY SDSP8"}]},{"@type":"WebSite","@id":"https:\/\/caraudioworld.eu\/cs\/#website","url":"https:\/\/caraudioworld.eu\/cs\/","name":"CARAUDIOWORLD","description":"Audio Heaven","publisher":{"@id":"https:\/\/caraudioworld.eu\/cs\/#organization"},"potentialAction":[{"@type":"SearchAction","target":{"@type":"EntryPoint","urlTemplate":"https:\/\/caraudioworld.eu\/cs\/?s={search_term_string}"},"query-input":{"@type":"PropertyValueSpecification","valueRequired":true,"valueName":"search_term_string"}}],"inLanguage":"cs"},{"@type":"Organization","@id":"https:\/\/caraudioworld.eu\/cs\/#organization","name":"CARAUDIOWORLD.eu","url":"https:\/\/caraudioworld.eu\/cs\/","logo":{"@type":"ImageObject","inLanguage":"cs","@id":"https:\/\/caraudioworld.eu\/cs\/#\/schema\/logo\/image\/","url":"https:\/\/caraudioworld.eu\/wp-content\/uploads\/2020\/10\/CAW_rounded.png","contentUrl":"https:\/\/caraudioworld.eu\/wp-content\/uploads\/2020\/10\/CAW_rounded.png","width":510,"height":510,"caption":"CARAUDIOWORLD.eu"},"image":{"@id":"https:\/\/caraudioworld.eu\/cs\/#\/schema\/logo\/image\/"},"sameAs":["https:\/\/www.facebook.com\/caraudioworld.eu","https:\/\/www.instagram.com\/caraudioworld.eu\/"]}]}},"_links":{"self":[{"href":"https:\/\/caraudioworld.eu\/cs\/wp-json\/wp\/v2\/product\/7959","targetHints":{"allow":["GET"]}}],"collection":[{"href":"https:\/\/caraudioworld.eu\/cs\/wp-json\/wp\/v2\/product"}],"about":[{"href":"https:\/\/caraudioworld.eu\/cs\/wp-json\/wp\/v2\/types\/product"}],"replies":[{"embeddable":true,"href":"https:\/\/caraudioworld.eu\/cs\/wp-json\/wp\/v2\/comments?post=7959"}],"wp:featuredmedia":[{"embeddable":true,"href":"https:\/\/caraudioworld.eu\/cs\/wp-json\/wp\/v2\/media\/7960"}],"wp:attachment":[{"href":"https:\/\/caraudioworld.eu\/cs\/wp-json\/wp\/v2\/media?parent=7959"}],"wp:term":[{"taxonomy":"product_brand","embeddable":true,"href":"https:\/\/caraudioworld.eu\/cs\/wp-json\/wp\/v2\/product_brand?post=7959"},{"taxonomy":"product_cat","embeddable":true,"href":"https:\/\/caraudioworld.eu\/cs\/wp-json\/wp\/v2\/product_cat?post=7959"},{"taxonomy":"product_tag","embeddable":true,"href":"https:\/\/caraudioworld.eu\/cs\/wp-json\/wp\/v2\/product_tag?post=7959"}],"curies":[{"name":"wp","href":"https:\/\/api.w.org\/{rel}","templated":true}]}}