{"id":8029,"date":"2019-12-18T22:26:50","date_gmt":"2019-12-18T21:26:50","guid":{"rendered":"https:\/\/caraudioworld.eu\/produkt\/steg-sq8-2\/"},"modified":"2019-12-18T22:26:50","modified_gmt":"2019-12-18T21:26:50","slug":"steg-sq8-2","status":"publish","type":"product","link":"https:\/\/caraudioworld.eu\/cs\/produkt\/steg-sq8-2\/","title":{"rendered":"STEG SQ8-2"},"content":{"rendered":"","protected":false},"excerpt":{"rendered":"<p>V\u00fdborn\u00fd 8 &#8222;subwoofer s n\u00edzkou mont\u00e1\u017en\u00ed hloubkou, kter\u00e1 ho umo\u017e\u0148uje namontovat do \u00fazk\u00fdch beden a t\u00edm zv\u00fd\u0161it variabilitu um\u00edst\u011bn\u00ed v aut\u011b.<\/p>\n<p>20 cm subwoofer s n\u00edzkou instala\u010dn\u00ed hloubkou<br \/>\nSQ8-4 (2 + 2 Ohm)<br \/>\nfs: 38Hz<br \/>\nCitlivost: 83dB \/ 1W \/ 1m<br \/>\nQES: 0,56<br \/>\nQMS: 6,50<br \/>\nQTS: 0,50<br \/>\nV\u00fdkon: 300 W RMS<br \/>\nPr\u016fm\u011br c\u00edvky: 50 mm<br \/>\nXmax: +\/- 10 mm<br \/>\nVn\u011bj\u0161\u00ed pr\u016fm\u011br: 215 mm<br \/>\nMont\u00e1\u017en\u00ed pr\u016fm\u011br: 182 mm<br \/>\nDoporu\u010den\u00e1 instala\u010dn\u00ed hloubka: 105 mm<\/p>\n<p>Uzav\u0159en\u00e1 bedna: od 9 litr\u016f<br \/>\nBassreflexov\u00e1 bedna: od 13 litr\u016f<\/p>\n<p>Manual: <a style=\"color: blue;\" href=\"https:\/\/caraudioworld.eu\/wp-content\/uploads\/2019\/12\/manual-8.pdf\" target=\"_blank\" rel=\"noopener noreferrer\">Download<\/a><br \/>\nTechnick\u00e9 specifikace: <a style=\"color: blue;\" href=\"https:\/\/caraudioworld.eu\/wp-content\/uploads\/2019\/12\/techSpec2ohm.pdf\" target=\"_blank\" rel=\"noopener noreferrer\">Download<\/a><\/p>\n","protected":false},"featured_media":2925,"comment_status":"open","ping_status":"closed","template":"","meta":[],"product_brand":[],"product_cat":[403,417],"product_tag":[339],"class_list":{"0":"post-8029","1":"product","2":"type-product","3":"status-publish","4":"has-post-thumbnail","6":"product_cat-reproduktory-cs","7":"product_cat-subwoofer-cs","8":"product_tag-steg-cs","10":"first","11":"instock","12":"sale","13":"taxable","14":"shipping-taxable","15":"purchasable","16":"product-type-simple"},"yoast_head":"<!-- This site is optimized with the Yoast SEO plugin v27.3 - https:\/\/yoast.com\/product\/yoast-seo-wordpress\/ -->\n<title>STEG SQ8-2 - CARAUDIOWORLD<\/title>\n<meta name=\"description\" content=\"V\u00fdborn\u00fd 8 &quot;subwoofer s n\u00edzkou mont\u00e1\u017en\u00ed hloubkou, kter\u00e1 ho umo\u017e\u0148uje namontovat do \u00fazk\u00fdch beden a t\u00edm zv\u00fd\u0161it variabilitu um\u00edst\u011bn\u00ed v aut\u011b.  20 cm subwoofer s n\u00edzkou instala\u010dn\u00ed hloubkou SQ8-4 (2 + 2 Ohm) fs: 38Hz Citlivost: 83dB \/ 1W \/ 1m QES: 0,56 QMS: 6,50 QTS: 0,50 V\u00fdkon: 300 W RMS Pr\u016fm\u011br c\u00edvky: 50 mm Xmax: +\/- 10 mm Vn\u011bj\u0161\u00ed pr\u016fm\u011br: 215 mm Mont\u00e1\u017en\u00ed pr\u016fm\u011br: 182 mm Doporu\u010den\u00e1 instala\u010dn\u00ed hloubka: 105 mm  Uzav\u0159en\u00e1 bedna: od 9 litr\u016f Bassreflexov\u00e1 bedna: od 13 litr\u016f  Manual: Download Technick\u00e9 specifikace: Download\" \/>\n<meta name=\"robots\" content=\"index, follow, max-snippet:-1, max-image-preview:large, max-video-preview:-1\" \/>\n<link rel=\"canonical\" href=\"https:\/\/caraudioworld.eu\/cs\/produkt\/steg-sq8-2\/\" \/>\n<meta property=\"og:locale\" content=\"cs_CZ\" \/>\n<meta property=\"og:type\" content=\"article\" \/>\n<meta property=\"og:title\" content=\"STEG SQ8-2 - CARAUDIOWORLD\" \/>\n<meta property=\"og:description\" content=\"V\u00fdborn\u00fd 8 &quot;subwoofer s n\u00edzkou mont\u00e1\u017en\u00ed hloubkou, kter\u00e1 ho umo\u017e\u0148uje namontovat do \u00fazk\u00fdch beden a t\u00edm zv\u00fd\u0161it variabilitu um\u00edst\u011bn\u00ed v aut\u011b.  20 cm subwoofer s n\u00edzkou instala\u010dn\u00ed hloubkou SQ8-4 (2 + 2 Ohm) fs: 38Hz Citlivost: 83dB \/ 1W \/ 1m QES: 0,56 QMS: 6,50 QTS: 0,50 V\u00fdkon: 300 W RMS Pr\u016fm\u011br c\u00edvky: 50 mm Xmax: +\/- 10 mm Vn\u011bj\u0161\u00ed pr\u016fm\u011br: 215 mm Mont\u00e1\u017en\u00ed pr\u016fm\u011br: 182 mm Doporu\u010den\u00e1 instala\u010dn\u00ed hloubka: 105 mm  Uzav\u0159en\u00e1 bedna: od 9 litr\u016f Bassreflexov\u00e1 bedna: od 13 litr\u016f  Manual: Download Technick\u00e9 specifikace: Download\" \/>\n<meta property=\"og:url\" content=\"https:\/\/caraudioworld.eu\/cs\/produkt\/steg-sq8-2\/\" \/>\n<meta property=\"og:site_name\" content=\"CARAUDIOWORLD\" \/>\n<meta property=\"article:publisher\" content=\"https:\/\/www.facebook.com\/caraudioworld.eu\" \/>\n<meta property=\"og:image\" content=\"https:\/\/caraudioworld.eu\/wp-content\/uploads\/2019\/12\/11-12.jpg\" \/>\n\t<meta property=\"og:image:width\" content=\"1000\" \/>\n\t<meta property=\"og:image:height\" content=\"700\" \/>\n\t<meta property=\"og:image:type\" content=\"image\/jpeg\" \/>\n<meta name=\"twitter:card\" content=\"summary_large_image\" \/>\n<script type=\"application\/ld+json\" class=\"yoast-schema-graph\">{\"@context\":\"https:\\\/\\\/schema.org\",\"@graph\":[{\"@type\":\"WebPage\",\"@id\":\"https:\\\/\\\/caraudioworld.eu\\\/cs\\\/produkt\\\/steg-sq8-2\\\/\",\"url\":\"https:\\\/\\\/caraudioworld.eu\\\/cs\\\/produkt\\\/steg-sq8-2\\\/\",\"name\":\"STEG SQ8-2 - CARAUDIOWORLD\",\"isPartOf\":{\"@id\":\"https:\\\/\\\/caraudioworld.eu\\\/cs\\\/#website\"},\"primaryImageOfPage\":{\"@id\":\"https:\\\/\\\/caraudioworld.eu\\\/cs\\\/produkt\\\/steg-sq8-2\\\/#primaryimage\"},\"image\":{\"@id\":\"https:\\\/\\\/caraudioworld.eu\\\/cs\\\/produkt\\\/steg-sq8-2\\\/#primaryimage\"},\"thumbnailUrl\":\"https:\\\/\\\/caraudioworld.eu\\\/wp-content\\\/uploads\\\/2019\\\/12\\\/11-12.jpg\",\"datePublished\":\"2019-12-18T21:26:50+00:00\",\"description\":\"V\u00fdborn\u00fd 8 \\\"subwoofer s n\u00edzkou mont\u00e1\u017en\u00ed hloubkou, kter\u00e1 ho umo\u017e\u0148uje namontovat do \u00fazk\u00fdch beden a t\u00edm zv\u00fd\u0161it variabilitu um\u00edst\u011bn\u00ed v aut\u011b. 20 cm subwoofer s n\u00edzkou instala\u010dn\u00ed hloubkou SQ8-4 (2 + 2 Ohm) fs: 38Hz Citlivost: 83dB \\\/ 1W \\\/ 1m QES: 0,56 QMS: 6,50 QTS: 0,50 V\u00fdkon: 300 W RMS Pr\u016fm\u011br c\u00edvky: 50 mm Xmax: +\\\/- 10 mm Vn\u011bj\u0161\u00ed pr\u016fm\u011br: 215 mm Mont\u00e1\u017en\u00ed pr\u016fm\u011br: 182 mm Doporu\u010den\u00e1 instala\u010dn\u00ed hloubka: 105 mm Uzav\u0159en\u00e1 bedna: od 9 litr\u016f Bassreflexov\u00e1 bedna: od 13 litr\u016f Manual: Download Technick\u00e9 specifikace: Download\",\"breadcrumb\":{\"@id\":\"https:\\\/\\\/caraudioworld.eu\\\/cs\\\/produkt\\\/steg-sq8-2\\\/#breadcrumb\"},\"inLanguage\":\"cs\",\"potentialAction\":[{\"@type\":\"ReadAction\",\"target\":[\"https:\\\/\\\/caraudioworld.eu\\\/cs\\\/produkt\\\/steg-sq8-2\\\/\"]}]},{\"@type\":\"ImageObject\",\"inLanguage\":\"cs\",\"@id\":\"https:\\\/\\\/caraudioworld.eu\\\/cs\\\/produkt\\\/steg-sq8-2\\\/#primaryimage\",\"url\":\"https:\\\/\\\/caraudioworld.eu\\\/wp-content\\\/uploads\\\/2019\\\/12\\\/11-12.jpg\",\"contentUrl\":\"https:\\\/\\\/caraudioworld.eu\\\/wp-content\\\/uploads\\\/2019\\\/12\\\/11-12.jpg\",\"width\":1000,\"height\":700,\"caption\":\"steg sq8\"},{\"@type\":\"BreadcrumbList\",\"@id\":\"https:\\\/\\\/caraudioworld.eu\\\/cs\\\/produkt\\\/steg-sq8-2\\\/#breadcrumb\",\"itemListElement\":[{\"@type\":\"ListItem\",\"position\":1,\"name\":\"Home\",\"item\":\"https:\\\/\\\/caraudioworld.eu\\\/cs\\\/\"},{\"@type\":\"ListItem\",\"position\":2,\"name\":\"Obchod\",\"item\":\"https:\\\/\\\/caraudioworld.eu\\\/cs\\\/obchod\\\/\"},{\"@type\":\"ListItem\",\"position\":3,\"name\":\"STEG SQ8-2\"}]},{\"@type\":\"WebSite\",\"@id\":\"https:\\\/\\\/caraudioworld.eu\\\/cs\\\/#website\",\"url\":\"https:\\\/\\\/caraudioworld.eu\\\/cs\\\/\",\"name\":\"CARAUDIOWORLD\",\"description\":\"Audio Heaven\",\"publisher\":{\"@id\":\"https:\\\/\\\/caraudioworld.eu\\\/cs\\\/#organization\"},\"potentialAction\":[{\"@type\":\"SearchAction\",\"target\":{\"@type\":\"EntryPoint\",\"urlTemplate\":\"https:\\\/\\\/caraudioworld.eu\\\/cs\\\/?s={search_term_string}\"},\"query-input\":{\"@type\":\"PropertyValueSpecification\",\"valueRequired\":true,\"valueName\":\"search_term_string\"}}],\"inLanguage\":\"cs\"},{\"@type\":\"Organization\",\"@id\":\"https:\\\/\\\/caraudioworld.eu\\\/cs\\\/#organization\",\"name\":\"CARAUDIOWORLD.eu\",\"url\":\"https:\\\/\\\/caraudioworld.eu\\\/cs\\\/\",\"logo\":{\"@type\":\"ImageObject\",\"inLanguage\":\"cs\",\"@id\":\"https:\\\/\\\/caraudioworld.eu\\\/cs\\\/#\\\/schema\\\/logo\\\/image\\\/\",\"url\":\"https:\\\/\\\/caraudioworld.eu\\\/wp-content\\\/uploads\\\/2020\\\/10\\\/CAW_rounded.png\",\"contentUrl\":\"https:\\\/\\\/caraudioworld.eu\\\/wp-content\\\/uploads\\\/2020\\\/10\\\/CAW_rounded.png\",\"width\":510,\"height\":510,\"caption\":\"CARAUDIOWORLD.eu\"},\"image\":{\"@id\":\"https:\\\/\\\/caraudioworld.eu\\\/cs\\\/#\\\/schema\\\/logo\\\/image\\\/\"},\"sameAs\":[\"https:\\\/\\\/www.facebook.com\\\/caraudioworld.eu\",\"https:\\\/\\\/www.instagram.com\\\/caraudioworld.eu\\\/\"]}]}<\/script>\n<!-- \/ Yoast SEO plugin. -->","yoast_head_json":{"title":"STEG SQ8-2 - CARAUDIOWORLD","description":"V\u00fdborn\u00fd 8 \"subwoofer s n\u00edzkou mont\u00e1\u017en\u00ed hloubkou, kter\u00e1 ho umo\u017e\u0148uje namontovat do \u00fazk\u00fdch beden a t\u00edm zv\u00fd\u0161it variabilitu um\u00edst\u011bn\u00ed v aut\u011b.  20 cm subwoofer s n\u00edzkou instala\u010dn\u00ed hloubkou SQ8-4 (2 + 2 Ohm) fs: 38Hz Citlivost: 83dB \/ 1W \/ 1m QES: 0,56 QMS: 6,50 QTS: 0,50 V\u00fdkon: 300 W RMS Pr\u016fm\u011br c\u00edvky: 50 mm Xmax: +\/- 10 mm Vn\u011bj\u0161\u00ed pr\u016fm\u011br: 215 mm Mont\u00e1\u017en\u00ed pr\u016fm\u011br: 182 mm Doporu\u010den\u00e1 instala\u010dn\u00ed hloubka: 105 mm  Uzav\u0159en\u00e1 bedna: od 9 litr\u016f Bassreflexov\u00e1 bedna: od 13 litr\u016f  Manual: Download Technick\u00e9 specifikace: Download","robots":{"index":"index","follow":"follow","max-snippet":"max-snippet:-1","max-image-preview":"max-image-preview:large","max-video-preview":"max-video-preview:-1"},"canonical":"https:\/\/caraudioworld.eu\/cs\/produkt\/steg-sq8-2\/","og_locale":"cs_CZ","og_type":"article","og_title":"STEG SQ8-2 - CARAUDIOWORLD","og_description":"V\u00fdborn\u00fd 8 \"subwoofer s n\u00edzkou mont\u00e1\u017en\u00ed hloubkou, kter\u00e1 ho umo\u017e\u0148uje namontovat do \u00fazk\u00fdch beden a t\u00edm zv\u00fd\u0161it variabilitu um\u00edst\u011bn\u00ed v aut\u011b.  20 cm subwoofer s n\u00edzkou instala\u010dn\u00ed hloubkou SQ8-4 (2 + 2 Ohm) fs: 38Hz Citlivost: 83dB \/ 1W \/ 1m QES: 0,56 QMS: 6,50 QTS: 0,50 V\u00fdkon: 300 W RMS Pr\u016fm\u011br c\u00edvky: 50 mm Xmax: +\/- 10 mm Vn\u011bj\u0161\u00ed pr\u016fm\u011br: 215 mm Mont\u00e1\u017en\u00ed pr\u016fm\u011br: 182 mm Doporu\u010den\u00e1 instala\u010dn\u00ed hloubka: 105 mm  Uzav\u0159en\u00e1 bedna: od 9 litr\u016f Bassreflexov\u00e1 bedna: od 13 litr\u016f  Manual: Download Technick\u00e9 specifikace: Download","og_url":"https:\/\/caraudioworld.eu\/cs\/produkt\/steg-sq8-2\/","og_site_name":"CARAUDIOWORLD","article_publisher":"https:\/\/www.facebook.com\/caraudioworld.eu","og_image":[{"width":1000,"height":700,"url":"https:\/\/caraudioworld.eu\/wp-content\/uploads\/2019\/12\/11-12.jpg","type":"image\/jpeg"}],"twitter_card":"summary_large_image","schema":{"@context":"https:\/\/schema.org","@graph":[{"@type":"WebPage","@id":"https:\/\/caraudioworld.eu\/cs\/produkt\/steg-sq8-2\/","url":"https:\/\/caraudioworld.eu\/cs\/produkt\/steg-sq8-2\/","name":"STEG SQ8-2 - CARAUDIOWORLD","isPartOf":{"@id":"https:\/\/caraudioworld.eu\/cs\/#website"},"primaryImageOfPage":{"@id":"https:\/\/caraudioworld.eu\/cs\/produkt\/steg-sq8-2\/#primaryimage"},"image":{"@id":"https:\/\/caraudioworld.eu\/cs\/produkt\/steg-sq8-2\/#primaryimage"},"thumbnailUrl":"https:\/\/caraudioworld.eu\/wp-content\/uploads\/2019\/12\/11-12.jpg","datePublished":"2019-12-18T21:26:50+00:00","description":"V\u00fdborn\u00fd 8 \"subwoofer s n\u00edzkou mont\u00e1\u017en\u00ed hloubkou, kter\u00e1 ho umo\u017e\u0148uje namontovat do \u00fazk\u00fdch beden a t\u00edm zv\u00fd\u0161it variabilitu um\u00edst\u011bn\u00ed v aut\u011b. 20 cm subwoofer s n\u00edzkou instala\u010dn\u00ed hloubkou SQ8-4 (2 + 2 Ohm) fs: 38Hz Citlivost: 83dB \/ 1W \/ 1m QES: 0,56 QMS: 6,50 QTS: 0,50 V\u00fdkon: 300 W RMS Pr\u016fm\u011br c\u00edvky: 50 mm Xmax: +\/- 10 mm Vn\u011bj\u0161\u00ed pr\u016fm\u011br: 215 mm Mont\u00e1\u017en\u00ed pr\u016fm\u011br: 182 mm Doporu\u010den\u00e1 instala\u010dn\u00ed hloubka: 105 mm Uzav\u0159en\u00e1 bedna: od 9 litr\u016f Bassreflexov\u00e1 bedna: od 13 litr\u016f Manual: Download Technick\u00e9 specifikace: Download","breadcrumb":{"@id":"https:\/\/caraudioworld.eu\/cs\/produkt\/steg-sq8-2\/#breadcrumb"},"inLanguage":"cs","potentialAction":[{"@type":"ReadAction","target":["https:\/\/caraudioworld.eu\/cs\/produkt\/steg-sq8-2\/"]}]},{"@type":"ImageObject","inLanguage":"cs","@id":"https:\/\/caraudioworld.eu\/cs\/produkt\/steg-sq8-2\/#primaryimage","url":"https:\/\/caraudioworld.eu\/wp-content\/uploads\/2019\/12\/11-12.jpg","contentUrl":"https:\/\/caraudioworld.eu\/wp-content\/uploads\/2019\/12\/11-12.jpg","width":1000,"height":700,"caption":"steg sq8"},{"@type":"BreadcrumbList","@id":"https:\/\/caraudioworld.eu\/cs\/produkt\/steg-sq8-2\/#breadcrumb","itemListElement":[{"@type":"ListItem","position":1,"name":"Home","item":"https:\/\/caraudioworld.eu\/cs\/"},{"@type":"ListItem","position":2,"name":"Obchod","item":"https:\/\/caraudioworld.eu\/cs\/obchod\/"},{"@type":"ListItem","position":3,"name":"STEG SQ8-2"}]},{"@type":"WebSite","@id":"https:\/\/caraudioworld.eu\/cs\/#website","url":"https:\/\/caraudioworld.eu\/cs\/","name":"CARAUDIOWORLD","description":"Audio Heaven","publisher":{"@id":"https:\/\/caraudioworld.eu\/cs\/#organization"},"potentialAction":[{"@type":"SearchAction","target":{"@type":"EntryPoint","urlTemplate":"https:\/\/caraudioworld.eu\/cs\/?s={search_term_string}"},"query-input":{"@type":"PropertyValueSpecification","valueRequired":true,"valueName":"search_term_string"}}],"inLanguage":"cs"},{"@type":"Organization","@id":"https:\/\/caraudioworld.eu\/cs\/#organization","name":"CARAUDIOWORLD.eu","url":"https:\/\/caraudioworld.eu\/cs\/","logo":{"@type":"ImageObject","inLanguage":"cs","@id":"https:\/\/caraudioworld.eu\/cs\/#\/schema\/logo\/image\/","url":"https:\/\/caraudioworld.eu\/wp-content\/uploads\/2020\/10\/CAW_rounded.png","contentUrl":"https:\/\/caraudioworld.eu\/wp-content\/uploads\/2020\/10\/CAW_rounded.png","width":510,"height":510,"caption":"CARAUDIOWORLD.eu"},"image":{"@id":"https:\/\/caraudioworld.eu\/cs\/#\/schema\/logo\/image\/"},"sameAs":["https:\/\/www.facebook.com\/caraudioworld.eu","https:\/\/www.instagram.com\/caraudioworld.eu\/"]}]}},"_links":{"self":[{"href":"https:\/\/caraudioworld.eu\/cs\/wp-json\/wp\/v2\/product\/8029","targetHints":{"allow":["GET"]}}],"collection":[{"href":"https:\/\/caraudioworld.eu\/cs\/wp-json\/wp\/v2\/product"}],"about":[{"href":"https:\/\/caraudioworld.eu\/cs\/wp-json\/wp\/v2\/types\/product"}],"replies":[{"embeddable":true,"href":"https:\/\/caraudioworld.eu\/cs\/wp-json\/wp\/v2\/comments?post=8029"}],"wp:featuredmedia":[{"embeddable":true,"href":"https:\/\/caraudioworld.eu\/cs\/wp-json\/wp\/v2\/media\/2925"}],"wp:attachment":[{"href":"https:\/\/caraudioworld.eu\/cs\/wp-json\/wp\/v2\/media?parent=8029"}],"wp:term":[{"taxonomy":"product_brand","embeddable":true,"href":"https:\/\/caraudioworld.eu\/cs\/wp-json\/wp\/v2\/product_brand?post=8029"},{"taxonomy":"product_cat","embeddable":true,"href":"https:\/\/caraudioworld.eu\/cs\/wp-json\/wp\/v2\/product_cat?post=8029"},{"taxonomy":"product_tag","embeddable":true,"href":"https:\/\/caraudioworld.eu\/cs\/wp-json\/wp\/v2\/product_tag?post=8029"}],"curies":[{"name":"wp","href":"https:\/\/api.w.org\/{rel}","templated":true}]}}