{"id":8031,"date":"2019-12-19T20:43:49","date_gmt":"2019-12-19T19:43:49","guid":{"rendered":"https:\/\/caraudioworld.eu\/produkt\/audiosystem-f4d-400\/"},"modified":"2020-10-26T18:25:29","modified_gmt":"2020-10-26T17:25:29","slug":"audiosystem-f4d-400","status":"publish","type":"product","link":"https:\/\/caraudioworld.eu\/cs\/produkt\/audiosystem-f4d-400\/","title":{"rendered":"Audiosystem F4D-400"},"content":{"rendered":"","protected":false},"excerpt":{"rendered":"<p>Vysokov\u00fdkonn\u00fd 4 kan\u00e1lov\u00fd zesilova\u010d s v\u00fdborn\u00fdm zvukem, skv\u011blou kontrolou a dynamikou. Made in Italy, vyr\u00e1b\u011bn\u00e9 v tov\u00e1rn\u011b firmy STEG. Krom\u011b v\u00fdborn\u00fdch zvukov\u00fdch vlastnost\u00ed zaujme i sv\u00fdmi mal\u00fdmi rozm\u011bry a integrovan\u00fdm chlazen\u00edm.<\/p>\n<p>T\u0159\u00edda: D <br \/>Power 4 ohms RMS stereoWatt 14.4 Volt 100 x 4 <br \/>Power 2 ohms RMS stereoWatt 14.4 Volt 150 x 4 <br \/>Power 4 ohms RMS stereoWatt 14.4 Volt 300 x 2<\/p>\n<p>Minim\u00e1ln\u00ed zat\u00ed\u017een\u00ed: 2 ohm <br \/>Frekven\u010dn\u00ed rozsah: 5 Hz &#8211; 25,000 Hz <br \/>Filtr: (HP 20-150) + (LP 45-300) Hz <br \/>Filtr slope: 12 dB \/ oct <br \/>Citlivost: Volts RMS 0.2 V &#8211; 5 V<\/p>\n<p>Rozm\u011bry: 275 x 45 x 135 mm<\/p>\n<p>V\u00e1ha: 2.8 Kg<\/p>\n<p>Manual: <a style=\"color: blue;\" href=\"https:\/\/caraudioworld.eu\/wp-content\/uploads\/2019\/12\/manual-9.pdf\" target=\"_blank\" rel=\"noopener noreferrer\">Download<\/a> <br \/>Technick\u00e9 specifikace: <a style=\"color: blue;\" href=\"https:\/\/caraudioworld.eu\/wp-content\/uploads\/2019\/12\/techSpec-6.pdf\" target=\"_blank\" rel=\"noopener noreferrer\">Download<\/a><\/p>\n","protected":false},"featured_media":8032,"comment_status":"open","ping_status":"closed","template":"","meta":[],"product_brand":[],"product_cat":[422,420],"product_tag":[332],"class_list":{"0":"post-8031","1":"product","2":"type-product","3":"status-publish","4":"has-post-thumbnail","6":"product_cat-4-kanal-cs","7":"product_cat-zesilovace","8":"product_tag-audiosystem-cs","10":"first","11":"instock","12":"taxable","13":"shipping-taxable","14":"purchasable","15":"product-type-simple"},"yoast_head":"<!-- This site is optimized with the Yoast SEO plugin v27.3 - https:\/\/yoast.com\/product\/yoast-seo-wordpress\/ -->\n<title>Audiosystem F4D-400 - CARAUDIOWORLD<\/title>\n<meta name=\"description\" content=\"Vysokov\u00fdkonn\u00fd 4 kan\u00e1lov\u00fd zesilova\u010d s v\u00fdborn\u00fdm zvukem, skv\u011blou kontrolou a dynamikou. Made in Italy, vyr\u00e1b\u011bn\u00e9 v tov\u00e1rn\u011b firmy STEG. Krom\u011b v\u00fdborn\u00fdch zvukov\u00fdch vlastnost\u00ed zaujme i sv\u00fdmi mal\u00fdmi rozm\u011bry a integrovan\u00fdm chlazen\u00edm. T\u0159\u00edda: D Power 4 ohms RMS stereoWatt 14.4 Volt 100 x 4 Power 2 ohms RMS stereoWatt 14.4 Volt 150 x 4 Power 4 ohms RMS stereoWatt 14.4 Volt 300 x 2 Minim\u00e1ln\u00ed zat\u00ed\u017een\u00ed: 2 ohm Frekven\u010dn\u00ed rozsah: 5 Hz - 25,000 Hz Filtr: (HP 20-150) + (LP 45-300) Hz Filtr slope: 12 dB \/ oct Citlivost: Volts RMS 0.2 V - 5 V Rozm\u011bry: 275 x 45 x 135 mm V\u00e1ha: 2.8 Kg Manual: Download Technick\u00e9 specifikace: Download\" \/>\n<meta name=\"robots\" content=\"index, follow, max-snippet:-1, max-image-preview:large, max-video-preview:-1\" \/>\n<link rel=\"canonical\" href=\"https:\/\/caraudioworld.eu\/cs\/produkt\/audiosystem-f4d-400\/\" \/>\n<meta property=\"og:locale\" content=\"cs_CZ\" \/>\n<meta property=\"og:type\" content=\"article\" \/>\n<meta property=\"og:title\" content=\"Audiosystem F4D-400 - CARAUDIOWORLD\" \/>\n<meta property=\"og:description\" content=\"Vysokov\u00fdkonn\u00fd 4 kan\u00e1lov\u00fd zesilova\u010d s v\u00fdborn\u00fdm zvukem, skv\u011blou kontrolou a dynamikou. Made in Italy, vyr\u00e1b\u011bn\u00e9 v tov\u00e1rn\u011b firmy STEG. Krom\u011b v\u00fdborn\u00fdch zvukov\u00fdch vlastnost\u00ed zaujme i sv\u00fdmi mal\u00fdmi rozm\u011bry a integrovan\u00fdm chlazen\u00edm. T\u0159\u00edda: D Power 4 ohms RMS stereoWatt 14.4 Volt 100 x 4 Power 2 ohms RMS stereoWatt 14.4 Volt 150 x 4 Power 4 ohms RMS stereoWatt 14.4 Volt 300 x 2 Minim\u00e1ln\u00ed zat\u00ed\u017een\u00ed: 2 ohm Frekven\u010dn\u00ed rozsah: 5 Hz - 25,000 Hz Filtr: (HP 20-150) + (LP 45-300) Hz Filtr slope: 12 dB \/ oct Citlivost: Volts RMS 0.2 V - 5 V Rozm\u011bry: 275 x 45 x 135 mm V\u00e1ha: 2.8 Kg Manual: Download Technick\u00e9 specifikace: Download\" \/>\n<meta property=\"og:url\" content=\"https:\/\/caraudioworld.eu\/cs\/produkt\/audiosystem-f4d-400\/\" \/>\n<meta property=\"og:site_name\" content=\"CARAUDIOWORLD\" \/>\n<meta property=\"article:publisher\" content=\"https:\/\/www.facebook.com\/caraudioworld.eu\" \/>\n<meta property=\"article:modified_time\" content=\"2020-10-26T17:25:29+00:00\" \/>\n<meta property=\"og:image\" content=\"https:\/\/caraudioworld.eu\/wp-content\/uploads\/2019\/12\/111-2.jpg\" \/>\n\t<meta property=\"og:image:width\" content=\"1000\" \/>\n\t<meta property=\"og:image:height\" content=\"700\" \/>\n\t<meta property=\"og:image:type\" content=\"image\/jpeg\" \/>\n<meta name=\"twitter:card\" content=\"summary_large_image\" \/>\n<script type=\"application\/ld+json\" class=\"yoast-schema-graph\">{\"@context\":\"https:\\\/\\\/schema.org\",\"@graph\":[{\"@type\":\"WebPage\",\"@id\":\"https:\\\/\\\/caraudioworld.eu\\\/cs\\\/produkt\\\/audiosystem-f4d-400\\\/\",\"url\":\"https:\\\/\\\/caraudioworld.eu\\\/cs\\\/produkt\\\/audiosystem-f4d-400\\\/\",\"name\":\"Audiosystem F4D-400 - CARAUDIOWORLD\",\"isPartOf\":{\"@id\":\"https:\\\/\\\/caraudioworld.eu\\\/cs\\\/#website\"},\"primaryImageOfPage\":{\"@id\":\"https:\\\/\\\/caraudioworld.eu\\\/cs\\\/produkt\\\/audiosystem-f4d-400\\\/#primaryimage\"},\"image\":{\"@id\":\"https:\\\/\\\/caraudioworld.eu\\\/cs\\\/produkt\\\/audiosystem-f4d-400\\\/#primaryimage\"},\"thumbnailUrl\":\"https:\\\/\\\/caraudioworld.eu\\\/wp-content\\\/uploads\\\/2019\\\/12\\\/111-2.jpg\",\"datePublished\":\"2019-12-19T19:43:49+00:00\",\"dateModified\":\"2020-10-26T17:25:29+00:00\",\"description\":\"Vysokov\u00fdkonn\u00fd 4 kan\u00e1lov\u00fd zesilova\u010d s v\u00fdborn\u00fdm zvukem, skv\u011blou kontrolou a dynamikou. Made in Italy, vyr\u00e1b\u011bn\u00e9 v tov\u00e1rn\u011b firmy STEG. Krom\u011b v\u00fdborn\u00fdch zvukov\u00fdch vlastnost\u00ed zaujme i sv\u00fdmi mal\u00fdmi rozm\u011bry a integrovan\u00fdm chlazen\u00edm. T\u0159\u00edda: D Power 4 ohms RMS stereoWatt 14.4 Volt 100 x 4 Power 2 ohms RMS stereoWatt 14.4 Volt 150 x 4 Power 4 ohms RMS stereoWatt 14.4 Volt 300 x 2 Minim\u00e1ln\u00ed zat\u00ed\u017een\u00ed: 2 ohm Frekven\u010dn\u00ed rozsah: 5 Hz - 25,000 Hz Filtr: (HP 20-150) + (LP 45-300) Hz Filtr slope: 12 dB \\\/ oct Citlivost: Volts RMS 0.2 V - 5 V Rozm\u011bry: 275 x 45 x 135 mm V\u00e1ha: 2.8 Kg Manual: Download Technick\u00e9 specifikace: Download\",\"breadcrumb\":{\"@id\":\"https:\\\/\\\/caraudioworld.eu\\\/cs\\\/produkt\\\/audiosystem-f4d-400\\\/#breadcrumb\"},\"inLanguage\":\"cs\",\"potentialAction\":[{\"@type\":\"ReadAction\",\"target\":[\"https:\\\/\\\/caraudioworld.eu\\\/cs\\\/produkt\\\/audiosystem-f4d-400\\\/\"]}]},{\"@type\":\"ImageObject\",\"inLanguage\":\"cs\",\"@id\":\"https:\\\/\\\/caraudioworld.eu\\\/cs\\\/produkt\\\/audiosystem-f4d-400\\\/#primaryimage\",\"url\":\"https:\\\/\\\/caraudioworld.eu\\\/wp-content\\\/uploads\\\/2019\\\/12\\\/111-2.jpg\",\"contentUrl\":\"https:\\\/\\\/caraudioworld.eu\\\/wp-content\\\/uploads\\\/2019\\\/12\\\/111-2.jpg\",\"width\":1000,\"height\":700,\"caption\":\"audiosystem f4d-400\"},{\"@type\":\"BreadcrumbList\",\"@id\":\"https:\\\/\\\/caraudioworld.eu\\\/cs\\\/produkt\\\/audiosystem-f4d-400\\\/#breadcrumb\",\"itemListElement\":[{\"@type\":\"ListItem\",\"position\":1,\"name\":\"Home\",\"item\":\"https:\\\/\\\/caraudioworld.eu\\\/cs\\\/\"},{\"@type\":\"ListItem\",\"position\":2,\"name\":\"Obchod\",\"item\":\"https:\\\/\\\/caraudioworld.eu\\\/cs\\\/obchod\\\/\"},{\"@type\":\"ListItem\",\"position\":3,\"name\":\"Audiosystem F4D-400\"}]},{\"@type\":\"WebSite\",\"@id\":\"https:\\\/\\\/caraudioworld.eu\\\/cs\\\/#website\",\"url\":\"https:\\\/\\\/caraudioworld.eu\\\/cs\\\/\",\"name\":\"CARAUDIOWORLD\",\"description\":\"Audio Heaven\",\"publisher\":{\"@id\":\"https:\\\/\\\/caraudioworld.eu\\\/cs\\\/#organization\"},\"potentialAction\":[{\"@type\":\"SearchAction\",\"target\":{\"@type\":\"EntryPoint\",\"urlTemplate\":\"https:\\\/\\\/caraudioworld.eu\\\/cs\\\/?s={search_term_string}\"},\"query-input\":{\"@type\":\"PropertyValueSpecification\",\"valueRequired\":true,\"valueName\":\"search_term_string\"}}],\"inLanguage\":\"cs\"},{\"@type\":\"Organization\",\"@id\":\"https:\\\/\\\/caraudioworld.eu\\\/cs\\\/#organization\",\"name\":\"CARAUDIOWORLD.eu\",\"url\":\"https:\\\/\\\/caraudioworld.eu\\\/cs\\\/\",\"logo\":{\"@type\":\"ImageObject\",\"inLanguage\":\"cs\",\"@id\":\"https:\\\/\\\/caraudioworld.eu\\\/cs\\\/#\\\/schema\\\/logo\\\/image\\\/\",\"url\":\"https:\\\/\\\/caraudioworld.eu\\\/wp-content\\\/uploads\\\/2020\\\/10\\\/CAW_rounded.png\",\"contentUrl\":\"https:\\\/\\\/caraudioworld.eu\\\/wp-content\\\/uploads\\\/2020\\\/10\\\/CAW_rounded.png\",\"width\":510,\"height\":510,\"caption\":\"CARAUDIOWORLD.eu\"},\"image\":{\"@id\":\"https:\\\/\\\/caraudioworld.eu\\\/cs\\\/#\\\/schema\\\/logo\\\/image\\\/\"},\"sameAs\":[\"https:\\\/\\\/www.facebook.com\\\/caraudioworld.eu\",\"https:\\\/\\\/www.instagram.com\\\/caraudioworld.eu\\\/\"]}]}<\/script>\n<!-- \/ Yoast SEO plugin. -->","yoast_head_json":{"title":"Audiosystem F4D-400 - CARAUDIOWORLD","description":"Vysokov\u00fdkonn\u00fd 4 kan\u00e1lov\u00fd zesilova\u010d s v\u00fdborn\u00fdm zvukem, skv\u011blou kontrolou a dynamikou. Made in Italy, vyr\u00e1b\u011bn\u00e9 v tov\u00e1rn\u011b firmy STEG. Krom\u011b v\u00fdborn\u00fdch zvukov\u00fdch vlastnost\u00ed zaujme i sv\u00fdmi mal\u00fdmi rozm\u011bry a integrovan\u00fdm chlazen\u00edm. T\u0159\u00edda: D Power 4 ohms RMS stereoWatt 14.4 Volt 100 x 4 Power 2 ohms RMS stereoWatt 14.4 Volt 150 x 4 Power 4 ohms RMS stereoWatt 14.4 Volt 300 x 2 Minim\u00e1ln\u00ed zat\u00ed\u017een\u00ed: 2 ohm Frekven\u010dn\u00ed rozsah: 5 Hz - 25,000 Hz Filtr: (HP 20-150) + (LP 45-300) Hz Filtr slope: 12 dB \/ oct Citlivost: Volts RMS 0.2 V - 5 V Rozm\u011bry: 275 x 45 x 135 mm V\u00e1ha: 2.8 Kg Manual: Download Technick\u00e9 specifikace: Download","robots":{"index":"index","follow":"follow","max-snippet":"max-snippet:-1","max-image-preview":"max-image-preview:large","max-video-preview":"max-video-preview:-1"},"canonical":"https:\/\/caraudioworld.eu\/cs\/produkt\/audiosystem-f4d-400\/","og_locale":"cs_CZ","og_type":"article","og_title":"Audiosystem F4D-400 - CARAUDIOWORLD","og_description":"Vysokov\u00fdkonn\u00fd 4 kan\u00e1lov\u00fd zesilova\u010d s v\u00fdborn\u00fdm zvukem, skv\u011blou kontrolou a dynamikou. Made in Italy, vyr\u00e1b\u011bn\u00e9 v tov\u00e1rn\u011b firmy STEG. Krom\u011b v\u00fdborn\u00fdch zvukov\u00fdch vlastnost\u00ed zaujme i sv\u00fdmi mal\u00fdmi rozm\u011bry a integrovan\u00fdm chlazen\u00edm. T\u0159\u00edda: D Power 4 ohms RMS stereoWatt 14.4 Volt 100 x 4 Power 2 ohms RMS stereoWatt 14.4 Volt 150 x 4 Power 4 ohms RMS stereoWatt 14.4 Volt 300 x 2 Minim\u00e1ln\u00ed zat\u00ed\u017een\u00ed: 2 ohm Frekven\u010dn\u00ed rozsah: 5 Hz - 25,000 Hz Filtr: (HP 20-150) + (LP 45-300) Hz Filtr slope: 12 dB \/ oct Citlivost: Volts RMS 0.2 V - 5 V Rozm\u011bry: 275 x 45 x 135 mm V\u00e1ha: 2.8 Kg Manual: Download Technick\u00e9 specifikace: Download","og_url":"https:\/\/caraudioworld.eu\/cs\/produkt\/audiosystem-f4d-400\/","og_site_name":"CARAUDIOWORLD","article_publisher":"https:\/\/www.facebook.com\/caraudioworld.eu","article_modified_time":"2020-10-26T17:25:29+00:00","og_image":[{"width":1000,"height":700,"url":"https:\/\/caraudioworld.eu\/wp-content\/uploads\/2019\/12\/111-2.jpg","type":"image\/jpeg"}],"twitter_card":"summary_large_image","schema":{"@context":"https:\/\/schema.org","@graph":[{"@type":"WebPage","@id":"https:\/\/caraudioworld.eu\/cs\/produkt\/audiosystem-f4d-400\/","url":"https:\/\/caraudioworld.eu\/cs\/produkt\/audiosystem-f4d-400\/","name":"Audiosystem F4D-400 - CARAUDIOWORLD","isPartOf":{"@id":"https:\/\/caraudioworld.eu\/cs\/#website"},"primaryImageOfPage":{"@id":"https:\/\/caraudioworld.eu\/cs\/produkt\/audiosystem-f4d-400\/#primaryimage"},"image":{"@id":"https:\/\/caraudioworld.eu\/cs\/produkt\/audiosystem-f4d-400\/#primaryimage"},"thumbnailUrl":"https:\/\/caraudioworld.eu\/wp-content\/uploads\/2019\/12\/111-2.jpg","datePublished":"2019-12-19T19:43:49+00:00","dateModified":"2020-10-26T17:25:29+00:00","description":"Vysokov\u00fdkonn\u00fd 4 kan\u00e1lov\u00fd zesilova\u010d s v\u00fdborn\u00fdm zvukem, skv\u011blou kontrolou a dynamikou. Made in Italy, vyr\u00e1b\u011bn\u00e9 v tov\u00e1rn\u011b firmy STEG. Krom\u011b v\u00fdborn\u00fdch zvukov\u00fdch vlastnost\u00ed zaujme i sv\u00fdmi mal\u00fdmi rozm\u011bry a integrovan\u00fdm chlazen\u00edm. T\u0159\u00edda: D Power 4 ohms RMS stereoWatt 14.4 Volt 100 x 4 Power 2 ohms RMS stereoWatt 14.4 Volt 150 x 4 Power 4 ohms RMS stereoWatt 14.4 Volt 300 x 2 Minim\u00e1ln\u00ed zat\u00ed\u017een\u00ed: 2 ohm Frekven\u010dn\u00ed rozsah: 5 Hz - 25,000 Hz Filtr: (HP 20-150) + (LP 45-300) Hz Filtr slope: 12 dB \/ oct Citlivost: Volts RMS 0.2 V - 5 V Rozm\u011bry: 275 x 45 x 135 mm V\u00e1ha: 2.8 Kg Manual: Download Technick\u00e9 specifikace: Download","breadcrumb":{"@id":"https:\/\/caraudioworld.eu\/cs\/produkt\/audiosystem-f4d-400\/#breadcrumb"},"inLanguage":"cs","potentialAction":[{"@type":"ReadAction","target":["https:\/\/caraudioworld.eu\/cs\/produkt\/audiosystem-f4d-400\/"]}]},{"@type":"ImageObject","inLanguage":"cs","@id":"https:\/\/caraudioworld.eu\/cs\/produkt\/audiosystem-f4d-400\/#primaryimage","url":"https:\/\/caraudioworld.eu\/wp-content\/uploads\/2019\/12\/111-2.jpg","contentUrl":"https:\/\/caraudioworld.eu\/wp-content\/uploads\/2019\/12\/111-2.jpg","width":1000,"height":700,"caption":"audiosystem f4d-400"},{"@type":"BreadcrumbList","@id":"https:\/\/caraudioworld.eu\/cs\/produkt\/audiosystem-f4d-400\/#breadcrumb","itemListElement":[{"@type":"ListItem","position":1,"name":"Home","item":"https:\/\/caraudioworld.eu\/cs\/"},{"@type":"ListItem","position":2,"name":"Obchod","item":"https:\/\/caraudioworld.eu\/cs\/obchod\/"},{"@type":"ListItem","position":3,"name":"Audiosystem F4D-400"}]},{"@type":"WebSite","@id":"https:\/\/caraudioworld.eu\/cs\/#website","url":"https:\/\/caraudioworld.eu\/cs\/","name":"CARAUDIOWORLD","description":"Audio Heaven","publisher":{"@id":"https:\/\/caraudioworld.eu\/cs\/#organization"},"potentialAction":[{"@type":"SearchAction","target":{"@type":"EntryPoint","urlTemplate":"https:\/\/caraudioworld.eu\/cs\/?s={search_term_string}"},"query-input":{"@type":"PropertyValueSpecification","valueRequired":true,"valueName":"search_term_string"}}],"inLanguage":"cs"},{"@type":"Organization","@id":"https:\/\/caraudioworld.eu\/cs\/#organization","name":"CARAUDIOWORLD.eu","url":"https:\/\/caraudioworld.eu\/cs\/","logo":{"@type":"ImageObject","inLanguage":"cs","@id":"https:\/\/caraudioworld.eu\/cs\/#\/schema\/logo\/image\/","url":"https:\/\/caraudioworld.eu\/wp-content\/uploads\/2020\/10\/CAW_rounded.png","contentUrl":"https:\/\/caraudioworld.eu\/wp-content\/uploads\/2020\/10\/CAW_rounded.png","width":510,"height":510,"caption":"CARAUDIOWORLD.eu"},"image":{"@id":"https:\/\/caraudioworld.eu\/cs\/#\/schema\/logo\/image\/"},"sameAs":["https:\/\/www.facebook.com\/caraudioworld.eu","https:\/\/www.instagram.com\/caraudioworld.eu\/"]}]}},"_links":{"self":[{"href":"https:\/\/caraudioworld.eu\/cs\/wp-json\/wp\/v2\/product\/8031","targetHints":{"allow":["GET"]}}],"collection":[{"href":"https:\/\/caraudioworld.eu\/cs\/wp-json\/wp\/v2\/product"}],"about":[{"href":"https:\/\/caraudioworld.eu\/cs\/wp-json\/wp\/v2\/types\/product"}],"replies":[{"embeddable":true,"href":"https:\/\/caraudioworld.eu\/cs\/wp-json\/wp\/v2\/comments?post=8031"}],"wp:featuredmedia":[{"embeddable":true,"href":"https:\/\/caraudioworld.eu\/cs\/wp-json\/wp\/v2\/media\/8032"}],"wp:attachment":[{"href":"https:\/\/caraudioworld.eu\/cs\/wp-json\/wp\/v2\/media?parent=8031"}],"wp:term":[{"taxonomy":"product_brand","embeddable":true,"href":"https:\/\/caraudioworld.eu\/cs\/wp-json\/wp\/v2\/product_brand?post=8031"},{"taxonomy":"product_cat","embeddable":true,"href":"https:\/\/caraudioworld.eu\/cs\/wp-json\/wp\/v2\/product_cat?post=8031"},{"taxonomy":"product_tag","embeddable":true,"href":"https:\/\/caraudioworld.eu\/cs\/wp-json\/wp\/v2\/product_tag?post=8031"}],"curies":[{"name":"wp","href":"https:\/\/api.w.org\/{rel}","templated":true}]}}