{"id":8037,"date":"2019-12-21T16:54:56","date_gmt":"2019-12-21T15:54:56","guid":{"rendered":"https:\/\/caraudioworld.eu\/produkt\/ctk-wavefix-35\/"},"modified":"2019-12-21T16:54:56","modified_gmt":"2019-12-21T15:54:56","slug":"ctk-wavefix-35","status":"publish","type":"product","link":"https:\/\/caraudioworld.eu\/cs\/produkt\/ctk-wavefix-35\/","title":{"rendered":"CTK WaveFix 35"},"content":{"rendered":"","protected":false},"excerpt":{"rendered":"<p>Kvalitn\u00ed samolepic\u00ed akustick\u00e1 p\u011bna vhodn\u00e1 na odhlu\u010dn\u011bn\u00ed tapec\u00edrem, st\u0159echy nebo vypln\u011bn\u00ed pr\u00e1zdn\u00fdch prostor\u016f.<\/p>\n<p>D\u00edky sv\u00e9 velmi m\u011bkk\u00e9 a flexibiln\u00ed struktu\u0159e se CTK WaveFix velmi snadno instaluje na rovn\u00e9 a nerovn\u00e9 povrchy, i kdy\u017e m\u00e1 velmi slo\u017eit\u00fd tvar. Jsou ur\u010deny k pou\u017eit\u00ed uvnit\u0159 auta, hlavn\u011b na tapac\u00edr nebo za plastov\u00fdmi panely, \u010daloun\u011bn\u00edm, stropn\u00edmi oblo\u017een\u00edmi, p\u0159\u00edstrojov\u00fdmi deskami, jako\u017e i v kufru, na povr\u0161\u00edch oblouk\u016f a blatn\u00edk\u016f kol, jako velmi \u00fa\u010dinn\u00fd materi\u00e1l, kter\u00fd absorbuje hluk na cest\u00e1ch.<\/p>\n<p>Po\u010det (kus\u016f) v balen\u00ed: 4 (ks)<br \/>\nPo\u010det m\u00b2 v balen\u00ed: 0.8<br \/>\nV\u00e1ha 1 kus: 0.27 kg<\/p>\n<p>Velikost: 50 x 40 cm (ks)<br \/>\nTlou\u0161\u0165ka: 3.5cm<\/p>\n<p><strong>V\u00edce informac\u00ed:<\/strong>\u00a0<a style=\"color: blue;\" href=\"https:\/\/caraudioworld.eu\/wp-content\/uploads\/2019\/12\/CTK-WaveFix-500_400.pdf\" target=\"_blank\" rel=\"noopener noreferrer\">Download PDF<\/a><\/p>\n","protected":false},"featured_media":8038,"comment_status":"open","ping_status":"closed","template":"","meta":[],"product_brand":[],"product_cat":[419],"product_tag":[334],"class_list":{"0":"post-8037","1":"product","2":"type-product","3":"status-publish","4":"has-post-thumbnail","6":"product_cat-tlumeni","7":"product_tag-ctk-cs","9":"first","10":"instock","11":"taxable","12":"shipping-taxable","13":"purchasable","14":"product-type-simple"},"yoast_head":"<!-- This site is optimized with the Yoast SEO plugin v27.3 - https:\/\/yoast.com\/product\/yoast-seo-wordpress\/ -->\n<title>CTK WaveFix 35 - CARAUDIOWORLD<\/title>\n<meta name=\"description\" content=\"Kvalitn\u00ed samolepic\u00ed akustick\u00e1 p\u011bna vhodn\u00e1 na odhlu\u010dn\u011bn\u00ed tapec\u00edrem, st\u0159echy nebo vypln\u011bn\u00ed pr\u00e1zdn\u00fdch prostor\u016f.  D\u00edky sv\u00e9 velmi m\u011bkk\u00e9 a flexibiln\u00ed struktu\u0159e se CTK WaveFix velmi snadno instaluje na rovn\u00e9 a nerovn\u00e9 povrchy, i kdy\u017e m\u00e1 velmi slo\u017eit\u00fd tvar. Jsou ur\u010deny k pou\u017eit\u00ed uvnit\u0159 auta, hlavn\u011b na tapac\u00edr nebo za plastov\u00fdmi panely, \u010daloun\u011bn\u00edm, stropn\u00edmi oblo\u017een\u00edmi, p\u0159\u00edstrojov\u00fdmi deskami, jako\u017e i v kufru, na povr\u0161\u00edch oblouk\u016f a blatn\u00edk\u016f kol, jako velmi \u00fa\u010dinn\u00fd materi\u00e1l, kter\u00fd absorbuje hluk na cest\u00e1ch.  Po\u010det (kus\u016f) v balen\u00ed: 4 (ks) Po\u010det m\u00b2 v balen\u00ed: 0.8 V\u00e1ha 1 kus: 0.27 kg  Velikost: 50 x 40 cm (ks) Tlou\u0161\u0165ka: 3.5cm  V\u00edce informac\u00ed:\u00a0Download PDF\" \/>\n<meta name=\"robots\" content=\"index, follow, max-snippet:-1, max-image-preview:large, max-video-preview:-1\" \/>\n<link rel=\"canonical\" href=\"https:\/\/caraudioworld.eu\/cs\/produkt\/ctk-wavefix-35\/\" \/>\n<meta property=\"og:locale\" content=\"cs_CZ\" \/>\n<meta property=\"og:type\" content=\"article\" \/>\n<meta property=\"og:title\" content=\"CTK WaveFix 35 - CARAUDIOWORLD\" \/>\n<meta property=\"og:description\" content=\"Kvalitn\u00ed samolepic\u00ed akustick\u00e1 p\u011bna vhodn\u00e1 na odhlu\u010dn\u011bn\u00ed tapec\u00edrem, st\u0159echy nebo vypln\u011bn\u00ed pr\u00e1zdn\u00fdch prostor\u016f.  D\u00edky sv\u00e9 velmi m\u011bkk\u00e9 a flexibiln\u00ed struktu\u0159e se CTK WaveFix velmi snadno instaluje na rovn\u00e9 a nerovn\u00e9 povrchy, i kdy\u017e m\u00e1 velmi slo\u017eit\u00fd tvar. Jsou ur\u010deny k pou\u017eit\u00ed uvnit\u0159 auta, hlavn\u011b na tapac\u00edr nebo za plastov\u00fdmi panely, \u010daloun\u011bn\u00edm, stropn\u00edmi oblo\u017een\u00edmi, p\u0159\u00edstrojov\u00fdmi deskami, jako\u017e i v kufru, na povr\u0161\u00edch oblouk\u016f a blatn\u00edk\u016f kol, jako velmi \u00fa\u010dinn\u00fd materi\u00e1l, kter\u00fd absorbuje hluk na cest\u00e1ch.  Po\u010det (kus\u016f) v balen\u00ed: 4 (ks) Po\u010det m\u00b2 v balen\u00ed: 0.8 V\u00e1ha 1 kus: 0.27 kg  Velikost: 50 x 40 cm (ks) Tlou\u0161\u0165ka: 3.5cm  V\u00edce informac\u00ed:\u00a0Download PDF\" \/>\n<meta property=\"og:url\" content=\"https:\/\/caraudioworld.eu\/cs\/produkt\/ctk-wavefix-35\/\" \/>\n<meta property=\"og:site_name\" content=\"CARAUDIOWORLD\" \/>\n<meta property=\"article:publisher\" content=\"https:\/\/www.facebook.com\/caraudioworld.eu\" \/>\n<meta property=\"og:image\" content=\"https:\/\/caraudioworld.eu\/wp-content\/uploads\/2019\/12\/11-14.jpg\" \/>\n\t<meta property=\"og:image:width\" content=\"1000\" \/>\n\t<meta property=\"og:image:height\" content=\"700\" \/>\n\t<meta property=\"og:image:type\" content=\"image\/jpeg\" \/>\n<meta name=\"twitter:card\" content=\"summary_large_image\" \/>\n<script type=\"application\/ld+json\" class=\"yoast-schema-graph\">{\"@context\":\"https:\\\/\\\/schema.org\",\"@graph\":[{\"@type\":\"WebPage\",\"@id\":\"https:\\\/\\\/caraudioworld.eu\\\/cs\\\/produkt\\\/ctk-wavefix-35\\\/\",\"url\":\"https:\\\/\\\/caraudioworld.eu\\\/cs\\\/produkt\\\/ctk-wavefix-35\\\/\",\"name\":\"CTK WaveFix 35 - CARAUDIOWORLD\",\"isPartOf\":{\"@id\":\"https:\\\/\\\/caraudioworld.eu\\\/cs\\\/#website\"},\"primaryImageOfPage\":{\"@id\":\"https:\\\/\\\/caraudioworld.eu\\\/cs\\\/produkt\\\/ctk-wavefix-35\\\/#primaryimage\"},\"image\":{\"@id\":\"https:\\\/\\\/caraudioworld.eu\\\/cs\\\/produkt\\\/ctk-wavefix-35\\\/#primaryimage\"},\"thumbnailUrl\":\"https:\\\/\\\/caraudioworld.eu\\\/wp-content\\\/uploads\\\/2019\\\/12\\\/11-14.jpg\",\"datePublished\":\"2019-12-21T15:54:56+00:00\",\"description\":\"Kvalitn\u00ed samolepic\u00ed akustick\u00e1 p\u011bna vhodn\u00e1 na odhlu\u010dn\u011bn\u00ed tapec\u00edrem, st\u0159echy nebo vypln\u011bn\u00ed pr\u00e1zdn\u00fdch prostor\u016f. D\u00edky sv\u00e9 velmi m\u011bkk\u00e9 a flexibiln\u00ed struktu\u0159e se CTK WaveFix velmi snadno instaluje na rovn\u00e9 a nerovn\u00e9 povrchy, i kdy\u017e m\u00e1 velmi slo\u017eit\u00fd tvar. Jsou ur\u010deny k pou\u017eit\u00ed uvnit\u0159 auta, hlavn\u011b na tapac\u00edr nebo za plastov\u00fdmi panely, \u010daloun\u011bn\u00edm, stropn\u00edmi oblo\u017een\u00edmi, p\u0159\u00edstrojov\u00fdmi deskami, jako\u017e i v kufru, na povr\u0161\u00edch oblouk\u016f a blatn\u00edk\u016f kol, jako velmi \u00fa\u010dinn\u00fd materi\u00e1l, kter\u00fd absorbuje hluk na cest\u00e1ch. Po\u010det (kus\u016f) v balen\u00ed: 4 (ks) Po\u010det m\u00b2 v balen\u00ed: 0.8 V\u00e1ha 1 kus: 0.27 kg Velikost: 50 x 40 cm (ks) Tlou\u0161\u0165ka: 3.5cm V\u00edce informac\u00ed:\u00a0Download PDF\",\"breadcrumb\":{\"@id\":\"https:\\\/\\\/caraudioworld.eu\\\/cs\\\/produkt\\\/ctk-wavefix-35\\\/#breadcrumb\"},\"inLanguage\":\"cs\",\"potentialAction\":[{\"@type\":\"ReadAction\",\"target\":[\"https:\\\/\\\/caraudioworld.eu\\\/cs\\\/produkt\\\/ctk-wavefix-35\\\/\"]}]},{\"@type\":\"ImageObject\",\"inLanguage\":\"cs\",\"@id\":\"https:\\\/\\\/caraudioworld.eu\\\/cs\\\/produkt\\\/ctk-wavefix-35\\\/#primaryimage\",\"url\":\"https:\\\/\\\/caraudioworld.eu\\\/wp-content\\\/uploads\\\/2019\\\/12\\\/11-14.jpg\",\"contentUrl\":\"https:\\\/\\\/caraudioworld.eu\\\/wp-content\\\/uploads\\\/2019\\\/12\\\/11-14.jpg\",\"width\":1000,\"height\":700,\"caption\":\"ctk wavefix 35\"},{\"@type\":\"BreadcrumbList\",\"@id\":\"https:\\\/\\\/caraudioworld.eu\\\/cs\\\/produkt\\\/ctk-wavefix-35\\\/#breadcrumb\",\"itemListElement\":[{\"@type\":\"ListItem\",\"position\":1,\"name\":\"Home\",\"item\":\"https:\\\/\\\/caraudioworld.eu\\\/cs\\\/\"},{\"@type\":\"ListItem\",\"position\":2,\"name\":\"Obchod\",\"item\":\"https:\\\/\\\/caraudioworld.eu\\\/cs\\\/obchod\\\/\"},{\"@type\":\"ListItem\",\"position\":3,\"name\":\"CTK WaveFix 35\"}]},{\"@type\":\"WebSite\",\"@id\":\"https:\\\/\\\/caraudioworld.eu\\\/cs\\\/#website\",\"url\":\"https:\\\/\\\/caraudioworld.eu\\\/cs\\\/\",\"name\":\"CARAUDIOWORLD\",\"description\":\"Audio Heaven\",\"publisher\":{\"@id\":\"https:\\\/\\\/caraudioworld.eu\\\/cs\\\/#organization\"},\"potentialAction\":[{\"@type\":\"SearchAction\",\"target\":{\"@type\":\"EntryPoint\",\"urlTemplate\":\"https:\\\/\\\/caraudioworld.eu\\\/cs\\\/?s={search_term_string}\"},\"query-input\":{\"@type\":\"PropertyValueSpecification\",\"valueRequired\":true,\"valueName\":\"search_term_string\"}}],\"inLanguage\":\"cs\"},{\"@type\":\"Organization\",\"@id\":\"https:\\\/\\\/caraudioworld.eu\\\/cs\\\/#organization\",\"name\":\"CARAUDIOWORLD.eu\",\"url\":\"https:\\\/\\\/caraudioworld.eu\\\/cs\\\/\",\"logo\":{\"@type\":\"ImageObject\",\"inLanguage\":\"cs\",\"@id\":\"https:\\\/\\\/caraudioworld.eu\\\/cs\\\/#\\\/schema\\\/logo\\\/image\\\/\",\"url\":\"https:\\\/\\\/caraudioworld.eu\\\/wp-content\\\/uploads\\\/2020\\\/10\\\/CAW_rounded.png\",\"contentUrl\":\"https:\\\/\\\/caraudioworld.eu\\\/wp-content\\\/uploads\\\/2020\\\/10\\\/CAW_rounded.png\",\"width\":510,\"height\":510,\"caption\":\"CARAUDIOWORLD.eu\"},\"image\":{\"@id\":\"https:\\\/\\\/caraudioworld.eu\\\/cs\\\/#\\\/schema\\\/logo\\\/image\\\/\"},\"sameAs\":[\"https:\\\/\\\/www.facebook.com\\\/caraudioworld.eu\",\"https:\\\/\\\/www.instagram.com\\\/caraudioworld.eu\\\/\"]}]}<\/script>\n<!-- \/ Yoast SEO plugin. -->","yoast_head_json":{"title":"CTK WaveFix 35 - CARAUDIOWORLD","description":"Kvalitn\u00ed samolepic\u00ed akustick\u00e1 p\u011bna vhodn\u00e1 na odhlu\u010dn\u011bn\u00ed tapec\u00edrem, st\u0159echy nebo vypln\u011bn\u00ed pr\u00e1zdn\u00fdch prostor\u016f.  D\u00edky sv\u00e9 velmi m\u011bkk\u00e9 a flexibiln\u00ed struktu\u0159e se CTK WaveFix velmi snadno instaluje na rovn\u00e9 a nerovn\u00e9 povrchy, i kdy\u017e m\u00e1 velmi slo\u017eit\u00fd tvar. Jsou ur\u010deny k pou\u017eit\u00ed uvnit\u0159 auta, hlavn\u011b na tapac\u00edr nebo za plastov\u00fdmi panely, \u010daloun\u011bn\u00edm, stropn\u00edmi oblo\u017een\u00edmi, p\u0159\u00edstrojov\u00fdmi deskami, jako\u017e i v kufru, na povr\u0161\u00edch oblouk\u016f a blatn\u00edk\u016f kol, jako velmi \u00fa\u010dinn\u00fd materi\u00e1l, kter\u00fd absorbuje hluk na cest\u00e1ch.  Po\u010det (kus\u016f) v balen\u00ed: 4 (ks) Po\u010det m\u00b2 v balen\u00ed: 0.8 V\u00e1ha 1 kus: 0.27 kg  Velikost: 50 x 40 cm (ks) Tlou\u0161\u0165ka: 3.5cm  V\u00edce informac\u00ed:\u00a0Download PDF","robots":{"index":"index","follow":"follow","max-snippet":"max-snippet:-1","max-image-preview":"max-image-preview:large","max-video-preview":"max-video-preview:-1"},"canonical":"https:\/\/caraudioworld.eu\/cs\/produkt\/ctk-wavefix-35\/","og_locale":"cs_CZ","og_type":"article","og_title":"CTK WaveFix 35 - CARAUDIOWORLD","og_description":"Kvalitn\u00ed samolepic\u00ed akustick\u00e1 p\u011bna vhodn\u00e1 na odhlu\u010dn\u011bn\u00ed tapec\u00edrem, st\u0159echy nebo vypln\u011bn\u00ed pr\u00e1zdn\u00fdch prostor\u016f.  D\u00edky sv\u00e9 velmi m\u011bkk\u00e9 a flexibiln\u00ed struktu\u0159e se CTK WaveFix velmi snadno instaluje na rovn\u00e9 a nerovn\u00e9 povrchy, i kdy\u017e m\u00e1 velmi slo\u017eit\u00fd tvar. Jsou ur\u010deny k pou\u017eit\u00ed uvnit\u0159 auta, hlavn\u011b na tapac\u00edr nebo za plastov\u00fdmi panely, \u010daloun\u011bn\u00edm, stropn\u00edmi oblo\u017een\u00edmi, p\u0159\u00edstrojov\u00fdmi deskami, jako\u017e i v kufru, na povr\u0161\u00edch oblouk\u016f a blatn\u00edk\u016f kol, jako velmi \u00fa\u010dinn\u00fd materi\u00e1l, kter\u00fd absorbuje hluk na cest\u00e1ch.  Po\u010det (kus\u016f) v balen\u00ed: 4 (ks) Po\u010det m\u00b2 v balen\u00ed: 0.8 V\u00e1ha 1 kus: 0.27 kg  Velikost: 50 x 40 cm (ks) Tlou\u0161\u0165ka: 3.5cm  V\u00edce informac\u00ed:\u00a0Download PDF","og_url":"https:\/\/caraudioworld.eu\/cs\/produkt\/ctk-wavefix-35\/","og_site_name":"CARAUDIOWORLD","article_publisher":"https:\/\/www.facebook.com\/caraudioworld.eu","og_image":[{"width":1000,"height":700,"url":"https:\/\/caraudioworld.eu\/wp-content\/uploads\/2019\/12\/11-14.jpg","type":"image\/jpeg"}],"twitter_card":"summary_large_image","schema":{"@context":"https:\/\/schema.org","@graph":[{"@type":"WebPage","@id":"https:\/\/caraudioworld.eu\/cs\/produkt\/ctk-wavefix-35\/","url":"https:\/\/caraudioworld.eu\/cs\/produkt\/ctk-wavefix-35\/","name":"CTK WaveFix 35 - CARAUDIOWORLD","isPartOf":{"@id":"https:\/\/caraudioworld.eu\/cs\/#website"},"primaryImageOfPage":{"@id":"https:\/\/caraudioworld.eu\/cs\/produkt\/ctk-wavefix-35\/#primaryimage"},"image":{"@id":"https:\/\/caraudioworld.eu\/cs\/produkt\/ctk-wavefix-35\/#primaryimage"},"thumbnailUrl":"https:\/\/caraudioworld.eu\/wp-content\/uploads\/2019\/12\/11-14.jpg","datePublished":"2019-12-21T15:54:56+00:00","description":"Kvalitn\u00ed samolepic\u00ed akustick\u00e1 p\u011bna vhodn\u00e1 na odhlu\u010dn\u011bn\u00ed tapec\u00edrem, st\u0159echy nebo vypln\u011bn\u00ed pr\u00e1zdn\u00fdch prostor\u016f. D\u00edky sv\u00e9 velmi m\u011bkk\u00e9 a flexibiln\u00ed struktu\u0159e se CTK WaveFix velmi snadno instaluje na rovn\u00e9 a nerovn\u00e9 povrchy, i kdy\u017e m\u00e1 velmi slo\u017eit\u00fd tvar. Jsou ur\u010deny k pou\u017eit\u00ed uvnit\u0159 auta, hlavn\u011b na tapac\u00edr nebo za plastov\u00fdmi panely, \u010daloun\u011bn\u00edm, stropn\u00edmi oblo\u017een\u00edmi, p\u0159\u00edstrojov\u00fdmi deskami, jako\u017e i v kufru, na povr\u0161\u00edch oblouk\u016f a blatn\u00edk\u016f kol, jako velmi \u00fa\u010dinn\u00fd materi\u00e1l, kter\u00fd absorbuje hluk na cest\u00e1ch. Po\u010det (kus\u016f) v balen\u00ed: 4 (ks) Po\u010det m\u00b2 v balen\u00ed: 0.8 V\u00e1ha 1 kus: 0.27 kg Velikost: 50 x 40 cm (ks) Tlou\u0161\u0165ka: 3.5cm V\u00edce informac\u00ed:\u00a0Download PDF","breadcrumb":{"@id":"https:\/\/caraudioworld.eu\/cs\/produkt\/ctk-wavefix-35\/#breadcrumb"},"inLanguage":"cs","potentialAction":[{"@type":"ReadAction","target":["https:\/\/caraudioworld.eu\/cs\/produkt\/ctk-wavefix-35\/"]}]},{"@type":"ImageObject","inLanguage":"cs","@id":"https:\/\/caraudioworld.eu\/cs\/produkt\/ctk-wavefix-35\/#primaryimage","url":"https:\/\/caraudioworld.eu\/wp-content\/uploads\/2019\/12\/11-14.jpg","contentUrl":"https:\/\/caraudioworld.eu\/wp-content\/uploads\/2019\/12\/11-14.jpg","width":1000,"height":700,"caption":"ctk wavefix 35"},{"@type":"BreadcrumbList","@id":"https:\/\/caraudioworld.eu\/cs\/produkt\/ctk-wavefix-35\/#breadcrumb","itemListElement":[{"@type":"ListItem","position":1,"name":"Home","item":"https:\/\/caraudioworld.eu\/cs\/"},{"@type":"ListItem","position":2,"name":"Obchod","item":"https:\/\/caraudioworld.eu\/cs\/obchod\/"},{"@type":"ListItem","position":3,"name":"CTK WaveFix 35"}]},{"@type":"WebSite","@id":"https:\/\/caraudioworld.eu\/cs\/#website","url":"https:\/\/caraudioworld.eu\/cs\/","name":"CARAUDIOWORLD","description":"Audio Heaven","publisher":{"@id":"https:\/\/caraudioworld.eu\/cs\/#organization"},"potentialAction":[{"@type":"SearchAction","target":{"@type":"EntryPoint","urlTemplate":"https:\/\/caraudioworld.eu\/cs\/?s={search_term_string}"},"query-input":{"@type":"PropertyValueSpecification","valueRequired":true,"valueName":"search_term_string"}}],"inLanguage":"cs"},{"@type":"Organization","@id":"https:\/\/caraudioworld.eu\/cs\/#organization","name":"CARAUDIOWORLD.eu","url":"https:\/\/caraudioworld.eu\/cs\/","logo":{"@type":"ImageObject","inLanguage":"cs","@id":"https:\/\/caraudioworld.eu\/cs\/#\/schema\/logo\/image\/","url":"https:\/\/caraudioworld.eu\/wp-content\/uploads\/2020\/10\/CAW_rounded.png","contentUrl":"https:\/\/caraudioworld.eu\/wp-content\/uploads\/2020\/10\/CAW_rounded.png","width":510,"height":510,"caption":"CARAUDIOWORLD.eu"},"image":{"@id":"https:\/\/caraudioworld.eu\/cs\/#\/schema\/logo\/image\/"},"sameAs":["https:\/\/www.facebook.com\/caraudioworld.eu","https:\/\/www.instagram.com\/caraudioworld.eu\/"]}]}},"_links":{"self":[{"href":"https:\/\/caraudioworld.eu\/cs\/wp-json\/wp\/v2\/product\/8037","targetHints":{"allow":["GET"]}}],"collection":[{"href":"https:\/\/caraudioworld.eu\/cs\/wp-json\/wp\/v2\/product"}],"about":[{"href":"https:\/\/caraudioworld.eu\/cs\/wp-json\/wp\/v2\/types\/product"}],"replies":[{"embeddable":true,"href":"https:\/\/caraudioworld.eu\/cs\/wp-json\/wp\/v2\/comments?post=8037"}],"wp:featuredmedia":[{"embeddable":true,"href":"https:\/\/caraudioworld.eu\/cs\/wp-json\/wp\/v2\/media\/8038"}],"wp:attachment":[{"href":"https:\/\/caraudioworld.eu\/cs\/wp-json\/wp\/v2\/media?parent=8037"}],"wp:term":[{"taxonomy":"product_brand","embeddable":true,"href":"https:\/\/caraudioworld.eu\/cs\/wp-json\/wp\/v2\/product_brand?post=8037"},{"taxonomy":"product_cat","embeddable":true,"href":"https:\/\/caraudioworld.eu\/cs\/wp-json\/wp\/v2\/product_cat?post=8037"},{"taxonomy":"product_tag","embeddable":true,"href":"https:\/\/caraudioworld.eu\/cs\/wp-json\/wp\/v2\/product_tag?post=8037"}],"curies":[{"name":"wp","href":"https:\/\/api.w.org\/{rel}","templated":true}]}}