{"id":8066,"date":"2019-12-31T14:19:18","date_gmt":"2019-12-31T13:19:18","guid":{"rendered":"https:\/\/caraudioworld.eu\/produkt\/audiosystem-au75-4\/"},"modified":"2019-12-31T14:19:18","modified_gmt":"2019-12-31T13:19:18","slug":"audiosystem-au75-4","status":"publish","type":"product","link":"https:\/\/caraudioworld.eu\/cs\/produkt\/audiosystem-au75-4\/","title":{"rendered":"Audiosystem AU75.4"},"content":{"rendered":"","protected":false},"excerpt":{"rendered":"<p>Kvalitn\u00ed 4 kan\u00e1lov\u00fd zesilova\u010d mal\u00fdch rozm\u011br\u016f s audiofilsk\u00e9 zvukem, Made in Italy! Vyr\u00e1b\u011bn\u00e9 ve fabrice firmy STEG.<\/p>\n<p>Power 4 ohms stereoWatt RMS 14.4 Volt 75 x 4<br \/>\nPower 2 ohms stereoWatt RMS 14.4 Volt 105 x 4<br \/>\nPower 4 ohm monoWatt RMS 14.4 Volt 210 x 2<\/p>\n<p>Minim\u00e1ln\u00ed zat\u00ed\u017eitelnost: 2 ohm<\/p>\n<p>Frekven\u010dn\u00ed rozsah: 5 Hz &#8211; 25 000 Hz<\/p>\n<p>filtry:<br \/>\nHP 15 &#8211; 3500Hz<br \/>\nLP 35 &#8211; 3500Hz<br \/>\nBP 15 &#8211; 4000Hz<br \/>\nBass Boost 0 + 12 (45Hz)<br \/>\nSlope: 12 dB \/ oct<\/p>\n<p>Vstupn\u00ed citlivost: Volt RMS 0.2 V to 5 V<\/p>\n<p>Rozm\u011bry: 195 x 59 x 302 mm<\/p>\n<p>Hmotnost: 2.9 Kg<\/p>\n<p>Manual: <a style=\"color: blue;\" href=\"https:\/\/caraudioworld.eu\/wp-content\/uploads\/2019\/12\/manual-10.pdf\" target=\"_blank\" rel=\"noopener noreferrer\">Download<\/a><br \/>\nTechnick\u00e9 specifikace: <a style=\"color: blue;\" href=\"https:\/\/caraudioworld.eu\/wp-content\/uploads\/2019\/12\/techSpec-8.pdf\" target=\"_blank\" rel=\"noopener noreferrer\">Download<\/a><\/p>\n","protected":false},"featured_media":8067,"comment_status":"open","ping_status":"closed","template":"","meta":[],"product_brand":[],"product_cat":[422,420],"product_tag":[332],"class_list":{"0":"post-8066","1":"product","2":"type-product","3":"status-publish","4":"has-post-thumbnail","6":"product_cat-4-kanal-cs","7":"product_cat-zesilovace","8":"product_tag-audiosystem-cs","10":"first","11":"instock","12":"taxable","13":"shipping-taxable","14":"purchasable","15":"product-type-simple"},"yoast_head":"<!-- This site is optimized with the Yoast SEO plugin v27.3 - https:\/\/yoast.com\/product\/yoast-seo-wordpress\/ -->\n<title>Audiosystem AU75.4 - CARAUDIOWORLD<\/title>\n<meta name=\"description\" content=\"Kvalitn\u00ed 4 kan\u00e1lov\u00fd zesilova\u010d mal\u00fdch rozm\u011br\u016f s audiofilsk\u00e9 zvukem, Made in Italy! Vyr\u00e1b\u011bn\u00e9 ve fabrice firmy STEG.  Power 4 ohms stereoWatt RMS 14.4 Volt 75 x 4 Power 2 ohms stereoWatt RMS 14.4 Volt 105 x 4 Power 4 ohm monoWatt RMS 14.4 Volt 210 x 2  Minim\u00e1ln\u00ed zat\u00ed\u017eitelnost: 2 ohm  Frekven\u010dn\u00ed rozsah: 5 Hz - 25 000 Hz  filtry: HP 15 - 3500Hz LP 35 - 3500Hz BP 15 - 4000Hz Bass Boost 0 + 12 (45Hz) Slope: 12 dB \/ oct  Vstupn\u00ed citlivost: Volt RMS 0.2 V to 5 V  Rozm\u011bry: 195 x 59 x 302 mm  Hmotnost: 2.9 Kg  Manual: Download Technick\u00e9 specifikace: Download\" \/>\n<meta name=\"robots\" content=\"index, follow, max-snippet:-1, max-image-preview:large, max-video-preview:-1\" \/>\n<link rel=\"canonical\" href=\"https:\/\/caraudioworld.eu\/cs\/produkt\/audiosystem-au75-4\/\" \/>\n<meta property=\"og:locale\" content=\"cs_CZ\" \/>\n<meta property=\"og:type\" content=\"article\" \/>\n<meta property=\"og:title\" content=\"Audiosystem AU75.4 - CARAUDIOWORLD\" \/>\n<meta property=\"og:description\" content=\"Kvalitn\u00ed 4 kan\u00e1lov\u00fd zesilova\u010d mal\u00fdch rozm\u011br\u016f s audiofilsk\u00e9 zvukem, Made in Italy! Vyr\u00e1b\u011bn\u00e9 ve fabrice firmy STEG.  Power 4 ohms stereoWatt RMS 14.4 Volt 75 x 4 Power 2 ohms stereoWatt RMS 14.4 Volt 105 x 4 Power 4 ohm monoWatt RMS 14.4 Volt 210 x 2  Minim\u00e1ln\u00ed zat\u00ed\u017eitelnost: 2 ohm  Frekven\u010dn\u00ed rozsah: 5 Hz - 25 000 Hz  filtry: HP 15 - 3500Hz LP 35 - 3500Hz BP 15 - 4000Hz Bass Boost 0 + 12 (45Hz) Slope: 12 dB \/ oct  Vstupn\u00ed citlivost: Volt RMS 0.2 V to 5 V  Rozm\u011bry: 195 x 59 x 302 mm  Hmotnost: 2.9 Kg  Manual: Download Technick\u00e9 specifikace: Download\" \/>\n<meta property=\"og:url\" content=\"https:\/\/caraudioworld.eu\/cs\/produkt\/audiosystem-au75-4\/\" \/>\n<meta property=\"og:site_name\" content=\"CARAUDIOWORLD\" \/>\n<meta property=\"article:publisher\" content=\"https:\/\/www.facebook.com\/caraudioworld.eu\" \/>\n<meta property=\"og:image\" content=\"https:\/\/caraudioworld.eu\/wp-content\/uploads\/2019\/12\/22-17.jpg\" \/>\n\t<meta property=\"og:image:width\" content=\"1000\" \/>\n\t<meta property=\"og:image:height\" content=\"700\" \/>\n\t<meta property=\"og:image:type\" content=\"image\/jpeg\" \/>\n<meta name=\"twitter:card\" content=\"summary_large_image\" \/>\n<script type=\"application\/ld+json\" class=\"yoast-schema-graph\">{\"@context\":\"https:\\\/\\\/schema.org\",\"@graph\":[{\"@type\":\"WebPage\",\"@id\":\"https:\\\/\\\/caraudioworld.eu\\\/cs\\\/produkt\\\/audiosystem-au75-4\\\/\",\"url\":\"https:\\\/\\\/caraudioworld.eu\\\/cs\\\/produkt\\\/audiosystem-au75-4\\\/\",\"name\":\"Audiosystem AU75.4 - CARAUDIOWORLD\",\"isPartOf\":{\"@id\":\"https:\\\/\\\/caraudioworld.eu\\\/cs\\\/#website\"},\"primaryImageOfPage\":{\"@id\":\"https:\\\/\\\/caraudioworld.eu\\\/cs\\\/produkt\\\/audiosystem-au75-4\\\/#primaryimage\"},\"image\":{\"@id\":\"https:\\\/\\\/caraudioworld.eu\\\/cs\\\/produkt\\\/audiosystem-au75-4\\\/#primaryimage\"},\"thumbnailUrl\":\"https:\\\/\\\/caraudioworld.eu\\\/wp-content\\\/uploads\\\/2019\\\/12\\\/22-17.jpg\",\"datePublished\":\"2019-12-31T13:19:18+00:00\",\"description\":\"Kvalitn\u00ed 4 kan\u00e1lov\u00fd zesilova\u010d mal\u00fdch rozm\u011br\u016f s audiofilsk\u00e9 zvukem, Made in Italy! Vyr\u00e1b\u011bn\u00e9 ve fabrice firmy STEG. Power 4 ohms stereoWatt RMS 14.4 Volt 75 x 4 Power 2 ohms stereoWatt RMS 14.4 Volt 105 x 4 Power 4 ohm monoWatt RMS 14.4 Volt 210 x 2 Minim\u00e1ln\u00ed zat\u00ed\u017eitelnost: 2 ohm Frekven\u010dn\u00ed rozsah: 5 Hz - 25 000 Hz filtry: HP 15 - 3500Hz LP 35 - 3500Hz BP 15 - 4000Hz Bass Boost 0 + 12 (45Hz) Slope: 12 dB \\\/ oct Vstupn\u00ed citlivost: Volt RMS 0.2 V to 5 V Rozm\u011bry: 195 x 59 x 302 mm Hmotnost: 2.9 Kg Manual: Download Technick\u00e9 specifikace: Download\",\"breadcrumb\":{\"@id\":\"https:\\\/\\\/caraudioworld.eu\\\/cs\\\/produkt\\\/audiosystem-au75-4\\\/#breadcrumb\"},\"inLanguage\":\"cs\",\"potentialAction\":[{\"@type\":\"ReadAction\",\"target\":[\"https:\\\/\\\/caraudioworld.eu\\\/cs\\\/produkt\\\/audiosystem-au75-4\\\/\"]}]},{\"@type\":\"ImageObject\",\"inLanguage\":\"cs\",\"@id\":\"https:\\\/\\\/caraudioworld.eu\\\/cs\\\/produkt\\\/audiosystem-au75-4\\\/#primaryimage\",\"url\":\"https:\\\/\\\/caraudioworld.eu\\\/wp-content\\\/uploads\\\/2019\\\/12\\\/22-17.jpg\",\"contentUrl\":\"https:\\\/\\\/caraudioworld.eu\\\/wp-content\\\/uploads\\\/2019\\\/12\\\/22-17.jpg\",\"width\":1000,\"height\":700,\"caption\":\"audiosystem au75.4\"},{\"@type\":\"BreadcrumbList\",\"@id\":\"https:\\\/\\\/caraudioworld.eu\\\/cs\\\/produkt\\\/audiosystem-au75-4\\\/#breadcrumb\",\"itemListElement\":[{\"@type\":\"ListItem\",\"position\":1,\"name\":\"Home\",\"item\":\"https:\\\/\\\/caraudioworld.eu\\\/cs\\\/\"},{\"@type\":\"ListItem\",\"position\":2,\"name\":\"Obchod\",\"item\":\"https:\\\/\\\/caraudioworld.eu\\\/cs\\\/obchod\\\/\"},{\"@type\":\"ListItem\",\"position\":3,\"name\":\"Audiosystem AU75.4\"}]},{\"@type\":\"WebSite\",\"@id\":\"https:\\\/\\\/caraudioworld.eu\\\/cs\\\/#website\",\"url\":\"https:\\\/\\\/caraudioworld.eu\\\/cs\\\/\",\"name\":\"CARAUDIOWORLD\",\"description\":\"Audio Heaven\",\"publisher\":{\"@id\":\"https:\\\/\\\/caraudioworld.eu\\\/cs\\\/#organization\"},\"potentialAction\":[{\"@type\":\"SearchAction\",\"target\":{\"@type\":\"EntryPoint\",\"urlTemplate\":\"https:\\\/\\\/caraudioworld.eu\\\/cs\\\/?s={search_term_string}\"},\"query-input\":{\"@type\":\"PropertyValueSpecification\",\"valueRequired\":true,\"valueName\":\"search_term_string\"}}],\"inLanguage\":\"cs\"},{\"@type\":\"Organization\",\"@id\":\"https:\\\/\\\/caraudioworld.eu\\\/cs\\\/#organization\",\"name\":\"CARAUDIOWORLD.eu\",\"url\":\"https:\\\/\\\/caraudioworld.eu\\\/cs\\\/\",\"logo\":{\"@type\":\"ImageObject\",\"inLanguage\":\"cs\",\"@id\":\"https:\\\/\\\/caraudioworld.eu\\\/cs\\\/#\\\/schema\\\/logo\\\/image\\\/\",\"url\":\"https:\\\/\\\/caraudioworld.eu\\\/wp-content\\\/uploads\\\/2020\\\/10\\\/CAW_rounded.png\",\"contentUrl\":\"https:\\\/\\\/caraudioworld.eu\\\/wp-content\\\/uploads\\\/2020\\\/10\\\/CAW_rounded.png\",\"width\":510,\"height\":510,\"caption\":\"CARAUDIOWORLD.eu\"},\"image\":{\"@id\":\"https:\\\/\\\/caraudioworld.eu\\\/cs\\\/#\\\/schema\\\/logo\\\/image\\\/\"},\"sameAs\":[\"https:\\\/\\\/www.facebook.com\\\/caraudioworld.eu\",\"https:\\\/\\\/www.instagram.com\\\/caraudioworld.eu\\\/\"]}]}<\/script>\n<!-- \/ Yoast SEO plugin. -->","yoast_head_json":{"title":"Audiosystem AU75.4 - CARAUDIOWORLD","description":"Kvalitn\u00ed 4 kan\u00e1lov\u00fd zesilova\u010d mal\u00fdch rozm\u011br\u016f s audiofilsk\u00e9 zvukem, Made in Italy! Vyr\u00e1b\u011bn\u00e9 ve fabrice firmy STEG.  Power 4 ohms stereoWatt RMS 14.4 Volt 75 x 4 Power 2 ohms stereoWatt RMS 14.4 Volt 105 x 4 Power 4 ohm monoWatt RMS 14.4 Volt 210 x 2  Minim\u00e1ln\u00ed zat\u00ed\u017eitelnost: 2 ohm  Frekven\u010dn\u00ed rozsah: 5 Hz - 25 000 Hz  filtry: HP 15 - 3500Hz LP 35 - 3500Hz BP 15 - 4000Hz Bass Boost 0 + 12 (45Hz) Slope: 12 dB \/ oct  Vstupn\u00ed citlivost: Volt RMS 0.2 V to 5 V  Rozm\u011bry: 195 x 59 x 302 mm  Hmotnost: 2.9 Kg  Manual: Download Technick\u00e9 specifikace: Download","robots":{"index":"index","follow":"follow","max-snippet":"max-snippet:-1","max-image-preview":"max-image-preview:large","max-video-preview":"max-video-preview:-1"},"canonical":"https:\/\/caraudioworld.eu\/cs\/produkt\/audiosystem-au75-4\/","og_locale":"cs_CZ","og_type":"article","og_title":"Audiosystem AU75.4 - CARAUDIOWORLD","og_description":"Kvalitn\u00ed 4 kan\u00e1lov\u00fd zesilova\u010d mal\u00fdch rozm\u011br\u016f s audiofilsk\u00e9 zvukem, Made in Italy! Vyr\u00e1b\u011bn\u00e9 ve fabrice firmy STEG.  Power 4 ohms stereoWatt RMS 14.4 Volt 75 x 4 Power 2 ohms stereoWatt RMS 14.4 Volt 105 x 4 Power 4 ohm monoWatt RMS 14.4 Volt 210 x 2  Minim\u00e1ln\u00ed zat\u00ed\u017eitelnost: 2 ohm  Frekven\u010dn\u00ed rozsah: 5 Hz - 25 000 Hz  filtry: HP 15 - 3500Hz LP 35 - 3500Hz BP 15 - 4000Hz Bass Boost 0 + 12 (45Hz) Slope: 12 dB \/ oct  Vstupn\u00ed citlivost: Volt RMS 0.2 V to 5 V  Rozm\u011bry: 195 x 59 x 302 mm  Hmotnost: 2.9 Kg  Manual: Download Technick\u00e9 specifikace: Download","og_url":"https:\/\/caraudioworld.eu\/cs\/produkt\/audiosystem-au75-4\/","og_site_name":"CARAUDIOWORLD","article_publisher":"https:\/\/www.facebook.com\/caraudioworld.eu","og_image":[{"width":1000,"height":700,"url":"https:\/\/caraudioworld.eu\/wp-content\/uploads\/2019\/12\/22-17.jpg","type":"image\/jpeg"}],"twitter_card":"summary_large_image","schema":{"@context":"https:\/\/schema.org","@graph":[{"@type":"WebPage","@id":"https:\/\/caraudioworld.eu\/cs\/produkt\/audiosystem-au75-4\/","url":"https:\/\/caraudioworld.eu\/cs\/produkt\/audiosystem-au75-4\/","name":"Audiosystem AU75.4 - CARAUDIOWORLD","isPartOf":{"@id":"https:\/\/caraudioworld.eu\/cs\/#website"},"primaryImageOfPage":{"@id":"https:\/\/caraudioworld.eu\/cs\/produkt\/audiosystem-au75-4\/#primaryimage"},"image":{"@id":"https:\/\/caraudioworld.eu\/cs\/produkt\/audiosystem-au75-4\/#primaryimage"},"thumbnailUrl":"https:\/\/caraudioworld.eu\/wp-content\/uploads\/2019\/12\/22-17.jpg","datePublished":"2019-12-31T13:19:18+00:00","description":"Kvalitn\u00ed 4 kan\u00e1lov\u00fd zesilova\u010d mal\u00fdch rozm\u011br\u016f s audiofilsk\u00e9 zvukem, Made in Italy! Vyr\u00e1b\u011bn\u00e9 ve fabrice firmy STEG. Power 4 ohms stereoWatt RMS 14.4 Volt 75 x 4 Power 2 ohms stereoWatt RMS 14.4 Volt 105 x 4 Power 4 ohm monoWatt RMS 14.4 Volt 210 x 2 Minim\u00e1ln\u00ed zat\u00ed\u017eitelnost: 2 ohm Frekven\u010dn\u00ed rozsah: 5 Hz - 25 000 Hz filtry: HP 15 - 3500Hz LP 35 - 3500Hz BP 15 - 4000Hz Bass Boost 0 + 12 (45Hz) Slope: 12 dB \/ oct Vstupn\u00ed citlivost: Volt RMS 0.2 V to 5 V Rozm\u011bry: 195 x 59 x 302 mm Hmotnost: 2.9 Kg Manual: Download Technick\u00e9 specifikace: Download","breadcrumb":{"@id":"https:\/\/caraudioworld.eu\/cs\/produkt\/audiosystem-au75-4\/#breadcrumb"},"inLanguage":"cs","potentialAction":[{"@type":"ReadAction","target":["https:\/\/caraudioworld.eu\/cs\/produkt\/audiosystem-au75-4\/"]}]},{"@type":"ImageObject","inLanguage":"cs","@id":"https:\/\/caraudioworld.eu\/cs\/produkt\/audiosystem-au75-4\/#primaryimage","url":"https:\/\/caraudioworld.eu\/wp-content\/uploads\/2019\/12\/22-17.jpg","contentUrl":"https:\/\/caraudioworld.eu\/wp-content\/uploads\/2019\/12\/22-17.jpg","width":1000,"height":700,"caption":"audiosystem au75.4"},{"@type":"BreadcrumbList","@id":"https:\/\/caraudioworld.eu\/cs\/produkt\/audiosystem-au75-4\/#breadcrumb","itemListElement":[{"@type":"ListItem","position":1,"name":"Home","item":"https:\/\/caraudioworld.eu\/cs\/"},{"@type":"ListItem","position":2,"name":"Obchod","item":"https:\/\/caraudioworld.eu\/cs\/obchod\/"},{"@type":"ListItem","position":3,"name":"Audiosystem AU75.4"}]},{"@type":"WebSite","@id":"https:\/\/caraudioworld.eu\/cs\/#website","url":"https:\/\/caraudioworld.eu\/cs\/","name":"CARAUDIOWORLD","description":"Audio Heaven","publisher":{"@id":"https:\/\/caraudioworld.eu\/cs\/#organization"},"potentialAction":[{"@type":"SearchAction","target":{"@type":"EntryPoint","urlTemplate":"https:\/\/caraudioworld.eu\/cs\/?s={search_term_string}"},"query-input":{"@type":"PropertyValueSpecification","valueRequired":true,"valueName":"search_term_string"}}],"inLanguage":"cs"},{"@type":"Organization","@id":"https:\/\/caraudioworld.eu\/cs\/#organization","name":"CARAUDIOWORLD.eu","url":"https:\/\/caraudioworld.eu\/cs\/","logo":{"@type":"ImageObject","inLanguage":"cs","@id":"https:\/\/caraudioworld.eu\/cs\/#\/schema\/logo\/image\/","url":"https:\/\/caraudioworld.eu\/wp-content\/uploads\/2020\/10\/CAW_rounded.png","contentUrl":"https:\/\/caraudioworld.eu\/wp-content\/uploads\/2020\/10\/CAW_rounded.png","width":510,"height":510,"caption":"CARAUDIOWORLD.eu"},"image":{"@id":"https:\/\/caraudioworld.eu\/cs\/#\/schema\/logo\/image\/"},"sameAs":["https:\/\/www.facebook.com\/caraudioworld.eu","https:\/\/www.instagram.com\/caraudioworld.eu\/"]}]}},"_links":{"self":[{"href":"https:\/\/caraudioworld.eu\/cs\/wp-json\/wp\/v2\/product\/8066","targetHints":{"allow":["GET"]}}],"collection":[{"href":"https:\/\/caraudioworld.eu\/cs\/wp-json\/wp\/v2\/product"}],"about":[{"href":"https:\/\/caraudioworld.eu\/cs\/wp-json\/wp\/v2\/types\/product"}],"replies":[{"embeddable":true,"href":"https:\/\/caraudioworld.eu\/cs\/wp-json\/wp\/v2\/comments?post=8066"}],"wp:featuredmedia":[{"embeddable":true,"href":"https:\/\/caraudioworld.eu\/cs\/wp-json\/wp\/v2\/media\/8067"}],"wp:attachment":[{"href":"https:\/\/caraudioworld.eu\/cs\/wp-json\/wp\/v2\/media?parent=8066"}],"wp:term":[{"taxonomy":"product_brand","embeddable":true,"href":"https:\/\/caraudioworld.eu\/cs\/wp-json\/wp\/v2\/product_brand?post=8066"},{"taxonomy":"product_cat","embeddable":true,"href":"https:\/\/caraudioworld.eu\/cs\/wp-json\/wp\/v2\/product_cat?post=8066"},{"taxonomy":"product_tag","embeddable":true,"href":"https:\/\/caraudioworld.eu\/cs\/wp-json\/wp\/v2\/product_tag?post=8066"}],"curies":[{"name":"wp","href":"https:\/\/api.w.org\/{rel}","templated":true}]}}