{"id":8094,"date":"2020-01-05T17:39:50","date_gmt":"2020-01-05T16:39:50","guid":{"rendered":"https:\/\/caraudioworld.eu\/produkt\/audiosystem-ae30\/"},"modified":"2020-09-12T13:51:34","modified_gmt":"2020-09-12T11:51:34","slug":"audiosystem-ae30","status":"publish","type":"product","link":"https:\/\/caraudioworld.eu\/cs\/produkt\/audiosystem-ae30\/","title":{"rendered":"Audiosystem AE30"},"content":{"rendered":"","protected":false},"excerpt":{"rendered":"<p>High-End st\u0159edov\u00fd reproduktor od zna\u010dky Audiosystem nab\u00edz\u00ed vysoce kvalitn\u00ed zvuk s perfektn\u00ed reprodukc\u00ed a pod\u00e1n\u00edm i t\u011bch nejmen\u0161\u00edch detail\u016f.<\/p>\n<p>Pr\u016fm\u011br: 86 mm<br \/>\nV\u00fdkon: 30 W RMS<br \/>\nVentilovan\u00fd hlin\u00edkov\u00fd odlit ko\u0161<br \/>\nMagnet: Neodym<br \/>\nImpedance: 4 ohm<br \/>\nInstala\u010dn\u00ed hloubka: 42 mm<br \/>\nInstala\u010dn\u00ed pr\u016fm\u011br: 86 mm<br \/>\nFrekven\u010dn\u00ed rozsah: 100 &#8211; 20 000+ Hz<br \/>\nQMS = 3.9<br \/>\nQES = 0.53<br \/>\nQTS = 0.46<br \/>\nVAS = 0.21 L<br \/>\nv\u010detn\u011b hlin\u00edkov\u00e9ho krou\u017eku a m\u0159\u00ed\u017eky<\/p>\n<p>Cena za p\u00e1r!<\/p>\n<p>Technick\u00e9 specifikace: <a style=\"color: blue;\" href=\"https:\/\/caraudioworld.eu\/wp-content\/uploads\/2020\/01\/AE30.pdf\" target=\"_blank\" rel=\"noopener noreferrer\">Download PDF<\/a><\/p>\n","protected":false},"featured_media":8101,"comment_status":"open","ping_status":"closed","template":"","meta":[],"product_brand":[],"product_cat":[403,416],"product_tag":[332],"class_list":{"0":"post-8094","1":"product","2":"type-product","3":"status-publish","4":"has-post-thumbnail","6":"product_cat-reproduktory-cs","7":"product_cat-stredove-cs","8":"product_tag-audiosystem-cs","10":"first","11":"instock","12":"taxable","13":"shipping-taxable","14":"purchasable","15":"product-type-simple"},"yoast_head":"<!-- This site is optimized with the Yoast SEO plugin v27.3 - https:\/\/yoast.com\/product\/yoast-seo-wordpress\/ -->\n<title>Audiosystem AE30 - CARAUDIOWORLD<\/title>\n<meta name=\"description\" content=\"High-End st\u0159edov\u00fd reproduktor od zna\u010dky Audiosystem nab\u00edz\u00ed vysoce kvalitn\u00ed zvuk s perfektn\u00ed reprodukc\u00ed a pod\u00e1n\u00edm i t\u011bch nejmen\u0161\u00edch detail\u016f.  Pr\u016fm\u011br: 86 mm V\u00fdkon: 30 W RMS Ventilovan\u00fd hlin\u00edkov\u00fd odlit ko\u0161 Magnet: Neodym Impedance: 4 ohm Instala\u010dn\u00ed hloubka: 42 mm Instala\u010dn\u00ed pr\u016fm\u011br: 86 mm Frekven\u010dn\u00ed rozsah: 100 - 20 000+ Hz QMS = 3.9 QES = 0.53 QTS = 0.46 VAS = 0.21 L v\u010detn\u011b hlin\u00edkov\u00e9ho krou\u017eku a m\u0159\u00ed\u017eky  Cena za p\u00e1r!  Technick\u00e9 specifikace: Download PDF\" \/>\n<meta name=\"robots\" content=\"index, follow, max-snippet:-1, max-image-preview:large, max-video-preview:-1\" \/>\n<link rel=\"canonical\" href=\"https:\/\/caraudioworld.eu\/cs\/produkt\/audiosystem-ae30\/\" \/>\n<meta property=\"og:locale\" content=\"cs_CZ\" \/>\n<meta property=\"og:type\" content=\"article\" \/>\n<meta property=\"og:title\" content=\"Audiosystem AE30 - CARAUDIOWORLD\" \/>\n<meta property=\"og:description\" content=\"High-End st\u0159edov\u00fd reproduktor od zna\u010dky Audiosystem nab\u00edz\u00ed vysoce kvalitn\u00ed zvuk s perfektn\u00ed reprodukc\u00ed a pod\u00e1n\u00edm i t\u011bch nejmen\u0161\u00edch detail\u016f.  Pr\u016fm\u011br: 86 mm V\u00fdkon: 30 W RMS Ventilovan\u00fd hlin\u00edkov\u00fd odlit ko\u0161 Magnet: Neodym Impedance: 4 ohm Instala\u010dn\u00ed hloubka: 42 mm Instala\u010dn\u00ed pr\u016fm\u011br: 86 mm Frekven\u010dn\u00ed rozsah: 100 - 20 000+ Hz QMS = 3.9 QES = 0.53 QTS = 0.46 VAS = 0.21 L v\u010detn\u011b hlin\u00edkov\u00e9ho krou\u017eku a m\u0159\u00ed\u017eky  Cena za p\u00e1r!  Technick\u00e9 specifikace: Download PDF\" \/>\n<meta property=\"og:url\" content=\"https:\/\/caraudioworld.eu\/cs\/produkt\/audiosystem-ae30\/\" \/>\n<meta property=\"og:site_name\" content=\"CARAUDIOWORLD\" \/>\n<meta property=\"article:publisher\" content=\"https:\/\/www.facebook.com\/caraudioworld.eu\" \/>\n<meta property=\"article:modified_time\" content=\"2020-09-12T11:51:34+00:00\" \/>\n<meta property=\"og:image\" content=\"https:\/\/caraudioworld.eu\/wp-content\/uploads\/2020\/01\/22-2.jpg\" \/>\n\t<meta property=\"og:image:width\" content=\"1000\" \/>\n\t<meta property=\"og:image:height\" content=\"700\" \/>\n\t<meta property=\"og:image:type\" content=\"image\/jpeg\" \/>\n<meta name=\"twitter:card\" content=\"summary_large_image\" \/>\n<script type=\"application\/ld+json\" class=\"yoast-schema-graph\">{\"@context\":\"https:\\\/\\\/schema.org\",\"@graph\":[{\"@type\":\"WebPage\",\"@id\":\"https:\\\/\\\/caraudioworld.eu\\\/cs\\\/produkt\\\/audiosystem-ae30\\\/\",\"url\":\"https:\\\/\\\/caraudioworld.eu\\\/cs\\\/produkt\\\/audiosystem-ae30\\\/\",\"name\":\"Audiosystem AE30 - CARAUDIOWORLD\",\"isPartOf\":{\"@id\":\"https:\\\/\\\/caraudioworld.eu\\\/cs\\\/#website\"},\"primaryImageOfPage\":{\"@id\":\"https:\\\/\\\/caraudioworld.eu\\\/cs\\\/produkt\\\/audiosystem-ae30\\\/#primaryimage\"},\"image\":{\"@id\":\"https:\\\/\\\/caraudioworld.eu\\\/cs\\\/produkt\\\/audiosystem-ae30\\\/#primaryimage\"},\"thumbnailUrl\":\"https:\\\/\\\/caraudioworld.eu\\\/wp-content\\\/uploads\\\/2020\\\/01\\\/22-2.jpg\",\"datePublished\":\"2020-01-05T16:39:50+00:00\",\"dateModified\":\"2020-09-12T11:51:34+00:00\",\"description\":\"High-End st\u0159edov\u00fd reproduktor od zna\u010dky Audiosystem nab\u00edz\u00ed vysoce kvalitn\u00ed zvuk s perfektn\u00ed reprodukc\u00ed a pod\u00e1n\u00edm i t\u011bch nejmen\u0161\u00edch detail\u016f. Pr\u016fm\u011br: 86 mm V\u00fdkon: 30 W RMS Ventilovan\u00fd hlin\u00edkov\u00fd odlit ko\u0161 Magnet: Neodym Impedance: 4 ohm Instala\u010dn\u00ed hloubka: 42 mm Instala\u010dn\u00ed pr\u016fm\u011br: 86 mm Frekven\u010dn\u00ed rozsah: 100 - 20 000+ Hz QMS = 3.9 QES = 0.53 QTS = 0.46 VAS = 0.21 L v\u010detn\u011b hlin\u00edkov\u00e9ho krou\u017eku a m\u0159\u00ed\u017eky Cena za p\u00e1r! Technick\u00e9 specifikace: Download PDF\",\"breadcrumb\":{\"@id\":\"https:\\\/\\\/caraudioworld.eu\\\/cs\\\/produkt\\\/audiosystem-ae30\\\/#breadcrumb\"},\"inLanguage\":\"cs\",\"potentialAction\":[{\"@type\":\"ReadAction\",\"target\":[\"https:\\\/\\\/caraudioworld.eu\\\/cs\\\/produkt\\\/audiosystem-ae30\\\/\"]}]},{\"@type\":\"ImageObject\",\"inLanguage\":\"cs\",\"@id\":\"https:\\\/\\\/caraudioworld.eu\\\/cs\\\/produkt\\\/audiosystem-ae30\\\/#primaryimage\",\"url\":\"https:\\\/\\\/caraudioworld.eu\\\/wp-content\\\/uploads\\\/2020\\\/01\\\/22-2.jpg\",\"contentUrl\":\"https:\\\/\\\/caraudioworld.eu\\\/wp-content\\\/uploads\\\/2020\\\/01\\\/22-2.jpg\",\"width\":1000,\"height\":700,\"caption\":\"audiosystem AE30\"},{\"@type\":\"BreadcrumbList\",\"@id\":\"https:\\\/\\\/caraudioworld.eu\\\/cs\\\/produkt\\\/audiosystem-ae30\\\/#breadcrumb\",\"itemListElement\":[{\"@type\":\"ListItem\",\"position\":1,\"name\":\"Home\",\"item\":\"https:\\\/\\\/caraudioworld.eu\\\/cs\\\/\"},{\"@type\":\"ListItem\",\"position\":2,\"name\":\"Obchod\",\"item\":\"https:\\\/\\\/caraudioworld.eu\\\/cs\\\/obchod\\\/\"},{\"@type\":\"ListItem\",\"position\":3,\"name\":\"Audiosystem AE30\"}]},{\"@type\":\"WebSite\",\"@id\":\"https:\\\/\\\/caraudioworld.eu\\\/cs\\\/#website\",\"url\":\"https:\\\/\\\/caraudioworld.eu\\\/cs\\\/\",\"name\":\"CARAUDIOWORLD\",\"description\":\"Audio Heaven\",\"publisher\":{\"@id\":\"https:\\\/\\\/caraudioworld.eu\\\/cs\\\/#organization\"},\"potentialAction\":[{\"@type\":\"SearchAction\",\"target\":{\"@type\":\"EntryPoint\",\"urlTemplate\":\"https:\\\/\\\/caraudioworld.eu\\\/cs\\\/?s={search_term_string}\"},\"query-input\":{\"@type\":\"PropertyValueSpecification\",\"valueRequired\":true,\"valueName\":\"search_term_string\"}}],\"inLanguage\":\"cs\"},{\"@type\":\"Organization\",\"@id\":\"https:\\\/\\\/caraudioworld.eu\\\/cs\\\/#organization\",\"name\":\"CARAUDIOWORLD.eu\",\"url\":\"https:\\\/\\\/caraudioworld.eu\\\/cs\\\/\",\"logo\":{\"@type\":\"ImageObject\",\"inLanguage\":\"cs\",\"@id\":\"https:\\\/\\\/caraudioworld.eu\\\/cs\\\/#\\\/schema\\\/logo\\\/image\\\/\",\"url\":\"https:\\\/\\\/caraudioworld.eu\\\/wp-content\\\/uploads\\\/2020\\\/10\\\/CAW_rounded.png\",\"contentUrl\":\"https:\\\/\\\/caraudioworld.eu\\\/wp-content\\\/uploads\\\/2020\\\/10\\\/CAW_rounded.png\",\"width\":510,\"height\":510,\"caption\":\"CARAUDIOWORLD.eu\"},\"image\":{\"@id\":\"https:\\\/\\\/caraudioworld.eu\\\/cs\\\/#\\\/schema\\\/logo\\\/image\\\/\"},\"sameAs\":[\"https:\\\/\\\/www.facebook.com\\\/caraudioworld.eu\",\"https:\\\/\\\/www.instagram.com\\\/caraudioworld.eu\\\/\"]}]}<\/script>\n<!-- \/ Yoast SEO plugin. -->","yoast_head_json":{"title":"Audiosystem AE30 - CARAUDIOWORLD","description":"High-End st\u0159edov\u00fd reproduktor od zna\u010dky Audiosystem nab\u00edz\u00ed vysoce kvalitn\u00ed zvuk s perfektn\u00ed reprodukc\u00ed a pod\u00e1n\u00edm i t\u011bch nejmen\u0161\u00edch detail\u016f.  Pr\u016fm\u011br: 86 mm V\u00fdkon: 30 W RMS Ventilovan\u00fd hlin\u00edkov\u00fd odlit ko\u0161 Magnet: Neodym Impedance: 4 ohm Instala\u010dn\u00ed hloubka: 42 mm Instala\u010dn\u00ed pr\u016fm\u011br: 86 mm Frekven\u010dn\u00ed rozsah: 100 - 20 000+ Hz QMS = 3.9 QES = 0.53 QTS = 0.46 VAS = 0.21 L v\u010detn\u011b hlin\u00edkov\u00e9ho krou\u017eku a m\u0159\u00ed\u017eky  Cena za p\u00e1r!  Technick\u00e9 specifikace: Download PDF","robots":{"index":"index","follow":"follow","max-snippet":"max-snippet:-1","max-image-preview":"max-image-preview:large","max-video-preview":"max-video-preview:-1"},"canonical":"https:\/\/caraudioworld.eu\/cs\/produkt\/audiosystem-ae30\/","og_locale":"cs_CZ","og_type":"article","og_title":"Audiosystem AE30 - CARAUDIOWORLD","og_description":"High-End st\u0159edov\u00fd reproduktor od zna\u010dky Audiosystem nab\u00edz\u00ed vysoce kvalitn\u00ed zvuk s perfektn\u00ed reprodukc\u00ed a pod\u00e1n\u00edm i t\u011bch nejmen\u0161\u00edch detail\u016f.  Pr\u016fm\u011br: 86 mm V\u00fdkon: 30 W RMS Ventilovan\u00fd hlin\u00edkov\u00fd odlit ko\u0161 Magnet: Neodym Impedance: 4 ohm Instala\u010dn\u00ed hloubka: 42 mm Instala\u010dn\u00ed pr\u016fm\u011br: 86 mm Frekven\u010dn\u00ed rozsah: 100 - 20 000+ Hz QMS = 3.9 QES = 0.53 QTS = 0.46 VAS = 0.21 L v\u010detn\u011b hlin\u00edkov\u00e9ho krou\u017eku a m\u0159\u00ed\u017eky  Cena za p\u00e1r!  Technick\u00e9 specifikace: Download PDF","og_url":"https:\/\/caraudioworld.eu\/cs\/produkt\/audiosystem-ae30\/","og_site_name":"CARAUDIOWORLD","article_publisher":"https:\/\/www.facebook.com\/caraudioworld.eu","article_modified_time":"2020-09-12T11:51:34+00:00","og_image":[{"width":1000,"height":700,"url":"https:\/\/caraudioworld.eu\/wp-content\/uploads\/2020\/01\/22-2.jpg","type":"image\/jpeg"}],"twitter_card":"summary_large_image","schema":{"@context":"https:\/\/schema.org","@graph":[{"@type":"WebPage","@id":"https:\/\/caraudioworld.eu\/cs\/produkt\/audiosystem-ae30\/","url":"https:\/\/caraudioworld.eu\/cs\/produkt\/audiosystem-ae30\/","name":"Audiosystem AE30 - CARAUDIOWORLD","isPartOf":{"@id":"https:\/\/caraudioworld.eu\/cs\/#website"},"primaryImageOfPage":{"@id":"https:\/\/caraudioworld.eu\/cs\/produkt\/audiosystem-ae30\/#primaryimage"},"image":{"@id":"https:\/\/caraudioworld.eu\/cs\/produkt\/audiosystem-ae30\/#primaryimage"},"thumbnailUrl":"https:\/\/caraudioworld.eu\/wp-content\/uploads\/2020\/01\/22-2.jpg","datePublished":"2020-01-05T16:39:50+00:00","dateModified":"2020-09-12T11:51:34+00:00","description":"High-End st\u0159edov\u00fd reproduktor od zna\u010dky Audiosystem nab\u00edz\u00ed vysoce kvalitn\u00ed zvuk s perfektn\u00ed reprodukc\u00ed a pod\u00e1n\u00edm i t\u011bch nejmen\u0161\u00edch detail\u016f. Pr\u016fm\u011br: 86 mm V\u00fdkon: 30 W RMS Ventilovan\u00fd hlin\u00edkov\u00fd odlit ko\u0161 Magnet: Neodym Impedance: 4 ohm Instala\u010dn\u00ed hloubka: 42 mm Instala\u010dn\u00ed pr\u016fm\u011br: 86 mm Frekven\u010dn\u00ed rozsah: 100 - 20 000+ Hz QMS = 3.9 QES = 0.53 QTS = 0.46 VAS = 0.21 L v\u010detn\u011b hlin\u00edkov\u00e9ho krou\u017eku a m\u0159\u00ed\u017eky Cena za p\u00e1r! Technick\u00e9 specifikace: Download PDF","breadcrumb":{"@id":"https:\/\/caraudioworld.eu\/cs\/produkt\/audiosystem-ae30\/#breadcrumb"},"inLanguage":"cs","potentialAction":[{"@type":"ReadAction","target":["https:\/\/caraudioworld.eu\/cs\/produkt\/audiosystem-ae30\/"]}]},{"@type":"ImageObject","inLanguage":"cs","@id":"https:\/\/caraudioworld.eu\/cs\/produkt\/audiosystem-ae30\/#primaryimage","url":"https:\/\/caraudioworld.eu\/wp-content\/uploads\/2020\/01\/22-2.jpg","contentUrl":"https:\/\/caraudioworld.eu\/wp-content\/uploads\/2020\/01\/22-2.jpg","width":1000,"height":700,"caption":"audiosystem AE30"},{"@type":"BreadcrumbList","@id":"https:\/\/caraudioworld.eu\/cs\/produkt\/audiosystem-ae30\/#breadcrumb","itemListElement":[{"@type":"ListItem","position":1,"name":"Home","item":"https:\/\/caraudioworld.eu\/cs\/"},{"@type":"ListItem","position":2,"name":"Obchod","item":"https:\/\/caraudioworld.eu\/cs\/obchod\/"},{"@type":"ListItem","position":3,"name":"Audiosystem AE30"}]},{"@type":"WebSite","@id":"https:\/\/caraudioworld.eu\/cs\/#website","url":"https:\/\/caraudioworld.eu\/cs\/","name":"CARAUDIOWORLD","description":"Audio Heaven","publisher":{"@id":"https:\/\/caraudioworld.eu\/cs\/#organization"},"potentialAction":[{"@type":"SearchAction","target":{"@type":"EntryPoint","urlTemplate":"https:\/\/caraudioworld.eu\/cs\/?s={search_term_string}"},"query-input":{"@type":"PropertyValueSpecification","valueRequired":true,"valueName":"search_term_string"}}],"inLanguage":"cs"},{"@type":"Organization","@id":"https:\/\/caraudioworld.eu\/cs\/#organization","name":"CARAUDIOWORLD.eu","url":"https:\/\/caraudioworld.eu\/cs\/","logo":{"@type":"ImageObject","inLanguage":"cs","@id":"https:\/\/caraudioworld.eu\/cs\/#\/schema\/logo\/image\/","url":"https:\/\/caraudioworld.eu\/wp-content\/uploads\/2020\/10\/CAW_rounded.png","contentUrl":"https:\/\/caraudioworld.eu\/wp-content\/uploads\/2020\/10\/CAW_rounded.png","width":510,"height":510,"caption":"CARAUDIOWORLD.eu"},"image":{"@id":"https:\/\/caraudioworld.eu\/cs\/#\/schema\/logo\/image\/"},"sameAs":["https:\/\/www.facebook.com\/caraudioworld.eu","https:\/\/www.instagram.com\/caraudioworld.eu\/"]}]}},"_links":{"self":[{"href":"https:\/\/caraudioworld.eu\/cs\/wp-json\/wp\/v2\/product\/8094","targetHints":{"allow":["GET"]}}],"collection":[{"href":"https:\/\/caraudioworld.eu\/cs\/wp-json\/wp\/v2\/product"}],"about":[{"href":"https:\/\/caraudioworld.eu\/cs\/wp-json\/wp\/v2\/types\/product"}],"replies":[{"embeddable":true,"href":"https:\/\/caraudioworld.eu\/cs\/wp-json\/wp\/v2\/comments?post=8094"}],"wp:featuredmedia":[{"embeddable":true,"href":"https:\/\/caraudioworld.eu\/cs\/wp-json\/wp\/v2\/media\/8101"}],"wp:attachment":[{"href":"https:\/\/caraudioworld.eu\/cs\/wp-json\/wp\/v2\/media?parent=8094"}],"wp:term":[{"taxonomy":"product_brand","embeddable":true,"href":"https:\/\/caraudioworld.eu\/cs\/wp-json\/wp\/v2\/product_brand?post=8094"},{"taxonomy":"product_cat","embeddable":true,"href":"https:\/\/caraudioworld.eu\/cs\/wp-json\/wp\/v2\/product_cat?post=8094"},{"taxonomy":"product_tag","embeddable":true,"href":"https:\/\/caraudioworld.eu\/cs\/wp-json\/wp\/v2\/product_tag?post=8094"}],"curies":[{"name":"wp","href":"https:\/\/api.w.org\/{rel}","templated":true}]}}