{"id":8102,"date":"2020-01-06T19:06:28","date_gmt":"2020-01-06T18:06:28","guid":{"rendered":"https:\/\/caraudioworld.eu\/produkt\/ctk-mastic\/"},"modified":"2020-06-27T19:47:46","modified_gmt":"2020-06-27T17:47:46","slug":"ctk-mastic","status":"publish","type":"product","link":"https:\/\/caraudioworld.eu\/cs\/produkt\/ctk-mastic\/","title":{"rendered":"CTK Mastic"},"content":{"rendered":"","protected":false},"excerpt":{"rendered":"<p>Speci\u00e1ln\u00ed jednoslo\u017ekov\u00fd antikorozn\u00ed a odhlu\u010d\u0148ovac\u00ed tmel. Minimalizuje hluk a\u017e o 40%. Chr\u00e1n\u00ed proti korozi, proti odletuj\u00edc\u00edmu \u0161t\u011brku &#8230; lze pou\u017e\u00edt i na ochranu podb\u011bh\u016f.<\/p>\n<ul>\n<li>Balen\u00ed: 2kg<\/li>\n<li>Jednoslo\u017ekov\u00fd pro jednuduch\u00e9 aplikaci<\/li>\n<li>Sni\u017euje vibrace nap\u0159. na podb\u011bz\u00edch, Podblatn\u00edky, voln\u00fdch plech\u00e1ch<\/li>\n<li>Chr\u00e1n\u00ed i proti korozi a odletuj\u00edc\u00edm kam\u00ednk\u016fm<\/li>\n<li>Minimalizuje hluk pronikaj\u00edc\u00ed do interi\u00e9ru vozidla a\u017e o 40%<\/li>\n<li>Mechanick\u00fd ztr\u00e1tov\u00fd \u010dinitel: 0,2<\/li>\n<li>netoxick\u00fd<\/li>\n<li>Odoln\u00fd v\u016f\u010di pl\u00edsn\u00edm<\/li>\n<li>Schv\u00e1len pro automobilov\u00fd pr\u016fmysl<\/li>\n<li>Nan\u00e1\u0161en\u00ed st\u0159\u00edk\u00e1n\u00edm nebo n\u00e1t\u011brem<\/li>\n<\/ul>\n<p>Pou\u017eit\u00ed: podlaha, podb\u011bhy, motorov\u00e1 p\u0159\u00ed\u010dka, blatn\u00edky &#8230;..<\/p>\n<p>Vydatnost: jedno balen\u00ed posta\u010d\u00ed na dvojici podb\u011bh\u016f (vrstva 2mm)<\/p>\n<p><strong>V\u00edce informac\u00ed:<\/strong>\u00a0<a style=\"color: blue;\" href=\"https:\/\/caraudioworld.eu\/wp-content\/uploads\/2020\/01\/CTK-MASTIC.pdf\" target=\"_blank\" rel=\"noopener noreferrer\">Download PDF<\/a><\/p>\n","protected":false},"featured_media":8103,"comment_status":"open","ping_status":"closed","template":"","meta":[],"product_brand":[],"product_cat":[419],"product_tag":[334],"class_list":{"0":"post-8102","1":"product","2":"type-product","3":"status-publish","4":"has-post-thumbnail","6":"product_cat-tlumeni","7":"product_tag-ctk-cs","9":"first","10":"instock","11":"taxable","12":"shipping-taxable","13":"purchasable","14":"product-type-simple"},"yoast_head":"<!-- This site is optimized with the Yoast SEO plugin v27.3 - https:\/\/yoast.com\/product\/yoast-seo-wordpress\/ -->\n<title>CTK Mastic - CARAUDIOWORLD<\/title>\n<meta name=\"description\" content=\"Speci\u00e1ln\u00ed jednoslo\u017ekov\u00fd antikorozn\u00ed a odhlu\u010d\u0148ovac\u00ed tmel. Minimalizuje hluk a\u017e o 40%. Chr\u00e1n\u00ed proti korozi, proti odletuj\u00edc\u00edmu \u0161t\u011brku ... lze pou\u017e\u00edt i na ochranu podb\u011bh\u016f.   Balen\u00ed: 2kg  Jednoslo\u017ekov\u00fd pro jednuduch\u00e9 aplikaci  Sni\u017euje vibrace nap\u0159. na podb\u011bz\u00edch, Podblatn\u00edky, voln\u00fdch plech\u00e1ch  Chr\u00e1n\u00ed i proti korozi a odletuj\u00edc\u00edm kam\u00ednk\u016fm  Minimalizuje hluk pronikaj\u00edc\u00ed do interi\u00e9ru vozidla a\u017e o 40%  Mechanick\u00fd ztr\u00e1tov\u00fd \u010dinitel: 0,2  netoxick\u00fd  Odoln\u00fd v\u016f\u010di pl\u00edsn\u00edm  Schv\u00e1len pro automobilov\u00fd pr\u016fmysl  Nan\u00e1\u0161en\u00ed st\u0159\u00edk\u00e1n\u00edm nebo n\u00e1t\u011brem  Pou\u017eit\u00ed: podlaha, podb\u011bhy, motorov\u00e1 p\u0159\u00ed\u010dka, blatn\u00edky .....  Vydatnost: jedno balen\u00ed posta\u010d\u00ed na dvojici podb\u011bh\u016f (vrstva 2mm)  V\u00edce informac\u00ed:\u00a0Download PDF\" \/>\n<meta name=\"robots\" content=\"index, follow, max-snippet:-1, max-image-preview:large, max-video-preview:-1\" \/>\n<link rel=\"canonical\" href=\"https:\/\/caraudioworld.eu\/cs\/produkt\/ctk-mastic\/\" \/>\n<meta property=\"og:locale\" content=\"cs_CZ\" \/>\n<meta property=\"og:type\" content=\"article\" \/>\n<meta property=\"og:title\" content=\"CTK Mastic - CARAUDIOWORLD\" \/>\n<meta property=\"og:description\" content=\"Speci\u00e1ln\u00ed jednoslo\u017ekov\u00fd antikorozn\u00ed a odhlu\u010d\u0148ovac\u00ed tmel. Minimalizuje hluk a\u017e o 40%. Chr\u00e1n\u00ed proti korozi, proti odletuj\u00edc\u00edmu \u0161t\u011brku ... lze pou\u017e\u00edt i na ochranu podb\u011bh\u016f.   Balen\u00ed: 2kg  Jednoslo\u017ekov\u00fd pro jednuduch\u00e9 aplikaci  Sni\u017euje vibrace nap\u0159. na podb\u011bz\u00edch, Podblatn\u00edky, voln\u00fdch plech\u00e1ch  Chr\u00e1n\u00ed i proti korozi a odletuj\u00edc\u00edm kam\u00ednk\u016fm  Minimalizuje hluk pronikaj\u00edc\u00ed do interi\u00e9ru vozidla a\u017e o 40%  Mechanick\u00fd ztr\u00e1tov\u00fd \u010dinitel: 0,2  netoxick\u00fd  Odoln\u00fd v\u016f\u010di pl\u00edsn\u00edm  Schv\u00e1len pro automobilov\u00fd pr\u016fmysl  Nan\u00e1\u0161en\u00ed st\u0159\u00edk\u00e1n\u00edm nebo n\u00e1t\u011brem  Pou\u017eit\u00ed: podlaha, podb\u011bhy, motorov\u00e1 p\u0159\u00ed\u010dka, blatn\u00edky .....  Vydatnost: jedno balen\u00ed posta\u010d\u00ed na dvojici podb\u011bh\u016f (vrstva 2mm)  V\u00edce informac\u00ed:\u00a0Download PDF\" \/>\n<meta property=\"og:url\" content=\"https:\/\/caraudioworld.eu\/cs\/produkt\/ctk-mastic\/\" \/>\n<meta property=\"og:site_name\" content=\"CARAUDIOWORLD\" \/>\n<meta property=\"article:publisher\" content=\"https:\/\/www.facebook.com\/caraudioworld.eu\" \/>\n<meta property=\"article:modified_time\" content=\"2020-06-27T17:47:46+00:00\" \/>\n<meta property=\"og:image\" content=\"https:\/\/caraudioworld.eu\/wp-content\/uploads\/2020\/01\/11-4.jpg\" \/>\n\t<meta property=\"og:image:width\" content=\"1000\" \/>\n\t<meta property=\"og:image:height\" content=\"700\" \/>\n\t<meta property=\"og:image:type\" content=\"image\/jpeg\" \/>\n<meta name=\"twitter:card\" content=\"summary_large_image\" \/>\n<script type=\"application\/ld+json\" class=\"yoast-schema-graph\">{\"@context\":\"https:\\\/\\\/schema.org\",\"@graph\":[{\"@type\":\"WebPage\",\"@id\":\"https:\\\/\\\/caraudioworld.eu\\\/cs\\\/produkt\\\/ctk-mastic\\\/\",\"url\":\"https:\\\/\\\/caraudioworld.eu\\\/cs\\\/produkt\\\/ctk-mastic\\\/\",\"name\":\"CTK Mastic - CARAUDIOWORLD\",\"isPartOf\":{\"@id\":\"https:\\\/\\\/caraudioworld.eu\\\/cs\\\/#website\"},\"primaryImageOfPage\":{\"@id\":\"https:\\\/\\\/caraudioworld.eu\\\/cs\\\/produkt\\\/ctk-mastic\\\/#primaryimage\"},\"image\":{\"@id\":\"https:\\\/\\\/caraudioworld.eu\\\/cs\\\/produkt\\\/ctk-mastic\\\/#primaryimage\"},\"thumbnailUrl\":\"https:\\\/\\\/caraudioworld.eu\\\/wp-content\\\/uploads\\\/2020\\\/01\\\/11-4.jpg\",\"datePublished\":\"2020-01-06T18:06:28+00:00\",\"dateModified\":\"2020-06-27T17:47:46+00:00\",\"description\":\"Speci\u00e1ln\u00ed jednoslo\u017ekov\u00fd antikorozn\u00ed a odhlu\u010d\u0148ovac\u00ed tmel. Minimalizuje hluk a\u017e o 40%. Chr\u00e1n\u00ed proti korozi, proti odletuj\u00edc\u00edmu \u0161t\u011brku ... lze pou\u017e\u00edt i na ochranu podb\u011bh\u016f. Balen\u00ed: 2kg Jednoslo\u017ekov\u00fd pro jednuduch\u00e9 aplikaci Sni\u017euje vibrace nap\u0159. na podb\u011bz\u00edch, Podblatn\u00edky, voln\u00fdch plech\u00e1ch Chr\u00e1n\u00ed i proti korozi a odletuj\u00edc\u00edm kam\u00ednk\u016fm Minimalizuje hluk pronikaj\u00edc\u00ed do interi\u00e9ru vozidla a\u017e o 40% Mechanick\u00fd ztr\u00e1tov\u00fd \u010dinitel: 0,2 netoxick\u00fd Odoln\u00fd v\u016f\u010di pl\u00edsn\u00edm Schv\u00e1len pro automobilov\u00fd pr\u016fmysl Nan\u00e1\u0161en\u00ed st\u0159\u00edk\u00e1n\u00edm nebo n\u00e1t\u011brem Pou\u017eit\u00ed: podlaha, podb\u011bhy, motorov\u00e1 p\u0159\u00ed\u010dka, blatn\u00edky ..... Vydatnost: jedno balen\u00ed posta\u010d\u00ed na dvojici podb\u011bh\u016f (vrstva 2mm) V\u00edce informac\u00ed:\u00a0Download PDF\",\"breadcrumb\":{\"@id\":\"https:\\\/\\\/caraudioworld.eu\\\/cs\\\/produkt\\\/ctk-mastic\\\/#breadcrumb\"},\"inLanguage\":\"cs\",\"potentialAction\":[{\"@type\":\"ReadAction\",\"target\":[\"https:\\\/\\\/caraudioworld.eu\\\/cs\\\/produkt\\\/ctk-mastic\\\/\"]}]},{\"@type\":\"ImageObject\",\"inLanguage\":\"cs\",\"@id\":\"https:\\\/\\\/caraudioworld.eu\\\/cs\\\/produkt\\\/ctk-mastic\\\/#primaryimage\",\"url\":\"https:\\\/\\\/caraudioworld.eu\\\/wp-content\\\/uploads\\\/2020\\\/01\\\/11-4.jpg\",\"contentUrl\":\"https:\\\/\\\/caraudioworld.eu\\\/wp-content\\\/uploads\\\/2020\\\/01\\\/11-4.jpg\",\"width\":1000,\"height\":700,\"caption\":\"CTK MASTIC\"},{\"@type\":\"BreadcrumbList\",\"@id\":\"https:\\\/\\\/caraudioworld.eu\\\/cs\\\/produkt\\\/ctk-mastic\\\/#breadcrumb\",\"itemListElement\":[{\"@type\":\"ListItem\",\"position\":1,\"name\":\"Home\",\"item\":\"https:\\\/\\\/caraudioworld.eu\\\/cs\\\/\"},{\"@type\":\"ListItem\",\"position\":2,\"name\":\"Obchod\",\"item\":\"https:\\\/\\\/caraudioworld.eu\\\/cs\\\/obchod\\\/\"},{\"@type\":\"ListItem\",\"position\":3,\"name\":\"CTK Mastic\"}]},{\"@type\":\"WebSite\",\"@id\":\"https:\\\/\\\/caraudioworld.eu\\\/cs\\\/#website\",\"url\":\"https:\\\/\\\/caraudioworld.eu\\\/cs\\\/\",\"name\":\"CARAUDIOWORLD\",\"description\":\"Audio Heaven\",\"publisher\":{\"@id\":\"https:\\\/\\\/caraudioworld.eu\\\/cs\\\/#organization\"},\"potentialAction\":[{\"@type\":\"SearchAction\",\"target\":{\"@type\":\"EntryPoint\",\"urlTemplate\":\"https:\\\/\\\/caraudioworld.eu\\\/cs\\\/?s={search_term_string}\"},\"query-input\":{\"@type\":\"PropertyValueSpecification\",\"valueRequired\":true,\"valueName\":\"search_term_string\"}}],\"inLanguage\":\"cs\"},{\"@type\":\"Organization\",\"@id\":\"https:\\\/\\\/caraudioworld.eu\\\/cs\\\/#organization\",\"name\":\"CARAUDIOWORLD.eu\",\"url\":\"https:\\\/\\\/caraudioworld.eu\\\/cs\\\/\",\"logo\":{\"@type\":\"ImageObject\",\"inLanguage\":\"cs\",\"@id\":\"https:\\\/\\\/caraudioworld.eu\\\/cs\\\/#\\\/schema\\\/logo\\\/image\\\/\",\"url\":\"https:\\\/\\\/caraudioworld.eu\\\/wp-content\\\/uploads\\\/2020\\\/10\\\/CAW_rounded.png\",\"contentUrl\":\"https:\\\/\\\/caraudioworld.eu\\\/wp-content\\\/uploads\\\/2020\\\/10\\\/CAW_rounded.png\",\"width\":510,\"height\":510,\"caption\":\"CARAUDIOWORLD.eu\"},\"image\":{\"@id\":\"https:\\\/\\\/caraudioworld.eu\\\/cs\\\/#\\\/schema\\\/logo\\\/image\\\/\"},\"sameAs\":[\"https:\\\/\\\/www.facebook.com\\\/caraudioworld.eu\",\"https:\\\/\\\/www.instagram.com\\\/caraudioworld.eu\\\/\"]}]}<\/script>\n<!-- \/ Yoast SEO plugin. -->","yoast_head_json":{"title":"CTK Mastic - CARAUDIOWORLD","description":"Speci\u00e1ln\u00ed jednoslo\u017ekov\u00fd antikorozn\u00ed a odhlu\u010d\u0148ovac\u00ed tmel. Minimalizuje hluk a\u017e o 40%. Chr\u00e1n\u00ed proti korozi, proti odletuj\u00edc\u00edmu \u0161t\u011brku ... lze pou\u017e\u00edt i na ochranu podb\u011bh\u016f.   Balen\u00ed: 2kg  Jednoslo\u017ekov\u00fd pro jednuduch\u00e9 aplikaci  Sni\u017euje vibrace nap\u0159. na podb\u011bz\u00edch, Podblatn\u00edky, voln\u00fdch plech\u00e1ch  Chr\u00e1n\u00ed i proti korozi a odletuj\u00edc\u00edm kam\u00ednk\u016fm  Minimalizuje hluk pronikaj\u00edc\u00ed do interi\u00e9ru vozidla a\u017e o 40%  Mechanick\u00fd ztr\u00e1tov\u00fd \u010dinitel: 0,2  netoxick\u00fd  Odoln\u00fd v\u016f\u010di pl\u00edsn\u00edm  Schv\u00e1len pro automobilov\u00fd pr\u016fmysl  Nan\u00e1\u0161en\u00ed st\u0159\u00edk\u00e1n\u00edm nebo n\u00e1t\u011brem  Pou\u017eit\u00ed: podlaha, podb\u011bhy, motorov\u00e1 p\u0159\u00ed\u010dka, blatn\u00edky .....  Vydatnost: jedno balen\u00ed posta\u010d\u00ed na dvojici podb\u011bh\u016f (vrstva 2mm)  V\u00edce informac\u00ed:\u00a0Download PDF","robots":{"index":"index","follow":"follow","max-snippet":"max-snippet:-1","max-image-preview":"max-image-preview:large","max-video-preview":"max-video-preview:-1"},"canonical":"https:\/\/caraudioworld.eu\/cs\/produkt\/ctk-mastic\/","og_locale":"cs_CZ","og_type":"article","og_title":"CTK Mastic - CARAUDIOWORLD","og_description":"Speci\u00e1ln\u00ed jednoslo\u017ekov\u00fd antikorozn\u00ed a odhlu\u010d\u0148ovac\u00ed tmel. Minimalizuje hluk a\u017e o 40%. Chr\u00e1n\u00ed proti korozi, proti odletuj\u00edc\u00edmu \u0161t\u011brku ... lze pou\u017e\u00edt i na ochranu podb\u011bh\u016f.   Balen\u00ed: 2kg  Jednoslo\u017ekov\u00fd pro jednuduch\u00e9 aplikaci  Sni\u017euje vibrace nap\u0159. na podb\u011bz\u00edch, Podblatn\u00edky, voln\u00fdch plech\u00e1ch  Chr\u00e1n\u00ed i proti korozi a odletuj\u00edc\u00edm kam\u00ednk\u016fm  Minimalizuje hluk pronikaj\u00edc\u00ed do interi\u00e9ru vozidla a\u017e o 40%  Mechanick\u00fd ztr\u00e1tov\u00fd \u010dinitel: 0,2  netoxick\u00fd  Odoln\u00fd v\u016f\u010di pl\u00edsn\u00edm  Schv\u00e1len pro automobilov\u00fd pr\u016fmysl  Nan\u00e1\u0161en\u00ed st\u0159\u00edk\u00e1n\u00edm nebo n\u00e1t\u011brem  Pou\u017eit\u00ed: podlaha, podb\u011bhy, motorov\u00e1 p\u0159\u00ed\u010dka, blatn\u00edky .....  Vydatnost: jedno balen\u00ed posta\u010d\u00ed na dvojici podb\u011bh\u016f (vrstva 2mm)  V\u00edce informac\u00ed:\u00a0Download PDF","og_url":"https:\/\/caraudioworld.eu\/cs\/produkt\/ctk-mastic\/","og_site_name":"CARAUDIOWORLD","article_publisher":"https:\/\/www.facebook.com\/caraudioworld.eu","article_modified_time":"2020-06-27T17:47:46+00:00","og_image":[{"width":1000,"height":700,"url":"https:\/\/caraudioworld.eu\/wp-content\/uploads\/2020\/01\/11-4.jpg","type":"image\/jpeg"}],"twitter_card":"summary_large_image","schema":{"@context":"https:\/\/schema.org","@graph":[{"@type":"WebPage","@id":"https:\/\/caraudioworld.eu\/cs\/produkt\/ctk-mastic\/","url":"https:\/\/caraudioworld.eu\/cs\/produkt\/ctk-mastic\/","name":"CTK Mastic - CARAUDIOWORLD","isPartOf":{"@id":"https:\/\/caraudioworld.eu\/cs\/#website"},"primaryImageOfPage":{"@id":"https:\/\/caraudioworld.eu\/cs\/produkt\/ctk-mastic\/#primaryimage"},"image":{"@id":"https:\/\/caraudioworld.eu\/cs\/produkt\/ctk-mastic\/#primaryimage"},"thumbnailUrl":"https:\/\/caraudioworld.eu\/wp-content\/uploads\/2020\/01\/11-4.jpg","datePublished":"2020-01-06T18:06:28+00:00","dateModified":"2020-06-27T17:47:46+00:00","description":"Speci\u00e1ln\u00ed jednoslo\u017ekov\u00fd antikorozn\u00ed a odhlu\u010d\u0148ovac\u00ed tmel. Minimalizuje hluk a\u017e o 40%. Chr\u00e1n\u00ed proti korozi, proti odletuj\u00edc\u00edmu \u0161t\u011brku ... lze pou\u017e\u00edt i na ochranu podb\u011bh\u016f. Balen\u00ed: 2kg Jednoslo\u017ekov\u00fd pro jednuduch\u00e9 aplikaci Sni\u017euje vibrace nap\u0159. na podb\u011bz\u00edch, Podblatn\u00edky, voln\u00fdch plech\u00e1ch Chr\u00e1n\u00ed i proti korozi a odletuj\u00edc\u00edm kam\u00ednk\u016fm Minimalizuje hluk pronikaj\u00edc\u00ed do interi\u00e9ru vozidla a\u017e o 40% Mechanick\u00fd ztr\u00e1tov\u00fd \u010dinitel: 0,2 netoxick\u00fd Odoln\u00fd v\u016f\u010di pl\u00edsn\u00edm Schv\u00e1len pro automobilov\u00fd pr\u016fmysl Nan\u00e1\u0161en\u00ed st\u0159\u00edk\u00e1n\u00edm nebo n\u00e1t\u011brem Pou\u017eit\u00ed: podlaha, podb\u011bhy, motorov\u00e1 p\u0159\u00ed\u010dka, blatn\u00edky ..... Vydatnost: jedno balen\u00ed posta\u010d\u00ed na dvojici podb\u011bh\u016f (vrstva 2mm) V\u00edce informac\u00ed:\u00a0Download PDF","breadcrumb":{"@id":"https:\/\/caraudioworld.eu\/cs\/produkt\/ctk-mastic\/#breadcrumb"},"inLanguage":"cs","potentialAction":[{"@type":"ReadAction","target":["https:\/\/caraudioworld.eu\/cs\/produkt\/ctk-mastic\/"]}]},{"@type":"ImageObject","inLanguage":"cs","@id":"https:\/\/caraudioworld.eu\/cs\/produkt\/ctk-mastic\/#primaryimage","url":"https:\/\/caraudioworld.eu\/wp-content\/uploads\/2020\/01\/11-4.jpg","contentUrl":"https:\/\/caraudioworld.eu\/wp-content\/uploads\/2020\/01\/11-4.jpg","width":1000,"height":700,"caption":"CTK MASTIC"},{"@type":"BreadcrumbList","@id":"https:\/\/caraudioworld.eu\/cs\/produkt\/ctk-mastic\/#breadcrumb","itemListElement":[{"@type":"ListItem","position":1,"name":"Home","item":"https:\/\/caraudioworld.eu\/cs\/"},{"@type":"ListItem","position":2,"name":"Obchod","item":"https:\/\/caraudioworld.eu\/cs\/obchod\/"},{"@type":"ListItem","position":3,"name":"CTK Mastic"}]},{"@type":"WebSite","@id":"https:\/\/caraudioworld.eu\/cs\/#website","url":"https:\/\/caraudioworld.eu\/cs\/","name":"CARAUDIOWORLD","description":"Audio Heaven","publisher":{"@id":"https:\/\/caraudioworld.eu\/cs\/#organization"},"potentialAction":[{"@type":"SearchAction","target":{"@type":"EntryPoint","urlTemplate":"https:\/\/caraudioworld.eu\/cs\/?s={search_term_string}"},"query-input":{"@type":"PropertyValueSpecification","valueRequired":true,"valueName":"search_term_string"}}],"inLanguage":"cs"},{"@type":"Organization","@id":"https:\/\/caraudioworld.eu\/cs\/#organization","name":"CARAUDIOWORLD.eu","url":"https:\/\/caraudioworld.eu\/cs\/","logo":{"@type":"ImageObject","inLanguage":"cs","@id":"https:\/\/caraudioworld.eu\/cs\/#\/schema\/logo\/image\/","url":"https:\/\/caraudioworld.eu\/wp-content\/uploads\/2020\/10\/CAW_rounded.png","contentUrl":"https:\/\/caraudioworld.eu\/wp-content\/uploads\/2020\/10\/CAW_rounded.png","width":510,"height":510,"caption":"CARAUDIOWORLD.eu"},"image":{"@id":"https:\/\/caraudioworld.eu\/cs\/#\/schema\/logo\/image\/"},"sameAs":["https:\/\/www.facebook.com\/caraudioworld.eu","https:\/\/www.instagram.com\/caraudioworld.eu\/"]}]}},"_links":{"self":[{"href":"https:\/\/caraudioworld.eu\/cs\/wp-json\/wp\/v2\/product\/8102","targetHints":{"allow":["GET"]}}],"collection":[{"href":"https:\/\/caraudioworld.eu\/cs\/wp-json\/wp\/v2\/product"}],"about":[{"href":"https:\/\/caraudioworld.eu\/cs\/wp-json\/wp\/v2\/types\/product"}],"replies":[{"embeddable":true,"href":"https:\/\/caraudioworld.eu\/cs\/wp-json\/wp\/v2\/comments?post=8102"}],"wp:featuredmedia":[{"embeddable":true,"href":"https:\/\/caraudioworld.eu\/cs\/wp-json\/wp\/v2\/media\/8103"}],"wp:attachment":[{"href":"https:\/\/caraudioworld.eu\/cs\/wp-json\/wp\/v2\/media?parent=8102"}],"wp:term":[{"taxonomy":"product_brand","embeddable":true,"href":"https:\/\/caraudioworld.eu\/cs\/wp-json\/wp\/v2\/product_brand?post=8102"},{"taxonomy":"product_cat","embeddable":true,"href":"https:\/\/caraudioworld.eu\/cs\/wp-json\/wp\/v2\/product_cat?post=8102"},{"taxonomy":"product_tag","embeddable":true,"href":"https:\/\/caraudioworld.eu\/cs\/wp-json\/wp\/v2\/product_tag?post=8102"}],"curies":[{"name":"wp","href":"https:\/\/api.w.org\/{rel}","templated":true}]}}