{"id":8119,"date":"2020-02-01T12:18:30","date_gmt":"2020-02-01T11:18:30","guid":{"rendered":"https:\/\/caraudioworld.eu\/produkt\/steg-st-15d2\/"},"modified":"2020-02-01T12:18:30","modified_gmt":"2020-02-01T11:18:30","slug":"steg-st-15d2","status":"publish","type":"product","link":"https:\/\/caraudioworld.eu\/cs\/produkt\/steg-st-15d2\/","title":{"rendered":"STEG ST-15D2"},"content":{"rendered":"","protected":false},"excerpt":{"rendered":"<p>V\u00fdborn\u00fd 15 &#8222;SPL subwoofer od firmy STEG, kter\u00fd je ale sv\u00fdmi schopnostmi vhodn\u00fd i pro nad\u0161ence kvalitn\u00edch SQL \/ SQ bas\u016f (aplikovateln\u00fd do uzav\u0159en\u00e9 bedny). Sv\u00fdm robustn\u00edm ko\u0161em, prodlou\u017een\u00fdm magnetem pro mo\u017enosti v\u011bt\u0161\u00ed v\u00fdchylky a vlnovcem na dvou&#8220; patrech &#8222;se st\u00e1v\u00e1 z n\u011bj opravdov\u00e9 monstrum. Nechyb\u00ed ani prachovka vyroben\u00e1 z uhl\u00edkov\u00fdch vl\u00e1ken a mohutn\u00e9 zav\u011b\u0161en\u00ed.<\/p>\n<p>Pr\u016fm\u011br: 15&#8220;<br \/>\nV\u00fdkon: 2000 W RMS<br \/>\nImpedance: 2&#215;2 ohm<br \/>\nFo: 35 Hz<br \/>\nQTS: 0.65<br \/>\nCitlivost: 86 dB<br \/>\nXmax: 48 mm<br \/>\nVas: 50L<\/p>\n","protected":false},"featured_media":8120,"comment_status":"open","ping_status":"closed","template":"","meta":[],"product_brand":[],"product_cat":[403,417],"product_tag":[339],"class_list":{"0":"post-8119","1":"product","2":"type-product","3":"status-publish","4":"has-post-thumbnail","6":"product_cat-reproduktory-cs","7":"product_cat-subwoofer-cs","8":"product_tag-steg-cs","10":"first","11":"instock","12":"taxable","13":"shipping-taxable","14":"purchasable","15":"product-type-simple"},"yoast_head":"<!-- This site is optimized with the Yoast SEO plugin v27.3 - https:\/\/yoast.com\/product\/yoast-seo-wordpress\/ -->\n<title>STEG ST-15D2 - CARAUDIOWORLD<\/title>\n<meta name=\"description\" content=\"V\u00fdborn\u00fd 15 &quot;SPL subwoofer od firmy STEG, kter\u00fd je ale sv\u00fdmi schopnostmi vhodn\u00fd i pro nad\u0161ence kvalitn\u00edch SQL \/ SQ bas\u016f (aplikovateln\u00fd do uzav\u0159en\u00e9 bedny). Sv\u00fdm robustn\u00edm ko\u0161em, prodlou\u017een\u00fdm magnetem pro mo\u017enosti v\u011bt\u0161\u00ed v\u00fdchylky a vlnovcem na dvou&quot; patrech &quot;se st\u00e1v\u00e1 z n\u011bj opravdov\u00e9 monstrum. Nechyb\u00ed ani prachovka vyroben\u00e1 z uhl\u00edkov\u00fdch vl\u00e1ken a mohutn\u00e9 zav\u011b\u0161en\u00ed.  Pr\u016fm\u011br: 15&quot; V\u00fdkon: 2000 W RMS Impedance: 2x2 ohm Fo: 35 Hz QTS: 0.65 Citlivost: 86 dB Xmax: 48 mm Vas: 50L\" \/>\n<meta name=\"robots\" content=\"index, follow, max-snippet:-1, max-image-preview:large, max-video-preview:-1\" \/>\n<link rel=\"canonical\" href=\"https:\/\/caraudioworld.eu\/cs\/produkt\/steg-st-15d2\/\" \/>\n<meta property=\"og:locale\" content=\"cs_CZ\" \/>\n<meta property=\"og:type\" content=\"article\" \/>\n<meta property=\"og:title\" content=\"STEG ST-15D2 - CARAUDIOWORLD\" \/>\n<meta property=\"og:description\" content=\"V\u00fdborn\u00fd 15 &quot;SPL subwoofer od firmy STEG, kter\u00fd je ale sv\u00fdmi schopnostmi vhodn\u00fd i pro nad\u0161ence kvalitn\u00edch SQL \/ SQ bas\u016f (aplikovateln\u00fd do uzav\u0159en\u00e9 bedny). Sv\u00fdm robustn\u00edm ko\u0161em, prodlou\u017een\u00fdm magnetem pro mo\u017enosti v\u011bt\u0161\u00ed v\u00fdchylky a vlnovcem na dvou&quot; patrech &quot;se st\u00e1v\u00e1 z n\u011bj opravdov\u00e9 monstrum. Nechyb\u00ed ani prachovka vyroben\u00e1 z uhl\u00edkov\u00fdch vl\u00e1ken a mohutn\u00e9 zav\u011b\u0161en\u00ed.  Pr\u016fm\u011br: 15&quot; V\u00fdkon: 2000 W RMS Impedance: 2x2 ohm Fo: 35 Hz QTS: 0.65 Citlivost: 86 dB Xmax: 48 mm Vas: 50L\" \/>\n<meta property=\"og:url\" content=\"https:\/\/caraudioworld.eu\/cs\/produkt\/steg-st-15d2\/\" \/>\n<meta property=\"og:site_name\" content=\"CARAUDIOWORLD\" \/>\n<meta property=\"article:publisher\" content=\"https:\/\/www.facebook.com\/caraudioworld.eu\" \/>\n<meta property=\"og:image\" content=\"https:\/\/caraudioworld.eu\/wp-content\/uploads\/2020\/02\/11-1.jpg\" \/>\n\t<meta property=\"og:image:width\" content=\"1000\" \/>\n\t<meta property=\"og:image:height\" content=\"700\" \/>\n\t<meta property=\"og:image:type\" content=\"image\/jpeg\" \/>\n<meta name=\"twitter:card\" content=\"summary_large_image\" \/>\n<script type=\"application\/ld+json\" class=\"yoast-schema-graph\">{\"@context\":\"https:\\\/\\\/schema.org\",\"@graph\":[{\"@type\":\"WebPage\",\"@id\":\"https:\\\/\\\/caraudioworld.eu\\\/cs\\\/produkt\\\/steg-st-15d2\\\/\",\"url\":\"https:\\\/\\\/caraudioworld.eu\\\/cs\\\/produkt\\\/steg-st-15d2\\\/\",\"name\":\"STEG ST-15D2 - CARAUDIOWORLD\",\"isPartOf\":{\"@id\":\"https:\\\/\\\/caraudioworld.eu\\\/cs\\\/#website\"},\"primaryImageOfPage\":{\"@id\":\"https:\\\/\\\/caraudioworld.eu\\\/cs\\\/produkt\\\/steg-st-15d2\\\/#primaryimage\"},\"image\":{\"@id\":\"https:\\\/\\\/caraudioworld.eu\\\/cs\\\/produkt\\\/steg-st-15d2\\\/#primaryimage\"},\"thumbnailUrl\":\"https:\\\/\\\/caraudioworld.eu\\\/wp-content\\\/uploads\\\/2020\\\/02\\\/11-1.jpg\",\"datePublished\":\"2020-02-01T11:18:30+00:00\",\"description\":\"V\u00fdborn\u00fd 15 \\\"SPL subwoofer od firmy STEG, kter\u00fd je ale sv\u00fdmi schopnostmi vhodn\u00fd i pro nad\u0161ence kvalitn\u00edch SQL \\\/ SQ bas\u016f (aplikovateln\u00fd do uzav\u0159en\u00e9 bedny). Sv\u00fdm robustn\u00edm ko\u0161em, prodlou\u017een\u00fdm magnetem pro mo\u017enosti v\u011bt\u0161\u00ed v\u00fdchylky a vlnovcem na dvou\\\" patrech \\\"se st\u00e1v\u00e1 z n\u011bj opravdov\u00e9 monstrum. Nechyb\u00ed ani prachovka vyroben\u00e1 z uhl\u00edkov\u00fdch vl\u00e1ken a mohutn\u00e9 zav\u011b\u0161en\u00ed. Pr\u016fm\u011br: 15\\\" V\u00fdkon: 2000 W RMS Impedance: 2x2 ohm Fo: 35 Hz QTS: 0.65 Citlivost: 86 dB Xmax: 48 mm Vas: 50L\",\"breadcrumb\":{\"@id\":\"https:\\\/\\\/caraudioworld.eu\\\/cs\\\/produkt\\\/steg-st-15d2\\\/#breadcrumb\"},\"inLanguage\":\"cs\",\"potentialAction\":[{\"@type\":\"ReadAction\",\"target\":[\"https:\\\/\\\/caraudioworld.eu\\\/cs\\\/produkt\\\/steg-st-15d2\\\/\"]}]},{\"@type\":\"ImageObject\",\"inLanguage\":\"cs\",\"@id\":\"https:\\\/\\\/caraudioworld.eu\\\/cs\\\/produkt\\\/steg-st-15d2\\\/#primaryimage\",\"url\":\"https:\\\/\\\/caraudioworld.eu\\\/wp-content\\\/uploads\\\/2020\\\/02\\\/11-1.jpg\",\"contentUrl\":\"https:\\\/\\\/caraudioworld.eu\\\/wp-content\\\/uploads\\\/2020\\\/02\\\/11-1.jpg\",\"width\":1000,\"height\":700,\"caption\":\"steg st-15\"},{\"@type\":\"BreadcrumbList\",\"@id\":\"https:\\\/\\\/caraudioworld.eu\\\/cs\\\/produkt\\\/steg-st-15d2\\\/#breadcrumb\",\"itemListElement\":[{\"@type\":\"ListItem\",\"position\":1,\"name\":\"Home\",\"item\":\"https:\\\/\\\/caraudioworld.eu\\\/cs\\\/\"},{\"@type\":\"ListItem\",\"position\":2,\"name\":\"Obchod\",\"item\":\"https:\\\/\\\/caraudioworld.eu\\\/cs\\\/obchod\\\/\"},{\"@type\":\"ListItem\",\"position\":3,\"name\":\"STEG ST-15D2\"}]},{\"@type\":\"WebSite\",\"@id\":\"https:\\\/\\\/caraudioworld.eu\\\/cs\\\/#website\",\"url\":\"https:\\\/\\\/caraudioworld.eu\\\/cs\\\/\",\"name\":\"CARAUDIOWORLD\",\"description\":\"Audio Heaven\",\"publisher\":{\"@id\":\"https:\\\/\\\/caraudioworld.eu\\\/cs\\\/#organization\"},\"potentialAction\":[{\"@type\":\"SearchAction\",\"target\":{\"@type\":\"EntryPoint\",\"urlTemplate\":\"https:\\\/\\\/caraudioworld.eu\\\/cs\\\/?s={search_term_string}\"},\"query-input\":{\"@type\":\"PropertyValueSpecification\",\"valueRequired\":true,\"valueName\":\"search_term_string\"}}],\"inLanguage\":\"cs\"},{\"@type\":\"Organization\",\"@id\":\"https:\\\/\\\/caraudioworld.eu\\\/cs\\\/#organization\",\"name\":\"CARAUDIOWORLD.eu\",\"url\":\"https:\\\/\\\/caraudioworld.eu\\\/cs\\\/\",\"logo\":{\"@type\":\"ImageObject\",\"inLanguage\":\"cs\",\"@id\":\"https:\\\/\\\/caraudioworld.eu\\\/cs\\\/#\\\/schema\\\/logo\\\/image\\\/\",\"url\":\"https:\\\/\\\/caraudioworld.eu\\\/wp-content\\\/uploads\\\/2020\\\/10\\\/CAW_rounded.png\",\"contentUrl\":\"https:\\\/\\\/caraudioworld.eu\\\/wp-content\\\/uploads\\\/2020\\\/10\\\/CAW_rounded.png\",\"width\":510,\"height\":510,\"caption\":\"CARAUDIOWORLD.eu\"},\"image\":{\"@id\":\"https:\\\/\\\/caraudioworld.eu\\\/cs\\\/#\\\/schema\\\/logo\\\/image\\\/\"},\"sameAs\":[\"https:\\\/\\\/www.facebook.com\\\/caraudioworld.eu\",\"https:\\\/\\\/www.instagram.com\\\/caraudioworld.eu\\\/\"]}]}<\/script>\n<!-- \/ Yoast SEO plugin. -->","yoast_head_json":{"title":"STEG ST-15D2 - CARAUDIOWORLD","description":"V\u00fdborn\u00fd 15 \"SPL subwoofer od firmy STEG, kter\u00fd je ale sv\u00fdmi schopnostmi vhodn\u00fd i pro nad\u0161ence kvalitn\u00edch SQL \/ SQ bas\u016f (aplikovateln\u00fd do uzav\u0159en\u00e9 bedny). Sv\u00fdm robustn\u00edm ko\u0161em, prodlou\u017een\u00fdm magnetem pro mo\u017enosti v\u011bt\u0161\u00ed v\u00fdchylky a vlnovcem na dvou\" patrech \"se st\u00e1v\u00e1 z n\u011bj opravdov\u00e9 monstrum. Nechyb\u00ed ani prachovka vyroben\u00e1 z uhl\u00edkov\u00fdch vl\u00e1ken a mohutn\u00e9 zav\u011b\u0161en\u00ed.  Pr\u016fm\u011br: 15\" V\u00fdkon: 2000 W RMS Impedance: 2x2 ohm Fo: 35 Hz QTS: 0.65 Citlivost: 86 dB Xmax: 48 mm Vas: 50L","robots":{"index":"index","follow":"follow","max-snippet":"max-snippet:-1","max-image-preview":"max-image-preview:large","max-video-preview":"max-video-preview:-1"},"canonical":"https:\/\/caraudioworld.eu\/cs\/produkt\/steg-st-15d2\/","og_locale":"cs_CZ","og_type":"article","og_title":"STEG ST-15D2 - CARAUDIOWORLD","og_description":"V\u00fdborn\u00fd 15 \"SPL subwoofer od firmy STEG, kter\u00fd je ale sv\u00fdmi schopnostmi vhodn\u00fd i pro nad\u0161ence kvalitn\u00edch SQL \/ SQ bas\u016f (aplikovateln\u00fd do uzav\u0159en\u00e9 bedny). Sv\u00fdm robustn\u00edm ko\u0161em, prodlou\u017een\u00fdm magnetem pro mo\u017enosti v\u011bt\u0161\u00ed v\u00fdchylky a vlnovcem na dvou\" patrech \"se st\u00e1v\u00e1 z n\u011bj opravdov\u00e9 monstrum. Nechyb\u00ed ani prachovka vyroben\u00e1 z uhl\u00edkov\u00fdch vl\u00e1ken a mohutn\u00e9 zav\u011b\u0161en\u00ed.  Pr\u016fm\u011br: 15\" V\u00fdkon: 2000 W RMS Impedance: 2x2 ohm Fo: 35 Hz QTS: 0.65 Citlivost: 86 dB Xmax: 48 mm Vas: 50L","og_url":"https:\/\/caraudioworld.eu\/cs\/produkt\/steg-st-15d2\/","og_site_name":"CARAUDIOWORLD","article_publisher":"https:\/\/www.facebook.com\/caraudioworld.eu","og_image":[{"width":1000,"height":700,"url":"https:\/\/caraudioworld.eu\/wp-content\/uploads\/2020\/02\/11-1.jpg","type":"image\/jpeg"}],"twitter_card":"summary_large_image","schema":{"@context":"https:\/\/schema.org","@graph":[{"@type":"WebPage","@id":"https:\/\/caraudioworld.eu\/cs\/produkt\/steg-st-15d2\/","url":"https:\/\/caraudioworld.eu\/cs\/produkt\/steg-st-15d2\/","name":"STEG ST-15D2 - CARAUDIOWORLD","isPartOf":{"@id":"https:\/\/caraudioworld.eu\/cs\/#website"},"primaryImageOfPage":{"@id":"https:\/\/caraudioworld.eu\/cs\/produkt\/steg-st-15d2\/#primaryimage"},"image":{"@id":"https:\/\/caraudioworld.eu\/cs\/produkt\/steg-st-15d2\/#primaryimage"},"thumbnailUrl":"https:\/\/caraudioworld.eu\/wp-content\/uploads\/2020\/02\/11-1.jpg","datePublished":"2020-02-01T11:18:30+00:00","description":"V\u00fdborn\u00fd 15 \"SPL subwoofer od firmy STEG, kter\u00fd je ale sv\u00fdmi schopnostmi vhodn\u00fd i pro nad\u0161ence kvalitn\u00edch SQL \/ SQ bas\u016f (aplikovateln\u00fd do uzav\u0159en\u00e9 bedny). Sv\u00fdm robustn\u00edm ko\u0161em, prodlou\u017een\u00fdm magnetem pro mo\u017enosti v\u011bt\u0161\u00ed v\u00fdchylky a vlnovcem na dvou\" patrech \"se st\u00e1v\u00e1 z n\u011bj opravdov\u00e9 monstrum. Nechyb\u00ed ani prachovka vyroben\u00e1 z uhl\u00edkov\u00fdch vl\u00e1ken a mohutn\u00e9 zav\u011b\u0161en\u00ed. Pr\u016fm\u011br: 15\" V\u00fdkon: 2000 W RMS Impedance: 2x2 ohm Fo: 35 Hz QTS: 0.65 Citlivost: 86 dB Xmax: 48 mm Vas: 50L","breadcrumb":{"@id":"https:\/\/caraudioworld.eu\/cs\/produkt\/steg-st-15d2\/#breadcrumb"},"inLanguage":"cs","potentialAction":[{"@type":"ReadAction","target":["https:\/\/caraudioworld.eu\/cs\/produkt\/steg-st-15d2\/"]}]},{"@type":"ImageObject","inLanguage":"cs","@id":"https:\/\/caraudioworld.eu\/cs\/produkt\/steg-st-15d2\/#primaryimage","url":"https:\/\/caraudioworld.eu\/wp-content\/uploads\/2020\/02\/11-1.jpg","contentUrl":"https:\/\/caraudioworld.eu\/wp-content\/uploads\/2020\/02\/11-1.jpg","width":1000,"height":700,"caption":"steg st-15"},{"@type":"BreadcrumbList","@id":"https:\/\/caraudioworld.eu\/cs\/produkt\/steg-st-15d2\/#breadcrumb","itemListElement":[{"@type":"ListItem","position":1,"name":"Home","item":"https:\/\/caraudioworld.eu\/cs\/"},{"@type":"ListItem","position":2,"name":"Obchod","item":"https:\/\/caraudioworld.eu\/cs\/obchod\/"},{"@type":"ListItem","position":3,"name":"STEG ST-15D2"}]},{"@type":"WebSite","@id":"https:\/\/caraudioworld.eu\/cs\/#website","url":"https:\/\/caraudioworld.eu\/cs\/","name":"CARAUDIOWORLD","description":"Audio Heaven","publisher":{"@id":"https:\/\/caraudioworld.eu\/cs\/#organization"},"potentialAction":[{"@type":"SearchAction","target":{"@type":"EntryPoint","urlTemplate":"https:\/\/caraudioworld.eu\/cs\/?s={search_term_string}"},"query-input":{"@type":"PropertyValueSpecification","valueRequired":true,"valueName":"search_term_string"}}],"inLanguage":"cs"},{"@type":"Organization","@id":"https:\/\/caraudioworld.eu\/cs\/#organization","name":"CARAUDIOWORLD.eu","url":"https:\/\/caraudioworld.eu\/cs\/","logo":{"@type":"ImageObject","inLanguage":"cs","@id":"https:\/\/caraudioworld.eu\/cs\/#\/schema\/logo\/image\/","url":"https:\/\/caraudioworld.eu\/wp-content\/uploads\/2020\/10\/CAW_rounded.png","contentUrl":"https:\/\/caraudioworld.eu\/wp-content\/uploads\/2020\/10\/CAW_rounded.png","width":510,"height":510,"caption":"CARAUDIOWORLD.eu"},"image":{"@id":"https:\/\/caraudioworld.eu\/cs\/#\/schema\/logo\/image\/"},"sameAs":["https:\/\/www.facebook.com\/caraudioworld.eu","https:\/\/www.instagram.com\/caraudioworld.eu\/"]}]}},"_links":{"self":[{"href":"https:\/\/caraudioworld.eu\/cs\/wp-json\/wp\/v2\/product\/8119","targetHints":{"allow":["GET"]}}],"collection":[{"href":"https:\/\/caraudioworld.eu\/cs\/wp-json\/wp\/v2\/product"}],"about":[{"href":"https:\/\/caraudioworld.eu\/cs\/wp-json\/wp\/v2\/types\/product"}],"replies":[{"embeddable":true,"href":"https:\/\/caraudioworld.eu\/cs\/wp-json\/wp\/v2\/comments?post=8119"}],"wp:featuredmedia":[{"embeddable":true,"href":"https:\/\/caraudioworld.eu\/cs\/wp-json\/wp\/v2\/media\/8120"}],"wp:attachment":[{"href":"https:\/\/caraudioworld.eu\/cs\/wp-json\/wp\/v2\/media?parent=8119"}],"wp:term":[{"taxonomy":"product_brand","embeddable":true,"href":"https:\/\/caraudioworld.eu\/cs\/wp-json\/wp\/v2\/product_brand?post=8119"},{"taxonomy":"product_cat","embeddable":true,"href":"https:\/\/caraudioworld.eu\/cs\/wp-json\/wp\/v2\/product_cat?post=8119"},{"taxonomy":"product_tag","embeddable":true,"href":"https:\/\/caraudioworld.eu\/cs\/wp-json\/wp\/v2\/product_tag?post=8119"}],"curies":[{"name":"wp","href":"https:\/\/api.w.org\/{rel}","templated":true}]}}