{"id":8139,"date":"2020-02-04T20:51:37","date_gmt":"2020-02-04T19:51:37","guid":{"rendered":"https:\/\/caraudioworld.eu\/produkt\/stinger-spt55302\/"},"modified":"2020-02-04T20:51:37","modified_gmt":"2020-02-04T19:51:37","slug":"stinger-spt55302","status":"publish","type":"product","link":"https:\/\/caraudioworld.eu\/cs\/produkt\/stinger-spt55302\/","title":{"rendered":"Stinger SPT55302"},"content":{"rendered":"","protected":false},"excerpt":{"rendered":"<p>Kvalitn\u00ed baterkov\u00e9 termin\u00e1l navr\u017een speci\u00e1ln\u011b pro AGM baterie od Americk\u00e9ho v\u00fdrobce Stinger.<\/p>\n<p>Stinger SPT55302 je elegantn\u011b navr\u017een\u00fd termin\u00e1l pro baterie uzp\u016fsoben\u00fd na baterie AGM. Tento termin\u00e1l m\u00e1 jeden v\u00fdstup 50mm2, jeden v\u00fdstup 21mm2 a dva 8mm2 v\u00fdstupy. Tento termin\u00e1l lze univerz\u00e1ln\u011b pou\u017e\u00edvat jako pozitivn\u00ed nebo negativn\u00ed termin\u00e1l, aby vyhovoval v\u0161em pot\u0159eb\u00e1m va\u0161eho auta.<\/p>\n<p>V balen\u00ed 1ks!<\/p>\n","protected":false},"featured_media":8140,"comment_status":"open","ping_status":"closed","template":"","meta":[],"product_brand":[],"product_cat":[399,398],"product_tag":[406],"class_list":{"0":"post-8139","1":"product","2":"type-product","3":"status-publish","4":"has-post-thumbnail","6":"product_cat-baterkove-terminaly-cs","7":"product_cat-ostatni","8":"product_tag-stinger-cs","10":"first","11":"outofstock","12":"sale","13":"taxable","14":"shipping-taxable","15":"purchasable","16":"product-type-simple"},"yoast_head":"<!-- This site is optimized with the Yoast SEO plugin v27.3 - https:\/\/yoast.com\/product\/yoast-seo-wordpress\/ -->\n<title>Stinger SPT55302 - CARAUDIOWORLD<\/title>\n<meta name=\"description\" content=\"Kvalitn\u00ed baterkov\u00e9 termin\u00e1l navr\u017een speci\u00e1ln\u011b pro AGM baterie od Americk\u00e9ho v\u00fdrobce Stinger.  Stinger SPT55302 je elegantn\u011b navr\u017een\u00fd termin\u00e1l pro baterie uzp\u016fsoben\u00fd na baterie AGM. Tento termin\u00e1l m\u00e1 jeden v\u00fdstup 50mm2, jeden v\u00fdstup 21mm2 a dva 8mm2 v\u00fdstupy. Tento termin\u00e1l lze univerz\u00e1ln\u011b pou\u017e\u00edvat jako pozitivn\u00ed nebo negativn\u00ed termin\u00e1l, aby vyhovoval v\u0161em pot\u0159eb\u00e1m va\u0161eho auta.  V balen\u00ed 1ks!\" \/>\n<meta name=\"robots\" content=\"index, follow, max-snippet:-1, max-image-preview:large, max-video-preview:-1\" \/>\n<link rel=\"canonical\" href=\"https:\/\/caraudioworld.eu\/cs\/produkt\/stinger-spt55302\/\" \/>\n<meta property=\"og:locale\" content=\"cs_CZ\" \/>\n<meta property=\"og:type\" content=\"article\" \/>\n<meta property=\"og:title\" content=\"Stinger SPT55302 - CARAUDIOWORLD\" \/>\n<meta property=\"og:description\" content=\"Kvalitn\u00ed baterkov\u00e9 termin\u00e1l navr\u017een speci\u00e1ln\u011b pro AGM baterie od Americk\u00e9ho v\u00fdrobce Stinger.  Stinger SPT55302 je elegantn\u011b navr\u017een\u00fd termin\u00e1l pro baterie uzp\u016fsoben\u00fd na baterie AGM. Tento termin\u00e1l m\u00e1 jeden v\u00fdstup 50mm2, jeden v\u00fdstup 21mm2 a dva 8mm2 v\u00fdstupy. Tento termin\u00e1l lze univerz\u00e1ln\u011b pou\u017e\u00edvat jako pozitivn\u00ed nebo negativn\u00ed termin\u00e1l, aby vyhovoval v\u0161em pot\u0159eb\u00e1m va\u0161eho auta.  V balen\u00ed 1ks!\" \/>\n<meta property=\"og:url\" content=\"https:\/\/caraudioworld.eu\/cs\/produkt\/stinger-spt55302\/\" \/>\n<meta property=\"og:site_name\" content=\"CARAUDIOWORLD\" \/>\n<meta property=\"article:publisher\" content=\"https:\/\/www.facebook.com\/caraudioworld.eu\" \/>\n<meta property=\"og:image\" content=\"https:\/\/caraudioworld.eu\/wp-content\/uploads\/2020\/02\/11-7.jpg\" \/>\n\t<meta property=\"og:image:width\" content=\"1000\" \/>\n\t<meta property=\"og:image:height\" content=\"700\" \/>\n\t<meta property=\"og:image:type\" content=\"image\/jpeg\" \/>\n<meta name=\"twitter:card\" content=\"summary_large_image\" \/>\n<script type=\"application\/ld+json\" class=\"yoast-schema-graph\">{\"@context\":\"https:\\\/\\\/schema.org\",\"@graph\":[{\"@type\":\"WebPage\",\"@id\":\"https:\\\/\\\/caraudioworld.eu\\\/cs\\\/produkt\\\/stinger-spt55302\\\/\",\"url\":\"https:\\\/\\\/caraudioworld.eu\\\/cs\\\/produkt\\\/stinger-spt55302\\\/\",\"name\":\"Stinger SPT55302 - CARAUDIOWORLD\",\"isPartOf\":{\"@id\":\"https:\\\/\\\/caraudioworld.eu\\\/cs\\\/#website\"},\"primaryImageOfPage\":{\"@id\":\"https:\\\/\\\/caraudioworld.eu\\\/cs\\\/produkt\\\/stinger-spt55302\\\/#primaryimage\"},\"image\":{\"@id\":\"https:\\\/\\\/caraudioworld.eu\\\/cs\\\/produkt\\\/stinger-spt55302\\\/#primaryimage\"},\"thumbnailUrl\":\"https:\\\/\\\/caraudioworld.eu\\\/wp-content\\\/uploads\\\/2020\\\/02\\\/11-7.jpg\",\"datePublished\":\"2020-02-04T19:51:37+00:00\",\"description\":\"Kvalitn\u00ed baterkov\u00e9 termin\u00e1l navr\u017een speci\u00e1ln\u011b pro AGM baterie od Americk\u00e9ho v\u00fdrobce Stinger. Stinger SPT55302 je elegantn\u011b navr\u017een\u00fd termin\u00e1l pro baterie uzp\u016fsoben\u00fd na baterie AGM. Tento termin\u00e1l m\u00e1 jeden v\u00fdstup 50mm2, jeden v\u00fdstup 21mm2 a dva 8mm2 v\u00fdstupy. Tento termin\u00e1l lze univerz\u00e1ln\u011b pou\u017e\u00edvat jako pozitivn\u00ed nebo negativn\u00ed termin\u00e1l, aby vyhovoval v\u0161em pot\u0159eb\u00e1m va\u0161eho auta. V balen\u00ed 1ks!\",\"breadcrumb\":{\"@id\":\"https:\\\/\\\/caraudioworld.eu\\\/cs\\\/produkt\\\/stinger-spt55302\\\/#breadcrumb\"},\"inLanguage\":\"cs\",\"potentialAction\":[{\"@type\":\"ReadAction\",\"target\":[\"https:\\\/\\\/caraudioworld.eu\\\/cs\\\/produkt\\\/stinger-spt55302\\\/\"]}]},{\"@type\":\"ImageObject\",\"inLanguage\":\"cs\",\"@id\":\"https:\\\/\\\/caraudioworld.eu\\\/cs\\\/produkt\\\/stinger-spt55302\\\/#primaryimage\",\"url\":\"https:\\\/\\\/caraudioworld.eu\\\/wp-content\\\/uploads\\\/2020\\\/02\\\/11-7.jpg\",\"contentUrl\":\"https:\\\/\\\/caraudioworld.eu\\\/wp-content\\\/uploads\\\/2020\\\/02\\\/11-7.jpg\",\"width\":1000,\"height\":700},{\"@type\":\"BreadcrumbList\",\"@id\":\"https:\\\/\\\/caraudioworld.eu\\\/cs\\\/produkt\\\/stinger-spt55302\\\/#breadcrumb\",\"itemListElement\":[{\"@type\":\"ListItem\",\"position\":1,\"name\":\"Home\",\"item\":\"https:\\\/\\\/caraudioworld.eu\\\/cs\\\/\"},{\"@type\":\"ListItem\",\"position\":2,\"name\":\"Obchod\",\"item\":\"https:\\\/\\\/caraudioworld.eu\\\/cs\\\/obchod\\\/\"},{\"@type\":\"ListItem\",\"position\":3,\"name\":\"Stinger SPT55302\"}]},{\"@type\":\"WebSite\",\"@id\":\"https:\\\/\\\/caraudioworld.eu\\\/cs\\\/#website\",\"url\":\"https:\\\/\\\/caraudioworld.eu\\\/cs\\\/\",\"name\":\"CARAUDIOWORLD\",\"description\":\"Audio Heaven\",\"publisher\":{\"@id\":\"https:\\\/\\\/caraudioworld.eu\\\/cs\\\/#organization\"},\"potentialAction\":[{\"@type\":\"SearchAction\",\"target\":{\"@type\":\"EntryPoint\",\"urlTemplate\":\"https:\\\/\\\/caraudioworld.eu\\\/cs\\\/?s={search_term_string}\"},\"query-input\":{\"@type\":\"PropertyValueSpecification\",\"valueRequired\":true,\"valueName\":\"search_term_string\"}}],\"inLanguage\":\"cs\"},{\"@type\":\"Organization\",\"@id\":\"https:\\\/\\\/caraudioworld.eu\\\/cs\\\/#organization\",\"name\":\"CARAUDIOWORLD.eu\",\"url\":\"https:\\\/\\\/caraudioworld.eu\\\/cs\\\/\",\"logo\":{\"@type\":\"ImageObject\",\"inLanguage\":\"cs\",\"@id\":\"https:\\\/\\\/caraudioworld.eu\\\/cs\\\/#\\\/schema\\\/logo\\\/image\\\/\",\"url\":\"https:\\\/\\\/caraudioworld.eu\\\/wp-content\\\/uploads\\\/2020\\\/10\\\/CAW_rounded.png\",\"contentUrl\":\"https:\\\/\\\/caraudioworld.eu\\\/wp-content\\\/uploads\\\/2020\\\/10\\\/CAW_rounded.png\",\"width\":510,\"height\":510,\"caption\":\"CARAUDIOWORLD.eu\"},\"image\":{\"@id\":\"https:\\\/\\\/caraudioworld.eu\\\/cs\\\/#\\\/schema\\\/logo\\\/image\\\/\"},\"sameAs\":[\"https:\\\/\\\/www.facebook.com\\\/caraudioworld.eu\",\"https:\\\/\\\/www.instagram.com\\\/caraudioworld.eu\\\/\"]}]}<\/script>\n<!-- \/ Yoast SEO plugin. -->","yoast_head_json":{"title":"Stinger SPT55302 - CARAUDIOWORLD","description":"Kvalitn\u00ed baterkov\u00e9 termin\u00e1l navr\u017een speci\u00e1ln\u011b pro AGM baterie od Americk\u00e9ho v\u00fdrobce Stinger.  Stinger SPT55302 je elegantn\u011b navr\u017een\u00fd termin\u00e1l pro baterie uzp\u016fsoben\u00fd na baterie AGM. Tento termin\u00e1l m\u00e1 jeden v\u00fdstup 50mm2, jeden v\u00fdstup 21mm2 a dva 8mm2 v\u00fdstupy. Tento termin\u00e1l lze univerz\u00e1ln\u011b pou\u017e\u00edvat jako pozitivn\u00ed nebo negativn\u00ed termin\u00e1l, aby vyhovoval v\u0161em pot\u0159eb\u00e1m va\u0161eho auta.  V balen\u00ed 1ks!","robots":{"index":"index","follow":"follow","max-snippet":"max-snippet:-1","max-image-preview":"max-image-preview:large","max-video-preview":"max-video-preview:-1"},"canonical":"https:\/\/caraudioworld.eu\/cs\/produkt\/stinger-spt55302\/","og_locale":"cs_CZ","og_type":"article","og_title":"Stinger SPT55302 - CARAUDIOWORLD","og_description":"Kvalitn\u00ed baterkov\u00e9 termin\u00e1l navr\u017een speci\u00e1ln\u011b pro AGM baterie od Americk\u00e9ho v\u00fdrobce Stinger.  Stinger SPT55302 je elegantn\u011b navr\u017een\u00fd termin\u00e1l pro baterie uzp\u016fsoben\u00fd na baterie AGM. Tento termin\u00e1l m\u00e1 jeden v\u00fdstup 50mm2, jeden v\u00fdstup 21mm2 a dva 8mm2 v\u00fdstupy. Tento termin\u00e1l lze univerz\u00e1ln\u011b pou\u017e\u00edvat jako pozitivn\u00ed nebo negativn\u00ed termin\u00e1l, aby vyhovoval v\u0161em pot\u0159eb\u00e1m va\u0161eho auta.  V balen\u00ed 1ks!","og_url":"https:\/\/caraudioworld.eu\/cs\/produkt\/stinger-spt55302\/","og_site_name":"CARAUDIOWORLD","article_publisher":"https:\/\/www.facebook.com\/caraudioworld.eu","og_image":[{"width":1000,"height":700,"url":"https:\/\/caraudioworld.eu\/wp-content\/uploads\/2020\/02\/11-7.jpg","type":"image\/jpeg"}],"twitter_card":"summary_large_image","schema":{"@context":"https:\/\/schema.org","@graph":[{"@type":"WebPage","@id":"https:\/\/caraudioworld.eu\/cs\/produkt\/stinger-spt55302\/","url":"https:\/\/caraudioworld.eu\/cs\/produkt\/stinger-spt55302\/","name":"Stinger SPT55302 - CARAUDIOWORLD","isPartOf":{"@id":"https:\/\/caraudioworld.eu\/cs\/#website"},"primaryImageOfPage":{"@id":"https:\/\/caraudioworld.eu\/cs\/produkt\/stinger-spt55302\/#primaryimage"},"image":{"@id":"https:\/\/caraudioworld.eu\/cs\/produkt\/stinger-spt55302\/#primaryimage"},"thumbnailUrl":"https:\/\/caraudioworld.eu\/wp-content\/uploads\/2020\/02\/11-7.jpg","datePublished":"2020-02-04T19:51:37+00:00","description":"Kvalitn\u00ed baterkov\u00e9 termin\u00e1l navr\u017een speci\u00e1ln\u011b pro AGM baterie od Americk\u00e9ho v\u00fdrobce Stinger. Stinger SPT55302 je elegantn\u011b navr\u017een\u00fd termin\u00e1l pro baterie uzp\u016fsoben\u00fd na baterie AGM. Tento termin\u00e1l m\u00e1 jeden v\u00fdstup 50mm2, jeden v\u00fdstup 21mm2 a dva 8mm2 v\u00fdstupy. Tento termin\u00e1l lze univerz\u00e1ln\u011b pou\u017e\u00edvat jako pozitivn\u00ed nebo negativn\u00ed termin\u00e1l, aby vyhovoval v\u0161em pot\u0159eb\u00e1m va\u0161eho auta. V balen\u00ed 1ks!","breadcrumb":{"@id":"https:\/\/caraudioworld.eu\/cs\/produkt\/stinger-spt55302\/#breadcrumb"},"inLanguage":"cs","potentialAction":[{"@type":"ReadAction","target":["https:\/\/caraudioworld.eu\/cs\/produkt\/stinger-spt55302\/"]}]},{"@type":"ImageObject","inLanguage":"cs","@id":"https:\/\/caraudioworld.eu\/cs\/produkt\/stinger-spt55302\/#primaryimage","url":"https:\/\/caraudioworld.eu\/wp-content\/uploads\/2020\/02\/11-7.jpg","contentUrl":"https:\/\/caraudioworld.eu\/wp-content\/uploads\/2020\/02\/11-7.jpg","width":1000,"height":700},{"@type":"BreadcrumbList","@id":"https:\/\/caraudioworld.eu\/cs\/produkt\/stinger-spt55302\/#breadcrumb","itemListElement":[{"@type":"ListItem","position":1,"name":"Home","item":"https:\/\/caraudioworld.eu\/cs\/"},{"@type":"ListItem","position":2,"name":"Obchod","item":"https:\/\/caraudioworld.eu\/cs\/obchod\/"},{"@type":"ListItem","position":3,"name":"Stinger SPT55302"}]},{"@type":"WebSite","@id":"https:\/\/caraudioworld.eu\/cs\/#website","url":"https:\/\/caraudioworld.eu\/cs\/","name":"CARAUDIOWORLD","description":"Audio Heaven","publisher":{"@id":"https:\/\/caraudioworld.eu\/cs\/#organization"},"potentialAction":[{"@type":"SearchAction","target":{"@type":"EntryPoint","urlTemplate":"https:\/\/caraudioworld.eu\/cs\/?s={search_term_string}"},"query-input":{"@type":"PropertyValueSpecification","valueRequired":true,"valueName":"search_term_string"}}],"inLanguage":"cs"},{"@type":"Organization","@id":"https:\/\/caraudioworld.eu\/cs\/#organization","name":"CARAUDIOWORLD.eu","url":"https:\/\/caraudioworld.eu\/cs\/","logo":{"@type":"ImageObject","inLanguage":"cs","@id":"https:\/\/caraudioworld.eu\/cs\/#\/schema\/logo\/image\/","url":"https:\/\/caraudioworld.eu\/wp-content\/uploads\/2020\/10\/CAW_rounded.png","contentUrl":"https:\/\/caraudioworld.eu\/wp-content\/uploads\/2020\/10\/CAW_rounded.png","width":510,"height":510,"caption":"CARAUDIOWORLD.eu"},"image":{"@id":"https:\/\/caraudioworld.eu\/cs\/#\/schema\/logo\/image\/"},"sameAs":["https:\/\/www.facebook.com\/caraudioworld.eu","https:\/\/www.instagram.com\/caraudioworld.eu\/"]}]}},"_links":{"self":[{"href":"https:\/\/caraudioworld.eu\/cs\/wp-json\/wp\/v2\/product\/8139","targetHints":{"allow":["GET"]}}],"collection":[{"href":"https:\/\/caraudioworld.eu\/cs\/wp-json\/wp\/v2\/product"}],"about":[{"href":"https:\/\/caraudioworld.eu\/cs\/wp-json\/wp\/v2\/types\/product"}],"replies":[{"embeddable":true,"href":"https:\/\/caraudioworld.eu\/cs\/wp-json\/wp\/v2\/comments?post=8139"}],"wp:featuredmedia":[{"embeddable":true,"href":"https:\/\/caraudioworld.eu\/cs\/wp-json\/wp\/v2\/media\/8140"}],"wp:attachment":[{"href":"https:\/\/caraudioworld.eu\/cs\/wp-json\/wp\/v2\/media?parent=8139"}],"wp:term":[{"taxonomy":"product_brand","embeddable":true,"href":"https:\/\/caraudioworld.eu\/cs\/wp-json\/wp\/v2\/product_brand?post=8139"},{"taxonomy":"product_cat","embeddable":true,"href":"https:\/\/caraudioworld.eu\/cs\/wp-json\/wp\/v2\/product_cat?post=8139"},{"taxonomy":"product_tag","embeddable":true,"href":"https:\/\/caraudioworld.eu\/cs\/wp-json\/wp\/v2\/product_tag?post=8139"}],"curies":[{"name":"wp","href":"https:\/\/api.w.org\/{rel}","templated":true}]}}