{"id":8170,"date":"2020-02-05T19:05:07","date_gmt":"2020-02-05T18:05:07","guid":{"rendered":"https:\/\/caraudioworld.eu\/produkt\/helix-q15w\/"},"modified":"2020-02-05T19:05:07","modified_gmt":"2020-02-05T18:05:07","slug":"helix-q15w","status":"publish","type":"product","link":"https:\/\/caraudioworld.eu\/cs\/produkt\/helix-q15w\/","title":{"rendered":"Helix Q15W"},"content":{"rendered":"","protected":false},"excerpt":{"rendered":"<p>Na prvn\u00ed pohled je jasn\u00e9, na co jsou nov\u00e9 Q subwoofery ur\u010deny. Masivn\u00ed hlin\u00edkov\u00e9 tlakov\u00e9 ko\u0161e s koso\u010dtvercov\u00fdm v\u00fdbrusem a masivn\u00ed syst\u00e9my trojit\u00fdch feritov\u00fdch magnet\u016f jasn\u011b signalizuj\u00ed, \u017ee tyto hlubokot\u00f3nov\u00e9 reproduktory to mysl\u00ed v\u00e1\u017en\u011b. Extr\u00e9mn\u011b tuh\u00e9, ru\u010dn\u011b nab\u00edran\u00e9 ku\u017eely a nadm\u011brn\u011b velk\u00e9 c\u00edvky s enormn\u00ed v\u00fd\u0161kou vinut\u00ed jsou doslova p\u0159edur\u010den\u00e9 na p\u0159em\u011bnu neuv\u011b\u0159iteln\u00fdch objem\u016f vzduchu na hlubok\u00e9 basov\u00e9 zvuky.<\/p>\n<p>Samotn\u00e1 s\u00edla v\u0161ak nesta\u010d\u00ed &#8211; \u010detn\u00e9 sofistikovan\u00e9 technick\u00e9 detaily spolu s inteligentn\u00ed kombinac\u00ed materi\u00e1l\u016f zaji\u0161\u0165uj\u00ed nejvy\u0161\u0161\u00ed p\u0159esnost a detailn\u00ed reprodukci bas\u016f, kter\u00e1 uspokoj\u00ed i ty nejn\u00e1ro\u010dn\u011bj\u0161\u00ed hudebn\u00edch nad\u0161enc\u016f.<\/p>\n<p>Tyto subwoofery vytv\u00e1\u0159ej\u00ed dokonalou symbi\u00f3zu maxim\u00e1ln\u00edho akustick\u00e9ho tlaku a nejmodern\u011bj\u0161\u00ed kvality zvuku v nov\u00e9 dimenzi.<\/p>\n<p>Velikost: 38 cm \/ 15 &#8220;<br \/>\nV\u00fdkon RMS \/ Max: 1000\/2000 Watts<br \/>\nImpedance: 2 x 2 \u03a9<br \/>\nFs: 33 Hz<br \/>\nQMS: 4.62<br \/>\nQES: 0.44<br \/>\nQTS: 0.41<br \/>\nCms: 68 um \/ N<br \/>\nVas: 65.2 L<br \/>\nCitlivost: 1 W \/ 1 m: 90.0 dB<br \/>\nCone area (Sd): 819 cm\u00b2<br \/>\nMoving mass (Mms): 366 g<br \/>\nMateri\u00e1l membr\u00e1ny: Pap\u00edr<br \/>\nMechanical resistance (Rms): 15.0 kg \/ s<br \/>\nPr\u016fm\u011br c\u00edvky: 76 mm<br \/>\nV\u00fd\u0161ka vinut\u00ed c\u00edvky: 40 mm<br \/>\nXmax: +\/- 14.0 mm<br \/>\nVn\u011bj\u0161\u00ed pr\u016fm\u011br: 396 mm \/ 15.59 &#8220;<br \/>\nInstala\u010dn\u00ed pr\u016fm\u011br: 348 mm \/ 13.70 &#8220;<br \/>\nInstala\u010dn\u00ed hloubka: 198 mm \/ 7.80 &#8220;<\/p>\n<p><span style=\"text-decoration: underline;\"><strong>Doporu\u010den\u00e9 ozvu\u010dnice:<\/strong><\/span><\/p>\n<p>Uzav\u0159en\u00e1 bedna:<br \/>\nNet volume 60 L<br \/>\nLower Limiting frequency (-3dB) 45 Hz<\/p>\n<p>Bassreflexov\u00e1 bedna:<br \/>\nNet volume 100 L<br \/>\nPr\u016fm\u011br bassreflexu \u00f8 100 mm \/ 3.94 &#8220;<br \/>\nPlocha bassreflexu 78 cm\u00b2<br \/>\nD\u00e9lka bassreflexu 14 cm \/ 5.51 &#8220;<br \/>\nFrekvence lad\u011bn\u00ed Fb 30 Hz<br \/>\nLower Limiting frequency (-3dB) 29 Hz<\/p>\n","protected":false},"featured_media":8171,"comment_status":"open","ping_status":"closed","template":"","meta":[],"product_brand":[],"product_cat":[403,417],"product_tag":[337],"class_list":{"0":"post-8170","1":"product","2":"type-product","3":"status-publish","4":"has-post-thumbnail","6":"product_cat-reproduktory-cs","7":"product_cat-subwoofer-cs","8":"product_tag-helix-cs","10":"first","11":"outofstock","12":"taxable","13":"shipping-taxable","14":"purchasable","15":"product-type-simple"},"yoast_head":"<!-- This site is optimized with the Yoast SEO plugin v27.3 - https:\/\/yoast.com\/product\/yoast-seo-wordpress\/ -->\n<title>Helix Q15W - CARAUDIOWORLD<\/title>\n<meta name=\"description\" content=\"Na prvn\u00ed pohled je jasn\u00e9, na co jsou nov\u00e9 Q subwoofery ur\u010deny. Masivn\u00ed hlin\u00edkov\u00e9 tlakov\u00e9 ko\u0161e s koso\u010dtvercov\u00fdm v\u00fdbrusem a masivn\u00ed syst\u00e9my trojit\u00fdch feritov\u00fdch magnet\u016f jasn\u011b signalizuj\u00ed, \u017ee tyto hlubokot\u00f3nov\u00e9 reproduktory to mysl\u00ed v\u00e1\u017en\u011b. Extr\u00e9mn\u011b tuh\u00e9, ru\u010dn\u011b nab\u00edran\u00e9 ku\u017eely a nadm\u011brn\u011b velk\u00e9 c\u00edvky s enormn\u00ed v\u00fd\u0161kou vinut\u00ed jsou doslova p\u0159edur\u010den\u00e9 na p\u0159em\u011bnu neuv\u011b\u0159iteln\u00fdch objem\u016f vzduchu na hlubok\u00e9 basov\u00e9 zvuky.  Samotn\u00e1 s\u00edla v\u0161ak nesta\u010d\u00ed - \u010detn\u00e9 sofistikovan\u00e9 technick\u00e9 detaily spolu s inteligentn\u00ed kombinac\u00ed materi\u00e1l\u016f zaji\u0161\u0165uj\u00ed nejvy\u0161\u0161\u00ed p\u0159esnost a detailn\u00ed reprodukci bas\u016f, kter\u00e1 uspokoj\u00ed i ty nejn\u00e1ro\u010dn\u011bj\u0161\u00ed hudebn\u00edch nad\u0161enc\u016f.  Tyto subwoofery vytv\u00e1\u0159ej\u00ed dokonalou symbi\u00f3zu maxim\u00e1ln\u00edho akustick\u00e9ho tlaku a nejmodern\u011bj\u0161\u00ed kvality zvuku v nov\u00e9 dimenzi.  Velikost: 38 cm \/ 15 &quot; V\u00fdkon RMS \/ Max: 1000\/2000 Watts Impedance: 2 x 2 \u03a9 Fs: 33 Hz QMS: 4.62 QES: 0.44 QTS: 0.41 Cms: 68 um \/ N Vas: 65.2 L Citlivost: 1 W \/ 1 m: 90.0 dB Cone area (Sd): 819 cm\u00b2 Moving mass (Mms): 366 g Materi\u00e1l membr\u00e1ny: Pap\u00edr Mechanical resistance (Rms): 15.0 kg \/ s Pr\u016fm\u011br c\u00edvky: 76 mm V\u00fd\u0161ka vinut\u00ed c\u00edvky: 40 mm Xmax: +\/- 14.0 mm Vn\u011bj\u0161\u00ed pr\u016fm\u011br: 396 mm \/ 15.59 &quot; Instala\u010dn\u00ed pr\u016fm\u011br: 348 mm \/ 13.70 &quot; Instala\u010dn\u00ed hloubka: 198 mm \/ 7.80 &quot;  Doporu\u010den\u00e9 ozvu\u010dnice:  Uzav\u0159en\u00e1 bedna: Net volume 60 L Lower Limiting frequency (-3dB) 45 Hz  Bassreflexov\u00e1 bedna: Net volume 100 L Pr\u016fm\u011br bassreflexu \u00f8 100 mm \/ 3.94 &quot; Plocha bassreflexu 78 cm\u00b2 D\u00e9lka bassreflexu 14 cm \/ 5.51 &quot; Frekvence lad\u011bn\u00ed Fb 30 Hz Lower Limiting frequency (-3dB) 29 Hz\" \/>\n<meta name=\"robots\" content=\"index, follow, max-snippet:-1, max-image-preview:large, max-video-preview:-1\" \/>\n<link rel=\"canonical\" href=\"https:\/\/caraudioworld.eu\/cs\/produkt\/helix-q15w\/\" \/>\n<meta property=\"og:locale\" content=\"cs_CZ\" \/>\n<meta property=\"og:type\" content=\"article\" \/>\n<meta property=\"og:title\" content=\"Helix Q15W - CARAUDIOWORLD\" \/>\n<meta property=\"og:description\" content=\"Na prvn\u00ed pohled je jasn\u00e9, na co jsou nov\u00e9 Q subwoofery ur\u010deny. Masivn\u00ed hlin\u00edkov\u00e9 tlakov\u00e9 ko\u0161e s koso\u010dtvercov\u00fdm v\u00fdbrusem a masivn\u00ed syst\u00e9my trojit\u00fdch feritov\u00fdch magnet\u016f jasn\u011b signalizuj\u00ed, \u017ee tyto hlubokot\u00f3nov\u00e9 reproduktory to mysl\u00ed v\u00e1\u017en\u011b. Extr\u00e9mn\u011b tuh\u00e9, ru\u010dn\u011b nab\u00edran\u00e9 ku\u017eely a nadm\u011brn\u011b velk\u00e9 c\u00edvky s enormn\u00ed v\u00fd\u0161kou vinut\u00ed jsou doslova p\u0159edur\u010den\u00e9 na p\u0159em\u011bnu neuv\u011b\u0159iteln\u00fdch objem\u016f vzduchu na hlubok\u00e9 basov\u00e9 zvuky.  Samotn\u00e1 s\u00edla v\u0161ak nesta\u010d\u00ed - \u010detn\u00e9 sofistikovan\u00e9 technick\u00e9 detaily spolu s inteligentn\u00ed kombinac\u00ed materi\u00e1l\u016f zaji\u0161\u0165uj\u00ed nejvy\u0161\u0161\u00ed p\u0159esnost a detailn\u00ed reprodukci bas\u016f, kter\u00e1 uspokoj\u00ed i ty nejn\u00e1ro\u010dn\u011bj\u0161\u00ed hudebn\u00edch nad\u0161enc\u016f.  Tyto subwoofery vytv\u00e1\u0159ej\u00ed dokonalou symbi\u00f3zu maxim\u00e1ln\u00edho akustick\u00e9ho tlaku a nejmodern\u011bj\u0161\u00ed kvality zvuku v nov\u00e9 dimenzi.  Velikost: 38 cm \/ 15 &quot; V\u00fdkon RMS \/ Max: 1000\/2000 Watts Impedance: 2 x 2 \u03a9 Fs: 33 Hz QMS: 4.62 QES: 0.44 QTS: 0.41 Cms: 68 um \/ N Vas: 65.2 L Citlivost: 1 W \/ 1 m: 90.0 dB Cone area (Sd): 819 cm\u00b2 Moving mass (Mms): 366 g Materi\u00e1l membr\u00e1ny: Pap\u00edr Mechanical resistance (Rms): 15.0 kg \/ s Pr\u016fm\u011br c\u00edvky: 76 mm V\u00fd\u0161ka vinut\u00ed c\u00edvky: 40 mm Xmax: +\/- 14.0 mm Vn\u011bj\u0161\u00ed pr\u016fm\u011br: 396 mm \/ 15.59 &quot; Instala\u010dn\u00ed pr\u016fm\u011br: 348 mm \/ 13.70 &quot; Instala\u010dn\u00ed hloubka: 198 mm \/ 7.80 &quot;  Doporu\u010den\u00e9 ozvu\u010dnice:  Uzav\u0159en\u00e1 bedna: Net volume 60 L Lower Limiting frequency (-3dB) 45 Hz  Bassreflexov\u00e1 bedna: Net volume 100 L Pr\u016fm\u011br bassreflexu \u00f8 100 mm \/ 3.94 &quot; Plocha bassreflexu 78 cm\u00b2 D\u00e9lka bassreflexu 14 cm \/ 5.51 &quot; Frekvence lad\u011bn\u00ed Fb 30 Hz Lower Limiting frequency (-3dB) 29 Hz\" \/>\n<meta property=\"og:url\" content=\"https:\/\/caraudioworld.eu\/cs\/produkt\/helix-q15w\/\" \/>\n<meta property=\"og:site_name\" content=\"CARAUDIOWORLD\" \/>\n<meta property=\"article:publisher\" content=\"https:\/\/www.facebook.com\/caraudioworld.eu\" \/>\n<meta property=\"og:image\" content=\"https:\/\/caraudioworld.eu\/wp-content\/uploads\/2020\/02\/11-19.jpg\" \/>\n\t<meta property=\"og:image:width\" content=\"1000\" \/>\n\t<meta property=\"og:image:height\" content=\"700\" \/>\n\t<meta property=\"og:image:type\" content=\"image\/jpeg\" \/>\n<meta name=\"twitter:card\" content=\"summary_large_image\" \/>\n<script type=\"application\/ld+json\" class=\"yoast-schema-graph\">{\"@context\":\"https:\\\/\\\/schema.org\",\"@graph\":[{\"@type\":\"WebPage\",\"@id\":\"https:\\\/\\\/caraudioworld.eu\\\/cs\\\/produkt\\\/helix-q15w\\\/\",\"url\":\"https:\\\/\\\/caraudioworld.eu\\\/cs\\\/produkt\\\/helix-q15w\\\/\",\"name\":\"Helix Q15W - CARAUDIOWORLD\",\"isPartOf\":{\"@id\":\"https:\\\/\\\/caraudioworld.eu\\\/cs\\\/#website\"},\"primaryImageOfPage\":{\"@id\":\"https:\\\/\\\/caraudioworld.eu\\\/cs\\\/produkt\\\/helix-q15w\\\/#primaryimage\"},\"image\":{\"@id\":\"https:\\\/\\\/caraudioworld.eu\\\/cs\\\/produkt\\\/helix-q15w\\\/#primaryimage\"},\"thumbnailUrl\":\"https:\\\/\\\/caraudioworld.eu\\\/wp-content\\\/uploads\\\/2020\\\/02\\\/11-19.jpg\",\"datePublished\":\"2020-02-05T18:05:07+00:00\",\"description\":\"Na prvn\u00ed pohled je jasn\u00e9, na co jsou nov\u00e9 Q subwoofery ur\u010deny. Masivn\u00ed hlin\u00edkov\u00e9 tlakov\u00e9 ko\u0161e s koso\u010dtvercov\u00fdm v\u00fdbrusem a masivn\u00ed syst\u00e9my trojit\u00fdch feritov\u00fdch magnet\u016f jasn\u011b signalizuj\u00ed, \u017ee tyto hlubokot\u00f3nov\u00e9 reproduktory to mysl\u00ed v\u00e1\u017en\u011b. Extr\u00e9mn\u011b tuh\u00e9, ru\u010dn\u011b nab\u00edran\u00e9 ku\u017eely a nadm\u011brn\u011b velk\u00e9 c\u00edvky s enormn\u00ed v\u00fd\u0161kou vinut\u00ed jsou doslova p\u0159edur\u010den\u00e9 na p\u0159em\u011bnu neuv\u011b\u0159iteln\u00fdch objem\u016f vzduchu na hlubok\u00e9 basov\u00e9 zvuky. Samotn\u00e1 s\u00edla v\u0161ak nesta\u010d\u00ed - \u010detn\u00e9 sofistikovan\u00e9 technick\u00e9 detaily spolu s inteligentn\u00ed kombinac\u00ed materi\u00e1l\u016f zaji\u0161\u0165uj\u00ed nejvy\u0161\u0161\u00ed p\u0159esnost a detailn\u00ed reprodukci bas\u016f, kter\u00e1 uspokoj\u00ed i ty nejn\u00e1ro\u010dn\u011bj\u0161\u00ed hudebn\u00edch nad\u0161enc\u016f. Tyto subwoofery vytv\u00e1\u0159ej\u00ed dokonalou symbi\u00f3zu maxim\u00e1ln\u00edho akustick\u00e9ho tlaku a nejmodern\u011bj\u0161\u00ed kvality zvuku v nov\u00e9 dimenzi. Velikost: 38 cm \\\/ 15 \\\" V\u00fdkon RMS \\\/ Max: 1000\\\/2000 Watts Impedance: 2 x 2 \u03a9 Fs: 33 Hz QMS: 4.62 QES: 0.44 QTS: 0.41 Cms: 68 um \\\/ N Vas: 65.2 L Citlivost: 1 W \\\/ 1 m: 90.0 dB Cone area (Sd): 819 cm\u00b2 Moving mass (Mms): 366 g Materi\u00e1l membr\u00e1ny: Pap\u00edr Mechanical resistance (Rms): 15.0 kg \\\/ s Pr\u016fm\u011br c\u00edvky: 76 mm V\u00fd\u0161ka vinut\u00ed c\u00edvky: 40 mm Xmax: +\\\/- 14.0 mm Vn\u011bj\u0161\u00ed pr\u016fm\u011br: 396 mm \\\/ 15.59 \\\" Instala\u010dn\u00ed pr\u016fm\u011br: 348 mm \\\/ 13.70 \\\" Instala\u010dn\u00ed hloubka: 198 mm \\\/ 7.80 \\\" Doporu\u010den\u00e9 ozvu\u010dnice: Uzav\u0159en\u00e1 bedna: Net volume 60 L Lower Limiting frequency (-3dB) 45 Hz Bassreflexov\u00e1 bedna: Net volume 100 L Pr\u016fm\u011br bassreflexu \u00f8 100 mm \\\/ 3.94 \\\" Plocha bassreflexu 78 cm\u00b2 D\u00e9lka bassreflexu 14 cm \\\/ 5.51 \\\" Frekvence lad\u011bn\u00ed Fb 30 Hz Lower Limiting frequency (-3dB) 29 Hz\",\"breadcrumb\":{\"@id\":\"https:\\\/\\\/caraudioworld.eu\\\/cs\\\/produkt\\\/helix-q15w\\\/#breadcrumb\"},\"inLanguage\":\"cs\",\"potentialAction\":[{\"@type\":\"ReadAction\",\"target\":[\"https:\\\/\\\/caraudioworld.eu\\\/cs\\\/produkt\\\/helix-q15w\\\/\"]}]},{\"@type\":\"ImageObject\",\"inLanguage\":\"cs\",\"@id\":\"https:\\\/\\\/caraudioworld.eu\\\/cs\\\/produkt\\\/helix-q15w\\\/#primaryimage\",\"url\":\"https:\\\/\\\/caraudioworld.eu\\\/wp-content\\\/uploads\\\/2020\\\/02\\\/11-19.jpg\",\"contentUrl\":\"https:\\\/\\\/caraudioworld.eu\\\/wp-content\\\/uploads\\\/2020\\\/02\\\/11-19.jpg\",\"width\":1000,\"height\":700,\"caption\":\"helix q15w\"},{\"@type\":\"BreadcrumbList\",\"@id\":\"https:\\\/\\\/caraudioworld.eu\\\/cs\\\/produkt\\\/helix-q15w\\\/#breadcrumb\",\"itemListElement\":[{\"@type\":\"ListItem\",\"position\":1,\"name\":\"Home\",\"item\":\"https:\\\/\\\/caraudioworld.eu\\\/cs\\\/\"},{\"@type\":\"ListItem\",\"position\":2,\"name\":\"Obchod\",\"item\":\"https:\\\/\\\/caraudioworld.eu\\\/cs\\\/obchod\\\/\"},{\"@type\":\"ListItem\",\"position\":3,\"name\":\"Helix Q15W\"}]},{\"@type\":\"WebSite\",\"@id\":\"https:\\\/\\\/caraudioworld.eu\\\/cs\\\/#website\",\"url\":\"https:\\\/\\\/caraudioworld.eu\\\/cs\\\/\",\"name\":\"CARAUDIOWORLD\",\"description\":\"Audio Heaven\",\"publisher\":{\"@id\":\"https:\\\/\\\/caraudioworld.eu\\\/cs\\\/#organization\"},\"potentialAction\":[{\"@type\":\"SearchAction\",\"target\":{\"@type\":\"EntryPoint\",\"urlTemplate\":\"https:\\\/\\\/caraudioworld.eu\\\/cs\\\/?s={search_term_string}\"},\"query-input\":{\"@type\":\"PropertyValueSpecification\",\"valueRequired\":true,\"valueName\":\"search_term_string\"}}],\"inLanguage\":\"cs\"},{\"@type\":\"Organization\",\"@id\":\"https:\\\/\\\/caraudioworld.eu\\\/cs\\\/#organization\",\"name\":\"CARAUDIOWORLD.eu\",\"url\":\"https:\\\/\\\/caraudioworld.eu\\\/cs\\\/\",\"logo\":{\"@type\":\"ImageObject\",\"inLanguage\":\"cs\",\"@id\":\"https:\\\/\\\/caraudioworld.eu\\\/cs\\\/#\\\/schema\\\/logo\\\/image\\\/\",\"url\":\"https:\\\/\\\/caraudioworld.eu\\\/wp-content\\\/uploads\\\/2020\\\/10\\\/CAW_rounded.png\",\"contentUrl\":\"https:\\\/\\\/caraudioworld.eu\\\/wp-content\\\/uploads\\\/2020\\\/10\\\/CAW_rounded.png\",\"width\":510,\"height\":510,\"caption\":\"CARAUDIOWORLD.eu\"},\"image\":{\"@id\":\"https:\\\/\\\/caraudioworld.eu\\\/cs\\\/#\\\/schema\\\/logo\\\/image\\\/\"},\"sameAs\":[\"https:\\\/\\\/www.facebook.com\\\/caraudioworld.eu\",\"https:\\\/\\\/www.instagram.com\\\/caraudioworld.eu\\\/\"]}]}<\/script>\n<!-- \/ Yoast SEO plugin. -->","yoast_head_json":{"title":"Helix Q15W - CARAUDIOWORLD","description":"Na prvn\u00ed pohled je jasn\u00e9, na co jsou nov\u00e9 Q subwoofery ur\u010deny. Masivn\u00ed hlin\u00edkov\u00e9 tlakov\u00e9 ko\u0161e s koso\u010dtvercov\u00fdm v\u00fdbrusem a masivn\u00ed syst\u00e9my trojit\u00fdch feritov\u00fdch magnet\u016f jasn\u011b signalizuj\u00ed, \u017ee tyto hlubokot\u00f3nov\u00e9 reproduktory to mysl\u00ed v\u00e1\u017en\u011b. Extr\u00e9mn\u011b tuh\u00e9, ru\u010dn\u011b nab\u00edran\u00e9 ku\u017eely a nadm\u011brn\u011b velk\u00e9 c\u00edvky s enormn\u00ed v\u00fd\u0161kou vinut\u00ed jsou doslova p\u0159edur\u010den\u00e9 na p\u0159em\u011bnu neuv\u011b\u0159iteln\u00fdch objem\u016f vzduchu na hlubok\u00e9 basov\u00e9 zvuky.  Samotn\u00e1 s\u00edla v\u0161ak nesta\u010d\u00ed - \u010detn\u00e9 sofistikovan\u00e9 technick\u00e9 detaily spolu s inteligentn\u00ed kombinac\u00ed materi\u00e1l\u016f zaji\u0161\u0165uj\u00ed nejvy\u0161\u0161\u00ed p\u0159esnost a detailn\u00ed reprodukci bas\u016f, kter\u00e1 uspokoj\u00ed i ty nejn\u00e1ro\u010dn\u011bj\u0161\u00ed hudebn\u00edch nad\u0161enc\u016f.  Tyto subwoofery vytv\u00e1\u0159ej\u00ed dokonalou symbi\u00f3zu maxim\u00e1ln\u00edho akustick\u00e9ho tlaku a nejmodern\u011bj\u0161\u00ed kvality zvuku v nov\u00e9 dimenzi.  Velikost: 38 cm \/ 15 \" V\u00fdkon RMS \/ Max: 1000\/2000 Watts Impedance: 2 x 2 \u03a9 Fs: 33 Hz QMS: 4.62 QES: 0.44 QTS: 0.41 Cms: 68 um \/ N Vas: 65.2 L Citlivost: 1 W \/ 1 m: 90.0 dB Cone area (Sd): 819 cm\u00b2 Moving mass (Mms): 366 g Materi\u00e1l membr\u00e1ny: Pap\u00edr Mechanical resistance (Rms): 15.0 kg \/ s Pr\u016fm\u011br c\u00edvky: 76 mm V\u00fd\u0161ka vinut\u00ed c\u00edvky: 40 mm Xmax: +\/- 14.0 mm Vn\u011bj\u0161\u00ed pr\u016fm\u011br: 396 mm \/ 15.59 \" Instala\u010dn\u00ed pr\u016fm\u011br: 348 mm \/ 13.70 \" Instala\u010dn\u00ed hloubka: 198 mm \/ 7.80 \"  Doporu\u010den\u00e9 ozvu\u010dnice:  Uzav\u0159en\u00e1 bedna: Net volume 60 L Lower Limiting frequency (-3dB) 45 Hz  Bassreflexov\u00e1 bedna: Net volume 100 L Pr\u016fm\u011br bassreflexu \u00f8 100 mm \/ 3.94 \" Plocha bassreflexu 78 cm\u00b2 D\u00e9lka bassreflexu 14 cm \/ 5.51 \" Frekvence lad\u011bn\u00ed Fb 30 Hz Lower Limiting frequency (-3dB) 29 Hz","robots":{"index":"index","follow":"follow","max-snippet":"max-snippet:-1","max-image-preview":"max-image-preview:large","max-video-preview":"max-video-preview:-1"},"canonical":"https:\/\/caraudioworld.eu\/cs\/produkt\/helix-q15w\/","og_locale":"cs_CZ","og_type":"article","og_title":"Helix Q15W - CARAUDIOWORLD","og_description":"Na prvn\u00ed pohled je jasn\u00e9, na co jsou nov\u00e9 Q subwoofery ur\u010deny. Masivn\u00ed hlin\u00edkov\u00e9 tlakov\u00e9 ko\u0161e s koso\u010dtvercov\u00fdm v\u00fdbrusem a masivn\u00ed syst\u00e9my trojit\u00fdch feritov\u00fdch magnet\u016f jasn\u011b signalizuj\u00ed, \u017ee tyto hlubokot\u00f3nov\u00e9 reproduktory to mysl\u00ed v\u00e1\u017en\u011b. Extr\u00e9mn\u011b tuh\u00e9, ru\u010dn\u011b nab\u00edran\u00e9 ku\u017eely a nadm\u011brn\u011b velk\u00e9 c\u00edvky s enormn\u00ed v\u00fd\u0161kou vinut\u00ed jsou doslova p\u0159edur\u010den\u00e9 na p\u0159em\u011bnu neuv\u011b\u0159iteln\u00fdch objem\u016f vzduchu na hlubok\u00e9 basov\u00e9 zvuky.  Samotn\u00e1 s\u00edla v\u0161ak nesta\u010d\u00ed - \u010detn\u00e9 sofistikovan\u00e9 technick\u00e9 detaily spolu s inteligentn\u00ed kombinac\u00ed materi\u00e1l\u016f zaji\u0161\u0165uj\u00ed nejvy\u0161\u0161\u00ed p\u0159esnost a detailn\u00ed reprodukci bas\u016f, kter\u00e1 uspokoj\u00ed i ty nejn\u00e1ro\u010dn\u011bj\u0161\u00ed hudebn\u00edch nad\u0161enc\u016f.  Tyto subwoofery vytv\u00e1\u0159ej\u00ed dokonalou symbi\u00f3zu maxim\u00e1ln\u00edho akustick\u00e9ho tlaku a nejmodern\u011bj\u0161\u00ed kvality zvuku v nov\u00e9 dimenzi.  Velikost: 38 cm \/ 15 \" V\u00fdkon RMS \/ Max: 1000\/2000 Watts Impedance: 2 x 2 \u03a9 Fs: 33 Hz QMS: 4.62 QES: 0.44 QTS: 0.41 Cms: 68 um \/ N Vas: 65.2 L Citlivost: 1 W \/ 1 m: 90.0 dB Cone area (Sd): 819 cm\u00b2 Moving mass (Mms): 366 g Materi\u00e1l membr\u00e1ny: Pap\u00edr Mechanical resistance (Rms): 15.0 kg \/ s Pr\u016fm\u011br c\u00edvky: 76 mm V\u00fd\u0161ka vinut\u00ed c\u00edvky: 40 mm Xmax: +\/- 14.0 mm Vn\u011bj\u0161\u00ed pr\u016fm\u011br: 396 mm \/ 15.59 \" Instala\u010dn\u00ed pr\u016fm\u011br: 348 mm \/ 13.70 \" Instala\u010dn\u00ed hloubka: 198 mm \/ 7.80 \"  Doporu\u010den\u00e9 ozvu\u010dnice:  Uzav\u0159en\u00e1 bedna: Net volume 60 L Lower Limiting frequency (-3dB) 45 Hz  Bassreflexov\u00e1 bedna: Net volume 100 L Pr\u016fm\u011br bassreflexu \u00f8 100 mm \/ 3.94 \" Plocha bassreflexu 78 cm\u00b2 D\u00e9lka bassreflexu 14 cm \/ 5.51 \" Frekvence lad\u011bn\u00ed Fb 30 Hz Lower Limiting frequency (-3dB) 29 Hz","og_url":"https:\/\/caraudioworld.eu\/cs\/produkt\/helix-q15w\/","og_site_name":"CARAUDIOWORLD","article_publisher":"https:\/\/www.facebook.com\/caraudioworld.eu","og_image":[{"width":1000,"height":700,"url":"https:\/\/caraudioworld.eu\/wp-content\/uploads\/2020\/02\/11-19.jpg","type":"image\/jpeg"}],"twitter_card":"summary_large_image","schema":{"@context":"https:\/\/schema.org","@graph":[{"@type":"WebPage","@id":"https:\/\/caraudioworld.eu\/cs\/produkt\/helix-q15w\/","url":"https:\/\/caraudioworld.eu\/cs\/produkt\/helix-q15w\/","name":"Helix Q15W - CARAUDIOWORLD","isPartOf":{"@id":"https:\/\/caraudioworld.eu\/cs\/#website"},"primaryImageOfPage":{"@id":"https:\/\/caraudioworld.eu\/cs\/produkt\/helix-q15w\/#primaryimage"},"image":{"@id":"https:\/\/caraudioworld.eu\/cs\/produkt\/helix-q15w\/#primaryimage"},"thumbnailUrl":"https:\/\/caraudioworld.eu\/wp-content\/uploads\/2020\/02\/11-19.jpg","datePublished":"2020-02-05T18:05:07+00:00","description":"Na prvn\u00ed pohled je jasn\u00e9, na co jsou nov\u00e9 Q subwoofery ur\u010deny. Masivn\u00ed hlin\u00edkov\u00e9 tlakov\u00e9 ko\u0161e s koso\u010dtvercov\u00fdm v\u00fdbrusem a masivn\u00ed syst\u00e9my trojit\u00fdch feritov\u00fdch magnet\u016f jasn\u011b signalizuj\u00ed, \u017ee tyto hlubokot\u00f3nov\u00e9 reproduktory to mysl\u00ed v\u00e1\u017en\u011b. Extr\u00e9mn\u011b tuh\u00e9, ru\u010dn\u011b nab\u00edran\u00e9 ku\u017eely a nadm\u011brn\u011b velk\u00e9 c\u00edvky s enormn\u00ed v\u00fd\u0161kou vinut\u00ed jsou doslova p\u0159edur\u010den\u00e9 na p\u0159em\u011bnu neuv\u011b\u0159iteln\u00fdch objem\u016f vzduchu na hlubok\u00e9 basov\u00e9 zvuky. Samotn\u00e1 s\u00edla v\u0161ak nesta\u010d\u00ed - \u010detn\u00e9 sofistikovan\u00e9 technick\u00e9 detaily spolu s inteligentn\u00ed kombinac\u00ed materi\u00e1l\u016f zaji\u0161\u0165uj\u00ed nejvy\u0161\u0161\u00ed p\u0159esnost a detailn\u00ed reprodukci bas\u016f, kter\u00e1 uspokoj\u00ed i ty nejn\u00e1ro\u010dn\u011bj\u0161\u00ed hudebn\u00edch nad\u0161enc\u016f. Tyto subwoofery vytv\u00e1\u0159ej\u00ed dokonalou symbi\u00f3zu maxim\u00e1ln\u00edho akustick\u00e9ho tlaku a nejmodern\u011bj\u0161\u00ed kvality zvuku v nov\u00e9 dimenzi. Velikost: 38 cm \/ 15 \" V\u00fdkon RMS \/ Max: 1000\/2000 Watts Impedance: 2 x 2 \u03a9 Fs: 33 Hz QMS: 4.62 QES: 0.44 QTS: 0.41 Cms: 68 um \/ N Vas: 65.2 L Citlivost: 1 W \/ 1 m: 90.0 dB Cone area (Sd): 819 cm\u00b2 Moving mass (Mms): 366 g Materi\u00e1l membr\u00e1ny: Pap\u00edr Mechanical resistance (Rms): 15.0 kg \/ s Pr\u016fm\u011br c\u00edvky: 76 mm V\u00fd\u0161ka vinut\u00ed c\u00edvky: 40 mm Xmax: +\/- 14.0 mm Vn\u011bj\u0161\u00ed pr\u016fm\u011br: 396 mm \/ 15.59 \" Instala\u010dn\u00ed pr\u016fm\u011br: 348 mm \/ 13.70 \" Instala\u010dn\u00ed hloubka: 198 mm \/ 7.80 \" Doporu\u010den\u00e9 ozvu\u010dnice: Uzav\u0159en\u00e1 bedna: Net volume 60 L Lower Limiting frequency (-3dB) 45 Hz Bassreflexov\u00e1 bedna: Net volume 100 L Pr\u016fm\u011br bassreflexu \u00f8 100 mm \/ 3.94 \" Plocha bassreflexu 78 cm\u00b2 D\u00e9lka bassreflexu 14 cm \/ 5.51 \" Frekvence lad\u011bn\u00ed Fb 30 Hz Lower Limiting frequency (-3dB) 29 Hz","breadcrumb":{"@id":"https:\/\/caraudioworld.eu\/cs\/produkt\/helix-q15w\/#breadcrumb"},"inLanguage":"cs","potentialAction":[{"@type":"ReadAction","target":["https:\/\/caraudioworld.eu\/cs\/produkt\/helix-q15w\/"]}]},{"@type":"ImageObject","inLanguage":"cs","@id":"https:\/\/caraudioworld.eu\/cs\/produkt\/helix-q15w\/#primaryimage","url":"https:\/\/caraudioworld.eu\/wp-content\/uploads\/2020\/02\/11-19.jpg","contentUrl":"https:\/\/caraudioworld.eu\/wp-content\/uploads\/2020\/02\/11-19.jpg","width":1000,"height":700,"caption":"helix q15w"},{"@type":"BreadcrumbList","@id":"https:\/\/caraudioworld.eu\/cs\/produkt\/helix-q15w\/#breadcrumb","itemListElement":[{"@type":"ListItem","position":1,"name":"Home","item":"https:\/\/caraudioworld.eu\/cs\/"},{"@type":"ListItem","position":2,"name":"Obchod","item":"https:\/\/caraudioworld.eu\/cs\/obchod\/"},{"@type":"ListItem","position":3,"name":"Helix Q15W"}]},{"@type":"WebSite","@id":"https:\/\/caraudioworld.eu\/cs\/#website","url":"https:\/\/caraudioworld.eu\/cs\/","name":"CARAUDIOWORLD","description":"Audio Heaven","publisher":{"@id":"https:\/\/caraudioworld.eu\/cs\/#organization"},"potentialAction":[{"@type":"SearchAction","target":{"@type":"EntryPoint","urlTemplate":"https:\/\/caraudioworld.eu\/cs\/?s={search_term_string}"},"query-input":{"@type":"PropertyValueSpecification","valueRequired":true,"valueName":"search_term_string"}}],"inLanguage":"cs"},{"@type":"Organization","@id":"https:\/\/caraudioworld.eu\/cs\/#organization","name":"CARAUDIOWORLD.eu","url":"https:\/\/caraudioworld.eu\/cs\/","logo":{"@type":"ImageObject","inLanguage":"cs","@id":"https:\/\/caraudioworld.eu\/cs\/#\/schema\/logo\/image\/","url":"https:\/\/caraudioworld.eu\/wp-content\/uploads\/2020\/10\/CAW_rounded.png","contentUrl":"https:\/\/caraudioworld.eu\/wp-content\/uploads\/2020\/10\/CAW_rounded.png","width":510,"height":510,"caption":"CARAUDIOWORLD.eu"},"image":{"@id":"https:\/\/caraudioworld.eu\/cs\/#\/schema\/logo\/image\/"},"sameAs":["https:\/\/www.facebook.com\/caraudioworld.eu","https:\/\/www.instagram.com\/caraudioworld.eu\/"]}]}},"_links":{"self":[{"href":"https:\/\/caraudioworld.eu\/cs\/wp-json\/wp\/v2\/product\/8170","targetHints":{"allow":["GET"]}}],"collection":[{"href":"https:\/\/caraudioworld.eu\/cs\/wp-json\/wp\/v2\/product"}],"about":[{"href":"https:\/\/caraudioworld.eu\/cs\/wp-json\/wp\/v2\/types\/product"}],"replies":[{"embeddable":true,"href":"https:\/\/caraudioworld.eu\/cs\/wp-json\/wp\/v2\/comments?post=8170"}],"wp:featuredmedia":[{"embeddable":true,"href":"https:\/\/caraudioworld.eu\/cs\/wp-json\/wp\/v2\/media\/8171"}],"wp:attachment":[{"href":"https:\/\/caraudioworld.eu\/cs\/wp-json\/wp\/v2\/media?parent=8170"}],"wp:term":[{"taxonomy":"product_brand","embeddable":true,"href":"https:\/\/caraudioworld.eu\/cs\/wp-json\/wp\/v2\/product_brand?post=8170"},{"taxonomy":"product_cat","embeddable":true,"href":"https:\/\/caraudioworld.eu\/cs\/wp-json\/wp\/v2\/product_cat?post=8170"},{"taxonomy":"product_tag","embeddable":true,"href":"https:\/\/caraudioworld.eu\/cs\/wp-json\/wp\/v2\/product_tag?post=8170"}],"curies":[{"name":"wp","href":"https:\/\/api.w.org\/{rel}","templated":true}]}}