{"id":8173,"date":"2020-02-06T19:39:22","date_gmt":"2020-02-06T18:39:22","guid":{"rendered":"https:\/\/caraudioworld.eu\/produkt\/steg-sqs12\/"},"modified":"2020-09-12T13:51:13","modified_gmt":"2020-09-12T11:51:13","slug":"steg-sqs12","status":"publish","type":"product","link":"https:\/\/caraudioworld.eu\/cs\/produkt\/steg-sqs12\/","title":{"rendered":"STEG SQS12"},"content":{"rendered":"","protected":false},"excerpt":{"rendered":"<p>Subwoofer od italsk\u00e9 zna\u010dky STEG je postaven z vysoce kvalitn\u00edch komponent\u016f a ur\u010den\u00fd pro nad\u0161ence p\u0159esn\u00fdch a z\u00e1rove\u0148 mohutn\u00fdch bas\u016f. D\u00edky n\u00edzk\u00e9mu FS je schopen podat i ty nejhlub\u0161\u00ed t\u00f3ny a basovou slo\u017eku va\u0161eho auta p\u0159em\u011bn\u00ed na z\u00e1\u017eitek z hudby.<\/p>\n<p>Velikost: 12 &#8222;\/ 30 cm<br \/>\nV\u00fdkon: 2 x 300W rms<br \/>\nImpedance: 2 x 2 Ohm<br \/>\nCitlivost: 86.5 dB<br \/>\nFS: 26 Hz<\/p>\n<p>Technick\u00e9 specifikace: <a style=\"color: blue;\" href=\"https:\/\/caraudioworld.eu\/wp-content\/uploads\/2020\/02\/techSpecs.pdf\" target=\"_blank\" rel=\"noopener noreferrer\">Download<\/a><\/p>\n","protected":false},"featured_media":8174,"comment_status":"open","ping_status":"closed","template":"","meta":[],"product_brand":[],"product_cat":[403,417],"product_tag":[339],"class_list":{"0":"post-8173","1":"product","2":"type-product","3":"status-publish","4":"has-post-thumbnail","6":"product_cat-reproduktory-cs","7":"product_cat-subwoofer-cs","8":"product_tag-steg-cs","10":"first","11":"outofstock","12":"taxable","13":"shipping-taxable","14":"purchasable","15":"product-type-simple"},"yoast_head":"<!-- This site is optimized with the Yoast SEO plugin v27.3 - https:\/\/yoast.com\/product\/yoast-seo-wordpress\/ -->\n<title>STEG SQS12 - CARAUDIOWORLD<\/title>\n<meta name=\"description\" content=\"Subwoofer od italsk\u00e9 zna\u010dky STEG je postaven z vysoce kvalitn\u00edch komponent\u016f a ur\u010den\u00fd pro nad\u0161ence p\u0159esn\u00fdch a z\u00e1rove\u0148 mohutn\u00fdch bas\u016f. D\u00edky n\u00edzk\u00e9mu FS je schopen podat i ty nejhlub\u0161\u00ed t\u00f3ny a basovou slo\u017eku va\u0161eho auta p\u0159em\u011bn\u00ed na z\u00e1\u017eitek z hudby.  Velikost: 12 &quot;\/ 30 cm V\u00fdkon: 2 x 300W rms Impedance: 2 x 2 Ohm Citlivost: 86.5 dB FS: 26 Hz  Technick\u00e9 specifikace: Download\" \/>\n<meta name=\"robots\" content=\"index, follow, max-snippet:-1, max-image-preview:large, max-video-preview:-1\" \/>\n<link rel=\"canonical\" href=\"https:\/\/caraudioworld.eu\/cs\/produkt\/steg-sqs12\/\" \/>\n<meta property=\"og:locale\" content=\"cs_CZ\" \/>\n<meta property=\"og:type\" content=\"article\" \/>\n<meta property=\"og:title\" content=\"STEG SQS12 - CARAUDIOWORLD\" \/>\n<meta property=\"og:description\" content=\"Subwoofer od italsk\u00e9 zna\u010dky STEG je postaven z vysoce kvalitn\u00edch komponent\u016f a ur\u010den\u00fd pro nad\u0161ence p\u0159esn\u00fdch a z\u00e1rove\u0148 mohutn\u00fdch bas\u016f. D\u00edky n\u00edzk\u00e9mu FS je schopen podat i ty nejhlub\u0161\u00ed t\u00f3ny a basovou slo\u017eku va\u0161eho auta p\u0159em\u011bn\u00ed na z\u00e1\u017eitek z hudby.  Velikost: 12 &quot;\/ 30 cm V\u00fdkon: 2 x 300W rms Impedance: 2 x 2 Ohm Citlivost: 86.5 dB FS: 26 Hz  Technick\u00e9 specifikace: Download\" \/>\n<meta property=\"og:url\" content=\"https:\/\/caraudioworld.eu\/cs\/produkt\/steg-sqs12\/\" \/>\n<meta property=\"og:site_name\" content=\"CARAUDIOWORLD\" \/>\n<meta property=\"article:publisher\" content=\"https:\/\/www.facebook.com\/caraudioworld.eu\" \/>\n<meta property=\"article:modified_time\" content=\"2020-09-12T11:51:13+00:00\" \/>\n<meta property=\"og:image\" content=\"https:\/\/caraudioworld.eu\/wp-content\/uploads\/2020\/02\/11-20.jpg\" \/>\n\t<meta property=\"og:image:width\" content=\"1000\" \/>\n\t<meta property=\"og:image:height\" content=\"700\" \/>\n\t<meta property=\"og:image:type\" content=\"image\/jpeg\" \/>\n<meta name=\"twitter:card\" content=\"summary_large_image\" \/>\n<script type=\"application\/ld+json\" class=\"yoast-schema-graph\">{\"@context\":\"https:\\\/\\\/schema.org\",\"@graph\":[{\"@type\":\"WebPage\",\"@id\":\"https:\\\/\\\/caraudioworld.eu\\\/cs\\\/produkt\\\/steg-sqs12\\\/\",\"url\":\"https:\\\/\\\/caraudioworld.eu\\\/cs\\\/produkt\\\/steg-sqs12\\\/\",\"name\":\"STEG SQS12 - CARAUDIOWORLD\",\"isPartOf\":{\"@id\":\"https:\\\/\\\/caraudioworld.eu\\\/cs\\\/#website\"},\"primaryImageOfPage\":{\"@id\":\"https:\\\/\\\/caraudioworld.eu\\\/cs\\\/produkt\\\/steg-sqs12\\\/#primaryimage\"},\"image\":{\"@id\":\"https:\\\/\\\/caraudioworld.eu\\\/cs\\\/produkt\\\/steg-sqs12\\\/#primaryimage\"},\"thumbnailUrl\":\"https:\\\/\\\/caraudioworld.eu\\\/wp-content\\\/uploads\\\/2020\\\/02\\\/11-20.jpg\",\"datePublished\":\"2020-02-06T18:39:22+00:00\",\"dateModified\":\"2020-09-12T11:51:13+00:00\",\"description\":\"Subwoofer od italsk\u00e9 zna\u010dky STEG je postaven z vysoce kvalitn\u00edch komponent\u016f a ur\u010den\u00fd pro nad\u0161ence p\u0159esn\u00fdch a z\u00e1rove\u0148 mohutn\u00fdch bas\u016f. D\u00edky n\u00edzk\u00e9mu FS je schopen podat i ty nejhlub\u0161\u00ed t\u00f3ny a basovou slo\u017eku va\u0161eho auta p\u0159em\u011bn\u00ed na z\u00e1\u017eitek z hudby. Velikost: 12 \\\"\\\/ 30 cm V\u00fdkon: 2 x 300W rms Impedance: 2 x 2 Ohm Citlivost: 86.5 dB FS: 26 Hz Technick\u00e9 specifikace: Download\",\"breadcrumb\":{\"@id\":\"https:\\\/\\\/caraudioworld.eu\\\/cs\\\/produkt\\\/steg-sqs12\\\/#breadcrumb\"},\"inLanguage\":\"cs\",\"potentialAction\":[{\"@type\":\"ReadAction\",\"target\":[\"https:\\\/\\\/caraudioworld.eu\\\/cs\\\/produkt\\\/steg-sqs12\\\/\"]}]},{\"@type\":\"ImageObject\",\"inLanguage\":\"cs\",\"@id\":\"https:\\\/\\\/caraudioworld.eu\\\/cs\\\/produkt\\\/steg-sqs12\\\/#primaryimage\",\"url\":\"https:\\\/\\\/caraudioworld.eu\\\/wp-content\\\/uploads\\\/2020\\\/02\\\/11-20.jpg\",\"contentUrl\":\"https:\\\/\\\/caraudioworld.eu\\\/wp-content\\\/uploads\\\/2020\\\/02\\\/11-20.jpg\",\"width\":1000,\"height\":700,\"caption\":\"steg sq12\"},{\"@type\":\"BreadcrumbList\",\"@id\":\"https:\\\/\\\/caraudioworld.eu\\\/cs\\\/produkt\\\/steg-sqs12\\\/#breadcrumb\",\"itemListElement\":[{\"@type\":\"ListItem\",\"position\":1,\"name\":\"Home\",\"item\":\"https:\\\/\\\/caraudioworld.eu\\\/cs\\\/\"},{\"@type\":\"ListItem\",\"position\":2,\"name\":\"Obchod\",\"item\":\"https:\\\/\\\/caraudioworld.eu\\\/cs\\\/obchod\\\/\"},{\"@type\":\"ListItem\",\"position\":3,\"name\":\"STEG SQS12\"}]},{\"@type\":\"WebSite\",\"@id\":\"https:\\\/\\\/caraudioworld.eu\\\/cs\\\/#website\",\"url\":\"https:\\\/\\\/caraudioworld.eu\\\/cs\\\/\",\"name\":\"CARAUDIOWORLD\",\"description\":\"Audio Heaven\",\"publisher\":{\"@id\":\"https:\\\/\\\/caraudioworld.eu\\\/cs\\\/#organization\"},\"potentialAction\":[{\"@type\":\"SearchAction\",\"target\":{\"@type\":\"EntryPoint\",\"urlTemplate\":\"https:\\\/\\\/caraudioworld.eu\\\/cs\\\/?s={search_term_string}\"},\"query-input\":{\"@type\":\"PropertyValueSpecification\",\"valueRequired\":true,\"valueName\":\"search_term_string\"}}],\"inLanguage\":\"cs\"},{\"@type\":\"Organization\",\"@id\":\"https:\\\/\\\/caraudioworld.eu\\\/cs\\\/#organization\",\"name\":\"CARAUDIOWORLD.eu\",\"url\":\"https:\\\/\\\/caraudioworld.eu\\\/cs\\\/\",\"logo\":{\"@type\":\"ImageObject\",\"inLanguage\":\"cs\",\"@id\":\"https:\\\/\\\/caraudioworld.eu\\\/cs\\\/#\\\/schema\\\/logo\\\/image\\\/\",\"url\":\"https:\\\/\\\/caraudioworld.eu\\\/wp-content\\\/uploads\\\/2020\\\/10\\\/CAW_rounded.png\",\"contentUrl\":\"https:\\\/\\\/caraudioworld.eu\\\/wp-content\\\/uploads\\\/2020\\\/10\\\/CAW_rounded.png\",\"width\":510,\"height\":510,\"caption\":\"CARAUDIOWORLD.eu\"},\"image\":{\"@id\":\"https:\\\/\\\/caraudioworld.eu\\\/cs\\\/#\\\/schema\\\/logo\\\/image\\\/\"},\"sameAs\":[\"https:\\\/\\\/www.facebook.com\\\/caraudioworld.eu\",\"https:\\\/\\\/www.instagram.com\\\/caraudioworld.eu\\\/\"]}]}<\/script>\n<!-- \/ Yoast SEO plugin. -->","yoast_head_json":{"title":"STEG SQS12 - CARAUDIOWORLD","description":"Subwoofer od italsk\u00e9 zna\u010dky STEG je postaven z vysoce kvalitn\u00edch komponent\u016f a ur\u010den\u00fd pro nad\u0161ence p\u0159esn\u00fdch a z\u00e1rove\u0148 mohutn\u00fdch bas\u016f. D\u00edky n\u00edzk\u00e9mu FS je schopen podat i ty nejhlub\u0161\u00ed t\u00f3ny a basovou slo\u017eku va\u0161eho auta p\u0159em\u011bn\u00ed na z\u00e1\u017eitek z hudby.  Velikost: 12 \"\/ 30 cm V\u00fdkon: 2 x 300W rms Impedance: 2 x 2 Ohm Citlivost: 86.5 dB FS: 26 Hz  Technick\u00e9 specifikace: Download","robots":{"index":"index","follow":"follow","max-snippet":"max-snippet:-1","max-image-preview":"max-image-preview:large","max-video-preview":"max-video-preview:-1"},"canonical":"https:\/\/caraudioworld.eu\/cs\/produkt\/steg-sqs12\/","og_locale":"cs_CZ","og_type":"article","og_title":"STEG SQS12 - CARAUDIOWORLD","og_description":"Subwoofer od italsk\u00e9 zna\u010dky STEG je postaven z vysoce kvalitn\u00edch komponent\u016f a ur\u010den\u00fd pro nad\u0161ence p\u0159esn\u00fdch a z\u00e1rove\u0148 mohutn\u00fdch bas\u016f. D\u00edky n\u00edzk\u00e9mu FS je schopen podat i ty nejhlub\u0161\u00ed t\u00f3ny a basovou slo\u017eku va\u0161eho auta p\u0159em\u011bn\u00ed na z\u00e1\u017eitek z hudby.  Velikost: 12 \"\/ 30 cm V\u00fdkon: 2 x 300W rms Impedance: 2 x 2 Ohm Citlivost: 86.5 dB FS: 26 Hz  Technick\u00e9 specifikace: Download","og_url":"https:\/\/caraudioworld.eu\/cs\/produkt\/steg-sqs12\/","og_site_name":"CARAUDIOWORLD","article_publisher":"https:\/\/www.facebook.com\/caraudioworld.eu","article_modified_time":"2020-09-12T11:51:13+00:00","og_image":[{"width":1000,"height":700,"url":"https:\/\/caraudioworld.eu\/wp-content\/uploads\/2020\/02\/11-20.jpg","type":"image\/jpeg"}],"twitter_card":"summary_large_image","schema":{"@context":"https:\/\/schema.org","@graph":[{"@type":"WebPage","@id":"https:\/\/caraudioworld.eu\/cs\/produkt\/steg-sqs12\/","url":"https:\/\/caraudioworld.eu\/cs\/produkt\/steg-sqs12\/","name":"STEG SQS12 - CARAUDIOWORLD","isPartOf":{"@id":"https:\/\/caraudioworld.eu\/cs\/#website"},"primaryImageOfPage":{"@id":"https:\/\/caraudioworld.eu\/cs\/produkt\/steg-sqs12\/#primaryimage"},"image":{"@id":"https:\/\/caraudioworld.eu\/cs\/produkt\/steg-sqs12\/#primaryimage"},"thumbnailUrl":"https:\/\/caraudioworld.eu\/wp-content\/uploads\/2020\/02\/11-20.jpg","datePublished":"2020-02-06T18:39:22+00:00","dateModified":"2020-09-12T11:51:13+00:00","description":"Subwoofer od italsk\u00e9 zna\u010dky STEG je postaven z vysoce kvalitn\u00edch komponent\u016f a ur\u010den\u00fd pro nad\u0161ence p\u0159esn\u00fdch a z\u00e1rove\u0148 mohutn\u00fdch bas\u016f. D\u00edky n\u00edzk\u00e9mu FS je schopen podat i ty nejhlub\u0161\u00ed t\u00f3ny a basovou slo\u017eku va\u0161eho auta p\u0159em\u011bn\u00ed na z\u00e1\u017eitek z hudby. Velikost: 12 \"\/ 30 cm V\u00fdkon: 2 x 300W rms Impedance: 2 x 2 Ohm Citlivost: 86.5 dB FS: 26 Hz Technick\u00e9 specifikace: Download","breadcrumb":{"@id":"https:\/\/caraudioworld.eu\/cs\/produkt\/steg-sqs12\/#breadcrumb"},"inLanguage":"cs","potentialAction":[{"@type":"ReadAction","target":["https:\/\/caraudioworld.eu\/cs\/produkt\/steg-sqs12\/"]}]},{"@type":"ImageObject","inLanguage":"cs","@id":"https:\/\/caraudioworld.eu\/cs\/produkt\/steg-sqs12\/#primaryimage","url":"https:\/\/caraudioworld.eu\/wp-content\/uploads\/2020\/02\/11-20.jpg","contentUrl":"https:\/\/caraudioworld.eu\/wp-content\/uploads\/2020\/02\/11-20.jpg","width":1000,"height":700,"caption":"steg sq12"},{"@type":"BreadcrumbList","@id":"https:\/\/caraudioworld.eu\/cs\/produkt\/steg-sqs12\/#breadcrumb","itemListElement":[{"@type":"ListItem","position":1,"name":"Home","item":"https:\/\/caraudioworld.eu\/cs\/"},{"@type":"ListItem","position":2,"name":"Obchod","item":"https:\/\/caraudioworld.eu\/cs\/obchod\/"},{"@type":"ListItem","position":3,"name":"STEG SQS12"}]},{"@type":"WebSite","@id":"https:\/\/caraudioworld.eu\/cs\/#website","url":"https:\/\/caraudioworld.eu\/cs\/","name":"CARAUDIOWORLD","description":"Audio Heaven","publisher":{"@id":"https:\/\/caraudioworld.eu\/cs\/#organization"},"potentialAction":[{"@type":"SearchAction","target":{"@type":"EntryPoint","urlTemplate":"https:\/\/caraudioworld.eu\/cs\/?s={search_term_string}"},"query-input":{"@type":"PropertyValueSpecification","valueRequired":true,"valueName":"search_term_string"}}],"inLanguage":"cs"},{"@type":"Organization","@id":"https:\/\/caraudioworld.eu\/cs\/#organization","name":"CARAUDIOWORLD.eu","url":"https:\/\/caraudioworld.eu\/cs\/","logo":{"@type":"ImageObject","inLanguage":"cs","@id":"https:\/\/caraudioworld.eu\/cs\/#\/schema\/logo\/image\/","url":"https:\/\/caraudioworld.eu\/wp-content\/uploads\/2020\/10\/CAW_rounded.png","contentUrl":"https:\/\/caraudioworld.eu\/wp-content\/uploads\/2020\/10\/CAW_rounded.png","width":510,"height":510,"caption":"CARAUDIOWORLD.eu"},"image":{"@id":"https:\/\/caraudioworld.eu\/cs\/#\/schema\/logo\/image\/"},"sameAs":["https:\/\/www.facebook.com\/caraudioworld.eu","https:\/\/www.instagram.com\/caraudioworld.eu\/"]}]}},"_links":{"self":[{"href":"https:\/\/caraudioworld.eu\/cs\/wp-json\/wp\/v2\/product\/8173","targetHints":{"allow":["GET"]}}],"collection":[{"href":"https:\/\/caraudioworld.eu\/cs\/wp-json\/wp\/v2\/product"}],"about":[{"href":"https:\/\/caraudioworld.eu\/cs\/wp-json\/wp\/v2\/types\/product"}],"replies":[{"embeddable":true,"href":"https:\/\/caraudioworld.eu\/cs\/wp-json\/wp\/v2\/comments?post=8173"}],"wp:featuredmedia":[{"embeddable":true,"href":"https:\/\/caraudioworld.eu\/cs\/wp-json\/wp\/v2\/media\/8174"}],"wp:attachment":[{"href":"https:\/\/caraudioworld.eu\/cs\/wp-json\/wp\/v2\/media?parent=8173"}],"wp:term":[{"taxonomy":"product_brand","embeddable":true,"href":"https:\/\/caraudioworld.eu\/cs\/wp-json\/wp\/v2\/product_brand?post=8173"},{"taxonomy":"product_cat","embeddable":true,"href":"https:\/\/caraudioworld.eu\/cs\/wp-json\/wp\/v2\/product_cat?post=8173"},{"taxonomy":"product_tag","embeddable":true,"href":"https:\/\/caraudioworld.eu\/cs\/wp-json\/wp\/v2\/product_tag?post=8173"}],"curies":[{"name":"wp","href":"https:\/\/api.w.org\/{rel}","templated":true}]}}