{"id":8252,"date":"2020-02-10T22:26:01","date_gmt":"2020-02-10T21:26:01","guid":{"rendered":"https:\/\/caraudioworld.eu\/produkt\/audiosystem-ad-2x1-5mm\/"},"modified":"2020-02-10T22:26:01","modified_gmt":"2020-02-10T21:26:01","slug":"audiosystem-ad-2x1-5mm","status":"publish","type":"product","link":"https:\/\/caraudioworld.eu\/cs\/produkt\/audiosystem-ad-2x1-5mm\/","title":{"rendered":"Audiosystem AD16 2&#215;1.5mm\u00b2"},"content":{"rendered":"","protected":false},"excerpt":{"rendered":"<p>Vysoce kvalitn\u00ed m\u011bd\u011bn\u00fd 100% OFC kabel od Italsk\u00e9 zna\u010dky Audiosystem. Dokonal\u00fd p\u0159enos sign\u00e1lu d\u00edky 133ks m\u011bd\u011bn\u00fdch dr\u00e1t\u016f.<\/p>\n<p>Tlou\u0161\u0165ka: 2 x 1.5 mm\u00b2<br \/>\nJedna rolka: 100M<\/p>\n","protected":false},"featured_media":8253,"comment_status":"open","ping_status":"closed","template":"","meta":[],"product_brand":[],"product_cat":[327,397],"product_tag":[332],"class_list":{"0":"post-8252","1":"product","2":"type-product","3":"status-publish","4":"has-post-thumbnail","6":"product_cat-kabely","7":"product_cat-reproduktorovi-cs","8":"product_tag-audiosystem-cs","10":"first","11":"instock","12":"taxable","13":"shipping-taxable","14":"purchasable","15":"product-type-variable","16":"has-default-attributes"},"yoast_head":"<!-- This site is optimized with the Yoast SEO plugin v27.3 - https:\/\/yoast.com\/product\/yoast-seo-wordpress\/ -->\n<title>Audiosystem AD16 2x1.5mm\u00b2 - CARAUDIOWORLD<\/title>\n<meta name=\"description\" content=\"Vysoce kvalitn\u00ed m\u011bd\u011bn\u00fd 100% OFC kabel od Italsk\u00e9 zna\u010dky Audiosystem. Dokonal\u00fd p\u0159enos sign\u00e1lu d\u00edky 133ks m\u011bd\u011bn\u00fdch dr\u00e1t\u016f.  Tlou\u0161\u0165ka: 2 x 1.5 mm\u00b2 Jedna rolka: 100M\" \/>\n<meta name=\"robots\" content=\"index, follow, max-snippet:-1, max-image-preview:large, max-video-preview:-1\" \/>\n<link rel=\"canonical\" href=\"https:\/\/caraudioworld.eu\/cs\/produkt\/audiosystem-ad-2x1-5mm\/\" \/>\n<meta property=\"og:locale\" content=\"cs_CZ\" \/>\n<meta property=\"og:type\" content=\"article\" \/>\n<meta property=\"og:title\" content=\"Audiosystem AD16 2x1.5mm\u00b2 - CARAUDIOWORLD\" \/>\n<meta property=\"og:description\" content=\"Vysoce kvalitn\u00ed m\u011bd\u011bn\u00fd 100% OFC kabel od Italsk\u00e9 zna\u010dky Audiosystem. Dokonal\u00fd p\u0159enos sign\u00e1lu d\u00edky 133ks m\u011bd\u011bn\u00fdch dr\u00e1t\u016f.  Tlou\u0161\u0165ka: 2 x 1.5 mm\u00b2 Jedna rolka: 100M\" \/>\n<meta property=\"og:url\" content=\"https:\/\/caraudioworld.eu\/cs\/produkt\/audiosystem-ad-2x1-5mm\/\" \/>\n<meta property=\"og:site_name\" content=\"CARAUDIOWORLD\" \/>\n<meta property=\"article:publisher\" content=\"https:\/\/www.facebook.com\/caraudioworld.eu\" \/>\n<meta property=\"og:image\" content=\"https:\/\/caraudioworld.eu\/wp-content\/uploads\/2020\/02\/11-29.jpg\" \/>\n\t<meta property=\"og:image:width\" content=\"1000\" \/>\n\t<meta property=\"og:image:height\" content=\"700\" \/>\n\t<meta property=\"og:image:type\" content=\"image\/jpeg\" \/>\n<meta name=\"twitter:card\" content=\"summary_large_image\" \/>\n<script type=\"application\/ld+json\" class=\"yoast-schema-graph\">{\"@context\":\"https:\\\/\\\/schema.org\",\"@graph\":[{\"@type\":\"WebPage\",\"@id\":\"https:\\\/\\\/caraudioworld.eu\\\/cs\\\/produkt\\\/audiosystem-ad-2x1-5mm\\\/\",\"url\":\"https:\\\/\\\/caraudioworld.eu\\\/cs\\\/produkt\\\/audiosystem-ad-2x1-5mm\\\/\",\"name\":\"Audiosystem AD16 2x1.5mm\u00b2 - CARAUDIOWORLD\",\"isPartOf\":{\"@id\":\"https:\\\/\\\/caraudioworld.eu\\\/cs\\\/#website\"},\"primaryImageOfPage\":{\"@id\":\"https:\\\/\\\/caraudioworld.eu\\\/cs\\\/produkt\\\/audiosystem-ad-2x1-5mm\\\/#primaryimage\"},\"image\":{\"@id\":\"https:\\\/\\\/caraudioworld.eu\\\/cs\\\/produkt\\\/audiosystem-ad-2x1-5mm\\\/#primaryimage\"},\"thumbnailUrl\":\"https:\\\/\\\/caraudioworld.eu\\\/wp-content\\\/uploads\\\/2020\\\/02\\\/11-29.jpg\",\"datePublished\":\"2020-02-10T21:26:01+00:00\",\"description\":\"Vysoce kvalitn\u00ed m\u011bd\u011bn\u00fd 100% OFC kabel od Italsk\u00e9 zna\u010dky Audiosystem. Dokonal\u00fd p\u0159enos sign\u00e1lu d\u00edky 133ks m\u011bd\u011bn\u00fdch dr\u00e1t\u016f. Tlou\u0161\u0165ka: 2 x 1.5 mm\u00b2 Jedna rolka: 100M\",\"breadcrumb\":{\"@id\":\"https:\\\/\\\/caraudioworld.eu\\\/cs\\\/produkt\\\/audiosystem-ad-2x1-5mm\\\/#breadcrumb\"},\"inLanguage\":\"cs\",\"potentialAction\":[{\"@type\":\"ReadAction\",\"target\":[\"https:\\\/\\\/caraudioworld.eu\\\/cs\\\/produkt\\\/audiosystem-ad-2x1-5mm\\\/\"]}]},{\"@type\":\"ImageObject\",\"inLanguage\":\"cs\",\"@id\":\"https:\\\/\\\/caraudioworld.eu\\\/cs\\\/produkt\\\/audiosystem-ad-2x1-5mm\\\/#primaryimage\",\"url\":\"https:\\\/\\\/caraudioworld.eu\\\/wp-content\\\/uploads\\\/2020\\\/02\\\/11-29.jpg\",\"contentUrl\":\"https:\\\/\\\/caraudioworld.eu\\\/wp-content\\\/uploads\\\/2020\\\/02\\\/11-29.jpg\",\"width\":1000,\"height\":700,\"caption\":\"audiosystem cable\"},{\"@type\":\"BreadcrumbList\",\"@id\":\"https:\\\/\\\/caraudioworld.eu\\\/cs\\\/produkt\\\/audiosystem-ad-2x1-5mm\\\/#breadcrumb\",\"itemListElement\":[{\"@type\":\"ListItem\",\"position\":1,\"name\":\"Home\",\"item\":\"https:\\\/\\\/caraudioworld.eu\\\/cs\\\/\"},{\"@type\":\"ListItem\",\"position\":2,\"name\":\"Obchod\",\"item\":\"https:\\\/\\\/caraudioworld.eu\\\/cs\\\/obchod\\\/\"},{\"@type\":\"ListItem\",\"position\":3,\"name\":\"Audiosystem AD16 2&#215;1.5mm\u00b2\"}]},{\"@type\":\"WebSite\",\"@id\":\"https:\\\/\\\/caraudioworld.eu\\\/cs\\\/#website\",\"url\":\"https:\\\/\\\/caraudioworld.eu\\\/cs\\\/\",\"name\":\"CARAUDIOWORLD\",\"description\":\"Audio Heaven\",\"publisher\":{\"@id\":\"https:\\\/\\\/caraudioworld.eu\\\/cs\\\/#organization\"},\"potentialAction\":[{\"@type\":\"SearchAction\",\"target\":{\"@type\":\"EntryPoint\",\"urlTemplate\":\"https:\\\/\\\/caraudioworld.eu\\\/cs\\\/?s={search_term_string}\"},\"query-input\":{\"@type\":\"PropertyValueSpecification\",\"valueRequired\":true,\"valueName\":\"search_term_string\"}}],\"inLanguage\":\"cs\"},{\"@type\":\"Organization\",\"@id\":\"https:\\\/\\\/caraudioworld.eu\\\/cs\\\/#organization\",\"name\":\"CARAUDIOWORLD.eu\",\"url\":\"https:\\\/\\\/caraudioworld.eu\\\/cs\\\/\",\"logo\":{\"@type\":\"ImageObject\",\"inLanguage\":\"cs\",\"@id\":\"https:\\\/\\\/caraudioworld.eu\\\/cs\\\/#\\\/schema\\\/logo\\\/image\\\/\",\"url\":\"https:\\\/\\\/caraudioworld.eu\\\/wp-content\\\/uploads\\\/2020\\\/10\\\/CAW_rounded.png\",\"contentUrl\":\"https:\\\/\\\/caraudioworld.eu\\\/wp-content\\\/uploads\\\/2020\\\/10\\\/CAW_rounded.png\",\"width\":510,\"height\":510,\"caption\":\"CARAUDIOWORLD.eu\"},\"image\":{\"@id\":\"https:\\\/\\\/caraudioworld.eu\\\/cs\\\/#\\\/schema\\\/logo\\\/image\\\/\"},\"sameAs\":[\"https:\\\/\\\/www.facebook.com\\\/caraudioworld.eu\",\"https:\\\/\\\/www.instagram.com\\\/caraudioworld.eu\\\/\"]}]}<\/script>\n<!-- \/ Yoast SEO plugin. -->","yoast_head_json":{"title":"Audiosystem AD16 2x1.5mm\u00b2 - CARAUDIOWORLD","description":"Vysoce kvalitn\u00ed m\u011bd\u011bn\u00fd 100% OFC kabel od Italsk\u00e9 zna\u010dky Audiosystem. Dokonal\u00fd p\u0159enos sign\u00e1lu d\u00edky 133ks m\u011bd\u011bn\u00fdch dr\u00e1t\u016f.  Tlou\u0161\u0165ka: 2 x 1.5 mm\u00b2 Jedna rolka: 100M","robots":{"index":"index","follow":"follow","max-snippet":"max-snippet:-1","max-image-preview":"max-image-preview:large","max-video-preview":"max-video-preview:-1"},"canonical":"https:\/\/caraudioworld.eu\/cs\/produkt\/audiosystem-ad-2x1-5mm\/","og_locale":"cs_CZ","og_type":"article","og_title":"Audiosystem AD16 2x1.5mm\u00b2 - CARAUDIOWORLD","og_description":"Vysoce kvalitn\u00ed m\u011bd\u011bn\u00fd 100% OFC kabel od Italsk\u00e9 zna\u010dky Audiosystem. Dokonal\u00fd p\u0159enos sign\u00e1lu d\u00edky 133ks m\u011bd\u011bn\u00fdch dr\u00e1t\u016f.  Tlou\u0161\u0165ka: 2 x 1.5 mm\u00b2 Jedna rolka: 100M","og_url":"https:\/\/caraudioworld.eu\/cs\/produkt\/audiosystem-ad-2x1-5mm\/","og_site_name":"CARAUDIOWORLD","article_publisher":"https:\/\/www.facebook.com\/caraudioworld.eu","og_image":[{"width":1000,"height":700,"url":"https:\/\/caraudioworld.eu\/wp-content\/uploads\/2020\/02\/11-29.jpg","type":"image\/jpeg"}],"twitter_card":"summary_large_image","schema":{"@context":"https:\/\/schema.org","@graph":[{"@type":"WebPage","@id":"https:\/\/caraudioworld.eu\/cs\/produkt\/audiosystem-ad-2x1-5mm\/","url":"https:\/\/caraudioworld.eu\/cs\/produkt\/audiosystem-ad-2x1-5mm\/","name":"Audiosystem AD16 2x1.5mm\u00b2 - CARAUDIOWORLD","isPartOf":{"@id":"https:\/\/caraudioworld.eu\/cs\/#website"},"primaryImageOfPage":{"@id":"https:\/\/caraudioworld.eu\/cs\/produkt\/audiosystem-ad-2x1-5mm\/#primaryimage"},"image":{"@id":"https:\/\/caraudioworld.eu\/cs\/produkt\/audiosystem-ad-2x1-5mm\/#primaryimage"},"thumbnailUrl":"https:\/\/caraudioworld.eu\/wp-content\/uploads\/2020\/02\/11-29.jpg","datePublished":"2020-02-10T21:26:01+00:00","description":"Vysoce kvalitn\u00ed m\u011bd\u011bn\u00fd 100% OFC kabel od Italsk\u00e9 zna\u010dky Audiosystem. Dokonal\u00fd p\u0159enos sign\u00e1lu d\u00edky 133ks m\u011bd\u011bn\u00fdch dr\u00e1t\u016f. Tlou\u0161\u0165ka: 2 x 1.5 mm\u00b2 Jedna rolka: 100M","breadcrumb":{"@id":"https:\/\/caraudioworld.eu\/cs\/produkt\/audiosystem-ad-2x1-5mm\/#breadcrumb"},"inLanguage":"cs","potentialAction":[{"@type":"ReadAction","target":["https:\/\/caraudioworld.eu\/cs\/produkt\/audiosystem-ad-2x1-5mm\/"]}]},{"@type":"ImageObject","inLanguage":"cs","@id":"https:\/\/caraudioworld.eu\/cs\/produkt\/audiosystem-ad-2x1-5mm\/#primaryimage","url":"https:\/\/caraudioworld.eu\/wp-content\/uploads\/2020\/02\/11-29.jpg","contentUrl":"https:\/\/caraudioworld.eu\/wp-content\/uploads\/2020\/02\/11-29.jpg","width":1000,"height":700,"caption":"audiosystem cable"},{"@type":"BreadcrumbList","@id":"https:\/\/caraudioworld.eu\/cs\/produkt\/audiosystem-ad-2x1-5mm\/#breadcrumb","itemListElement":[{"@type":"ListItem","position":1,"name":"Home","item":"https:\/\/caraudioworld.eu\/cs\/"},{"@type":"ListItem","position":2,"name":"Obchod","item":"https:\/\/caraudioworld.eu\/cs\/obchod\/"},{"@type":"ListItem","position":3,"name":"Audiosystem AD16 2&#215;1.5mm\u00b2"}]},{"@type":"WebSite","@id":"https:\/\/caraudioworld.eu\/cs\/#website","url":"https:\/\/caraudioworld.eu\/cs\/","name":"CARAUDIOWORLD","description":"Audio Heaven","publisher":{"@id":"https:\/\/caraudioworld.eu\/cs\/#organization"},"potentialAction":[{"@type":"SearchAction","target":{"@type":"EntryPoint","urlTemplate":"https:\/\/caraudioworld.eu\/cs\/?s={search_term_string}"},"query-input":{"@type":"PropertyValueSpecification","valueRequired":true,"valueName":"search_term_string"}}],"inLanguage":"cs"},{"@type":"Organization","@id":"https:\/\/caraudioworld.eu\/cs\/#organization","name":"CARAUDIOWORLD.eu","url":"https:\/\/caraudioworld.eu\/cs\/","logo":{"@type":"ImageObject","inLanguage":"cs","@id":"https:\/\/caraudioworld.eu\/cs\/#\/schema\/logo\/image\/","url":"https:\/\/caraudioworld.eu\/wp-content\/uploads\/2020\/10\/CAW_rounded.png","contentUrl":"https:\/\/caraudioworld.eu\/wp-content\/uploads\/2020\/10\/CAW_rounded.png","width":510,"height":510,"caption":"CARAUDIOWORLD.eu"},"image":{"@id":"https:\/\/caraudioworld.eu\/cs\/#\/schema\/logo\/image\/"},"sameAs":["https:\/\/www.facebook.com\/caraudioworld.eu","https:\/\/www.instagram.com\/caraudioworld.eu\/"]}]}},"_links":{"self":[{"href":"https:\/\/caraudioworld.eu\/cs\/wp-json\/wp\/v2\/product\/8252","targetHints":{"allow":["GET"]}}],"collection":[{"href":"https:\/\/caraudioworld.eu\/cs\/wp-json\/wp\/v2\/product"}],"about":[{"href":"https:\/\/caraudioworld.eu\/cs\/wp-json\/wp\/v2\/types\/product"}],"replies":[{"embeddable":true,"href":"https:\/\/caraudioworld.eu\/cs\/wp-json\/wp\/v2\/comments?post=8252"}],"wp:featuredmedia":[{"embeddable":true,"href":"https:\/\/caraudioworld.eu\/cs\/wp-json\/wp\/v2\/media\/8253"}],"wp:attachment":[{"href":"https:\/\/caraudioworld.eu\/cs\/wp-json\/wp\/v2\/media?parent=8252"}],"wp:term":[{"taxonomy":"product_brand","embeddable":true,"href":"https:\/\/caraudioworld.eu\/cs\/wp-json\/wp\/v2\/product_brand?post=8252"},{"taxonomy":"product_cat","embeddable":true,"href":"https:\/\/caraudioworld.eu\/cs\/wp-json\/wp\/v2\/product_cat?post=8252"},{"taxonomy":"product_tag","embeddable":true,"href":"https:\/\/caraudioworld.eu\/cs\/wp-json\/wp\/v2\/product_tag?post=8252"}],"curies":[{"name":"wp","href":"https:\/\/api.w.org\/{rel}","templated":true}]}}