{"id":8310,"date":"2020-02-17T18:35:32","date_gmt":"2020-02-17T17:35:32","guid":{"rendered":"https:\/\/caraudioworld.eu\/produkt\/pioneer-avh-a210bt\/"},"modified":"2020-02-17T18:35:32","modified_gmt":"2020-02-17T17:35:32","slug":"pioneer-avh-a210bt","status":"publish","type":"product","link":"https:\/\/caraudioworld.eu\/cs\/produkt\/pioneer-avh-a210bt\/","title":{"rendered":"Pioneer AVH-A210BT"},"content":{"rendered":"","protected":false},"excerpt":{"rendered":"<p>Kvalitn\u00ed autor\u00e1dio s DVD mechanikou, vario color podsv\u00edcen\u00edm tla\u010d\u00edtek a roz\u0161\u00ed\u0159en\u00fdmi mo\u017enostmi audio nastaven\u00ed.<\/p>\n<p>6.2 &#8222;Jasn\u00e1 odporov\u00e1 dotykov\u00e1 obrazovka<br \/>\nFM \/ AM<br \/>\n24 pam\u011bti, BSM (pam\u011b\u0165 Best Station)<br \/>\nJednotka CD \/ DVD<br \/>\nWMA \/ MP3 \/ AAC \/ WAV<br \/>\nUSB rozhran\u00ed (zadn\u00ed, kabel je sou\u010d\u00e1st\u00ed dod\u00e1vky)<br \/>\nZvuk: zvukov\u00e9 soubory MP3, WMA, WAV a AAC<br \/>\nVideo: DivX, Xvid, MPEG-1,2,4<br \/>\nProvoz iPod \/ iPhone p\u0159es USB<br \/>\nfunkce karaoke<br \/>\nMOSFET 50: max. 4x50W, 4x27W DIN sinusov\u00e1 vlna<br \/>\n3 p\u00e1ry v\u00fdstup\u016f RCA<br \/>\nVysok\u00fd a doln\u00ed pr\u016fchod s prom\u011bnliv\u00fdm nastaven\u00edm<br \/>\n13-p\u00e1smov\u00fd grafick\u00fd ekvaliz\u00e9r<br \/>\n\u010dasov\u00e9 korekce<br \/>\nVideo vstup (konektor)<br \/>\nP\u0159ipojen\u00ed reverzn\u00ed kamery<br \/>\nV\u00fdstup pro zadn\u00ed monitor<br \/>\nRetrofit infra\u010derven\u00e9 d\u00e1lkov\u00e9 ovl\u00e1d\u00e1n\u00ed (CD-R33) je mo\u017eno dokoupit.<br \/>\nVstup pro d\u00e1lkov\u00e9 ovl\u00e1d\u00e1n\u00ed na volantu vozidla (speci\u00e1ln\u00ed p\u0159\u00edslu\u0161enstv\u00ed adapt\u00e9ru)<br \/>\nNastaviteln\u00e9 osv\u011btlen\u00ed tla\u010d\u00edtek (112 barev)<br \/>\nObrazovka je p\u0159izp\u016fsobiteln\u00e1<br \/>\nHodiny a kalend\u00e1\u0159<br \/>\nfunkce Bluetooth<\/p>\n<p>Hands-free, mo\u017en\u00e9 paraleln\u00ed p\u0159ipojen\u00ed dvou telefon\u016f<br \/>\nV\u010detn\u011b extern\u00edho mikrofonu &#8211; lze jej namontovat nez\u00e1visle od r\u00e1dia v akusticky optim\u00e1ln\u00ed poloze<br \/>\np\u0159enos telefonn\u00edho seznamu<br \/>\nAudio streaming (A2DP)<\/p>\n","protected":false},"featured_media":8311,"comment_status":"open","ping_status":"closed","template":"","meta":[],"product_brand":[],"product_cat":[322,320],"product_tag":[338],"class_list":{"0":"post-8310","1":"product","2":"type-product","3":"status-publish","4":"has-post-thumbnail","6":"product_cat-2-din-cs","7":"product_cat-autoradia-cs","8":"product_tag-pioneer-cs","10":"first","11":"outofstock","12":"sale","13":"taxable","14":"shipping-taxable","15":"purchasable","16":"product-type-simple"},"yoast_head":"<!-- This site is optimized with the Yoast SEO plugin v27.3 - https:\/\/yoast.com\/product\/yoast-seo-wordpress\/ -->\n<title>Pioneer AVH-A210BT - CARAUDIOWORLD<\/title>\n<meta name=\"description\" content=\"Kvalitn\u00ed autor\u00e1dio s DVD mechanikou, vario color podsv\u00edcen\u00edm tla\u010d\u00edtek a roz\u0161\u00ed\u0159en\u00fdmi mo\u017enostmi audio nastaven\u00ed.  6.2 &quot;Jasn\u00e1 odporov\u00e1 dotykov\u00e1 obrazovka FM \/ AM 24 pam\u011bti, BSM (pam\u011b\u0165 Best Station) Jednotka CD \/ DVD WMA \/ MP3 \/ AAC \/ WAV USB rozhran\u00ed (zadn\u00ed, kabel je sou\u010d\u00e1st\u00ed dod\u00e1vky) Zvuk: zvukov\u00e9 soubory MP3, WMA, WAV a AAC Video: DivX, Xvid, MPEG-1,2,4 Provoz iPod \/ iPhone p\u0159es USB funkce karaoke MOSFET 50: max. 4x50W, 4x27W DIN sinusov\u00e1 vlna 3 p\u00e1ry v\u00fdstup\u016f RCA Vysok\u00fd a doln\u00ed pr\u016fchod s prom\u011bnliv\u00fdm nastaven\u00edm 13-p\u00e1smov\u00fd grafick\u00fd ekvaliz\u00e9r \u010dasov\u00e9 korekce Video vstup (konektor) P\u0159ipojen\u00ed reverzn\u00ed kamery V\u00fdstup pro zadn\u00ed monitor Retrofit infra\u010derven\u00e9 d\u00e1lkov\u00e9 ovl\u00e1d\u00e1n\u00ed (CD-R33) je mo\u017eno dokoupit. Vstup pro d\u00e1lkov\u00e9 ovl\u00e1d\u00e1n\u00ed na volantu vozidla (speci\u00e1ln\u00ed p\u0159\u00edslu\u0161enstv\u00ed adapt\u00e9ru) Nastaviteln\u00e9 osv\u011btlen\u00ed tla\u010d\u00edtek (112 barev) Obrazovka je p\u0159izp\u016fsobiteln\u00e1 Hodiny a kalend\u00e1\u0159 funkce Bluetooth  Hands-free, mo\u017en\u00e9 paraleln\u00ed p\u0159ipojen\u00ed dvou telefon\u016f V\u010detn\u011b extern\u00edho mikrofonu - lze jej namontovat nez\u00e1visle od r\u00e1dia v akusticky optim\u00e1ln\u00ed poloze p\u0159enos telefonn\u00edho seznamu Audio streaming (A2DP)\" \/>\n<meta name=\"robots\" content=\"index, follow, max-snippet:-1, max-image-preview:large, max-video-preview:-1\" \/>\n<link rel=\"canonical\" href=\"https:\/\/caraudioworld.eu\/cs\/produkt\/pioneer-avh-a210bt\/\" \/>\n<meta property=\"og:locale\" content=\"cs_CZ\" \/>\n<meta property=\"og:type\" content=\"article\" \/>\n<meta property=\"og:title\" content=\"Pioneer AVH-A210BT - CARAUDIOWORLD\" \/>\n<meta property=\"og:description\" content=\"Kvalitn\u00ed autor\u00e1dio s DVD mechanikou, vario color podsv\u00edcen\u00edm tla\u010d\u00edtek a roz\u0161\u00ed\u0159en\u00fdmi mo\u017enostmi audio nastaven\u00ed.  6.2 &quot;Jasn\u00e1 odporov\u00e1 dotykov\u00e1 obrazovka FM \/ AM 24 pam\u011bti, BSM (pam\u011b\u0165 Best Station) Jednotka CD \/ DVD WMA \/ MP3 \/ AAC \/ WAV USB rozhran\u00ed (zadn\u00ed, kabel je sou\u010d\u00e1st\u00ed dod\u00e1vky) Zvuk: zvukov\u00e9 soubory MP3, WMA, WAV a AAC Video: DivX, Xvid, MPEG-1,2,4 Provoz iPod \/ iPhone p\u0159es USB funkce karaoke MOSFET 50: max. 4x50W, 4x27W DIN sinusov\u00e1 vlna 3 p\u00e1ry v\u00fdstup\u016f RCA Vysok\u00fd a doln\u00ed pr\u016fchod s prom\u011bnliv\u00fdm nastaven\u00edm 13-p\u00e1smov\u00fd grafick\u00fd ekvaliz\u00e9r \u010dasov\u00e9 korekce Video vstup (konektor) P\u0159ipojen\u00ed reverzn\u00ed kamery V\u00fdstup pro zadn\u00ed monitor Retrofit infra\u010derven\u00e9 d\u00e1lkov\u00e9 ovl\u00e1d\u00e1n\u00ed (CD-R33) je mo\u017eno dokoupit. Vstup pro d\u00e1lkov\u00e9 ovl\u00e1d\u00e1n\u00ed na volantu vozidla (speci\u00e1ln\u00ed p\u0159\u00edslu\u0161enstv\u00ed adapt\u00e9ru) Nastaviteln\u00e9 osv\u011btlen\u00ed tla\u010d\u00edtek (112 barev) Obrazovka je p\u0159izp\u016fsobiteln\u00e1 Hodiny a kalend\u00e1\u0159 funkce Bluetooth  Hands-free, mo\u017en\u00e9 paraleln\u00ed p\u0159ipojen\u00ed dvou telefon\u016f V\u010detn\u011b extern\u00edho mikrofonu - lze jej namontovat nez\u00e1visle od r\u00e1dia v akusticky optim\u00e1ln\u00ed poloze p\u0159enos telefonn\u00edho seznamu Audio streaming (A2DP)\" \/>\n<meta property=\"og:url\" content=\"https:\/\/caraudioworld.eu\/cs\/produkt\/pioneer-avh-a210bt\/\" \/>\n<meta property=\"og:site_name\" content=\"CARAUDIOWORLD\" \/>\n<meta property=\"article:publisher\" content=\"https:\/\/www.facebook.com\/caraudioworld.eu\" \/>\n<meta property=\"og:image\" content=\"https:\/\/caraudioworld.eu\/wp-content\/uploads\/2020\/02\/11-38.jpg\" \/>\n\t<meta property=\"og:image:width\" content=\"1000\" \/>\n\t<meta property=\"og:image:height\" content=\"700\" \/>\n\t<meta property=\"og:image:type\" content=\"image\/jpeg\" \/>\n<meta name=\"twitter:card\" content=\"summary_large_image\" \/>\n<script type=\"application\/ld+json\" class=\"yoast-schema-graph\">{\"@context\":\"https:\\\/\\\/schema.org\",\"@graph\":[{\"@type\":\"WebPage\",\"@id\":\"https:\\\/\\\/caraudioworld.eu\\\/cs\\\/produkt\\\/pioneer-avh-a210bt\\\/\",\"url\":\"https:\\\/\\\/caraudioworld.eu\\\/cs\\\/produkt\\\/pioneer-avh-a210bt\\\/\",\"name\":\"Pioneer AVH-A210BT - CARAUDIOWORLD\",\"isPartOf\":{\"@id\":\"https:\\\/\\\/caraudioworld.eu\\\/cs\\\/#website\"},\"primaryImageOfPage\":{\"@id\":\"https:\\\/\\\/caraudioworld.eu\\\/cs\\\/produkt\\\/pioneer-avh-a210bt\\\/#primaryimage\"},\"image\":{\"@id\":\"https:\\\/\\\/caraudioworld.eu\\\/cs\\\/produkt\\\/pioneer-avh-a210bt\\\/#primaryimage\"},\"thumbnailUrl\":\"https:\\\/\\\/caraudioworld.eu\\\/wp-content\\\/uploads\\\/2020\\\/02\\\/11-38.jpg\",\"datePublished\":\"2020-02-17T17:35:32+00:00\",\"description\":\"Kvalitn\u00ed autor\u00e1dio s DVD mechanikou, vario color podsv\u00edcen\u00edm tla\u010d\u00edtek a roz\u0161\u00ed\u0159en\u00fdmi mo\u017enostmi audio nastaven\u00ed. 6.2 \\\"Jasn\u00e1 odporov\u00e1 dotykov\u00e1 obrazovka FM \\\/ AM 24 pam\u011bti, BSM (pam\u011b\u0165 Best Station) Jednotka CD \\\/ DVD WMA \\\/ MP3 \\\/ AAC \\\/ WAV USB rozhran\u00ed (zadn\u00ed, kabel je sou\u010d\u00e1st\u00ed dod\u00e1vky) Zvuk: zvukov\u00e9 soubory MP3, WMA, WAV a AAC Video: DivX, Xvid, MPEG-1,2,4 Provoz iPod \\\/ iPhone p\u0159es USB funkce karaoke MOSFET 50: max. 4x50W, 4x27W DIN sinusov\u00e1 vlna 3 p\u00e1ry v\u00fdstup\u016f RCA Vysok\u00fd a doln\u00ed pr\u016fchod s prom\u011bnliv\u00fdm nastaven\u00edm 13-p\u00e1smov\u00fd grafick\u00fd ekvaliz\u00e9r \u010dasov\u00e9 korekce Video vstup (konektor) P\u0159ipojen\u00ed reverzn\u00ed kamery V\u00fdstup pro zadn\u00ed monitor Retrofit infra\u010derven\u00e9 d\u00e1lkov\u00e9 ovl\u00e1d\u00e1n\u00ed (CD-R33) je mo\u017eno dokoupit. Vstup pro d\u00e1lkov\u00e9 ovl\u00e1d\u00e1n\u00ed na volantu vozidla (speci\u00e1ln\u00ed p\u0159\u00edslu\u0161enstv\u00ed adapt\u00e9ru) Nastaviteln\u00e9 osv\u011btlen\u00ed tla\u010d\u00edtek (112 barev) Obrazovka je p\u0159izp\u016fsobiteln\u00e1 Hodiny a kalend\u00e1\u0159 funkce Bluetooth Hands-free, mo\u017en\u00e9 paraleln\u00ed p\u0159ipojen\u00ed dvou telefon\u016f V\u010detn\u011b extern\u00edho mikrofonu - lze jej namontovat nez\u00e1visle od r\u00e1dia v akusticky optim\u00e1ln\u00ed poloze p\u0159enos telefonn\u00edho seznamu Audio streaming (A2DP)\",\"breadcrumb\":{\"@id\":\"https:\\\/\\\/caraudioworld.eu\\\/cs\\\/produkt\\\/pioneer-avh-a210bt\\\/#breadcrumb\"},\"inLanguage\":\"cs\",\"potentialAction\":[{\"@type\":\"ReadAction\",\"target\":[\"https:\\\/\\\/caraudioworld.eu\\\/cs\\\/produkt\\\/pioneer-avh-a210bt\\\/\"]}]},{\"@type\":\"ImageObject\",\"inLanguage\":\"cs\",\"@id\":\"https:\\\/\\\/caraudioworld.eu\\\/cs\\\/produkt\\\/pioneer-avh-a210bt\\\/#primaryimage\",\"url\":\"https:\\\/\\\/caraudioworld.eu\\\/wp-content\\\/uploads\\\/2020\\\/02\\\/11-38.jpg\",\"contentUrl\":\"https:\\\/\\\/caraudioworld.eu\\\/wp-content\\\/uploads\\\/2020\\\/02\\\/11-38.jpg\",\"width\":1000,\"height\":700,\"caption\":\"pioneer headunit\"},{\"@type\":\"BreadcrumbList\",\"@id\":\"https:\\\/\\\/caraudioworld.eu\\\/cs\\\/produkt\\\/pioneer-avh-a210bt\\\/#breadcrumb\",\"itemListElement\":[{\"@type\":\"ListItem\",\"position\":1,\"name\":\"Home\",\"item\":\"https:\\\/\\\/caraudioworld.eu\\\/cs\\\/\"},{\"@type\":\"ListItem\",\"position\":2,\"name\":\"Obchod\",\"item\":\"https:\\\/\\\/caraudioworld.eu\\\/cs\\\/obchod\\\/\"},{\"@type\":\"ListItem\",\"position\":3,\"name\":\"Pioneer AVH-A210BT\"}]},{\"@type\":\"WebSite\",\"@id\":\"https:\\\/\\\/caraudioworld.eu\\\/cs\\\/#website\",\"url\":\"https:\\\/\\\/caraudioworld.eu\\\/cs\\\/\",\"name\":\"CARAUDIOWORLD\",\"description\":\"Audio Heaven\",\"publisher\":{\"@id\":\"https:\\\/\\\/caraudioworld.eu\\\/cs\\\/#organization\"},\"potentialAction\":[{\"@type\":\"SearchAction\",\"target\":{\"@type\":\"EntryPoint\",\"urlTemplate\":\"https:\\\/\\\/caraudioworld.eu\\\/cs\\\/?s={search_term_string}\"},\"query-input\":{\"@type\":\"PropertyValueSpecification\",\"valueRequired\":true,\"valueName\":\"search_term_string\"}}],\"inLanguage\":\"cs\"},{\"@type\":\"Organization\",\"@id\":\"https:\\\/\\\/caraudioworld.eu\\\/cs\\\/#organization\",\"name\":\"CARAUDIOWORLD.eu\",\"url\":\"https:\\\/\\\/caraudioworld.eu\\\/cs\\\/\",\"logo\":{\"@type\":\"ImageObject\",\"inLanguage\":\"cs\",\"@id\":\"https:\\\/\\\/caraudioworld.eu\\\/cs\\\/#\\\/schema\\\/logo\\\/image\\\/\",\"url\":\"https:\\\/\\\/caraudioworld.eu\\\/wp-content\\\/uploads\\\/2020\\\/10\\\/CAW_rounded.png\",\"contentUrl\":\"https:\\\/\\\/caraudioworld.eu\\\/wp-content\\\/uploads\\\/2020\\\/10\\\/CAW_rounded.png\",\"width\":510,\"height\":510,\"caption\":\"CARAUDIOWORLD.eu\"},\"image\":{\"@id\":\"https:\\\/\\\/caraudioworld.eu\\\/cs\\\/#\\\/schema\\\/logo\\\/image\\\/\"},\"sameAs\":[\"https:\\\/\\\/www.facebook.com\\\/caraudioworld.eu\",\"https:\\\/\\\/www.instagram.com\\\/caraudioworld.eu\\\/\"]}]}<\/script>\n<!-- \/ Yoast SEO plugin. -->","yoast_head_json":{"title":"Pioneer AVH-A210BT - CARAUDIOWORLD","description":"Kvalitn\u00ed autor\u00e1dio s DVD mechanikou, vario color podsv\u00edcen\u00edm tla\u010d\u00edtek a roz\u0161\u00ed\u0159en\u00fdmi mo\u017enostmi audio nastaven\u00ed.  6.2 \"Jasn\u00e1 odporov\u00e1 dotykov\u00e1 obrazovka FM \/ AM 24 pam\u011bti, BSM (pam\u011b\u0165 Best Station) Jednotka CD \/ DVD WMA \/ MP3 \/ AAC \/ WAV USB rozhran\u00ed (zadn\u00ed, kabel je sou\u010d\u00e1st\u00ed dod\u00e1vky) Zvuk: zvukov\u00e9 soubory MP3, WMA, WAV a AAC Video: DivX, Xvid, MPEG-1,2,4 Provoz iPod \/ iPhone p\u0159es USB funkce karaoke MOSFET 50: max. 4x50W, 4x27W DIN sinusov\u00e1 vlna 3 p\u00e1ry v\u00fdstup\u016f RCA Vysok\u00fd a doln\u00ed pr\u016fchod s prom\u011bnliv\u00fdm nastaven\u00edm 13-p\u00e1smov\u00fd grafick\u00fd ekvaliz\u00e9r \u010dasov\u00e9 korekce Video vstup (konektor) P\u0159ipojen\u00ed reverzn\u00ed kamery V\u00fdstup pro zadn\u00ed monitor Retrofit infra\u010derven\u00e9 d\u00e1lkov\u00e9 ovl\u00e1d\u00e1n\u00ed (CD-R33) je mo\u017eno dokoupit. Vstup pro d\u00e1lkov\u00e9 ovl\u00e1d\u00e1n\u00ed na volantu vozidla (speci\u00e1ln\u00ed p\u0159\u00edslu\u0161enstv\u00ed adapt\u00e9ru) Nastaviteln\u00e9 osv\u011btlen\u00ed tla\u010d\u00edtek (112 barev) Obrazovka je p\u0159izp\u016fsobiteln\u00e1 Hodiny a kalend\u00e1\u0159 funkce Bluetooth  Hands-free, mo\u017en\u00e9 paraleln\u00ed p\u0159ipojen\u00ed dvou telefon\u016f V\u010detn\u011b extern\u00edho mikrofonu - lze jej namontovat nez\u00e1visle od r\u00e1dia v akusticky optim\u00e1ln\u00ed poloze p\u0159enos telefonn\u00edho seznamu Audio streaming (A2DP)","robots":{"index":"index","follow":"follow","max-snippet":"max-snippet:-1","max-image-preview":"max-image-preview:large","max-video-preview":"max-video-preview:-1"},"canonical":"https:\/\/caraudioworld.eu\/cs\/produkt\/pioneer-avh-a210bt\/","og_locale":"cs_CZ","og_type":"article","og_title":"Pioneer AVH-A210BT - CARAUDIOWORLD","og_description":"Kvalitn\u00ed autor\u00e1dio s DVD mechanikou, vario color podsv\u00edcen\u00edm tla\u010d\u00edtek a roz\u0161\u00ed\u0159en\u00fdmi mo\u017enostmi audio nastaven\u00ed.  6.2 \"Jasn\u00e1 odporov\u00e1 dotykov\u00e1 obrazovka FM \/ AM 24 pam\u011bti, BSM (pam\u011b\u0165 Best Station) Jednotka CD \/ DVD WMA \/ MP3 \/ AAC \/ WAV USB rozhran\u00ed (zadn\u00ed, kabel je sou\u010d\u00e1st\u00ed dod\u00e1vky) Zvuk: zvukov\u00e9 soubory MP3, WMA, WAV a AAC Video: DivX, Xvid, MPEG-1,2,4 Provoz iPod \/ iPhone p\u0159es USB funkce karaoke MOSFET 50: max. 4x50W, 4x27W DIN sinusov\u00e1 vlna 3 p\u00e1ry v\u00fdstup\u016f RCA Vysok\u00fd a doln\u00ed pr\u016fchod s prom\u011bnliv\u00fdm nastaven\u00edm 13-p\u00e1smov\u00fd grafick\u00fd ekvaliz\u00e9r \u010dasov\u00e9 korekce Video vstup (konektor) P\u0159ipojen\u00ed reverzn\u00ed kamery V\u00fdstup pro zadn\u00ed monitor Retrofit infra\u010derven\u00e9 d\u00e1lkov\u00e9 ovl\u00e1d\u00e1n\u00ed (CD-R33) je mo\u017eno dokoupit. Vstup pro d\u00e1lkov\u00e9 ovl\u00e1d\u00e1n\u00ed na volantu vozidla (speci\u00e1ln\u00ed p\u0159\u00edslu\u0161enstv\u00ed adapt\u00e9ru) Nastaviteln\u00e9 osv\u011btlen\u00ed tla\u010d\u00edtek (112 barev) Obrazovka je p\u0159izp\u016fsobiteln\u00e1 Hodiny a kalend\u00e1\u0159 funkce Bluetooth  Hands-free, mo\u017en\u00e9 paraleln\u00ed p\u0159ipojen\u00ed dvou telefon\u016f V\u010detn\u011b extern\u00edho mikrofonu - lze jej namontovat nez\u00e1visle od r\u00e1dia v akusticky optim\u00e1ln\u00ed poloze p\u0159enos telefonn\u00edho seznamu Audio streaming (A2DP)","og_url":"https:\/\/caraudioworld.eu\/cs\/produkt\/pioneer-avh-a210bt\/","og_site_name":"CARAUDIOWORLD","article_publisher":"https:\/\/www.facebook.com\/caraudioworld.eu","og_image":[{"width":1000,"height":700,"url":"https:\/\/caraudioworld.eu\/wp-content\/uploads\/2020\/02\/11-38.jpg","type":"image\/jpeg"}],"twitter_card":"summary_large_image","schema":{"@context":"https:\/\/schema.org","@graph":[{"@type":"WebPage","@id":"https:\/\/caraudioworld.eu\/cs\/produkt\/pioneer-avh-a210bt\/","url":"https:\/\/caraudioworld.eu\/cs\/produkt\/pioneer-avh-a210bt\/","name":"Pioneer AVH-A210BT - CARAUDIOWORLD","isPartOf":{"@id":"https:\/\/caraudioworld.eu\/cs\/#website"},"primaryImageOfPage":{"@id":"https:\/\/caraudioworld.eu\/cs\/produkt\/pioneer-avh-a210bt\/#primaryimage"},"image":{"@id":"https:\/\/caraudioworld.eu\/cs\/produkt\/pioneer-avh-a210bt\/#primaryimage"},"thumbnailUrl":"https:\/\/caraudioworld.eu\/wp-content\/uploads\/2020\/02\/11-38.jpg","datePublished":"2020-02-17T17:35:32+00:00","description":"Kvalitn\u00ed autor\u00e1dio s DVD mechanikou, vario color podsv\u00edcen\u00edm tla\u010d\u00edtek a roz\u0161\u00ed\u0159en\u00fdmi mo\u017enostmi audio nastaven\u00ed. 6.2 \"Jasn\u00e1 odporov\u00e1 dotykov\u00e1 obrazovka FM \/ AM 24 pam\u011bti, BSM (pam\u011b\u0165 Best Station) Jednotka CD \/ DVD WMA \/ MP3 \/ AAC \/ WAV USB rozhran\u00ed (zadn\u00ed, kabel je sou\u010d\u00e1st\u00ed dod\u00e1vky) Zvuk: zvukov\u00e9 soubory MP3, WMA, WAV a AAC Video: DivX, Xvid, MPEG-1,2,4 Provoz iPod \/ iPhone p\u0159es USB funkce karaoke MOSFET 50: max. 4x50W, 4x27W DIN sinusov\u00e1 vlna 3 p\u00e1ry v\u00fdstup\u016f RCA Vysok\u00fd a doln\u00ed pr\u016fchod s prom\u011bnliv\u00fdm nastaven\u00edm 13-p\u00e1smov\u00fd grafick\u00fd ekvaliz\u00e9r \u010dasov\u00e9 korekce Video vstup (konektor) P\u0159ipojen\u00ed reverzn\u00ed kamery V\u00fdstup pro zadn\u00ed monitor Retrofit infra\u010derven\u00e9 d\u00e1lkov\u00e9 ovl\u00e1d\u00e1n\u00ed (CD-R33) je mo\u017eno dokoupit. Vstup pro d\u00e1lkov\u00e9 ovl\u00e1d\u00e1n\u00ed na volantu vozidla (speci\u00e1ln\u00ed p\u0159\u00edslu\u0161enstv\u00ed adapt\u00e9ru) Nastaviteln\u00e9 osv\u011btlen\u00ed tla\u010d\u00edtek (112 barev) Obrazovka je p\u0159izp\u016fsobiteln\u00e1 Hodiny a kalend\u00e1\u0159 funkce Bluetooth Hands-free, mo\u017en\u00e9 paraleln\u00ed p\u0159ipojen\u00ed dvou telefon\u016f V\u010detn\u011b extern\u00edho mikrofonu - lze jej namontovat nez\u00e1visle od r\u00e1dia v akusticky optim\u00e1ln\u00ed poloze p\u0159enos telefonn\u00edho seznamu Audio streaming (A2DP)","breadcrumb":{"@id":"https:\/\/caraudioworld.eu\/cs\/produkt\/pioneer-avh-a210bt\/#breadcrumb"},"inLanguage":"cs","potentialAction":[{"@type":"ReadAction","target":["https:\/\/caraudioworld.eu\/cs\/produkt\/pioneer-avh-a210bt\/"]}]},{"@type":"ImageObject","inLanguage":"cs","@id":"https:\/\/caraudioworld.eu\/cs\/produkt\/pioneer-avh-a210bt\/#primaryimage","url":"https:\/\/caraudioworld.eu\/wp-content\/uploads\/2020\/02\/11-38.jpg","contentUrl":"https:\/\/caraudioworld.eu\/wp-content\/uploads\/2020\/02\/11-38.jpg","width":1000,"height":700,"caption":"pioneer headunit"},{"@type":"BreadcrumbList","@id":"https:\/\/caraudioworld.eu\/cs\/produkt\/pioneer-avh-a210bt\/#breadcrumb","itemListElement":[{"@type":"ListItem","position":1,"name":"Home","item":"https:\/\/caraudioworld.eu\/cs\/"},{"@type":"ListItem","position":2,"name":"Obchod","item":"https:\/\/caraudioworld.eu\/cs\/obchod\/"},{"@type":"ListItem","position":3,"name":"Pioneer AVH-A210BT"}]},{"@type":"WebSite","@id":"https:\/\/caraudioworld.eu\/cs\/#website","url":"https:\/\/caraudioworld.eu\/cs\/","name":"CARAUDIOWORLD","description":"Audio Heaven","publisher":{"@id":"https:\/\/caraudioworld.eu\/cs\/#organization"},"potentialAction":[{"@type":"SearchAction","target":{"@type":"EntryPoint","urlTemplate":"https:\/\/caraudioworld.eu\/cs\/?s={search_term_string}"},"query-input":{"@type":"PropertyValueSpecification","valueRequired":true,"valueName":"search_term_string"}}],"inLanguage":"cs"},{"@type":"Organization","@id":"https:\/\/caraudioworld.eu\/cs\/#organization","name":"CARAUDIOWORLD.eu","url":"https:\/\/caraudioworld.eu\/cs\/","logo":{"@type":"ImageObject","inLanguage":"cs","@id":"https:\/\/caraudioworld.eu\/cs\/#\/schema\/logo\/image\/","url":"https:\/\/caraudioworld.eu\/wp-content\/uploads\/2020\/10\/CAW_rounded.png","contentUrl":"https:\/\/caraudioworld.eu\/wp-content\/uploads\/2020\/10\/CAW_rounded.png","width":510,"height":510,"caption":"CARAUDIOWORLD.eu"},"image":{"@id":"https:\/\/caraudioworld.eu\/cs\/#\/schema\/logo\/image\/"},"sameAs":["https:\/\/www.facebook.com\/caraudioworld.eu","https:\/\/www.instagram.com\/caraudioworld.eu\/"]}]}},"_links":{"self":[{"href":"https:\/\/caraudioworld.eu\/cs\/wp-json\/wp\/v2\/product\/8310","targetHints":{"allow":["GET"]}}],"collection":[{"href":"https:\/\/caraudioworld.eu\/cs\/wp-json\/wp\/v2\/product"}],"about":[{"href":"https:\/\/caraudioworld.eu\/cs\/wp-json\/wp\/v2\/types\/product"}],"replies":[{"embeddable":true,"href":"https:\/\/caraudioworld.eu\/cs\/wp-json\/wp\/v2\/comments?post=8310"}],"wp:featuredmedia":[{"embeddable":true,"href":"https:\/\/caraudioworld.eu\/cs\/wp-json\/wp\/v2\/media\/8311"}],"wp:attachment":[{"href":"https:\/\/caraudioworld.eu\/cs\/wp-json\/wp\/v2\/media?parent=8310"}],"wp:term":[{"taxonomy":"product_brand","embeddable":true,"href":"https:\/\/caraudioworld.eu\/cs\/wp-json\/wp\/v2\/product_brand?post=8310"},{"taxonomy":"product_cat","embeddable":true,"href":"https:\/\/caraudioworld.eu\/cs\/wp-json\/wp\/v2\/product_cat?post=8310"},{"taxonomy":"product_tag","embeddable":true,"href":"https:\/\/caraudioworld.eu\/cs\/wp-json\/wp\/v2\/product_tag?post=8310"}],"curies":[{"name":"wp","href":"https:\/\/api.w.org\/{rel}","templated":true}]}}