{"id":8325,"date":"2020-02-17T19:48:02","date_gmt":"2020-02-17T18:48:02","guid":{"rendered":"https:\/\/caraudioworld.eu\/produkt\/pioneer-avic-z920dab\/"},"modified":"2020-02-17T19:48:02","modified_gmt":"2020-02-17T18:48:02","slug":"pioneer-avic-z920dab","status":"publish","type":"product","link":"https:\/\/caraudioworld.eu\/cs\/produkt\/pioneer-avic-z920dab\/","title":{"rendered":"Pioneer AVIC-Z920DAB"},"content":{"rendered":"","protected":false},"excerpt":{"rendered":"<p>Skv\u011bl\u00e9 naviga\u010dn\u00ed multimedi\u00e1ln\u00ed centrum do va\u0161eho vozu! Jeden z nejlep\u0161\u00edch p\u0159\u00edstroj\u016f na trhu integruje v sob\u011b v\u0161echny modern\u00ed technologie a nab\u00edz\u00ed \u0161pi\u010dkov\u00fd z\u00e1klad pro hudebn\u00ed z\u00e1\u017eitek ve vozidle.<\/p>\n<p>\u0160pi\u010dkov\u00fd integrovan\u00fd naviga\u010dn\u00ed AV syst\u00e9m s podporou Wi-Fi, s velk\u00fdm 7 &#8222;v\u00edcebarevn\u00fdm dotykov\u00fdm displejem True Color Capacitive. Vychutnejte si bezdr\u00e1tov\u00e9 bezdr\u00e1tov\u00e9 p\u0159ipojen\u00ed Apple CarPlay, Android Auto, Waze, Bluetooth a digit\u00e1ln\u00ed r\u00e1dio DAB +. Sou\u010d\u00e1st\u00ed je tak\u00e9 dvojit\u00fd vstup USB, HDMI pro zrcadlen\u00ed smartphonu a dvojit\u00fd vstup pro kameru.<\/p>\n<p>V\u00fdkon integrovan\u00e9ho zesilova\u010de: 4 x 50 W<br \/>\n7 &#8222;kapacitn\u00ed WVGA displej<br \/>\nCD \/ DVD mechanika<br \/>\n2x USB vstup<br \/>\nSD vstup<br \/>\n1x zadn\u00ed AUX-in vstup<br \/>\nPodporovan\u00e9 form\u00e1ty: CD \/ DVD \/ WMA \/ MP3 \/ AAC \/ WAV \/ FLAC \/ MPEG4 \/ WMV \/ DivX \/ JPEG<br \/>\nRCA AV Vstup a v\u00fdstup<br \/>\nHDMI vstup<br \/>\n3 p\u00e1ry RCA v\u00fdstup\u016f (p\u0159edn\u00ed, zadn\u00ed a subwoofer nebe v\u00fd\u0161ka, st\u0159edobas, subwoofer) &#8211; 5V<br \/>\nPlnohodnotn\u00e1 3-p\u00e1smov\u00e1 aktivn\u00ed v\u00fdhybka<br \/>\nDvojit\u00fd vstup pro parkovac\u00ed kameru<br \/>\n13 p\u00e1smov\u00fd grafick\u00fd EQ<br \/>\nDual Zone mode<br \/>\nweblink kompatibiln\u00ed<br \/>\nHPF a LPF filtr<br \/>\nPln\u00e9 ovl\u00e1d\u00e1n\u00ed subwooferu<br \/>\nVestav\u011bn\u00fd DSP procesor pro \u010dasov\u00e9 korekce<br \/>\nMo\u017enost autokalibrace EQ<br \/>\nPodklady pro naviga\u010dn\u00ed syst\u00e9m: 45 zem\u00ed a 11 mil. km silnic<br \/>\nApple kompatibiln\u00ed<br \/>\nAndroid kompatibiln\u00ed<br \/>\nAppRadio Mode: pro iPhone i Android<br \/>\nMirrorlink, i p\u0159es Wi-Fi<br \/>\nVestav\u011bn\u00fd Parrot Bluetooth (maxim\u00e1ln\u00ed po\u010det sp\u00e1rovan\u00fdch telefon\u016f: 3)<br \/>\nDAB + Tuner (DAB ant\u00e9na Pioneer CA-AN-DAB.001 nen\u00ed sou\u010d\u00e1st\u00ed balen\u00ed)<br \/>\nApple CarPlay a Android Auto kompatibiln\u00ed<br \/>\nMo\u017enost Apple CarPlay p\u0159es Wi-Fi<br \/>\nPodpora navigace Waze<br \/>\nVariabiln\u00ed podsv\u00edcen\u00ed ovl\u00e1dac\u00edch tla\u010d\u00edtek.<br \/>\nPozlacen\u00e9 RCA v\u00fdstupy<br \/>\nPodpora OEM ovl\u00e1d\u00e1n\u00ed na volant<br \/>\nVoliteln\u00fd d\u00e1lkov\u00fd ovlada\u010d Pioneer CD-R33<br \/>\nSou\u010d\u00e1st balen\u00ed: 2x USB kabel, extern\u00ed mikrofon, GPS ant\u00e9na<\/p>\n","protected":false},"featured_media":8326,"comment_status":"open","ping_status":"closed","template":"","meta":[],"product_brand":[],"product_cat":[322,320],"product_tag":[338],"class_list":{"0":"post-8325","1":"product","2":"type-product","3":"status-publish","4":"has-post-thumbnail","6":"product_cat-2-din-cs","7":"product_cat-autoradia-cs","8":"product_tag-pioneer-cs","10":"first","11":"onbackorder","12":"sale","13":"taxable","14":"shipping-taxable","15":"purchasable","16":"product-type-simple"},"yoast_head":"<!-- This site is optimized with the Yoast SEO plugin v27.3 - https:\/\/yoast.com\/product\/yoast-seo-wordpress\/ -->\n<title>Pioneer AVIC-Z920DAB - CARAUDIOWORLD<\/title>\n<meta name=\"description\" content=\"Skv\u011bl\u00e9 naviga\u010dn\u00ed multimedi\u00e1ln\u00ed centrum do va\u0161eho vozu! Jeden z nejlep\u0161\u00edch p\u0159\u00edstroj\u016f na trhu integruje v sob\u011b v\u0161echny modern\u00ed technologie a nab\u00edz\u00ed \u0161pi\u010dkov\u00fd z\u00e1klad pro hudebn\u00ed z\u00e1\u017eitek ve vozidle.  \u0160pi\u010dkov\u00fd integrovan\u00fd naviga\u010dn\u00ed AV syst\u00e9m s podporou Wi-Fi, s velk\u00fdm 7 &quot;v\u00edcebarevn\u00fdm dotykov\u00fdm displejem True Color Capacitive. Vychutnejte si bezdr\u00e1tov\u00e9 bezdr\u00e1tov\u00e9 p\u0159ipojen\u00ed Apple CarPlay, Android Auto, Waze, Bluetooth a digit\u00e1ln\u00ed r\u00e1dio DAB +. Sou\u010d\u00e1st\u00ed je tak\u00e9 dvojit\u00fd vstup USB, HDMI pro zrcadlen\u00ed smartphonu a dvojit\u00fd vstup pro kameru.  V\u00fdkon integrovan\u00e9ho zesilova\u010de: 4 x 50 W 7 &quot;kapacitn\u00ed WVGA displej CD \/ DVD mechanika 2x USB vstup SD vstup 1x zadn\u00ed AUX-in vstup Podporovan\u00e9 form\u00e1ty: CD \/ DVD \/ WMA \/ MP3 \/ AAC \/ WAV \/ FLAC \/ MPEG4 \/ WMV \/ DivX \/ JPEG RCA AV Vstup a v\u00fdstup HDMI vstup 3 p\u00e1ry RCA v\u00fdstup\u016f (p\u0159edn\u00ed, zadn\u00ed a subwoofer nebe v\u00fd\u0161ka, st\u0159edobas, subwoofer) - 5V Plnohodnotn\u00e1 3-p\u00e1smov\u00e1 aktivn\u00ed v\u00fdhybka Dvojit\u00fd vstup pro parkovac\u00ed kameru 13 p\u00e1smov\u00fd grafick\u00fd EQ Dual Zone mode weblink kompatibiln\u00ed HPF a LPF filtr Pln\u00e9 ovl\u00e1d\u00e1n\u00ed subwooferu Vestav\u011bn\u00fd DSP procesor pro \u010dasov\u00e9 korekce Mo\u017enost autokalibrace EQ Podklady pro naviga\u010dn\u00ed syst\u00e9m: 45 zem\u00ed a 11 mil. km silnic Apple kompatibiln\u00ed Android kompatibiln\u00ed AppRadio Mode: pro iPhone i Android Mirrorlink, i p\u0159es Wi-Fi Vestav\u011bn\u00fd Parrot Bluetooth (maxim\u00e1ln\u00ed po\u010det sp\u00e1rovan\u00fdch telefon\u016f: 3) DAB + Tuner (DAB ant\u00e9na Pioneer CA-AN-DAB.001 nen\u00ed sou\u010d\u00e1st\u00ed balen\u00ed) Apple CarPlay a Android Auto kompatibiln\u00ed Mo\u017enost Apple CarPlay p\u0159es Wi-Fi Podpora navigace Waze Variabiln\u00ed podsv\u00edcen\u00ed ovl\u00e1dac\u00edch tla\u010d\u00edtek. Pozlacen\u00e9 RCA v\u00fdstupy Podpora OEM ovl\u00e1d\u00e1n\u00ed na volant Voliteln\u00fd d\u00e1lkov\u00fd ovlada\u010d Pioneer CD-R33 Sou\u010d\u00e1st balen\u00ed: 2x USB kabel, extern\u00ed mikrofon, GPS ant\u00e9na\" \/>\n<meta name=\"robots\" content=\"index, follow, max-snippet:-1, max-image-preview:large, max-video-preview:-1\" \/>\n<link rel=\"canonical\" href=\"https:\/\/caraudioworld.eu\/cs\/produkt\/pioneer-avic-z920dab\/\" \/>\n<meta property=\"og:locale\" content=\"cs_CZ\" \/>\n<meta property=\"og:type\" content=\"article\" \/>\n<meta property=\"og:title\" content=\"Pioneer AVIC-Z920DAB - CARAUDIOWORLD\" \/>\n<meta property=\"og:description\" content=\"Skv\u011bl\u00e9 naviga\u010dn\u00ed multimedi\u00e1ln\u00ed centrum do va\u0161eho vozu! Jeden z nejlep\u0161\u00edch p\u0159\u00edstroj\u016f na trhu integruje v sob\u011b v\u0161echny modern\u00ed technologie a nab\u00edz\u00ed \u0161pi\u010dkov\u00fd z\u00e1klad pro hudebn\u00ed z\u00e1\u017eitek ve vozidle.  \u0160pi\u010dkov\u00fd integrovan\u00fd naviga\u010dn\u00ed AV syst\u00e9m s podporou Wi-Fi, s velk\u00fdm 7 &quot;v\u00edcebarevn\u00fdm dotykov\u00fdm displejem True Color Capacitive. Vychutnejte si bezdr\u00e1tov\u00e9 bezdr\u00e1tov\u00e9 p\u0159ipojen\u00ed Apple CarPlay, Android Auto, Waze, Bluetooth a digit\u00e1ln\u00ed r\u00e1dio DAB +. Sou\u010d\u00e1st\u00ed je tak\u00e9 dvojit\u00fd vstup USB, HDMI pro zrcadlen\u00ed smartphonu a dvojit\u00fd vstup pro kameru.  V\u00fdkon integrovan\u00e9ho zesilova\u010de: 4 x 50 W 7 &quot;kapacitn\u00ed WVGA displej CD \/ DVD mechanika 2x USB vstup SD vstup 1x zadn\u00ed AUX-in vstup Podporovan\u00e9 form\u00e1ty: CD \/ DVD \/ WMA \/ MP3 \/ AAC \/ WAV \/ FLAC \/ MPEG4 \/ WMV \/ DivX \/ JPEG RCA AV Vstup a v\u00fdstup HDMI vstup 3 p\u00e1ry RCA v\u00fdstup\u016f (p\u0159edn\u00ed, zadn\u00ed a subwoofer nebe v\u00fd\u0161ka, st\u0159edobas, subwoofer) - 5V Plnohodnotn\u00e1 3-p\u00e1smov\u00e1 aktivn\u00ed v\u00fdhybka Dvojit\u00fd vstup pro parkovac\u00ed kameru 13 p\u00e1smov\u00fd grafick\u00fd EQ Dual Zone mode weblink kompatibiln\u00ed HPF a LPF filtr Pln\u00e9 ovl\u00e1d\u00e1n\u00ed subwooferu Vestav\u011bn\u00fd DSP procesor pro \u010dasov\u00e9 korekce Mo\u017enost autokalibrace EQ Podklady pro naviga\u010dn\u00ed syst\u00e9m: 45 zem\u00ed a 11 mil. km silnic Apple kompatibiln\u00ed Android kompatibiln\u00ed AppRadio Mode: pro iPhone i Android Mirrorlink, i p\u0159es Wi-Fi Vestav\u011bn\u00fd Parrot Bluetooth (maxim\u00e1ln\u00ed po\u010det sp\u00e1rovan\u00fdch telefon\u016f: 3) DAB + Tuner (DAB ant\u00e9na Pioneer CA-AN-DAB.001 nen\u00ed sou\u010d\u00e1st\u00ed balen\u00ed) Apple CarPlay a Android Auto kompatibiln\u00ed Mo\u017enost Apple CarPlay p\u0159es Wi-Fi Podpora navigace Waze Variabiln\u00ed podsv\u00edcen\u00ed ovl\u00e1dac\u00edch tla\u010d\u00edtek. Pozlacen\u00e9 RCA v\u00fdstupy Podpora OEM ovl\u00e1d\u00e1n\u00ed na volant Voliteln\u00fd d\u00e1lkov\u00fd ovlada\u010d Pioneer CD-R33 Sou\u010d\u00e1st balen\u00ed: 2x USB kabel, extern\u00ed mikrofon, GPS ant\u00e9na\" \/>\n<meta property=\"og:url\" content=\"https:\/\/caraudioworld.eu\/cs\/produkt\/pioneer-avic-z920dab\/\" \/>\n<meta property=\"og:site_name\" content=\"CARAUDIOWORLD\" \/>\n<meta property=\"article:publisher\" content=\"https:\/\/www.facebook.com\/caraudioworld.eu\" \/>\n<meta property=\"og:image\" content=\"https:\/\/caraudioworld.eu\/wp-content\/uploads\/2020\/02\/11-43.jpg\" \/>\n\t<meta property=\"og:image:width\" content=\"1000\" \/>\n\t<meta property=\"og:image:height\" content=\"700\" \/>\n\t<meta property=\"og:image:type\" content=\"image\/jpeg\" \/>\n<meta name=\"twitter:card\" content=\"summary_large_image\" \/>\n<script type=\"application\/ld+json\" class=\"yoast-schema-graph\">{\"@context\":\"https:\\\/\\\/schema.org\",\"@graph\":[{\"@type\":\"WebPage\",\"@id\":\"https:\\\/\\\/caraudioworld.eu\\\/cs\\\/produkt\\\/pioneer-avic-z920dab\\\/\",\"url\":\"https:\\\/\\\/caraudioworld.eu\\\/cs\\\/produkt\\\/pioneer-avic-z920dab\\\/\",\"name\":\"Pioneer AVIC-Z920DAB - CARAUDIOWORLD\",\"isPartOf\":{\"@id\":\"https:\\\/\\\/caraudioworld.eu\\\/cs\\\/#website\"},\"primaryImageOfPage\":{\"@id\":\"https:\\\/\\\/caraudioworld.eu\\\/cs\\\/produkt\\\/pioneer-avic-z920dab\\\/#primaryimage\"},\"image\":{\"@id\":\"https:\\\/\\\/caraudioworld.eu\\\/cs\\\/produkt\\\/pioneer-avic-z920dab\\\/#primaryimage\"},\"thumbnailUrl\":\"https:\\\/\\\/caraudioworld.eu\\\/wp-content\\\/uploads\\\/2020\\\/02\\\/11-43.jpg\",\"datePublished\":\"2020-02-17T18:48:02+00:00\",\"description\":\"Skv\u011bl\u00e9 naviga\u010dn\u00ed multimedi\u00e1ln\u00ed centrum do va\u0161eho vozu! Jeden z nejlep\u0161\u00edch p\u0159\u00edstroj\u016f na trhu integruje v sob\u011b v\u0161echny modern\u00ed technologie a nab\u00edz\u00ed \u0161pi\u010dkov\u00fd z\u00e1klad pro hudebn\u00ed z\u00e1\u017eitek ve vozidle. \u0160pi\u010dkov\u00fd integrovan\u00fd naviga\u010dn\u00ed AV syst\u00e9m s podporou Wi-Fi, s velk\u00fdm 7 \\\"v\u00edcebarevn\u00fdm dotykov\u00fdm displejem True Color Capacitive. Vychutnejte si bezdr\u00e1tov\u00e9 bezdr\u00e1tov\u00e9 p\u0159ipojen\u00ed Apple CarPlay, Android Auto, Waze, Bluetooth a digit\u00e1ln\u00ed r\u00e1dio DAB +. Sou\u010d\u00e1st\u00ed je tak\u00e9 dvojit\u00fd vstup USB, HDMI pro zrcadlen\u00ed smartphonu a dvojit\u00fd vstup pro kameru. V\u00fdkon integrovan\u00e9ho zesilova\u010de: 4 x 50 W 7 \\\"kapacitn\u00ed WVGA displej CD \\\/ DVD mechanika 2x USB vstup SD vstup 1x zadn\u00ed AUX-in vstup Podporovan\u00e9 form\u00e1ty: CD \\\/ DVD \\\/ WMA \\\/ MP3 \\\/ AAC \\\/ WAV \\\/ FLAC \\\/ MPEG4 \\\/ WMV \\\/ DivX \\\/ JPEG RCA AV Vstup a v\u00fdstup HDMI vstup 3 p\u00e1ry RCA v\u00fdstup\u016f (p\u0159edn\u00ed, zadn\u00ed a subwoofer nebe v\u00fd\u0161ka, st\u0159edobas, subwoofer) - 5V Plnohodnotn\u00e1 3-p\u00e1smov\u00e1 aktivn\u00ed v\u00fdhybka Dvojit\u00fd vstup pro parkovac\u00ed kameru 13 p\u00e1smov\u00fd grafick\u00fd EQ Dual Zone mode weblink kompatibiln\u00ed HPF a LPF filtr Pln\u00e9 ovl\u00e1d\u00e1n\u00ed subwooferu Vestav\u011bn\u00fd DSP procesor pro \u010dasov\u00e9 korekce Mo\u017enost autokalibrace EQ Podklady pro naviga\u010dn\u00ed syst\u00e9m: 45 zem\u00ed a 11 mil. km silnic Apple kompatibiln\u00ed Android kompatibiln\u00ed AppRadio Mode: pro iPhone i Android Mirrorlink, i p\u0159es Wi-Fi Vestav\u011bn\u00fd Parrot Bluetooth (maxim\u00e1ln\u00ed po\u010det sp\u00e1rovan\u00fdch telefon\u016f: 3) DAB + Tuner (DAB ant\u00e9na Pioneer CA-AN-DAB.001 nen\u00ed sou\u010d\u00e1st\u00ed balen\u00ed) Apple CarPlay a Android Auto kompatibiln\u00ed Mo\u017enost Apple CarPlay p\u0159es Wi-Fi Podpora navigace Waze Variabiln\u00ed podsv\u00edcen\u00ed ovl\u00e1dac\u00edch tla\u010d\u00edtek. Pozlacen\u00e9 RCA v\u00fdstupy Podpora OEM ovl\u00e1d\u00e1n\u00ed na volant Voliteln\u00fd d\u00e1lkov\u00fd ovlada\u010d Pioneer CD-R33 Sou\u010d\u00e1st balen\u00ed: 2x USB kabel, extern\u00ed mikrofon, GPS ant\u00e9na\",\"breadcrumb\":{\"@id\":\"https:\\\/\\\/caraudioworld.eu\\\/cs\\\/produkt\\\/pioneer-avic-z920dab\\\/#breadcrumb\"},\"inLanguage\":\"cs\",\"potentialAction\":[{\"@type\":\"ReadAction\",\"target\":[\"https:\\\/\\\/caraudioworld.eu\\\/cs\\\/produkt\\\/pioneer-avic-z920dab\\\/\"]}]},{\"@type\":\"ImageObject\",\"inLanguage\":\"cs\",\"@id\":\"https:\\\/\\\/caraudioworld.eu\\\/cs\\\/produkt\\\/pioneer-avic-z920dab\\\/#primaryimage\",\"url\":\"https:\\\/\\\/caraudioworld.eu\\\/wp-content\\\/uploads\\\/2020\\\/02\\\/11-43.jpg\",\"contentUrl\":\"https:\\\/\\\/caraudioworld.eu\\\/wp-content\\\/uploads\\\/2020\\\/02\\\/11-43.jpg\",\"width\":1000,\"height\":700,\"caption\":\"pioneer headunit\"},{\"@type\":\"BreadcrumbList\",\"@id\":\"https:\\\/\\\/caraudioworld.eu\\\/cs\\\/produkt\\\/pioneer-avic-z920dab\\\/#breadcrumb\",\"itemListElement\":[{\"@type\":\"ListItem\",\"position\":1,\"name\":\"Home\",\"item\":\"https:\\\/\\\/caraudioworld.eu\\\/cs\\\/\"},{\"@type\":\"ListItem\",\"position\":2,\"name\":\"Obchod\",\"item\":\"https:\\\/\\\/caraudioworld.eu\\\/cs\\\/obchod\\\/\"},{\"@type\":\"ListItem\",\"position\":3,\"name\":\"Pioneer AVIC-Z920DAB\"}]},{\"@type\":\"WebSite\",\"@id\":\"https:\\\/\\\/caraudioworld.eu\\\/cs\\\/#website\",\"url\":\"https:\\\/\\\/caraudioworld.eu\\\/cs\\\/\",\"name\":\"CARAUDIOWORLD\",\"description\":\"Audio Heaven\",\"publisher\":{\"@id\":\"https:\\\/\\\/caraudioworld.eu\\\/cs\\\/#organization\"},\"potentialAction\":[{\"@type\":\"SearchAction\",\"target\":{\"@type\":\"EntryPoint\",\"urlTemplate\":\"https:\\\/\\\/caraudioworld.eu\\\/cs\\\/?s={search_term_string}\"},\"query-input\":{\"@type\":\"PropertyValueSpecification\",\"valueRequired\":true,\"valueName\":\"search_term_string\"}}],\"inLanguage\":\"cs\"},{\"@type\":\"Organization\",\"@id\":\"https:\\\/\\\/caraudioworld.eu\\\/cs\\\/#organization\",\"name\":\"CARAUDIOWORLD.eu\",\"url\":\"https:\\\/\\\/caraudioworld.eu\\\/cs\\\/\",\"logo\":{\"@type\":\"ImageObject\",\"inLanguage\":\"cs\",\"@id\":\"https:\\\/\\\/caraudioworld.eu\\\/cs\\\/#\\\/schema\\\/logo\\\/image\\\/\",\"url\":\"https:\\\/\\\/caraudioworld.eu\\\/wp-content\\\/uploads\\\/2020\\\/10\\\/CAW_rounded.png\",\"contentUrl\":\"https:\\\/\\\/caraudioworld.eu\\\/wp-content\\\/uploads\\\/2020\\\/10\\\/CAW_rounded.png\",\"width\":510,\"height\":510,\"caption\":\"CARAUDIOWORLD.eu\"},\"image\":{\"@id\":\"https:\\\/\\\/caraudioworld.eu\\\/cs\\\/#\\\/schema\\\/logo\\\/image\\\/\"},\"sameAs\":[\"https:\\\/\\\/www.facebook.com\\\/caraudioworld.eu\",\"https:\\\/\\\/www.instagram.com\\\/caraudioworld.eu\\\/\"]}]}<\/script>\n<!-- \/ Yoast SEO plugin. -->","yoast_head_json":{"title":"Pioneer AVIC-Z920DAB - CARAUDIOWORLD","description":"Skv\u011bl\u00e9 naviga\u010dn\u00ed multimedi\u00e1ln\u00ed centrum do va\u0161eho vozu! Jeden z nejlep\u0161\u00edch p\u0159\u00edstroj\u016f na trhu integruje v sob\u011b v\u0161echny modern\u00ed technologie a nab\u00edz\u00ed \u0161pi\u010dkov\u00fd z\u00e1klad pro hudebn\u00ed z\u00e1\u017eitek ve vozidle.  \u0160pi\u010dkov\u00fd integrovan\u00fd naviga\u010dn\u00ed AV syst\u00e9m s podporou Wi-Fi, s velk\u00fdm 7 \"v\u00edcebarevn\u00fdm dotykov\u00fdm displejem True Color Capacitive. Vychutnejte si bezdr\u00e1tov\u00e9 bezdr\u00e1tov\u00e9 p\u0159ipojen\u00ed Apple CarPlay, Android Auto, Waze, Bluetooth a digit\u00e1ln\u00ed r\u00e1dio DAB +. Sou\u010d\u00e1st\u00ed je tak\u00e9 dvojit\u00fd vstup USB, HDMI pro zrcadlen\u00ed smartphonu a dvojit\u00fd vstup pro kameru.  V\u00fdkon integrovan\u00e9ho zesilova\u010de: 4 x 50 W 7 \"kapacitn\u00ed WVGA displej CD \/ DVD mechanika 2x USB vstup SD vstup 1x zadn\u00ed AUX-in vstup Podporovan\u00e9 form\u00e1ty: CD \/ DVD \/ WMA \/ MP3 \/ AAC \/ WAV \/ FLAC \/ MPEG4 \/ WMV \/ DivX \/ JPEG RCA AV Vstup a v\u00fdstup HDMI vstup 3 p\u00e1ry RCA v\u00fdstup\u016f (p\u0159edn\u00ed, zadn\u00ed a subwoofer nebe v\u00fd\u0161ka, st\u0159edobas, subwoofer) - 5V Plnohodnotn\u00e1 3-p\u00e1smov\u00e1 aktivn\u00ed v\u00fdhybka Dvojit\u00fd vstup pro parkovac\u00ed kameru 13 p\u00e1smov\u00fd grafick\u00fd EQ Dual Zone mode weblink kompatibiln\u00ed HPF a LPF filtr Pln\u00e9 ovl\u00e1d\u00e1n\u00ed subwooferu Vestav\u011bn\u00fd DSP procesor pro \u010dasov\u00e9 korekce Mo\u017enost autokalibrace EQ Podklady pro naviga\u010dn\u00ed syst\u00e9m: 45 zem\u00ed a 11 mil. km silnic Apple kompatibiln\u00ed Android kompatibiln\u00ed AppRadio Mode: pro iPhone i Android Mirrorlink, i p\u0159es Wi-Fi Vestav\u011bn\u00fd Parrot Bluetooth (maxim\u00e1ln\u00ed po\u010det sp\u00e1rovan\u00fdch telefon\u016f: 3) DAB + Tuner (DAB ant\u00e9na Pioneer CA-AN-DAB.001 nen\u00ed sou\u010d\u00e1st\u00ed balen\u00ed) Apple CarPlay a Android Auto kompatibiln\u00ed Mo\u017enost Apple CarPlay p\u0159es Wi-Fi Podpora navigace Waze Variabiln\u00ed podsv\u00edcen\u00ed ovl\u00e1dac\u00edch tla\u010d\u00edtek. Pozlacen\u00e9 RCA v\u00fdstupy Podpora OEM ovl\u00e1d\u00e1n\u00ed na volant Voliteln\u00fd d\u00e1lkov\u00fd ovlada\u010d Pioneer CD-R33 Sou\u010d\u00e1st balen\u00ed: 2x USB kabel, extern\u00ed mikrofon, GPS ant\u00e9na","robots":{"index":"index","follow":"follow","max-snippet":"max-snippet:-1","max-image-preview":"max-image-preview:large","max-video-preview":"max-video-preview:-1"},"canonical":"https:\/\/caraudioworld.eu\/cs\/produkt\/pioneer-avic-z920dab\/","og_locale":"cs_CZ","og_type":"article","og_title":"Pioneer AVIC-Z920DAB - CARAUDIOWORLD","og_description":"Skv\u011bl\u00e9 naviga\u010dn\u00ed multimedi\u00e1ln\u00ed centrum do va\u0161eho vozu! Jeden z nejlep\u0161\u00edch p\u0159\u00edstroj\u016f na trhu integruje v sob\u011b v\u0161echny modern\u00ed technologie a nab\u00edz\u00ed \u0161pi\u010dkov\u00fd z\u00e1klad pro hudebn\u00ed z\u00e1\u017eitek ve vozidle.  \u0160pi\u010dkov\u00fd integrovan\u00fd naviga\u010dn\u00ed AV syst\u00e9m s podporou Wi-Fi, s velk\u00fdm 7 \"v\u00edcebarevn\u00fdm dotykov\u00fdm displejem True Color Capacitive. Vychutnejte si bezdr\u00e1tov\u00e9 bezdr\u00e1tov\u00e9 p\u0159ipojen\u00ed Apple CarPlay, Android Auto, Waze, Bluetooth a digit\u00e1ln\u00ed r\u00e1dio DAB +. Sou\u010d\u00e1st\u00ed je tak\u00e9 dvojit\u00fd vstup USB, HDMI pro zrcadlen\u00ed smartphonu a dvojit\u00fd vstup pro kameru.  V\u00fdkon integrovan\u00e9ho zesilova\u010de: 4 x 50 W 7 \"kapacitn\u00ed WVGA displej CD \/ DVD mechanika 2x USB vstup SD vstup 1x zadn\u00ed AUX-in vstup Podporovan\u00e9 form\u00e1ty: CD \/ DVD \/ WMA \/ MP3 \/ AAC \/ WAV \/ FLAC \/ MPEG4 \/ WMV \/ DivX \/ JPEG RCA AV Vstup a v\u00fdstup HDMI vstup 3 p\u00e1ry RCA v\u00fdstup\u016f (p\u0159edn\u00ed, zadn\u00ed a subwoofer nebe v\u00fd\u0161ka, st\u0159edobas, subwoofer) - 5V Plnohodnotn\u00e1 3-p\u00e1smov\u00e1 aktivn\u00ed v\u00fdhybka Dvojit\u00fd vstup pro parkovac\u00ed kameru 13 p\u00e1smov\u00fd grafick\u00fd EQ Dual Zone mode weblink kompatibiln\u00ed HPF a LPF filtr Pln\u00e9 ovl\u00e1d\u00e1n\u00ed subwooferu Vestav\u011bn\u00fd DSP procesor pro \u010dasov\u00e9 korekce Mo\u017enost autokalibrace EQ Podklady pro naviga\u010dn\u00ed syst\u00e9m: 45 zem\u00ed a 11 mil. km silnic Apple kompatibiln\u00ed Android kompatibiln\u00ed AppRadio Mode: pro iPhone i Android Mirrorlink, i p\u0159es Wi-Fi Vestav\u011bn\u00fd Parrot Bluetooth (maxim\u00e1ln\u00ed po\u010det sp\u00e1rovan\u00fdch telefon\u016f: 3) DAB + Tuner (DAB ant\u00e9na Pioneer CA-AN-DAB.001 nen\u00ed sou\u010d\u00e1st\u00ed balen\u00ed) Apple CarPlay a Android Auto kompatibiln\u00ed Mo\u017enost Apple CarPlay p\u0159es Wi-Fi Podpora navigace Waze Variabiln\u00ed podsv\u00edcen\u00ed ovl\u00e1dac\u00edch tla\u010d\u00edtek. Pozlacen\u00e9 RCA v\u00fdstupy Podpora OEM ovl\u00e1d\u00e1n\u00ed na volant Voliteln\u00fd d\u00e1lkov\u00fd ovlada\u010d Pioneer CD-R33 Sou\u010d\u00e1st balen\u00ed: 2x USB kabel, extern\u00ed mikrofon, GPS ant\u00e9na","og_url":"https:\/\/caraudioworld.eu\/cs\/produkt\/pioneer-avic-z920dab\/","og_site_name":"CARAUDIOWORLD","article_publisher":"https:\/\/www.facebook.com\/caraudioworld.eu","og_image":[{"width":1000,"height":700,"url":"https:\/\/caraudioworld.eu\/wp-content\/uploads\/2020\/02\/11-43.jpg","type":"image\/jpeg"}],"twitter_card":"summary_large_image","schema":{"@context":"https:\/\/schema.org","@graph":[{"@type":"WebPage","@id":"https:\/\/caraudioworld.eu\/cs\/produkt\/pioneer-avic-z920dab\/","url":"https:\/\/caraudioworld.eu\/cs\/produkt\/pioneer-avic-z920dab\/","name":"Pioneer AVIC-Z920DAB - CARAUDIOWORLD","isPartOf":{"@id":"https:\/\/caraudioworld.eu\/cs\/#website"},"primaryImageOfPage":{"@id":"https:\/\/caraudioworld.eu\/cs\/produkt\/pioneer-avic-z920dab\/#primaryimage"},"image":{"@id":"https:\/\/caraudioworld.eu\/cs\/produkt\/pioneer-avic-z920dab\/#primaryimage"},"thumbnailUrl":"https:\/\/caraudioworld.eu\/wp-content\/uploads\/2020\/02\/11-43.jpg","datePublished":"2020-02-17T18:48:02+00:00","description":"Skv\u011bl\u00e9 naviga\u010dn\u00ed multimedi\u00e1ln\u00ed centrum do va\u0161eho vozu! Jeden z nejlep\u0161\u00edch p\u0159\u00edstroj\u016f na trhu integruje v sob\u011b v\u0161echny modern\u00ed technologie a nab\u00edz\u00ed \u0161pi\u010dkov\u00fd z\u00e1klad pro hudebn\u00ed z\u00e1\u017eitek ve vozidle. \u0160pi\u010dkov\u00fd integrovan\u00fd naviga\u010dn\u00ed AV syst\u00e9m s podporou Wi-Fi, s velk\u00fdm 7 \"v\u00edcebarevn\u00fdm dotykov\u00fdm displejem True Color Capacitive. Vychutnejte si bezdr\u00e1tov\u00e9 bezdr\u00e1tov\u00e9 p\u0159ipojen\u00ed Apple CarPlay, Android Auto, Waze, Bluetooth a digit\u00e1ln\u00ed r\u00e1dio DAB +. Sou\u010d\u00e1st\u00ed je tak\u00e9 dvojit\u00fd vstup USB, HDMI pro zrcadlen\u00ed smartphonu a dvojit\u00fd vstup pro kameru. V\u00fdkon integrovan\u00e9ho zesilova\u010de: 4 x 50 W 7 \"kapacitn\u00ed WVGA displej CD \/ DVD mechanika 2x USB vstup SD vstup 1x zadn\u00ed AUX-in vstup Podporovan\u00e9 form\u00e1ty: CD \/ DVD \/ WMA \/ MP3 \/ AAC \/ WAV \/ FLAC \/ MPEG4 \/ WMV \/ DivX \/ JPEG RCA AV Vstup a v\u00fdstup HDMI vstup 3 p\u00e1ry RCA v\u00fdstup\u016f (p\u0159edn\u00ed, zadn\u00ed a subwoofer nebe v\u00fd\u0161ka, st\u0159edobas, subwoofer) - 5V Plnohodnotn\u00e1 3-p\u00e1smov\u00e1 aktivn\u00ed v\u00fdhybka Dvojit\u00fd vstup pro parkovac\u00ed kameru 13 p\u00e1smov\u00fd grafick\u00fd EQ Dual Zone mode weblink kompatibiln\u00ed HPF a LPF filtr Pln\u00e9 ovl\u00e1d\u00e1n\u00ed subwooferu Vestav\u011bn\u00fd DSP procesor pro \u010dasov\u00e9 korekce Mo\u017enost autokalibrace EQ Podklady pro naviga\u010dn\u00ed syst\u00e9m: 45 zem\u00ed a 11 mil. km silnic Apple kompatibiln\u00ed Android kompatibiln\u00ed AppRadio Mode: pro iPhone i Android Mirrorlink, i p\u0159es Wi-Fi Vestav\u011bn\u00fd Parrot Bluetooth (maxim\u00e1ln\u00ed po\u010det sp\u00e1rovan\u00fdch telefon\u016f: 3) DAB + Tuner (DAB ant\u00e9na Pioneer CA-AN-DAB.001 nen\u00ed sou\u010d\u00e1st\u00ed balen\u00ed) Apple CarPlay a Android Auto kompatibiln\u00ed Mo\u017enost Apple CarPlay p\u0159es Wi-Fi Podpora navigace Waze Variabiln\u00ed podsv\u00edcen\u00ed ovl\u00e1dac\u00edch tla\u010d\u00edtek. Pozlacen\u00e9 RCA v\u00fdstupy Podpora OEM ovl\u00e1d\u00e1n\u00ed na volant Voliteln\u00fd d\u00e1lkov\u00fd ovlada\u010d Pioneer CD-R33 Sou\u010d\u00e1st balen\u00ed: 2x USB kabel, extern\u00ed mikrofon, GPS ant\u00e9na","breadcrumb":{"@id":"https:\/\/caraudioworld.eu\/cs\/produkt\/pioneer-avic-z920dab\/#breadcrumb"},"inLanguage":"cs","potentialAction":[{"@type":"ReadAction","target":["https:\/\/caraudioworld.eu\/cs\/produkt\/pioneer-avic-z920dab\/"]}]},{"@type":"ImageObject","inLanguage":"cs","@id":"https:\/\/caraudioworld.eu\/cs\/produkt\/pioneer-avic-z920dab\/#primaryimage","url":"https:\/\/caraudioworld.eu\/wp-content\/uploads\/2020\/02\/11-43.jpg","contentUrl":"https:\/\/caraudioworld.eu\/wp-content\/uploads\/2020\/02\/11-43.jpg","width":1000,"height":700,"caption":"pioneer headunit"},{"@type":"BreadcrumbList","@id":"https:\/\/caraudioworld.eu\/cs\/produkt\/pioneer-avic-z920dab\/#breadcrumb","itemListElement":[{"@type":"ListItem","position":1,"name":"Home","item":"https:\/\/caraudioworld.eu\/cs\/"},{"@type":"ListItem","position":2,"name":"Obchod","item":"https:\/\/caraudioworld.eu\/cs\/obchod\/"},{"@type":"ListItem","position":3,"name":"Pioneer AVIC-Z920DAB"}]},{"@type":"WebSite","@id":"https:\/\/caraudioworld.eu\/cs\/#website","url":"https:\/\/caraudioworld.eu\/cs\/","name":"CARAUDIOWORLD","description":"Audio Heaven","publisher":{"@id":"https:\/\/caraudioworld.eu\/cs\/#organization"},"potentialAction":[{"@type":"SearchAction","target":{"@type":"EntryPoint","urlTemplate":"https:\/\/caraudioworld.eu\/cs\/?s={search_term_string}"},"query-input":{"@type":"PropertyValueSpecification","valueRequired":true,"valueName":"search_term_string"}}],"inLanguage":"cs"},{"@type":"Organization","@id":"https:\/\/caraudioworld.eu\/cs\/#organization","name":"CARAUDIOWORLD.eu","url":"https:\/\/caraudioworld.eu\/cs\/","logo":{"@type":"ImageObject","inLanguage":"cs","@id":"https:\/\/caraudioworld.eu\/cs\/#\/schema\/logo\/image\/","url":"https:\/\/caraudioworld.eu\/wp-content\/uploads\/2020\/10\/CAW_rounded.png","contentUrl":"https:\/\/caraudioworld.eu\/wp-content\/uploads\/2020\/10\/CAW_rounded.png","width":510,"height":510,"caption":"CARAUDIOWORLD.eu"},"image":{"@id":"https:\/\/caraudioworld.eu\/cs\/#\/schema\/logo\/image\/"},"sameAs":["https:\/\/www.facebook.com\/caraudioworld.eu","https:\/\/www.instagram.com\/caraudioworld.eu\/"]}]}},"_links":{"self":[{"href":"https:\/\/caraudioworld.eu\/cs\/wp-json\/wp\/v2\/product\/8325","targetHints":{"allow":["GET"]}}],"collection":[{"href":"https:\/\/caraudioworld.eu\/cs\/wp-json\/wp\/v2\/product"}],"about":[{"href":"https:\/\/caraudioworld.eu\/cs\/wp-json\/wp\/v2\/types\/product"}],"replies":[{"embeddable":true,"href":"https:\/\/caraudioworld.eu\/cs\/wp-json\/wp\/v2\/comments?post=8325"}],"wp:featuredmedia":[{"embeddable":true,"href":"https:\/\/caraudioworld.eu\/cs\/wp-json\/wp\/v2\/media\/8326"}],"wp:attachment":[{"href":"https:\/\/caraudioworld.eu\/cs\/wp-json\/wp\/v2\/media?parent=8325"}],"wp:term":[{"taxonomy":"product_brand","embeddable":true,"href":"https:\/\/caraudioworld.eu\/cs\/wp-json\/wp\/v2\/product_brand?post=8325"},{"taxonomy":"product_cat","embeddable":true,"href":"https:\/\/caraudioworld.eu\/cs\/wp-json\/wp\/v2\/product_cat?post=8325"},{"taxonomy":"product_tag","embeddable":true,"href":"https:\/\/caraudioworld.eu\/cs\/wp-json\/wp\/v2\/product_tag?post=8325"}],"curies":[{"name":"wp","href":"https:\/\/api.w.org\/{rel}","templated":true}]}}