{"id":8398,"date":"2020-05-27T11:54:43","date_gmt":"2020-05-27T09:54:43","guid":{"rendered":"https:\/\/caraudioworld.eu\/produkt\/steg-ms30\/"},"modified":"2020-05-27T11:54:43","modified_gmt":"2020-05-27T09:54:43","slug":"steg-ms30","status":"publish","type":"product","link":"https:\/\/caraudioworld.eu\/cs\/produkt\/steg-ms30\/","title":{"rendered":"STEG MS30"},"content":{"rendered":"","protected":false},"excerpt":{"rendered":"<p>High-End st\u0159edov\u00fd \/ \u0161irokop\u00e1smov\u00fd reproduktor od Italsk\u00e9 zna\u010dky STEG nab\u00edz\u00ed vysoce kvalitn\u00ed zvuk a enormn\u00ed hlasitost p\u0159i zachov\u00e1n\u00ed dynamiky a d\u016frazu na ty nejmen\u0161\u00ed detaily. Vhodn\u00e9 pro pou\u017eit\u00ed jako st\u0159edov\u00fd reproduktor, p\u0159\u00edpadn\u011b jako \u0161irokop\u00e1smov\u00fd reproduktor, kter\u00fd bez probl\u00e9m\u016f nahrad\u00ed v\u00fd\u0161kov\u00e9 reproduktory (p\u0159i spr\u00e1vn\u00e9 instalaci).<\/p>\n<p>Pr\u016fm\u011br: 86 mm<br \/>\nV\u00fdkon: 40 W RMS<br \/>\nVentilovan\u00fd odlit\u00fd ko\u0161<br \/>\nMagnet: Neodym<br \/>\nImpedance: 4 ohm<br \/>\nInstala\u010dn\u00ed hloubka: 42 mm<br \/>\nInstala\u010dn\u00ed pr\u016fm\u011br: 86 mm<br \/>\nFrekven\u010dn\u00ed rozsah: 100 &#8211; 20 000+ Hz<br \/>\nQMS = 3.9<br \/>\nQES = 0.53<br \/>\nQTS = 0.46<br \/>\nVAS = 0.21 L<br \/>\nv\u010detn\u011b hlin\u00edkov\u00e9ho krou\u017eku a m\u0159\u00ed\u017eky<\/p>\n<p>Cena za p\u00e1r!<\/p>\n<p>Technick\u00e9 specifikace: <a style=\"color: blue;\" href=\"https:\/\/caraudioworld.eu\/wp-content\/uploads\/2020\/05\/techSpec.pdf\" target=\"_blank\" rel=\"noopener noreferrer\">Download PDF<\/a><\/p>\n","protected":false},"featured_media":8399,"comment_status":"open","ping_status":"closed","template":"","meta":[],"product_brand":[],"product_cat":[403,416],"product_tag":[339],"class_list":{"0":"post-8398","1":"product","2":"type-product","3":"status-publish","4":"has-post-thumbnail","6":"product_cat-reproduktory-cs","7":"product_cat-stredove-cs","8":"product_tag-steg-cs","10":"first","11":"instock","12":"taxable","13":"shipping-taxable","14":"purchasable","15":"product-type-simple"},"yoast_head":"<!-- This site is optimized with the Yoast SEO plugin v27.3 - https:\/\/yoast.com\/product\/yoast-seo-wordpress\/ -->\n<title>STEG MS30 - CARAUDIOWORLD<\/title>\n<meta name=\"description\" content=\"High-End st\u0159edov\u00fd \/ \u0161irokop\u00e1smov\u00fd reproduktor od Italsk\u00e9 zna\u010dky STEG nab\u00edz\u00ed vysoce kvalitn\u00ed zvuk a enormn\u00ed hlasitost p\u0159i zachov\u00e1n\u00ed dynamiky a d\u016frazu na ty nejmen\u0161\u00ed detaily. Vhodn\u00e9 pro pou\u017eit\u00ed jako st\u0159edov\u00fd reproduktor, p\u0159\u00edpadn\u011b jako \u0161irokop\u00e1smov\u00fd reproduktor, kter\u00fd bez probl\u00e9m\u016f nahrad\u00ed v\u00fd\u0161kov\u00e9 reproduktory (p\u0159i spr\u00e1vn\u00e9 instalaci).  Pr\u016fm\u011br: 86 mm V\u00fdkon: 40 W RMS Ventilovan\u00fd odlit\u00fd ko\u0161 Magnet: Neodym Impedance: 4 ohm Instala\u010dn\u00ed hloubka: 42 mm Instala\u010dn\u00ed pr\u016fm\u011br: 86 mm Frekven\u010dn\u00ed rozsah: 100 - 20 000+ Hz QMS = 3.9 QES = 0.53 QTS = 0.46 VAS = 0.21 L v\u010detn\u011b hlin\u00edkov\u00e9ho krou\u017eku a m\u0159\u00ed\u017eky  Cena za p\u00e1r!  Technick\u00e9 specifikace: Download PDF\" \/>\n<meta name=\"robots\" content=\"index, follow, max-snippet:-1, max-image-preview:large, max-video-preview:-1\" \/>\n<link rel=\"canonical\" href=\"https:\/\/caraudioworld.eu\/cs\/produkt\/steg-ms30\/\" \/>\n<meta property=\"og:locale\" content=\"cs_CZ\" \/>\n<meta property=\"og:type\" content=\"article\" \/>\n<meta property=\"og:title\" content=\"STEG MS30 - CARAUDIOWORLD\" \/>\n<meta property=\"og:description\" content=\"High-End st\u0159edov\u00fd \/ \u0161irokop\u00e1smov\u00fd reproduktor od Italsk\u00e9 zna\u010dky STEG nab\u00edz\u00ed vysoce kvalitn\u00ed zvuk a enormn\u00ed hlasitost p\u0159i zachov\u00e1n\u00ed dynamiky a d\u016frazu na ty nejmen\u0161\u00ed detaily. Vhodn\u00e9 pro pou\u017eit\u00ed jako st\u0159edov\u00fd reproduktor, p\u0159\u00edpadn\u011b jako \u0161irokop\u00e1smov\u00fd reproduktor, kter\u00fd bez probl\u00e9m\u016f nahrad\u00ed v\u00fd\u0161kov\u00e9 reproduktory (p\u0159i spr\u00e1vn\u00e9 instalaci).  Pr\u016fm\u011br: 86 mm V\u00fdkon: 40 W RMS Ventilovan\u00fd odlit\u00fd ko\u0161 Magnet: Neodym Impedance: 4 ohm Instala\u010dn\u00ed hloubka: 42 mm Instala\u010dn\u00ed pr\u016fm\u011br: 86 mm Frekven\u010dn\u00ed rozsah: 100 - 20 000+ Hz QMS = 3.9 QES = 0.53 QTS = 0.46 VAS = 0.21 L v\u010detn\u011b hlin\u00edkov\u00e9ho krou\u017eku a m\u0159\u00ed\u017eky  Cena za p\u00e1r!  Technick\u00e9 specifikace: Download PDF\" \/>\n<meta property=\"og:url\" content=\"https:\/\/caraudioworld.eu\/cs\/produkt\/steg-ms30\/\" \/>\n<meta property=\"og:site_name\" content=\"CARAUDIOWORLD\" \/>\n<meta property=\"article:publisher\" content=\"https:\/\/www.facebook.com\/caraudioworld.eu\" \/>\n<meta property=\"og:image\" content=\"https:\/\/caraudioworld.eu\/wp-content\/uploads\/2020\/05\/11.jpg\" \/>\n\t<meta property=\"og:image:width\" content=\"1000\" \/>\n\t<meta property=\"og:image:height\" content=\"700\" \/>\n\t<meta property=\"og:image:type\" content=\"image\/jpeg\" \/>\n<meta name=\"twitter:card\" content=\"summary_large_image\" \/>\n<script type=\"application\/ld+json\" class=\"yoast-schema-graph\">{\"@context\":\"https:\\\/\\\/schema.org\",\"@graph\":[{\"@type\":\"WebPage\",\"@id\":\"https:\\\/\\\/caraudioworld.eu\\\/cs\\\/produkt\\\/steg-ms30\\\/\",\"url\":\"https:\\\/\\\/caraudioworld.eu\\\/cs\\\/produkt\\\/steg-ms30\\\/\",\"name\":\"STEG MS30 - CARAUDIOWORLD\",\"isPartOf\":{\"@id\":\"https:\\\/\\\/caraudioworld.eu\\\/cs\\\/#website\"},\"primaryImageOfPage\":{\"@id\":\"https:\\\/\\\/caraudioworld.eu\\\/cs\\\/produkt\\\/steg-ms30\\\/#primaryimage\"},\"image\":{\"@id\":\"https:\\\/\\\/caraudioworld.eu\\\/cs\\\/produkt\\\/steg-ms30\\\/#primaryimage\"},\"thumbnailUrl\":\"https:\\\/\\\/caraudioworld.eu\\\/wp-content\\\/uploads\\\/2020\\\/05\\\/11.jpg\",\"datePublished\":\"2020-05-27T09:54:43+00:00\",\"description\":\"High-End st\u0159edov\u00fd \\\/ \u0161irokop\u00e1smov\u00fd reproduktor od Italsk\u00e9 zna\u010dky STEG nab\u00edz\u00ed vysoce kvalitn\u00ed zvuk a enormn\u00ed hlasitost p\u0159i zachov\u00e1n\u00ed dynamiky a d\u016frazu na ty nejmen\u0161\u00ed detaily. Vhodn\u00e9 pro pou\u017eit\u00ed jako st\u0159edov\u00fd reproduktor, p\u0159\u00edpadn\u011b jako \u0161irokop\u00e1smov\u00fd reproduktor, kter\u00fd bez probl\u00e9m\u016f nahrad\u00ed v\u00fd\u0161kov\u00e9 reproduktory (p\u0159i spr\u00e1vn\u00e9 instalaci). Pr\u016fm\u011br: 86 mm V\u00fdkon: 40 W RMS Ventilovan\u00fd odlit\u00fd ko\u0161 Magnet: Neodym Impedance: 4 ohm Instala\u010dn\u00ed hloubka: 42 mm Instala\u010dn\u00ed pr\u016fm\u011br: 86 mm Frekven\u010dn\u00ed rozsah: 100 - 20 000+ Hz QMS = 3.9 QES = 0.53 QTS = 0.46 VAS = 0.21 L v\u010detn\u011b hlin\u00edkov\u00e9ho krou\u017eku a m\u0159\u00ed\u017eky Cena za p\u00e1r! Technick\u00e9 specifikace: Download PDF\",\"breadcrumb\":{\"@id\":\"https:\\\/\\\/caraudioworld.eu\\\/cs\\\/produkt\\\/steg-ms30\\\/#breadcrumb\"},\"inLanguage\":\"cs\",\"potentialAction\":[{\"@type\":\"ReadAction\",\"target\":[\"https:\\\/\\\/caraudioworld.eu\\\/cs\\\/produkt\\\/steg-ms30\\\/\"]}]},{\"@type\":\"ImageObject\",\"inLanguage\":\"cs\",\"@id\":\"https:\\\/\\\/caraudioworld.eu\\\/cs\\\/produkt\\\/steg-ms30\\\/#primaryimage\",\"url\":\"https:\\\/\\\/caraudioworld.eu\\\/wp-content\\\/uploads\\\/2020\\\/05\\\/11.jpg\",\"contentUrl\":\"https:\\\/\\\/caraudioworld.eu\\\/wp-content\\\/uploads\\\/2020\\\/05\\\/11.jpg\",\"width\":1000,\"height\":700,\"caption\":\"steg ms30\"},{\"@type\":\"BreadcrumbList\",\"@id\":\"https:\\\/\\\/caraudioworld.eu\\\/cs\\\/produkt\\\/steg-ms30\\\/#breadcrumb\",\"itemListElement\":[{\"@type\":\"ListItem\",\"position\":1,\"name\":\"Home\",\"item\":\"https:\\\/\\\/caraudioworld.eu\\\/cs\\\/\"},{\"@type\":\"ListItem\",\"position\":2,\"name\":\"Obchod\",\"item\":\"https:\\\/\\\/caraudioworld.eu\\\/cs\\\/obchod\\\/\"},{\"@type\":\"ListItem\",\"position\":3,\"name\":\"STEG MS30\"}]},{\"@type\":\"WebSite\",\"@id\":\"https:\\\/\\\/caraudioworld.eu\\\/cs\\\/#website\",\"url\":\"https:\\\/\\\/caraudioworld.eu\\\/cs\\\/\",\"name\":\"CARAUDIOWORLD\",\"description\":\"Audio Heaven\",\"publisher\":{\"@id\":\"https:\\\/\\\/caraudioworld.eu\\\/cs\\\/#organization\"},\"potentialAction\":[{\"@type\":\"SearchAction\",\"target\":{\"@type\":\"EntryPoint\",\"urlTemplate\":\"https:\\\/\\\/caraudioworld.eu\\\/cs\\\/?s={search_term_string}\"},\"query-input\":{\"@type\":\"PropertyValueSpecification\",\"valueRequired\":true,\"valueName\":\"search_term_string\"}}],\"inLanguage\":\"cs\"},{\"@type\":\"Organization\",\"@id\":\"https:\\\/\\\/caraudioworld.eu\\\/cs\\\/#organization\",\"name\":\"CARAUDIOWORLD.eu\",\"url\":\"https:\\\/\\\/caraudioworld.eu\\\/cs\\\/\",\"logo\":{\"@type\":\"ImageObject\",\"inLanguage\":\"cs\",\"@id\":\"https:\\\/\\\/caraudioworld.eu\\\/cs\\\/#\\\/schema\\\/logo\\\/image\\\/\",\"url\":\"https:\\\/\\\/caraudioworld.eu\\\/wp-content\\\/uploads\\\/2020\\\/10\\\/CAW_rounded.png\",\"contentUrl\":\"https:\\\/\\\/caraudioworld.eu\\\/wp-content\\\/uploads\\\/2020\\\/10\\\/CAW_rounded.png\",\"width\":510,\"height\":510,\"caption\":\"CARAUDIOWORLD.eu\"},\"image\":{\"@id\":\"https:\\\/\\\/caraudioworld.eu\\\/cs\\\/#\\\/schema\\\/logo\\\/image\\\/\"},\"sameAs\":[\"https:\\\/\\\/www.facebook.com\\\/caraudioworld.eu\",\"https:\\\/\\\/www.instagram.com\\\/caraudioworld.eu\\\/\"]}]}<\/script>\n<!-- \/ Yoast SEO plugin. -->","yoast_head_json":{"title":"STEG MS30 - CARAUDIOWORLD","description":"High-End st\u0159edov\u00fd \/ \u0161irokop\u00e1smov\u00fd reproduktor od Italsk\u00e9 zna\u010dky STEG nab\u00edz\u00ed vysoce kvalitn\u00ed zvuk a enormn\u00ed hlasitost p\u0159i zachov\u00e1n\u00ed dynamiky a d\u016frazu na ty nejmen\u0161\u00ed detaily. Vhodn\u00e9 pro pou\u017eit\u00ed jako st\u0159edov\u00fd reproduktor, p\u0159\u00edpadn\u011b jako \u0161irokop\u00e1smov\u00fd reproduktor, kter\u00fd bez probl\u00e9m\u016f nahrad\u00ed v\u00fd\u0161kov\u00e9 reproduktory (p\u0159i spr\u00e1vn\u00e9 instalaci).  Pr\u016fm\u011br: 86 mm V\u00fdkon: 40 W RMS Ventilovan\u00fd odlit\u00fd ko\u0161 Magnet: Neodym Impedance: 4 ohm Instala\u010dn\u00ed hloubka: 42 mm Instala\u010dn\u00ed pr\u016fm\u011br: 86 mm Frekven\u010dn\u00ed rozsah: 100 - 20 000+ Hz QMS = 3.9 QES = 0.53 QTS = 0.46 VAS = 0.21 L v\u010detn\u011b hlin\u00edkov\u00e9ho krou\u017eku a m\u0159\u00ed\u017eky  Cena za p\u00e1r!  Technick\u00e9 specifikace: Download PDF","robots":{"index":"index","follow":"follow","max-snippet":"max-snippet:-1","max-image-preview":"max-image-preview:large","max-video-preview":"max-video-preview:-1"},"canonical":"https:\/\/caraudioworld.eu\/cs\/produkt\/steg-ms30\/","og_locale":"cs_CZ","og_type":"article","og_title":"STEG MS30 - CARAUDIOWORLD","og_description":"High-End st\u0159edov\u00fd \/ \u0161irokop\u00e1smov\u00fd reproduktor od Italsk\u00e9 zna\u010dky STEG nab\u00edz\u00ed vysoce kvalitn\u00ed zvuk a enormn\u00ed hlasitost p\u0159i zachov\u00e1n\u00ed dynamiky a d\u016frazu na ty nejmen\u0161\u00ed detaily. Vhodn\u00e9 pro pou\u017eit\u00ed jako st\u0159edov\u00fd reproduktor, p\u0159\u00edpadn\u011b jako \u0161irokop\u00e1smov\u00fd reproduktor, kter\u00fd bez probl\u00e9m\u016f nahrad\u00ed v\u00fd\u0161kov\u00e9 reproduktory (p\u0159i spr\u00e1vn\u00e9 instalaci).  Pr\u016fm\u011br: 86 mm V\u00fdkon: 40 W RMS Ventilovan\u00fd odlit\u00fd ko\u0161 Magnet: Neodym Impedance: 4 ohm Instala\u010dn\u00ed hloubka: 42 mm Instala\u010dn\u00ed pr\u016fm\u011br: 86 mm Frekven\u010dn\u00ed rozsah: 100 - 20 000+ Hz QMS = 3.9 QES = 0.53 QTS = 0.46 VAS = 0.21 L v\u010detn\u011b hlin\u00edkov\u00e9ho krou\u017eku a m\u0159\u00ed\u017eky  Cena za p\u00e1r!  Technick\u00e9 specifikace: Download PDF","og_url":"https:\/\/caraudioworld.eu\/cs\/produkt\/steg-ms30\/","og_site_name":"CARAUDIOWORLD","article_publisher":"https:\/\/www.facebook.com\/caraudioworld.eu","og_image":[{"width":1000,"height":700,"url":"https:\/\/caraudioworld.eu\/wp-content\/uploads\/2020\/05\/11.jpg","type":"image\/jpeg"}],"twitter_card":"summary_large_image","schema":{"@context":"https:\/\/schema.org","@graph":[{"@type":"WebPage","@id":"https:\/\/caraudioworld.eu\/cs\/produkt\/steg-ms30\/","url":"https:\/\/caraudioworld.eu\/cs\/produkt\/steg-ms30\/","name":"STEG MS30 - CARAUDIOWORLD","isPartOf":{"@id":"https:\/\/caraudioworld.eu\/cs\/#website"},"primaryImageOfPage":{"@id":"https:\/\/caraudioworld.eu\/cs\/produkt\/steg-ms30\/#primaryimage"},"image":{"@id":"https:\/\/caraudioworld.eu\/cs\/produkt\/steg-ms30\/#primaryimage"},"thumbnailUrl":"https:\/\/caraudioworld.eu\/wp-content\/uploads\/2020\/05\/11.jpg","datePublished":"2020-05-27T09:54:43+00:00","description":"High-End st\u0159edov\u00fd \/ \u0161irokop\u00e1smov\u00fd reproduktor od Italsk\u00e9 zna\u010dky STEG nab\u00edz\u00ed vysoce kvalitn\u00ed zvuk a enormn\u00ed hlasitost p\u0159i zachov\u00e1n\u00ed dynamiky a d\u016frazu na ty nejmen\u0161\u00ed detaily. Vhodn\u00e9 pro pou\u017eit\u00ed jako st\u0159edov\u00fd reproduktor, p\u0159\u00edpadn\u011b jako \u0161irokop\u00e1smov\u00fd reproduktor, kter\u00fd bez probl\u00e9m\u016f nahrad\u00ed v\u00fd\u0161kov\u00e9 reproduktory (p\u0159i spr\u00e1vn\u00e9 instalaci). Pr\u016fm\u011br: 86 mm V\u00fdkon: 40 W RMS Ventilovan\u00fd odlit\u00fd ko\u0161 Magnet: Neodym Impedance: 4 ohm Instala\u010dn\u00ed hloubka: 42 mm Instala\u010dn\u00ed pr\u016fm\u011br: 86 mm Frekven\u010dn\u00ed rozsah: 100 - 20 000+ Hz QMS = 3.9 QES = 0.53 QTS = 0.46 VAS = 0.21 L v\u010detn\u011b hlin\u00edkov\u00e9ho krou\u017eku a m\u0159\u00ed\u017eky Cena za p\u00e1r! Technick\u00e9 specifikace: Download PDF","breadcrumb":{"@id":"https:\/\/caraudioworld.eu\/cs\/produkt\/steg-ms30\/#breadcrumb"},"inLanguage":"cs","potentialAction":[{"@type":"ReadAction","target":["https:\/\/caraudioworld.eu\/cs\/produkt\/steg-ms30\/"]}]},{"@type":"ImageObject","inLanguage":"cs","@id":"https:\/\/caraudioworld.eu\/cs\/produkt\/steg-ms30\/#primaryimage","url":"https:\/\/caraudioworld.eu\/wp-content\/uploads\/2020\/05\/11.jpg","contentUrl":"https:\/\/caraudioworld.eu\/wp-content\/uploads\/2020\/05\/11.jpg","width":1000,"height":700,"caption":"steg ms30"},{"@type":"BreadcrumbList","@id":"https:\/\/caraudioworld.eu\/cs\/produkt\/steg-ms30\/#breadcrumb","itemListElement":[{"@type":"ListItem","position":1,"name":"Home","item":"https:\/\/caraudioworld.eu\/cs\/"},{"@type":"ListItem","position":2,"name":"Obchod","item":"https:\/\/caraudioworld.eu\/cs\/obchod\/"},{"@type":"ListItem","position":3,"name":"STEG MS30"}]},{"@type":"WebSite","@id":"https:\/\/caraudioworld.eu\/cs\/#website","url":"https:\/\/caraudioworld.eu\/cs\/","name":"CARAUDIOWORLD","description":"Audio Heaven","publisher":{"@id":"https:\/\/caraudioworld.eu\/cs\/#organization"},"potentialAction":[{"@type":"SearchAction","target":{"@type":"EntryPoint","urlTemplate":"https:\/\/caraudioworld.eu\/cs\/?s={search_term_string}"},"query-input":{"@type":"PropertyValueSpecification","valueRequired":true,"valueName":"search_term_string"}}],"inLanguage":"cs"},{"@type":"Organization","@id":"https:\/\/caraudioworld.eu\/cs\/#organization","name":"CARAUDIOWORLD.eu","url":"https:\/\/caraudioworld.eu\/cs\/","logo":{"@type":"ImageObject","inLanguage":"cs","@id":"https:\/\/caraudioworld.eu\/cs\/#\/schema\/logo\/image\/","url":"https:\/\/caraudioworld.eu\/wp-content\/uploads\/2020\/10\/CAW_rounded.png","contentUrl":"https:\/\/caraudioworld.eu\/wp-content\/uploads\/2020\/10\/CAW_rounded.png","width":510,"height":510,"caption":"CARAUDIOWORLD.eu"},"image":{"@id":"https:\/\/caraudioworld.eu\/cs\/#\/schema\/logo\/image\/"},"sameAs":["https:\/\/www.facebook.com\/caraudioworld.eu","https:\/\/www.instagram.com\/caraudioworld.eu\/"]}]}},"_links":{"self":[{"href":"https:\/\/caraudioworld.eu\/cs\/wp-json\/wp\/v2\/product\/8398","targetHints":{"allow":["GET"]}}],"collection":[{"href":"https:\/\/caraudioworld.eu\/cs\/wp-json\/wp\/v2\/product"}],"about":[{"href":"https:\/\/caraudioworld.eu\/cs\/wp-json\/wp\/v2\/types\/product"}],"replies":[{"embeddable":true,"href":"https:\/\/caraudioworld.eu\/cs\/wp-json\/wp\/v2\/comments?post=8398"}],"wp:featuredmedia":[{"embeddable":true,"href":"https:\/\/caraudioworld.eu\/cs\/wp-json\/wp\/v2\/media\/8399"}],"wp:attachment":[{"href":"https:\/\/caraudioworld.eu\/cs\/wp-json\/wp\/v2\/media?parent=8398"}],"wp:term":[{"taxonomy":"product_brand","embeddable":true,"href":"https:\/\/caraudioworld.eu\/cs\/wp-json\/wp\/v2\/product_brand?post=8398"},{"taxonomy":"product_cat","embeddable":true,"href":"https:\/\/caraudioworld.eu\/cs\/wp-json\/wp\/v2\/product_cat?post=8398"},{"taxonomy":"product_tag","embeddable":true,"href":"https:\/\/caraudioworld.eu\/cs\/wp-json\/wp\/v2\/product_tag?post=8398"}],"curies":[{"name":"wp","href":"https:\/\/api.w.org\/{rel}","templated":true}]}}