{"id":8400,"date":"2020-05-27T12:40:54","date_gmt":"2020-05-27T10:40:54","guid":{"rendered":"https:\/\/caraudioworld.eu\/produkt\/steg-ml653c\/"},"modified":"2020-09-12T13:49:36","modified_gmt":"2020-09-12T11:49:36","slug":"steg-ml653c","status":"publish","type":"product","link":"https:\/\/caraudioworld.eu\/cs\/produkt\/steg-ml653c\/","title":{"rendered":"STEG ML653c"},"content":{"rendered":"","protected":false},"excerpt":{"rendered":"<p>STEG ML653C je 3 p\u00e1smov\u00e1 reproduktorov\u00e1 sestava, kter\u00e1 p\u0159esv\u011bd\u010d\u00ed poslucha\u010de svou kvalitou zvuku, p\u0159esnost\u00ed a impulzivn\u00ed reakc\u00ed. Keramick\u00e1 membr\u00e1na nab\u00edz\u00ed maxim\u00e1ln\u00ed zvukov\u00fd projev z hlediska &#8222;tepl\u00e9ho&#8220; a podrobn\u00e9ho zvuku. Hlin\u00edkov\u00e9 t\u011blo je navr\u017eeno tak, aby poskytovalo co nejlep\u0161\u00ed rozptyl tepla a d\u00edky jedine\u010dn\u00e9mu designu je zvukov\u00fd projev line\u00e1rn\u00ed a drasticky sni\u017euje odrazy zadn\u00edch vln.<\/p>\n<p><span style=\"text-decoration: underline;\"><strong>St\u0159edobasov\u00fd reproduktor:<\/strong><\/span><\/p>\n<p>Velikost: 16.5 cm<br \/>\nC\u00edvka: 25.5 mm<br \/>\nV\u00fdkon: 60W RMS<br \/>\nFrekven\u010dn\u00ed rozsah: 65 &#8211; 6500 Hz<br \/>\nImpedance: 3 Ohm<br \/>\nQTS: 0.72<br \/>\nV\u00e1ha: 0.91 Kg<\/p>\n<p><span style=\"text-decoration: underline;\"><strong>St\u0159edov\u00fd reproduktor:<\/strong><\/span><\/p>\n<p>Velikost: 8.9 cm<br \/>\nC\u00edvka: 25 mm<br \/>\nV\u00fdkon: 30W RMS<br \/>\nFrekven\u010dn\u00ed rozsah: 100 &#8211; 15000 Hz<br \/>\nImpedance: 3.6 Ohm<br \/>\nQTS: 0.87<br \/>\nV\u00e1ha: 0.225 Kg<\/p>\n<p><span style=\"text-decoration: underline;\"><strong>V\u00fd\u0161kov\u00fd reproduktor:<\/strong><\/span><\/p>\n<p>Velikost: 5 cm<br \/>\nC\u00edvka: 25 mm<br \/>\nV\u00fdkon: 20W RMS<br \/>\nFrekven\u010dn\u00ed rozsah: 1300 &#8211; 22000 Hz<br \/>\nImpedance: 3.6 Ohm<br \/>\nV\u00e1ha: 0.92 Kg<\/p>\n<p>Doporu\u010dujeme dokoupit DSP a 6 kan\u00e1lov\u00fd (p\u0159\u00edp. 4 + 2 kan\u00e1lov\u00fd) zesilova\u010d abyste dostali co nejv\u00edce z dan\u00e9ho produktu.<\/p>\n<p>Technick\u00e9 specifikace: <a style=\"color: blue;\" href=\"https:\/\/caraudioworld.eu\/wp-content\/uploads\/2020\/05\/techSpecML653.pdf\" target=\"_blank\" rel=\"noopener noreferrer\">Download<\/a><\/p>\n","protected":false},"featured_media":8401,"comment_status":"open","ping_status":"closed","template":"","meta":[],"product_brand":[],"product_cat":[405,403],"product_tag":[339],"class_list":{"0":"post-8400","1":"product","2":"type-product","3":"status-publish","4":"has-post-thumbnail","6":"product_cat-komponentni","7":"product_cat-reproduktory-cs","8":"product_tag-steg-cs","10":"first","11":"instock","12":"taxable","13":"shipping-taxable","14":"purchasable","15":"product-type-simple"},"yoast_head":"<!-- This site is optimized with the Yoast SEO plugin v27.3 - https:\/\/yoast.com\/product\/yoast-seo-wordpress\/ -->\n<title>STEG ML653c - CARAUDIOWORLD<\/title>\n<meta name=\"description\" content=\"STEG ML653C je 3 p\u00e1smov\u00e1 reproduktorov\u00e1 sestava, kter\u00e1 p\u0159esv\u011bd\u010d\u00ed poslucha\u010de svou kvalitou zvuku, p\u0159esnost\u00ed a impulzivn\u00ed reakc\u00ed. Keramick\u00e1 membr\u00e1na nab\u00edz\u00ed maxim\u00e1ln\u00ed zvukov\u00fd projev z hlediska &quot;tepl\u00e9ho&quot; a podrobn\u00e9ho zvuku. Hlin\u00edkov\u00e9 t\u011blo je navr\u017eeno tak, aby poskytovalo co nejlep\u0161\u00ed rozptyl tepla a d\u00edky jedine\u010dn\u00e9mu designu je zvukov\u00fd projev line\u00e1rn\u00ed a drasticky sni\u017euje odrazy zadn\u00edch vln.  St\u0159edobasov\u00fd reproduktor:  Velikost: 16.5 cm C\u00edvka: 25.5 mm V\u00fdkon: 60W RMS Frekven\u010dn\u00ed rozsah: 65 - 6500 Hz Impedance: 3 Ohm QTS: 0.72 V\u00e1ha: 0.91 Kg  St\u0159edov\u00fd reproduktor:  Velikost: 8.9 cm C\u00edvka: 25 mm V\u00fdkon: 30W RMS Frekven\u010dn\u00ed rozsah: 100 - 15000 Hz Impedance: 3.6 Ohm QTS: 0.87 V\u00e1ha: 0.225 Kg  V\u00fd\u0161kov\u00fd reproduktor:  Velikost: 5 cm C\u00edvka: 25 mm V\u00fdkon: 20W RMS Frekven\u010dn\u00ed rozsah: 1300 - 22000 Hz Impedance: 3.6 Ohm V\u00e1ha: 0.92 Kg  Doporu\u010dujeme dokoupit DSP a 6 kan\u00e1lov\u00fd (p\u0159\u00edp. 4 + 2 kan\u00e1lov\u00fd) zesilova\u010d abyste dostali co nejv\u00edce z dan\u00e9ho produktu.  Technick\u00e9 specifikace: Download\" \/>\n<meta name=\"robots\" content=\"index, follow, max-snippet:-1, max-image-preview:large, max-video-preview:-1\" \/>\n<link rel=\"canonical\" href=\"https:\/\/caraudioworld.eu\/cs\/produkt\/steg-ml653c\/\" \/>\n<meta property=\"og:locale\" content=\"cs_CZ\" \/>\n<meta property=\"og:type\" content=\"article\" \/>\n<meta property=\"og:title\" content=\"STEG ML653c - CARAUDIOWORLD\" \/>\n<meta property=\"og:description\" content=\"STEG ML653C je 3 p\u00e1smov\u00e1 reproduktorov\u00e1 sestava, kter\u00e1 p\u0159esv\u011bd\u010d\u00ed poslucha\u010de svou kvalitou zvuku, p\u0159esnost\u00ed a impulzivn\u00ed reakc\u00ed. Keramick\u00e1 membr\u00e1na nab\u00edz\u00ed maxim\u00e1ln\u00ed zvukov\u00fd projev z hlediska &quot;tepl\u00e9ho&quot; a podrobn\u00e9ho zvuku. Hlin\u00edkov\u00e9 t\u011blo je navr\u017eeno tak, aby poskytovalo co nejlep\u0161\u00ed rozptyl tepla a d\u00edky jedine\u010dn\u00e9mu designu je zvukov\u00fd projev line\u00e1rn\u00ed a drasticky sni\u017euje odrazy zadn\u00edch vln.  St\u0159edobasov\u00fd reproduktor:  Velikost: 16.5 cm C\u00edvka: 25.5 mm V\u00fdkon: 60W RMS Frekven\u010dn\u00ed rozsah: 65 - 6500 Hz Impedance: 3 Ohm QTS: 0.72 V\u00e1ha: 0.91 Kg  St\u0159edov\u00fd reproduktor:  Velikost: 8.9 cm C\u00edvka: 25 mm V\u00fdkon: 30W RMS Frekven\u010dn\u00ed rozsah: 100 - 15000 Hz Impedance: 3.6 Ohm QTS: 0.87 V\u00e1ha: 0.225 Kg  V\u00fd\u0161kov\u00fd reproduktor:  Velikost: 5 cm C\u00edvka: 25 mm V\u00fdkon: 20W RMS Frekven\u010dn\u00ed rozsah: 1300 - 22000 Hz Impedance: 3.6 Ohm V\u00e1ha: 0.92 Kg  Doporu\u010dujeme dokoupit DSP a 6 kan\u00e1lov\u00fd (p\u0159\u00edp. 4 + 2 kan\u00e1lov\u00fd) zesilova\u010d abyste dostali co nejv\u00edce z dan\u00e9ho produktu.  Technick\u00e9 specifikace: Download\" \/>\n<meta property=\"og:url\" content=\"https:\/\/caraudioworld.eu\/cs\/produkt\/steg-ml653c\/\" \/>\n<meta property=\"og:site_name\" content=\"CARAUDIOWORLD\" \/>\n<meta property=\"article:publisher\" content=\"https:\/\/www.facebook.com\/caraudioworld.eu\" \/>\n<meta property=\"article:modified_time\" content=\"2020-09-12T11:49:36+00:00\" \/>\n<meta property=\"og:image\" content=\"https:\/\/caraudioworld.eu\/wp-content\/uploads\/2020\/05\/11-1.jpg\" \/>\n\t<meta property=\"og:image:width\" content=\"1000\" \/>\n\t<meta property=\"og:image:height\" content=\"700\" \/>\n\t<meta property=\"og:image:type\" content=\"image\/jpeg\" \/>\n<meta name=\"twitter:card\" content=\"summary_large_image\" \/>\n<script type=\"application\/ld+json\" class=\"yoast-schema-graph\">{\"@context\":\"https:\\\/\\\/schema.org\",\"@graph\":[{\"@type\":\"WebPage\",\"@id\":\"https:\\\/\\\/caraudioworld.eu\\\/cs\\\/produkt\\\/steg-ml653c\\\/\",\"url\":\"https:\\\/\\\/caraudioworld.eu\\\/cs\\\/produkt\\\/steg-ml653c\\\/\",\"name\":\"STEG ML653c - CARAUDIOWORLD\",\"isPartOf\":{\"@id\":\"https:\\\/\\\/caraudioworld.eu\\\/cs\\\/#website\"},\"primaryImageOfPage\":{\"@id\":\"https:\\\/\\\/caraudioworld.eu\\\/cs\\\/produkt\\\/steg-ml653c\\\/#primaryimage\"},\"image\":{\"@id\":\"https:\\\/\\\/caraudioworld.eu\\\/cs\\\/produkt\\\/steg-ml653c\\\/#primaryimage\"},\"thumbnailUrl\":\"https:\\\/\\\/caraudioworld.eu\\\/wp-content\\\/uploads\\\/2020\\\/05\\\/11-1.jpg\",\"datePublished\":\"2020-05-27T10:40:54+00:00\",\"dateModified\":\"2020-09-12T11:49:36+00:00\",\"description\":\"STEG ML653C je 3 p\u00e1smov\u00e1 reproduktorov\u00e1 sestava, kter\u00e1 p\u0159esv\u011bd\u010d\u00ed poslucha\u010de svou kvalitou zvuku, p\u0159esnost\u00ed a impulzivn\u00ed reakc\u00ed. Keramick\u00e1 membr\u00e1na nab\u00edz\u00ed maxim\u00e1ln\u00ed zvukov\u00fd projev z hlediska \\\"tepl\u00e9ho\\\" a podrobn\u00e9ho zvuku. Hlin\u00edkov\u00e9 t\u011blo je navr\u017eeno tak, aby poskytovalo co nejlep\u0161\u00ed rozptyl tepla a d\u00edky jedine\u010dn\u00e9mu designu je zvukov\u00fd projev line\u00e1rn\u00ed a drasticky sni\u017euje odrazy zadn\u00edch vln. St\u0159edobasov\u00fd reproduktor: Velikost: 16.5 cm C\u00edvka: 25.5 mm V\u00fdkon: 60W RMS Frekven\u010dn\u00ed rozsah: 65 - 6500 Hz Impedance: 3 Ohm QTS: 0.72 V\u00e1ha: 0.91 Kg St\u0159edov\u00fd reproduktor: Velikost: 8.9 cm C\u00edvka: 25 mm V\u00fdkon: 30W RMS Frekven\u010dn\u00ed rozsah: 100 - 15000 Hz Impedance: 3.6 Ohm QTS: 0.87 V\u00e1ha: 0.225 Kg V\u00fd\u0161kov\u00fd reproduktor: Velikost: 5 cm C\u00edvka: 25 mm V\u00fdkon: 20W RMS Frekven\u010dn\u00ed rozsah: 1300 - 22000 Hz Impedance: 3.6 Ohm V\u00e1ha: 0.92 Kg Doporu\u010dujeme dokoupit DSP a 6 kan\u00e1lov\u00fd (p\u0159\u00edp. 4 + 2 kan\u00e1lov\u00fd) zesilova\u010d abyste dostali co nejv\u00edce z dan\u00e9ho produktu. Technick\u00e9 specifikace: Download\",\"breadcrumb\":{\"@id\":\"https:\\\/\\\/caraudioworld.eu\\\/cs\\\/produkt\\\/steg-ml653c\\\/#breadcrumb\"},\"inLanguage\":\"cs\",\"potentialAction\":[{\"@type\":\"ReadAction\",\"target\":[\"https:\\\/\\\/caraudioworld.eu\\\/cs\\\/produkt\\\/steg-ml653c\\\/\"]}]},{\"@type\":\"ImageObject\",\"inLanguage\":\"cs\",\"@id\":\"https:\\\/\\\/caraudioworld.eu\\\/cs\\\/produkt\\\/steg-ml653c\\\/#primaryimage\",\"url\":\"https:\\\/\\\/caraudioworld.eu\\\/wp-content\\\/uploads\\\/2020\\\/05\\\/11-1.jpg\",\"contentUrl\":\"https:\\\/\\\/caraudioworld.eu\\\/wp-content\\\/uploads\\\/2020\\\/05\\\/11-1.jpg\",\"width\":1000,\"height\":700,\"caption\":\"Steg ML653c\"},{\"@type\":\"BreadcrumbList\",\"@id\":\"https:\\\/\\\/caraudioworld.eu\\\/cs\\\/produkt\\\/steg-ml653c\\\/#breadcrumb\",\"itemListElement\":[{\"@type\":\"ListItem\",\"position\":1,\"name\":\"Home\",\"item\":\"https:\\\/\\\/caraudioworld.eu\\\/cs\\\/\"},{\"@type\":\"ListItem\",\"position\":2,\"name\":\"Obchod\",\"item\":\"https:\\\/\\\/caraudioworld.eu\\\/cs\\\/obchod\\\/\"},{\"@type\":\"ListItem\",\"position\":3,\"name\":\"STEG ML653c\"}]},{\"@type\":\"WebSite\",\"@id\":\"https:\\\/\\\/caraudioworld.eu\\\/cs\\\/#website\",\"url\":\"https:\\\/\\\/caraudioworld.eu\\\/cs\\\/\",\"name\":\"CARAUDIOWORLD\",\"description\":\"Audio Heaven\",\"publisher\":{\"@id\":\"https:\\\/\\\/caraudioworld.eu\\\/cs\\\/#organization\"},\"potentialAction\":[{\"@type\":\"SearchAction\",\"target\":{\"@type\":\"EntryPoint\",\"urlTemplate\":\"https:\\\/\\\/caraudioworld.eu\\\/cs\\\/?s={search_term_string}\"},\"query-input\":{\"@type\":\"PropertyValueSpecification\",\"valueRequired\":true,\"valueName\":\"search_term_string\"}}],\"inLanguage\":\"cs\"},{\"@type\":\"Organization\",\"@id\":\"https:\\\/\\\/caraudioworld.eu\\\/cs\\\/#organization\",\"name\":\"CARAUDIOWORLD.eu\",\"url\":\"https:\\\/\\\/caraudioworld.eu\\\/cs\\\/\",\"logo\":{\"@type\":\"ImageObject\",\"inLanguage\":\"cs\",\"@id\":\"https:\\\/\\\/caraudioworld.eu\\\/cs\\\/#\\\/schema\\\/logo\\\/image\\\/\",\"url\":\"https:\\\/\\\/caraudioworld.eu\\\/wp-content\\\/uploads\\\/2020\\\/10\\\/CAW_rounded.png\",\"contentUrl\":\"https:\\\/\\\/caraudioworld.eu\\\/wp-content\\\/uploads\\\/2020\\\/10\\\/CAW_rounded.png\",\"width\":510,\"height\":510,\"caption\":\"CARAUDIOWORLD.eu\"},\"image\":{\"@id\":\"https:\\\/\\\/caraudioworld.eu\\\/cs\\\/#\\\/schema\\\/logo\\\/image\\\/\"},\"sameAs\":[\"https:\\\/\\\/www.facebook.com\\\/caraudioworld.eu\",\"https:\\\/\\\/www.instagram.com\\\/caraudioworld.eu\\\/\"]}]}<\/script>\n<!-- \/ Yoast SEO plugin. -->","yoast_head_json":{"title":"STEG ML653c - CARAUDIOWORLD","description":"STEG ML653C je 3 p\u00e1smov\u00e1 reproduktorov\u00e1 sestava, kter\u00e1 p\u0159esv\u011bd\u010d\u00ed poslucha\u010de svou kvalitou zvuku, p\u0159esnost\u00ed a impulzivn\u00ed reakc\u00ed. Keramick\u00e1 membr\u00e1na nab\u00edz\u00ed maxim\u00e1ln\u00ed zvukov\u00fd projev z hlediska \"tepl\u00e9ho\" a podrobn\u00e9ho zvuku. Hlin\u00edkov\u00e9 t\u011blo je navr\u017eeno tak, aby poskytovalo co nejlep\u0161\u00ed rozptyl tepla a d\u00edky jedine\u010dn\u00e9mu designu je zvukov\u00fd projev line\u00e1rn\u00ed a drasticky sni\u017euje odrazy zadn\u00edch vln.  St\u0159edobasov\u00fd reproduktor:  Velikost: 16.5 cm C\u00edvka: 25.5 mm V\u00fdkon: 60W RMS Frekven\u010dn\u00ed rozsah: 65 - 6500 Hz Impedance: 3 Ohm QTS: 0.72 V\u00e1ha: 0.91 Kg  St\u0159edov\u00fd reproduktor:  Velikost: 8.9 cm C\u00edvka: 25 mm V\u00fdkon: 30W RMS Frekven\u010dn\u00ed rozsah: 100 - 15000 Hz Impedance: 3.6 Ohm QTS: 0.87 V\u00e1ha: 0.225 Kg  V\u00fd\u0161kov\u00fd reproduktor:  Velikost: 5 cm C\u00edvka: 25 mm V\u00fdkon: 20W RMS Frekven\u010dn\u00ed rozsah: 1300 - 22000 Hz Impedance: 3.6 Ohm V\u00e1ha: 0.92 Kg  Doporu\u010dujeme dokoupit DSP a 6 kan\u00e1lov\u00fd (p\u0159\u00edp. 4 + 2 kan\u00e1lov\u00fd) zesilova\u010d abyste dostali co nejv\u00edce z dan\u00e9ho produktu.  Technick\u00e9 specifikace: Download","robots":{"index":"index","follow":"follow","max-snippet":"max-snippet:-1","max-image-preview":"max-image-preview:large","max-video-preview":"max-video-preview:-1"},"canonical":"https:\/\/caraudioworld.eu\/cs\/produkt\/steg-ml653c\/","og_locale":"cs_CZ","og_type":"article","og_title":"STEG ML653c - CARAUDIOWORLD","og_description":"STEG ML653C je 3 p\u00e1smov\u00e1 reproduktorov\u00e1 sestava, kter\u00e1 p\u0159esv\u011bd\u010d\u00ed poslucha\u010de svou kvalitou zvuku, p\u0159esnost\u00ed a impulzivn\u00ed reakc\u00ed. Keramick\u00e1 membr\u00e1na nab\u00edz\u00ed maxim\u00e1ln\u00ed zvukov\u00fd projev z hlediska \"tepl\u00e9ho\" a podrobn\u00e9ho zvuku. Hlin\u00edkov\u00e9 t\u011blo je navr\u017eeno tak, aby poskytovalo co nejlep\u0161\u00ed rozptyl tepla a d\u00edky jedine\u010dn\u00e9mu designu je zvukov\u00fd projev line\u00e1rn\u00ed a drasticky sni\u017euje odrazy zadn\u00edch vln.  St\u0159edobasov\u00fd reproduktor:  Velikost: 16.5 cm C\u00edvka: 25.5 mm V\u00fdkon: 60W RMS Frekven\u010dn\u00ed rozsah: 65 - 6500 Hz Impedance: 3 Ohm QTS: 0.72 V\u00e1ha: 0.91 Kg  St\u0159edov\u00fd reproduktor:  Velikost: 8.9 cm C\u00edvka: 25 mm V\u00fdkon: 30W RMS Frekven\u010dn\u00ed rozsah: 100 - 15000 Hz Impedance: 3.6 Ohm QTS: 0.87 V\u00e1ha: 0.225 Kg  V\u00fd\u0161kov\u00fd reproduktor:  Velikost: 5 cm C\u00edvka: 25 mm V\u00fdkon: 20W RMS Frekven\u010dn\u00ed rozsah: 1300 - 22000 Hz Impedance: 3.6 Ohm V\u00e1ha: 0.92 Kg  Doporu\u010dujeme dokoupit DSP a 6 kan\u00e1lov\u00fd (p\u0159\u00edp. 4 + 2 kan\u00e1lov\u00fd) zesilova\u010d abyste dostali co nejv\u00edce z dan\u00e9ho produktu.  Technick\u00e9 specifikace: Download","og_url":"https:\/\/caraudioworld.eu\/cs\/produkt\/steg-ml653c\/","og_site_name":"CARAUDIOWORLD","article_publisher":"https:\/\/www.facebook.com\/caraudioworld.eu","article_modified_time":"2020-09-12T11:49:36+00:00","og_image":[{"width":1000,"height":700,"url":"https:\/\/caraudioworld.eu\/wp-content\/uploads\/2020\/05\/11-1.jpg","type":"image\/jpeg"}],"twitter_card":"summary_large_image","schema":{"@context":"https:\/\/schema.org","@graph":[{"@type":"WebPage","@id":"https:\/\/caraudioworld.eu\/cs\/produkt\/steg-ml653c\/","url":"https:\/\/caraudioworld.eu\/cs\/produkt\/steg-ml653c\/","name":"STEG ML653c - CARAUDIOWORLD","isPartOf":{"@id":"https:\/\/caraudioworld.eu\/cs\/#website"},"primaryImageOfPage":{"@id":"https:\/\/caraudioworld.eu\/cs\/produkt\/steg-ml653c\/#primaryimage"},"image":{"@id":"https:\/\/caraudioworld.eu\/cs\/produkt\/steg-ml653c\/#primaryimage"},"thumbnailUrl":"https:\/\/caraudioworld.eu\/wp-content\/uploads\/2020\/05\/11-1.jpg","datePublished":"2020-05-27T10:40:54+00:00","dateModified":"2020-09-12T11:49:36+00:00","description":"STEG ML653C je 3 p\u00e1smov\u00e1 reproduktorov\u00e1 sestava, kter\u00e1 p\u0159esv\u011bd\u010d\u00ed poslucha\u010de svou kvalitou zvuku, p\u0159esnost\u00ed a impulzivn\u00ed reakc\u00ed. Keramick\u00e1 membr\u00e1na nab\u00edz\u00ed maxim\u00e1ln\u00ed zvukov\u00fd projev z hlediska \"tepl\u00e9ho\" a podrobn\u00e9ho zvuku. Hlin\u00edkov\u00e9 t\u011blo je navr\u017eeno tak, aby poskytovalo co nejlep\u0161\u00ed rozptyl tepla a d\u00edky jedine\u010dn\u00e9mu designu je zvukov\u00fd projev line\u00e1rn\u00ed a drasticky sni\u017euje odrazy zadn\u00edch vln. St\u0159edobasov\u00fd reproduktor: Velikost: 16.5 cm C\u00edvka: 25.5 mm V\u00fdkon: 60W RMS Frekven\u010dn\u00ed rozsah: 65 - 6500 Hz Impedance: 3 Ohm QTS: 0.72 V\u00e1ha: 0.91 Kg St\u0159edov\u00fd reproduktor: Velikost: 8.9 cm C\u00edvka: 25 mm V\u00fdkon: 30W RMS Frekven\u010dn\u00ed rozsah: 100 - 15000 Hz Impedance: 3.6 Ohm QTS: 0.87 V\u00e1ha: 0.225 Kg V\u00fd\u0161kov\u00fd reproduktor: Velikost: 5 cm C\u00edvka: 25 mm V\u00fdkon: 20W RMS Frekven\u010dn\u00ed rozsah: 1300 - 22000 Hz Impedance: 3.6 Ohm V\u00e1ha: 0.92 Kg Doporu\u010dujeme dokoupit DSP a 6 kan\u00e1lov\u00fd (p\u0159\u00edp. 4 + 2 kan\u00e1lov\u00fd) zesilova\u010d abyste dostali co nejv\u00edce z dan\u00e9ho produktu. Technick\u00e9 specifikace: Download","breadcrumb":{"@id":"https:\/\/caraudioworld.eu\/cs\/produkt\/steg-ml653c\/#breadcrumb"},"inLanguage":"cs","potentialAction":[{"@type":"ReadAction","target":["https:\/\/caraudioworld.eu\/cs\/produkt\/steg-ml653c\/"]}]},{"@type":"ImageObject","inLanguage":"cs","@id":"https:\/\/caraudioworld.eu\/cs\/produkt\/steg-ml653c\/#primaryimage","url":"https:\/\/caraudioworld.eu\/wp-content\/uploads\/2020\/05\/11-1.jpg","contentUrl":"https:\/\/caraudioworld.eu\/wp-content\/uploads\/2020\/05\/11-1.jpg","width":1000,"height":700,"caption":"Steg ML653c"},{"@type":"BreadcrumbList","@id":"https:\/\/caraudioworld.eu\/cs\/produkt\/steg-ml653c\/#breadcrumb","itemListElement":[{"@type":"ListItem","position":1,"name":"Home","item":"https:\/\/caraudioworld.eu\/cs\/"},{"@type":"ListItem","position":2,"name":"Obchod","item":"https:\/\/caraudioworld.eu\/cs\/obchod\/"},{"@type":"ListItem","position":3,"name":"STEG ML653c"}]},{"@type":"WebSite","@id":"https:\/\/caraudioworld.eu\/cs\/#website","url":"https:\/\/caraudioworld.eu\/cs\/","name":"CARAUDIOWORLD","description":"Audio Heaven","publisher":{"@id":"https:\/\/caraudioworld.eu\/cs\/#organization"},"potentialAction":[{"@type":"SearchAction","target":{"@type":"EntryPoint","urlTemplate":"https:\/\/caraudioworld.eu\/cs\/?s={search_term_string}"},"query-input":{"@type":"PropertyValueSpecification","valueRequired":true,"valueName":"search_term_string"}}],"inLanguage":"cs"},{"@type":"Organization","@id":"https:\/\/caraudioworld.eu\/cs\/#organization","name":"CARAUDIOWORLD.eu","url":"https:\/\/caraudioworld.eu\/cs\/","logo":{"@type":"ImageObject","inLanguage":"cs","@id":"https:\/\/caraudioworld.eu\/cs\/#\/schema\/logo\/image\/","url":"https:\/\/caraudioworld.eu\/wp-content\/uploads\/2020\/10\/CAW_rounded.png","contentUrl":"https:\/\/caraudioworld.eu\/wp-content\/uploads\/2020\/10\/CAW_rounded.png","width":510,"height":510,"caption":"CARAUDIOWORLD.eu"},"image":{"@id":"https:\/\/caraudioworld.eu\/cs\/#\/schema\/logo\/image\/"},"sameAs":["https:\/\/www.facebook.com\/caraudioworld.eu","https:\/\/www.instagram.com\/caraudioworld.eu\/"]}]}},"_links":{"self":[{"href":"https:\/\/caraudioworld.eu\/cs\/wp-json\/wp\/v2\/product\/8400","targetHints":{"allow":["GET"]}}],"collection":[{"href":"https:\/\/caraudioworld.eu\/cs\/wp-json\/wp\/v2\/product"}],"about":[{"href":"https:\/\/caraudioworld.eu\/cs\/wp-json\/wp\/v2\/types\/product"}],"replies":[{"embeddable":true,"href":"https:\/\/caraudioworld.eu\/cs\/wp-json\/wp\/v2\/comments?post=8400"}],"wp:featuredmedia":[{"embeddable":true,"href":"https:\/\/caraudioworld.eu\/cs\/wp-json\/wp\/v2\/media\/8401"}],"wp:attachment":[{"href":"https:\/\/caraudioworld.eu\/cs\/wp-json\/wp\/v2\/media?parent=8400"}],"wp:term":[{"taxonomy":"product_brand","embeddable":true,"href":"https:\/\/caraudioworld.eu\/cs\/wp-json\/wp\/v2\/product_brand?post=8400"},{"taxonomy":"product_cat","embeddable":true,"href":"https:\/\/caraudioworld.eu\/cs\/wp-json\/wp\/v2\/product_cat?post=8400"},{"taxonomy":"product_tag","embeddable":true,"href":"https:\/\/caraudioworld.eu\/cs\/wp-json\/wp\/v2\/product_tag?post=8400"}],"curies":[{"name":"wp","href":"https:\/\/api.w.org\/{rel}","templated":true}]}}