{"id":8411,"date":"2020-09-12T12:33:23","date_gmt":"2020-09-12T10:33:24","guid":{"rendered":"https:\/\/caraudioworld.eu\/?post_type=product&#038;p=8411"},"modified":"2020-09-12T13:43:57","modified_gmt":"2020-09-12T11:43:57","slug":"steg-niko-1-40000","status":"publish","type":"product","link":"https:\/\/caraudioworld.eu\/cs\/produkt\/steg-niko-1-40000\/","title":{"rendered":"STEG NIKO 1.40000"},"content":{"rendered":"","protected":false},"excerpt":{"rendered":"<p>Pro fanatik\u016f SPL, kte\u0159\u00ed cht\u011bj\u00ed dos\u00e1hnout ty Nejv\u00fd\u0161e \u010d\u00edsla v decibelech, vyhr\u00e1t sout\u011b\u017ee a z\u00e1rove\u0148 ohromit lidi v okruhu nekolika kilometr\u016f svou basovou slo\u017ekou, je tu nov\u00fd zesilova\u010d od Italsk\u00e9 zna\u010dky STEG, kter\u00fd nab\u00edz\u00ed v\u00fdkon a\u017e 40 000 WATT !!!<\/p>\n<p>v\u00fdkon:<br \/>\n15 000 W RMS @ 4 Ohm<br \/>\n25 000 W RMS @ 2 Ohm<br \/>\n40 000 W RMS @ 1 Ohm<\/p>\n<p>Vstupn\u00ed citlivost:<br \/>\nVolt RMS 0.2 V &#8211; 5 V<\/p>\n<p>Rozm\u011bry: 832 x 62 x 230 mm<\/p>\n<p>V\u00e1ha: 10 Kg<\/p>\n<p>Manual: <a style=\"color: blue;\" href=\"https:\/\/caraudioworld.eu\/wp-content\/uploads\/2020\/09\/manualNiko.pdf\" target=\"_blank\" rel=\"noopener noreferrer\">Download<\/a><br \/>\nTechnick\u00e9 specifikace: <a style=\"color: blue;\" href=\"https:\/\/caraudioworld.eu\/wp-content\/uploads\/2020\/09\/techSpecsNiko.pdf\" target=\"_blank\" rel=\"noopener noreferrer\">Download<\/a><\/p>\n","protected":false},"featured_media":8549,"comment_status":"open","ping_status":"closed","template":"","meta":[],"product_brand":[],"product_cat":[425,420],"product_tag":[339],"class_list":{"0":"post-8411","1":"product","2":"type-product","3":"status-publish","4":"has-post-thumbnail","6":"product_cat-monoblok-cs","7":"product_cat-zesilovace","8":"product_tag-steg-cs","10":"first","11":"instock","12":"taxable","13":"shipping-taxable","14":"purchasable","15":"product-type-simple"},"yoast_head":"<!-- This site is optimized with the Yoast SEO plugin v27.3 - https:\/\/yoast.com\/product\/yoast-seo-wordpress\/ -->\n<title>STEG NIKO 1.40000 - CARAUDIOWORLD<\/title>\n<meta name=\"description\" content=\"Pro fanatik\u016f SPL, kte\u0159\u00ed cht\u011bj\u00ed dos\u00e1hnout ty Nejv\u00fd\u0161e \u010d\u00edsla v decibelech, vyhr\u00e1t sout\u011b\u017ee a z\u00e1rove\u0148 ohromit lidi v okruhu nekolika kilometr\u016f svou basovou slo\u017ekou, je tu nov\u00fd zesilova\u010d od Italsk\u00e9 zna\u010dky STEG, kter\u00fd nab\u00edz\u00ed v\u00fdkon a\u017e 40 000 WATT !!!  v\u00fdkon: 15 000 W RMS @ 4 Ohm 25 000 W RMS @ 2 Ohm 40 000 W RMS @ 1 Ohm  Vstupn\u00ed citlivost: Volt RMS 0.2 V - 5 V  Rozm\u011bry: 832 x 62 x 230 mm  V\u00e1ha: 10 Kg  Manual: Download Technick\u00e9 specifikace: Download\" \/>\n<meta name=\"robots\" content=\"index, follow, max-snippet:-1, max-image-preview:large, max-video-preview:-1\" \/>\n<link rel=\"canonical\" href=\"https:\/\/caraudioworld.eu\/cs\/produkt\/steg-niko-1-40000\/\" \/>\n<meta property=\"og:locale\" content=\"cs_CZ\" \/>\n<meta property=\"og:type\" content=\"article\" \/>\n<meta property=\"og:title\" content=\"STEG NIKO 1.40000 - CARAUDIOWORLD\" \/>\n<meta property=\"og:description\" content=\"Pro fanatik\u016f SPL, kte\u0159\u00ed cht\u011bj\u00ed dos\u00e1hnout ty Nejv\u00fd\u0161e \u010d\u00edsla v decibelech, vyhr\u00e1t sout\u011b\u017ee a z\u00e1rove\u0148 ohromit lidi v okruhu nekolika kilometr\u016f svou basovou slo\u017ekou, je tu nov\u00fd zesilova\u010d od Italsk\u00e9 zna\u010dky STEG, kter\u00fd nab\u00edz\u00ed v\u00fdkon a\u017e 40 000 WATT !!!  v\u00fdkon: 15 000 W RMS @ 4 Ohm 25 000 W RMS @ 2 Ohm 40 000 W RMS @ 1 Ohm  Vstupn\u00ed citlivost: Volt RMS 0.2 V - 5 V  Rozm\u011bry: 832 x 62 x 230 mm  V\u00e1ha: 10 Kg  Manual: Download Technick\u00e9 specifikace: Download\" \/>\n<meta property=\"og:url\" content=\"https:\/\/caraudioworld.eu\/cs\/produkt\/steg-niko-1-40000\/\" \/>\n<meta property=\"og:site_name\" content=\"CARAUDIOWORLD\" \/>\n<meta property=\"article:publisher\" content=\"https:\/\/www.facebook.com\/caraudioworld.eu\" \/>\n<meta property=\"article:modified_time\" content=\"2020-09-12T11:43:57+00:00\" \/>\n<meta property=\"og:image\" content=\"https:\/\/caraudioworld.eu\/wp-content\/uploads\/2020\/09\/steg-niko-1.40000-4.jpg\" \/>\n\t<meta property=\"og:image:width\" content=\"1000\" \/>\n\t<meta property=\"og:image:height\" content=\"700\" \/>\n\t<meta property=\"og:image:type\" content=\"image\/jpeg\" \/>\n<meta name=\"twitter:card\" content=\"summary_large_image\" \/>\n<script type=\"application\/ld+json\" class=\"yoast-schema-graph\">{\"@context\":\"https:\\\/\\\/schema.org\",\"@graph\":[{\"@type\":\"WebPage\",\"@id\":\"https:\\\/\\\/caraudioworld.eu\\\/cs\\\/produkt\\\/steg-niko-1-40000\\\/\",\"url\":\"https:\\\/\\\/caraudioworld.eu\\\/cs\\\/produkt\\\/steg-niko-1-40000\\\/\",\"name\":\"STEG NIKO 1.40000 - CARAUDIOWORLD\",\"isPartOf\":{\"@id\":\"https:\\\/\\\/caraudioworld.eu\\\/cs\\\/#website\"},\"primaryImageOfPage\":{\"@id\":\"https:\\\/\\\/caraudioworld.eu\\\/cs\\\/produkt\\\/steg-niko-1-40000\\\/#primaryimage\"},\"image\":{\"@id\":\"https:\\\/\\\/caraudioworld.eu\\\/cs\\\/produkt\\\/steg-niko-1-40000\\\/#primaryimage\"},\"thumbnailUrl\":\"https:\\\/\\\/caraudioworld.eu\\\/wp-content\\\/uploads\\\/2020\\\/09\\\/steg-niko-1.40000-4.jpg\",\"datePublished\":\"2020-09-12T10:33:24+00:00\",\"dateModified\":\"2020-09-12T11:43:57+00:00\",\"description\":\"Pro fanatik\u016f SPL, kte\u0159\u00ed cht\u011bj\u00ed dos\u00e1hnout ty Nejv\u00fd\u0161e \u010d\u00edsla v decibelech, vyhr\u00e1t sout\u011b\u017ee a z\u00e1rove\u0148 ohromit lidi v okruhu nekolika kilometr\u016f svou basovou slo\u017ekou, je tu nov\u00fd zesilova\u010d od Italsk\u00e9 zna\u010dky STEG, kter\u00fd nab\u00edz\u00ed v\u00fdkon a\u017e 40 000 WATT !!! v\u00fdkon: 15 000 W RMS @ 4 Ohm 25 000 W RMS @ 2 Ohm 40 000 W RMS @ 1 Ohm Vstupn\u00ed citlivost: Volt RMS 0.2 V - 5 V Rozm\u011bry: 832 x 62 x 230 mm V\u00e1ha: 10 Kg Manual: Download Technick\u00e9 specifikace: Download\",\"breadcrumb\":{\"@id\":\"https:\\\/\\\/caraudioworld.eu\\\/cs\\\/produkt\\\/steg-niko-1-40000\\\/#breadcrumb\"},\"inLanguage\":\"cs\",\"potentialAction\":[{\"@type\":\"ReadAction\",\"target\":[\"https:\\\/\\\/caraudioworld.eu\\\/cs\\\/produkt\\\/steg-niko-1-40000\\\/\"]}]},{\"@type\":\"ImageObject\",\"inLanguage\":\"cs\",\"@id\":\"https:\\\/\\\/caraudioworld.eu\\\/cs\\\/produkt\\\/steg-niko-1-40000\\\/#primaryimage\",\"url\":\"https:\\\/\\\/caraudioworld.eu\\\/wp-content\\\/uploads\\\/2020\\\/09\\\/steg-niko-1.40000-4.jpg\",\"contentUrl\":\"https:\\\/\\\/caraudioworld.eu\\\/wp-content\\\/uploads\\\/2020\\\/09\\\/steg-niko-1.40000-4.jpg\",\"width\":1000,\"height\":700,\"caption\":\"steg niko 1.40000\"},{\"@type\":\"BreadcrumbList\",\"@id\":\"https:\\\/\\\/caraudioworld.eu\\\/cs\\\/produkt\\\/steg-niko-1-40000\\\/#breadcrumb\",\"itemListElement\":[{\"@type\":\"ListItem\",\"position\":1,\"name\":\"Home\",\"item\":\"https:\\\/\\\/caraudioworld.eu\\\/cs\\\/\"},{\"@type\":\"ListItem\",\"position\":2,\"name\":\"Obchod\",\"item\":\"https:\\\/\\\/caraudioworld.eu\\\/cs\\\/obchod\\\/\"},{\"@type\":\"ListItem\",\"position\":3,\"name\":\"STEG NIKO 1.40000\"}]},{\"@type\":\"WebSite\",\"@id\":\"https:\\\/\\\/caraudioworld.eu\\\/cs\\\/#website\",\"url\":\"https:\\\/\\\/caraudioworld.eu\\\/cs\\\/\",\"name\":\"CARAUDIOWORLD\",\"description\":\"Audio Heaven\",\"publisher\":{\"@id\":\"https:\\\/\\\/caraudioworld.eu\\\/cs\\\/#organization\"},\"potentialAction\":[{\"@type\":\"SearchAction\",\"target\":{\"@type\":\"EntryPoint\",\"urlTemplate\":\"https:\\\/\\\/caraudioworld.eu\\\/cs\\\/?s={search_term_string}\"},\"query-input\":{\"@type\":\"PropertyValueSpecification\",\"valueRequired\":true,\"valueName\":\"search_term_string\"}}],\"inLanguage\":\"cs\"},{\"@type\":\"Organization\",\"@id\":\"https:\\\/\\\/caraudioworld.eu\\\/cs\\\/#organization\",\"name\":\"CARAUDIOWORLD.eu\",\"url\":\"https:\\\/\\\/caraudioworld.eu\\\/cs\\\/\",\"logo\":{\"@type\":\"ImageObject\",\"inLanguage\":\"cs\",\"@id\":\"https:\\\/\\\/caraudioworld.eu\\\/cs\\\/#\\\/schema\\\/logo\\\/image\\\/\",\"url\":\"https:\\\/\\\/caraudioworld.eu\\\/wp-content\\\/uploads\\\/2020\\\/10\\\/CAW_rounded.png\",\"contentUrl\":\"https:\\\/\\\/caraudioworld.eu\\\/wp-content\\\/uploads\\\/2020\\\/10\\\/CAW_rounded.png\",\"width\":510,\"height\":510,\"caption\":\"CARAUDIOWORLD.eu\"},\"image\":{\"@id\":\"https:\\\/\\\/caraudioworld.eu\\\/cs\\\/#\\\/schema\\\/logo\\\/image\\\/\"},\"sameAs\":[\"https:\\\/\\\/www.facebook.com\\\/caraudioworld.eu\",\"https:\\\/\\\/www.instagram.com\\\/caraudioworld.eu\\\/\"]}]}<\/script>\n<!-- \/ Yoast SEO plugin. -->","yoast_head_json":{"title":"STEG NIKO 1.40000 - CARAUDIOWORLD","description":"Pro fanatik\u016f SPL, kte\u0159\u00ed cht\u011bj\u00ed dos\u00e1hnout ty Nejv\u00fd\u0161e \u010d\u00edsla v decibelech, vyhr\u00e1t sout\u011b\u017ee a z\u00e1rove\u0148 ohromit lidi v okruhu nekolika kilometr\u016f svou basovou slo\u017ekou, je tu nov\u00fd zesilova\u010d od Italsk\u00e9 zna\u010dky STEG, kter\u00fd nab\u00edz\u00ed v\u00fdkon a\u017e 40 000 WATT !!!  v\u00fdkon: 15 000 W RMS @ 4 Ohm 25 000 W RMS @ 2 Ohm 40 000 W RMS @ 1 Ohm  Vstupn\u00ed citlivost: Volt RMS 0.2 V - 5 V  Rozm\u011bry: 832 x 62 x 230 mm  V\u00e1ha: 10 Kg  Manual: Download Technick\u00e9 specifikace: Download","robots":{"index":"index","follow":"follow","max-snippet":"max-snippet:-1","max-image-preview":"max-image-preview:large","max-video-preview":"max-video-preview:-1"},"canonical":"https:\/\/caraudioworld.eu\/cs\/produkt\/steg-niko-1-40000\/","og_locale":"cs_CZ","og_type":"article","og_title":"STEG NIKO 1.40000 - CARAUDIOWORLD","og_description":"Pro fanatik\u016f SPL, kte\u0159\u00ed cht\u011bj\u00ed dos\u00e1hnout ty Nejv\u00fd\u0161e \u010d\u00edsla v decibelech, vyhr\u00e1t sout\u011b\u017ee a z\u00e1rove\u0148 ohromit lidi v okruhu nekolika kilometr\u016f svou basovou slo\u017ekou, je tu nov\u00fd zesilova\u010d od Italsk\u00e9 zna\u010dky STEG, kter\u00fd nab\u00edz\u00ed v\u00fdkon a\u017e 40 000 WATT !!!  v\u00fdkon: 15 000 W RMS @ 4 Ohm 25 000 W RMS @ 2 Ohm 40 000 W RMS @ 1 Ohm  Vstupn\u00ed citlivost: Volt RMS 0.2 V - 5 V  Rozm\u011bry: 832 x 62 x 230 mm  V\u00e1ha: 10 Kg  Manual: Download Technick\u00e9 specifikace: Download","og_url":"https:\/\/caraudioworld.eu\/cs\/produkt\/steg-niko-1-40000\/","og_site_name":"CARAUDIOWORLD","article_publisher":"https:\/\/www.facebook.com\/caraudioworld.eu","article_modified_time":"2020-09-12T11:43:57+00:00","og_image":[{"width":1000,"height":700,"url":"https:\/\/caraudioworld.eu\/wp-content\/uploads\/2020\/09\/steg-niko-1.40000-4.jpg","type":"image\/jpeg"}],"twitter_card":"summary_large_image","schema":{"@context":"https:\/\/schema.org","@graph":[{"@type":"WebPage","@id":"https:\/\/caraudioworld.eu\/cs\/produkt\/steg-niko-1-40000\/","url":"https:\/\/caraudioworld.eu\/cs\/produkt\/steg-niko-1-40000\/","name":"STEG NIKO 1.40000 - CARAUDIOWORLD","isPartOf":{"@id":"https:\/\/caraudioworld.eu\/cs\/#website"},"primaryImageOfPage":{"@id":"https:\/\/caraudioworld.eu\/cs\/produkt\/steg-niko-1-40000\/#primaryimage"},"image":{"@id":"https:\/\/caraudioworld.eu\/cs\/produkt\/steg-niko-1-40000\/#primaryimage"},"thumbnailUrl":"https:\/\/caraudioworld.eu\/wp-content\/uploads\/2020\/09\/steg-niko-1.40000-4.jpg","datePublished":"2020-09-12T10:33:24+00:00","dateModified":"2020-09-12T11:43:57+00:00","description":"Pro fanatik\u016f SPL, kte\u0159\u00ed cht\u011bj\u00ed dos\u00e1hnout ty Nejv\u00fd\u0161e \u010d\u00edsla v decibelech, vyhr\u00e1t sout\u011b\u017ee a z\u00e1rove\u0148 ohromit lidi v okruhu nekolika kilometr\u016f svou basovou slo\u017ekou, je tu nov\u00fd zesilova\u010d od Italsk\u00e9 zna\u010dky STEG, kter\u00fd nab\u00edz\u00ed v\u00fdkon a\u017e 40 000 WATT !!! v\u00fdkon: 15 000 W RMS @ 4 Ohm 25 000 W RMS @ 2 Ohm 40 000 W RMS @ 1 Ohm Vstupn\u00ed citlivost: Volt RMS 0.2 V - 5 V Rozm\u011bry: 832 x 62 x 230 mm V\u00e1ha: 10 Kg Manual: Download Technick\u00e9 specifikace: Download","breadcrumb":{"@id":"https:\/\/caraudioworld.eu\/cs\/produkt\/steg-niko-1-40000\/#breadcrumb"},"inLanguage":"cs","potentialAction":[{"@type":"ReadAction","target":["https:\/\/caraudioworld.eu\/cs\/produkt\/steg-niko-1-40000\/"]}]},{"@type":"ImageObject","inLanguage":"cs","@id":"https:\/\/caraudioworld.eu\/cs\/produkt\/steg-niko-1-40000\/#primaryimage","url":"https:\/\/caraudioworld.eu\/wp-content\/uploads\/2020\/09\/steg-niko-1.40000-4.jpg","contentUrl":"https:\/\/caraudioworld.eu\/wp-content\/uploads\/2020\/09\/steg-niko-1.40000-4.jpg","width":1000,"height":700,"caption":"steg niko 1.40000"},{"@type":"BreadcrumbList","@id":"https:\/\/caraudioworld.eu\/cs\/produkt\/steg-niko-1-40000\/#breadcrumb","itemListElement":[{"@type":"ListItem","position":1,"name":"Home","item":"https:\/\/caraudioworld.eu\/cs\/"},{"@type":"ListItem","position":2,"name":"Obchod","item":"https:\/\/caraudioworld.eu\/cs\/obchod\/"},{"@type":"ListItem","position":3,"name":"STEG NIKO 1.40000"}]},{"@type":"WebSite","@id":"https:\/\/caraudioworld.eu\/cs\/#website","url":"https:\/\/caraudioworld.eu\/cs\/","name":"CARAUDIOWORLD","description":"Audio Heaven","publisher":{"@id":"https:\/\/caraudioworld.eu\/cs\/#organization"},"potentialAction":[{"@type":"SearchAction","target":{"@type":"EntryPoint","urlTemplate":"https:\/\/caraudioworld.eu\/cs\/?s={search_term_string}"},"query-input":{"@type":"PropertyValueSpecification","valueRequired":true,"valueName":"search_term_string"}}],"inLanguage":"cs"},{"@type":"Organization","@id":"https:\/\/caraudioworld.eu\/cs\/#organization","name":"CARAUDIOWORLD.eu","url":"https:\/\/caraudioworld.eu\/cs\/","logo":{"@type":"ImageObject","inLanguage":"cs","@id":"https:\/\/caraudioworld.eu\/cs\/#\/schema\/logo\/image\/","url":"https:\/\/caraudioworld.eu\/wp-content\/uploads\/2020\/10\/CAW_rounded.png","contentUrl":"https:\/\/caraudioworld.eu\/wp-content\/uploads\/2020\/10\/CAW_rounded.png","width":510,"height":510,"caption":"CARAUDIOWORLD.eu"},"image":{"@id":"https:\/\/caraudioworld.eu\/cs\/#\/schema\/logo\/image\/"},"sameAs":["https:\/\/www.facebook.com\/caraudioworld.eu","https:\/\/www.instagram.com\/caraudioworld.eu\/"]}]}},"_links":{"self":[{"href":"https:\/\/caraudioworld.eu\/cs\/wp-json\/wp\/v2\/product\/8411","targetHints":{"allow":["GET"]}}],"collection":[{"href":"https:\/\/caraudioworld.eu\/cs\/wp-json\/wp\/v2\/product"}],"about":[{"href":"https:\/\/caraudioworld.eu\/cs\/wp-json\/wp\/v2\/types\/product"}],"replies":[{"embeddable":true,"href":"https:\/\/caraudioworld.eu\/cs\/wp-json\/wp\/v2\/comments?post=8411"}],"wp:featuredmedia":[{"embeddable":true,"href":"https:\/\/caraudioworld.eu\/cs\/wp-json\/wp\/v2\/media\/8549"}],"wp:attachment":[{"href":"https:\/\/caraudioworld.eu\/cs\/wp-json\/wp\/v2\/media?parent=8411"}],"wp:term":[{"taxonomy":"product_brand","embeddable":true,"href":"https:\/\/caraudioworld.eu\/cs\/wp-json\/wp\/v2\/product_brand?post=8411"},{"taxonomy":"product_cat","embeddable":true,"href":"https:\/\/caraudioworld.eu\/cs\/wp-json\/wp\/v2\/product_cat?post=8411"},{"taxonomy":"product_tag","embeddable":true,"href":"https:\/\/caraudioworld.eu\/cs\/wp-json\/wp\/v2\/product_tag?post=8411"}],"curies":[{"name":"wp","href":"https:\/\/api.w.org\/{rel}","templated":true}]}}