{"id":8462,"date":"2020-09-12T13:39:10","date_gmt":"2020-09-12T11:39:10","guid":{"rendered":"https:\/\/caraudioworld.eu\/produkt\/awave-king62c\/"},"modified":"2020-09-12T13:39:10","modified_gmt":"2020-09-12T11:39:10","slug":"awave-king62c","status":"publish","type":"product","link":"https:\/\/caraudioworld.eu\/cs\/produkt\/awave-king62c\/","title":{"rendered":"Awave King62C"},"content":{"rendered":"","protected":false},"excerpt":{"rendered":"<p>V\u00fdborn\u00fd SQ set st\u0159edobasov\u00e9ho a \u0161irokop\u00e1smov\u00e9ho reproduktoru bez pasivn\u00ed v\u00fdhybky. Vyzna\u010duj\u00ed se zvukem, jak\u00fd je slovy t\u011b\u017eko popsateln\u00fd. St\u0159edobasov\u00fd reproduktor se postar\u00e1 o velmi pevn\u00e9 a razantn\u00ed basy d\u00edky neodymov\u00e9mu magnetu. N\u00e1sledn\u011b (optim\u00e1ln\u011b) nad 300Hz to dok\u00e1\u017e\u00ed p\u0159evz\u00edt \u0161irokop\u00e1smov\u00e9 reproduktory, kter\u00e9 se ji\u017e postaraj\u00ed o zbytek sly\u0161iteln\u00e9ho spektra a\u017e do v\u00fd\u0161e 20 000 Hz. V\u00fdhoda \u0159e\u0161en\u00ed se \u0161irokop\u00e1smov\u00fdmi reproduktory je fakt, \u017ee ty jsou v\u011bt\u0161inou v autech montovan\u00e9 do A sloupk\u016f, tedy dok\u00e1\u017e\u00ed poskytnout neuv\u011b\u0159itelnou sc\u00e9nu a z\u00e1\u017eitek z hudby, p\u0159i\u010dem\u017e se v\u00e1m zd\u00e1, jako kdyby byl zp\u011bv\u00e1k rovn\u011b p\u0159ed v\u00e1mi a zp\u00edval jen pro v\u00e1s!<\/p>\n<p>Doporu\u010den\u00e9 um\u00edst\u011bn\u00ed pro \u0161irokop\u00e1smov\u00fd reproduktor: A sloupky, palubovka<\/p>\n<p><span style=\"text-decoration: underline;\"><strong>St\u0159edobasov\u00fd reproduktor<\/strong><\/span><\/p>\n<p>Pr\u016fm\u011br: 165mm (6.5 &#8222;)<br \/>\nV\u00fdkon: 60 W rms<br \/>\nImpedance: 4 Ohm<br \/>\nCitlivost: 84 dB<br \/>\nFrekven\u010dn\u00ed rozsah: 40 &#8211; 1000 Hz<br \/>\nPr\u016fm\u011br c\u00edvky: 2.2 &#8220;<br \/>\nMont\u00e1\u017en\u00ed hloubka: 64 mm<\/p>\n<p><strong><span style=\"text-decoration: underline;\">\u0160irokop\u00e1smov\u00fd reproduktor<\/span><\/strong><\/p>\n<p>V\u00fdkon: 30 W rms<br \/>\nImpedance: 4 Ohm<br \/>\nCitlivost: 86 dB<br \/>\nFrekven\u010dn\u00ed rozsah: 100 &#8211; 20 000 Hz<br \/>\nMembr\u00e1na: Hlin\u00edk<br \/>\nMont\u00e1\u017en\u00ed hloubka: 44.1 mm<br \/>\nMont\u00e1\u017en\u00ed pr\u016fm\u011br: 85 mm<\/p>\n","protected":false},"featured_media":8440,"comment_status":"open","ping_status":"closed","template":"","meta":[],"product_brand":[],"product_cat":[405,403],"product_tag":[333],"class_list":{"0":"post-8462","1":"product","2":"type-product","3":"status-publish","4":"has-post-thumbnail","6":"product_cat-komponentni","7":"product_cat-reproduktory-cs","8":"product_tag-awave-cs","10":"first","11":"instock","12":"taxable","13":"shipping-taxable","14":"purchasable","15":"product-type-simple"},"yoast_head":"<!-- This site is optimized with the Yoast SEO plugin v27.3 - https:\/\/yoast.com\/product\/yoast-seo-wordpress\/ -->\n<title>Awave King62C - CARAUDIOWORLD<\/title>\n<meta name=\"description\" content=\"V\u00fdborn\u00fd SQ set st\u0159edobasov\u00e9ho a \u0161irokop\u00e1smov\u00e9ho reproduktoru bez pasivn\u00ed v\u00fdhybky. Vyzna\u010duj\u00ed se zvukem, jak\u00fd je slovy t\u011b\u017eko popsateln\u00fd. St\u0159edobasov\u00fd reproduktor se postar\u00e1 o velmi pevn\u00e9 a razantn\u00ed basy d\u00edky neodymov\u00e9mu magnetu. N\u00e1sledn\u011b (optim\u00e1ln\u011b) nad 300Hz to dok\u00e1\u017e\u00ed p\u0159evz\u00edt \u0161irokop\u00e1smov\u00e9 reproduktory, kter\u00e9 se ji\u017e postaraj\u00ed o zbytek sly\u0161iteln\u00e9ho spektra a\u017e do v\u00fd\u0161e 20 000 Hz. V\u00fdhoda \u0159e\u0161en\u00ed se \u0161irokop\u00e1smov\u00fdmi reproduktory je fakt, \u017ee ty jsou v\u011bt\u0161inou v autech montovan\u00e9 do A sloupk\u016f, tedy dok\u00e1\u017e\u00ed poskytnout neuv\u011b\u0159itelnou sc\u00e9nu a z\u00e1\u017eitek z hudby, p\u0159i\u010dem\u017e se v\u00e1m zd\u00e1, jako kdyby byl zp\u011bv\u00e1k rovn\u011b p\u0159ed v\u00e1mi a zp\u00edval jen pro v\u00e1s!  Doporu\u010den\u00e9 um\u00edst\u011bn\u00ed pro \u0161irokop\u00e1smov\u00fd reproduktor: A sloupky, palubovka  St\u0159edobasov\u00fd reproduktor  Pr\u016fm\u011br: 165mm (6.5 &quot;) V\u00fdkon: 60 W rms Impedance: 4 Ohm Citlivost: 84 dB Frekven\u010dn\u00ed rozsah: 40 - 1000 Hz Pr\u016fm\u011br c\u00edvky: 2.2 &quot; Mont\u00e1\u017en\u00ed hloubka: 64 mm  \u0160irokop\u00e1smov\u00fd reproduktor  V\u00fdkon: 30 W rms Impedance: 4 Ohm Citlivost: 86 dB Frekven\u010dn\u00ed rozsah: 100 - 20 000 Hz Membr\u00e1na: Hlin\u00edk Mont\u00e1\u017en\u00ed hloubka: 44.1 mm Mont\u00e1\u017en\u00ed pr\u016fm\u011br: 85 mm\" \/>\n<meta name=\"robots\" content=\"index, follow, max-snippet:-1, max-image-preview:large, max-video-preview:-1\" \/>\n<link rel=\"canonical\" href=\"https:\/\/caraudioworld.eu\/cs\/produkt\/awave-king62c\/\" \/>\n<meta property=\"og:locale\" content=\"cs_CZ\" \/>\n<meta property=\"og:type\" content=\"article\" \/>\n<meta property=\"og:title\" content=\"Awave King62C - CARAUDIOWORLD\" \/>\n<meta property=\"og:description\" content=\"V\u00fdborn\u00fd SQ set st\u0159edobasov\u00e9ho a \u0161irokop\u00e1smov\u00e9ho reproduktoru bez pasivn\u00ed v\u00fdhybky. Vyzna\u010duj\u00ed se zvukem, jak\u00fd je slovy t\u011b\u017eko popsateln\u00fd. St\u0159edobasov\u00fd reproduktor se postar\u00e1 o velmi pevn\u00e9 a razantn\u00ed basy d\u00edky neodymov\u00e9mu magnetu. N\u00e1sledn\u011b (optim\u00e1ln\u011b) nad 300Hz to dok\u00e1\u017e\u00ed p\u0159evz\u00edt \u0161irokop\u00e1smov\u00e9 reproduktory, kter\u00e9 se ji\u017e postaraj\u00ed o zbytek sly\u0161iteln\u00e9ho spektra a\u017e do v\u00fd\u0161e 20 000 Hz. V\u00fdhoda \u0159e\u0161en\u00ed se \u0161irokop\u00e1smov\u00fdmi reproduktory je fakt, \u017ee ty jsou v\u011bt\u0161inou v autech montovan\u00e9 do A sloupk\u016f, tedy dok\u00e1\u017e\u00ed poskytnout neuv\u011b\u0159itelnou sc\u00e9nu a z\u00e1\u017eitek z hudby, p\u0159i\u010dem\u017e se v\u00e1m zd\u00e1, jako kdyby byl zp\u011bv\u00e1k rovn\u011b p\u0159ed v\u00e1mi a zp\u00edval jen pro v\u00e1s!  Doporu\u010den\u00e9 um\u00edst\u011bn\u00ed pro \u0161irokop\u00e1smov\u00fd reproduktor: A sloupky, palubovka  St\u0159edobasov\u00fd reproduktor  Pr\u016fm\u011br: 165mm (6.5 &quot;) V\u00fdkon: 60 W rms Impedance: 4 Ohm Citlivost: 84 dB Frekven\u010dn\u00ed rozsah: 40 - 1000 Hz Pr\u016fm\u011br c\u00edvky: 2.2 &quot; Mont\u00e1\u017en\u00ed hloubka: 64 mm  \u0160irokop\u00e1smov\u00fd reproduktor  V\u00fdkon: 30 W rms Impedance: 4 Ohm Citlivost: 86 dB Frekven\u010dn\u00ed rozsah: 100 - 20 000 Hz Membr\u00e1na: Hlin\u00edk Mont\u00e1\u017en\u00ed hloubka: 44.1 mm Mont\u00e1\u017en\u00ed pr\u016fm\u011br: 85 mm\" \/>\n<meta property=\"og:url\" content=\"https:\/\/caraudioworld.eu\/cs\/produkt\/awave-king62c\/\" \/>\n<meta property=\"og:site_name\" content=\"CARAUDIOWORLD\" \/>\n<meta property=\"article:publisher\" content=\"https:\/\/www.facebook.com\/caraudioworld.eu\" \/>\n<meta property=\"og:image\" content=\"https:\/\/caraudioworld.eu\/wp-content\/uploads\/2020\/09\/11-1.jpg\" \/>\n\t<meta property=\"og:image:width\" content=\"1000\" \/>\n\t<meta property=\"og:image:height\" content=\"700\" \/>\n\t<meta property=\"og:image:type\" content=\"image\/jpeg\" \/>\n<meta name=\"twitter:card\" content=\"summary_large_image\" \/>\n<script type=\"application\/ld+json\" class=\"yoast-schema-graph\">{\"@context\":\"https:\\\/\\\/schema.org\",\"@graph\":[{\"@type\":\"WebPage\",\"@id\":\"https:\\\/\\\/caraudioworld.eu\\\/cs\\\/produkt\\\/awave-king62c\\\/\",\"url\":\"https:\\\/\\\/caraudioworld.eu\\\/cs\\\/produkt\\\/awave-king62c\\\/\",\"name\":\"Awave King62C - CARAUDIOWORLD\",\"isPartOf\":{\"@id\":\"https:\\\/\\\/caraudioworld.eu\\\/cs\\\/#website\"},\"primaryImageOfPage\":{\"@id\":\"https:\\\/\\\/caraudioworld.eu\\\/cs\\\/produkt\\\/awave-king62c\\\/#primaryimage\"},\"image\":{\"@id\":\"https:\\\/\\\/caraudioworld.eu\\\/cs\\\/produkt\\\/awave-king62c\\\/#primaryimage\"},\"thumbnailUrl\":\"https:\\\/\\\/caraudioworld.eu\\\/wp-content\\\/uploads\\\/2020\\\/09\\\/11-1.jpg\",\"datePublished\":\"2020-09-12T11:39:10+00:00\",\"description\":\"V\u00fdborn\u00fd SQ set st\u0159edobasov\u00e9ho a \u0161irokop\u00e1smov\u00e9ho reproduktoru bez pasivn\u00ed v\u00fdhybky. Vyzna\u010duj\u00ed se zvukem, jak\u00fd je slovy t\u011b\u017eko popsateln\u00fd. St\u0159edobasov\u00fd reproduktor se postar\u00e1 o velmi pevn\u00e9 a razantn\u00ed basy d\u00edky neodymov\u00e9mu magnetu. N\u00e1sledn\u011b (optim\u00e1ln\u011b) nad 300Hz to dok\u00e1\u017e\u00ed p\u0159evz\u00edt \u0161irokop\u00e1smov\u00e9 reproduktory, kter\u00e9 se ji\u017e postaraj\u00ed o zbytek sly\u0161iteln\u00e9ho spektra a\u017e do v\u00fd\u0161e 20 000 Hz. V\u00fdhoda \u0159e\u0161en\u00ed se \u0161irokop\u00e1smov\u00fdmi reproduktory je fakt, \u017ee ty jsou v\u011bt\u0161inou v autech montovan\u00e9 do A sloupk\u016f, tedy dok\u00e1\u017e\u00ed poskytnout neuv\u011b\u0159itelnou sc\u00e9nu a z\u00e1\u017eitek z hudby, p\u0159i\u010dem\u017e se v\u00e1m zd\u00e1, jako kdyby byl zp\u011bv\u00e1k rovn\u011b p\u0159ed v\u00e1mi a zp\u00edval jen pro v\u00e1s! Doporu\u010den\u00e9 um\u00edst\u011bn\u00ed pro \u0161irokop\u00e1smov\u00fd reproduktor: A sloupky, palubovka St\u0159edobasov\u00fd reproduktor Pr\u016fm\u011br: 165mm (6.5 \\\") V\u00fdkon: 60 W rms Impedance: 4 Ohm Citlivost: 84 dB Frekven\u010dn\u00ed rozsah: 40 - 1000 Hz Pr\u016fm\u011br c\u00edvky: 2.2 \\\" Mont\u00e1\u017en\u00ed hloubka: 64 mm \u0160irokop\u00e1smov\u00fd reproduktor V\u00fdkon: 30 W rms Impedance: 4 Ohm Citlivost: 86 dB Frekven\u010dn\u00ed rozsah: 100 - 20 000 Hz Membr\u00e1na: Hlin\u00edk Mont\u00e1\u017en\u00ed hloubka: 44.1 mm Mont\u00e1\u017en\u00ed pr\u016fm\u011br: 85 mm\",\"breadcrumb\":{\"@id\":\"https:\\\/\\\/caraudioworld.eu\\\/cs\\\/produkt\\\/awave-king62c\\\/#breadcrumb\"},\"inLanguage\":\"cs\",\"potentialAction\":[{\"@type\":\"ReadAction\",\"target\":[\"https:\\\/\\\/caraudioworld.eu\\\/cs\\\/produkt\\\/awave-king62c\\\/\"]}]},{\"@type\":\"ImageObject\",\"inLanguage\":\"cs\",\"@id\":\"https:\\\/\\\/caraudioworld.eu\\\/cs\\\/produkt\\\/awave-king62c\\\/#primaryimage\",\"url\":\"https:\\\/\\\/caraudioworld.eu\\\/wp-content\\\/uploads\\\/2020\\\/09\\\/11-1.jpg\",\"contentUrl\":\"https:\\\/\\\/caraudioworld.eu\\\/wp-content\\\/uploads\\\/2020\\\/09\\\/11-1.jpg\",\"width\":1000,\"height\":700,\"caption\":\"Awave King62c\"},{\"@type\":\"BreadcrumbList\",\"@id\":\"https:\\\/\\\/caraudioworld.eu\\\/cs\\\/produkt\\\/awave-king62c\\\/#breadcrumb\",\"itemListElement\":[{\"@type\":\"ListItem\",\"position\":1,\"name\":\"Home\",\"item\":\"https:\\\/\\\/caraudioworld.eu\\\/cs\\\/\"},{\"@type\":\"ListItem\",\"position\":2,\"name\":\"Obchod\",\"item\":\"https:\\\/\\\/caraudioworld.eu\\\/cs\\\/obchod\\\/\"},{\"@type\":\"ListItem\",\"position\":3,\"name\":\"Awave King62C\"}]},{\"@type\":\"WebSite\",\"@id\":\"https:\\\/\\\/caraudioworld.eu\\\/cs\\\/#website\",\"url\":\"https:\\\/\\\/caraudioworld.eu\\\/cs\\\/\",\"name\":\"CARAUDIOWORLD\",\"description\":\"Audio Heaven\",\"publisher\":{\"@id\":\"https:\\\/\\\/caraudioworld.eu\\\/cs\\\/#organization\"},\"potentialAction\":[{\"@type\":\"SearchAction\",\"target\":{\"@type\":\"EntryPoint\",\"urlTemplate\":\"https:\\\/\\\/caraudioworld.eu\\\/cs\\\/?s={search_term_string}\"},\"query-input\":{\"@type\":\"PropertyValueSpecification\",\"valueRequired\":true,\"valueName\":\"search_term_string\"}}],\"inLanguage\":\"cs\"},{\"@type\":\"Organization\",\"@id\":\"https:\\\/\\\/caraudioworld.eu\\\/cs\\\/#organization\",\"name\":\"CARAUDIOWORLD.eu\",\"url\":\"https:\\\/\\\/caraudioworld.eu\\\/cs\\\/\",\"logo\":{\"@type\":\"ImageObject\",\"inLanguage\":\"cs\",\"@id\":\"https:\\\/\\\/caraudioworld.eu\\\/cs\\\/#\\\/schema\\\/logo\\\/image\\\/\",\"url\":\"https:\\\/\\\/caraudioworld.eu\\\/wp-content\\\/uploads\\\/2020\\\/10\\\/CAW_rounded.png\",\"contentUrl\":\"https:\\\/\\\/caraudioworld.eu\\\/wp-content\\\/uploads\\\/2020\\\/10\\\/CAW_rounded.png\",\"width\":510,\"height\":510,\"caption\":\"CARAUDIOWORLD.eu\"},\"image\":{\"@id\":\"https:\\\/\\\/caraudioworld.eu\\\/cs\\\/#\\\/schema\\\/logo\\\/image\\\/\"},\"sameAs\":[\"https:\\\/\\\/www.facebook.com\\\/caraudioworld.eu\",\"https:\\\/\\\/www.instagram.com\\\/caraudioworld.eu\\\/\"]}]}<\/script>\n<!-- \/ Yoast SEO plugin. -->","yoast_head_json":{"title":"Awave King62C - CARAUDIOWORLD","description":"V\u00fdborn\u00fd SQ set st\u0159edobasov\u00e9ho a \u0161irokop\u00e1smov\u00e9ho reproduktoru bez pasivn\u00ed v\u00fdhybky. Vyzna\u010duj\u00ed se zvukem, jak\u00fd je slovy t\u011b\u017eko popsateln\u00fd. St\u0159edobasov\u00fd reproduktor se postar\u00e1 o velmi pevn\u00e9 a razantn\u00ed basy d\u00edky neodymov\u00e9mu magnetu. N\u00e1sledn\u011b (optim\u00e1ln\u011b) nad 300Hz to dok\u00e1\u017e\u00ed p\u0159evz\u00edt \u0161irokop\u00e1smov\u00e9 reproduktory, kter\u00e9 se ji\u017e postaraj\u00ed o zbytek sly\u0161iteln\u00e9ho spektra a\u017e do v\u00fd\u0161e 20 000 Hz. V\u00fdhoda \u0159e\u0161en\u00ed se \u0161irokop\u00e1smov\u00fdmi reproduktory je fakt, \u017ee ty jsou v\u011bt\u0161inou v autech montovan\u00e9 do A sloupk\u016f, tedy dok\u00e1\u017e\u00ed poskytnout neuv\u011b\u0159itelnou sc\u00e9nu a z\u00e1\u017eitek z hudby, p\u0159i\u010dem\u017e se v\u00e1m zd\u00e1, jako kdyby byl zp\u011bv\u00e1k rovn\u011b p\u0159ed v\u00e1mi a zp\u00edval jen pro v\u00e1s!  Doporu\u010den\u00e9 um\u00edst\u011bn\u00ed pro \u0161irokop\u00e1smov\u00fd reproduktor: A sloupky, palubovka  St\u0159edobasov\u00fd reproduktor  Pr\u016fm\u011br: 165mm (6.5 \") V\u00fdkon: 60 W rms Impedance: 4 Ohm Citlivost: 84 dB Frekven\u010dn\u00ed rozsah: 40 - 1000 Hz Pr\u016fm\u011br c\u00edvky: 2.2 \" Mont\u00e1\u017en\u00ed hloubka: 64 mm  \u0160irokop\u00e1smov\u00fd reproduktor  V\u00fdkon: 30 W rms Impedance: 4 Ohm Citlivost: 86 dB Frekven\u010dn\u00ed rozsah: 100 - 20 000 Hz Membr\u00e1na: Hlin\u00edk Mont\u00e1\u017en\u00ed hloubka: 44.1 mm Mont\u00e1\u017en\u00ed pr\u016fm\u011br: 85 mm","robots":{"index":"index","follow":"follow","max-snippet":"max-snippet:-1","max-image-preview":"max-image-preview:large","max-video-preview":"max-video-preview:-1"},"canonical":"https:\/\/caraudioworld.eu\/cs\/produkt\/awave-king62c\/","og_locale":"cs_CZ","og_type":"article","og_title":"Awave King62C - CARAUDIOWORLD","og_description":"V\u00fdborn\u00fd SQ set st\u0159edobasov\u00e9ho a \u0161irokop\u00e1smov\u00e9ho reproduktoru bez pasivn\u00ed v\u00fdhybky. Vyzna\u010duj\u00ed se zvukem, jak\u00fd je slovy t\u011b\u017eko popsateln\u00fd. St\u0159edobasov\u00fd reproduktor se postar\u00e1 o velmi pevn\u00e9 a razantn\u00ed basy d\u00edky neodymov\u00e9mu magnetu. N\u00e1sledn\u011b (optim\u00e1ln\u011b) nad 300Hz to dok\u00e1\u017e\u00ed p\u0159evz\u00edt \u0161irokop\u00e1smov\u00e9 reproduktory, kter\u00e9 se ji\u017e postaraj\u00ed o zbytek sly\u0161iteln\u00e9ho spektra a\u017e do v\u00fd\u0161e 20 000 Hz. V\u00fdhoda \u0159e\u0161en\u00ed se \u0161irokop\u00e1smov\u00fdmi reproduktory je fakt, \u017ee ty jsou v\u011bt\u0161inou v autech montovan\u00e9 do A sloupk\u016f, tedy dok\u00e1\u017e\u00ed poskytnout neuv\u011b\u0159itelnou sc\u00e9nu a z\u00e1\u017eitek z hudby, p\u0159i\u010dem\u017e se v\u00e1m zd\u00e1, jako kdyby byl zp\u011bv\u00e1k rovn\u011b p\u0159ed v\u00e1mi a zp\u00edval jen pro v\u00e1s!  Doporu\u010den\u00e9 um\u00edst\u011bn\u00ed pro \u0161irokop\u00e1smov\u00fd reproduktor: A sloupky, palubovka  St\u0159edobasov\u00fd reproduktor  Pr\u016fm\u011br: 165mm (6.5 \") V\u00fdkon: 60 W rms Impedance: 4 Ohm Citlivost: 84 dB Frekven\u010dn\u00ed rozsah: 40 - 1000 Hz Pr\u016fm\u011br c\u00edvky: 2.2 \" Mont\u00e1\u017en\u00ed hloubka: 64 mm  \u0160irokop\u00e1smov\u00fd reproduktor  V\u00fdkon: 30 W rms Impedance: 4 Ohm Citlivost: 86 dB Frekven\u010dn\u00ed rozsah: 100 - 20 000 Hz Membr\u00e1na: Hlin\u00edk Mont\u00e1\u017en\u00ed hloubka: 44.1 mm Mont\u00e1\u017en\u00ed pr\u016fm\u011br: 85 mm","og_url":"https:\/\/caraudioworld.eu\/cs\/produkt\/awave-king62c\/","og_site_name":"CARAUDIOWORLD","article_publisher":"https:\/\/www.facebook.com\/caraudioworld.eu","og_image":[{"width":1000,"height":700,"url":"https:\/\/caraudioworld.eu\/wp-content\/uploads\/2020\/09\/11-1.jpg","type":"image\/jpeg"}],"twitter_card":"summary_large_image","schema":{"@context":"https:\/\/schema.org","@graph":[{"@type":"WebPage","@id":"https:\/\/caraudioworld.eu\/cs\/produkt\/awave-king62c\/","url":"https:\/\/caraudioworld.eu\/cs\/produkt\/awave-king62c\/","name":"Awave King62C - CARAUDIOWORLD","isPartOf":{"@id":"https:\/\/caraudioworld.eu\/cs\/#website"},"primaryImageOfPage":{"@id":"https:\/\/caraudioworld.eu\/cs\/produkt\/awave-king62c\/#primaryimage"},"image":{"@id":"https:\/\/caraudioworld.eu\/cs\/produkt\/awave-king62c\/#primaryimage"},"thumbnailUrl":"https:\/\/caraudioworld.eu\/wp-content\/uploads\/2020\/09\/11-1.jpg","datePublished":"2020-09-12T11:39:10+00:00","description":"V\u00fdborn\u00fd SQ set st\u0159edobasov\u00e9ho a \u0161irokop\u00e1smov\u00e9ho reproduktoru bez pasivn\u00ed v\u00fdhybky. Vyzna\u010duj\u00ed se zvukem, jak\u00fd je slovy t\u011b\u017eko popsateln\u00fd. St\u0159edobasov\u00fd reproduktor se postar\u00e1 o velmi pevn\u00e9 a razantn\u00ed basy d\u00edky neodymov\u00e9mu magnetu. N\u00e1sledn\u011b (optim\u00e1ln\u011b) nad 300Hz to dok\u00e1\u017e\u00ed p\u0159evz\u00edt \u0161irokop\u00e1smov\u00e9 reproduktory, kter\u00e9 se ji\u017e postaraj\u00ed o zbytek sly\u0161iteln\u00e9ho spektra a\u017e do v\u00fd\u0161e 20 000 Hz. V\u00fdhoda \u0159e\u0161en\u00ed se \u0161irokop\u00e1smov\u00fdmi reproduktory je fakt, \u017ee ty jsou v\u011bt\u0161inou v autech montovan\u00e9 do A sloupk\u016f, tedy dok\u00e1\u017e\u00ed poskytnout neuv\u011b\u0159itelnou sc\u00e9nu a z\u00e1\u017eitek z hudby, p\u0159i\u010dem\u017e se v\u00e1m zd\u00e1, jako kdyby byl zp\u011bv\u00e1k rovn\u011b p\u0159ed v\u00e1mi a zp\u00edval jen pro v\u00e1s! Doporu\u010den\u00e9 um\u00edst\u011bn\u00ed pro \u0161irokop\u00e1smov\u00fd reproduktor: A sloupky, palubovka St\u0159edobasov\u00fd reproduktor Pr\u016fm\u011br: 165mm (6.5 \") V\u00fdkon: 60 W rms Impedance: 4 Ohm Citlivost: 84 dB Frekven\u010dn\u00ed rozsah: 40 - 1000 Hz Pr\u016fm\u011br c\u00edvky: 2.2 \" Mont\u00e1\u017en\u00ed hloubka: 64 mm \u0160irokop\u00e1smov\u00fd reproduktor V\u00fdkon: 30 W rms Impedance: 4 Ohm Citlivost: 86 dB Frekven\u010dn\u00ed rozsah: 100 - 20 000 Hz Membr\u00e1na: Hlin\u00edk Mont\u00e1\u017en\u00ed hloubka: 44.1 mm Mont\u00e1\u017en\u00ed pr\u016fm\u011br: 85 mm","breadcrumb":{"@id":"https:\/\/caraudioworld.eu\/cs\/produkt\/awave-king62c\/#breadcrumb"},"inLanguage":"cs","potentialAction":[{"@type":"ReadAction","target":["https:\/\/caraudioworld.eu\/cs\/produkt\/awave-king62c\/"]}]},{"@type":"ImageObject","inLanguage":"cs","@id":"https:\/\/caraudioworld.eu\/cs\/produkt\/awave-king62c\/#primaryimage","url":"https:\/\/caraudioworld.eu\/wp-content\/uploads\/2020\/09\/11-1.jpg","contentUrl":"https:\/\/caraudioworld.eu\/wp-content\/uploads\/2020\/09\/11-1.jpg","width":1000,"height":700,"caption":"Awave King62c"},{"@type":"BreadcrumbList","@id":"https:\/\/caraudioworld.eu\/cs\/produkt\/awave-king62c\/#breadcrumb","itemListElement":[{"@type":"ListItem","position":1,"name":"Home","item":"https:\/\/caraudioworld.eu\/cs\/"},{"@type":"ListItem","position":2,"name":"Obchod","item":"https:\/\/caraudioworld.eu\/cs\/obchod\/"},{"@type":"ListItem","position":3,"name":"Awave King62C"}]},{"@type":"WebSite","@id":"https:\/\/caraudioworld.eu\/cs\/#website","url":"https:\/\/caraudioworld.eu\/cs\/","name":"CARAUDIOWORLD","description":"Audio Heaven","publisher":{"@id":"https:\/\/caraudioworld.eu\/cs\/#organization"},"potentialAction":[{"@type":"SearchAction","target":{"@type":"EntryPoint","urlTemplate":"https:\/\/caraudioworld.eu\/cs\/?s={search_term_string}"},"query-input":{"@type":"PropertyValueSpecification","valueRequired":true,"valueName":"search_term_string"}}],"inLanguage":"cs"},{"@type":"Organization","@id":"https:\/\/caraudioworld.eu\/cs\/#organization","name":"CARAUDIOWORLD.eu","url":"https:\/\/caraudioworld.eu\/cs\/","logo":{"@type":"ImageObject","inLanguage":"cs","@id":"https:\/\/caraudioworld.eu\/cs\/#\/schema\/logo\/image\/","url":"https:\/\/caraudioworld.eu\/wp-content\/uploads\/2020\/10\/CAW_rounded.png","contentUrl":"https:\/\/caraudioworld.eu\/wp-content\/uploads\/2020\/10\/CAW_rounded.png","width":510,"height":510,"caption":"CARAUDIOWORLD.eu"},"image":{"@id":"https:\/\/caraudioworld.eu\/cs\/#\/schema\/logo\/image\/"},"sameAs":["https:\/\/www.facebook.com\/caraudioworld.eu","https:\/\/www.instagram.com\/caraudioworld.eu\/"]}]}},"_links":{"self":[{"href":"https:\/\/caraudioworld.eu\/cs\/wp-json\/wp\/v2\/product\/8462","targetHints":{"allow":["GET"]}}],"collection":[{"href":"https:\/\/caraudioworld.eu\/cs\/wp-json\/wp\/v2\/product"}],"about":[{"href":"https:\/\/caraudioworld.eu\/cs\/wp-json\/wp\/v2\/types\/product"}],"replies":[{"embeddable":true,"href":"https:\/\/caraudioworld.eu\/cs\/wp-json\/wp\/v2\/comments?post=8462"}],"wp:featuredmedia":[{"embeddable":true,"href":"https:\/\/caraudioworld.eu\/cs\/wp-json\/wp\/v2\/media\/8440"}],"wp:attachment":[{"href":"https:\/\/caraudioworld.eu\/cs\/wp-json\/wp\/v2\/media?parent=8462"}],"wp:term":[{"taxonomy":"product_brand","embeddable":true,"href":"https:\/\/caraudioworld.eu\/cs\/wp-json\/wp\/v2\/product_brand?post=8462"},{"taxonomy":"product_cat","embeddable":true,"href":"https:\/\/caraudioworld.eu\/cs\/wp-json\/wp\/v2\/product_cat?post=8462"},{"taxonomy":"product_tag","embeddable":true,"href":"https:\/\/caraudioworld.eu\/cs\/wp-json\/wp\/v2\/product_tag?post=8462"}],"curies":[{"name":"wp","href":"https:\/\/api.w.org\/{rel}","templated":true}]}}