{"id":8465,"date":"2020-10-01T19:39:12","date_gmt":"2020-10-01T17:39:12","guid":{"rendered":"https:\/\/caraudioworld.eu\/?post_type=product&#038;p=8465"},"modified":"2020-10-01T20:04:04","modified_gmt":"2020-10-01T18:04:04","slug":"awave-dsp12","status":"publish","type":"product","link":"https:\/\/caraudioworld.eu\/cs\/produkt\/awave-dsp12\/","title":{"rendered":"Awave DSP12"},"content":{"rendered":"","protected":false},"excerpt":{"rendered":"<p>Nov\u00fd, vysoce kvalitn\u00ed DSP procesor od zna\u010dky Awave. Umo\u017en\u00ed v\u00e1m p\u0159evz\u00edt ovl\u00e1d\u00e1n\u00ed zvuku do vlastn\u00edch rukou a vyt\u00e1hnout maximum z va\u0161\u00ed audio sestavy. Vyzna\u010duje se se 12 kan\u00e1lov\u00fdm RCA v\u00fdstupem, p\u0159i\u010dem\u017e ka\u017ed\u00fd jeden v\u00fdstup je bez nastaviteln\u00fd zvl\u00e1\u0161\u0165 (hlasitost, f\u00e1ze, ekvaliz\u00e9r, LPF \/ HPF \/ BP filtr, slope, \u010dasov\u00e9 zpo\u017ed\u011bn\u00ed atd &#8230;). Toto DSP pot\u011b\u0161\u00ed nejen nad\u0161ence kvalitn\u00ed hudby, ale i t\u011bch, kter\u00fd to u\u017e trochu p\u0159ehnali s po\u010dtem zesilova\u010d\u016f v aut\u011b, ale st\u00e1le cht\u011bj\u00ed m\u00edt 100% kontrolu nad sign\u00e1lem, kter\u00fd dost\u00e1vaj\u00ed.<\/p>\n<p>32 bit \/ 48 kHz<\/p>\n<ul>\n<li>Vstup: 6x RCA, Toslink (optick\u00fd), Koaxial<\/li>\n<li>V\u00fdstup: 12x RCA<\/li>\n<li>Mo\u017enost p\u0159ipojit <a style=\"color: blue;\" href=\"https:\/\/caraudioworld.eu\/cs\/produkt\/awave-b5v2-bt-modul\/\" target=\"_blank\" rel=\"noopener noreferrer\">Bluetooth modul<\/a> (nutno dokoupit zvl\u00e1\u0161\u0165)<\/li>\n<li>Mo\u017enost p\u0159ipojit <a style=\"color: blue;\" href=\"https:\/\/caraudioworld.eu\/cs\/produkt\/awave-drc\/\" target=\"_blank\" rel=\"noopener noreferrer\">DRC ovl\u00e1da\u010d<\/a> (nutno dokoupit zvl\u00e1\u0161\u0165)<\/li>\n<li>Nastavov\u00e1n\u00ed pomoc\u00ed Po\u010d\u00edta\u010de s mo\u017enost\u00ed ulo\u017een\u00ed 8 Nastaven\u00ed.<\/li>\n<li>Jednoduch\u00fd a intuitivn\u00ed software<\/li>\n<li>Pln\u011b parametrick\u00fd ekvaliz\u00e9r<\/li>\n<\/ul>\n<p>PC AWAVE DSP SOFTWARE DOWNLOAD: <span style=\"text-decoration: underline;\"><strong>Na vy\u017e\u00e1d\u00e1n\u00ed (email)<\/strong><\/span><\/p>\n","protected":false},"featured_media":8468,"comment_status":"open","ping_status":"closed","template":"","meta":[],"product_brand":[],"product_cat":[323,324],"product_tag":[333,335],"class_list":{"0":"post-8465","1":"product","2":"type-product","3":"status-publish","4":"has-post-thumbnail","6":"product_cat-dsp-cs","7":"product_cat-dsp-procesory-cs","8":"product_tag-awave-cs","9":"product_tag-dsp-cs","11":"first","12":"instock","13":"taxable","14":"shipping-taxable","15":"purchasable","16":"product-type-simple"},"yoast_head":"<!-- This site is optimized with the Yoast SEO plugin v27.3 - https:\/\/yoast.com\/product\/yoast-seo-wordpress\/ -->\n<title>Awave DSP12 - CARAUDIOWORLD<\/title>\n<meta name=\"description\" content=\"Nov\u00fd, vysoce kvalitn\u00ed DSP procesor od zna\u010dky Awave. Umo\u017en\u00ed v\u00e1m p\u0159evz\u00edt ovl\u00e1d\u00e1n\u00ed zvuku do vlastn\u00edch rukou a vyt\u00e1hnout maximum z va\u0161\u00ed audio sestavy. Vyzna\u010duje se se 12 kan\u00e1lov\u00fdm RCA v\u00fdstupem, p\u0159i\u010dem\u017e ka\u017ed\u00fd jeden v\u00fdstup je bez nastaviteln\u00fd zvl\u00e1\u0161\u0165 (hlasitost, f\u00e1ze, ekvaliz\u00e9r, LPF \/ HPF \/ BP filtr, slope, \u010dasov\u00e9 zpo\u017ed\u011bn\u00ed atd ...). Toto DSP pot\u011b\u0161\u00ed nejen nad\u0161ence kvalitn\u00ed hudby, ale i t\u011bch, kter\u00fd to u\u017e trochu p\u0159ehnali s po\u010dtem zesilova\u010d\u016f v aut\u011b, ale st\u00e1le cht\u011bj\u00ed m\u00edt 100% kontrolu nad sign\u00e1lem, kter\u00fd dost\u00e1vaj\u00ed. 32 bit \/ 48 kHz  Vstup: 6x RCA, Toslink (optick\u00fd), Koaxial V\u00fdstup: 12x RCA Mo\u017enost p\u0159ipojit Bluetooth modul (nutno dokoupit zvl\u00e1\u0161\u0165) Mo\u017enost p\u0159ipojit DRC ovl\u00e1da\u010d (nutno dokoupit zvl\u00e1\u0161\u0165) Nastavov\u00e1n\u00ed pomoc\u00ed Po\u010d\u00edta\u010de s mo\u017enost\u00ed ulo\u017een\u00ed 8 Nastaven\u00ed. Jednoduch\u00fd a intuitivn\u00ed software Pln\u011b parametrick\u00fd ekvaliz\u00e9r  PC AWAVE DSP SOFTWARE DOWNLOAD: Na vy\u017e\u00e1d\u00e1n\u00ed (email)\" \/>\n<meta name=\"robots\" content=\"index, follow, max-snippet:-1, max-image-preview:large, max-video-preview:-1\" \/>\n<link rel=\"canonical\" href=\"https:\/\/caraudioworld.eu\/cs\/produkt\/awave-dsp12\/\" \/>\n<meta property=\"og:locale\" content=\"cs_CZ\" \/>\n<meta property=\"og:type\" content=\"article\" \/>\n<meta property=\"og:title\" content=\"Awave DSP12 - CARAUDIOWORLD\" \/>\n<meta property=\"og:description\" content=\"Nov\u00fd, vysoce kvalitn\u00ed DSP procesor od zna\u010dky Awave. Umo\u017en\u00ed v\u00e1m p\u0159evz\u00edt ovl\u00e1d\u00e1n\u00ed zvuku do vlastn\u00edch rukou a vyt\u00e1hnout maximum z va\u0161\u00ed audio sestavy. Vyzna\u010duje se se 12 kan\u00e1lov\u00fdm RCA v\u00fdstupem, p\u0159i\u010dem\u017e ka\u017ed\u00fd jeden v\u00fdstup je bez nastaviteln\u00fd zvl\u00e1\u0161\u0165 (hlasitost, f\u00e1ze, ekvaliz\u00e9r, LPF \/ HPF \/ BP filtr, slope, \u010dasov\u00e9 zpo\u017ed\u011bn\u00ed atd ...). Toto DSP pot\u011b\u0161\u00ed nejen nad\u0161ence kvalitn\u00ed hudby, ale i t\u011bch, kter\u00fd to u\u017e trochu p\u0159ehnali s po\u010dtem zesilova\u010d\u016f v aut\u011b, ale st\u00e1le cht\u011bj\u00ed m\u00edt 100% kontrolu nad sign\u00e1lem, kter\u00fd dost\u00e1vaj\u00ed. 32 bit \/ 48 kHz  Vstup: 6x RCA, Toslink (optick\u00fd), Koaxial V\u00fdstup: 12x RCA Mo\u017enost p\u0159ipojit Bluetooth modul (nutno dokoupit zvl\u00e1\u0161\u0165) Mo\u017enost p\u0159ipojit DRC ovl\u00e1da\u010d (nutno dokoupit zvl\u00e1\u0161\u0165) Nastavov\u00e1n\u00ed pomoc\u00ed Po\u010d\u00edta\u010de s mo\u017enost\u00ed ulo\u017een\u00ed 8 Nastaven\u00ed. Jednoduch\u00fd a intuitivn\u00ed software Pln\u011b parametrick\u00fd ekvaliz\u00e9r  PC AWAVE DSP SOFTWARE DOWNLOAD: Na vy\u017e\u00e1d\u00e1n\u00ed (email)\" \/>\n<meta property=\"og:url\" content=\"https:\/\/caraudioworld.eu\/cs\/produkt\/awave-dsp12\/\" \/>\n<meta property=\"og:site_name\" content=\"CARAUDIOWORLD\" \/>\n<meta property=\"article:publisher\" content=\"https:\/\/www.facebook.com\/caraudioworld.eu\" \/>\n<meta property=\"article:modified_time\" content=\"2020-10-01T18:04:04+00:00\" \/>\n<meta property=\"og:image\" content=\"https:\/\/caraudioworld.eu\/wp-content\/uploads\/2020\/10\/11.jpg\" \/>\n\t<meta property=\"og:image:width\" content=\"1000\" \/>\n\t<meta property=\"og:image:height\" content=\"700\" \/>\n\t<meta property=\"og:image:type\" content=\"image\/jpeg\" \/>\n<meta name=\"twitter:card\" content=\"summary_large_image\" \/>\n<script type=\"application\/ld+json\" class=\"yoast-schema-graph\">{\"@context\":\"https:\\\/\\\/schema.org\",\"@graph\":[{\"@type\":\"WebPage\",\"@id\":\"https:\\\/\\\/caraudioworld.eu\\\/cs\\\/produkt\\\/awave-dsp12\\\/\",\"url\":\"https:\\\/\\\/caraudioworld.eu\\\/cs\\\/produkt\\\/awave-dsp12\\\/\",\"name\":\"Awave DSP12 - CARAUDIOWORLD\",\"isPartOf\":{\"@id\":\"https:\\\/\\\/caraudioworld.eu\\\/cs\\\/#website\"},\"primaryImageOfPage\":{\"@id\":\"https:\\\/\\\/caraudioworld.eu\\\/cs\\\/produkt\\\/awave-dsp12\\\/#primaryimage\"},\"image\":{\"@id\":\"https:\\\/\\\/caraudioworld.eu\\\/cs\\\/produkt\\\/awave-dsp12\\\/#primaryimage\"},\"thumbnailUrl\":\"https:\\\/\\\/caraudioworld.eu\\\/wp-content\\\/uploads\\\/2020\\\/10\\\/11.jpg\",\"datePublished\":\"2020-10-01T17:39:12+00:00\",\"dateModified\":\"2020-10-01T18:04:04+00:00\",\"description\":\"Nov\u00fd, vysoce kvalitn\u00ed DSP procesor od zna\u010dky Awave. Umo\u017en\u00ed v\u00e1m p\u0159evz\u00edt ovl\u00e1d\u00e1n\u00ed zvuku do vlastn\u00edch rukou a vyt\u00e1hnout maximum z va\u0161\u00ed audio sestavy. Vyzna\u010duje se se 12 kan\u00e1lov\u00fdm RCA v\u00fdstupem, p\u0159i\u010dem\u017e ka\u017ed\u00fd jeden v\u00fdstup je bez nastaviteln\u00fd zvl\u00e1\u0161\u0165 (hlasitost, f\u00e1ze, ekvaliz\u00e9r, LPF \\\/ HPF \\\/ BP filtr, slope, \u010dasov\u00e9 zpo\u017ed\u011bn\u00ed atd ...). Toto DSP pot\u011b\u0161\u00ed nejen nad\u0161ence kvalitn\u00ed hudby, ale i t\u011bch, kter\u00fd to u\u017e trochu p\u0159ehnali s po\u010dtem zesilova\u010d\u016f v aut\u011b, ale st\u00e1le cht\u011bj\u00ed m\u00edt 100% kontrolu nad sign\u00e1lem, kter\u00fd dost\u00e1vaj\u00ed. 32 bit \\\/ 48 kHz Vstup: 6x RCA, Toslink (optick\u00fd), Koaxial V\u00fdstup: 12x RCA Mo\u017enost p\u0159ipojit Bluetooth modul (nutno dokoupit zvl\u00e1\u0161\u0165) Mo\u017enost p\u0159ipojit DRC ovl\u00e1da\u010d (nutno dokoupit zvl\u00e1\u0161\u0165) Nastavov\u00e1n\u00ed pomoc\u00ed Po\u010d\u00edta\u010de s mo\u017enost\u00ed ulo\u017een\u00ed 8 Nastaven\u00ed. Jednoduch\u00fd a intuitivn\u00ed software Pln\u011b parametrick\u00fd ekvaliz\u00e9r PC AWAVE DSP SOFTWARE DOWNLOAD: Na vy\u017e\u00e1d\u00e1n\u00ed (email)\",\"breadcrumb\":{\"@id\":\"https:\\\/\\\/caraudioworld.eu\\\/cs\\\/produkt\\\/awave-dsp12\\\/#breadcrumb\"},\"inLanguage\":\"cs\",\"potentialAction\":[{\"@type\":\"ReadAction\",\"target\":[\"https:\\\/\\\/caraudioworld.eu\\\/cs\\\/produkt\\\/awave-dsp12\\\/\"]}]},{\"@type\":\"ImageObject\",\"inLanguage\":\"cs\",\"@id\":\"https:\\\/\\\/caraudioworld.eu\\\/cs\\\/produkt\\\/awave-dsp12\\\/#primaryimage\",\"url\":\"https:\\\/\\\/caraudioworld.eu\\\/wp-content\\\/uploads\\\/2020\\\/10\\\/11.jpg\",\"contentUrl\":\"https:\\\/\\\/caraudioworld.eu\\\/wp-content\\\/uploads\\\/2020\\\/10\\\/11.jpg\",\"width\":1000,\"height\":700,\"caption\":\"awave dsp12\"},{\"@type\":\"BreadcrumbList\",\"@id\":\"https:\\\/\\\/caraudioworld.eu\\\/cs\\\/produkt\\\/awave-dsp12\\\/#breadcrumb\",\"itemListElement\":[{\"@type\":\"ListItem\",\"position\":1,\"name\":\"Home\",\"item\":\"https:\\\/\\\/caraudioworld.eu\\\/cs\\\/\"},{\"@type\":\"ListItem\",\"position\":2,\"name\":\"Obchod\",\"item\":\"https:\\\/\\\/caraudioworld.eu\\\/cs\\\/obchod\\\/\"},{\"@type\":\"ListItem\",\"position\":3,\"name\":\"Awave DSP12\"}]},{\"@type\":\"WebSite\",\"@id\":\"https:\\\/\\\/caraudioworld.eu\\\/cs\\\/#website\",\"url\":\"https:\\\/\\\/caraudioworld.eu\\\/cs\\\/\",\"name\":\"CARAUDIOWORLD\",\"description\":\"Audio Heaven\",\"publisher\":{\"@id\":\"https:\\\/\\\/caraudioworld.eu\\\/cs\\\/#organization\"},\"potentialAction\":[{\"@type\":\"SearchAction\",\"target\":{\"@type\":\"EntryPoint\",\"urlTemplate\":\"https:\\\/\\\/caraudioworld.eu\\\/cs\\\/?s={search_term_string}\"},\"query-input\":{\"@type\":\"PropertyValueSpecification\",\"valueRequired\":true,\"valueName\":\"search_term_string\"}}],\"inLanguage\":\"cs\"},{\"@type\":\"Organization\",\"@id\":\"https:\\\/\\\/caraudioworld.eu\\\/cs\\\/#organization\",\"name\":\"CARAUDIOWORLD.eu\",\"url\":\"https:\\\/\\\/caraudioworld.eu\\\/cs\\\/\",\"logo\":{\"@type\":\"ImageObject\",\"inLanguage\":\"cs\",\"@id\":\"https:\\\/\\\/caraudioworld.eu\\\/cs\\\/#\\\/schema\\\/logo\\\/image\\\/\",\"url\":\"https:\\\/\\\/caraudioworld.eu\\\/wp-content\\\/uploads\\\/2020\\\/10\\\/CAW_rounded.png\",\"contentUrl\":\"https:\\\/\\\/caraudioworld.eu\\\/wp-content\\\/uploads\\\/2020\\\/10\\\/CAW_rounded.png\",\"width\":510,\"height\":510,\"caption\":\"CARAUDIOWORLD.eu\"},\"image\":{\"@id\":\"https:\\\/\\\/caraudioworld.eu\\\/cs\\\/#\\\/schema\\\/logo\\\/image\\\/\"},\"sameAs\":[\"https:\\\/\\\/www.facebook.com\\\/caraudioworld.eu\",\"https:\\\/\\\/www.instagram.com\\\/caraudioworld.eu\\\/\"]}]}<\/script>\n<!-- \/ Yoast SEO plugin. -->","yoast_head_json":{"title":"Awave DSP12 - CARAUDIOWORLD","description":"Nov\u00fd, vysoce kvalitn\u00ed DSP procesor od zna\u010dky Awave. Umo\u017en\u00ed v\u00e1m p\u0159evz\u00edt ovl\u00e1d\u00e1n\u00ed zvuku do vlastn\u00edch rukou a vyt\u00e1hnout maximum z va\u0161\u00ed audio sestavy. Vyzna\u010duje se se 12 kan\u00e1lov\u00fdm RCA v\u00fdstupem, p\u0159i\u010dem\u017e ka\u017ed\u00fd jeden v\u00fdstup je bez nastaviteln\u00fd zvl\u00e1\u0161\u0165 (hlasitost, f\u00e1ze, ekvaliz\u00e9r, LPF \/ HPF \/ BP filtr, slope, \u010dasov\u00e9 zpo\u017ed\u011bn\u00ed atd ...). Toto DSP pot\u011b\u0161\u00ed nejen nad\u0161ence kvalitn\u00ed hudby, ale i t\u011bch, kter\u00fd to u\u017e trochu p\u0159ehnali s po\u010dtem zesilova\u010d\u016f v aut\u011b, ale st\u00e1le cht\u011bj\u00ed m\u00edt 100% kontrolu nad sign\u00e1lem, kter\u00fd dost\u00e1vaj\u00ed. 32 bit \/ 48 kHz  Vstup: 6x RCA, Toslink (optick\u00fd), Koaxial V\u00fdstup: 12x RCA Mo\u017enost p\u0159ipojit Bluetooth modul (nutno dokoupit zvl\u00e1\u0161\u0165) Mo\u017enost p\u0159ipojit DRC ovl\u00e1da\u010d (nutno dokoupit zvl\u00e1\u0161\u0165) Nastavov\u00e1n\u00ed pomoc\u00ed Po\u010d\u00edta\u010de s mo\u017enost\u00ed ulo\u017een\u00ed 8 Nastaven\u00ed. Jednoduch\u00fd a intuitivn\u00ed software Pln\u011b parametrick\u00fd ekvaliz\u00e9r  PC AWAVE DSP SOFTWARE DOWNLOAD: Na vy\u017e\u00e1d\u00e1n\u00ed (email)","robots":{"index":"index","follow":"follow","max-snippet":"max-snippet:-1","max-image-preview":"max-image-preview:large","max-video-preview":"max-video-preview:-1"},"canonical":"https:\/\/caraudioworld.eu\/cs\/produkt\/awave-dsp12\/","og_locale":"cs_CZ","og_type":"article","og_title":"Awave DSP12 - CARAUDIOWORLD","og_description":"Nov\u00fd, vysoce kvalitn\u00ed DSP procesor od zna\u010dky Awave. Umo\u017en\u00ed v\u00e1m p\u0159evz\u00edt ovl\u00e1d\u00e1n\u00ed zvuku do vlastn\u00edch rukou a vyt\u00e1hnout maximum z va\u0161\u00ed audio sestavy. Vyzna\u010duje se se 12 kan\u00e1lov\u00fdm RCA v\u00fdstupem, p\u0159i\u010dem\u017e ka\u017ed\u00fd jeden v\u00fdstup je bez nastaviteln\u00fd zvl\u00e1\u0161\u0165 (hlasitost, f\u00e1ze, ekvaliz\u00e9r, LPF \/ HPF \/ BP filtr, slope, \u010dasov\u00e9 zpo\u017ed\u011bn\u00ed atd ...). Toto DSP pot\u011b\u0161\u00ed nejen nad\u0161ence kvalitn\u00ed hudby, ale i t\u011bch, kter\u00fd to u\u017e trochu p\u0159ehnali s po\u010dtem zesilova\u010d\u016f v aut\u011b, ale st\u00e1le cht\u011bj\u00ed m\u00edt 100% kontrolu nad sign\u00e1lem, kter\u00fd dost\u00e1vaj\u00ed. 32 bit \/ 48 kHz  Vstup: 6x RCA, Toslink (optick\u00fd), Koaxial V\u00fdstup: 12x RCA Mo\u017enost p\u0159ipojit Bluetooth modul (nutno dokoupit zvl\u00e1\u0161\u0165) Mo\u017enost p\u0159ipojit DRC ovl\u00e1da\u010d (nutno dokoupit zvl\u00e1\u0161\u0165) Nastavov\u00e1n\u00ed pomoc\u00ed Po\u010d\u00edta\u010de s mo\u017enost\u00ed ulo\u017een\u00ed 8 Nastaven\u00ed. Jednoduch\u00fd a intuitivn\u00ed software Pln\u011b parametrick\u00fd ekvaliz\u00e9r  PC AWAVE DSP SOFTWARE DOWNLOAD: Na vy\u017e\u00e1d\u00e1n\u00ed (email)","og_url":"https:\/\/caraudioworld.eu\/cs\/produkt\/awave-dsp12\/","og_site_name":"CARAUDIOWORLD","article_publisher":"https:\/\/www.facebook.com\/caraudioworld.eu","article_modified_time":"2020-10-01T18:04:04+00:00","og_image":[{"width":1000,"height":700,"url":"https:\/\/caraudioworld.eu\/wp-content\/uploads\/2020\/10\/11.jpg","type":"image\/jpeg"}],"twitter_card":"summary_large_image","schema":{"@context":"https:\/\/schema.org","@graph":[{"@type":"WebPage","@id":"https:\/\/caraudioworld.eu\/cs\/produkt\/awave-dsp12\/","url":"https:\/\/caraudioworld.eu\/cs\/produkt\/awave-dsp12\/","name":"Awave DSP12 - CARAUDIOWORLD","isPartOf":{"@id":"https:\/\/caraudioworld.eu\/cs\/#website"},"primaryImageOfPage":{"@id":"https:\/\/caraudioworld.eu\/cs\/produkt\/awave-dsp12\/#primaryimage"},"image":{"@id":"https:\/\/caraudioworld.eu\/cs\/produkt\/awave-dsp12\/#primaryimage"},"thumbnailUrl":"https:\/\/caraudioworld.eu\/wp-content\/uploads\/2020\/10\/11.jpg","datePublished":"2020-10-01T17:39:12+00:00","dateModified":"2020-10-01T18:04:04+00:00","description":"Nov\u00fd, vysoce kvalitn\u00ed DSP procesor od zna\u010dky Awave. Umo\u017en\u00ed v\u00e1m p\u0159evz\u00edt ovl\u00e1d\u00e1n\u00ed zvuku do vlastn\u00edch rukou a vyt\u00e1hnout maximum z va\u0161\u00ed audio sestavy. Vyzna\u010duje se se 12 kan\u00e1lov\u00fdm RCA v\u00fdstupem, p\u0159i\u010dem\u017e ka\u017ed\u00fd jeden v\u00fdstup je bez nastaviteln\u00fd zvl\u00e1\u0161\u0165 (hlasitost, f\u00e1ze, ekvaliz\u00e9r, LPF \/ HPF \/ BP filtr, slope, \u010dasov\u00e9 zpo\u017ed\u011bn\u00ed atd ...). Toto DSP pot\u011b\u0161\u00ed nejen nad\u0161ence kvalitn\u00ed hudby, ale i t\u011bch, kter\u00fd to u\u017e trochu p\u0159ehnali s po\u010dtem zesilova\u010d\u016f v aut\u011b, ale st\u00e1le cht\u011bj\u00ed m\u00edt 100% kontrolu nad sign\u00e1lem, kter\u00fd dost\u00e1vaj\u00ed. 32 bit \/ 48 kHz Vstup: 6x RCA, Toslink (optick\u00fd), Koaxial V\u00fdstup: 12x RCA Mo\u017enost p\u0159ipojit Bluetooth modul (nutno dokoupit zvl\u00e1\u0161\u0165) Mo\u017enost p\u0159ipojit DRC ovl\u00e1da\u010d (nutno dokoupit zvl\u00e1\u0161\u0165) Nastavov\u00e1n\u00ed pomoc\u00ed Po\u010d\u00edta\u010de s mo\u017enost\u00ed ulo\u017een\u00ed 8 Nastaven\u00ed. Jednoduch\u00fd a intuitivn\u00ed software Pln\u011b parametrick\u00fd ekvaliz\u00e9r PC AWAVE DSP SOFTWARE DOWNLOAD: Na vy\u017e\u00e1d\u00e1n\u00ed (email)","breadcrumb":{"@id":"https:\/\/caraudioworld.eu\/cs\/produkt\/awave-dsp12\/#breadcrumb"},"inLanguage":"cs","potentialAction":[{"@type":"ReadAction","target":["https:\/\/caraudioworld.eu\/cs\/produkt\/awave-dsp12\/"]}]},{"@type":"ImageObject","inLanguage":"cs","@id":"https:\/\/caraudioworld.eu\/cs\/produkt\/awave-dsp12\/#primaryimage","url":"https:\/\/caraudioworld.eu\/wp-content\/uploads\/2020\/10\/11.jpg","contentUrl":"https:\/\/caraudioworld.eu\/wp-content\/uploads\/2020\/10\/11.jpg","width":1000,"height":700,"caption":"awave dsp12"},{"@type":"BreadcrumbList","@id":"https:\/\/caraudioworld.eu\/cs\/produkt\/awave-dsp12\/#breadcrumb","itemListElement":[{"@type":"ListItem","position":1,"name":"Home","item":"https:\/\/caraudioworld.eu\/cs\/"},{"@type":"ListItem","position":2,"name":"Obchod","item":"https:\/\/caraudioworld.eu\/cs\/obchod\/"},{"@type":"ListItem","position":3,"name":"Awave DSP12"}]},{"@type":"WebSite","@id":"https:\/\/caraudioworld.eu\/cs\/#website","url":"https:\/\/caraudioworld.eu\/cs\/","name":"CARAUDIOWORLD","description":"Audio Heaven","publisher":{"@id":"https:\/\/caraudioworld.eu\/cs\/#organization"},"potentialAction":[{"@type":"SearchAction","target":{"@type":"EntryPoint","urlTemplate":"https:\/\/caraudioworld.eu\/cs\/?s={search_term_string}"},"query-input":{"@type":"PropertyValueSpecification","valueRequired":true,"valueName":"search_term_string"}}],"inLanguage":"cs"},{"@type":"Organization","@id":"https:\/\/caraudioworld.eu\/cs\/#organization","name":"CARAUDIOWORLD.eu","url":"https:\/\/caraudioworld.eu\/cs\/","logo":{"@type":"ImageObject","inLanguage":"cs","@id":"https:\/\/caraudioworld.eu\/cs\/#\/schema\/logo\/image\/","url":"https:\/\/caraudioworld.eu\/wp-content\/uploads\/2020\/10\/CAW_rounded.png","contentUrl":"https:\/\/caraudioworld.eu\/wp-content\/uploads\/2020\/10\/CAW_rounded.png","width":510,"height":510,"caption":"CARAUDIOWORLD.eu"},"image":{"@id":"https:\/\/caraudioworld.eu\/cs\/#\/schema\/logo\/image\/"},"sameAs":["https:\/\/www.facebook.com\/caraudioworld.eu","https:\/\/www.instagram.com\/caraudioworld.eu\/"]}]}},"_links":{"self":[{"href":"https:\/\/caraudioworld.eu\/cs\/wp-json\/wp\/v2\/product\/8465","targetHints":{"allow":["GET"]}}],"collection":[{"href":"https:\/\/caraudioworld.eu\/cs\/wp-json\/wp\/v2\/product"}],"about":[{"href":"https:\/\/caraudioworld.eu\/cs\/wp-json\/wp\/v2\/types\/product"}],"replies":[{"embeddable":true,"href":"https:\/\/caraudioworld.eu\/cs\/wp-json\/wp\/v2\/comments?post=8465"}],"wp:featuredmedia":[{"embeddable":true,"href":"https:\/\/caraudioworld.eu\/cs\/wp-json\/wp\/v2\/media\/8468"}],"wp:attachment":[{"href":"https:\/\/caraudioworld.eu\/cs\/wp-json\/wp\/v2\/media?parent=8465"}],"wp:term":[{"taxonomy":"product_brand","embeddable":true,"href":"https:\/\/caraudioworld.eu\/cs\/wp-json\/wp\/v2\/product_brand?post=8465"},{"taxonomy":"product_cat","embeddable":true,"href":"https:\/\/caraudioworld.eu\/cs\/wp-json\/wp\/v2\/product_cat?post=8465"},{"taxonomy":"product_tag","embeddable":true,"href":"https:\/\/caraudioworld.eu\/cs\/wp-json\/wp\/v2\/product_tag?post=8465"}],"curies":[{"name":"wp","href":"https:\/\/api.w.org\/{rel}","templated":true}]}}