{"id":8558,"date":"2020-10-30T17:44:22","date_gmt":"2020-10-30T16:44:23","guid":{"rendered":"https:\/\/caraudioworld.eu\/?post_type=product&#038;p=8558"},"modified":"2023-05-17T23:02:37","modified_gmt":"2023-05-17T21:02:37","slug":"awave-dsp4-1v2","status":"publish","type":"product","link":"https:\/\/caraudioworld.eu\/cs\/produkt\/awave-dsp4-1v2\/","title":{"rendered":"Awave DSP4.1V4"},"content":{"rendered":"","protected":false},"excerpt":{"rendered":"<p>P\u0159iv\u00edtejte nov\u00fd <strong>Awave DSP 4.1V4<\/strong>\u00a0zesilova\u010d t\u0159\u00eddy D se zabudovan\u00fdm DSP. Tento jedine\u010dn\u00fd 5 kan\u00e1lov\u00fd zesilova\u010d nab\u00edz\u00ed: 4 kan\u00e1ly na libovoln\u00fd typ reproduktor\u016f + 1 \u200b\u200bsiln\u011bj\u0161\u00ed kan\u00e1l pro subwoofer. Kompaktn\u00ed \u0159e\u0161en\u00ed pro va\u0161e audio za bezkonkuren\u010dn\u00ed cenu p\u0159i\u010dem\u017e mo\u017enosti vyu\u017eit\u00ed jsou jen na v\u00e1s!<\/p>\n<p>Tipy na nejlep\u0161\u00ed vyu\u017eit\u00ed:<\/p>\n<ul>\n<li>2 kan\u00e1ly na reproduktory v p\u0159edn\u00edch dve\u0159\u00edch, 2 kan\u00e1ly na reproduktory v zadn\u00edch dve\u0159\u00edch, 1 kan\u00e1l na subwoofer<\/li>\n<li>4 kan\u00e1ly na reproduktory v p\u0159edn\u00edch dve\u0159\u00edch (2 p\u00e1smov\u00fd set: st\u0159edobas + v\u00fd\u0161k\u00e1\u010d \/ st\u0159edobas + \u0161irokop\u00e1smov\u00fd repr.) V aktivn\u00edm zapojen\u00ed, 1 kan\u00e1l na subwoofer<\/li>\n<\/ul>\n<p>v\u00fdkon:<br \/>\n4 x 65 W RMS @ 4 Ohm + 300W RMS @ 2 ohm (sub)<\/p>\n<p>&#8211; 2 kan\u00e1lov\u00fd v\u00fdstup RCA (4V) pro napojen\u00ed dodate\u010dn\u00e9ho zesilova\u010de (mo\u017en\u00e9 ovl\u00e1dat a nastavovat p\u0159es DSP !!)<br \/>\n&#8211; Crossover: Fullrange, HP, LP, BP pro ka\u017ed\u00fd jeden reproduktor \/ kan\u00e1l<br \/>\n&#8211; Slope filtru: 6\/12\/18\/24\/30\/36\/42\/48 dB \/ okt.<br \/>\n&#8211; Frekven\u010dn\u00ed rozsah: 10 &#8211; 20 000 Hz<br \/>\n&#8211; f\u00e1ze 0 \u00b0 \/ 180 \u00b0<br \/>\n&#8211; \u010casov\u00e1 prodleva: 0 &#8211; 15 ms<br \/>\n&#8211; Pln\u011b parametrick\u00fd ekvaliz\u00e9r: mo\u017enost p\u0159izp\u016fsobit frekvence, hlasitost i Q faktor ekvaliz\u00e9ru!<br \/>\n&#8211; K dispozici <a style=\"color: blue;\" href=\"https:\/\/caraudioworld.eu\/cs\/produkt\/awave-b5v2-bt-modul\/\" target=\"_blank\" rel=\"noopener noreferrer\">Awave B5V2 BT Modul<\/a> na streamov\u00e1n\u00ed hudby (nutno dokoupit)<br \/>\n&#8211; Rozm\u011bry: 230 x 160 x 50 mm<\/p>\n<p>Manual: <a style=\"color: blue;\" href=\"https:\/\/caraudioworld.eu\/wp-content\/uploads\/2020\/10\/manual.pdf\" target=\"_blank\" rel=\"noopener noreferrer\">Download<\/a><br \/>\nPC Software: <span style=\"text-decoration: underline;\"><strong>Na vy\u017e\u00e1d\u00e1n\u00ed (email)<\/strong><\/span><\/p>\n","protected":false},"featured_media":9671,"comment_status":"open","ping_status":"closed","template":"","meta":[],"product_brand":[],"product_cat":[422,323,420,326,427],"product_tag":[333],"class_list":{"0":"post-8558","1":"product","2":"type-product","3":"status-publish","4":"has-post-thumbnail","6":"product_cat-4-kanal-cs","7":"product_cat-dsp-cs","8":"product_cat-zesilovace","9":"product_cat-zesilovace-s-dsp","10":"product_cat-zesilovace-s-dsp-cs","11":"product_tag-awave-cs","13":"first","14":"instock","15":"taxable","16":"shipping-taxable","17":"purchasable","18":"product-type-simple"},"yoast_head":"<!-- This site is optimized with the Yoast SEO plugin v27.3 - https:\/\/yoast.com\/product\/yoast-seo-wordpress\/ -->\n<title>Awave DSP4.1V4 - CARAUDIOWORLD<\/title>\n<meta name=\"description\" content=\"P\u0159iv\u00edtejte nov\u00fd Awave DSP 4.1V4\u00a0zesilova\u010d t\u0159\u00eddy D se zabudovan\u00fdm DSP. Tento jedine\u010dn\u00fd 5 kan\u00e1lov\u00fd zesilova\u010d nab\u00edz\u00ed: 4 kan\u00e1ly na libovoln\u00fd typ reproduktor\u016f + 1 \u200b\u200bsiln\u011bj\u0161\u00ed kan\u00e1l pro subwoofer. Kompaktn\u00ed \u0159e\u0161en\u00ed pro va\u0161e audio za bezkonkuren\u010dn\u00ed cenu p\u0159i\u010dem\u017e mo\u017enosti vyu\u017eit\u00ed jsou jen na v\u00e1s!  Tipy na nejlep\u0161\u00ed vyu\u017eit\u00ed:   2 kan\u00e1ly na reproduktory v p\u0159edn\u00edch dve\u0159\u00edch, 2 kan\u00e1ly na reproduktory v zadn\u00edch dve\u0159\u00edch, 1 kan\u00e1l na subwoofer  4 kan\u00e1ly na reproduktory v p\u0159edn\u00edch dve\u0159\u00edch (2 p\u00e1smov\u00fd set: st\u0159edobas + v\u00fd\u0161k\u00e1\u010d \/ st\u0159edobas + \u0161irokop\u00e1smov\u00fd repr.) V aktivn\u00edm zapojen\u00ed, 1 kan\u00e1l na subwoofer  v\u00fdkon: 4 x 65 W RMS @ 4 Ohm + 300W RMS @ 2 ohm (sub)  - 2 kan\u00e1lov\u00fd v\u00fdstup RCA (4V) pro napojen\u00ed dodate\u010dn\u00e9ho zesilova\u010de (mo\u017en\u00e9 ovl\u00e1dat a nastavovat p\u0159es DSP !!) - Crossover: Fullrange, HP, LP, BP pro ka\u017ed\u00fd jeden reproduktor \/ kan\u00e1l - Slope filtru: 6\/12\/18\/24\/30\/36\/42\/48 dB \/ okt. - Frekven\u010dn\u00ed rozsah: 10 - 20 000 Hz - f\u00e1ze 0 \u00b0 \/ 180 \u00b0 - \u010casov\u00e1 prodleva: 0 - 15 ms - Pln\u011b parametrick\u00fd ekvaliz\u00e9r: mo\u017enost p\u0159izp\u016fsobit frekvence, hlasitost i Q faktor ekvaliz\u00e9ru! - K dispozici Awave B5V2 BT Modul na streamov\u00e1n\u00ed hudby (nutno dokoupit) - Rozm\u011bry: 230 x 160 x 50 mm  Manual: Download PC Software: Na vy\u017e\u00e1d\u00e1n\u00ed (email)\" \/>\n<meta name=\"robots\" content=\"index, follow, max-snippet:-1, max-image-preview:large, max-video-preview:-1\" \/>\n<link rel=\"canonical\" href=\"https:\/\/caraudioworld.eu\/cs\/produkt\/awave-dsp4-1v2\/\" \/>\n<meta property=\"og:locale\" content=\"cs_CZ\" \/>\n<meta property=\"og:type\" content=\"article\" \/>\n<meta property=\"og:title\" content=\"Awave DSP4.1V4 - CARAUDIOWORLD\" \/>\n<meta property=\"og:description\" content=\"P\u0159iv\u00edtejte nov\u00fd Awave DSP 4.1V4\u00a0zesilova\u010d t\u0159\u00eddy D se zabudovan\u00fdm DSP. Tento jedine\u010dn\u00fd 5 kan\u00e1lov\u00fd zesilova\u010d nab\u00edz\u00ed: 4 kan\u00e1ly na libovoln\u00fd typ reproduktor\u016f + 1 \u200b\u200bsiln\u011bj\u0161\u00ed kan\u00e1l pro subwoofer. Kompaktn\u00ed \u0159e\u0161en\u00ed pro va\u0161e audio za bezkonkuren\u010dn\u00ed cenu p\u0159i\u010dem\u017e mo\u017enosti vyu\u017eit\u00ed jsou jen na v\u00e1s!  Tipy na nejlep\u0161\u00ed vyu\u017eit\u00ed:   2 kan\u00e1ly na reproduktory v p\u0159edn\u00edch dve\u0159\u00edch, 2 kan\u00e1ly na reproduktory v zadn\u00edch dve\u0159\u00edch, 1 kan\u00e1l na subwoofer  4 kan\u00e1ly na reproduktory v p\u0159edn\u00edch dve\u0159\u00edch (2 p\u00e1smov\u00fd set: st\u0159edobas + v\u00fd\u0161k\u00e1\u010d \/ st\u0159edobas + \u0161irokop\u00e1smov\u00fd repr.) V aktivn\u00edm zapojen\u00ed, 1 kan\u00e1l na subwoofer  v\u00fdkon: 4 x 65 W RMS @ 4 Ohm + 300W RMS @ 2 ohm (sub)  - 2 kan\u00e1lov\u00fd v\u00fdstup RCA (4V) pro napojen\u00ed dodate\u010dn\u00e9ho zesilova\u010de (mo\u017en\u00e9 ovl\u00e1dat a nastavovat p\u0159es DSP !!) - Crossover: Fullrange, HP, LP, BP pro ka\u017ed\u00fd jeden reproduktor \/ kan\u00e1l - Slope filtru: 6\/12\/18\/24\/30\/36\/42\/48 dB \/ okt. - Frekven\u010dn\u00ed rozsah: 10 - 20 000 Hz - f\u00e1ze 0 \u00b0 \/ 180 \u00b0 - \u010casov\u00e1 prodleva: 0 - 15 ms - Pln\u011b parametrick\u00fd ekvaliz\u00e9r: mo\u017enost p\u0159izp\u016fsobit frekvence, hlasitost i Q faktor ekvaliz\u00e9ru! - K dispozici Awave B5V2 BT Modul na streamov\u00e1n\u00ed hudby (nutno dokoupit) - Rozm\u011bry: 230 x 160 x 50 mm  Manual: Download PC Software: Na vy\u017e\u00e1d\u00e1n\u00ed (email)\" \/>\n<meta property=\"og:url\" content=\"https:\/\/caraudioworld.eu\/cs\/produkt\/awave-dsp4-1v2\/\" \/>\n<meta property=\"og:site_name\" content=\"CARAUDIOWORLD\" \/>\n<meta property=\"article:publisher\" content=\"https:\/\/www.facebook.com\/caraudioworld.eu\" \/>\n<meta property=\"article:modified_time\" content=\"2023-05-17T21:02:37+00:00\" \/>\n<meta property=\"og:image\" content=\"https:\/\/caraudioworld.eu\/wp-content\/uploads\/2020\/10\/Screenshot-2023-05-17-224836.png\" \/>\n\t<meta property=\"og:image:width\" content=\"2178\" \/>\n\t<meta property=\"og:image:height\" content=\"1223\" \/>\n\t<meta property=\"og:image:type\" content=\"image\/png\" \/>\n<meta name=\"twitter:card\" content=\"summary_large_image\" \/>\n<script type=\"application\/ld+json\" class=\"yoast-schema-graph\">{\"@context\":\"https:\\\/\\\/schema.org\",\"@graph\":[{\"@type\":\"WebPage\",\"@id\":\"https:\\\/\\\/caraudioworld.eu\\\/cs\\\/produkt\\\/awave-dsp4-1v2\\\/\",\"url\":\"https:\\\/\\\/caraudioworld.eu\\\/cs\\\/produkt\\\/awave-dsp4-1v2\\\/\",\"name\":\"Awave DSP4.1V4 - CARAUDIOWORLD\",\"isPartOf\":{\"@id\":\"https:\\\/\\\/caraudioworld.eu\\\/cs\\\/#website\"},\"primaryImageOfPage\":{\"@id\":\"https:\\\/\\\/caraudioworld.eu\\\/cs\\\/produkt\\\/awave-dsp4-1v2\\\/#primaryimage\"},\"image\":{\"@id\":\"https:\\\/\\\/caraudioworld.eu\\\/cs\\\/produkt\\\/awave-dsp4-1v2\\\/#primaryimage\"},\"thumbnailUrl\":\"https:\\\/\\\/caraudioworld.eu\\\/wp-content\\\/uploads\\\/2020\\\/10\\\/Screenshot-2023-05-17-224836.png\",\"datePublished\":\"2020-10-30T16:44:23+00:00\",\"dateModified\":\"2023-05-17T21:02:37+00:00\",\"description\":\"P\u0159iv\u00edtejte nov\u00fd Awave DSP 4.1V4\u00a0zesilova\u010d t\u0159\u00eddy D se zabudovan\u00fdm DSP. Tento jedine\u010dn\u00fd 5 kan\u00e1lov\u00fd zesilova\u010d nab\u00edz\u00ed: 4 kan\u00e1ly na libovoln\u00fd typ reproduktor\u016f + 1 \u200b\u200bsiln\u011bj\u0161\u00ed kan\u00e1l pro subwoofer. Kompaktn\u00ed \u0159e\u0161en\u00ed pro va\u0161e audio za bezkonkuren\u010dn\u00ed cenu p\u0159i\u010dem\u017e mo\u017enosti vyu\u017eit\u00ed jsou jen na v\u00e1s! Tipy na nejlep\u0161\u00ed vyu\u017eit\u00ed: 2 kan\u00e1ly na reproduktory v p\u0159edn\u00edch dve\u0159\u00edch, 2 kan\u00e1ly na reproduktory v zadn\u00edch dve\u0159\u00edch, 1 kan\u00e1l na subwoofer 4 kan\u00e1ly na reproduktory v p\u0159edn\u00edch dve\u0159\u00edch (2 p\u00e1smov\u00fd set: st\u0159edobas + v\u00fd\u0161k\u00e1\u010d \\\/ st\u0159edobas + \u0161irokop\u00e1smov\u00fd repr.) V aktivn\u00edm zapojen\u00ed, 1 kan\u00e1l na subwoofer v\u00fdkon: 4 x 65 W RMS @ 4 Ohm + 300W RMS @ 2 ohm (sub) - 2 kan\u00e1lov\u00fd v\u00fdstup RCA (4V) pro napojen\u00ed dodate\u010dn\u00e9ho zesilova\u010de (mo\u017en\u00e9 ovl\u00e1dat a nastavovat p\u0159es DSP !!) - Crossover: Fullrange, HP, LP, BP pro ka\u017ed\u00fd jeden reproduktor \\\/ kan\u00e1l - Slope filtru: 6\\\/12\\\/18\\\/24\\\/30\\\/36\\\/42\\\/48 dB \\\/ okt. - Frekven\u010dn\u00ed rozsah: 10 - 20 000 Hz - f\u00e1ze 0 \u00b0 \\\/ 180 \u00b0 - \u010casov\u00e1 prodleva: 0 - 15 ms - Pln\u011b parametrick\u00fd ekvaliz\u00e9r: mo\u017enost p\u0159izp\u016fsobit frekvence, hlasitost i Q faktor ekvaliz\u00e9ru! - K dispozici Awave B5V2 BT Modul na streamov\u00e1n\u00ed hudby (nutno dokoupit) - Rozm\u011bry: 230 x 160 x 50 mm Manual: Download PC Software: Na vy\u017e\u00e1d\u00e1n\u00ed (email)\",\"breadcrumb\":{\"@id\":\"https:\\\/\\\/caraudioworld.eu\\\/cs\\\/produkt\\\/awave-dsp4-1v2\\\/#breadcrumb\"},\"inLanguage\":\"cs\",\"potentialAction\":[{\"@type\":\"ReadAction\",\"target\":[\"https:\\\/\\\/caraudioworld.eu\\\/cs\\\/produkt\\\/awave-dsp4-1v2\\\/\"]}]},{\"@type\":\"ImageObject\",\"inLanguage\":\"cs\",\"@id\":\"https:\\\/\\\/caraudioworld.eu\\\/cs\\\/produkt\\\/awave-dsp4-1v2\\\/#primaryimage\",\"url\":\"https:\\\/\\\/caraudioworld.eu\\\/wp-content\\\/uploads\\\/2020\\\/10\\\/Screenshot-2023-05-17-224836.png\",\"contentUrl\":\"https:\\\/\\\/caraudioworld.eu\\\/wp-content\\\/uploads\\\/2020\\\/10\\\/Screenshot-2023-05-17-224836.png\",\"width\":2178,\"height\":1223,\"caption\":\"Awave DSP4.1V4\"},{\"@type\":\"BreadcrumbList\",\"@id\":\"https:\\\/\\\/caraudioworld.eu\\\/cs\\\/produkt\\\/awave-dsp4-1v2\\\/#breadcrumb\",\"itemListElement\":[{\"@type\":\"ListItem\",\"position\":1,\"name\":\"Home\",\"item\":\"https:\\\/\\\/caraudioworld.eu\\\/cs\\\/\"},{\"@type\":\"ListItem\",\"position\":2,\"name\":\"Obchod\",\"item\":\"https:\\\/\\\/caraudioworld.eu\\\/cs\\\/obchod\\\/\"},{\"@type\":\"ListItem\",\"position\":3,\"name\":\"Awave DSP4.1V4\"}]},{\"@type\":\"WebSite\",\"@id\":\"https:\\\/\\\/caraudioworld.eu\\\/cs\\\/#website\",\"url\":\"https:\\\/\\\/caraudioworld.eu\\\/cs\\\/\",\"name\":\"CARAUDIOWORLD\",\"description\":\"Audio Heaven\",\"publisher\":{\"@id\":\"https:\\\/\\\/caraudioworld.eu\\\/cs\\\/#organization\"},\"potentialAction\":[{\"@type\":\"SearchAction\",\"target\":{\"@type\":\"EntryPoint\",\"urlTemplate\":\"https:\\\/\\\/caraudioworld.eu\\\/cs\\\/?s={search_term_string}\"},\"query-input\":{\"@type\":\"PropertyValueSpecification\",\"valueRequired\":true,\"valueName\":\"search_term_string\"}}],\"inLanguage\":\"cs\"},{\"@type\":\"Organization\",\"@id\":\"https:\\\/\\\/caraudioworld.eu\\\/cs\\\/#organization\",\"name\":\"CARAUDIOWORLD.eu\",\"url\":\"https:\\\/\\\/caraudioworld.eu\\\/cs\\\/\",\"logo\":{\"@type\":\"ImageObject\",\"inLanguage\":\"cs\",\"@id\":\"https:\\\/\\\/caraudioworld.eu\\\/cs\\\/#\\\/schema\\\/logo\\\/image\\\/\",\"url\":\"https:\\\/\\\/caraudioworld.eu\\\/wp-content\\\/uploads\\\/2020\\\/10\\\/CAW_rounded.png\",\"contentUrl\":\"https:\\\/\\\/caraudioworld.eu\\\/wp-content\\\/uploads\\\/2020\\\/10\\\/CAW_rounded.png\",\"width\":510,\"height\":510,\"caption\":\"CARAUDIOWORLD.eu\"},\"image\":{\"@id\":\"https:\\\/\\\/caraudioworld.eu\\\/cs\\\/#\\\/schema\\\/logo\\\/image\\\/\"},\"sameAs\":[\"https:\\\/\\\/www.facebook.com\\\/caraudioworld.eu\",\"https:\\\/\\\/www.instagram.com\\\/caraudioworld.eu\\\/\"]}]}<\/script>\n<!-- \/ Yoast SEO plugin. -->","yoast_head_json":{"title":"Awave DSP4.1V4 - CARAUDIOWORLD","description":"P\u0159iv\u00edtejte nov\u00fd Awave DSP 4.1V4\u00a0zesilova\u010d t\u0159\u00eddy D se zabudovan\u00fdm DSP. Tento jedine\u010dn\u00fd 5 kan\u00e1lov\u00fd zesilova\u010d nab\u00edz\u00ed: 4 kan\u00e1ly na libovoln\u00fd typ reproduktor\u016f + 1 \u200b\u200bsiln\u011bj\u0161\u00ed kan\u00e1l pro subwoofer. Kompaktn\u00ed \u0159e\u0161en\u00ed pro va\u0161e audio za bezkonkuren\u010dn\u00ed cenu p\u0159i\u010dem\u017e mo\u017enosti vyu\u017eit\u00ed jsou jen na v\u00e1s!  Tipy na nejlep\u0161\u00ed vyu\u017eit\u00ed:   2 kan\u00e1ly na reproduktory v p\u0159edn\u00edch dve\u0159\u00edch, 2 kan\u00e1ly na reproduktory v zadn\u00edch dve\u0159\u00edch, 1 kan\u00e1l na subwoofer  4 kan\u00e1ly na reproduktory v p\u0159edn\u00edch dve\u0159\u00edch (2 p\u00e1smov\u00fd set: st\u0159edobas + v\u00fd\u0161k\u00e1\u010d \/ st\u0159edobas + \u0161irokop\u00e1smov\u00fd repr.) V aktivn\u00edm zapojen\u00ed, 1 kan\u00e1l na subwoofer  v\u00fdkon: 4 x 65 W RMS @ 4 Ohm + 300W RMS @ 2 ohm (sub)  - 2 kan\u00e1lov\u00fd v\u00fdstup RCA (4V) pro napojen\u00ed dodate\u010dn\u00e9ho zesilova\u010de (mo\u017en\u00e9 ovl\u00e1dat a nastavovat p\u0159es DSP !!) - Crossover: Fullrange, HP, LP, BP pro ka\u017ed\u00fd jeden reproduktor \/ kan\u00e1l - Slope filtru: 6\/12\/18\/24\/30\/36\/42\/48 dB \/ okt. - Frekven\u010dn\u00ed rozsah: 10 - 20 000 Hz - f\u00e1ze 0 \u00b0 \/ 180 \u00b0 - \u010casov\u00e1 prodleva: 0 - 15 ms - Pln\u011b parametrick\u00fd ekvaliz\u00e9r: mo\u017enost p\u0159izp\u016fsobit frekvence, hlasitost i Q faktor ekvaliz\u00e9ru! - K dispozici Awave B5V2 BT Modul na streamov\u00e1n\u00ed hudby (nutno dokoupit) - Rozm\u011bry: 230 x 160 x 50 mm  Manual: Download PC Software: Na vy\u017e\u00e1d\u00e1n\u00ed (email)","robots":{"index":"index","follow":"follow","max-snippet":"max-snippet:-1","max-image-preview":"max-image-preview:large","max-video-preview":"max-video-preview:-1"},"canonical":"https:\/\/caraudioworld.eu\/cs\/produkt\/awave-dsp4-1v2\/","og_locale":"cs_CZ","og_type":"article","og_title":"Awave DSP4.1V4 - CARAUDIOWORLD","og_description":"P\u0159iv\u00edtejte nov\u00fd Awave DSP 4.1V4\u00a0zesilova\u010d t\u0159\u00eddy D se zabudovan\u00fdm DSP. Tento jedine\u010dn\u00fd 5 kan\u00e1lov\u00fd zesilova\u010d nab\u00edz\u00ed: 4 kan\u00e1ly na libovoln\u00fd typ reproduktor\u016f + 1 \u200b\u200bsiln\u011bj\u0161\u00ed kan\u00e1l pro subwoofer. Kompaktn\u00ed \u0159e\u0161en\u00ed pro va\u0161e audio za bezkonkuren\u010dn\u00ed cenu p\u0159i\u010dem\u017e mo\u017enosti vyu\u017eit\u00ed jsou jen na v\u00e1s!  Tipy na nejlep\u0161\u00ed vyu\u017eit\u00ed:   2 kan\u00e1ly na reproduktory v p\u0159edn\u00edch dve\u0159\u00edch, 2 kan\u00e1ly na reproduktory v zadn\u00edch dve\u0159\u00edch, 1 kan\u00e1l na subwoofer  4 kan\u00e1ly na reproduktory v p\u0159edn\u00edch dve\u0159\u00edch (2 p\u00e1smov\u00fd set: st\u0159edobas + v\u00fd\u0161k\u00e1\u010d \/ st\u0159edobas + \u0161irokop\u00e1smov\u00fd repr.) V aktivn\u00edm zapojen\u00ed, 1 kan\u00e1l na subwoofer  v\u00fdkon: 4 x 65 W RMS @ 4 Ohm + 300W RMS @ 2 ohm (sub)  - 2 kan\u00e1lov\u00fd v\u00fdstup RCA (4V) pro napojen\u00ed dodate\u010dn\u00e9ho zesilova\u010de (mo\u017en\u00e9 ovl\u00e1dat a nastavovat p\u0159es DSP !!) - Crossover: Fullrange, HP, LP, BP pro ka\u017ed\u00fd jeden reproduktor \/ kan\u00e1l - Slope filtru: 6\/12\/18\/24\/30\/36\/42\/48 dB \/ okt. - Frekven\u010dn\u00ed rozsah: 10 - 20 000 Hz - f\u00e1ze 0 \u00b0 \/ 180 \u00b0 - \u010casov\u00e1 prodleva: 0 - 15 ms - Pln\u011b parametrick\u00fd ekvaliz\u00e9r: mo\u017enost p\u0159izp\u016fsobit frekvence, hlasitost i Q faktor ekvaliz\u00e9ru! - K dispozici Awave B5V2 BT Modul na streamov\u00e1n\u00ed hudby (nutno dokoupit) - Rozm\u011bry: 230 x 160 x 50 mm  Manual: Download PC Software: Na vy\u017e\u00e1d\u00e1n\u00ed (email)","og_url":"https:\/\/caraudioworld.eu\/cs\/produkt\/awave-dsp4-1v2\/","og_site_name":"CARAUDIOWORLD","article_publisher":"https:\/\/www.facebook.com\/caraudioworld.eu","article_modified_time":"2023-05-17T21:02:37+00:00","og_image":[{"width":2178,"height":1223,"url":"https:\/\/caraudioworld.eu\/wp-content\/uploads\/2020\/10\/Screenshot-2023-05-17-224836.png","type":"image\/png"}],"twitter_card":"summary_large_image","schema":{"@context":"https:\/\/schema.org","@graph":[{"@type":"WebPage","@id":"https:\/\/caraudioworld.eu\/cs\/produkt\/awave-dsp4-1v2\/","url":"https:\/\/caraudioworld.eu\/cs\/produkt\/awave-dsp4-1v2\/","name":"Awave DSP4.1V4 - CARAUDIOWORLD","isPartOf":{"@id":"https:\/\/caraudioworld.eu\/cs\/#website"},"primaryImageOfPage":{"@id":"https:\/\/caraudioworld.eu\/cs\/produkt\/awave-dsp4-1v2\/#primaryimage"},"image":{"@id":"https:\/\/caraudioworld.eu\/cs\/produkt\/awave-dsp4-1v2\/#primaryimage"},"thumbnailUrl":"https:\/\/caraudioworld.eu\/wp-content\/uploads\/2020\/10\/Screenshot-2023-05-17-224836.png","datePublished":"2020-10-30T16:44:23+00:00","dateModified":"2023-05-17T21:02:37+00:00","description":"P\u0159iv\u00edtejte nov\u00fd Awave DSP 4.1V4\u00a0zesilova\u010d t\u0159\u00eddy D se zabudovan\u00fdm DSP. Tento jedine\u010dn\u00fd 5 kan\u00e1lov\u00fd zesilova\u010d nab\u00edz\u00ed: 4 kan\u00e1ly na libovoln\u00fd typ reproduktor\u016f + 1 \u200b\u200bsiln\u011bj\u0161\u00ed kan\u00e1l pro subwoofer. Kompaktn\u00ed \u0159e\u0161en\u00ed pro va\u0161e audio za bezkonkuren\u010dn\u00ed cenu p\u0159i\u010dem\u017e mo\u017enosti vyu\u017eit\u00ed jsou jen na v\u00e1s! Tipy na nejlep\u0161\u00ed vyu\u017eit\u00ed: 2 kan\u00e1ly na reproduktory v p\u0159edn\u00edch dve\u0159\u00edch, 2 kan\u00e1ly na reproduktory v zadn\u00edch dve\u0159\u00edch, 1 kan\u00e1l na subwoofer 4 kan\u00e1ly na reproduktory v p\u0159edn\u00edch dve\u0159\u00edch (2 p\u00e1smov\u00fd set: st\u0159edobas + v\u00fd\u0161k\u00e1\u010d \/ st\u0159edobas + \u0161irokop\u00e1smov\u00fd repr.) V aktivn\u00edm zapojen\u00ed, 1 kan\u00e1l na subwoofer v\u00fdkon: 4 x 65 W RMS @ 4 Ohm + 300W RMS @ 2 ohm (sub) - 2 kan\u00e1lov\u00fd v\u00fdstup RCA (4V) pro napojen\u00ed dodate\u010dn\u00e9ho zesilova\u010de (mo\u017en\u00e9 ovl\u00e1dat a nastavovat p\u0159es DSP !!) - Crossover: Fullrange, HP, LP, BP pro ka\u017ed\u00fd jeden reproduktor \/ kan\u00e1l - Slope filtru: 6\/12\/18\/24\/30\/36\/42\/48 dB \/ okt. - Frekven\u010dn\u00ed rozsah: 10 - 20 000 Hz - f\u00e1ze 0 \u00b0 \/ 180 \u00b0 - \u010casov\u00e1 prodleva: 0 - 15 ms - Pln\u011b parametrick\u00fd ekvaliz\u00e9r: mo\u017enost p\u0159izp\u016fsobit frekvence, hlasitost i Q faktor ekvaliz\u00e9ru! - K dispozici Awave B5V2 BT Modul na streamov\u00e1n\u00ed hudby (nutno dokoupit) - Rozm\u011bry: 230 x 160 x 50 mm Manual: Download PC Software: Na vy\u017e\u00e1d\u00e1n\u00ed (email)","breadcrumb":{"@id":"https:\/\/caraudioworld.eu\/cs\/produkt\/awave-dsp4-1v2\/#breadcrumb"},"inLanguage":"cs","potentialAction":[{"@type":"ReadAction","target":["https:\/\/caraudioworld.eu\/cs\/produkt\/awave-dsp4-1v2\/"]}]},{"@type":"ImageObject","inLanguage":"cs","@id":"https:\/\/caraudioworld.eu\/cs\/produkt\/awave-dsp4-1v2\/#primaryimage","url":"https:\/\/caraudioworld.eu\/wp-content\/uploads\/2020\/10\/Screenshot-2023-05-17-224836.png","contentUrl":"https:\/\/caraudioworld.eu\/wp-content\/uploads\/2020\/10\/Screenshot-2023-05-17-224836.png","width":2178,"height":1223,"caption":"Awave DSP4.1V4"},{"@type":"BreadcrumbList","@id":"https:\/\/caraudioworld.eu\/cs\/produkt\/awave-dsp4-1v2\/#breadcrumb","itemListElement":[{"@type":"ListItem","position":1,"name":"Home","item":"https:\/\/caraudioworld.eu\/cs\/"},{"@type":"ListItem","position":2,"name":"Obchod","item":"https:\/\/caraudioworld.eu\/cs\/obchod\/"},{"@type":"ListItem","position":3,"name":"Awave DSP4.1V4"}]},{"@type":"WebSite","@id":"https:\/\/caraudioworld.eu\/cs\/#website","url":"https:\/\/caraudioworld.eu\/cs\/","name":"CARAUDIOWORLD","description":"Audio Heaven","publisher":{"@id":"https:\/\/caraudioworld.eu\/cs\/#organization"},"potentialAction":[{"@type":"SearchAction","target":{"@type":"EntryPoint","urlTemplate":"https:\/\/caraudioworld.eu\/cs\/?s={search_term_string}"},"query-input":{"@type":"PropertyValueSpecification","valueRequired":true,"valueName":"search_term_string"}}],"inLanguage":"cs"},{"@type":"Organization","@id":"https:\/\/caraudioworld.eu\/cs\/#organization","name":"CARAUDIOWORLD.eu","url":"https:\/\/caraudioworld.eu\/cs\/","logo":{"@type":"ImageObject","inLanguage":"cs","@id":"https:\/\/caraudioworld.eu\/cs\/#\/schema\/logo\/image\/","url":"https:\/\/caraudioworld.eu\/wp-content\/uploads\/2020\/10\/CAW_rounded.png","contentUrl":"https:\/\/caraudioworld.eu\/wp-content\/uploads\/2020\/10\/CAW_rounded.png","width":510,"height":510,"caption":"CARAUDIOWORLD.eu"},"image":{"@id":"https:\/\/caraudioworld.eu\/cs\/#\/schema\/logo\/image\/"},"sameAs":["https:\/\/www.facebook.com\/caraudioworld.eu","https:\/\/www.instagram.com\/caraudioworld.eu\/"]}]}},"_links":{"self":[{"href":"https:\/\/caraudioworld.eu\/cs\/wp-json\/wp\/v2\/product\/8558","targetHints":{"allow":["GET"]}}],"collection":[{"href":"https:\/\/caraudioworld.eu\/cs\/wp-json\/wp\/v2\/product"}],"about":[{"href":"https:\/\/caraudioworld.eu\/cs\/wp-json\/wp\/v2\/types\/product"}],"replies":[{"embeddable":true,"href":"https:\/\/caraudioworld.eu\/cs\/wp-json\/wp\/v2\/comments?post=8558"}],"wp:featuredmedia":[{"embeddable":true,"href":"https:\/\/caraudioworld.eu\/cs\/wp-json\/wp\/v2\/media\/9671"}],"wp:attachment":[{"href":"https:\/\/caraudioworld.eu\/cs\/wp-json\/wp\/v2\/media?parent=8558"}],"wp:term":[{"taxonomy":"product_brand","embeddable":true,"href":"https:\/\/caraudioworld.eu\/cs\/wp-json\/wp\/v2\/product_brand?post=8558"},{"taxonomy":"product_cat","embeddable":true,"href":"https:\/\/caraudioworld.eu\/cs\/wp-json\/wp\/v2\/product_cat?post=8558"},{"taxonomy":"product_tag","embeddable":true,"href":"https:\/\/caraudioworld.eu\/cs\/wp-json\/wp\/v2\/product_tag?post=8558"}],"curies":[{"name":"wp","href":"https:\/\/api.w.org\/{rel}","templated":true}]}}