{"id":8683,"date":"2020-11-15T21:23:56","date_gmt":"2020-11-15T20:23:56","guid":{"rendered":"https:\/\/caraudioworld.eu\/produkt\/audiosystem-ass-12\/"},"modified":"2020-11-15T21:23:56","modified_gmt":"2020-11-15T20:23:56","slug":"audiosystem-ass-12","status":"publish","type":"product","link":"https:\/\/caraudioworld.eu\/cs\/produkt\/audiosystem-ass-12\/","title":{"rendered":"Audiosystem ASS-12"},"content":{"rendered":"","protected":false},"excerpt":{"rendered":"<p>Nov\u00fd subwoofer od Italsk\u00e9 zna\u010dky Audiosystem nab\u00edzej\u00edc\u00ed super zvuk a vysokou \u00farove\u0148 tlaku za p\u0159ijatelnou cenu.<\/p>\n<p>Velikost: 12&#8243; (30 cm)<br \/>V\u00fdkon: 1000W RMS (2000W Max)<br \/>Impedance: 2&#215;2 Ohm<br \/>Magnet: 145oz<br \/>FS: 34 Hz<br \/>QTS: 0.625<\/p>\n","protected":false},"featured_media":8583,"comment_status":"open","ping_status":"closed","template":"","meta":[],"product_brand":[],"product_cat":[403,417],"product_tag":[332],"class_list":{"0":"post-8683","1":"product","2":"type-product","3":"status-publish","4":"has-post-thumbnail","6":"product_cat-reproduktory-cs","7":"product_cat-subwoofer-cs","8":"product_tag-audiosystem-cs","10":"first","11":"instock","12":"taxable","13":"shipping-taxable","14":"purchasable","15":"product-type-simple"},"yoast_head":"<!-- This site is optimized with the Yoast SEO plugin v27.3 - https:\/\/yoast.com\/product\/yoast-seo-wordpress\/ -->\n<title>Audiosystem ASS-12 - CARAUDIOWORLD<\/title>\n<meta name=\"description\" content=\"Nov\u00fd subwoofer od Italsk\u00e9 zna\u010dky Audiosystem nab\u00edzej\u00edc\u00ed super zvuk a vysokou \u00farove\u0148 tlaku za p\u0159ijatelnou cenu. Velikost: 12&quot; (30 cm)V\u00fdkon: 1000W RMS (2000W Max)Impedance: 2x2 OhmMagnet: 145ozFS: 34 HzQTS: 0.625\" \/>\n<meta name=\"robots\" content=\"index, follow, max-snippet:-1, max-image-preview:large, max-video-preview:-1\" \/>\n<link rel=\"canonical\" href=\"https:\/\/caraudioworld.eu\/cs\/produkt\/audiosystem-ass-12\/\" \/>\n<meta property=\"og:locale\" content=\"cs_CZ\" \/>\n<meta property=\"og:type\" content=\"article\" \/>\n<meta property=\"og:title\" content=\"Audiosystem ASS-12 - CARAUDIOWORLD\" \/>\n<meta property=\"og:description\" content=\"Nov\u00fd subwoofer od Italsk\u00e9 zna\u010dky Audiosystem nab\u00edzej\u00edc\u00ed super zvuk a vysokou \u00farove\u0148 tlaku za p\u0159ijatelnou cenu. Velikost: 12&quot; (30 cm)V\u00fdkon: 1000W RMS (2000W Max)Impedance: 2x2 OhmMagnet: 145ozFS: 34 HzQTS: 0.625\" \/>\n<meta property=\"og:url\" content=\"https:\/\/caraudioworld.eu\/cs\/produkt\/audiosystem-ass-12\/\" \/>\n<meta property=\"og:site_name\" content=\"CARAUDIOWORLD\" \/>\n<meta property=\"article:publisher\" content=\"https:\/\/www.facebook.com\/caraudioworld.eu\" \/>\n<meta property=\"og:image\" content=\"https:\/\/caraudioworld.eu\/wp-content\/uploads\/2020\/11\/audiosyste-ass12-2.jpg\" \/>\n\t<meta property=\"og:image:width\" content=\"1000\" \/>\n\t<meta property=\"og:image:height\" content=\"700\" \/>\n\t<meta property=\"og:image:type\" content=\"image\/jpeg\" \/>\n<meta name=\"twitter:card\" content=\"summary_large_image\" \/>\n<script type=\"application\/ld+json\" class=\"yoast-schema-graph\">{\"@context\":\"https:\\\/\\\/schema.org\",\"@graph\":[{\"@type\":\"WebPage\",\"@id\":\"https:\\\/\\\/caraudioworld.eu\\\/cs\\\/produkt\\\/audiosystem-ass-12\\\/\",\"url\":\"https:\\\/\\\/caraudioworld.eu\\\/cs\\\/produkt\\\/audiosystem-ass-12\\\/\",\"name\":\"Audiosystem ASS-12 - CARAUDIOWORLD\",\"isPartOf\":{\"@id\":\"https:\\\/\\\/caraudioworld.eu\\\/cs\\\/#website\"},\"primaryImageOfPage\":{\"@id\":\"https:\\\/\\\/caraudioworld.eu\\\/cs\\\/produkt\\\/audiosystem-ass-12\\\/#primaryimage\"},\"image\":{\"@id\":\"https:\\\/\\\/caraudioworld.eu\\\/cs\\\/produkt\\\/audiosystem-ass-12\\\/#primaryimage\"},\"thumbnailUrl\":\"https:\\\/\\\/caraudioworld.eu\\\/wp-content\\\/uploads\\\/2020\\\/11\\\/audiosyste-ass12-2.jpg\",\"datePublished\":\"2020-11-15T20:23:56+00:00\",\"description\":\"Nov\u00fd subwoofer od Italsk\u00e9 zna\u010dky Audiosystem nab\u00edzej\u00edc\u00ed super zvuk a vysokou \u00farove\u0148 tlaku za p\u0159ijatelnou cenu. Velikost: 12\\\" (30 cm)V\u00fdkon: 1000W RMS (2000W Max)Impedance: 2x2 OhmMagnet: 145ozFS: 34 HzQTS: 0.625\",\"breadcrumb\":{\"@id\":\"https:\\\/\\\/caraudioworld.eu\\\/cs\\\/produkt\\\/audiosystem-ass-12\\\/#breadcrumb\"},\"inLanguage\":\"cs\",\"potentialAction\":[{\"@type\":\"ReadAction\",\"target\":[\"https:\\\/\\\/caraudioworld.eu\\\/cs\\\/produkt\\\/audiosystem-ass-12\\\/\"]}]},{\"@type\":\"ImageObject\",\"inLanguage\":\"cs\",\"@id\":\"https:\\\/\\\/caraudioworld.eu\\\/cs\\\/produkt\\\/audiosystem-ass-12\\\/#primaryimage\",\"url\":\"https:\\\/\\\/caraudioworld.eu\\\/wp-content\\\/uploads\\\/2020\\\/11\\\/audiosyste-ass12-2.jpg\",\"contentUrl\":\"https:\\\/\\\/caraudioworld.eu\\\/wp-content\\\/uploads\\\/2020\\\/11\\\/audiosyste-ass12-2.jpg\",\"width\":1000,\"height\":700,\"caption\":\"audiosyste ass12\"},{\"@type\":\"BreadcrumbList\",\"@id\":\"https:\\\/\\\/caraudioworld.eu\\\/cs\\\/produkt\\\/audiosystem-ass-12\\\/#breadcrumb\",\"itemListElement\":[{\"@type\":\"ListItem\",\"position\":1,\"name\":\"Home\",\"item\":\"https:\\\/\\\/caraudioworld.eu\\\/cs\\\/\"},{\"@type\":\"ListItem\",\"position\":2,\"name\":\"Obchod\",\"item\":\"https:\\\/\\\/caraudioworld.eu\\\/cs\\\/obchod\\\/\"},{\"@type\":\"ListItem\",\"position\":3,\"name\":\"Audiosystem ASS-12\"}]},{\"@type\":\"WebSite\",\"@id\":\"https:\\\/\\\/caraudioworld.eu\\\/cs\\\/#website\",\"url\":\"https:\\\/\\\/caraudioworld.eu\\\/cs\\\/\",\"name\":\"CARAUDIOWORLD\",\"description\":\"Audio Heaven\",\"publisher\":{\"@id\":\"https:\\\/\\\/caraudioworld.eu\\\/cs\\\/#organization\"},\"potentialAction\":[{\"@type\":\"SearchAction\",\"target\":{\"@type\":\"EntryPoint\",\"urlTemplate\":\"https:\\\/\\\/caraudioworld.eu\\\/cs\\\/?s={search_term_string}\"},\"query-input\":{\"@type\":\"PropertyValueSpecification\",\"valueRequired\":true,\"valueName\":\"search_term_string\"}}],\"inLanguage\":\"cs\"},{\"@type\":\"Organization\",\"@id\":\"https:\\\/\\\/caraudioworld.eu\\\/cs\\\/#organization\",\"name\":\"CARAUDIOWORLD.eu\",\"url\":\"https:\\\/\\\/caraudioworld.eu\\\/cs\\\/\",\"logo\":{\"@type\":\"ImageObject\",\"inLanguage\":\"cs\",\"@id\":\"https:\\\/\\\/caraudioworld.eu\\\/cs\\\/#\\\/schema\\\/logo\\\/image\\\/\",\"url\":\"https:\\\/\\\/caraudioworld.eu\\\/wp-content\\\/uploads\\\/2020\\\/10\\\/CAW_rounded.png\",\"contentUrl\":\"https:\\\/\\\/caraudioworld.eu\\\/wp-content\\\/uploads\\\/2020\\\/10\\\/CAW_rounded.png\",\"width\":510,\"height\":510,\"caption\":\"CARAUDIOWORLD.eu\"},\"image\":{\"@id\":\"https:\\\/\\\/caraudioworld.eu\\\/cs\\\/#\\\/schema\\\/logo\\\/image\\\/\"},\"sameAs\":[\"https:\\\/\\\/www.facebook.com\\\/caraudioworld.eu\",\"https:\\\/\\\/www.instagram.com\\\/caraudioworld.eu\\\/\"]}]}<\/script>\n<!-- \/ Yoast SEO plugin. -->","yoast_head_json":{"title":"Audiosystem ASS-12 - CARAUDIOWORLD","description":"Nov\u00fd subwoofer od Italsk\u00e9 zna\u010dky Audiosystem nab\u00edzej\u00edc\u00ed super zvuk a vysokou \u00farove\u0148 tlaku za p\u0159ijatelnou cenu. Velikost: 12\" (30 cm)V\u00fdkon: 1000W RMS (2000W Max)Impedance: 2x2 OhmMagnet: 145ozFS: 34 HzQTS: 0.625","robots":{"index":"index","follow":"follow","max-snippet":"max-snippet:-1","max-image-preview":"max-image-preview:large","max-video-preview":"max-video-preview:-1"},"canonical":"https:\/\/caraudioworld.eu\/cs\/produkt\/audiosystem-ass-12\/","og_locale":"cs_CZ","og_type":"article","og_title":"Audiosystem ASS-12 - CARAUDIOWORLD","og_description":"Nov\u00fd subwoofer od Italsk\u00e9 zna\u010dky Audiosystem nab\u00edzej\u00edc\u00ed super zvuk a vysokou \u00farove\u0148 tlaku za p\u0159ijatelnou cenu. Velikost: 12\" (30 cm)V\u00fdkon: 1000W RMS (2000W Max)Impedance: 2x2 OhmMagnet: 145ozFS: 34 HzQTS: 0.625","og_url":"https:\/\/caraudioworld.eu\/cs\/produkt\/audiosystem-ass-12\/","og_site_name":"CARAUDIOWORLD","article_publisher":"https:\/\/www.facebook.com\/caraudioworld.eu","og_image":[{"width":1000,"height":700,"url":"https:\/\/caraudioworld.eu\/wp-content\/uploads\/2020\/11\/audiosyste-ass12-2.jpg","type":"image\/jpeg"}],"twitter_card":"summary_large_image","schema":{"@context":"https:\/\/schema.org","@graph":[{"@type":"WebPage","@id":"https:\/\/caraudioworld.eu\/cs\/produkt\/audiosystem-ass-12\/","url":"https:\/\/caraudioworld.eu\/cs\/produkt\/audiosystem-ass-12\/","name":"Audiosystem ASS-12 - CARAUDIOWORLD","isPartOf":{"@id":"https:\/\/caraudioworld.eu\/cs\/#website"},"primaryImageOfPage":{"@id":"https:\/\/caraudioworld.eu\/cs\/produkt\/audiosystem-ass-12\/#primaryimage"},"image":{"@id":"https:\/\/caraudioworld.eu\/cs\/produkt\/audiosystem-ass-12\/#primaryimage"},"thumbnailUrl":"https:\/\/caraudioworld.eu\/wp-content\/uploads\/2020\/11\/audiosyste-ass12-2.jpg","datePublished":"2020-11-15T20:23:56+00:00","description":"Nov\u00fd subwoofer od Italsk\u00e9 zna\u010dky Audiosystem nab\u00edzej\u00edc\u00ed super zvuk a vysokou \u00farove\u0148 tlaku za p\u0159ijatelnou cenu. Velikost: 12\" (30 cm)V\u00fdkon: 1000W RMS (2000W Max)Impedance: 2x2 OhmMagnet: 145ozFS: 34 HzQTS: 0.625","breadcrumb":{"@id":"https:\/\/caraudioworld.eu\/cs\/produkt\/audiosystem-ass-12\/#breadcrumb"},"inLanguage":"cs","potentialAction":[{"@type":"ReadAction","target":["https:\/\/caraudioworld.eu\/cs\/produkt\/audiosystem-ass-12\/"]}]},{"@type":"ImageObject","inLanguage":"cs","@id":"https:\/\/caraudioworld.eu\/cs\/produkt\/audiosystem-ass-12\/#primaryimage","url":"https:\/\/caraudioworld.eu\/wp-content\/uploads\/2020\/11\/audiosyste-ass12-2.jpg","contentUrl":"https:\/\/caraudioworld.eu\/wp-content\/uploads\/2020\/11\/audiosyste-ass12-2.jpg","width":1000,"height":700,"caption":"audiosyste ass12"},{"@type":"BreadcrumbList","@id":"https:\/\/caraudioworld.eu\/cs\/produkt\/audiosystem-ass-12\/#breadcrumb","itemListElement":[{"@type":"ListItem","position":1,"name":"Home","item":"https:\/\/caraudioworld.eu\/cs\/"},{"@type":"ListItem","position":2,"name":"Obchod","item":"https:\/\/caraudioworld.eu\/cs\/obchod\/"},{"@type":"ListItem","position":3,"name":"Audiosystem ASS-12"}]},{"@type":"WebSite","@id":"https:\/\/caraudioworld.eu\/cs\/#website","url":"https:\/\/caraudioworld.eu\/cs\/","name":"CARAUDIOWORLD","description":"Audio Heaven","publisher":{"@id":"https:\/\/caraudioworld.eu\/cs\/#organization"},"potentialAction":[{"@type":"SearchAction","target":{"@type":"EntryPoint","urlTemplate":"https:\/\/caraudioworld.eu\/cs\/?s={search_term_string}"},"query-input":{"@type":"PropertyValueSpecification","valueRequired":true,"valueName":"search_term_string"}}],"inLanguage":"cs"},{"@type":"Organization","@id":"https:\/\/caraudioworld.eu\/cs\/#organization","name":"CARAUDIOWORLD.eu","url":"https:\/\/caraudioworld.eu\/cs\/","logo":{"@type":"ImageObject","inLanguage":"cs","@id":"https:\/\/caraudioworld.eu\/cs\/#\/schema\/logo\/image\/","url":"https:\/\/caraudioworld.eu\/wp-content\/uploads\/2020\/10\/CAW_rounded.png","contentUrl":"https:\/\/caraudioworld.eu\/wp-content\/uploads\/2020\/10\/CAW_rounded.png","width":510,"height":510,"caption":"CARAUDIOWORLD.eu"},"image":{"@id":"https:\/\/caraudioworld.eu\/cs\/#\/schema\/logo\/image\/"},"sameAs":["https:\/\/www.facebook.com\/caraudioworld.eu","https:\/\/www.instagram.com\/caraudioworld.eu\/"]}]}},"_links":{"self":[{"href":"https:\/\/caraudioworld.eu\/cs\/wp-json\/wp\/v2\/product\/8683","targetHints":{"allow":["GET"]}}],"collection":[{"href":"https:\/\/caraudioworld.eu\/cs\/wp-json\/wp\/v2\/product"}],"about":[{"href":"https:\/\/caraudioworld.eu\/cs\/wp-json\/wp\/v2\/types\/product"}],"replies":[{"embeddable":true,"href":"https:\/\/caraudioworld.eu\/cs\/wp-json\/wp\/v2\/comments?post=8683"}],"wp:featuredmedia":[{"embeddable":true,"href":"https:\/\/caraudioworld.eu\/cs\/wp-json\/wp\/v2\/media\/8583"}],"wp:attachment":[{"href":"https:\/\/caraudioworld.eu\/cs\/wp-json\/wp\/v2\/media?parent=8683"}],"wp:term":[{"taxonomy":"product_brand","embeddable":true,"href":"https:\/\/caraudioworld.eu\/cs\/wp-json\/wp\/v2\/product_brand?post=8683"},{"taxonomy":"product_cat","embeddable":true,"href":"https:\/\/caraudioworld.eu\/cs\/wp-json\/wp\/v2\/product_cat?post=8683"},{"taxonomy":"product_tag","embeddable":true,"href":"https:\/\/caraudioworld.eu\/cs\/wp-json\/wp\/v2\/product_tag?post=8683"}],"curies":[{"name":"wp","href":"https:\/\/api.w.org\/{rel}","templated":true}]}}