{"id":8695,"date":"2020-11-15T22:22:12","date_gmt":"2020-11-15T21:22:12","guid":{"rendered":"https:\/\/caraudioworld.eu\/produkt\/audiosystem-lithium-lto\/"},"modified":"2020-11-15T22:22:12","modified_gmt":"2020-11-15T21:22:12","slug":"audiosystem-lithium-lto","status":"publish","type":"product","link":"https:\/\/caraudioworld.eu\/cs\/produkt\/audiosystem-lithium-lto\/","title":{"rendered":"Audiosystem Lithium LTO"},"content":{"rendered":"","protected":false},"excerpt":{"rendered":"<p>Nov\u00e9 lithiov\u00e9 baterky LTO od zna\u010dky Audiosystem, kter\u00e9 se vyzna\u010duj\u00ed schopnost\u00ed dodat extr\u00e9mn\u00ed mno\u017estv\u00ed elekt\u0159iny pro zesilova\u010de i p\u0159i z\u00e1t\u011b\u017ei n\u011bkolika stovek amp\u00e9r\u016f. Jedna sekce (6ks) dok\u00e1\u017ee bez probl\u00e9m\u016f dod\u00e1vat \u0161\u0165\u00e1vu i na pokryt\u00ed 5000W RMS m\u011b\u0159en\u00e9ho zat\u00ed\u017een\u00ed! Rovn\u011b\u017e jsou schopny extr\u00e9mn\u011b rychle se nab\u00edt a b\u00fdt p\u0159ipraven na dal\u0161\u00ed nad\u00edlku elekt\u0159iny. Lithiov\u00e9 baterky pat\u0159\u00ed mezi novinky ve sv\u011bt\u011b autohifi, a tak\u00e9 d\u00edky sv\u00e9 velmi lehk\u00e9 v\u00e1ze v\u00e1m nahrad\u00ed t\u011b\u017ek\u00e9 AGM baterie (p\u0159i\u010dem\u017e jsou n\u011bkolikan\u00e1sobn\u011b \u00fa\u010dinn\u011bj\u0161\u00ed ne\u017e AGM baterie dan\u00e9 aH kapacity).<\/p>\n<ul>\n<li>2.3V \/ 48aH &#8211; 1 Cella<\/li>\n<li>V\u00fddr\u017e a\u017e 15 000 nab\u00edjec\u00edch cykl\u016f!<\/li>\n<li>\u017divotnost: 15-30 let<\/li>\n<li>Mo\u017enost nab\u00edjet a\u017e s 10C!<\/li>\n<li>Mo\u017enost pou\u017e\u00edvat v extr\u00e9mn\u00edch teplotn\u00edch podm\u00ednk\u00e1ch od -50 \u00b0 C a\u017e po 60 \u00b0 C<\/li>\n<li>Bez rizika zap\u00e1len\u00ed nebo exploze (vysok\u00e1 bezpe\u010dnost!)<\/li>\n<\/ul>\n<p>Cena za 1 kus!<\/p>\n<p>Manual: <a style=\"color: blue;\" href=\"https:\/\/caraudioworld.eu\/wp-content\/uploads\/2020\/11\/manual-lto.pdf\" target=\"_blank\" rel=\"noopener noreferrer\">Download<\/a><\/p>\n","protected":false},"featured_media":8661,"comment_status":"open","ping_status":"closed","template":"","meta":[],"product_brand":[],"product_cat":[429],"product_tag":[],"class_list":{"0":"post-8695","1":"product","2":"type-product","3":"status-publish","4":"has-post-thumbnail","6":"product_cat-baterie","8":"first","9":"instock","10":"taxable","11":"shipping-taxable","12":"purchasable","13":"product-type-simple"},"yoast_head":"<!-- This site is optimized with the Yoast SEO plugin v27.3 - https:\/\/yoast.com\/product\/yoast-seo-wordpress\/ -->\n<title>Audiosystem Lithium LTO - CARAUDIOWORLD<\/title>\n<meta name=\"description\" content=\"Nov\u00e9 lithiov\u00e9 baterky LTO od zna\u010dky Audiosystem, kter\u00e9 se vyzna\u010duj\u00ed schopnost\u00ed dodat extr\u00e9mn\u00ed mno\u017estv\u00ed elekt\u0159iny pro zesilova\u010de i p\u0159i z\u00e1t\u011b\u017ei n\u011bkolika stovek amp\u00e9r\u016f. Jedna sekce (6ks) dok\u00e1\u017ee bez probl\u00e9m\u016f dod\u00e1vat \u0161\u0165\u00e1vu i na pokryt\u00ed 5000W RMS m\u011b\u0159en\u00e9ho zat\u00ed\u017een\u00ed! Rovn\u011b\u017e jsou schopny extr\u00e9mn\u011b rychle se nab\u00edt a b\u00fdt p\u0159ipraven na dal\u0161\u00ed nad\u00edlku elekt\u0159iny. Lithiov\u00e9 baterky pat\u0159\u00ed mezi novinky ve sv\u011bt\u011b autohifi, a tak\u00e9 d\u00edky sv\u00e9 velmi lehk\u00e9 v\u00e1ze v\u00e1m nahrad\u00ed t\u011b\u017ek\u00e9 AGM baterie (p\u0159i\u010dem\u017e jsou n\u011bkolikan\u00e1sobn\u011b \u00fa\u010dinn\u011bj\u0161\u00ed ne\u017e AGM baterie dan\u00e9 aH kapacity).  2.3V \/ 48aH - 1 Cella V\u00fddr\u017e a\u017e 15 000 nab\u00edjec\u00edch cykl\u016f! \u017divotnost: 15-30 let Mo\u017enost nab\u00edjet a\u017e s 10C! Mo\u017enost pou\u017e\u00edvat v extr\u00e9mn\u00edch teplotn\u00edch podm\u00ednk\u00e1ch od -50 \u00b0 C a\u017e po 60 \u00b0 C Bez rizika zap\u00e1len\u00ed nebo exploze (vysok\u00e1 bezpe\u010dnost!)  Cena za 1 kus! Manual: Download\" \/>\n<meta name=\"robots\" content=\"index, follow, max-snippet:-1, max-image-preview:large, max-video-preview:-1\" \/>\n<link rel=\"canonical\" href=\"https:\/\/caraudioworld.eu\/cs\/produkt\/audiosystem-lithium-lto\/\" \/>\n<meta property=\"og:locale\" content=\"cs_CZ\" \/>\n<meta property=\"og:type\" content=\"article\" \/>\n<meta property=\"og:title\" content=\"Audiosystem Lithium LTO - CARAUDIOWORLD\" \/>\n<meta property=\"og:description\" content=\"Nov\u00e9 lithiov\u00e9 baterky LTO od zna\u010dky Audiosystem, kter\u00e9 se vyzna\u010duj\u00ed schopnost\u00ed dodat extr\u00e9mn\u00ed mno\u017estv\u00ed elekt\u0159iny pro zesilova\u010de i p\u0159i z\u00e1t\u011b\u017ei n\u011bkolika stovek amp\u00e9r\u016f. Jedna sekce (6ks) dok\u00e1\u017ee bez probl\u00e9m\u016f dod\u00e1vat \u0161\u0165\u00e1vu i na pokryt\u00ed 5000W RMS m\u011b\u0159en\u00e9ho zat\u00ed\u017een\u00ed! Rovn\u011b\u017e jsou schopny extr\u00e9mn\u011b rychle se nab\u00edt a b\u00fdt p\u0159ipraven na dal\u0161\u00ed nad\u00edlku elekt\u0159iny. Lithiov\u00e9 baterky pat\u0159\u00ed mezi novinky ve sv\u011bt\u011b autohifi, a tak\u00e9 d\u00edky sv\u00e9 velmi lehk\u00e9 v\u00e1ze v\u00e1m nahrad\u00ed t\u011b\u017ek\u00e9 AGM baterie (p\u0159i\u010dem\u017e jsou n\u011bkolikan\u00e1sobn\u011b \u00fa\u010dinn\u011bj\u0161\u00ed ne\u017e AGM baterie dan\u00e9 aH kapacity).  2.3V \/ 48aH - 1 Cella V\u00fddr\u017e a\u017e 15 000 nab\u00edjec\u00edch cykl\u016f! \u017divotnost: 15-30 let Mo\u017enost nab\u00edjet a\u017e s 10C! Mo\u017enost pou\u017e\u00edvat v extr\u00e9mn\u00edch teplotn\u00edch podm\u00ednk\u00e1ch od -50 \u00b0 C a\u017e po 60 \u00b0 C Bez rizika zap\u00e1len\u00ed nebo exploze (vysok\u00e1 bezpe\u010dnost!)  Cena za 1 kus! Manual: Download\" \/>\n<meta property=\"og:url\" content=\"https:\/\/caraudioworld.eu\/cs\/produkt\/audiosystem-lithium-lto\/\" \/>\n<meta property=\"og:site_name\" content=\"CARAUDIOWORLD\" \/>\n<meta property=\"article:publisher\" content=\"https:\/\/www.facebook.com\/caraudioworld.eu\" \/>\n<meta property=\"og:image\" content=\"https:\/\/caraudioworld.eu\/wp-content\/uploads\/2020\/11\/audiosystem-LTO-lithium-1.jpg\" \/>\n\t<meta property=\"og:image:width\" content=\"1000\" \/>\n\t<meta property=\"og:image:height\" content=\"700\" \/>\n\t<meta property=\"og:image:type\" content=\"image\/jpeg\" \/>\n<meta name=\"twitter:card\" content=\"summary_large_image\" \/>\n<script type=\"application\/ld+json\" class=\"yoast-schema-graph\">{\"@context\":\"https:\\\/\\\/schema.org\",\"@graph\":[{\"@type\":\"WebPage\",\"@id\":\"https:\\\/\\\/caraudioworld.eu\\\/cs\\\/produkt\\\/audiosystem-lithium-lto\\\/\",\"url\":\"https:\\\/\\\/caraudioworld.eu\\\/cs\\\/produkt\\\/audiosystem-lithium-lto\\\/\",\"name\":\"Audiosystem Lithium LTO - CARAUDIOWORLD\",\"isPartOf\":{\"@id\":\"https:\\\/\\\/caraudioworld.eu\\\/cs\\\/#website\"},\"primaryImageOfPage\":{\"@id\":\"https:\\\/\\\/caraudioworld.eu\\\/cs\\\/produkt\\\/audiosystem-lithium-lto\\\/#primaryimage\"},\"image\":{\"@id\":\"https:\\\/\\\/caraudioworld.eu\\\/cs\\\/produkt\\\/audiosystem-lithium-lto\\\/#primaryimage\"},\"thumbnailUrl\":\"https:\\\/\\\/caraudioworld.eu\\\/wp-content\\\/uploads\\\/2020\\\/11\\\/audiosystem-LTO-lithium-1.jpg\",\"datePublished\":\"2020-11-15T21:22:12+00:00\",\"description\":\"Nov\u00e9 lithiov\u00e9 baterky LTO od zna\u010dky Audiosystem, kter\u00e9 se vyzna\u010duj\u00ed schopnost\u00ed dodat extr\u00e9mn\u00ed mno\u017estv\u00ed elekt\u0159iny pro zesilova\u010de i p\u0159i z\u00e1t\u011b\u017ei n\u011bkolika stovek amp\u00e9r\u016f. Jedna sekce (6ks) dok\u00e1\u017ee bez probl\u00e9m\u016f dod\u00e1vat \u0161\u0165\u00e1vu i na pokryt\u00ed 5000W RMS m\u011b\u0159en\u00e9ho zat\u00ed\u017een\u00ed! Rovn\u011b\u017e jsou schopny extr\u00e9mn\u011b rychle se nab\u00edt a b\u00fdt p\u0159ipraven na dal\u0161\u00ed nad\u00edlku elekt\u0159iny. Lithiov\u00e9 baterky pat\u0159\u00ed mezi novinky ve sv\u011bt\u011b autohifi, a tak\u00e9 d\u00edky sv\u00e9 velmi lehk\u00e9 v\u00e1ze v\u00e1m nahrad\u00ed t\u011b\u017ek\u00e9 AGM baterie (p\u0159i\u010dem\u017e jsou n\u011bkolikan\u00e1sobn\u011b \u00fa\u010dinn\u011bj\u0161\u00ed ne\u017e AGM baterie dan\u00e9 aH kapacity). 2.3V \\\/ 48aH - 1 Cella V\u00fddr\u017e a\u017e 15 000 nab\u00edjec\u00edch cykl\u016f! \u017divotnost: 15-30 let Mo\u017enost nab\u00edjet a\u017e s 10C! Mo\u017enost pou\u017e\u00edvat v extr\u00e9mn\u00edch teplotn\u00edch podm\u00ednk\u00e1ch od -50 \u00b0 C a\u017e po 60 \u00b0 C Bez rizika zap\u00e1len\u00ed nebo exploze (vysok\u00e1 bezpe\u010dnost!) Cena za 1 kus! Manual: Download\",\"breadcrumb\":{\"@id\":\"https:\\\/\\\/caraudioworld.eu\\\/cs\\\/produkt\\\/audiosystem-lithium-lto\\\/#breadcrumb\"},\"inLanguage\":\"cs\",\"potentialAction\":[{\"@type\":\"ReadAction\",\"target\":[\"https:\\\/\\\/caraudioworld.eu\\\/cs\\\/produkt\\\/audiosystem-lithium-lto\\\/\"]}]},{\"@type\":\"ImageObject\",\"inLanguage\":\"cs\",\"@id\":\"https:\\\/\\\/caraudioworld.eu\\\/cs\\\/produkt\\\/audiosystem-lithium-lto\\\/#primaryimage\",\"url\":\"https:\\\/\\\/caraudioworld.eu\\\/wp-content\\\/uploads\\\/2020\\\/11\\\/audiosystem-LTO-lithium-1.jpg\",\"contentUrl\":\"https:\\\/\\\/caraudioworld.eu\\\/wp-content\\\/uploads\\\/2020\\\/11\\\/audiosystem-LTO-lithium-1.jpg\",\"width\":1000,\"height\":700,\"caption\":\"audiosystem LTO lithium 1\"},{\"@type\":\"BreadcrumbList\",\"@id\":\"https:\\\/\\\/caraudioworld.eu\\\/cs\\\/produkt\\\/audiosystem-lithium-lto\\\/#breadcrumb\",\"itemListElement\":[{\"@type\":\"ListItem\",\"position\":1,\"name\":\"Home\",\"item\":\"https:\\\/\\\/caraudioworld.eu\\\/cs\\\/\"},{\"@type\":\"ListItem\",\"position\":2,\"name\":\"Obchod\",\"item\":\"https:\\\/\\\/caraudioworld.eu\\\/cs\\\/obchod\\\/\"},{\"@type\":\"ListItem\",\"position\":3,\"name\":\"Audiosystem Lithium LTO\"}]},{\"@type\":\"WebSite\",\"@id\":\"https:\\\/\\\/caraudioworld.eu\\\/cs\\\/#website\",\"url\":\"https:\\\/\\\/caraudioworld.eu\\\/cs\\\/\",\"name\":\"CARAUDIOWORLD\",\"description\":\"Audio Heaven\",\"publisher\":{\"@id\":\"https:\\\/\\\/caraudioworld.eu\\\/cs\\\/#organization\"},\"potentialAction\":[{\"@type\":\"SearchAction\",\"target\":{\"@type\":\"EntryPoint\",\"urlTemplate\":\"https:\\\/\\\/caraudioworld.eu\\\/cs\\\/?s={search_term_string}\"},\"query-input\":{\"@type\":\"PropertyValueSpecification\",\"valueRequired\":true,\"valueName\":\"search_term_string\"}}],\"inLanguage\":\"cs\"},{\"@type\":\"Organization\",\"@id\":\"https:\\\/\\\/caraudioworld.eu\\\/cs\\\/#organization\",\"name\":\"CARAUDIOWORLD.eu\",\"url\":\"https:\\\/\\\/caraudioworld.eu\\\/cs\\\/\",\"logo\":{\"@type\":\"ImageObject\",\"inLanguage\":\"cs\",\"@id\":\"https:\\\/\\\/caraudioworld.eu\\\/cs\\\/#\\\/schema\\\/logo\\\/image\\\/\",\"url\":\"https:\\\/\\\/caraudioworld.eu\\\/wp-content\\\/uploads\\\/2020\\\/10\\\/CAW_rounded.png\",\"contentUrl\":\"https:\\\/\\\/caraudioworld.eu\\\/wp-content\\\/uploads\\\/2020\\\/10\\\/CAW_rounded.png\",\"width\":510,\"height\":510,\"caption\":\"CARAUDIOWORLD.eu\"},\"image\":{\"@id\":\"https:\\\/\\\/caraudioworld.eu\\\/cs\\\/#\\\/schema\\\/logo\\\/image\\\/\"},\"sameAs\":[\"https:\\\/\\\/www.facebook.com\\\/caraudioworld.eu\",\"https:\\\/\\\/www.instagram.com\\\/caraudioworld.eu\\\/\"]}]}<\/script>\n<!-- \/ Yoast SEO plugin. -->","yoast_head_json":{"title":"Audiosystem Lithium LTO - CARAUDIOWORLD","description":"Nov\u00e9 lithiov\u00e9 baterky LTO od zna\u010dky Audiosystem, kter\u00e9 se vyzna\u010duj\u00ed schopnost\u00ed dodat extr\u00e9mn\u00ed mno\u017estv\u00ed elekt\u0159iny pro zesilova\u010de i p\u0159i z\u00e1t\u011b\u017ei n\u011bkolika stovek amp\u00e9r\u016f. Jedna sekce (6ks) dok\u00e1\u017ee bez probl\u00e9m\u016f dod\u00e1vat \u0161\u0165\u00e1vu i na pokryt\u00ed 5000W RMS m\u011b\u0159en\u00e9ho zat\u00ed\u017een\u00ed! Rovn\u011b\u017e jsou schopny extr\u00e9mn\u011b rychle se nab\u00edt a b\u00fdt p\u0159ipraven na dal\u0161\u00ed nad\u00edlku elekt\u0159iny. Lithiov\u00e9 baterky pat\u0159\u00ed mezi novinky ve sv\u011bt\u011b autohifi, a tak\u00e9 d\u00edky sv\u00e9 velmi lehk\u00e9 v\u00e1ze v\u00e1m nahrad\u00ed t\u011b\u017ek\u00e9 AGM baterie (p\u0159i\u010dem\u017e jsou n\u011bkolikan\u00e1sobn\u011b \u00fa\u010dinn\u011bj\u0161\u00ed ne\u017e AGM baterie dan\u00e9 aH kapacity).  2.3V \/ 48aH - 1 Cella V\u00fddr\u017e a\u017e 15 000 nab\u00edjec\u00edch cykl\u016f! \u017divotnost: 15-30 let Mo\u017enost nab\u00edjet a\u017e s 10C! Mo\u017enost pou\u017e\u00edvat v extr\u00e9mn\u00edch teplotn\u00edch podm\u00ednk\u00e1ch od -50 \u00b0 C a\u017e po 60 \u00b0 C Bez rizika zap\u00e1len\u00ed nebo exploze (vysok\u00e1 bezpe\u010dnost!)  Cena za 1 kus! Manual: Download","robots":{"index":"index","follow":"follow","max-snippet":"max-snippet:-1","max-image-preview":"max-image-preview:large","max-video-preview":"max-video-preview:-1"},"canonical":"https:\/\/caraudioworld.eu\/cs\/produkt\/audiosystem-lithium-lto\/","og_locale":"cs_CZ","og_type":"article","og_title":"Audiosystem Lithium LTO - CARAUDIOWORLD","og_description":"Nov\u00e9 lithiov\u00e9 baterky LTO od zna\u010dky Audiosystem, kter\u00e9 se vyzna\u010duj\u00ed schopnost\u00ed dodat extr\u00e9mn\u00ed mno\u017estv\u00ed elekt\u0159iny pro zesilova\u010de i p\u0159i z\u00e1t\u011b\u017ei n\u011bkolika stovek amp\u00e9r\u016f. Jedna sekce (6ks) dok\u00e1\u017ee bez probl\u00e9m\u016f dod\u00e1vat \u0161\u0165\u00e1vu i na pokryt\u00ed 5000W RMS m\u011b\u0159en\u00e9ho zat\u00ed\u017een\u00ed! Rovn\u011b\u017e jsou schopny extr\u00e9mn\u011b rychle se nab\u00edt a b\u00fdt p\u0159ipraven na dal\u0161\u00ed nad\u00edlku elekt\u0159iny. Lithiov\u00e9 baterky pat\u0159\u00ed mezi novinky ve sv\u011bt\u011b autohifi, a tak\u00e9 d\u00edky sv\u00e9 velmi lehk\u00e9 v\u00e1ze v\u00e1m nahrad\u00ed t\u011b\u017ek\u00e9 AGM baterie (p\u0159i\u010dem\u017e jsou n\u011bkolikan\u00e1sobn\u011b \u00fa\u010dinn\u011bj\u0161\u00ed ne\u017e AGM baterie dan\u00e9 aH kapacity).  2.3V \/ 48aH - 1 Cella V\u00fddr\u017e a\u017e 15 000 nab\u00edjec\u00edch cykl\u016f! \u017divotnost: 15-30 let Mo\u017enost nab\u00edjet a\u017e s 10C! Mo\u017enost pou\u017e\u00edvat v extr\u00e9mn\u00edch teplotn\u00edch podm\u00ednk\u00e1ch od -50 \u00b0 C a\u017e po 60 \u00b0 C Bez rizika zap\u00e1len\u00ed nebo exploze (vysok\u00e1 bezpe\u010dnost!)  Cena za 1 kus! Manual: Download","og_url":"https:\/\/caraudioworld.eu\/cs\/produkt\/audiosystem-lithium-lto\/","og_site_name":"CARAUDIOWORLD","article_publisher":"https:\/\/www.facebook.com\/caraudioworld.eu","og_image":[{"width":1000,"height":700,"url":"https:\/\/caraudioworld.eu\/wp-content\/uploads\/2020\/11\/audiosystem-LTO-lithium-1.jpg","type":"image\/jpeg"}],"twitter_card":"summary_large_image","schema":{"@context":"https:\/\/schema.org","@graph":[{"@type":"WebPage","@id":"https:\/\/caraudioworld.eu\/cs\/produkt\/audiosystem-lithium-lto\/","url":"https:\/\/caraudioworld.eu\/cs\/produkt\/audiosystem-lithium-lto\/","name":"Audiosystem Lithium LTO - CARAUDIOWORLD","isPartOf":{"@id":"https:\/\/caraudioworld.eu\/cs\/#website"},"primaryImageOfPage":{"@id":"https:\/\/caraudioworld.eu\/cs\/produkt\/audiosystem-lithium-lto\/#primaryimage"},"image":{"@id":"https:\/\/caraudioworld.eu\/cs\/produkt\/audiosystem-lithium-lto\/#primaryimage"},"thumbnailUrl":"https:\/\/caraudioworld.eu\/wp-content\/uploads\/2020\/11\/audiosystem-LTO-lithium-1.jpg","datePublished":"2020-11-15T21:22:12+00:00","description":"Nov\u00e9 lithiov\u00e9 baterky LTO od zna\u010dky Audiosystem, kter\u00e9 se vyzna\u010duj\u00ed schopnost\u00ed dodat extr\u00e9mn\u00ed mno\u017estv\u00ed elekt\u0159iny pro zesilova\u010de i p\u0159i z\u00e1t\u011b\u017ei n\u011bkolika stovek amp\u00e9r\u016f. Jedna sekce (6ks) dok\u00e1\u017ee bez probl\u00e9m\u016f dod\u00e1vat \u0161\u0165\u00e1vu i na pokryt\u00ed 5000W RMS m\u011b\u0159en\u00e9ho zat\u00ed\u017een\u00ed! Rovn\u011b\u017e jsou schopny extr\u00e9mn\u011b rychle se nab\u00edt a b\u00fdt p\u0159ipraven na dal\u0161\u00ed nad\u00edlku elekt\u0159iny. Lithiov\u00e9 baterky pat\u0159\u00ed mezi novinky ve sv\u011bt\u011b autohifi, a tak\u00e9 d\u00edky sv\u00e9 velmi lehk\u00e9 v\u00e1ze v\u00e1m nahrad\u00ed t\u011b\u017ek\u00e9 AGM baterie (p\u0159i\u010dem\u017e jsou n\u011bkolikan\u00e1sobn\u011b \u00fa\u010dinn\u011bj\u0161\u00ed ne\u017e AGM baterie dan\u00e9 aH kapacity). 2.3V \/ 48aH - 1 Cella V\u00fddr\u017e a\u017e 15 000 nab\u00edjec\u00edch cykl\u016f! \u017divotnost: 15-30 let Mo\u017enost nab\u00edjet a\u017e s 10C! Mo\u017enost pou\u017e\u00edvat v extr\u00e9mn\u00edch teplotn\u00edch podm\u00ednk\u00e1ch od -50 \u00b0 C a\u017e po 60 \u00b0 C Bez rizika zap\u00e1len\u00ed nebo exploze (vysok\u00e1 bezpe\u010dnost!) Cena za 1 kus! Manual: Download","breadcrumb":{"@id":"https:\/\/caraudioworld.eu\/cs\/produkt\/audiosystem-lithium-lto\/#breadcrumb"},"inLanguage":"cs","potentialAction":[{"@type":"ReadAction","target":["https:\/\/caraudioworld.eu\/cs\/produkt\/audiosystem-lithium-lto\/"]}]},{"@type":"ImageObject","inLanguage":"cs","@id":"https:\/\/caraudioworld.eu\/cs\/produkt\/audiosystem-lithium-lto\/#primaryimage","url":"https:\/\/caraudioworld.eu\/wp-content\/uploads\/2020\/11\/audiosystem-LTO-lithium-1.jpg","contentUrl":"https:\/\/caraudioworld.eu\/wp-content\/uploads\/2020\/11\/audiosystem-LTO-lithium-1.jpg","width":1000,"height":700,"caption":"audiosystem LTO lithium 1"},{"@type":"BreadcrumbList","@id":"https:\/\/caraudioworld.eu\/cs\/produkt\/audiosystem-lithium-lto\/#breadcrumb","itemListElement":[{"@type":"ListItem","position":1,"name":"Home","item":"https:\/\/caraudioworld.eu\/cs\/"},{"@type":"ListItem","position":2,"name":"Obchod","item":"https:\/\/caraudioworld.eu\/cs\/obchod\/"},{"@type":"ListItem","position":3,"name":"Audiosystem Lithium LTO"}]},{"@type":"WebSite","@id":"https:\/\/caraudioworld.eu\/cs\/#website","url":"https:\/\/caraudioworld.eu\/cs\/","name":"CARAUDIOWORLD","description":"Audio Heaven","publisher":{"@id":"https:\/\/caraudioworld.eu\/cs\/#organization"},"potentialAction":[{"@type":"SearchAction","target":{"@type":"EntryPoint","urlTemplate":"https:\/\/caraudioworld.eu\/cs\/?s={search_term_string}"},"query-input":{"@type":"PropertyValueSpecification","valueRequired":true,"valueName":"search_term_string"}}],"inLanguage":"cs"},{"@type":"Organization","@id":"https:\/\/caraudioworld.eu\/cs\/#organization","name":"CARAUDIOWORLD.eu","url":"https:\/\/caraudioworld.eu\/cs\/","logo":{"@type":"ImageObject","inLanguage":"cs","@id":"https:\/\/caraudioworld.eu\/cs\/#\/schema\/logo\/image\/","url":"https:\/\/caraudioworld.eu\/wp-content\/uploads\/2020\/10\/CAW_rounded.png","contentUrl":"https:\/\/caraudioworld.eu\/wp-content\/uploads\/2020\/10\/CAW_rounded.png","width":510,"height":510,"caption":"CARAUDIOWORLD.eu"},"image":{"@id":"https:\/\/caraudioworld.eu\/cs\/#\/schema\/logo\/image\/"},"sameAs":["https:\/\/www.facebook.com\/caraudioworld.eu","https:\/\/www.instagram.com\/caraudioworld.eu\/"]}]}},"_links":{"self":[{"href":"https:\/\/caraudioworld.eu\/cs\/wp-json\/wp\/v2\/product\/8695","targetHints":{"allow":["GET"]}}],"collection":[{"href":"https:\/\/caraudioworld.eu\/cs\/wp-json\/wp\/v2\/product"}],"about":[{"href":"https:\/\/caraudioworld.eu\/cs\/wp-json\/wp\/v2\/types\/product"}],"replies":[{"embeddable":true,"href":"https:\/\/caraudioworld.eu\/cs\/wp-json\/wp\/v2\/comments?post=8695"}],"wp:featuredmedia":[{"embeddable":true,"href":"https:\/\/caraudioworld.eu\/cs\/wp-json\/wp\/v2\/media\/8661"}],"wp:attachment":[{"href":"https:\/\/caraudioworld.eu\/cs\/wp-json\/wp\/v2\/media?parent=8695"}],"wp:term":[{"taxonomy":"product_brand","embeddable":true,"href":"https:\/\/caraudioworld.eu\/cs\/wp-json\/wp\/v2\/product_brand?post=8695"},{"taxonomy":"product_cat","embeddable":true,"href":"https:\/\/caraudioworld.eu\/cs\/wp-json\/wp\/v2\/product_cat?post=8695"},{"taxonomy":"product_tag","embeddable":true,"href":"https:\/\/caraudioworld.eu\/cs\/wp-json\/wp\/v2\/product_tag?post=8695"}],"curies":[{"name":"wp","href":"https:\/\/api.w.org\/{rel}","templated":true}]}}