{"id":8971,"date":"2021-02-06T12:51:39","date_gmt":"2021-02-06T11:51:39","guid":{"rendered":"https:\/\/caraudioworld.eu\/produkt\/steg-mss3\/"},"modified":"2021-02-06T12:51:39","modified_gmt":"2021-02-06T11:51:39","slug":"steg-mss3","status":"publish","type":"product","link":"https:\/\/caraudioworld.eu\/cs\/produkt\/steg-mss3\/","title":{"rendered":"STEG MSS3"},"content":{"rendered":"","protected":false},"excerpt":{"rendered":"<p>Nov\u00fd High-End st\u0159edov\u00fd reproduktor od sv\u011btozn\u00e1m\u00e9 firmy STEG nab\u00edz\u00ed optim\u00e1ln\u00ed parametry pro instalaci do neuzav\u0159en\u00e9ho prostoru, v\u00fdborn\u00fd v\u00fdkon, bezkonkuren\u010dn\u00ed kontrolu d\u00edky neodymov\u00e9mu magnetu a schopnost podat i ty nejjemn\u011bj\u0161\u00ed detaily v rozmez\u00ed skoro cel\u00e9ho sly\u0161iteln\u00e9ho frekven\u010dn\u00edho p\u00e1sma. Ko\u0161 je vyfr\u00e9zovan\u00fd z pevn\u00e9ho bloku hlin\u00edku co\u017e zcela zabra\u0148uje vzniku jak\u00fdchkoliv rezonanc\u00ed reproduktoru p\u0159i reprodukci zvuku.<\/p>\n<table style=\"width: 100%; text-align: left;\">\n<tbody>\n<tr>\n<th>Parametry<\/th>\n<\/tr>\n<tr>\n<td>Velikost<\/td>\n<td>4&#8243; (10cm)<\/td>\n<\/tr>\n<tr>\n<td>Impedance<\/td>\n<td>4 ohm<\/td>\n<\/tr>\n<tr>\n<td>V\u00fdkon<\/td>\n<td>70 W RMS (highpass = 1500hz)<\/td>\n<\/tr>\n<tr>\n<td>Frekven\u010dn\u00ed rozsah<\/td>\n<td>100 &#8211; 12 000 Hz<\/td>\n<\/tr>\n<tr>\n<td>Citlivost<\/td>\n<td>86 dB<\/td>\n<\/tr>\n<tr>\n<td>Magnet<\/td>\n<td>Neodymium<\/td>\n<\/tr>\n<tr>\n<td>QTS<\/td>\n<td>0.81<\/td>\n<\/tr>\n<tr>\n<td>FS<\/td>\n<td>97 Hz<\/td>\n<\/tr>\n<tr>\n<td>Xmax<\/td>\n<td>3 mm<\/td>\n<\/tr>\n<tr>\n<td>Vn\u011bj\u0161\u00ed pr\u016fm\u011br<\/td>\n<td>110 mm<\/td>\n<\/tr>\n<tr>\n<td>Instala\u010dn\u00ed\u00a0pr\u016fm\u011br<\/td>\n<td>92 mm<\/td>\n<\/tr>\n<\/tbody>\n<\/table>\n<p>&nbsp;<\/p>\n","protected":false},"featured_media":8792,"comment_status":"open","ping_status":"closed","template":"","meta":[],"product_brand":[],"product_cat":[403,416],"product_tag":[339],"class_list":{"0":"post-8971","1":"product","2":"type-product","3":"status-publish","4":"has-post-thumbnail","6":"product_cat-reproduktory-cs","7":"product_cat-stredove-cs","8":"product_tag-steg-cs","10":"first","11":"onbackorder","12":"sale","13":"taxable","14":"shipping-taxable","15":"purchasable","16":"product-type-simple"},"yoast_head":"<!-- This site is optimized with the Yoast SEO plugin v27.3 - https:\/\/yoast.com\/product\/yoast-seo-wordpress\/ -->\n<title>STEG MSS3 - CARAUDIOWORLD<\/title>\n<meta name=\"description\" content=\"Nov\u00fd High-End st\u0159edov\u00fd reproduktor od sv\u011btozn\u00e1m\u00e9 firmy STEG nab\u00edz\u00ed optim\u00e1ln\u00ed parametry pro instalaci do neuzav\u0159en\u00e9ho prostoru, v\u00fdborn\u00fd v\u00fdkon, bezkonkuren\u010dn\u00ed kontrolu d\u00edky neodymov\u00e9mu magnetu a schopnost podat i ty nejjemn\u011bj\u0161\u00ed detaily v rozmez\u00ed skoro cel\u00e9ho sly\u0161iteln\u00e9ho frekven\u010dn\u00edho p\u00e1sma. Ko\u0161 je vyfr\u00e9zovan\u00fd z pevn\u00e9ho bloku hlin\u00edku co\u017e zcela zabra\u0148uje vzniku jak\u00fdchkoliv rezonanc\u00ed reproduktoru p\u0159i reprodukci zvuku.    Parametry   Velikost 4&quot; (10cm)   Impedance 4 ohm   V\u00fdkon 70 W RMS (highpass = 1500hz)   Frekven\u010dn\u00ed rozsah 100 - 12 000 Hz   Citlivost 86 dB   Magnet Neodymium   QTS 0.81   FS 97 Hz   Xmax 3 mm   Vn\u011bj\u0161\u00ed pr\u016fm\u011br 110 mm   Instala\u010dn\u00ed\u00a0pr\u016fm\u011br 92 mm    &nbsp;\" \/>\n<meta name=\"robots\" content=\"index, follow, max-snippet:-1, max-image-preview:large, max-video-preview:-1\" \/>\n<link rel=\"canonical\" href=\"https:\/\/caraudioworld.eu\/cs\/produkt\/steg-mss3\/\" \/>\n<meta property=\"og:locale\" content=\"cs_CZ\" \/>\n<meta property=\"og:type\" content=\"article\" \/>\n<meta property=\"og:title\" content=\"STEG MSS3 - CARAUDIOWORLD\" \/>\n<meta property=\"og:description\" content=\"Nov\u00fd High-End st\u0159edov\u00fd reproduktor od sv\u011btozn\u00e1m\u00e9 firmy STEG nab\u00edz\u00ed optim\u00e1ln\u00ed parametry pro instalaci do neuzav\u0159en\u00e9ho prostoru, v\u00fdborn\u00fd v\u00fdkon, bezkonkuren\u010dn\u00ed kontrolu d\u00edky neodymov\u00e9mu magnetu a schopnost podat i ty nejjemn\u011bj\u0161\u00ed detaily v rozmez\u00ed skoro cel\u00e9ho sly\u0161iteln\u00e9ho frekven\u010dn\u00edho p\u00e1sma. Ko\u0161 je vyfr\u00e9zovan\u00fd z pevn\u00e9ho bloku hlin\u00edku co\u017e zcela zabra\u0148uje vzniku jak\u00fdchkoliv rezonanc\u00ed reproduktoru p\u0159i reprodukci zvuku.    Parametry   Velikost 4&quot; (10cm)   Impedance 4 ohm   V\u00fdkon 70 W RMS (highpass = 1500hz)   Frekven\u010dn\u00ed rozsah 100 - 12 000 Hz   Citlivost 86 dB   Magnet Neodymium   QTS 0.81   FS 97 Hz   Xmax 3 mm   Vn\u011bj\u0161\u00ed pr\u016fm\u011br 110 mm   Instala\u010dn\u00ed\u00a0pr\u016fm\u011br 92 mm    &nbsp;\" \/>\n<meta property=\"og:url\" content=\"https:\/\/caraudioworld.eu\/cs\/produkt\/steg-mss3\/\" \/>\n<meta property=\"og:site_name\" content=\"CARAUDIOWORLD\" \/>\n<meta property=\"article:publisher\" content=\"https:\/\/www.facebook.com\/caraudioworld.eu\" \/>\n<meta property=\"og:image\" content=\"https:\/\/caraudioworld.eu\/wp-content\/uploads\/2021\/02\/mss-3-1.jpg\" \/>\n\t<meta property=\"og:image:width\" content=\"1000\" \/>\n\t<meta property=\"og:image:height\" content=\"700\" \/>\n\t<meta property=\"og:image:type\" content=\"image\/jpeg\" \/>\n<meta name=\"twitter:card\" content=\"summary_large_image\" \/>\n<script type=\"application\/ld+json\" class=\"yoast-schema-graph\">{\"@context\":\"https:\\\/\\\/schema.org\",\"@graph\":[{\"@type\":\"WebPage\",\"@id\":\"https:\\\/\\\/caraudioworld.eu\\\/cs\\\/produkt\\\/steg-mss3\\\/\",\"url\":\"https:\\\/\\\/caraudioworld.eu\\\/cs\\\/produkt\\\/steg-mss3\\\/\",\"name\":\"STEG MSS3 - CARAUDIOWORLD\",\"isPartOf\":{\"@id\":\"https:\\\/\\\/caraudioworld.eu\\\/cs\\\/#website\"},\"primaryImageOfPage\":{\"@id\":\"https:\\\/\\\/caraudioworld.eu\\\/cs\\\/produkt\\\/steg-mss3\\\/#primaryimage\"},\"image\":{\"@id\":\"https:\\\/\\\/caraudioworld.eu\\\/cs\\\/produkt\\\/steg-mss3\\\/#primaryimage\"},\"thumbnailUrl\":\"https:\\\/\\\/caraudioworld.eu\\\/wp-content\\\/uploads\\\/2021\\\/02\\\/mss-3-1.jpg\",\"datePublished\":\"2021-02-06T11:51:39+00:00\",\"description\":\"Nov\u00fd High-End st\u0159edov\u00fd reproduktor od sv\u011btozn\u00e1m\u00e9 firmy STEG nab\u00edz\u00ed optim\u00e1ln\u00ed parametry pro instalaci do neuzav\u0159en\u00e9ho prostoru, v\u00fdborn\u00fd v\u00fdkon, bezkonkuren\u010dn\u00ed kontrolu d\u00edky neodymov\u00e9mu magnetu a schopnost podat i ty nejjemn\u011bj\u0161\u00ed detaily v rozmez\u00ed skoro cel\u00e9ho sly\u0161iteln\u00e9ho frekven\u010dn\u00edho p\u00e1sma. Ko\u0161 je vyfr\u00e9zovan\u00fd z pevn\u00e9ho bloku hlin\u00edku co\u017e zcela zabra\u0148uje vzniku jak\u00fdchkoliv rezonanc\u00ed reproduktoru p\u0159i reprodukci zvuku. Parametry Velikost 4\\\" (10cm) Impedance 4 ohm V\u00fdkon 70 W RMS (highpass = 1500hz) Frekven\u010dn\u00ed rozsah 100 - 12 000 Hz Citlivost 86 dB Magnet Neodymium QTS 0.81 FS 97 Hz Xmax 3 mm Vn\u011bj\u0161\u00ed pr\u016fm\u011br 110 mm Instala\u010dn\u00ed\u00a0pr\u016fm\u011br 92 mm &nbsp;\",\"breadcrumb\":{\"@id\":\"https:\\\/\\\/caraudioworld.eu\\\/cs\\\/produkt\\\/steg-mss3\\\/#breadcrumb\"},\"inLanguage\":\"cs\",\"potentialAction\":[{\"@type\":\"ReadAction\",\"target\":[\"https:\\\/\\\/caraudioworld.eu\\\/cs\\\/produkt\\\/steg-mss3\\\/\"]}]},{\"@type\":\"ImageObject\",\"inLanguage\":\"cs\",\"@id\":\"https:\\\/\\\/caraudioworld.eu\\\/cs\\\/produkt\\\/steg-mss3\\\/#primaryimage\",\"url\":\"https:\\\/\\\/caraudioworld.eu\\\/wp-content\\\/uploads\\\/2021\\\/02\\\/mss-3-1.jpg\",\"contentUrl\":\"https:\\\/\\\/caraudioworld.eu\\\/wp-content\\\/uploads\\\/2021\\\/02\\\/mss-3-1.jpg\",\"width\":1000,\"height\":700,\"caption\":\"steg mss-3\"},{\"@type\":\"BreadcrumbList\",\"@id\":\"https:\\\/\\\/caraudioworld.eu\\\/cs\\\/produkt\\\/steg-mss3\\\/#breadcrumb\",\"itemListElement\":[{\"@type\":\"ListItem\",\"position\":1,\"name\":\"Home\",\"item\":\"https:\\\/\\\/caraudioworld.eu\\\/cs\\\/\"},{\"@type\":\"ListItem\",\"position\":2,\"name\":\"Obchod\",\"item\":\"https:\\\/\\\/caraudioworld.eu\\\/cs\\\/obchod\\\/\"},{\"@type\":\"ListItem\",\"position\":3,\"name\":\"STEG MSS3\"}]},{\"@type\":\"WebSite\",\"@id\":\"https:\\\/\\\/caraudioworld.eu\\\/cs\\\/#website\",\"url\":\"https:\\\/\\\/caraudioworld.eu\\\/cs\\\/\",\"name\":\"CARAUDIOWORLD\",\"description\":\"Audio Heaven\",\"publisher\":{\"@id\":\"https:\\\/\\\/caraudioworld.eu\\\/cs\\\/#organization\"},\"potentialAction\":[{\"@type\":\"SearchAction\",\"target\":{\"@type\":\"EntryPoint\",\"urlTemplate\":\"https:\\\/\\\/caraudioworld.eu\\\/cs\\\/?s={search_term_string}\"},\"query-input\":{\"@type\":\"PropertyValueSpecification\",\"valueRequired\":true,\"valueName\":\"search_term_string\"}}],\"inLanguage\":\"cs\"},{\"@type\":\"Organization\",\"@id\":\"https:\\\/\\\/caraudioworld.eu\\\/cs\\\/#organization\",\"name\":\"CARAUDIOWORLD.eu\",\"url\":\"https:\\\/\\\/caraudioworld.eu\\\/cs\\\/\",\"logo\":{\"@type\":\"ImageObject\",\"inLanguage\":\"cs\",\"@id\":\"https:\\\/\\\/caraudioworld.eu\\\/cs\\\/#\\\/schema\\\/logo\\\/image\\\/\",\"url\":\"https:\\\/\\\/caraudioworld.eu\\\/wp-content\\\/uploads\\\/2020\\\/10\\\/CAW_rounded.png\",\"contentUrl\":\"https:\\\/\\\/caraudioworld.eu\\\/wp-content\\\/uploads\\\/2020\\\/10\\\/CAW_rounded.png\",\"width\":510,\"height\":510,\"caption\":\"CARAUDIOWORLD.eu\"},\"image\":{\"@id\":\"https:\\\/\\\/caraudioworld.eu\\\/cs\\\/#\\\/schema\\\/logo\\\/image\\\/\"},\"sameAs\":[\"https:\\\/\\\/www.facebook.com\\\/caraudioworld.eu\",\"https:\\\/\\\/www.instagram.com\\\/caraudioworld.eu\\\/\"]}]}<\/script>\n<!-- \/ Yoast SEO plugin. -->","yoast_head_json":{"title":"STEG MSS3 - CARAUDIOWORLD","description":"Nov\u00fd High-End st\u0159edov\u00fd reproduktor od sv\u011btozn\u00e1m\u00e9 firmy STEG nab\u00edz\u00ed optim\u00e1ln\u00ed parametry pro instalaci do neuzav\u0159en\u00e9ho prostoru, v\u00fdborn\u00fd v\u00fdkon, bezkonkuren\u010dn\u00ed kontrolu d\u00edky neodymov\u00e9mu magnetu a schopnost podat i ty nejjemn\u011bj\u0161\u00ed detaily v rozmez\u00ed skoro cel\u00e9ho sly\u0161iteln\u00e9ho frekven\u010dn\u00edho p\u00e1sma. Ko\u0161 je vyfr\u00e9zovan\u00fd z pevn\u00e9ho bloku hlin\u00edku co\u017e zcela zabra\u0148uje vzniku jak\u00fdchkoliv rezonanc\u00ed reproduktoru p\u0159i reprodukci zvuku.    Parametry   Velikost 4\" (10cm)   Impedance 4 ohm   V\u00fdkon 70 W RMS (highpass = 1500hz)   Frekven\u010dn\u00ed rozsah 100 - 12 000 Hz   Citlivost 86 dB   Magnet Neodymium   QTS 0.81   FS 97 Hz   Xmax 3 mm   Vn\u011bj\u0161\u00ed pr\u016fm\u011br 110 mm   Instala\u010dn\u00ed\u00a0pr\u016fm\u011br 92 mm    &nbsp;","robots":{"index":"index","follow":"follow","max-snippet":"max-snippet:-1","max-image-preview":"max-image-preview:large","max-video-preview":"max-video-preview:-1"},"canonical":"https:\/\/caraudioworld.eu\/cs\/produkt\/steg-mss3\/","og_locale":"cs_CZ","og_type":"article","og_title":"STEG MSS3 - CARAUDIOWORLD","og_description":"Nov\u00fd High-End st\u0159edov\u00fd reproduktor od sv\u011btozn\u00e1m\u00e9 firmy STEG nab\u00edz\u00ed optim\u00e1ln\u00ed parametry pro instalaci do neuzav\u0159en\u00e9ho prostoru, v\u00fdborn\u00fd v\u00fdkon, bezkonkuren\u010dn\u00ed kontrolu d\u00edky neodymov\u00e9mu magnetu a schopnost podat i ty nejjemn\u011bj\u0161\u00ed detaily v rozmez\u00ed skoro cel\u00e9ho sly\u0161iteln\u00e9ho frekven\u010dn\u00edho p\u00e1sma. Ko\u0161 je vyfr\u00e9zovan\u00fd z pevn\u00e9ho bloku hlin\u00edku co\u017e zcela zabra\u0148uje vzniku jak\u00fdchkoliv rezonanc\u00ed reproduktoru p\u0159i reprodukci zvuku.    Parametry   Velikost 4\" (10cm)   Impedance 4 ohm   V\u00fdkon 70 W RMS (highpass = 1500hz)   Frekven\u010dn\u00ed rozsah 100 - 12 000 Hz   Citlivost 86 dB   Magnet Neodymium   QTS 0.81   FS 97 Hz   Xmax 3 mm   Vn\u011bj\u0161\u00ed pr\u016fm\u011br 110 mm   Instala\u010dn\u00ed\u00a0pr\u016fm\u011br 92 mm    &nbsp;","og_url":"https:\/\/caraudioworld.eu\/cs\/produkt\/steg-mss3\/","og_site_name":"CARAUDIOWORLD","article_publisher":"https:\/\/www.facebook.com\/caraudioworld.eu","og_image":[{"width":1000,"height":700,"url":"https:\/\/caraudioworld.eu\/wp-content\/uploads\/2021\/02\/mss-3-1.jpg","type":"image\/jpeg"}],"twitter_card":"summary_large_image","schema":{"@context":"https:\/\/schema.org","@graph":[{"@type":"WebPage","@id":"https:\/\/caraudioworld.eu\/cs\/produkt\/steg-mss3\/","url":"https:\/\/caraudioworld.eu\/cs\/produkt\/steg-mss3\/","name":"STEG MSS3 - CARAUDIOWORLD","isPartOf":{"@id":"https:\/\/caraudioworld.eu\/cs\/#website"},"primaryImageOfPage":{"@id":"https:\/\/caraudioworld.eu\/cs\/produkt\/steg-mss3\/#primaryimage"},"image":{"@id":"https:\/\/caraudioworld.eu\/cs\/produkt\/steg-mss3\/#primaryimage"},"thumbnailUrl":"https:\/\/caraudioworld.eu\/wp-content\/uploads\/2021\/02\/mss-3-1.jpg","datePublished":"2021-02-06T11:51:39+00:00","description":"Nov\u00fd High-End st\u0159edov\u00fd reproduktor od sv\u011btozn\u00e1m\u00e9 firmy STEG nab\u00edz\u00ed optim\u00e1ln\u00ed parametry pro instalaci do neuzav\u0159en\u00e9ho prostoru, v\u00fdborn\u00fd v\u00fdkon, bezkonkuren\u010dn\u00ed kontrolu d\u00edky neodymov\u00e9mu magnetu a schopnost podat i ty nejjemn\u011bj\u0161\u00ed detaily v rozmez\u00ed skoro cel\u00e9ho sly\u0161iteln\u00e9ho frekven\u010dn\u00edho p\u00e1sma. Ko\u0161 je vyfr\u00e9zovan\u00fd z pevn\u00e9ho bloku hlin\u00edku co\u017e zcela zabra\u0148uje vzniku jak\u00fdchkoliv rezonanc\u00ed reproduktoru p\u0159i reprodukci zvuku. Parametry Velikost 4\" (10cm) Impedance 4 ohm V\u00fdkon 70 W RMS (highpass = 1500hz) Frekven\u010dn\u00ed rozsah 100 - 12 000 Hz Citlivost 86 dB Magnet Neodymium QTS 0.81 FS 97 Hz Xmax 3 mm Vn\u011bj\u0161\u00ed pr\u016fm\u011br 110 mm Instala\u010dn\u00ed\u00a0pr\u016fm\u011br 92 mm &nbsp;","breadcrumb":{"@id":"https:\/\/caraudioworld.eu\/cs\/produkt\/steg-mss3\/#breadcrumb"},"inLanguage":"cs","potentialAction":[{"@type":"ReadAction","target":["https:\/\/caraudioworld.eu\/cs\/produkt\/steg-mss3\/"]}]},{"@type":"ImageObject","inLanguage":"cs","@id":"https:\/\/caraudioworld.eu\/cs\/produkt\/steg-mss3\/#primaryimage","url":"https:\/\/caraudioworld.eu\/wp-content\/uploads\/2021\/02\/mss-3-1.jpg","contentUrl":"https:\/\/caraudioworld.eu\/wp-content\/uploads\/2021\/02\/mss-3-1.jpg","width":1000,"height":700,"caption":"steg mss-3"},{"@type":"BreadcrumbList","@id":"https:\/\/caraudioworld.eu\/cs\/produkt\/steg-mss3\/#breadcrumb","itemListElement":[{"@type":"ListItem","position":1,"name":"Home","item":"https:\/\/caraudioworld.eu\/cs\/"},{"@type":"ListItem","position":2,"name":"Obchod","item":"https:\/\/caraudioworld.eu\/cs\/obchod\/"},{"@type":"ListItem","position":3,"name":"STEG MSS3"}]},{"@type":"WebSite","@id":"https:\/\/caraudioworld.eu\/cs\/#website","url":"https:\/\/caraudioworld.eu\/cs\/","name":"CARAUDIOWORLD","description":"Audio Heaven","publisher":{"@id":"https:\/\/caraudioworld.eu\/cs\/#organization"},"potentialAction":[{"@type":"SearchAction","target":{"@type":"EntryPoint","urlTemplate":"https:\/\/caraudioworld.eu\/cs\/?s={search_term_string}"},"query-input":{"@type":"PropertyValueSpecification","valueRequired":true,"valueName":"search_term_string"}}],"inLanguage":"cs"},{"@type":"Organization","@id":"https:\/\/caraudioworld.eu\/cs\/#organization","name":"CARAUDIOWORLD.eu","url":"https:\/\/caraudioworld.eu\/cs\/","logo":{"@type":"ImageObject","inLanguage":"cs","@id":"https:\/\/caraudioworld.eu\/cs\/#\/schema\/logo\/image\/","url":"https:\/\/caraudioworld.eu\/wp-content\/uploads\/2020\/10\/CAW_rounded.png","contentUrl":"https:\/\/caraudioworld.eu\/wp-content\/uploads\/2020\/10\/CAW_rounded.png","width":510,"height":510,"caption":"CARAUDIOWORLD.eu"},"image":{"@id":"https:\/\/caraudioworld.eu\/cs\/#\/schema\/logo\/image\/"},"sameAs":["https:\/\/www.facebook.com\/caraudioworld.eu","https:\/\/www.instagram.com\/caraudioworld.eu\/"]}]}},"_links":{"self":[{"href":"https:\/\/caraudioworld.eu\/cs\/wp-json\/wp\/v2\/product\/8971","targetHints":{"allow":["GET"]}}],"collection":[{"href":"https:\/\/caraudioworld.eu\/cs\/wp-json\/wp\/v2\/product"}],"about":[{"href":"https:\/\/caraudioworld.eu\/cs\/wp-json\/wp\/v2\/types\/product"}],"replies":[{"embeddable":true,"href":"https:\/\/caraudioworld.eu\/cs\/wp-json\/wp\/v2\/comments?post=8971"}],"wp:featuredmedia":[{"embeddable":true,"href":"https:\/\/caraudioworld.eu\/cs\/wp-json\/wp\/v2\/media\/8792"}],"wp:attachment":[{"href":"https:\/\/caraudioworld.eu\/cs\/wp-json\/wp\/v2\/media?parent=8971"}],"wp:term":[{"taxonomy":"product_brand","embeddable":true,"href":"https:\/\/caraudioworld.eu\/cs\/wp-json\/wp\/v2\/product_brand?post=8971"},{"taxonomy":"product_cat","embeddable":true,"href":"https:\/\/caraudioworld.eu\/cs\/wp-json\/wp\/v2\/product_cat?post=8971"},{"taxonomy":"product_tag","embeddable":true,"href":"https:\/\/caraudioworld.eu\/cs\/wp-json\/wp\/v2\/product_tag?post=8971"}],"curies":[{"name":"wp","href":"https:\/\/api.w.org\/{rel}","templated":true}]}}