{"id":8974,"date":"2021-02-06T16:27:02","date_gmt":"2021-02-06T15:27:02","guid":{"rendered":"https:\/\/caraudioworld.eu\/produkt\/steg-ml35\/"},"modified":"2021-02-06T16:27:02","modified_gmt":"2021-02-06T15:27:02","slug":"steg-ml35","status":"publish","type":"product","link":"https:\/\/caraudioworld.eu\/cs\/produkt\/steg-ml35\/","title":{"rendered":"STEG ML35"},"content":{"rendered":"","protected":false},"excerpt":{"rendered":"<p>Nov\u00fd st\u0159edov\u00fd reproduktor ML35 od zna\u010dky STEG. Efektivita a linearita z n\u011bj d\u011blaj\u00ed nenahraditelnou sou\u010d\u00e1st k dosa\u017een\u00ed dobr\u00e9ho a dynamick\u00e9ho zvuku, zat\u00edmco jeho kompaktn\u00ed velikost umo\u017e\u0148uje v\u0161estrann\u00e9 instalace.<\/p>\n<table style=\"width: 100%; text-align: left;\">\n<tbody>\n<tr>\n<th>Parametry<\/th>\n<\/tr>\n<tr>\n<td>Velikost<\/td>\n<td>3.5&#8243; (8.9cm)<\/td>\n<\/tr>\n<tr>\n<td>Impedance<\/td>\n<td>4 ohm<\/td>\n<\/tr>\n<tr>\n<td>V\u00fdkon<\/td>\n<td>30 W RMS<\/td>\n<\/tr>\n<tr>\n<td>Frekven\u010dn\u00ed rozsah<\/td>\n<td>100 &#8211; 15 000 Hz<\/td>\n<\/tr>\n<tr>\n<td>Citlivost<\/td>\n<td>85 dB<\/td>\n<\/tr>\n<tr>\n<td>Magnet<\/td>\n<td>Neodymium<\/td>\n<\/tr>\n<tr>\n<td>QTS<\/td>\n<td>0.87<\/td>\n<\/tr>\n<tr>\n<td>V\u00e1ha<\/td>\n<td>225 g<\/td>\n<\/tr>\n<tr>\n<td>Pr\u016fm\u011br c\u00edvky<\/td>\n<td>25 mm<\/td>\n<\/tr>\n<tr>\n<td>Vn\u011bj\u0161\u00ed pr\u016fm\u011br<\/td>\n<td>92 mm<\/td>\n<\/tr>\n<tr>\n<td>Instala\u010dn\u00ed\u00a0pr\u016fm\u011br<\/td>\n<td>78 mm<\/td>\n<\/tr>\n<\/tbody>\n<\/table>\n<p>&nbsp;<\/p>\n","protected":false},"featured_media":8843,"comment_status":"open","ping_status":"closed","template":"","meta":[],"product_brand":[],"product_cat":[403,416],"product_tag":[339],"class_list":{"0":"post-8974","1":"product","2":"type-product","3":"status-publish","4":"has-post-thumbnail","6":"product_cat-reproduktory-cs","7":"product_cat-stredove-cs","8":"product_tag-steg-cs","10":"first","11":"instock","12":"taxable","13":"shipping-taxable","14":"purchasable","15":"product-type-simple"},"yoast_head":"<!-- This site is optimized with the Yoast SEO plugin v27.3 - https:\/\/yoast.com\/product\/yoast-seo-wordpress\/ -->\n<title>STEG ML35 - CARAUDIOWORLD<\/title>\n<meta name=\"description\" content=\"Nov\u00fd st\u0159edov\u00fd reproduktor ML35 od zna\u010dky STEG. Efektivita a linearita z n\u011bj d\u011blaj\u00ed nenahraditelnou sou\u010d\u00e1st k dosa\u017een\u00ed dobr\u00e9ho a dynamick\u00e9ho zvuku, zat\u00edmco jeho kompaktn\u00ed velikost umo\u017e\u0148uje v\u0161estrann\u00e9 instalace.    Parametry   Velikost 3.5&quot; (8.9cm)   Impedance 4 ohm   V\u00fdkon 30 W RMS   Frekven\u010dn\u00ed rozsah 100 - 15 000 Hz   Citlivost 85 dB   Magnet Neodymium   QTS 0.87   V\u00e1ha 225 g   Pr\u016fm\u011br c\u00edvky 25 mm   Vn\u011bj\u0161\u00ed pr\u016fm\u011br 92 mm   Instala\u010dn\u00ed\u00a0pr\u016fm\u011br 78 mm    &nbsp;\" \/>\n<meta name=\"robots\" content=\"index, follow, max-snippet:-1, max-image-preview:large, max-video-preview:-1\" \/>\n<link rel=\"canonical\" href=\"https:\/\/caraudioworld.eu\/cs\/produkt\/steg-ml35\/\" \/>\n<meta property=\"og:locale\" content=\"cs_CZ\" \/>\n<meta property=\"og:type\" content=\"article\" \/>\n<meta property=\"og:title\" content=\"STEG ML35 - CARAUDIOWORLD\" \/>\n<meta property=\"og:description\" content=\"Nov\u00fd st\u0159edov\u00fd reproduktor ML35 od zna\u010dky STEG. Efektivita a linearita z n\u011bj d\u011blaj\u00ed nenahraditelnou sou\u010d\u00e1st k dosa\u017een\u00ed dobr\u00e9ho a dynamick\u00e9ho zvuku, zat\u00edmco jeho kompaktn\u00ed velikost umo\u017e\u0148uje v\u0161estrann\u00e9 instalace.    Parametry   Velikost 3.5&quot; (8.9cm)   Impedance 4 ohm   V\u00fdkon 30 W RMS   Frekven\u010dn\u00ed rozsah 100 - 15 000 Hz   Citlivost 85 dB   Magnet Neodymium   QTS 0.87   V\u00e1ha 225 g   Pr\u016fm\u011br c\u00edvky 25 mm   Vn\u011bj\u0161\u00ed pr\u016fm\u011br 92 mm   Instala\u010dn\u00ed\u00a0pr\u016fm\u011br 78 mm    &nbsp;\" \/>\n<meta property=\"og:url\" content=\"https:\/\/caraudioworld.eu\/cs\/produkt\/steg-ml35\/\" \/>\n<meta property=\"og:site_name\" content=\"CARAUDIOWORLD\" \/>\n<meta property=\"article:publisher\" content=\"https:\/\/www.facebook.com\/caraudioworld.eu\" \/>\n<meta property=\"og:image\" content=\"https:\/\/caraudioworld.eu\/wp-content\/uploads\/2021\/02\/steg-ml35.jpg\" \/>\n\t<meta property=\"og:image:width\" content=\"1000\" \/>\n\t<meta property=\"og:image:height\" content=\"700\" \/>\n\t<meta property=\"og:image:type\" content=\"image\/jpeg\" \/>\n<meta name=\"twitter:card\" content=\"summary_large_image\" \/>\n<script type=\"application\/ld+json\" class=\"yoast-schema-graph\">{\"@context\":\"https:\\\/\\\/schema.org\",\"@graph\":[{\"@type\":\"WebPage\",\"@id\":\"https:\\\/\\\/caraudioworld.eu\\\/cs\\\/produkt\\\/steg-ml35\\\/\",\"url\":\"https:\\\/\\\/caraudioworld.eu\\\/cs\\\/produkt\\\/steg-ml35\\\/\",\"name\":\"STEG ML35 - CARAUDIOWORLD\",\"isPartOf\":{\"@id\":\"https:\\\/\\\/caraudioworld.eu\\\/cs\\\/#website\"},\"primaryImageOfPage\":{\"@id\":\"https:\\\/\\\/caraudioworld.eu\\\/cs\\\/produkt\\\/steg-ml35\\\/#primaryimage\"},\"image\":{\"@id\":\"https:\\\/\\\/caraudioworld.eu\\\/cs\\\/produkt\\\/steg-ml35\\\/#primaryimage\"},\"thumbnailUrl\":\"https:\\\/\\\/caraudioworld.eu\\\/wp-content\\\/uploads\\\/2021\\\/02\\\/steg-ml35.jpg\",\"datePublished\":\"2021-02-06T15:27:02+00:00\",\"description\":\"Nov\u00fd st\u0159edov\u00fd reproduktor ML35 od zna\u010dky STEG. Efektivita a linearita z n\u011bj d\u011blaj\u00ed nenahraditelnou sou\u010d\u00e1st k dosa\u017een\u00ed dobr\u00e9ho a dynamick\u00e9ho zvuku, zat\u00edmco jeho kompaktn\u00ed velikost umo\u017e\u0148uje v\u0161estrann\u00e9 instalace. Parametry Velikost 3.5\\\" (8.9cm) Impedance 4 ohm V\u00fdkon 30 W RMS Frekven\u010dn\u00ed rozsah 100 - 15 000 Hz Citlivost 85 dB Magnet Neodymium QTS 0.87 V\u00e1ha 225 g Pr\u016fm\u011br c\u00edvky 25 mm Vn\u011bj\u0161\u00ed pr\u016fm\u011br 92 mm Instala\u010dn\u00ed\u00a0pr\u016fm\u011br 78 mm &nbsp;\",\"breadcrumb\":{\"@id\":\"https:\\\/\\\/caraudioworld.eu\\\/cs\\\/produkt\\\/steg-ml35\\\/#breadcrumb\"},\"inLanguage\":\"cs\",\"potentialAction\":[{\"@type\":\"ReadAction\",\"target\":[\"https:\\\/\\\/caraudioworld.eu\\\/cs\\\/produkt\\\/steg-ml35\\\/\"]}]},{\"@type\":\"ImageObject\",\"inLanguage\":\"cs\",\"@id\":\"https:\\\/\\\/caraudioworld.eu\\\/cs\\\/produkt\\\/steg-ml35\\\/#primaryimage\",\"url\":\"https:\\\/\\\/caraudioworld.eu\\\/wp-content\\\/uploads\\\/2021\\\/02\\\/steg-ml35.jpg\",\"contentUrl\":\"https:\\\/\\\/caraudioworld.eu\\\/wp-content\\\/uploads\\\/2021\\\/02\\\/steg-ml35.jpg\",\"width\":1000,\"height\":700,\"caption\":\"steg ml35\"},{\"@type\":\"BreadcrumbList\",\"@id\":\"https:\\\/\\\/caraudioworld.eu\\\/cs\\\/produkt\\\/steg-ml35\\\/#breadcrumb\",\"itemListElement\":[{\"@type\":\"ListItem\",\"position\":1,\"name\":\"Home\",\"item\":\"https:\\\/\\\/caraudioworld.eu\\\/cs\\\/\"},{\"@type\":\"ListItem\",\"position\":2,\"name\":\"Obchod\",\"item\":\"https:\\\/\\\/caraudioworld.eu\\\/cs\\\/obchod\\\/\"},{\"@type\":\"ListItem\",\"position\":3,\"name\":\"STEG ML35\"}]},{\"@type\":\"WebSite\",\"@id\":\"https:\\\/\\\/caraudioworld.eu\\\/cs\\\/#website\",\"url\":\"https:\\\/\\\/caraudioworld.eu\\\/cs\\\/\",\"name\":\"CARAUDIOWORLD\",\"description\":\"Audio Heaven\",\"publisher\":{\"@id\":\"https:\\\/\\\/caraudioworld.eu\\\/cs\\\/#organization\"},\"potentialAction\":[{\"@type\":\"SearchAction\",\"target\":{\"@type\":\"EntryPoint\",\"urlTemplate\":\"https:\\\/\\\/caraudioworld.eu\\\/cs\\\/?s={search_term_string}\"},\"query-input\":{\"@type\":\"PropertyValueSpecification\",\"valueRequired\":true,\"valueName\":\"search_term_string\"}}],\"inLanguage\":\"cs\"},{\"@type\":\"Organization\",\"@id\":\"https:\\\/\\\/caraudioworld.eu\\\/cs\\\/#organization\",\"name\":\"CARAUDIOWORLD.eu\",\"url\":\"https:\\\/\\\/caraudioworld.eu\\\/cs\\\/\",\"logo\":{\"@type\":\"ImageObject\",\"inLanguage\":\"cs\",\"@id\":\"https:\\\/\\\/caraudioworld.eu\\\/cs\\\/#\\\/schema\\\/logo\\\/image\\\/\",\"url\":\"https:\\\/\\\/caraudioworld.eu\\\/wp-content\\\/uploads\\\/2020\\\/10\\\/CAW_rounded.png\",\"contentUrl\":\"https:\\\/\\\/caraudioworld.eu\\\/wp-content\\\/uploads\\\/2020\\\/10\\\/CAW_rounded.png\",\"width\":510,\"height\":510,\"caption\":\"CARAUDIOWORLD.eu\"},\"image\":{\"@id\":\"https:\\\/\\\/caraudioworld.eu\\\/cs\\\/#\\\/schema\\\/logo\\\/image\\\/\"},\"sameAs\":[\"https:\\\/\\\/www.facebook.com\\\/caraudioworld.eu\",\"https:\\\/\\\/www.instagram.com\\\/caraudioworld.eu\\\/\"]}]}<\/script>\n<!-- \/ Yoast SEO plugin. -->","yoast_head_json":{"title":"STEG ML35 - CARAUDIOWORLD","description":"Nov\u00fd st\u0159edov\u00fd reproduktor ML35 od zna\u010dky STEG. Efektivita a linearita z n\u011bj d\u011blaj\u00ed nenahraditelnou sou\u010d\u00e1st k dosa\u017een\u00ed dobr\u00e9ho a dynamick\u00e9ho zvuku, zat\u00edmco jeho kompaktn\u00ed velikost umo\u017e\u0148uje v\u0161estrann\u00e9 instalace.    Parametry   Velikost 3.5\" (8.9cm)   Impedance 4 ohm   V\u00fdkon 30 W RMS   Frekven\u010dn\u00ed rozsah 100 - 15 000 Hz   Citlivost 85 dB   Magnet Neodymium   QTS 0.87   V\u00e1ha 225 g   Pr\u016fm\u011br c\u00edvky 25 mm   Vn\u011bj\u0161\u00ed pr\u016fm\u011br 92 mm   Instala\u010dn\u00ed\u00a0pr\u016fm\u011br 78 mm    &nbsp;","robots":{"index":"index","follow":"follow","max-snippet":"max-snippet:-1","max-image-preview":"max-image-preview:large","max-video-preview":"max-video-preview:-1"},"canonical":"https:\/\/caraudioworld.eu\/cs\/produkt\/steg-ml35\/","og_locale":"cs_CZ","og_type":"article","og_title":"STEG ML35 - CARAUDIOWORLD","og_description":"Nov\u00fd st\u0159edov\u00fd reproduktor ML35 od zna\u010dky STEG. Efektivita a linearita z n\u011bj d\u011blaj\u00ed nenahraditelnou sou\u010d\u00e1st k dosa\u017een\u00ed dobr\u00e9ho a dynamick\u00e9ho zvuku, zat\u00edmco jeho kompaktn\u00ed velikost umo\u017e\u0148uje v\u0161estrann\u00e9 instalace.    Parametry   Velikost 3.5\" (8.9cm)   Impedance 4 ohm   V\u00fdkon 30 W RMS   Frekven\u010dn\u00ed rozsah 100 - 15 000 Hz   Citlivost 85 dB   Magnet Neodymium   QTS 0.87   V\u00e1ha 225 g   Pr\u016fm\u011br c\u00edvky 25 mm   Vn\u011bj\u0161\u00ed pr\u016fm\u011br 92 mm   Instala\u010dn\u00ed\u00a0pr\u016fm\u011br 78 mm    &nbsp;","og_url":"https:\/\/caraudioworld.eu\/cs\/produkt\/steg-ml35\/","og_site_name":"CARAUDIOWORLD","article_publisher":"https:\/\/www.facebook.com\/caraudioworld.eu","og_image":[{"width":1000,"height":700,"url":"https:\/\/caraudioworld.eu\/wp-content\/uploads\/2021\/02\/steg-ml35.jpg","type":"image\/jpeg"}],"twitter_card":"summary_large_image","schema":{"@context":"https:\/\/schema.org","@graph":[{"@type":"WebPage","@id":"https:\/\/caraudioworld.eu\/cs\/produkt\/steg-ml35\/","url":"https:\/\/caraudioworld.eu\/cs\/produkt\/steg-ml35\/","name":"STEG ML35 - CARAUDIOWORLD","isPartOf":{"@id":"https:\/\/caraudioworld.eu\/cs\/#website"},"primaryImageOfPage":{"@id":"https:\/\/caraudioworld.eu\/cs\/produkt\/steg-ml35\/#primaryimage"},"image":{"@id":"https:\/\/caraudioworld.eu\/cs\/produkt\/steg-ml35\/#primaryimage"},"thumbnailUrl":"https:\/\/caraudioworld.eu\/wp-content\/uploads\/2021\/02\/steg-ml35.jpg","datePublished":"2021-02-06T15:27:02+00:00","description":"Nov\u00fd st\u0159edov\u00fd reproduktor ML35 od zna\u010dky STEG. Efektivita a linearita z n\u011bj d\u011blaj\u00ed nenahraditelnou sou\u010d\u00e1st k dosa\u017een\u00ed dobr\u00e9ho a dynamick\u00e9ho zvuku, zat\u00edmco jeho kompaktn\u00ed velikost umo\u017e\u0148uje v\u0161estrann\u00e9 instalace. Parametry Velikost 3.5\" (8.9cm) Impedance 4 ohm V\u00fdkon 30 W RMS Frekven\u010dn\u00ed rozsah 100 - 15 000 Hz Citlivost 85 dB Magnet Neodymium QTS 0.87 V\u00e1ha 225 g Pr\u016fm\u011br c\u00edvky 25 mm Vn\u011bj\u0161\u00ed pr\u016fm\u011br 92 mm Instala\u010dn\u00ed\u00a0pr\u016fm\u011br 78 mm &nbsp;","breadcrumb":{"@id":"https:\/\/caraudioworld.eu\/cs\/produkt\/steg-ml35\/#breadcrumb"},"inLanguage":"cs","potentialAction":[{"@type":"ReadAction","target":["https:\/\/caraudioworld.eu\/cs\/produkt\/steg-ml35\/"]}]},{"@type":"ImageObject","inLanguage":"cs","@id":"https:\/\/caraudioworld.eu\/cs\/produkt\/steg-ml35\/#primaryimage","url":"https:\/\/caraudioworld.eu\/wp-content\/uploads\/2021\/02\/steg-ml35.jpg","contentUrl":"https:\/\/caraudioworld.eu\/wp-content\/uploads\/2021\/02\/steg-ml35.jpg","width":1000,"height":700,"caption":"steg ml35"},{"@type":"BreadcrumbList","@id":"https:\/\/caraudioworld.eu\/cs\/produkt\/steg-ml35\/#breadcrumb","itemListElement":[{"@type":"ListItem","position":1,"name":"Home","item":"https:\/\/caraudioworld.eu\/cs\/"},{"@type":"ListItem","position":2,"name":"Obchod","item":"https:\/\/caraudioworld.eu\/cs\/obchod\/"},{"@type":"ListItem","position":3,"name":"STEG ML35"}]},{"@type":"WebSite","@id":"https:\/\/caraudioworld.eu\/cs\/#website","url":"https:\/\/caraudioworld.eu\/cs\/","name":"CARAUDIOWORLD","description":"Audio Heaven","publisher":{"@id":"https:\/\/caraudioworld.eu\/cs\/#organization"},"potentialAction":[{"@type":"SearchAction","target":{"@type":"EntryPoint","urlTemplate":"https:\/\/caraudioworld.eu\/cs\/?s={search_term_string}"},"query-input":{"@type":"PropertyValueSpecification","valueRequired":true,"valueName":"search_term_string"}}],"inLanguage":"cs"},{"@type":"Organization","@id":"https:\/\/caraudioworld.eu\/cs\/#organization","name":"CARAUDIOWORLD.eu","url":"https:\/\/caraudioworld.eu\/cs\/","logo":{"@type":"ImageObject","inLanguage":"cs","@id":"https:\/\/caraudioworld.eu\/cs\/#\/schema\/logo\/image\/","url":"https:\/\/caraudioworld.eu\/wp-content\/uploads\/2020\/10\/CAW_rounded.png","contentUrl":"https:\/\/caraudioworld.eu\/wp-content\/uploads\/2020\/10\/CAW_rounded.png","width":510,"height":510,"caption":"CARAUDIOWORLD.eu"},"image":{"@id":"https:\/\/caraudioworld.eu\/cs\/#\/schema\/logo\/image\/"},"sameAs":["https:\/\/www.facebook.com\/caraudioworld.eu","https:\/\/www.instagram.com\/caraudioworld.eu\/"]}]}},"_links":{"self":[{"href":"https:\/\/caraudioworld.eu\/cs\/wp-json\/wp\/v2\/product\/8974","targetHints":{"allow":["GET"]}}],"collection":[{"href":"https:\/\/caraudioworld.eu\/cs\/wp-json\/wp\/v2\/product"}],"about":[{"href":"https:\/\/caraudioworld.eu\/cs\/wp-json\/wp\/v2\/types\/product"}],"replies":[{"embeddable":true,"href":"https:\/\/caraudioworld.eu\/cs\/wp-json\/wp\/v2\/comments?post=8974"}],"wp:featuredmedia":[{"embeddable":true,"href":"https:\/\/caraudioworld.eu\/cs\/wp-json\/wp\/v2\/media\/8843"}],"wp:attachment":[{"href":"https:\/\/caraudioworld.eu\/cs\/wp-json\/wp\/v2\/media?parent=8974"}],"wp:term":[{"taxonomy":"product_brand","embeddable":true,"href":"https:\/\/caraudioworld.eu\/cs\/wp-json\/wp\/v2\/product_brand?post=8974"},{"taxonomy":"product_cat","embeddable":true,"href":"https:\/\/caraudioworld.eu\/cs\/wp-json\/wp\/v2\/product_cat?post=8974"},{"taxonomy":"product_tag","embeddable":true,"href":"https:\/\/caraudioworld.eu\/cs\/wp-json\/wp\/v2\/product_tag?post=8974"}],"curies":[{"name":"wp","href":"https:\/\/api.w.org\/{rel}","templated":true}]}}