{"id":8975,"date":"2021-02-06T16:46:43","date_gmt":"2021-02-06T15:46:43","guid":{"rendered":"https:\/\/caraudioworld.eu\/produkt\/steg-lq25\/"},"modified":"2021-02-06T16:46:43","modified_gmt":"2021-02-06T15:46:43","slug":"steg-lq25","status":"publish","type":"product","link":"https:\/\/caraudioworld.eu\/cs\/produkt\/steg-lq25\/","title":{"rendered":"STEG LQ25"},"content":{"rendered":"","protected":false},"excerpt":{"rendered":"<p>Kvalitn\u00ed v\u00fd\u0161kov\u00fd reproduktor zna\u010dky STEG za rozumnou cenu. Zvukov\u011b jsou jedny z nejlep\u0161\u00edch v dan\u00e9 cenov\u00e9 kategorii a poslou\u017e\u00ed i n\u00e1ro\u010dn\u011bj\u0161\u00edm poslucha\u010d\u016fm.<\/p>\n<table style=\"width: 100%; text-align: left;\">\n<tbody>\n<tr>\n<th>Parametry<\/th>\n<\/tr>\n<tr>\n<td>Velikost<\/td>\n<td>1.5&#8243; (38 mm)<\/td>\n<\/tr>\n<tr>\n<td>Impedance<\/td>\n<td>4 ohm<\/td>\n<\/tr>\n<tr>\n<td>V\u00fdkon<\/td>\n<td>25 W RMS<\/td>\n<\/tr>\n<tr>\n<td>Frekven\u010dn\u00ed rozsah<\/td>\n<td>1500 &#8211; 25 000 Hz<\/td>\n<\/tr>\n<tr>\n<td>Citlivost<\/td>\n<td>90 dB<\/td>\n<\/tr>\n<tr>\n<td>V\u00e1ha<\/td>\n<td>0.07 kg<\/td>\n<\/tr>\n<tr>\n<td>Mont\u00e1\u017en\u00ed hloubka<\/td>\n<td>15 mm<\/td>\n<\/tr>\n<tr>\n<td>Mont\u00e1\u017en\u00ed pr\u016fm\u011br<\/td>\n<td>41 mm<\/td>\n<\/tr>\n<\/tbody>\n<\/table>\n<p>&nbsp;<\/p>\n","protected":false},"featured_media":8852,"comment_status":"open","ping_status":"closed","template":"","meta":[],"product_brand":[],"product_cat":[403,418],"product_tag":[339],"class_list":{"0":"post-8975","1":"product","2":"type-product","3":"status-publish","4":"has-post-thumbnail","6":"product_cat-reproduktory-cs","7":"product_cat-vyskove-cs","8":"product_tag-steg-cs","10":"first","11":"instock","12":"taxable","13":"shipping-taxable","14":"purchasable","15":"product-type-simple"},"yoast_head":"<!-- This site is optimized with the Yoast SEO plugin v27.3 - https:\/\/yoast.com\/product\/yoast-seo-wordpress\/ -->\n<title>STEG LQ25 - CARAUDIOWORLD<\/title>\n<meta name=\"description\" content=\"Kvalitn\u00ed v\u00fd\u0161kov\u00fd reproduktor zna\u010dky STEG za rozumnou cenu. Zvukov\u011b jsou jedny z nejlep\u0161\u00edch v dan\u00e9 cenov\u00e9 kategorii a poslou\u017e\u00ed i n\u00e1ro\u010dn\u011bj\u0161\u00edm poslucha\u010d\u016fm.    Parametry   Velikost 1.5&quot; (38 mm)   Impedance 4 ohm   V\u00fdkon 25 W RMS   Frekven\u010dn\u00ed rozsah 1500 - 25 000 Hz   Citlivost 90 dB   V\u00e1ha 0.07 kg   Mont\u00e1\u017en\u00ed hloubka 15 mm   Mont\u00e1\u017en\u00ed pr\u016fm\u011br 41 mm    &nbsp;\" \/>\n<meta name=\"robots\" content=\"index, follow, max-snippet:-1, max-image-preview:large, max-video-preview:-1\" \/>\n<link rel=\"canonical\" href=\"https:\/\/caraudioworld.eu\/cs\/produkt\/steg-lq25\/\" \/>\n<meta property=\"og:locale\" content=\"cs_CZ\" \/>\n<meta property=\"og:type\" content=\"article\" \/>\n<meta property=\"og:title\" content=\"STEG LQ25 - CARAUDIOWORLD\" \/>\n<meta property=\"og:description\" content=\"Kvalitn\u00ed v\u00fd\u0161kov\u00fd reproduktor zna\u010dky STEG za rozumnou cenu. Zvukov\u011b jsou jedny z nejlep\u0161\u00edch v dan\u00e9 cenov\u00e9 kategorii a poslou\u017e\u00ed i n\u00e1ro\u010dn\u011bj\u0161\u00edm poslucha\u010d\u016fm.    Parametry   Velikost 1.5&quot; (38 mm)   Impedance 4 ohm   V\u00fdkon 25 W RMS   Frekven\u010dn\u00ed rozsah 1500 - 25 000 Hz   Citlivost 90 dB   V\u00e1ha 0.07 kg   Mont\u00e1\u017en\u00ed hloubka 15 mm   Mont\u00e1\u017en\u00ed pr\u016fm\u011br 41 mm    &nbsp;\" \/>\n<meta property=\"og:url\" content=\"https:\/\/caraudioworld.eu\/cs\/produkt\/steg-lq25\/\" \/>\n<meta property=\"og:site_name\" content=\"CARAUDIOWORLD\" \/>\n<meta property=\"article:publisher\" content=\"https:\/\/www.facebook.com\/caraudioworld.eu\" \/>\n<meta property=\"og:image\" content=\"https:\/\/caraudioworld.eu\/wp-content\/uploads\/2021\/02\/steg-LQ25.jpg\" \/>\n\t<meta property=\"og:image:width\" content=\"1000\" \/>\n\t<meta property=\"og:image:height\" content=\"700\" \/>\n\t<meta property=\"og:image:type\" content=\"image\/jpeg\" \/>\n<meta name=\"twitter:card\" content=\"summary_large_image\" \/>\n<script type=\"application\/ld+json\" class=\"yoast-schema-graph\">{\"@context\":\"https:\\\/\\\/schema.org\",\"@graph\":[{\"@type\":\"WebPage\",\"@id\":\"https:\\\/\\\/caraudioworld.eu\\\/cs\\\/produkt\\\/steg-lq25\\\/\",\"url\":\"https:\\\/\\\/caraudioworld.eu\\\/cs\\\/produkt\\\/steg-lq25\\\/\",\"name\":\"STEG LQ25 - CARAUDIOWORLD\",\"isPartOf\":{\"@id\":\"https:\\\/\\\/caraudioworld.eu\\\/cs\\\/#website\"},\"primaryImageOfPage\":{\"@id\":\"https:\\\/\\\/caraudioworld.eu\\\/cs\\\/produkt\\\/steg-lq25\\\/#primaryimage\"},\"image\":{\"@id\":\"https:\\\/\\\/caraudioworld.eu\\\/cs\\\/produkt\\\/steg-lq25\\\/#primaryimage\"},\"thumbnailUrl\":\"https:\\\/\\\/caraudioworld.eu\\\/wp-content\\\/uploads\\\/2021\\\/02\\\/steg-LQ25.jpg\",\"datePublished\":\"2021-02-06T15:46:43+00:00\",\"description\":\"Kvalitn\u00ed v\u00fd\u0161kov\u00fd reproduktor zna\u010dky STEG za rozumnou cenu. Zvukov\u011b jsou jedny z nejlep\u0161\u00edch v dan\u00e9 cenov\u00e9 kategorii a poslou\u017e\u00ed i n\u00e1ro\u010dn\u011bj\u0161\u00edm poslucha\u010d\u016fm. Parametry Velikost 1.5\\\" (38 mm) Impedance 4 ohm V\u00fdkon 25 W RMS Frekven\u010dn\u00ed rozsah 1500 - 25 000 Hz Citlivost 90 dB V\u00e1ha 0.07 kg Mont\u00e1\u017en\u00ed hloubka 15 mm Mont\u00e1\u017en\u00ed pr\u016fm\u011br 41 mm &nbsp;\",\"breadcrumb\":{\"@id\":\"https:\\\/\\\/caraudioworld.eu\\\/cs\\\/produkt\\\/steg-lq25\\\/#breadcrumb\"},\"inLanguage\":\"cs\",\"potentialAction\":[{\"@type\":\"ReadAction\",\"target\":[\"https:\\\/\\\/caraudioworld.eu\\\/cs\\\/produkt\\\/steg-lq25\\\/\"]}]},{\"@type\":\"ImageObject\",\"inLanguage\":\"cs\",\"@id\":\"https:\\\/\\\/caraudioworld.eu\\\/cs\\\/produkt\\\/steg-lq25\\\/#primaryimage\",\"url\":\"https:\\\/\\\/caraudioworld.eu\\\/wp-content\\\/uploads\\\/2021\\\/02\\\/steg-LQ25.jpg\",\"contentUrl\":\"https:\\\/\\\/caraudioworld.eu\\\/wp-content\\\/uploads\\\/2021\\\/02\\\/steg-LQ25.jpg\",\"width\":1000,\"height\":700,\"caption\":\"steg LQ25\"},{\"@type\":\"BreadcrumbList\",\"@id\":\"https:\\\/\\\/caraudioworld.eu\\\/cs\\\/produkt\\\/steg-lq25\\\/#breadcrumb\",\"itemListElement\":[{\"@type\":\"ListItem\",\"position\":1,\"name\":\"Home\",\"item\":\"https:\\\/\\\/caraudioworld.eu\\\/cs\\\/\"},{\"@type\":\"ListItem\",\"position\":2,\"name\":\"Obchod\",\"item\":\"https:\\\/\\\/caraudioworld.eu\\\/cs\\\/obchod\\\/\"},{\"@type\":\"ListItem\",\"position\":3,\"name\":\"STEG LQ25\"}]},{\"@type\":\"WebSite\",\"@id\":\"https:\\\/\\\/caraudioworld.eu\\\/cs\\\/#website\",\"url\":\"https:\\\/\\\/caraudioworld.eu\\\/cs\\\/\",\"name\":\"CARAUDIOWORLD\",\"description\":\"Audio Heaven\",\"publisher\":{\"@id\":\"https:\\\/\\\/caraudioworld.eu\\\/cs\\\/#organization\"},\"potentialAction\":[{\"@type\":\"SearchAction\",\"target\":{\"@type\":\"EntryPoint\",\"urlTemplate\":\"https:\\\/\\\/caraudioworld.eu\\\/cs\\\/?s={search_term_string}\"},\"query-input\":{\"@type\":\"PropertyValueSpecification\",\"valueRequired\":true,\"valueName\":\"search_term_string\"}}],\"inLanguage\":\"cs\"},{\"@type\":\"Organization\",\"@id\":\"https:\\\/\\\/caraudioworld.eu\\\/cs\\\/#organization\",\"name\":\"CARAUDIOWORLD.eu\",\"url\":\"https:\\\/\\\/caraudioworld.eu\\\/cs\\\/\",\"logo\":{\"@type\":\"ImageObject\",\"inLanguage\":\"cs\",\"@id\":\"https:\\\/\\\/caraudioworld.eu\\\/cs\\\/#\\\/schema\\\/logo\\\/image\\\/\",\"url\":\"https:\\\/\\\/caraudioworld.eu\\\/wp-content\\\/uploads\\\/2020\\\/10\\\/CAW_rounded.png\",\"contentUrl\":\"https:\\\/\\\/caraudioworld.eu\\\/wp-content\\\/uploads\\\/2020\\\/10\\\/CAW_rounded.png\",\"width\":510,\"height\":510,\"caption\":\"CARAUDIOWORLD.eu\"},\"image\":{\"@id\":\"https:\\\/\\\/caraudioworld.eu\\\/cs\\\/#\\\/schema\\\/logo\\\/image\\\/\"},\"sameAs\":[\"https:\\\/\\\/www.facebook.com\\\/caraudioworld.eu\",\"https:\\\/\\\/www.instagram.com\\\/caraudioworld.eu\\\/\"]}]}<\/script>\n<!-- \/ Yoast SEO plugin. -->","yoast_head_json":{"title":"STEG LQ25 - CARAUDIOWORLD","description":"Kvalitn\u00ed v\u00fd\u0161kov\u00fd reproduktor zna\u010dky STEG za rozumnou cenu. Zvukov\u011b jsou jedny z nejlep\u0161\u00edch v dan\u00e9 cenov\u00e9 kategorii a poslou\u017e\u00ed i n\u00e1ro\u010dn\u011bj\u0161\u00edm poslucha\u010d\u016fm.    Parametry   Velikost 1.5\" (38 mm)   Impedance 4 ohm   V\u00fdkon 25 W RMS   Frekven\u010dn\u00ed rozsah 1500 - 25 000 Hz   Citlivost 90 dB   V\u00e1ha 0.07 kg   Mont\u00e1\u017en\u00ed hloubka 15 mm   Mont\u00e1\u017en\u00ed pr\u016fm\u011br 41 mm    &nbsp;","robots":{"index":"index","follow":"follow","max-snippet":"max-snippet:-1","max-image-preview":"max-image-preview:large","max-video-preview":"max-video-preview:-1"},"canonical":"https:\/\/caraudioworld.eu\/cs\/produkt\/steg-lq25\/","og_locale":"cs_CZ","og_type":"article","og_title":"STEG LQ25 - CARAUDIOWORLD","og_description":"Kvalitn\u00ed v\u00fd\u0161kov\u00fd reproduktor zna\u010dky STEG za rozumnou cenu. Zvukov\u011b jsou jedny z nejlep\u0161\u00edch v dan\u00e9 cenov\u00e9 kategorii a poslou\u017e\u00ed i n\u00e1ro\u010dn\u011bj\u0161\u00edm poslucha\u010d\u016fm.    Parametry   Velikost 1.5\" (38 mm)   Impedance 4 ohm   V\u00fdkon 25 W RMS   Frekven\u010dn\u00ed rozsah 1500 - 25 000 Hz   Citlivost 90 dB   V\u00e1ha 0.07 kg   Mont\u00e1\u017en\u00ed hloubka 15 mm   Mont\u00e1\u017en\u00ed pr\u016fm\u011br 41 mm    &nbsp;","og_url":"https:\/\/caraudioworld.eu\/cs\/produkt\/steg-lq25\/","og_site_name":"CARAUDIOWORLD","article_publisher":"https:\/\/www.facebook.com\/caraudioworld.eu","og_image":[{"width":1000,"height":700,"url":"https:\/\/caraudioworld.eu\/wp-content\/uploads\/2021\/02\/steg-LQ25.jpg","type":"image\/jpeg"}],"twitter_card":"summary_large_image","schema":{"@context":"https:\/\/schema.org","@graph":[{"@type":"WebPage","@id":"https:\/\/caraudioworld.eu\/cs\/produkt\/steg-lq25\/","url":"https:\/\/caraudioworld.eu\/cs\/produkt\/steg-lq25\/","name":"STEG LQ25 - CARAUDIOWORLD","isPartOf":{"@id":"https:\/\/caraudioworld.eu\/cs\/#website"},"primaryImageOfPage":{"@id":"https:\/\/caraudioworld.eu\/cs\/produkt\/steg-lq25\/#primaryimage"},"image":{"@id":"https:\/\/caraudioworld.eu\/cs\/produkt\/steg-lq25\/#primaryimage"},"thumbnailUrl":"https:\/\/caraudioworld.eu\/wp-content\/uploads\/2021\/02\/steg-LQ25.jpg","datePublished":"2021-02-06T15:46:43+00:00","description":"Kvalitn\u00ed v\u00fd\u0161kov\u00fd reproduktor zna\u010dky STEG za rozumnou cenu. Zvukov\u011b jsou jedny z nejlep\u0161\u00edch v dan\u00e9 cenov\u00e9 kategorii a poslou\u017e\u00ed i n\u00e1ro\u010dn\u011bj\u0161\u00edm poslucha\u010d\u016fm. Parametry Velikost 1.5\" (38 mm) Impedance 4 ohm V\u00fdkon 25 W RMS Frekven\u010dn\u00ed rozsah 1500 - 25 000 Hz Citlivost 90 dB V\u00e1ha 0.07 kg Mont\u00e1\u017en\u00ed hloubka 15 mm Mont\u00e1\u017en\u00ed pr\u016fm\u011br 41 mm &nbsp;","breadcrumb":{"@id":"https:\/\/caraudioworld.eu\/cs\/produkt\/steg-lq25\/#breadcrumb"},"inLanguage":"cs","potentialAction":[{"@type":"ReadAction","target":["https:\/\/caraudioworld.eu\/cs\/produkt\/steg-lq25\/"]}]},{"@type":"ImageObject","inLanguage":"cs","@id":"https:\/\/caraudioworld.eu\/cs\/produkt\/steg-lq25\/#primaryimage","url":"https:\/\/caraudioworld.eu\/wp-content\/uploads\/2021\/02\/steg-LQ25.jpg","contentUrl":"https:\/\/caraudioworld.eu\/wp-content\/uploads\/2021\/02\/steg-LQ25.jpg","width":1000,"height":700,"caption":"steg LQ25"},{"@type":"BreadcrumbList","@id":"https:\/\/caraudioworld.eu\/cs\/produkt\/steg-lq25\/#breadcrumb","itemListElement":[{"@type":"ListItem","position":1,"name":"Home","item":"https:\/\/caraudioworld.eu\/cs\/"},{"@type":"ListItem","position":2,"name":"Obchod","item":"https:\/\/caraudioworld.eu\/cs\/obchod\/"},{"@type":"ListItem","position":3,"name":"STEG LQ25"}]},{"@type":"WebSite","@id":"https:\/\/caraudioworld.eu\/cs\/#website","url":"https:\/\/caraudioworld.eu\/cs\/","name":"CARAUDIOWORLD","description":"Audio Heaven","publisher":{"@id":"https:\/\/caraudioworld.eu\/cs\/#organization"},"potentialAction":[{"@type":"SearchAction","target":{"@type":"EntryPoint","urlTemplate":"https:\/\/caraudioworld.eu\/cs\/?s={search_term_string}"},"query-input":{"@type":"PropertyValueSpecification","valueRequired":true,"valueName":"search_term_string"}}],"inLanguage":"cs"},{"@type":"Organization","@id":"https:\/\/caraudioworld.eu\/cs\/#organization","name":"CARAUDIOWORLD.eu","url":"https:\/\/caraudioworld.eu\/cs\/","logo":{"@type":"ImageObject","inLanguage":"cs","@id":"https:\/\/caraudioworld.eu\/cs\/#\/schema\/logo\/image\/","url":"https:\/\/caraudioworld.eu\/wp-content\/uploads\/2020\/10\/CAW_rounded.png","contentUrl":"https:\/\/caraudioworld.eu\/wp-content\/uploads\/2020\/10\/CAW_rounded.png","width":510,"height":510,"caption":"CARAUDIOWORLD.eu"},"image":{"@id":"https:\/\/caraudioworld.eu\/cs\/#\/schema\/logo\/image\/"},"sameAs":["https:\/\/www.facebook.com\/caraudioworld.eu","https:\/\/www.instagram.com\/caraudioworld.eu\/"]}]}},"_links":{"self":[{"href":"https:\/\/caraudioworld.eu\/cs\/wp-json\/wp\/v2\/product\/8975","targetHints":{"allow":["GET"]}}],"collection":[{"href":"https:\/\/caraudioworld.eu\/cs\/wp-json\/wp\/v2\/product"}],"about":[{"href":"https:\/\/caraudioworld.eu\/cs\/wp-json\/wp\/v2\/types\/product"}],"replies":[{"embeddable":true,"href":"https:\/\/caraudioworld.eu\/cs\/wp-json\/wp\/v2\/comments?post=8975"}],"wp:featuredmedia":[{"embeddable":true,"href":"https:\/\/caraudioworld.eu\/cs\/wp-json\/wp\/v2\/media\/8852"}],"wp:attachment":[{"href":"https:\/\/caraudioworld.eu\/cs\/wp-json\/wp\/v2\/media?parent=8975"}],"wp:term":[{"taxonomy":"product_brand","embeddable":true,"href":"https:\/\/caraudioworld.eu\/cs\/wp-json\/wp\/v2\/product_brand?post=8975"},{"taxonomy":"product_cat","embeddable":true,"href":"https:\/\/caraudioworld.eu\/cs\/wp-json\/wp\/v2\/product_cat?post=8975"},{"taxonomy":"product_tag","embeddable":true,"href":"https:\/\/caraudioworld.eu\/cs\/wp-json\/wp\/v2\/product_tag?post=8975"}],"curies":[{"name":"wp","href":"https:\/\/api.w.org\/{rel}","templated":true}]}}