{"id":8978,"date":"2021-02-08T17:14:55","date_gmt":"2021-02-08T16:14:55","guid":{"rendered":"https:\/\/caraudioworld.eu\/produkt\/steg-msk200-2\/"},"modified":"2021-02-08T17:14:55","modified_gmt":"2021-02-08T16:14:55","slug":"steg-msk200-2","status":"publish","type":"product","link":"https:\/\/caraudioworld.eu\/cs\/produkt\/steg-msk200-2\/","title":{"rendered":"STEG M.MSK 200.2"},"content":{"rendered":"","protected":false},"excerpt":{"rendered":"<p>Nov\u00fd a vylep\u0161en\u00fd zesilova\u010d z d\u00edlny STEG Master Stroke (M.MSK 200.2), kter\u00fd si zaslou\u017e\u00ed va\u0161i pozornost. D\u00edky vylep\u0161en\u00e9mu obvodu se poda\u0159ilo dos\u00e1hnout ni\u017e\u0161\u00ed zkreslen\u00ed, v\u011bt\u0161\u00ed efektivitu a lep\u0161\u00ed kvalitu zvuku. Zesilova\u010d je vhodn\u00fd i na sout\u011b\u017en\u00ed pou\u017eit\u00ed, kde z\u00e1le\u017e\u00ed i na t\u011bch nejmen\u0161\u00edch detailech v nahr\u00e1vk\u00e1ch.<\/p>\n<table style=\"width: 100%; text-align: left;\">\n<tbody>\n<tr>\n<th>Parametry<\/th>\n<\/tr>\n<tr>\n<td>T\u0159\u00edda<\/td>\n<td>D<\/td>\n<\/tr>\n<tr>\n<td>Po\u010det kan\u00e1l\u016f<\/td>\n<td>2<\/td>\n<\/tr>\n<tr>\n<td>Nap\u00e1jen\u00ed<\/td>\n<td>8 &#8211; 16V<\/td>\n<\/tr>\n<tr>\n<td>Standby odb\u011br<\/td>\n<td>&lt; 1.2A<\/td>\n<\/tr>\n<tr>\n<td>Vstupn\u00ed citlivost<\/td>\n<td>0.2 &#8211; 5V<\/td>\n<\/tr>\n<tr>\n<td>Vstupn\u00ed odpor<\/td>\n<td>48 K\u03a9<\/td>\n<\/tr>\n<tr>\n<td>S\/N ratio<\/td>\n<td>&gt;100dB<\/td>\n<\/tr>\n<tr>\n<td><\/td>\n<td><\/td>\n<\/tr>\n<tr>\n<td><strong>V\u00fdkon<\/strong><\/td>\n<td><\/td>\n<\/tr>\n<tr>\n<td>2 x 200W RMS<\/td>\n<td>4 ohm<\/td>\n<\/tr>\n<tr>\n<td>2 x 350W RMS<\/td>\n<td>2 ohm<\/td>\n<\/tr>\n<tr>\n<td>1 x 700W RMS<\/td>\n<td>4 ohm (bridged)<\/td>\n<\/tr>\n<tr>\n<td><\/td>\n<td><\/td>\n<\/tr>\n<tr>\n<td>Rozm\u011bry<\/td>\n<td>380 x 216 x 59 mm<\/td>\n<\/tr>\n<tr>\n<td>V\u00e1ha<\/td>\n<td>5 kg<\/td>\n<\/tr>\n<\/tbody>\n<\/table>\n<p>&nbsp;<\/p>\n","protected":false},"featured_media":8900,"comment_status":"open","ping_status":"closed","template":"","meta":[],"product_brand":[],"product_cat":[421,420],"product_tag":[339],"class_list":{"0":"post-8978","1":"product","2":"type-product","3":"status-publish","4":"has-post-thumbnail","6":"product_cat-2-kanal-cs","7":"product_cat-zesilovace","8":"product_tag-steg-cs","10":"first","11":"instock","12":"taxable","13":"shipping-taxable","14":"purchasable","15":"product-type-simple"},"yoast_head":"<!-- This site is optimized with the Yoast SEO plugin v27.3 - https:\/\/yoast.com\/product\/yoast-seo-wordpress\/ -->\n<title>STEG M.MSK 200.2 - CARAUDIOWORLD<\/title>\n<meta name=\"description\" content=\"Nov\u00fd a vylep\u0161en\u00fd zesilova\u010d z d\u00edlny STEG Master Stroke (M.MSK 200.2), kter\u00fd si zaslou\u017e\u00ed va\u0161i pozornost. D\u00edky vylep\u0161en\u00e9mu obvodu se poda\u0159ilo dos\u00e1hnout ni\u017e\u0161\u00ed zkreslen\u00ed, v\u011bt\u0161\u00ed efektivitu a lep\u0161\u00ed kvalitu zvuku. Zesilova\u010d je vhodn\u00fd i na sout\u011b\u017en\u00ed pou\u017eit\u00ed, kde z\u00e1le\u017e\u00ed i na t\u011bch nejmen\u0161\u00edch detailech v nahr\u00e1vk\u00e1ch.    Parametry   T\u0159\u00edda D   Po\u010det kan\u00e1l\u016f 2   Nap\u00e1jen\u00ed 8 - 16V   Standby odb\u011br &lt; 1.2A   Vstupn\u00ed citlivost 0.2 - 5V   Vstupn\u00ed odpor 48 K\u03a9   S\/N ratio &gt;100dB       V\u00fdkon    2 x 200W RMS 4 ohm   2 x 350W RMS 2 ohm   1 x 700W RMS 4 ohm (bridged)       Rozm\u011bry 380 x 216 x 59 mm   V\u00e1ha 5 kg    &nbsp;\" \/>\n<meta name=\"robots\" content=\"index, follow, max-snippet:-1, max-image-preview:large, max-video-preview:-1\" \/>\n<link rel=\"canonical\" href=\"https:\/\/caraudioworld.eu\/cs\/produkt\/steg-msk200-2\/\" \/>\n<meta property=\"og:locale\" content=\"cs_CZ\" \/>\n<meta property=\"og:type\" content=\"article\" \/>\n<meta property=\"og:title\" content=\"STEG M.MSK 200.2 - CARAUDIOWORLD\" \/>\n<meta property=\"og:description\" content=\"Nov\u00fd a vylep\u0161en\u00fd zesilova\u010d z d\u00edlny STEG Master Stroke (M.MSK 200.2), kter\u00fd si zaslou\u017e\u00ed va\u0161i pozornost. D\u00edky vylep\u0161en\u00e9mu obvodu se poda\u0159ilo dos\u00e1hnout ni\u017e\u0161\u00ed zkreslen\u00ed, v\u011bt\u0161\u00ed efektivitu a lep\u0161\u00ed kvalitu zvuku. Zesilova\u010d je vhodn\u00fd i na sout\u011b\u017en\u00ed pou\u017eit\u00ed, kde z\u00e1le\u017e\u00ed i na t\u011bch nejmen\u0161\u00edch detailech v nahr\u00e1vk\u00e1ch.    Parametry   T\u0159\u00edda D   Po\u010det kan\u00e1l\u016f 2   Nap\u00e1jen\u00ed 8 - 16V   Standby odb\u011br &lt; 1.2A   Vstupn\u00ed citlivost 0.2 - 5V   Vstupn\u00ed odpor 48 K\u03a9   S\/N ratio &gt;100dB       V\u00fdkon    2 x 200W RMS 4 ohm   2 x 350W RMS 2 ohm   1 x 700W RMS 4 ohm (bridged)       Rozm\u011bry 380 x 216 x 59 mm   V\u00e1ha 5 kg    &nbsp;\" \/>\n<meta property=\"og:url\" content=\"https:\/\/caraudioworld.eu\/cs\/produkt\/steg-msk200-2\/\" \/>\n<meta property=\"og:site_name\" content=\"CARAUDIOWORLD\" \/>\n<meta property=\"article:publisher\" content=\"https:\/\/www.facebook.com\/caraudioworld.eu\" \/>\n<meta property=\"og:image\" content=\"https:\/\/caraudioworld.eu\/wp-content\/uploads\/2021\/02\/steg-msk200.2.jpg\" \/>\n\t<meta property=\"og:image:width\" content=\"1000\" \/>\n\t<meta property=\"og:image:height\" content=\"700\" \/>\n\t<meta property=\"og:image:type\" content=\"image\/jpeg\" \/>\n<meta name=\"twitter:card\" content=\"summary_large_image\" \/>\n<script type=\"application\/ld+json\" class=\"yoast-schema-graph\">{\"@context\":\"https:\\\/\\\/schema.org\",\"@graph\":[{\"@type\":\"WebPage\",\"@id\":\"https:\\\/\\\/caraudioworld.eu\\\/cs\\\/produkt\\\/steg-msk200-2\\\/\",\"url\":\"https:\\\/\\\/caraudioworld.eu\\\/cs\\\/produkt\\\/steg-msk200-2\\\/\",\"name\":\"STEG M.MSK 200.2 - CARAUDIOWORLD\",\"isPartOf\":{\"@id\":\"https:\\\/\\\/caraudioworld.eu\\\/cs\\\/#website\"},\"primaryImageOfPage\":{\"@id\":\"https:\\\/\\\/caraudioworld.eu\\\/cs\\\/produkt\\\/steg-msk200-2\\\/#primaryimage\"},\"image\":{\"@id\":\"https:\\\/\\\/caraudioworld.eu\\\/cs\\\/produkt\\\/steg-msk200-2\\\/#primaryimage\"},\"thumbnailUrl\":\"https:\\\/\\\/caraudioworld.eu\\\/wp-content\\\/uploads\\\/2021\\\/02\\\/steg-msk200.2.jpg\",\"datePublished\":\"2021-02-08T16:14:55+00:00\",\"description\":\"Nov\u00fd a vylep\u0161en\u00fd zesilova\u010d z d\u00edlny STEG Master Stroke (M.MSK 200.2), kter\u00fd si zaslou\u017e\u00ed va\u0161i pozornost. D\u00edky vylep\u0161en\u00e9mu obvodu se poda\u0159ilo dos\u00e1hnout ni\u017e\u0161\u00ed zkreslen\u00ed, v\u011bt\u0161\u00ed efektivitu a lep\u0161\u00ed kvalitu zvuku. Zesilova\u010d je vhodn\u00fd i na sout\u011b\u017en\u00ed pou\u017eit\u00ed, kde z\u00e1le\u017e\u00ed i na t\u011bch nejmen\u0161\u00edch detailech v nahr\u00e1vk\u00e1ch. Parametry T\u0159\u00edda D Po\u010det kan\u00e1l\u016f 2 Nap\u00e1jen\u00ed 8 - 16V Standby odb\u011br &lt; 1.2A Vstupn\u00ed citlivost 0.2 - 5V Vstupn\u00ed odpor 48 K\u03a9 S\\\/N ratio &gt;100dB V\u00fdkon 2 x 200W RMS 4 ohm 2 x 350W RMS 2 ohm 1 x 700W RMS 4 ohm (bridged) Rozm\u011bry 380 x 216 x 59 mm V\u00e1ha 5 kg &nbsp;\",\"breadcrumb\":{\"@id\":\"https:\\\/\\\/caraudioworld.eu\\\/cs\\\/produkt\\\/steg-msk200-2\\\/#breadcrumb\"},\"inLanguage\":\"cs\",\"potentialAction\":[{\"@type\":\"ReadAction\",\"target\":[\"https:\\\/\\\/caraudioworld.eu\\\/cs\\\/produkt\\\/steg-msk200-2\\\/\"]}]},{\"@type\":\"ImageObject\",\"inLanguage\":\"cs\",\"@id\":\"https:\\\/\\\/caraudioworld.eu\\\/cs\\\/produkt\\\/steg-msk200-2\\\/#primaryimage\",\"url\":\"https:\\\/\\\/caraudioworld.eu\\\/wp-content\\\/uploads\\\/2021\\\/02\\\/steg-msk200.2.jpg\",\"contentUrl\":\"https:\\\/\\\/caraudioworld.eu\\\/wp-content\\\/uploads\\\/2021\\\/02\\\/steg-msk200.2.jpg\",\"width\":1000,\"height\":700,\"caption\":\"steg msk200.2\"},{\"@type\":\"BreadcrumbList\",\"@id\":\"https:\\\/\\\/caraudioworld.eu\\\/cs\\\/produkt\\\/steg-msk200-2\\\/#breadcrumb\",\"itemListElement\":[{\"@type\":\"ListItem\",\"position\":1,\"name\":\"Home\",\"item\":\"https:\\\/\\\/caraudioworld.eu\\\/cs\\\/\"},{\"@type\":\"ListItem\",\"position\":2,\"name\":\"Obchod\",\"item\":\"https:\\\/\\\/caraudioworld.eu\\\/cs\\\/obchod\\\/\"},{\"@type\":\"ListItem\",\"position\":3,\"name\":\"STEG M.MSK 200.2\"}]},{\"@type\":\"WebSite\",\"@id\":\"https:\\\/\\\/caraudioworld.eu\\\/cs\\\/#website\",\"url\":\"https:\\\/\\\/caraudioworld.eu\\\/cs\\\/\",\"name\":\"CARAUDIOWORLD\",\"description\":\"Audio Heaven\",\"publisher\":{\"@id\":\"https:\\\/\\\/caraudioworld.eu\\\/cs\\\/#organization\"},\"potentialAction\":[{\"@type\":\"SearchAction\",\"target\":{\"@type\":\"EntryPoint\",\"urlTemplate\":\"https:\\\/\\\/caraudioworld.eu\\\/cs\\\/?s={search_term_string}\"},\"query-input\":{\"@type\":\"PropertyValueSpecification\",\"valueRequired\":true,\"valueName\":\"search_term_string\"}}],\"inLanguage\":\"cs\"},{\"@type\":\"Organization\",\"@id\":\"https:\\\/\\\/caraudioworld.eu\\\/cs\\\/#organization\",\"name\":\"CARAUDIOWORLD.eu\",\"url\":\"https:\\\/\\\/caraudioworld.eu\\\/cs\\\/\",\"logo\":{\"@type\":\"ImageObject\",\"inLanguage\":\"cs\",\"@id\":\"https:\\\/\\\/caraudioworld.eu\\\/cs\\\/#\\\/schema\\\/logo\\\/image\\\/\",\"url\":\"https:\\\/\\\/caraudioworld.eu\\\/wp-content\\\/uploads\\\/2020\\\/10\\\/CAW_rounded.png\",\"contentUrl\":\"https:\\\/\\\/caraudioworld.eu\\\/wp-content\\\/uploads\\\/2020\\\/10\\\/CAW_rounded.png\",\"width\":510,\"height\":510,\"caption\":\"CARAUDIOWORLD.eu\"},\"image\":{\"@id\":\"https:\\\/\\\/caraudioworld.eu\\\/cs\\\/#\\\/schema\\\/logo\\\/image\\\/\"},\"sameAs\":[\"https:\\\/\\\/www.facebook.com\\\/caraudioworld.eu\",\"https:\\\/\\\/www.instagram.com\\\/caraudioworld.eu\\\/\"]}]}<\/script>\n<!-- \/ Yoast SEO plugin. -->","yoast_head_json":{"title":"STEG M.MSK 200.2 - CARAUDIOWORLD","description":"Nov\u00fd a vylep\u0161en\u00fd zesilova\u010d z d\u00edlny STEG Master Stroke (M.MSK 200.2), kter\u00fd si zaslou\u017e\u00ed va\u0161i pozornost. D\u00edky vylep\u0161en\u00e9mu obvodu se poda\u0159ilo dos\u00e1hnout ni\u017e\u0161\u00ed zkreslen\u00ed, v\u011bt\u0161\u00ed efektivitu a lep\u0161\u00ed kvalitu zvuku. Zesilova\u010d je vhodn\u00fd i na sout\u011b\u017en\u00ed pou\u017eit\u00ed, kde z\u00e1le\u017e\u00ed i na t\u011bch nejmen\u0161\u00edch detailech v nahr\u00e1vk\u00e1ch.    Parametry   T\u0159\u00edda D   Po\u010det kan\u00e1l\u016f 2   Nap\u00e1jen\u00ed 8 - 16V   Standby odb\u011br &lt; 1.2A   Vstupn\u00ed citlivost 0.2 - 5V   Vstupn\u00ed odpor 48 K\u03a9   S\/N ratio &gt;100dB       V\u00fdkon    2 x 200W RMS 4 ohm   2 x 350W RMS 2 ohm   1 x 700W RMS 4 ohm (bridged)       Rozm\u011bry 380 x 216 x 59 mm   V\u00e1ha 5 kg    &nbsp;","robots":{"index":"index","follow":"follow","max-snippet":"max-snippet:-1","max-image-preview":"max-image-preview:large","max-video-preview":"max-video-preview:-1"},"canonical":"https:\/\/caraudioworld.eu\/cs\/produkt\/steg-msk200-2\/","og_locale":"cs_CZ","og_type":"article","og_title":"STEG M.MSK 200.2 - CARAUDIOWORLD","og_description":"Nov\u00fd a vylep\u0161en\u00fd zesilova\u010d z d\u00edlny STEG Master Stroke (M.MSK 200.2), kter\u00fd si zaslou\u017e\u00ed va\u0161i pozornost. D\u00edky vylep\u0161en\u00e9mu obvodu se poda\u0159ilo dos\u00e1hnout ni\u017e\u0161\u00ed zkreslen\u00ed, v\u011bt\u0161\u00ed efektivitu a lep\u0161\u00ed kvalitu zvuku. Zesilova\u010d je vhodn\u00fd i na sout\u011b\u017en\u00ed pou\u017eit\u00ed, kde z\u00e1le\u017e\u00ed i na t\u011bch nejmen\u0161\u00edch detailech v nahr\u00e1vk\u00e1ch.    Parametry   T\u0159\u00edda D   Po\u010det kan\u00e1l\u016f 2   Nap\u00e1jen\u00ed 8 - 16V   Standby odb\u011br &lt; 1.2A   Vstupn\u00ed citlivost 0.2 - 5V   Vstupn\u00ed odpor 48 K\u03a9   S\/N ratio &gt;100dB       V\u00fdkon    2 x 200W RMS 4 ohm   2 x 350W RMS 2 ohm   1 x 700W RMS 4 ohm (bridged)       Rozm\u011bry 380 x 216 x 59 mm   V\u00e1ha 5 kg    &nbsp;","og_url":"https:\/\/caraudioworld.eu\/cs\/produkt\/steg-msk200-2\/","og_site_name":"CARAUDIOWORLD","article_publisher":"https:\/\/www.facebook.com\/caraudioworld.eu","og_image":[{"width":1000,"height":700,"url":"https:\/\/caraudioworld.eu\/wp-content\/uploads\/2021\/02\/steg-msk200.2.jpg","type":"image\/jpeg"}],"twitter_card":"summary_large_image","schema":{"@context":"https:\/\/schema.org","@graph":[{"@type":"WebPage","@id":"https:\/\/caraudioworld.eu\/cs\/produkt\/steg-msk200-2\/","url":"https:\/\/caraudioworld.eu\/cs\/produkt\/steg-msk200-2\/","name":"STEG M.MSK 200.2 - CARAUDIOWORLD","isPartOf":{"@id":"https:\/\/caraudioworld.eu\/cs\/#website"},"primaryImageOfPage":{"@id":"https:\/\/caraudioworld.eu\/cs\/produkt\/steg-msk200-2\/#primaryimage"},"image":{"@id":"https:\/\/caraudioworld.eu\/cs\/produkt\/steg-msk200-2\/#primaryimage"},"thumbnailUrl":"https:\/\/caraudioworld.eu\/wp-content\/uploads\/2021\/02\/steg-msk200.2.jpg","datePublished":"2021-02-08T16:14:55+00:00","description":"Nov\u00fd a vylep\u0161en\u00fd zesilova\u010d z d\u00edlny STEG Master Stroke (M.MSK 200.2), kter\u00fd si zaslou\u017e\u00ed va\u0161i pozornost. D\u00edky vylep\u0161en\u00e9mu obvodu se poda\u0159ilo dos\u00e1hnout ni\u017e\u0161\u00ed zkreslen\u00ed, v\u011bt\u0161\u00ed efektivitu a lep\u0161\u00ed kvalitu zvuku. Zesilova\u010d je vhodn\u00fd i na sout\u011b\u017en\u00ed pou\u017eit\u00ed, kde z\u00e1le\u017e\u00ed i na t\u011bch nejmen\u0161\u00edch detailech v nahr\u00e1vk\u00e1ch. Parametry T\u0159\u00edda D Po\u010det kan\u00e1l\u016f 2 Nap\u00e1jen\u00ed 8 - 16V Standby odb\u011br &lt; 1.2A Vstupn\u00ed citlivost 0.2 - 5V Vstupn\u00ed odpor 48 K\u03a9 S\/N ratio &gt;100dB V\u00fdkon 2 x 200W RMS 4 ohm 2 x 350W RMS 2 ohm 1 x 700W RMS 4 ohm (bridged) Rozm\u011bry 380 x 216 x 59 mm V\u00e1ha 5 kg &nbsp;","breadcrumb":{"@id":"https:\/\/caraudioworld.eu\/cs\/produkt\/steg-msk200-2\/#breadcrumb"},"inLanguage":"cs","potentialAction":[{"@type":"ReadAction","target":["https:\/\/caraudioworld.eu\/cs\/produkt\/steg-msk200-2\/"]}]},{"@type":"ImageObject","inLanguage":"cs","@id":"https:\/\/caraudioworld.eu\/cs\/produkt\/steg-msk200-2\/#primaryimage","url":"https:\/\/caraudioworld.eu\/wp-content\/uploads\/2021\/02\/steg-msk200.2.jpg","contentUrl":"https:\/\/caraudioworld.eu\/wp-content\/uploads\/2021\/02\/steg-msk200.2.jpg","width":1000,"height":700,"caption":"steg msk200.2"},{"@type":"BreadcrumbList","@id":"https:\/\/caraudioworld.eu\/cs\/produkt\/steg-msk200-2\/#breadcrumb","itemListElement":[{"@type":"ListItem","position":1,"name":"Home","item":"https:\/\/caraudioworld.eu\/cs\/"},{"@type":"ListItem","position":2,"name":"Obchod","item":"https:\/\/caraudioworld.eu\/cs\/obchod\/"},{"@type":"ListItem","position":3,"name":"STEG M.MSK 200.2"}]},{"@type":"WebSite","@id":"https:\/\/caraudioworld.eu\/cs\/#website","url":"https:\/\/caraudioworld.eu\/cs\/","name":"CARAUDIOWORLD","description":"Audio Heaven","publisher":{"@id":"https:\/\/caraudioworld.eu\/cs\/#organization"},"potentialAction":[{"@type":"SearchAction","target":{"@type":"EntryPoint","urlTemplate":"https:\/\/caraudioworld.eu\/cs\/?s={search_term_string}"},"query-input":{"@type":"PropertyValueSpecification","valueRequired":true,"valueName":"search_term_string"}}],"inLanguage":"cs"},{"@type":"Organization","@id":"https:\/\/caraudioworld.eu\/cs\/#organization","name":"CARAUDIOWORLD.eu","url":"https:\/\/caraudioworld.eu\/cs\/","logo":{"@type":"ImageObject","inLanguage":"cs","@id":"https:\/\/caraudioworld.eu\/cs\/#\/schema\/logo\/image\/","url":"https:\/\/caraudioworld.eu\/wp-content\/uploads\/2020\/10\/CAW_rounded.png","contentUrl":"https:\/\/caraudioworld.eu\/wp-content\/uploads\/2020\/10\/CAW_rounded.png","width":510,"height":510,"caption":"CARAUDIOWORLD.eu"},"image":{"@id":"https:\/\/caraudioworld.eu\/cs\/#\/schema\/logo\/image\/"},"sameAs":["https:\/\/www.facebook.com\/caraudioworld.eu","https:\/\/www.instagram.com\/caraudioworld.eu\/"]}]}},"_links":{"self":[{"href":"https:\/\/caraudioworld.eu\/cs\/wp-json\/wp\/v2\/product\/8978","targetHints":{"allow":["GET"]}}],"collection":[{"href":"https:\/\/caraudioworld.eu\/cs\/wp-json\/wp\/v2\/product"}],"about":[{"href":"https:\/\/caraudioworld.eu\/cs\/wp-json\/wp\/v2\/types\/product"}],"replies":[{"embeddable":true,"href":"https:\/\/caraudioworld.eu\/cs\/wp-json\/wp\/v2\/comments?post=8978"}],"wp:featuredmedia":[{"embeddable":true,"href":"https:\/\/caraudioworld.eu\/cs\/wp-json\/wp\/v2\/media\/8900"}],"wp:attachment":[{"href":"https:\/\/caraudioworld.eu\/cs\/wp-json\/wp\/v2\/media?parent=8978"}],"wp:term":[{"taxonomy":"product_brand","embeddable":true,"href":"https:\/\/caraudioworld.eu\/cs\/wp-json\/wp\/v2\/product_brand?post=8978"},{"taxonomy":"product_cat","embeddable":true,"href":"https:\/\/caraudioworld.eu\/cs\/wp-json\/wp\/v2\/product_cat?post=8978"},{"taxonomy":"product_tag","embeddable":true,"href":"https:\/\/caraudioworld.eu\/cs\/wp-json\/wp\/v2\/product_tag?post=8978"}],"curies":[{"name":"wp","href":"https:\/\/api.w.org\/{rel}","templated":true}]}}