{"id":8980,"date":"2021-02-08T17:50:48","date_gmt":"2021-02-08T16:50:48","guid":{"rendered":"https:\/\/caraudioworld.eu\/produkt\/steg-gloria-120-2\/"},"modified":"2021-02-08T17:50:48","modified_gmt":"2021-02-08T16:50:48","slug":"steg-gloria-120-2","status":"publish","type":"product","link":"https:\/\/caraudioworld.eu\/cs\/produkt\/steg-gloria-120-2\/","title":{"rendered":"STEG GLORIA 120.2"},"content":{"rendered":"","protected":false},"excerpt":{"rendered":"<p>Nejnov\u011bj\u0161\u00ed a z\u00e1rove\u0148 nejmen\u0161\u00ed p\u0159\u00edr\u016fstek do rodiny STEG ve firm\u011b GTTrading s n\u00e1zvem Gloria 120.2. Tento v\u00fdrobek byl navr\u017een a vyroben v It\u00e1lii a je jedn\u00edm z nejv\u00fdkonn\u011bj\u0161\u00edch a z\u00e1rove\u0148 nejmen\u0161\u00edm zesilova\u010d\u016f na sv\u011bt\u011b s ton\u00e1ln\u00edmi charakteristikami srovnateln\u00fdmi s t\u0159\u00eddou AB. Zesilova\u010d je \u0159\u00edzen mikroprocesorem, kter\u00fd m\u00e1 na starosti: 1. ochranu p\u0159ed p\u0159eh\u0159\u00e1t\u00edm, 2. ochranu p\u0159ed st\u0159\u00eddav\u00fdm proudem a 3. ochranu proti zkratu. Jako vstup lze vyu\u017e\u00edt vysoce \u00farov\u0148ov\u00fd nebo n\u00edzko \u00farov\u0148ov\u00fd (RCA) sign\u00e1l, p\u0159i\u010dem\u017e zesilova\u010d se automaticky zapne \/ vypne pokud detekuje sign\u00e1l.<\/p>\n<table style=\"width: 100%; text-align: left;\">\n<tbody>\n<tr>\n<th>Parametry<\/th>\n<\/tr>\n<tr>\n<td>T\u0159\u00edda<\/td>\n<td>D<\/td>\n<\/tr>\n<tr>\n<td>Po\u010det kan\u00e1l\u016f<\/td>\n<td>2<\/td>\n<\/tr>\n<tr>\n<td>Nap\u00e1jen\u00ed<\/td>\n<td>10 &#8211; 16V<\/td>\n<\/tr>\n<tr>\n<td>Frekven\u010dn\u00ed rozsah<\/td>\n<td>\u00a05 &#8211; 40 000 Hz<\/td>\n<\/tr>\n<tr>\n<td>Vstupn\u00ed citlivost<\/td>\n<td>0.5 &#8211; 5V<\/td>\n<\/tr>\n<tr>\n<td>Efektivita<\/td>\n<td>87%<\/td>\n<\/tr>\n<tr>\n<td>Zkreslen\u00ed<\/td>\n<td>0.026%<\/td>\n<\/tr>\n<tr>\n<td><\/td>\n<td><\/td>\n<\/tr>\n<tr>\n<td><strong>V\u00fdkon<\/strong><\/td>\n<td><\/td>\n<\/tr>\n<tr>\n<td>2 x 100W RMS<\/td>\n<td>4 ohm<\/td>\n<\/tr>\n<tr>\n<td>2 x 130W RMS<\/td>\n<td>2 ohm<\/td>\n<\/tr>\n<tr>\n<td>1 x 250W RMS<\/td>\n<td>4 ohm (bridged)<\/td>\n<\/tr>\n<tr>\n<td><\/td>\n<td><\/td>\n<\/tr>\n<tr>\n<td>Rozm\u011bry<\/td>\n<td>110 x 95 x 34 mm<\/td>\n<\/tr>\n<tr>\n<td>V\u00e1ha<\/td>\n<td>300 g<\/td>\n<\/tr>\n<\/tbody>\n<\/table>\n<p>&nbsp;<\/p>\n","protected":false},"featured_media":8944,"comment_status":"open","ping_status":"closed","template":"","meta":[],"product_brand":[],"product_cat":[421,420],"product_tag":[339],"class_list":{"0":"post-8980","1":"product","2":"type-product","3":"status-publish","4":"has-post-thumbnail","6":"product_cat-2-kanal-cs","7":"product_cat-zesilovace","8":"product_tag-steg-cs","10":"first","11":"instock","12":"taxable","13":"shipping-taxable","14":"purchasable","15":"product-type-simple"},"yoast_head":"<!-- This site is optimized with the Yoast SEO plugin v27.3 - https:\/\/yoast.com\/product\/yoast-seo-wordpress\/ -->\n<title>STEG GLORIA 120.2 - CARAUDIOWORLD<\/title>\n<meta name=\"description\" content=\"Nejnov\u011bj\u0161\u00ed a z\u00e1rove\u0148 nejmen\u0161\u00ed p\u0159\u00edr\u016fstek do rodiny STEG ve firm\u011b GTTrading s n\u00e1zvem Gloria 120.2. Tento v\u00fdrobek byl navr\u017een a vyroben v It\u00e1lii a je jedn\u00edm z nejv\u00fdkonn\u011bj\u0161\u00edch a z\u00e1rove\u0148 nejmen\u0161\u00edm zesilova\u010d\u016f na sv\u011bt\u011b s ton\u00e1ln\u00edmi charakteristikami srovnateln\u00fdmi s t\u0159\u00eddou AB. Zesilova\u010d je \u0159\u00edzen mikroprocesorem, kter\u00fd m\u00e1 na starosti: 1. ochranu p\u0159ed p\u0159eh\u0159\u00e1t\u00edm, 2. ochranu p\u0159ed st\u0159\u00eddav\u00fdm proudem a 3. ochranu proti zkratu. Jako vstup lze vyu\u017e\u00edt vysoce \u00farov\u0148ov\u00fd nebo n\u00edzko \u00farov\u0148ov\u00fd (RCA) sign\u00e1l, p\u0159i\u010dem\u017e zesilova\u010d se automaticky zapne \/ vypne pokud detekuje sign\u00e1l.    Parametry   T\u0159\u00edda D   Po\u010det kan\u00e1l\u016f 2   Nap\u00e1jen\u00ed 10 - 16V   Frekven\u010dn\u00ed rozsah \u00a05 - 40 000 Hz   Vstupn\u00ed citlivost 0.5 - 5V   Efektivita 87%   Zkreslen\u00ed 0.026%       V\u00fdkon    2 x 100W RMS 4 ohm   2 x 130W RMS 2 ohm   1 x 250W RMS 4 ohm (bridged)       Rozm\u011bry 110 x 95 x 34 mm   V\u00e1ha 300 g    &nbsp;\" \/>\n<meta name=\"robots\" content=\"index, follow, max-snippet:-1, max-image-preview:large, max-video-preview:-1\" \/>\n<link rel=\"canonical\" href=\"https:\/\/caraudioworld.eu\/cs\/produkt\/steg-gloria-120-2\/\" \/>\n<meta property=\"og:locale\" content=\"cs_CZ\" \/>\n<meta property=\"og:type\" content=\"article\" \/>\n<meta property=\"og:title\" content=\"STEG GLORIA 120.2 - CARAUDIOWORLD\" \/>\n<meta property=\"og:description\" content=\"Nejnov\u011bj\u0161\u00ed a z\u00e1rove\u0148 nejmen\u0161\u00ed p\u0159\u00edr\u016fstek do rodiny STEG ve firm\u011b GTTrading s n\u00e1zvem Gloria 120.2. Tento v\u00fdrobek byl navr\u017een a vyroben v It\u00e1lii a je jedn\u00edm z nejv\u00fdkonn\u011bj\u0161\u00edch a z\u00e1rove\u0148 nejmen\u0161\u00edm zesilova\u010d\u016f na sv\u011bt\u011b s ton\u00e1ln\u00edmi charakteristikami srovnateln\u00fdmi s t\u0159\u00eddou AB. Zesilova\u010d je \u0159\u00edzen mikroprocesorem, kter\u00fd m\u00e1 na starosti: 1. ochranu p\u0159ed p\u0159eh\u0159\u00e1t\u00edm, 2. ochranu p\u0159ed st\u0159\u00eddav\u00fdm proudem a 3. ochranu proti zkratu. Jako vstup lze vyu\u017e\u00edt vysoce \u00farov\u0148ov\u00fd nebo n\u00edzko \u00farov\u0148ov\u00fd (RCA) sign\u00e1l, p\u0159i\u010dem\u017e zesilova\u010d se automaticky zapne \/ vypne pokud detekuje sign\u00e1l.    Parametry   T\u0159\u00edda D   Po\u010det kan\u00e1l\u016f 2   Nap\u00e1jen\u00ed 10 - 16V   Frekven\u010dn\u00ed rozsah \u00a05 - 40 000 Hz   Vstupn\u00ed citlivost 0.5 - 5V   Efektivita 87%   Zkreslen\u00ed 0.026%       V\u00fdkon    2 x 100W RMS 4 ohm   2 x 130W RMS 2 ohm   1 x 250W RMS 4 ohm (bridged)       Rozm\u011bry 110 x 95 x 34 mm   V\u00e1ha 300 g    &nbsp;\" \/>\n<meta property=\"og:url\" content=\"https:\/\/caraudioworld.eu\/cs\/produkt\/steg-gloria-120-2\/\" \/>\n<meta property=\"og:site_name\" content=\"CARAUDIOWORLD\" \/>\n<meta property=\"article:publisher\" content=\"https:\/\/www.facebook.com\/caraudioworld.eu\" \/>\n<meta property=\"og:image\" content=\"https:\/\/caraudioworld.eu\/wp-content\/uploads\/2021\/02\/steg-gloria-120.2.jpg\" \/>\n\t<meta property=\"og:image:width\" content=\"1000\" \/>\n\t<meta property=\"og:image:height\" content=\"700\" \/>\n\t<meta property=\"og:image:type\" content=\"image\/jpeg\" \/>\n<meta name=\"twitter:card\" content=\"summary_large_image\" \/>\n<script type=\"application\/ld+json\" class=\"yoast-schema-graph\">{\"@context\":\"https:\\\/\\\/schema.org\",\"@graph\":[{\"@type\":\"WebPage\",\"@id\":\"https:\\\/\\\/caraudioworld.eu\\\/cs\\\/produkt\\\/steg-gloria-120-2\\\/\",\"url\":\"https:\\\/\\\/caraudioworld.eu\\\/cs\\\/produkt\\\/steg-gloria-120-2\\\/\",\"name\":\"STEG GLORIA 120.2 - CARAUDIOWORLD\",\"isPartOf\":{\"@id\":\"https:\\\/\\\/caraudioworld.eu\\\/cs\\\/#website\"},\"primaryImageOfPage\":{\"@id\":\"https:\\\/\\\/caraudioworld.eu\\\/cs\\\/produkt\\\/steg-gloria-120-2\\\/#primaryimage\"},\"image\":{\"@id\":\"https:\\\/\\\/caraudioworld.eu\\\/cs\\\/produkt\\\/steg-gloria-120-2\\\/#primaryimage\"},\"thumbnailUrl\":\"https:\\\/\\\/caraudioworld.eu\\\/wp-content\\\/uploads\\\/2021\\\/02\\\/steg-gloria-120.2.jpg\",\"datePublished\":\"2021-02-08T16:50:48+00:00\",\"description\":\"Nejnov\u011bj\u0161\u00ed a z\u00e1rove\u0148 nejmen\u0161\u00ed p\u0159\u00edr\u016fstek do rodiny STEG ve firm\u011b GTTrading s n\u00e1zvem Gloria 120.2. Tento v\u00fdrobek byl navr\u017een a vyroben v It\u00e1lii a je jedn\u00edm z nejv\u00fdkonn\u011bj\u0161\u00edch a z\u00e1rove\u0148 nejmen\u0161\u00edm zesilova\u010d\u016f na sv\u011bt\u011b s ton\u00e1ln\u00edmi charakteristikami srovnateln\u00fdmi s t\u0159\u00eddou AB. Zesilova\u010d je \u0159\u00edzen mikroprocesorem, kter\u00fd m\u00e1 na starosti: 1. ochranu p\u0159ed p\u0159eh\u0159\u00e1t\u00edm, 2. ochranu p\u0159ed st\u0159\u00eddav\u00fdm proudem a 3. ochranu proti zkratu. Jako vstup lze vyu\u017e\u00edt vysoce \u00farov\u0148ov\u00fd nebo n\u00edzko \u00farov\u0148ov\u00fd (RCA) sign\u00e1l, p\u0159i\u010dem\u017e zesilova\u010d se automaticky zapne \\\/ vypne pokud detekuje sign\u00e1l. Parametry T\u0159\u00edda D Po\u010det kan\u00e1l\u016f 2 Nap\u00e1jen\u00ed 10 - 16V Frekven\u010dn\u00ed rozsah \u00a05 - 40 000 Hz Vstupn\u00ed citlivost 0.5 - 5V Efektivita 87% Zkreslen\u00ed 0.026% V\u00fdkon 2 x 100W RMS 4 ohm 2 x 130W RMS 2 ohm 1 x 250W RMS 4 ohm (bridged) Rozm\u011bry 110 x 95 x 34 mm V\u00e1ha 300 g &nbsp;\",\"breadcrumb\":{\"@id\":\"https:\\\/\\\/caraudioworld.eu\\\/cs\\\/produkt\\\/steg-gloria-120-2\\\/#breadcrumb\"},\"inLanguage\":\"cs\",\"potentialAction\":[{\"@type\":\"ReadAction\",\"target\":[\"https:\\\/\\\/caraudioworld.eu\\\/cs\\\/produkt\\\/steg-gloria-120-2\\\/\"]}]},{\"@type\":\"ImageObject\",\"inLanguage\":\"cs\",\"@id\":\"https:\\\/\\\/caraudioworld.eu\\\/cs\\\/produkt\\\/steg-gloria-120-2\\\/#primaryimage\",\"url\":\"https:\\\/\\\/caraudioworld.eu\\\/wp-content\\\/uploads\\\/2021\\\/02\\\/steg-gloria-120.2.jpg\",\"contentUrl\":\"https:\\\/\\\/caraudioworld.eu\\\/wp-content\\\/uploads\\\/2021\\\/02\\\/steg-gloria-120.2.jpg\",\"width\":1000,\"height\":700,\"caption\":\"steg gloria 120.2\"},{\"@type\":\"BreadcrumbList\",\"@id\":\"https:\\\/\\\/caraudioworld.eu\\\/cs\\\/produkt\\\/steg-gloria-120-2\\\/#breadcrumb\",\"itemListElement\":[{\"@type\":\"ListItem\",\"position\":1,\"name\":\"Home\",\"item\":\"https:\\\/\\\/caraudioworld.eu\\\/cs\\\/\"},{\"@type\":\"ListItem\",\"position\":2,\"name\":\"Obchod\",\"item\":\"https:\\\/\\\/caraudioworld.eu\\\/cs\\\/obchod\\\/\"},{\"@type\":\"ListItem\",\"position\":3,\"name\":\"STEG GLORIA 120.2\"}]},{\"@type\":\"WebSite\",\"@id\":\"https:\\\/\\\/caraudioworld.eu\\\/cs\\\/#website\",\"url\":\"https:\\\/\\\/caraudioworld.eu\\\/cs\\\/\",\"name\":\"CARAUDIOWORLD\",\"description\":\"Audio Heaven\",\"publisher\":{\"@id\":\"https:\\\/\\\/caraudioworld.eu\\\/cs\\\/#organization\"},\"potentialAction\":[{\"@type\":\"SearchAction\",\"target\":{\"@type\":\"EntryPoint\",\"urlTemplate\":\"https:\\\/\\\/caraudioworld.eu\\\/cs\\\/?s={search_term_string}\"},\"query-input\":{\"@type\":\"PropertyValueSpecification\",\"valueRequired\":true,\"valueName\":\"search_term_string\"}}],\"inLanguage\":\"cs\"},{\"@type\":\"Organization\",\"@id\":\"https:\\\/\\\/caraudioworld.eu\\\/cs\\\/#organization\",\"name\":\"CARAUDIOWORLD.eu\",\"url\":\"https:\\\/\\\/caraudioworld.eu\\\/cs\\\/\",\"logo\":{\"@type\":\"ImageObject\",\"inLanguage\":\"cs\",\"@id\":\"https:\\\/\\\/caraudioworld.eu\\\/cs\\\/#\\\/schema\\\/logo\\\/image\\\/\",\"url\":\"https:\\\/\\\/caraudioworld.eu\\\/wp-content\\\/uploads\\\/2020\\\/10\\\/CAW_rounded.png\",\"contentUrl\":\"https:\\\/\\\/caraudioworld.eu\\\/wp-content\\\/uploads\\\/2020\\\/10\\\/CAW_rounded.png\",\"width\":510,\"height\":510,\"caption\":\"CARAUDIOWORLD.eu\"},\"image\":{\"@id\":\"https:\\\/\\\/caraudioworld.eu\\\/cs\\\/#\\\/schema\\\/logo\\\/image\\\/\"},\"sameAs\":[\"https:\\\/\\\/www.facebook.com\\\/caraudioworld.eu\",\"https:\\\/\\\/www.instagram.com\\\/caraudioworld.eu\\\/\"]}]}<\/script>\n<!-- \/ Yoast SEO plugin. -->","yoast_head_json":{"title":"STEG GLORIA 120.2 - CARAUDIOWORLD","description":"Nejnov\u011bj\u0161\u00ed a z\u00e1rove\u0148 nejmen\u0161\u00ed p\u0159\u00edr\u016fstek do rodiny STEG ve firm\u011b GTTrading s n\u00e1zvem Gloria 120.2. Tento v\u00fdrobek byl navr\u017een a vyroben v It\u00e1lii a je jedn\u00edm z nejv\u00fdkonn\u011bj\u0161\u00edch a z\u00e1rove\u0148 nejmen\u0161\u00edm zesilova\u010d\u016f na sv\u011bt\u011b s ton\u00e1ln\u00edmi charakteristikami srovnateln\u00fdmi s t\u0159\u00eddou AB. Zesilova\u010d je \u0159\u00edzen mikroprocesorem, kter\u00fd m\u00e1 na starosti: 1. ochranu p\u0159ed p\u0159eh\u0159\u00e1t\u00edm, 2. ochranu p\u0159ed st\u0159\u00eddav\u00fdm proudem a 3. ochranu proti zkratu. Jako vstup lze vyu\u017e\u00edt vysoce \u00farov\u0148ov\u00fd nebo n\u00edzko \u00farov\u0148ov\u00fd (RCA) sign\u00e1l, p\u0159i\u010dem\u017e zesilova\u010d se automaticky zapne \/ vypne pokud detekuje sign\u00e1l.    Parametry   T\u0159\u00edda D   Po\u010det kan\u00e1l\u016f 2   Nap\u00e1jen\u00ed 10 - 16V   Frekven\u010dn\u00ed rozsah \u00a05 - 40 000 Hz   Vstupn\u00ed citlivost 0.5 - 5V   Efektivita 87%   Zkreslen\u00ed 0.026%       V\u00fdkon    2 x 100W RMS 4 ohm   2 x 130W RMS 2 ohm   1 x 250W RMS 4 ohm (bridged)       Rozm\u011bry 110 x 95 x 34 mm   V\u00e1ha 300 g    &nbsp;","robots":{"index":"index","follow":"follow","max-snippet":"max-snippet:-1","max-image-preview":"max-image-preview:large","max-video-preview":"max-video-preview:-1"},"canonical":"https:\/\/caraudioworld.eu\/cs\/produkt\/steg-gloria-120-2\/","og_locale":"cs_CZ","og_type":"article","og_title":"STEG GLORIA 120.2 - CARAUDIOWORLD","og_description":"Nejnov\u011bj\u0161\u00ed a z\u00e1rove\u0148 nejmen\u0161\u00ed p\u0159\u00edr\u016fstek do rodiny STEG ve firm\u011b GTTrading s n\u00e1zvem Gloria 120.2. Tento v\u00fdrobek byl navr\u017een a vyroben v It\u00e1lii a je jedn\u00edm z nejv\u00fdkonn\u011bj\u0161\u00edch a z\u00e1rove\u0148 nejmen\u0161\u00edm zesilova\u010d\u016f na sv\u011bt\u011b s ton\u00e1ln\u00edmi charakteristikami srovnateln\u00fdmi s t\u0159\u00eddou AB. Zesilova\u010d je \u0159\u00edzen mikroprocesorem, kter\u00fd m\u00e1 na starosti: 1. ochranu p\u0159ed p\u0159eh\u0159\u00e1t\u00edm, 2. ochranu p\u0159ed st\u0159\u00eddav\u00fdm proudem a 3. ochranu proti zkratu. Jako vstup lze vyu\u017e\u00edt vysoce \u00farov\u0148ov\u00fd nebo n\u00edzko \u00farov\u0148ov\u00fd (RCA) sign\u00e1l, p\u0159i\u010dem\u017e zesilova\u010d se automaticky zapne \/ vypne pokud detekuje sign\u00e1l.    Parametry   T\u0159\u00edda D   Po\u010det kan\u00e1l\u016f 2   Nap\u00e1jen\u00ed 10 - 16V   Frekven\u010dn\u00ed rozsah \u00a05 - 40 000 Hz   Vstupn\u00ed citlivost 0.5 - 5V   Efektivita 87%   Zkreslen\u00ed 0.026%       V\u00fdkon    2 x 100W RMS 4 ohm   2 x 130W RMS 2 ohm   1 x 250W RMS 4 ohm (bridged)       Rozm\u011bry 110 x 95 x 34 mm   V\u00e1ha 300 g    &nbsp;","og_url":"https:\/\/caraudioworld.eu\/cs\/produkt\/steg-gloria-120-2\/","og_site_name":"CARAUDIOWORLD","article_publisher":"https:\/\/www.facebook.com\/caraudioworld.eu","og_image":[{"width":1000,"height":700,"url":"https:\/\/caraudioworld.eu\/wp-content\/uploads\/2021\/02\/steg-gloria-120.2.jpg","type":"image\/jpeg"}],"twitter_card":"summary_large_image","schema":{"@context":"https:\/\/schema.org","@graph":[{"@type":"WebPage","@id":"https:\/\/caraudioworld.eu\/cs\/produkt\/steg-gloria-120-2\/","url":"https:\/\/caraudioworld.eu\/cs\/produkt\/steg-gloria-120-2\/","name":"STEG GLORIA 120.2 - CARAUDIOWORLD","isPartOf":{"@id":"https:\/\/caraudioworld.eu\/cs\/#website"},"primaryImageOfPage":{"@id":"https:\/\/caraudioworld.eu\/cs\/produkt\/steg-gloria-120-2\/#primaryimage"},"image":{"@id":"https:\/\/caraudioworld.eu\/cs\/produkt\/steg-gloria-120-2\/#primaryimage"},"thumbnailUrl":"https:\/\/caraudioworld.eu\/wp-content\/uploads\/2021\/02\/steg-gloria-120.2.jpg","datePublished":"2021-02-08T16:50:48+00:00","description":"Nejnov\u011bj\u0161\u00ed a z\u00e1rove\u0148 nejmen\u0161\u00ed p\u0159\u00edr\u016fstek do rodiny STEG ve firm\u011b GTTrading s n\u00e1zvem Gloria 120.2. Tento v\u00fdrobek byl navr\u017een a vyroben v It\u00e1lii a je jedn\u00edm z nejv\u00fdkonn\u011bj\u0161\u00edch a z\u00e1rove\u0148 nejmen\u0161\u00edm zesilova\u010d\u016f na sv\u011bt\u011b s ton\u00e1ln\u00edmi charakteristikami srovnateln\u00fdmi s t\u0159\u00eddou AB. Zesilova\u010d je \u0159\u00edzen mikroprocesorem, kter\u00fd m\u00e1 na starosti: 1. ochranu p\u0159ed p\u0159eh\u0159\u00e1t\u00edm, 2. ochranu p\u0159ed st\u0159\u00eddav\u00fdm proudem a 3. ochranu proti zkratu. Jako vstup lze vyu\u017e\u00edt vysoce \u00farov\u0148ov\u00fd nebo n\u00edzko \u00farov\u0148ov\u00fd (RCA) sign\u00e1l, p\u0159i\u010dem\u017e zesilova\u010d se automaticky zapne \/ vypne pokud detekuje sign\u00e1l. Parametry T\u0159\u00edda D Po\u010det kan\u00e1l\u016f 2 Nap\u00e1jen\u00ed 10 - 16V Frekven\u010dn\u00ed rozsah \u00a05 - 40 000 Hz Vstupn\u00ed citlivost 0.5 - 5V Efektivita 87% Zkreslen\u00ed 0.026% V\u00fdkon 2 x 100W RMS 4 ohm 2 x 130W RMS 2 ohm 1 x 250W RMS 4 ohm (bridged) Rozm\u011bry 110 x 95 x 34 mm V\u00e1ha 300 g &nbsp;","breadcrumb":{"@id":"https:\/\/caraudioworld.eu\/cs\/produkt\/steg-gloria-120-2\/#breadcrumb"},"inLanguage":"cs","potentialAction":[{"@type":"ReadAction","target":["https:\/\/caraudioworld.eu\/cs\/produkt\/steg-gloria-120-2\/"]}]},{"@type":"ImageObject","inLanguage":"cs","@id":"https:\/\/caraudioworld.eu\/cs\/produkt\/steg-gloria-120-2\/#primaryimage","url":"https:\/\/caraudioworld.eu\/wp-content\/uploads\/2021\/02\/steg-gloria-120.2.jpg","contentUrl":"https:\/\/caraudioworld.eu\/wp-content\/uploads\/2021\/02\/steg-gloria-120.2.jpg","width":1000,"height":700,"caption":"steg gloria 120.2"},{"@type":"BreadcrumbList","@id":"https:\/\/caraudioworld.eu\/cs\/produkt\/steg-gloria-120-2\/#breadcrumb","itemListElement":[{"@type":"ListItem","position":1,"name":"Home","item":"https:\/\/caraudioworld.eu\/cs\/"},{"@type":"ListItem","position":2,"name":"Obchod","item":"https:\/\/caraudioworld.eu\/cs\/obchod\/"},{"@type":"ListItem","position":3,"name":"STEG GLORIA 120.2"}]},{"@type":"WebSite","@id":"https:\/\/caraudioworld.eu\/cs\/#website","url":"https:\/\/caraudioworld.eu\/cs\/","name":"CARAUDIOWORLD","description":"Audio Heaven","publisher":{"@id":"https:\/\/caraudioworld.eu\/cs\/#organization"},"potentialAction":[{"@type":"SearchAction","target":{"@type":"EntryPoint","urlTemplate":"https:\/\/caraudioworld.eu\/cs\/?s={search_term_string}"},"query-input":{"@type":"PropertyValueSpecification","valueRequired":true,"valueName":"search_term_string"}}],"inLanguage":"cs"},{"@type":"Organization","@id":"https:\/\/caraudioworld.eu\/cs\/#organization","name":"CARAUDIOWORLD.eu","url":"https:\/\/caraudioworld.eu\/cs\/","logo":{"@type":"ImageObject","inLanguage":"cs","@id":"https:\/\/caraudioworld.eu\/cs\/#\/schema\/logo\/image\/","url":"https:\/\/caraudioworld.eu\/wp-content\/uploads\/2020\/10\/CAW_rounded.png","contentUrl":"https:\/\/caraudioworld.eu\/wp-content\/uploads\/2020\/10\/CAW_rounded.png","width":510,"height":510,"caption":"CARAUDIOWORLD.eu"},"image":{"@id":"https:\/\/caraudioworld.eu\/cs\/#\/schema\/logo\/image\/"},"sameAs":["https:\/\/www.facebook.com\/caraudioworld.eu","https:\/\/www.instagram.com\/caraudioworld.eu\/"]}]}},"_links":{"self":[{"href":"https:\/\/caraudioworld.eu\/cs\/wp-json\/wp\/v2\/product\/8980","targetHints":{"allow":["GET"]}}],"collection":[{"href":"https:\/\/caraudioworld.eu\/cs\/wp-json\/wp\/v2\/product"}],"about":[{"href":"https:\/\/caraudioworld.eu\/cs\/wp-json\/wp\/v2\/types\/product"}],"replies":[{"embeddable":true,"href":"https:\/\/caraudioworld.eu\/cs\/wp-json\/wp\/v2\/comments?post=8980"}],"wp:featuredmedia":[{"embeddable":true,"href":"https:\/\/caraudioworld.eu\/cs\/wp-json\/wp\/v2\/media\/8944"}],"wp:attachment":[{"href":"https:\/\/caraudioworld.eu\/cs\/wp-json\/wp\/v2\/media?parent=8980"}],"wp:term":[{"taxonomy":"product_brand","embeddable":true,"href":"https:\/\/caraudioworld.eu\/cs\/wp-json\/wp\/v2\/product_brand?post=8980"},{"taxonomy":"product_cat","embeddable":true,"href":"https:\/\/caraudioworld.eu\/cs\/wp-json\/wp\/v2\/product_cat?post=8980"},{"taxonomy":"product_tag","embeddable":true,"href":"https:\/\/caraudioworld.eu\/cs\/wp-json\/wp\/v2\/product_tag?post=8980"}],"curies":[{"name":"wp","href":"https:\/\/api.w.org\/{rel}","templated":true}]}}