{"id":9381,"date":"2022-02-17T11:00:56","date_gmt":"2022-02-17T10:00:56","guid":{"rendered":"https:\/\/caraudioworld.eu\/produkt\/steg-sq130c\/"},"modified":"2022-02-17T11:00:56","modified_gmt":"2022-02-17T10:00:56","slug":"steg-sq130c","status":"publish","type":"product","link":"https:\/\/caraudioworld.eu\/cs\/produkt\/steg-sq130c\/","title":{"rendered":"Steg SQ130C"},"content":{"rendered":"","protected":false},"excerpt":{"rendered":"<p>Tento kvalitn\u00ed 13cm komponentn\u00ed set reproduktor\u016f prom\u011bn\u00ed poslech hudby na z\u00e1\u017eitek. P\u0159esn\u00e1 reprodukce, speci\u00e1ln\u00ed materi\u00e1ly a kvalita zpracov\u00e1n\u00ed V\u00e1s v tom cel\u00e9m jen utvrd\u00ed.<\/p>\n<p>V\u00fdkon: 50W RMS \/ 100W Max<br \/>\nCitlivost (SPL 1W\/1m): 88 dB<br \/>\nImpedance: 4 \u03a9<br \/>\nFrekven\u010dn\u00ed rozsah: 50 \u2013 20000 Hz<br \/>\nPr\u016fm\u011br st\u0159edobasov\u00e9ho reproduktoru: 130 mm<br \/>\nMont\u00e1\u017en\u00ed hloubka st\u0159edobasov\u00e9ho reproduktoru: 68 mm<br \/>\nPr\u016fm\u011br membr\u00e1ny v\u00fd\u0161kov\u00e9ho reproduktoru: 25 mm<br \/>\nMateri\u00e1l membr\u00e1ny v\u00fd\u0161kov\u00e9ho reproduktoru: hedv\u00e1b\u00ed<br \/>\nFrekven\u010dn\u00ed v\u00fdhybka sou\u010d\u00e1st\u00ed: ano<br \/>\nCena za p\u00e1r<\/p>\n","protected":false},"featured_media":9377,"comment_status":"closed","ping_status":"closed","template":"","meta":[],"product_brand":[],"product_cat":[405,403],"product_tag":[339],"class_list":{"0":"post-9381","1":"product","2":"type-product","3":"status-publish","4":"has-post-thumbnail","6":"product_cat-komponentni","7":"product_cat-reproduktory-cs","8":"product_tag-steg-cs","10":"first","11":"instock","12":"taxable","13":"shipping-taxable","14":"purchasable","15":"product-type-simple"},"yoast_head":"<!-- This site is optimized with the Yoast SEO plugin v27.3 - https:\/\/yoast.com\/product\/yoast-seo-wordpress\/ -->\n<title>Steg SQ130C - CARAUDIOWORLD<\/title>\n<meta name=\"description\" content=\"Tento kvalitn\u00ed 13cm komponentn\u00ed set reproduktor\u016f prom\u011bn\u00ed poslech hudby na z\u00e1\u017eitek. P\u0159esn\u00e1 reprodukce, speci\u00e1ln\u00ed materi\u00e1ly a kvalita zpracov\u00e1n\u00ed V\u00e1s v tom cel\u00e9m jen utvrd\u00ed.  V\u00fdkon: 50W RMS \/ 100W Max Citlivost (SPL 1W\/1m): 88 dB Impedance: 4 \u03a9 Frekven\u010dn\u00ed rozsah: 50 \u2013 20000 Hz Pr\u016fm\u011br st\u0159edobasov\u00e9ho reproduktoru: 130 mm Mont\u00e1\u017en\u00ed hloubka st\u0159edobasov\u00e9ho reproduktoru: 68 mm Pr\u016fm\u011br membr\u00e1ny v\u00fd\u0161kov\u00e9ho reproduktoru: 25 mm Materi\u00e1l membr\u00e1ny v\u00fd\u0161kov\u00e9ho reproduktoru: hedv\u00e1b\u00ed Frekven\u010dn\u00ed v\u00fdhybka sou\u010d\u00e1st\u00ed: ano Cena za p\u00e1r\" \/>\n<meta name=\"robots\" content=\"index, follow, max-snippet:-1, max-image-preview:large, max-video-preview:-1\" \/>\n<link rel=\"canonical\" href=\"https:\/\/caraudioworld.eu\/cs\/produkt\/steg-sq130c\/\" \/>\n<meta property=\"og:locale\" content=\"cs_CZ\" \/>\n<meta property=\"og:type\" content=\"article\" \/>\n<meta property=\"og:title\" content=\"Steg SQ130C - CARAUDIOWORLD\" \/>\n<meta property=\"og:description\" content=\"Tento kvalitn\u00ed 13cm komponentn\u00ed set reproduktor\u016f prom\u011bn\u00ed poslech hudby na z\u00e1\u017eitek. P\u0159esn\u00e1 reprodukce, speci\u00e1ln\u00ed materi\u00e1ly a kvalita zpracov\u00e1n\u00ed V\u00e1s v tom cel\u00e9m jen utvrd\u00ed.  V\u00fdkon: 50W RMS \/ 100W Max Citlivost (SPL 1W\/1m): 88 dB Impedance: 4 \u03a9 Frekven\u010dn\u00ed rozsah: 50 \u2013 20000 Hz Pr\u016fm\u011br st\u0159edobasov\u00e9ho reproduktoru: 130 mm Mont\u00e1\u017en\u00ed hloubka st\u0159edobasov\u00e9ho reproduktoru: 68 mm Pr\u016fm\u011br membr\u00e1ny v\u00fd\u0161kov\u00e9ho reproduktoru: 25 mm Materi\u00e1l membr\u00e1ny v\u00fd\u0161kov\u00e9ho reproduktoru: hedv\u00e1b\u00ed Frekven\u010dn\u00ed v\u00fdhybka sou\u010d\u00e1st\u00ed: ano Cena za p\u00e1r\" \/>\n<meta property=\"og:url\" content=\"https:\/\/caraudioworld.eu\/cs\/produkt\/steg-sq130c\/\" \/>\n<meta property=\"og:site_name\" content=\"CARAUDIOWORLD\" \/>\n<meta property=\"article:publisher\" content=\"https:\/\/www.facebook.com\/caraudioworld.eu\" \/>\n<meta property=\"og:image\" content=\"https:\/\/caraudioworld.eu\/wp-content\/uploads\/2022\/02\/sql130.png\" \/>\n\t<meta property=\"og:image:width\" content=\"1000\" \/>\n\t<meta property=\"og:image:height\" content=\"700\" \/>\n\t<meta property=\"og:image:type\" content=\"image\/png\" \/>\n<meta name=\"twitter:card\" content=\"summary_large_image\" \/>\n<script type=\"application\/ld+json\" class=\"yoast-schema-graph\">{\"@context\":\"https:\\\/\\\/schema.org\",\"@graph\":[{\"@type\":\"WebPage\",\"@id\":\"https:\\\/\\\/caraudioworld.eu\\\/cs\\\/produkt\\\/steg-sq130c\\\/\",\"url\":\"https:\\\/\\\/caraudioworld.eu\\\/cs\\\/produkt\\\/steg-sq130c\\\/\",\"name\":\"Steg SQ130C - CARAUDIOWORLD\",\"isPartOf\":{\"@id\":\"https:\\\/\\\/caraudioworld.eu\\\/cs\\\/#website\"},\"primaryImageOfPage\":{\"@id\":\"https:\\\/\\\/caraudioworld.eu\\\/cs\\\/produkt\\\/steg-sq130c\\\/#primaryimage\"},\"image\":{\"@id\":\"https:\\\/\\\/caraudioworld.eu\\\/cs\\\/produkt\\\/steg-sq130c\\\/#primaryimage\"},\"thumbnailUrl\":\"https:\\\/\\\/caraudioworld.eu\\\/wp-content\\\/uploads\\\/2022\\\/02\\\/sql130.png\",\"datePublished\":\"2022-02-17T10:00:56+00:00\",\"description\":\"Tento kvalitn\u00ed 13cm komponentn\u00ed set reproduktor\u016f prom\u011bn\u00ed poslech hudby na z\u00e1\u017eitek. P\u0159esn\u00e1 reprodukce, speci\u00e1ln\u00ed materi\u00e1ly a kvalita zpracov\u00e1n\u00ed V\u00e1s v tom cel\u00e9m jen utvrd\u00ed. V\u00fdkon: 50W RMS \\\/ 100W Max Citlivost (SPL 1W\\\/1m): 88 dB Impedance: 4 \u03a9 Frekven\u010dn\u00ed rozsah: 50 \u2013 20000 Hz Pr\u016fm\u011br st\u0159edobasov\u00e9ho reproduktoru: 130 mm Mont\u00e1\u017en\u00ed hloubka st\u0159edobasov\u00e9ho reproduktoru: 68 mm Pr\u016fm\u011br membr\u00e1ny v\u00fd\u0161kov\u00e9ho reproduktoru: 25 mm Materi\u00e1l membr\u00e1ny v\u00fd\u0161kov\u00e9ho reproduktoru: hedv\u00e1b\u00ed Frekven\u010dn\u00ed v\u00fdhybka sou\u010d\u00e1st\u00ed: ano Cena za p\u00e1r\",\"breadcrumb\":{\"@id\":\"https:\\\/\\\/caraudioworld.eu\\\/cs\\\/produkt\\\/steg-sq130c\\\/#breadcrumb\"},\"inLanguage\":\"cs\",\"potentialAction\":[{\"@type\":\"ReadAction\",\"target\":[\"https:\\\/\\\/caraudioworld.eu\\\/cs\\\/produkt\\\/steg-sq130c\\\/\"]}]},{\"@type\":\"ImageObject\",\"inLanguage\":\"cs\",\"@id\":\"https:\\\/\\\/caraudioworld.eu\\\/cs\\\/produkt\\\/steg-sq130c\\\/#primaryimage\",\"url\":\"https:\\\/\\\/caraudioworld.eu\\\/wp-content\\\/uploads\\\/2022\\\/02\\\/sql130.png\",\"contentUrl\":\"https:\\\/\\\/caraudioworld.eu\\\/wp-content\\\/uploads\\\/2022\\\/02\\\/sql130.png\",\"width\":1000,\"height\":700,\"caption\":\"Steg SQ130C\"},{\"@type\":\"BreadcrumbList\",\"@id\":\"https:\\\/\\\/caraudioworld.eu\\\/cs\\\/produkt\\\/steg-sq130c\\\/#breadcrumb\",\"itemListElement\":[{\"@type\":\"ListItem\",\"position\":1,\"name\":\"Home\",\"item\":\"https:\\\/\\\/caraudioworld.eu\\\/cs\\\/\"},{\"@type\":\"ListItem\",\"position\":2,\"name\":\"Obchod\",\"item\":\"https:\\\/\\\/caraudioworld.eu\\\/cs\\\/obchod\\\/\"},{\"@type\":\"ListItem\",\"position\":3,\"name\":\"Steg SQ130C\"}]},{\"@type\":\"WebSite\",\"@id\":\"https:\\\/\\\/caraudioworld.eu\\\/cs\\\/#website\",\"url\":\"https:\\\/\\\/caraudioworld.eu\\\/cs\\\/\",\"name\":\"CARAUDIOWORLD\",\"description\":\"Audio Heaven\",\"publisher\":{\"@id\":\"https:\\\/\\\/caraudioworld.eu\\\/cs\\\/#organization\"},\"potentialAction\":[{\"@type\":\"SearchAction\",\"target\":{\"@type\":\"EntryPoint\",\"urlTemplate\":\"https:\\\/\\\/caraudioworld.eu\\\/cs\\\/?s={search_term_string}\"},\"query-input\":{\"@type\":\"PropertyValueSpecification\",\"valueRequired\":true,\"valueName\":\"search_term_string\"}}],\"inLanguage\":\"cs\"},{\"@type\":\"Organization\",\"@id\":\"https:\\\/\\\/caraudioworld.eu\\\/cs\\\/#organization\",\"name\":\"CARAUDIOWORLD.eu\",\"url\":\"https:\\\/\\\/caraudioworld.eu\\\/cs\\\/\",\"logo\":{\"@type\":\"ImageObject\",\"inLanguage\":\"cs\",\"@id\":\"https:\\\/\\\/caraudioworld.eu\\\/cs\\\/#\\\/schema\\\/logo\\\/image\\\/\",\"url\":\"https:\\\/\\\/caraudioworld.eu\\\/wp-content\\\/uploads\\\/2020\\\/10\\\/CAW_rounded.png\",\"contentUrl\":\"https:\\\/\\\/caraudioworld.eu\\\/wp-content\\\/uploads\\\/2020\\\/10\\\/CAW_rounded.png\",\"width\":510,\"height\":510,\"caption\":\"CARAUDIOWORLD.eu\"},\"image\":{\"@id\":\"https:\\\/\\\/caraudioworld.eu\\\/cs\\\/#\\\/schema\\\/logo\\\/image\\\/\"},\"sameAs\":[\"https:\\\/\\\/www.facebook.com\\\/caraudioworld.eu\",\"https:\\\/\\\/www.instagram.com\\\/caraudioworld.eu\\\/\"]}]}<\/script>\n<!-- \/ Yoast SEO plugin. -->","yoast_head_json":{"title":"Steg SQ130C - CARAUDIOWORLD","description":"Tento kvalitn\u00ed 13cm komponentn\u00ed set reproduktor\u016f prom\u011bn\u00ed poslech hudby na z\u00e1\u017eitek. P\u0159esn\u00e1 reprodukce, speci\u00e1ln\u00ed materi\u00e1ly a kvalita zpracov\u00e1n\u00ed V\u00e1s v tom cel\u00e9m jen utvrd\u00ed.  V\u00fdkon: 50W RMS \/ 100W Max Citlivost (SPL 1W\/1m): 88 dB Impedance: 4 \u03a9 Frekven\u010dn\u00ed rozsah: 50 \u2013 20000 Hz Pr\u016fm\u011br st\u0159edobasov\u00e9ho reproduktoru: 130 mm Mont\u00e1\u017en\u00ed hloubka st\u0159edobasov\u00e9ho reproduktoru: 68 mm Pr\u016fm\u011br membr\u00e1ny v\u00fd\u0161kov\u00e9ho reproduktoru: 25 mm Materi\u00e1l membr\u00e1ny v\u00fd\u0161kov\u00e9ho reproduktoru: hedv\u00e1b\u00ed Frekven\u010dn\u00ed v\u00fdhybka sou\u010d\u00e1st\u00ed: ano Cena za p\u00e1r","robots":{"index":"index","follow":"follow","max-snippet":"max-snippet:-1","max-image-preview":"max-image-preview:large","max-video-preview":"max-video-preview:-1"},"canonical":"https:\/\/caraudioworld.eu\/cs\/produkt\/steg-sq130c\/","og_locale":"cs_CZ","og_type":"article","og_title":"Steg SQ130C - CARAUDIOWORLD","og_description":"Tento kvalitn\u00ed 13cm komponentn\u00ed set reproduktor\u016f prom\u011bn\u00ed poslech hudby na z\u00e1\u017eitek. P\u0159esn\u00e1 reprodukce, speci\u00e1ln\u00ed materi\u00e1ly a kvalita zpracov\u00e1n\u00ed V\u00e1s v tom cel\u00e9m jen utvrd\u00ed.  V\u00fdkon: 50W RMS \/ 100W Max Citlivost (SPL 1W\/1m): 88 dB Impedance: 4 \u03a9 Frekven\u010dn\u00ed rozsah: 50 \u2013 20000 Hz Pr\u016fm\u011br st\u0159edobasov\u00e9ho reproduktoru: 130 mm Mont\u00e1\u017en\u00ed hloubka st\u0159edobasov\u00e9ho reproduktoru: 68 mm Pr\u016fm\u011br membr\u00e1ny v\u00fd\u0161kov\u00e9ho reproduktoru: 25 mm Materi\u00e1l membr\u00e1ny v\u00fd\u0161kov\u00e9ho reproduktoru: hedv\u00e1b\u00ed Frekven\u010dn\u00ed v\u00fdhybka sou\u010d\u00e1st\u00ed: ano Cena za p\u00e1r","og_url":"https:\/\/caraudioworld.eu\/cs\/produkt\/steg-sq130c\/","og_site_name":"CARAUDIOWORLD","article_publisher":"https:\/\/www.facebook.com\/caraudioworld.eu","og_image":[{"width":1000,"height":700,"url":"https:\/\/caraudioworld.eu\/wp-content\/uploads\/2022\/02\/sql130.png","type":"image\/png"}],"twitter_card":"summary_large_image","schema":{"@context":"https:\/\/schema.org","@graph":[{"@type":"WebPage","@id":"https:\/\/caraudioworld.eu\/cs\/produkt\/steg-sq130c\/","url":"https:\/\/caraudioworld.eu\/cs\/produkt\/steg-sq130c\/","name":"Steg SQ130C - CARAUDIOWORLD","isPartOf":{"@id":"https:\/\/caraudioworld.eu\/cs\/#website"},"primaryImageOfPage":{"@id":"https:\/\/caraudioworld.eu\/cs\/produkt\/steg-sq130c\/#primaryimage"},"image":{"@id":"https:\/\/caraudioworld.eu\/cs\/produkt\/steg-sq130c\/#primaryimage"},"thumbnailUrl":"https:\/\/caraudioworld.eu\/wp-content\/uploads\/2022\/02\/sql130.png","datePublished":"2022-02-17T10:00:56+00:00","description":"Tento kvalitn\u00ed 13cm komponentn\u00ed set reproduktor\u016f prom\u011bn\u00ed poslech hudby na z\u00e1\u017eitek. P\u0159esn\u00e1 reprodukce, speci\u00e1ln\u00ed materi\u00e1ly a kvalita zpracov\u00e1n\u00ed V\u00e1s v tom cel\u00e9m jen utvrd\u00ed. V\u00fdkon: 50W RMS \/ 100W Max Citlivost (SPL 1W\/1m): 88 dB Impedance: 4 \u03a9 Frekven\u010dn\u00ed rozsah: 50 \u2013 20000 Hz Pr\u016fm\u011br st\u0159edobasov\u00e9ho reproduktoru: 130 mm Mont\u00e1\u017en\u00ed hloubka st\u0159edobasov\u00e9ho reproduktoru: 68 mm Pr\u016fm\u011br membr\u00e1ny v\u00fd\u0161kov\u00e9ho reproduktoru: 25 mm Materi\u00e1l membr\u00e1ny v\u00fd\u0161kov\u00e9ho reproduktoru: hedv\u00e1b\u00ed Frekven\u010dn\u00ed v\u00fdhybka sou\u010d\u00e1st\u00ed: ano Cena za p\u00e1r","breadcrumb":{"@id":"https:\/\/caraudioworld.eu\/cs\/produkt\/steg-sq130c\/#breadcrumb"},"inLanguage":"cs","potentialAction":[{"@type":"ReadAction","target":["https:\/\/caraudioworld.eu\/cs\/produkt\/steg-sq130c\/"]}]},{"@type":"ImageObject","inLanguage":"cs","@id":"https:\/\/caraudioworld.eu\/cs\/produkt\/steg-sq130c\/#primaryimage","url":"https:\/\/caraudioworld.eu\/wp-content\/uploads\/2022\/02\/sql130.png","contentUrl":"https:\/\/caraudioworld.eu\/wp-content\/uploads\/2022\/02\/sql130.png","width":1000,"height":700,"caption":"Steg SQ130C"},{"@type":"BreadcrumbList","@id":"https:\/\/caraudioworld.eu\/cs\/produkt\/steg-sq130c\/#breadcrumb","itemListElement":[{"@type":"ListItem","position":1,"name":"Home","item":"https:\/\/caraudioworld.eu\/cs\/"},{"@type":"ListItem","position":2,"name":"Obchod","item":"https:\/\/caraudioworld.eu\/cs\/obchod\/"},{"@type":"ListItem","position":3,"name":"Steg SQ130C"}]},{"@type":"WebSite","@id":"https:\/\/caraudioworld.eu\/cs\/#website","url":"https:\/\/caraudioworld.eu\/cs\/","name":"CARAUDIOWORLD","description":"Audio Heaven","publisher":{"@id":"https:\/\/caraudioworld.eu\/cs\/#organization"},"potentialAction":[{"@type":"SearchAction","target":{"@type":"EntryPoint","urlTemplate":"https:\/\/caraudioworld.eu\/cs\/?s={search_term_string}"},"query-input":{"@type":"PropertyValueSpecification","valueRequired":true,"valueName":"search_term_string"}}],"inLanguage":"cs"},{"@type":"Organization","@id":"https:\/\/caraudioworld.eu\/cs\/#organization","name":"CARAUDIOWORLD.eu","url":"https:\/\/caraudioworld.eu\/cs\/","logo":{"@type":"ImageObject","inLanguage":"cs","@id":"https:\/\/caraudioworld.eu\/cs\/#\/schema\/logo\/image\/","url":"https:\/\/caraudioworld.eu\/wp-content\/uploads\/2020\/10\/CAW_rounded.png","contentUrl":"https:\/\/caraudioworld.eu\/wp-content\/uploads\/2020\/10\/CAW_rounded.png","width":510,"height":510,"caption":"CARAUDIOWORLD.eu"},"image":{"@id":"https:\/\/caraudioworld.eu\/cs\/#\/schema\/logo\/image\/"},"sameAs":["https:\/\/www.facebook.com\/caraudioworld.eu","https:\/\/www.instagram.com\/caraudioworld.eu\/"]}]}},"_links":{"self":[{"href":"https:\/\/caraudioworld.eu\/cs\/wp-json\/wp\/v2\/product\/9381","targetHints":{"allow":["GET"]}}],"collection":[{"href":"https:\/\/caraudioworld.eu\/cs\/wp-json\/wp\/v2\/product"}],"about":[{"href":"https:\/\/caraudioworld.eu\/cs\/wp-json\/wp\/v2\/types\/product"}],"replies":[{"embeddable":true,"href":"https:\/\/caraudioworld.eu\/cs\/wp-json\/wp\/v2\/comments?post=9381"}],"wp:featuredmedia":[{"embeddable":true,"href":"https:\/\/caraudioworld.eu\/cs\/wp-json\/wp\/v2\/media\/9377"}],"wp:attachment":[{"href":"https:\/\/caraudioworld.eu\/cs\/wp-json\/wp\/v2\/media?parent=9381"}],"wp:term":[{"taxonomy":"product_brand","embeddable":true,"href":"https:\/\/caraudioworld.eu\/cs\/wp-json\/wp\/v2\/product_brand?post=9381"},{"taxonomy":"product_cat","embeddable":true,"href":"https:\/\/caraudioworld.eu\/cs\/wp-json\/wp\/v2\/product_cat?post=9381"},{"taxonomy":"product_tag","embeddable":true,"href":"https:\/\/caraudioworld.eu\/cs\/wp-json\/wp\/v2\/product_tag?post=9381"}],"curies":[{"name":"wp","href":"https:\/\/api.w.org\/{rel}","templated":true}]}}