{"id":9465,"date":"2023-04-13T11:51:22","date_gmt":"2023-04-13T09:51:23","guid":{"rendered":"https:\/\/caraudioworld.eu\/?post_type=product&#038;p=9465"},"modified":"2023-04-13T12:11:16","modified_gmt":"2023-04-13T10:11:16","slug":"steg-mss1","status":"publish","type":"product","link":"https:\/\/caraudioworld.eu\/cs\/produkt\/steg-mss1\/","title":{"rendered":"STEG MSS1"},"content":{"rendered":"","protected":false},"excerpt":{"rendered":"<p>Nov\u00fd High-End v\u00fd\u0161kov\u00fd reproduktor od sv\u011btozn\u00e1m\u00e9 firmy STEG nab\u00edz\u00ed optim\u00e1ln\u00ed parametry pro instalaci do SQ hudebn\u00ed sestavy, v\u00fdborn\u00fd v\u00fdkon, bezkonkuren\u010dn\u00ed kontrolu d\u00edky neodymov\u00e9mu magnetu a schopnost podat i ty nejjemn\u011bj\u0161\u00ed detaily v rozmez\u00ed skoro cel\u00e9ho sly\u0161iteln\u00e9ho frekven\u010dn\u00edho p\u00e1sma. V balen\u00ed jsou k dispozici 2 r\u016fzn\u00e9 dome\u010dky pro zabudov\u00e1n\u00ed v\u00fd\u0161kov\u00e9ho reproduktoru.<\/p>\n<table style=\"width: 490px; text-align: left; height: 356px;\">\n<tbody>\n<tr>\n<th>Parametry<\/th>\n<\/tr>\n<tr>\n<td>Velikost Membr\u00e1ny<\/td>\n<td>1&#8243; (25cm)<\/td>\n<\/tr>\n<tr>\n<td>Impedance<\/td>\n<td>4 ohm<\/td>\n<\/tr>\n<tr>\n<td>V\u00fdkon<\/td>\n<td>30 W RMS<\/td>\n<\/tr>\n<tr>\n<td>Frekven\u010dn\u00ed rozsah<\/td>\n<td>1300 &#8211; 22 000 Hz<\/td>\n<\/tr>\n<tr>\n<td>Citlivost<\/td>\n<td>90 dB<\/td>\n<\/tr>\n<tr>\n<td>Magnet<\/td>\n<td>Neodymium<\/td>\n<\/tr>\n<tr>\n<td>QTS<\/td>\n<td>1.058<\/td>\n<\/tr>\n<tr>\n<td>FS<\/td>\n<td>1150 Hz<\/td>\n<\/tr>\n<tr>\n<td>Pr\u016fm\u011br c\u00edvky<\/td>\n<td>25.46mm<\/td>\n<\/tr>\n<tr>\n<td>Vn\u011bj\u0161\u00ed pr\u016fm\u011br<\/td>\n<td>68.5 \/ 55.6 mm<\/td>\n<\/tr>\n<tr>\n<td>Instala\u010dn\u00ed\u00a0pr\u016fm\u011br<\/td>\n<td>49.5 mm<\/td>\n<\/tr>\n<\/tbody>\n<\/table>\n<p>&nbsp;<\/p>\n","protected":false},"featured_media":9468,"comment_status":"open","ping_status":"closed","template":"","meta":[],"product_brand":[],"product_cat":[403,418],"product_tag":[339],"class_list":{"0":"post-9465","1":"product","2":"type-product","3":"status-publish","4":"has-post-thumbnail","6":"product_cat-reproduktory-cs","7":"product_cat-vyskove-cs","8":"product_tag-steg-cs","10":"first","11":"instock","12":"taxable","13":"shipping-taxable","14":"purchasable","15":"product-type-simple"},"yoast_head":"<!-- This site is optimized with the Yoast SEO plugin v27.3 - https:\/\/yoast.com\/product\/yoast-seo-wordpress\/ -->\n<title>STEG MSS1 - CARAUDIOWORLD<\/title>\n<meta name=\"description\" content=\"Nov\u00fd High-End v\u00fd\u0161kov\u00fd reproduktor od sv\u011btozn\u00e1m\u00e9 firmy STEG nab\u00edz\u00ed optim\u00e1ln\u00ed parametry pro instalaci do SQ hudebn\u00ed sestavy, v\u00fdborn\u00fd v\u00fdkon, bezkonkuren\u010dn\u00ed kontrolu d\u00edky neodymov\u00e9mu magnetu a schopnost podat i ty nejjemn\u011bj\u0161\u00ed detaily v rozmez\u00ed skoro cel\u00e9ho sly\u0161iteln\u00e9ho frekven\u010dn\u00edho p\u00e1sma. V balen\u00ed jsou k dispozici 2 r\u016fzn\u00e9 dome\u010dky pro zabudov\u00e1n\u00ed v\u00fd\u0161kov\u00e9ho reproduktoru.    Parametry   Velikost Membr\u00e1ny 1&quot; (25cm)   Impedance 4 ohm   V\u00fdkon 30 W RMS   Frekven\u010dn\u00ed rozsah 1300 - 22 000 Hz   Citlivost 90 dB   Magnet Neodymium   QTS 1.058   FS 1150 Hz   Pr\u016fm\u011br c\u00edvky 25.46mm   Vn\u011bj\u0161\u00ed pr\u016fm\u011br 68.5 \/ 55.6 mm   Instala\u010dn\u00ed\u00a0pr\u016fm\u011br 49.5 mm    &nbsp;\" \/>\n<meta name=\"robots\" content=\"index, follow, max-snippet:-1, max-image-preview:large, max-video-preview:-1\" \/>\n<link rel=\"canonical\" href=\"https:\/\/caraudioworld.eu\/cs\/produkt\/steg-mss1\/\" \/>\n<meta property=\"og:locale\" content=\"cs_CZ\" \/>\n<meta property=\"og:type\" content=\"article\" \/>\n<meta property=\"og:title\" content=\"STEG MSS1 - CARAUDIOWORLD\" \/>\n<meta property=\"og:description\" content=\"Nov\u00fd High-End v\u00fd\u0161kov\u00fd reproduktor od sv\u011btozn\u00e1m\u00e9 firmy STEG nab\u00edz\u00ed optim\u00e1ln\u00ed parametry pro instalaci do SQ hudebn\u00ed sestavy, v\u00fdborn\u00fd v\u00fdkon, bezkonkuren\u010dn\u00ed kontrolu d\u00edky neodymov\u00e9mu magnetu a schopnost podat i ty nejjemn\u011bj\u0161\u00ed detaily v rozmez\u00ed skoro cel\u00e9ho sly\u0161iteln\u00e9ho frekven\u010dn\u00edho p\u00e1sma. V balen\u00ed jsou k dispozici 2 r\u016fzn\u00e9 dome\u010dky pro zabudov\u00e1n\u00ed v\u00fd\u0161kov\u00e9ho reproduktoru.    Parametry   Velikost Membr\u00e1ny 1&quot; (25cm)   Impedance 4 ohm   V\u00fdkon 30 W RMS   Frekven\u010dn\u00ed rozsah 1300 - 22 000 Hz   Citlivost 90 dB   Magnet Neodymium   QTS 1.058   FS 1150 Hz   Pr\u016fm\u011br c\u00edvky 25.46mm   Vn\u011bj\u0161\u00ed pr\u016fm\u011br 68.5 \/ 55.6 mm   Instala\u010dn\u00ed\u00a0pr\u016fm\u011br 49.5 mm    &nbsp;\" \/>\n<meta property=\"og:url\" content=\"https:\/\/caraudioworld.eu\/cs\/produkt\/steg-mss1\/\" \/>\n<meta property=\"og:site_name\" content=\"CARAUDIOWORLD\" \/>\n<meta property=\"article:publisher\" content=\"https:\/\/www.facebook.com\/caraudioworld.eu\" \/>\n<meta property=\"article:modified_time\" content=\"2023-04-13T10:11:16+00:00\" \/>\n<meta property=\"og:image\" content=\"https:\/\/caraudioworld.eu\/wp-content\/uploads\/2023\/04\/stegmss1.jpg\" \/>\n\t<meta property=\"og:image:width\" content=\"800\" \/>\n\t<meta property=\"og:image:height\" content=\"577\" \/>\n\t<meta property=\"og:image:type\" content=\"image\/jpeg\" \/>\n<meta name=\"twitter:card\" content=\"summary_large_image\" \/>\n<script type=\"application\/ld+json\" class=\"yoast-schema-graph\">{\"@context\":\"https:\\\/\\\/schema.org\",\"@graph\":[{\"@type\":\"WebPage\",\"@id\":\"https:\\\/\\\/caraudioworld.eu\\\/cs\\\/produkt\\\/steg-mss1\\\/\",\"url\":\"https:\\\/\\\/caraudioworld.eu\\\/cs\\\/produkt\\\/steg-mss1\\\/\",\"name\":\"STEG MSS1 - CARAUDIOWORLD\",\"isPartOf\":{\"@id\":\"https:\\\/\\\/caraudioworld.eu\\\/cs\\\/#website\"},\"primaryImageOfPage\":{\"@id\":\"https:\\\/\\\/caraudioworld.eu\\\/cs\\\/produkt\\\/steg-mss1\\\/#primaryimage\"},\"image\":{\"@id\":\"https:\\\/\\\/caraudioworld.eu\\\/cs\\\/produkt\\\/steg-mss1\\\/#primaryimage\"},\"thumbnailUrl\":\"https:\\\/\\\/caraudioworld.eu\\\/wp-content\\\/uploads\\\/2023\\\/04\\\/stegmss1.jpg\",\"datePublished\":\"2023-04-13T09:51:23+00:00\",\"dateModified\":\"2023-04-13T10:11:16+00:00\",\"description\":\"Nov\u00fd High-End v\u00fd\u0161kov\u00fd reproduktor od sv\u011btozn\u00e1m\u00e9 firmy STEG nab\u00edz\u00ed optim\u00e1ln\u00ed parametry pro instalaci do SQ hudebn\u00ed sestavy, v\u00fdborn\u00fd v\u00fdkon, bezkonkuren\u010dn\u00ed kontrolu d\u00edky neodymov\u00e9mu magnetu a schopnost podat i ty nejjemn\u011bj\u0161\u00ed detaily v rozmez\u00ed skoro cel\u00e9ho sly\u0161iteln\u00e9ho frekven\u010dn\u00edho p\u00e1sma. V balen\u00ed jsou k dispozici 2 r\u016fzn\u00e9 dome\u010dky pro zabudov\u00e1n\u00ed v\u00fd\u0161kov\u00e9ho reproduktoru. Parametry Velikost Membr\u00e1ny 1\\\" (25cm) Impedance 4 ohm V\u00fdkon 30 W RMS Frekven\u010dn\u00ed rozsah 1300 - 22 000 Hz Citlivost 90 dB Magnet Neodymium QTS 1.058 FS 1150 Hz Pr\u016fm\u011br c\u00edvky 25.46mm Vn\u011bj\u0161\u00ed pr\u016fm\u011br 68.5 \\\/ 55.6 mm Instala\u010dn\u00ed\u00a0pr\u016fm\u011br 49.5 mm &nbsp;\",\"breadcrumb\":{\"@id\":\"https:\\\/\\\/caraudioworld.eu\\\/cs\\\/produkt\\\/steg-mss1\\\/#breadcrumb\"},\"inLanguage\":\"cs\",\"potentialAction\":[{\"@type\":\"ReadAction\",\"target\":[\"https:\\\/\\\/caraudioworld.eu\\\/cs\\\/produkt\\\/steg-mss1\\\/\"]}]},{\"@type\":\"ImageObject\",\"inLanguage\":\"cs\",\"@id\":\"https:\\\/\\\/caraudioworld.eu\\\/cs\\\/produkt\\\/steg-mss1\\\/#primaryimage\",\"url\":\"https:\\\/\\\/caraudioworld.eu\\\/wp-content\\\/uploads\\\/2023\\\/04\\\/stegmss1.jpg\",\"contentUrl\":\"https:\\\/\\\/caraudioworld.eu\\\/wp-content\\\/uploads\\\/2023\\\/04\\\/stegmss1.jpg\",\"width\":800,\"height\":577,\"caption\":\"steg mss1\"},{\"@type\":\"BreadcrumbList\",\"@id\":\"https:\\\/\\\/caraudioworld.eu\\\/cs\\\/produkt\\\/steg-mss1\\\/#breadcrumb\",\"itemListElement\":[{\"@type\":\"ListItem\",\"position\":1,\"name\":\"Home\",\"item\":\"https:\\\/\\\/caraudioworld.eu\\\/cs\\\/\"},{\"@type\":\"ListItem\",\"position\":2,\"name\":\"Obchod\",\"item\":\"https:\\\/\\\/caraudioworld.eu\\\/cs\\\/obchod\\\/\"},{\"@type\":\"ListItem\",\"position\":3,\"name\":\"STEG MSS1\"}]},{\"@type\":\"WebSite\",\"@id\":\"https:\\\/\\\/caraudioworld.eu\\\/cs\\\/#website\",\"url\":\"https:\\\/\\\/caraudioworld.eu\\\/cs\\\/\",\"name\":\"CARAUDIOWORLD\",\"description\":\"Audio Heaven\",\"publisher\":{\"@id\":\"https:\\\/\\\/caraudioworld.eu\\\/cs\\\/#organization\"},\"potentialAction\":[{\"@type\":\"SearchAction\",\"target\":{\"@type\":\"EntryPoint\",\"urlTemplate\":\"https:\\\/\\\/caraudioworld.eu\\\/cs\\\/?s={search_term_string}\"},\"query-input\":{\"@type\":\"PropertyValueSpecification\",\"valueRequired\":true,\"valueName\":\"search_term_string\"}}],\"inLanguage\":\"cs\"},{\"@type\":\"Organization\",\"@id\":\"https:\\\/\\\/caraudioworld.eu\\\/cs\\\/#organization\",\"name\":\"CARAUDIOWORLD.eu\",\"url\":\"https:\\\/\\\/caraudioworld.eu\\\/cs\\\/\",\"logo\":{\"@type\":\"ImageObject\",\"inLanguage\":\"cs\",\"@id\":\"https:\\\/\\\/caraudioworld.eu\\\/cs\\\/#\\\/schema\\\/logo\\\/image\\\/\",\"url\":\"https:\\\/\\\/caraudioworld.eu\\\/wp-content\\\/uploads\\\/2020\\\/10\\\/CAW_rounded.png\",\"contentUrl\":\"https:\\\/\\\/caraudioworld.eu\\\/wp-content\\\/uploads\\\/2020\\\/10\\\/CAW_rounded.png\",\"width\":510,\"height\":510,\"caption\":\"CARAUDIOWORLD.eu\"},\"image\":{\"@id\":\"https:\\\/\\\/caraudioworld.eu\\\/cs\\\/#\\\/schema\\\/logo\\\/image\\\/\"},\"sameAs\":[\"https:\\\/\\\/www.facebook.com\\\/caraudioworld.eu\",\"https:\\\/\\\/www.instagram.com\\\/caraudioworld.eu\\\/\"]}]}<\/script>\n<!-- \/ Yoast SEO plugin. -->","yoast_head_json":{"title":"STEG MSS1 - CARAUDIOWORLD","description":"Nov\u00fd High-End v\u00fd\u0161kov\u00fd reproduktor od sv\u011btozn\u00e1m\u00e9 firmy STEG nab\u00edz\u00ed optim\u00e1ln\u00ed parametry pro instalaci do SQ hudebn\u00ed sestavy, v\u00fdborn\u00fd v\u00fdkon, bezkonkuren\u010dn\u00ed kontrolu d\u00edky neodymov\u00e9mu magnetu a schopnost podat i ty nejjemn\u011bj\u0161\u00ed detaily v rozmez\u00ed skoro cel\u00e9ho sly\u0161iteln\u00e9ho frekven\u010dn\u00edho p\u00e1sma. V balen\u00ed jsou k dispozici 2 r\u016fzn\u00e9 dome\u010dky pro zabudov\u00e1n\u00ed v\u00fd\u0161kov\u00e9ho reproduktoru.    Parametry   Velikost Membr\u00e1ny 1\" (25cm)   Impedance 4 ohm   V\u00fdkon 30 W RMS   Frekven\u010dn\u00ed rozsah 1300 - 22 000 Hz   Citlivost 90 dB   Magnet Neodymium   QTS 1.058   FS 1150 Hz   Pr\u016fm\u011br c\u00edvky 25.46mm   Vn\u011bj\u0161\u00ed pr\u016fm\u011br 68.5 \/ 55.6 mm   Instala\u010dn\u00ed\u00a0pr\u016fm\u011br 49.5 mm    &nbsp;","robots":{"index":"index","follow":"follow","max-snippet":"max-snippet:-1","max-image-preview":"max-image-preview:large","max-video-preview":"max-video-preview:-1"},"canonical":"https:\/\/caraudioworld.eu\/cs\/produkt\/steg-mss1\/","og_locale":"cs_CZ","og_type":"article","og_title":"STEG MSS1 - CARAUDIOWORLD","og_description":"Nov\u00fd High-End v\u00fd\u0161kov\u00fd reproduktor od sv\u011btozn\u00e1m\u00e9 firmy STEG nab\u00edz\u00ed optim\u00e1ln\u00ed parametry pro instalaci do SQ hudebn\u00ed sestavy, v\u00fdborn\u00fd v\u00fdkon, bezkonkuren\u010dn\u00ed kontrolu d\u00edky neodymov\u00e9mu magnetu a schopnost podat i ty nejjemn\u011bj\u0161\u00ed detaily v rozmez\u00ed skoro cel\u00e9ho sly\u0161iteln\u00e9ho frekven\u010dn\u00edho p\u00e1sma. V balen\u00ed jsou k dispozici 2 r\u016fzn\u00e9 dome\u010dky pro zabudov\u00e1n\u00ed v\u00fd\u0161kov\u00e9ho reproduktoru.    Parametry   Velikost Membr\u00e1ny 1\" (25cm)   Impedance 4 ohm   V\u00fdkon 30 W RMS   Frekven\u010dn\u00ed rozsah 1300 - 22 000 Hz   Citlivost 90 dB   Magnet Neodymium   QTS 1.058   FS 1150 Hz   Pr\u016fm\u011br c\u00edvky 25.46mm   Vn\u011bj\u0161\u00ed pr\u016fm\u011br 68.5 \/ 55.6 mm   Instala\u010dn\u00ed\u00a0pr\u016fm\u011br 49.5 mm    &nbsp;","og_url":"https:\/\/caraudioworld.eu\/cs\/produkt\/steg-mss1\/","og_site_name":"CARAUDIOWORLD","article_publisher":"https:\/\/www.facebook.com\/caraudioworld.eu","article_modified_time":"2023-04-13T10:11:16+00:00","og_image":[{"width":800,"height":577,"url":"https:\/\/caraudioworld.eu\/wp-content\/uploads\/2023\/04\/stegmss1.jpg","type":"image\/jpeg"}],"twitter_card":"summary_large_image","schema":{"@context":"https:\/\/schema.org","@graph":[{"@type":"WebPage","@id":"https:\/\/caraudioworld.eu\/cs\/produkt\/steg-mss1\/","url":"https:\/\/caraudioworld.eu\/cs\/produkt\/steg-mss1\/","name":"STEG MSS1 - CARAUDIOWORLD","isPartOf":{"@id":"https:\/\/caraudioworld.eu\/cs\/#website"},"primaryImageOfPage":{"@id":"https:\/\/caraudioworld.eu\/cs\/produkt\/steg-mss1\/#primaryimage"},"image":{"@id":"https:\/\/caraudioworld.eu\/cs\/produkt\/steg-mss1\/#primaryimage"},"thumbnailUrl":"https:\/\/caraudioworld.eu\/wp-content\/uploads\/2023\/04\/stegmss1.jpg","datePublished":"2023-04-13T09:51:23+00:00","dateModified":"2023-04-13T10:11:16+00:00","description":"Nov\u00fd High-End v\u00fd\u0161kov\u00fd reproduktor od sv\u011btozn\u00e1m\u00e9 firmy STEG nab\u00edz\u00ed optim\u00e1ln\u00ed parametry pro instalaci do SQ hudebn\u00ed sestavy, v\u00fdborn\u00fd v\u00fdkon, bezkonkuren\u010dn\u00ed kontrolu d\u00edky neodymov\u00e9mu magnetu a schopnost podat i ty nejjemn\u011bj\u0161\u00ed detaily v rozmez\u00ed skoro cel\u00e9ho sly\u0161iteln\u00e9ho frekven\u010dn\u00edho p\u00e1sma. V balen\u00ed jsou k dispozici 2 r\u016fzn\u00e9 dome\u010dky pro zabudov\u00e1n\u00ed v\u00fd\u0161kov\u00e9ho reproduktoru. Parametry Velikost Membr\u00e1ny 1\" (25cm) Impedance 4 ohm V\u00fdkon 30 W RMS Frekven\u010dn\u00ed rozsah 1300 - 22 000 Hz Citlivost 90 dB Magnet Neodymium QTS 1.058 FS 1150 Hz Pr\u016fm\u011br c\u00edvky 25.46mm Vn\u011bj\u0161\u00ed pr\u016fm\u011br 68.5 \/ 55.6 mm Instala\u010dn\u00ed\u00a0pr\u016fm\u011br 49.5 mm &nbsp;","breadcrumb":{"@id":"https:\/\/caraudioworld.eu\/cs\/produkt\/steg-mss1\/#breadcrumb"},"inLanguage":"cs","potentialAction":[{"@type":"ReadAction","target":["https:\/\/caraudioworld.eu\/cs\/produkt\/steg-mss1\/"]}]},{"@type":"ImageObject","inLanguage":"cs","@id":"https:\/\/caraudioworld.eu\/cs\/produkt\/steg-mss1\/#primaryimage","url":"https:\/\/caraudioworld.eu\/wp-content\/uploads\/2023\/04\/stegmss1.jpg","contentUrl":"https:\/\/caraudioworld.eu\/wp-content\/uploads\/2023\/04\/stegmss1.jpg","width":800,"height":577,"caption":"steg mss1"},{"@type":"BreadcrumbList","@id":"https:\/\/caraudioworld.eu\/cs\/produkt\/steg-mss1\/#breadcrumb","itemListElement":[{"@type":"ListItem","position":1,"name":"Home","item":"https:\/\/caraudioworld.eu\/cs\/"},{"@type":"ListItem","position":2,"name":"Obchod","item":"https:\/\/caraudioworld.eu\/cs\/obchod\/"},{"@type":"ListItem","position":3,"name":"STEG MSS1"}]},{"@type":"WebSite","@id":"https:\/\/caraudioworld.eu\/cs\/#website","url":"https:\/\/caraudioworld.eu\/cs\/","name":"CARAUDIOWORLD","description":"Audio Heaven","publisher":{"@id":"https:\/\/caraudioworld.eu\/cs\/#organization"},"potentialAction":[{"@type":"SearchAction","target":{"@type":"EntryPoint","urlTemplate":"https:\/\/caraudioworld.eu\/cs\/?s={search_term_string}"},"query-input":{"@type":"PropertyValueSpecification","valueRequired":true,"valueName":"search_term_string"}}],"inLanguage":"cs"},{"@type":"Organization","@id":"https:\/\/caraudioworld.eu\/cs\/#organization","name":"CARAUDIOWORLD.eu","url":"https:\/\/caraudioworld.eu\/cs\/","logo":{"@type":"ImageObject","inLanguage":"cs","@id":"https:\/\/caraudioworld.eu\/cs\/#\/schema\/logo\/image\/","url":"https:\/\/caraudioworld.eu\/wp-content\/uploads\/2020\/10\/CAW_rounded.png","contentUrl":"https:\/\/caraudioworld.eu\/wp-content\/uploads\/2020\/10\/CAW_rounded.png","width":510,"height":510,"caption":"CARAUDIOWORLD.eu"},"image":{"@id":"https:\/\/caraudioworld.eu\/cs\/#\/schema\/logo\/image\/"},"sameAs":["https:\/\/www.facebook.com\/caraudioworld.eu","https:\/\/www.instagram.com\/caraudioworld.eu\/"]}]}},"_links":{"self":[{"href":"https:\/\/caraudioworld.eu\/cs\/wp-json\/wp\/v2\/product\/9465","targetHints":{"allow":["GET"]}}],"collection":[{"href":"https:\/\/caraudioworld.eu\/cs\/wp-json\/wp\/v2\/product"}],"about":[{"href":"https:\/\/caraudioworld.eu\/cs\/wp-json\/wp\/v2\/types\/product"}],"replies":[{"embeddable":true,"href":"https:\/\/caraudioworld.eu\/cs\/wp-json\/wp\/v2\/comments?post=9465"}],"wp:featuredmedia":[{"embeddable":true,"href":"https:\/\/caraudioworld.eu\/cs\/wp-json\/wp\/v2\/media\/9468"}],"wp:attachment":[{"href":"https:\/\/caraudioworld.eu\/cs\/wp-json\/wp\/v2\/media?parent=9465"}],"wp:term":[{"taxonomy":"product_brand","embeddable":true,"href":"https:\/\/caraudioworld.eu\/cs\/wp-json\/wp\/v2\/product_brand?post=9465"},{"taxonomy":"product_cat","embeddable":true,"href":"https:\/\/caraudioworld.eu\/cs\/wp-json\/wp\/v2\/product_cat?post=9465"},{"taxonomy":"product_tag","embeddable":true,"href":"https:\/\/caraudioworld.eu\/cs\/wp-json\/wp\/v2\/product_tag?post=9465"}],"curies":[{"name":"wp","href":"https:\/\/api.w.org\/{rel}","templated":true}]}}