{"id":9594,"date":"2023-05-17T22:13:14","date_gmt":"2023-05-17T20:13:15","guid":{"rendered":"https:\/\/caraudioworld.eu\/?post_type=product&#038;p=9594"},"modified":"2023-05-17T22:58:12","modified_gmt":"2023-05-17T20:58:12","slug":"steg-mss1-mss3-mss6-set","status":"publish","type":"product","link":"https:\/\/caraudioworld.eu\/cs\/produkt\/steg-mss1-mss3-mss6-set\/","title":{"rendered":"STEG MSS1 MSS3 MSS6 Set"},"content":{"rendered":"","protected":false},"excerpt":{"rendered":"<p>Nov\u00fd set High-End reproduktor\u016f od sv\u011btozn\u00e1m\u00e9 firmy STEG nab\u00edz\u00ed optim\u00e1ln\u00ed parametry pro instalaci do SQ hudebn\u00ed sestavy, v\u00fdborn\u00fd v\u00fdkon, bezkonkuren\u010dn\u00ed kontrolu d\u00edky neodymov\u00e9mu magnetu a schopnost podat i ty nejjemn\u011bj\u0161\u00ed detaily v rozmez\u00ed skoro cel\u00e9ho sly\u0161iteln\u00e9ho frekven\u010dn\u00edho p\u00e1sma.<\/p>\n<p>*V balen\u00ed jsou k dispozici 2 r\u016fzn\u00e9 dome\u010dky pro zabudov\u00e1n\u00ed v\u00fd\u0161kov\u00e9ho reproduktoru.<\/p>\n<p><strong>**S t\u011bmito reproduktory vyhr\u00e1li 1. m\u00edsto na Mistrovstv\u00ed Evropy (EMMA) v kategorii instalace do 4000 \u20ac!!<\/strong><\/p>\n<p>Specifikace jednotliv\u00fdch reproduktor\u016f naleznete na fotk\u00e1ch v albu!<\/p>\n","protected":false},"featured_media":9609,"comment_status":"open","ping_status":"closed","template":"","meta":[],"product_brand":[],"product_cat":[405,403,415,416,418],"product_tag":[339],"class_list":{"0":"post-9594","1":"product","2":"type-product","3":"status-publish","4":"has-post-thumbnail","6":"product_cat-komponentni","7":"product_cat-reproduktory-cs","8":"product_cat-stredobasove-cs","9":"product_cat-stredove-cs","10":"product_cat-vyskove-cs","11":"product_tag-steg-cs","13":"first","14":"instock","15":"sale","16":"taxable","17":"shipping-taxable","18":"purchasable","19":"product-type-simple"},"yoast_head":"<!-- This site is optimized with the Yoast SEO plugin v27.3 - https:\/\/yoast.com\/product\/yoast-seo-wordpress\/ -->\n<title>STEG MSS1 MSS3 MSS6 Set - CARAUDIOWORLD<\/title>\n<meta name=\"description\" content=\"Nov\u00fd set High-End reproduktor\u016f od sv\u011btozn\u00e1m\u00e9 firmy STEG nab\u00edz\u00ed optim\u00e1ln\u00ed parametry pro instalaci do SQ hudebn\u00ed sestavy, v\u00fdborn\u00fd v\u00fdkon, bezkonkuren\u010dn\u00ed kontrolu d\u00edky neodymov\u00e9mu magnetu a schopnost podat i ty nejjemn\u011bj\u0161\u00ed detaily v rozmez\u00ed skoro cel\u00e9ho sly\u0161iteln\u00e9ho frekven\u010dn\u00edho p\u00e1sma.  *V balen\u00ed jsou k dispozici 2 r\u016fzn\u00e9 dome\u010dky pro zabudov\u00e1n\u00ed v\u00fd\u0161kov\u00e9ho reproduktoru.  **S t\u011bmito reproduktory vyhr\u00e1li 1. m\u00edsto na Mistrovstv\u00ed Evropy (EMMA) v kategorii instalace do 4000 \u20ac!!  Specifikace jednotliv\u00fdch reproduktor\u016f naleznete na fotk\u00e1ch v albu!\" \/>\n<meta name=\"robots\" content=\"index, follow, max-snippet:-1, max-image-preview:large, max-video-preview:-1\" \/>\n<link rel=\"canonical\" href=\"https:\/\/caraudioworld.eu\/cs\/produkt\/steg-mss1-mss3-mss6-set\/\" \/>\n<meta property=\"og:locale\" content=\"cs_CZ\" \/>\n<meta property=\"og:type\" content=\"article\" \/>\n<meta property=\"og:title\" content=\"STEG MSS1 MSS3 MSS6 Set - CARAUDIOWORLD\" \/>\n<meta property=\"og:description\" content=\"Nov\u00fd set High-End reproduktor\u016f od sv\u011btozn\u00e1m\u00e9 firmy STEG nab\u00edz\u00ed optim\u00e1ln\u00ed parametry pro instalaci do SQ hudebn\u00ed sestavy, v\u00fdborn\u00fd v\u00fdkon, bezkonkuren\u010dn\u00ed kontrolu d\u00edky neodymov\u00e9mu magnetu a schopnost podat i ty nejjemn\u011bj\u0161\u00ed detaily v rozmez\u00ed skoro cel\u00e9ho sly\u0161iteln\u00e9ho frekven\u010dn\u00edho p\u00e1sma.  *V balen\u00ed jsou k dispozici 2 r\u016fzn\u00e9 dome\u010dky pro zabudov\u00e1n\u00ed v\u00fd\u0161kov\u00e9ho reproduktoru.  **S t\u011bmito reproduktory vyhr\u00e1li 1. m\u00edsto na Mistrovstv\u00ed Evropy (EMMA) v kategorii instalace do 4000 \u20ac!!  Specifikace jednotliv\u00fdch reproduktor\u016f naleznete na fotk\u00e1ch v albu!\" \/>\n<meta property=\"og:url\" content=\"https:\/\/caraudioworld.eu\/cs\/produkt\/steg-mss1-mss3-mss6-set\/\" \/>\n<meta property=\"og:site_name\" content=\"CARAUDIOWORLD\" \/>\n<meta property=\"article:publisher\" content=\"https:\/\/www.facebook.com\/caraudioworld.eu\" \/>\n<meta property=\"article:modified_time\" content=\"2023-05-17T20:58:12+00:00\" \/>\n<meta property=\"og:image\" content=\"https:\/\/caraudioworld.eu\/wp-content\/uploads\/2023\/05\/mss-set-2.jpg\" \/>\n\t<meta property=\"og:image:width\" content=\"799\" \/>\n\t<meta property=\"og:image:height\" content=\"534\" \/>\n\t<meta property=\"og:image:type\" content=\"image\/jpeg\" \/>\n<meta name=\"twitter:card\" content=\"summary_large_image\" \/>\n<script type=\"application\/ld+json\" class=\"yoast-schema-graph\">{\"@context\":\"https:\\\/\\\/schema.org\",\"@graph\":[{\"@type\":\"WebPage\",\"@id\":\"https:\\\/\\\/caraudioworld.eu\\\/cs\\\/produkt\\\/steg-mss1-mss3-mss6-set\\\/\",\"url\":\"https:\\\/\\\/caraudioworld.eu\\\/cs\\\/produkt\\\/steg-mss1-mss3-mss6-set\\\/\",\"name\":\"STEG MSS1 MSS3 MSS6 Set - CARAUDIOWORLD\",\"isPartOf\":{\"@id\":\"https:\\\/\\\/caraudioworld.eu\\\/cs\\\/#website\"},\"primaryImageOfPage\":{\"@id\":\"https:\\\/\\\/caraudioworld.eu\\\/cs\\\/produkt\\\/steg-mss1-mss3-mss6-set\\\/#primaryimage\"},\"image\":{\"@id\":\"https:\\\/\\\/caraudioworld.eu\\\/cs\\\/produkt\\\/steg-mss1-mss3-mss6-set\\\/#primaryimage\"},\"thumbnailUrl\":\"https:\\\/\\\/caraudioworld.eu\\\/wp-content\\\/uploads\\\/2023\\\/05\\\/mss-set-2.jpg\",\"datePublished\":\"2023-05-17T20:13:15+00:00\",\"dateModified\":\"2023-05-17T20:58:12+00:00\",\"description\":\"Nov\u00fd set High-End reproduktor\u016f od sv\u011btozn\u00e1m\u00e9 firmy STEG nab\u00edz\u00ed optim\u00e1ln\u00ed parametry pro instalaci do SQ hudebn\u00ed sestavy, v\u00fdborn\u00fd v\u00fdkon, bezkonkuren\u010dn\u00ed kontrolu d\u00edky neodymov\u00e9mu magnetu a schopnost podat i ty nejjemn\u011bj\u0161\u00ed detaily v rozmez\u00ed skoro cel\u00e9ho sly\u0161iteln\u00e9ho frekven\u010dn\u00edho p\u00e1sma. *V balen\u00ed jsou k dispozici 2 r\u016fzn\u00e9 dome\u010dky pro zabudov\u00e1n\u00ed v\u00fd\u0161kov\u00e9ho reproduktoru. **S t\u011bmito reproduktory vyhr\u00e1li 1. m\u00edsto na Mistrovstv\u00ed Evropy (EMMA) v kategorii instalace do 4000 \u20ac!! Specifikace jednotliv\u00fdch reproduktor\u016f naleznete na fotk\u00e1ch v albu!\",\"breadcrumb\":{\"@id\":\"https:\\\/\\\/caraudioworld.eu\\\/cs\\\/produkt\\\/steg-mss1-mss3-mss6-set\\\/#breadcrumb\"},\"inLanguage\":\"cs\",\"potentialAction\":[{\"@type\":\"ReadAction\",\"target\":[\"https:\\\/\\\/caraudioworld.eu\\\/cs\\\/produkt\\\/steg-mss1-mss3-mss6-set\\\/\"]}]},{\"@type\":\"ImageObject\",\"inLanguage\":\"cs\",\"@id\":\"https:\\\/\\\/caraudioworld.eu\\\/cs\\\/produkt\\\/steg-mss1-mss3-mss6-set\\\/#primaryimage\",\"url\":\"https:\\\/\\\/caraudioworld.eu\\\/wp-content\\\/uploads\\\/2023\\\/05\\\/mss-set-2.jpg\",\"contentUrl\":\"https:\\\/\\\/caraudioworld.eu\\\/wp-content\\\/uploads\\\/2023\\\/05\\\/mss-set-2.jpg\",\"width\":799,\"height\":534,\"caption\":\"Steg mss1 mss3 mss6\"},{\"@type\":\"BreadcrumbList\",\"@id\":\"https:\\\/\\\/caraudioworld.eu\\\/cs\\\/produkt\\\/steg-mss1-mss3-mss6-set\\\/#breadcrumb\",\"itemListElement\":[{\"@type\":\"ListItem\",\"position\":1,\"name\":\"Home\",\"item\":\"https:\\\/\\\/caraudioworld.eu\\\/cs\\\/\"},{\"@type\":\"ListItem\",\"position\":2,\"name\":\"Obchod\",\"item\":\"https:\\\/\\\/caraudioworld.eu\\\/cs\\\/obchod\\\/\"},{\"@type\":\"ListItem\",\"position\":3,\"name\":\"STEG MSS1 MSS3 MSS6 Set\"}]},{\"@type\":\"WebSite\",\"@id\":\"https:\\\/\\\/caraudioworld.eu\\\/cs\\\/#website\",\"url\":\"https:\\\/\\\/caraudioworld.eu\\\/cs\\\/\",\"name\":\"CARAUDIOWORLD\",\"description\":\"Audio Heaven\",\"publisher\":{\"@id\":\"https:\\\/\\\/caraudioworld.eu\\\/cs\\\/#organization\"},\"potentialAction\":[{\"@type\":\"SearchAction\",\"target\":{\"@type\":\"EntryPoint\",\"urlTemplate\":\"https:\\\/\\\/caraudioworld.eu\\\/cs\\\/?s={search_term_string}\"},\"query-input\":{\"@type\":\"PropertyValueSpecification\",\"valueRequired\":true,\"valueName\":\"search_term_string\"}}],\"inLanguage\":\"cs\"},{\"@type\":\"Organization\",\"@id\":\"https:\\\/\\\/caraudioworld.eu\\\/cs\\\/#organization\",\"name\":\"CARAUDIOWORLD.eu\",\"url\":\"https:\\\/\\\/caraudioworld.eu\\\/cs\\\/\",\"logo\":{\"@type\":\"ImageObject\",\"inLanguage\":\"cs\",\"@id\":\"https:\\\/\\\/caraudioworld.eu\\\/cs\\\/#\\\/schema\\\/logo\\\/image\\\/\",\"url\":\"https:\\\/\\\/caraudioworld.eu\\\/wp-content\\\/uploads\\\/2020\\\/10\\\/CAW_rounded.png\",\"contentUrl\":\"https:\\\/\\\/caraudioworld.eu\\\/wp-content\\\/uploads\\\/2020\\\/10\\\/CAW_rounded.png\",\"width\":510,\"height\":510,\"caption\":\"CARAUDIOWORLD.eu\"},\"image\":{\"@id\":\"https:\\\/\\\/caraudioworld.eu\\\/cs\\\/#\\\/schema\\\/logo\\\/image\\\/\"},\"sameAs\":[\"https:\\\/\\\/www.facebook.com\\\/caraudioworld.eu\",\"https:\\\/\\\/www.instagram.com\\\/caraudioworld.eu\\\/\"]}]}<\/script>\n<!-- \/ Yoast SEO plugin. -->","yoast_head_json":{"title":"STEG MSS1 MSS3 MSS6 Set - CARAUDIOWORLD","description":"Nov\u00fd set High-End reproduktor\u016f od sv\u011btozn\u00e1m\u00e9 firmy STEG nab\u00edz\u00ed optim\u00e1ln\u00ed parametry pro instalaci do SQ hudebn\u00ed sestavy, v\u00fdborn\u00fd v\u00fdkon, bezkonkuren\u010dn\u00ed kontrolu d\u00edky neodymov\u00e9mu magnetu a schopnost podat i ty nejjemn\u011bj\u0161\u00ed detaily v rozmez\u00ed skoro cel\u00e9ho sly\u0161iteln\u00e9ho frekven\u010dn\u00edho p\u00e1sma.  *V balen\u00ed jsou k dispozici 2 r\u016fzn\u00e9 dome\u010dky pro zabudov\u00e1n\u00ed v\u00fd\u0161kov\u00e9ho reproduktoru.  **S t\u011bmito reproduktory vyhr\u00e1li 1. m\u00edsto na Mistrovstv\u00ed Evropy (EMMA) v kategorii instalace do 4000 \u20ac!!  Specifikace jednotliv\u00fdch reproduktor\u016f naleznete na fotk\u00e1ch v albu!","robots":{"index":"index","follow":"follow","max-snippet":"max-snippet:-1","max-image-preview":"max-image-preview:large","max-video-preview":"max-video-preview:-1"},"canonical":"https:\/\/caraudioworld.eu\/cs\/produkt\/steg-mss1-mss3-mss6-set\/","og_locale":"cs_CZ","og_type":"article","og_title":"STEG MSS1 MSS3 MSS6 Set - CARAUDIOWORLD","og_description":"Nov\u00fd set High-End reproduktor\u016f od sv\u011btozn\u00e1m\u00e9 firmy STEG nab\u00edz\u00ed optim\u00e1ln\u00ed parametry pro instalaci do SQ hudebn\u00ed sestavy, v\u00fdborn\u00fd v\u00fdkon, bezkonkuren\u010dn\u00ed kontrolu d\u00edky neodymov\u00e9mu magnetu a schopnost podat i ty nejjemn\u011bj\u0161\u00ed detaily v rozmez\u00ed skoro cel\u00e9ho sly\u0161iteln\u00e9ho frekven\u010dn\u00edho p\u00e1sma.  *V balen\u00ed jsou k dispozici 2 r\u016fzn\u00e9 dome\u010dky pro zabudov\u00e1n\u00ed v\u00fd\u0161kov\u00e9ho reproduktoru.  **S t\u011bmito reproduktory vyhr\u00e1li 1. m\u00edsto na Mistrovstv\u00ed Evropy (EMMA) v kategorii instalace do 4000 \u20ac!!  Specifikace jednotliv\u00fdch reproduktor\u016f naleznete na fotk\u00e1ch v albu!","og_url":"https:\/\/caraudioworld.eu\/cs\/produkt\/steg-mss1-mss3-mss6-set\/","og_site_name":"CARAUDIOWORLD","article_publisher":"https:\/\/www.facebook.com\/caraudioworld.eu","article_modified_time":"2023-05-17T20:58:12+00:00","og_image":[{"width":799,"height":534,"url":"https:\/\/caraudioworld.eu\/wp-content\/uploads\/2023\/05\/mss-set-2.jpg","type":"image\/jpeg"}],"twitter_card":"summary_large_image","schema":{"@context":"https:\/\/schema.org","@graph":[{"@type":"WebPage","@id":"https:\/\/caraudioworld.eu\/cs\/produkt\/steg-mss1-mss3-mss6-set\/","url":"https:\/\/caraudioworld.eu\/cs\/produkt\/steg-mss1-mss3-mss6-set\/","name":"STEG MSS1 MSS3 MSS6 Set - CARAUDIOWORLD","isPartOf":{"@id":"https:\/\/caraudioworld.eu\/cs\/#website"},"primaryImageOfPage":{"@id":"https:\/\/caraudioworld.eu\/cs\/produkt\/steg-mss1-mss3-mss6-set\/#primaryimage"},"image":{"@id":"https:\/\/caraudioworld.eu\/cs\/produkt\/steg-mss1-mss3-mss6-set\/#primaryimage"},"thumbnailUrl":"https:\/\/caraudioworld.eu\/wp-content\/uploads\/2023\/05\/mss-set-2.jpg","datePublished":"2023-05-17T20:13:15+00:00","dateModified":"2023-05-17T20:58:12+00:00","description":"Nov\u00fd set High-End reproduktor\u016f od sv\u011btozn\u00e1m\u00e9 firmy STEG nab\u00edz\u00ed optim\u00e1ln\u00ed parametry pro instalaci do SQ hudebn\u00ed sestavy, v\u00fdborn\u00fd v\u00fdkon, bezkonkuren\u010dn\u00ed kontrolu d\u00edky neodymov\u00e9mu magnetu a schopnost podat i ty nejjemn\u011bj\u0161\u00ed detaily v rozmez\u00ed skoro cel\u00e9ho sly\u0161iteln\u00e9ho frekven\u010dn\u00edho p\u00e1sma. *V balen\u00ed jsou k dispozici 2 r\u016fzn\u00e9 dome\u010dky pro zabudov\u00e1n\u00ed v\u00fd\u0161kov\u00e9ho reproduktoru. **S t\u011bmito reproduktory vyhr\u00e1li 1. m\u00edsto na Mistrovstv\u00ed Evropy (EMMA) v kategorii instalace do 4000 \u20ac!! Specifikace jednotliv\u00fdch reproduktor\u016f naleznete na fotk\u00e1ch v albu!","breadcrumb":{"@id":"https:\/\/caraudioworld.eu\/cs\/produkt\/steg-mss1-mss3-mss6-set\/#breadcrumb"},"inLanguage":"cs","potentialAction":[{"@type":"ReadAction","target":["https:\/\/caraudioworld.eu\/cs\/produkt\/steg-mss1-mss3-mss6-set\/"]}]},{"@type":"ImageObject","inLanguage":"cs","@id":"https:\/\/caraudioworld.eu\/cs\/produkt\/steg-mss1-mss3-mss6-set\/#primaryimage","url":"https:\/\/caraudioworld.eu\/wp-content\/uploads\/2023\/05\/mss-set-2.jpg","contentUrl":"https:\/\/caraudioworld.eu\/wp-content\/uploads\/2023\/05\/mss-set-2.jpg","width":799,"height":534,"caption":"Steg mss1 mss3 mss6"},{"@type":"BreadcrumbList","@id":"https:\/\/caraudioworld.eu\/cs\/produkt\/steg-mss1-mss3-mss6-set\/#breadcrumb","itemListElement":[{"@type":"ListItem","position":1,"name":"Home","item":"https:\/\/caraudioworld.eu\/cs\/"},{"@type":"ListItem","position":2,"name":"Obchod","item":"https:\/\/caraudioworld.eu\/cs\/obchod\/"},{"@type":"ListItem","position":3,"name":"STEG MSS1 MSS3 MSS6 Set"}]},{"@type":"WebSite","@id":"https:\/\/caraudioworld.eu\/cs\/#website","url":"https:\/\/caraudioworld.eu\/cs\/","name":"CARAUDIOWORLD","description":"Audio Heaven","publisher":{"@id":"https:\/\/caraudioworld.eu\/cs\/#organization"},"potentialAction":[{"@type":"SearchAction","target":{"@type":"EntryPoint","urlTemplate":"https:\/\/caraudioworld.eu\/cs\/?s={search_term_string}"},"query-input":{"@type":"PropertyValueSpecification","valueRequired":true,"valueName":"search_term_string"}}],"inLanguage":"cs"},{"@type":"Organization","@id":"https:\/\/caraudioworld.eu\/cs\/#organization","name":"CARAUDIOWORLD.eu","url":"https:\/\/caraudioworld.eu\/cs\/","logo":{"@type":"ImageObject","inLanguage":"cs","@id":"https:\/\/caraudioworld.eu\/cs\/#\/schema\/logo\/image\/","url":"https:\/\/caraudioworld.eu\/wp-content\/uploads\/2020\/10\/CAW_rounded.png","contentUrl":"https:\/\/caraudioworld.eu\/wp-content\/uploads\/2020\/10\/CAW_rounded.png","width":510,"height":510,"caption":"CARAUDIOWORLD.eu"},"image":{"@id":"https:\/\/caraudioworld.eu\/cs\/#\/schema\/logo\/image\/"},"sameAs":["https:\/\/www.facebook.com\/caraudioworld.eu","https:\/\/www.instagram.com\/caraudioworld.eu\/"]}]}},"_links":{"self":[{"href":"https:\/\/caraudioworld.eu\/cs\/wp-json\/wp\/v2\/product\/9594","targetHints":{"allow":["GET"]}}],"collection":[{"href":"https:\/\/caraudioworld.eu\/cs\/wp-json\/wp\/v2\/product"}],"about":[{"href":"https:\/\/caraudioworld.eu\/cs\/wp-json\/wp\/v2\/types\/product"}],"replies":[{"embeddable":true,"href":"https:\/\/caraudioworld.eu\/cs\/wp-json\/wp\/v2\/comments?post=9594"}],"wp:featuredmedia":[{"embeddable":true,"href":"https:\/\/caraudioworld.eu\/cs\/wp-json\/wp\/v2\/media\/9609"}],"wp:attachment":[{"href":"https:\/\/caraudioworld.eu\/cs\/wp-json\/wp\/v2\/media?parent=9594"}],"wp:term":[{"taxonomy":"product_brand","embeddable":true,"href":"https:\/\/caraudioworld.eu\/cs\/wp-json\/wp\/v2\/product_brand?post=9594"},{"taxonomy":"product_cat","embeddable":true,"href":"https:\/\/caraudioworld.eu\/cs\/wp-json\/wp\/v2\/product_cat?post=9594"},{"taxonomy":"product_tag","embeddable":true,"href":"https:\/\/caraudioworld.eu\/cs\/wp-json\/wp\/v2\/product_tag?post=9594"}],"curies":[{"name":"wp","href":"https:\/\/api.w.org\/{rel}","templated":true}]}}