{"id":9685,"date":"2023-05-17T21:58:28","date_gmt":"2023-05-17T19:58:28","guid":{"rendered":"https:\/\/caraudioworld.eu\/produkt\/steg-mdsp-12\/"},"modified":"2023-05-17T21:58:28","modified_gmt":"2023-05-17T19:58:28","slug":"steg-mdsp-12","status":"publish","type":"product","link":"https:\/\/caraudioworld.eu\/cs\/produkt\/steg-mdsp-12\/","title":{"rendered":"Steg MDSP 12"},"content":{"rendered":"","protected":false},"excerpt":{"rendered":"<p>Nov\u00fd exkluzivn\u00ed produkt nab\u00edzej\u00edc\u00ed a\u017e 12 kan\u00e1l\u016f zesilova\u010de + zabudovan\u00e9 12 kan\u00e1lov\u00e9 DSP pro nejlep\u0161\u00ed mo\u017enosti lad\u011bn\u00ed (mo\u017enost napojit dal\u0161\u00ed extern\u00ed zesilova\u010de na DSP v p\u0159\u00edpad\u011b, \u017ee se nepou\u017e\u00edv\u00e1 zesilova\u010d na dan\u00e9m kan\u00e1lu). Pou\u017eity pouze High End komponenty pro dosa\u017een\u00ed co nejlep\u0161\u00ed a nejp\u0159esn\u011bj\u0161\u00ed reprodukce zvuku, p\u0159i\u010dem\u017e zabudovan\u00e9 DSP nab\u00edz\u00ed jedine\u010dnou mo\u017enost p\u0159izp\u016fsobit akustick\u00e9 vlastnosti ka\u017ed\u00e9ho reproduktoru pro dan\u00fd typ auta.<\/p>\n<p>Po\u010det kan\u00e1l\u016f zesilova\u010de 12<br \/>\nEnergetick\u00e1 t\u0159\u00edda zesilova\u010de D<br \/>\nRMS v\u00fdkon na 4 \u03a9 12 x 80 W<br \/>\nRMS v\u00fdkon v m\u016fstku na 4 \u03a9 6 x 180 W<br \/>\nFrekven\u010dn\u00ed rozsah 10 &#8211; 20000 Hz<br \/>\nHarmonick\u00e9 zkreslen\u00ed (THD) 0,01 %<br \/>\nOdstup sign\u00e1l\/\u0161um (S\/N ratio) &gt; 100 dB<br \/>\nVstupn\u00ed citlivost 0.3 &#8211; 15 V<br \/>\nVstup Hi input: ano<br \/>\nFunkce Auto Sense: ano<br \/>\nMo\u017enost napojen\u00ed extern\u00edho zesilova\u010de na DSP: ano<\/p>\n","protected":false},"featured_media":9586,"comment_status":"closed","ping_status":"closed","template":"","meta":[],"product_brand":[],"product_cat":[451,323,420,427,326],"product_tag":[339],"class_list":{"0":"post-9685","1":"product","2":"type-product","3":"status-publish","4":"has-post-thumbnail","6":"product_cat-12-kanal-cs","7":"product_cat-dsp-cs","8":"product_cat-zesilovace","9":"product_cat-zesilovace-s-dsp-cs","10":"product_cat-zesilovace-s-dsp","11":"product_tag-steg-cs","13":"first","14":"instock","15":"sale","16":"taxable","17":"shipping-taxable","18":"purchasable","19":"product-type-simple"},"yoast_head":"<!-- This site is optimized with the Yoast SEO plugin v27.3 - https:\/\/yoast.com\/product\/yoast-seo-wordpress\/ -->\n<title>Steg MDSP 12 - CARAUDIOWORLD<\/title>\n<meta name=\"description\" content=\"Nov\u00fd exkluzivn\u00ed produkt nab\u00edzej\u00edc\u00ed a\u017e 12 kan\u00e1l\u016f zesilova\u010de + zabudovan\u00e9 12 kan\u00e1lov\u00e9 DSP pro nejlep\u0161\u00ed mo\u017enosti lad\u011bn\u00ed (mo\u017enost napojit dal\u0161\u00ed extern\u00ed zesilova\u010de na DSP v p\u0159\u00edpad\u011b, \u017ee se nepou\u017e\u00edv\u00e1 zesilova\u010d na dan\u00e9m kan\u00e1lu). Pou\u017eity pouze High End komponenty pro dosa\u017een\u00ed co nejlep\u0161\u00ed a nejp\u0159esn\u011bj\u0161\u00ed reprodukce zvuku, p\u0159i\u010dem\u017e zabudovan\u00e9 DSP nab\u00edz\u00ed jedine\u010dnou mo\u017enost p\u0159izp\u016fsobit akustick\u00e9 vlastnosti ka\u017ed\u00e9ho reproduktoru pro dan\u00fd typ auta.  Po\u010det kan\u00e1l\u016f zesilova\u010de 12 Energetick\u00e1 t\u0159\u00edda zesilova\u010de D RMS v\u00fdkon na 4 \u03a9 12 x 80 W RMS v\u00fdkon v m\u016fstku na 4 \u03a9 6 x 180 W Frekven\u010dn\u00ed rozsah 10 - 20000 Hz Harmonick\u00e9 zkreslen\u00ed (THD) 0,01 % Odstup sign\u00e1l\/\u0161um (S\/N ratio) &gt; 100 dB Vstupn\u00ed citlivost 0.3 - 15 V Vstup Hi input: ano Funkce Auto Sense: ano Mo\u017enost napojen\u00ed extern\u00edho zesilova\u010de na DSP: ano\" \/>\n<meta name=\"robots\" content=\"index, follow, max-snippet:-1, max-image-preview:large, max-video-preview:-1\" \/>\n<link rel=\"canonical\" href=\"https:\/\/caraudioworld.eu\/cs\/produkt\/steg-mdsp-12\/\" \/>\n<meta property=\"og:locale\" content=\"cs_CZ\" \/>\n<meta property=\"og:type\" content=\"article\" \/>\n<meta property=\"og:title\" content=\"Steg MDSP 12 - CARAUDIOWORLD\" \/>\n<meta property=\"og:description\" content=\"Nov\u00fd exkluzivn\u00ed produkt nab\u00edzej\u00edc\u00ed a\u017e 12 kan\u00e1l\u016f zesilova\u010de + zabudovan\u00e9 12 kan\u00e1lov\u00e9 DSP pro nejlep\u0161\u00ed mo\u017enosti lad\u011bn\u00ed (mo\u017enost napojit dal\u0161\u00ed extern\u00ed zesilova\u010de na DSP v p\u0159\u00edpad\u011b, \u017ee se nepou\u017e\u00edv\u00e1 zesilova\u010d na dan\u00e9m kan\u00e1lu). Pou\u017eity pouze High End komponenty pro dosa\u017een\u00ed co nejlep\u0161\u00ed a nejp\u0159esn\u011bj\u0161\u00ed reprodukce zvuku, p\u0159i\u010dem\u017e zabudovan\u00e9 DSP nab\u00edz\u00ed jedine\u010dnou mo\u017enost p\u0159izp\u016fsobit akustick\u00e9 vlastnosti ka\u017ed\u00e9ho reproduktoru pro dan\u00fd typ auta.  Po\u010det kan\u00e1l\u016f zesilova\u010de 12 Energetick\u00e1 t\u0159\u00edda zesilova\u010de D RMS v\u00fdkon na 4 \u03a9 12 x 80 W RMS v\u00fdkon v m\u016fstku na 4 \u03a9 6 x 180 W Frekven\u010dn\u00ed rozsah 10 - 20000 Hz Harmonick\u00e9 zkreslen\u00ed (THD) 0,01 % Odstup sign\u00e1l\/\u0161um (S\/N ratio) &gt; 100 dB Vstupn\u00ed citlivost 0.3 - 15 V Vstup Hi input: ano Funkce Auto Sense: ano Mo\u017enost napojen\u00ed extern\u00edho zesilova\u010de na DSP: ano\" \/>\n<meta property=\"og:url\" content=\"https:\/\/caraudioworld.eu\/cs\/produkt\/steg-mdsp-12\/\" \/>\n<meta property=\"og:site_name\" content=\"CARAUDIOWORLD\" \/>\n<meta property=\"article:publisher\" content=\"https:\/\/www.facebook.com\/caraudioworld.eu\" \/>\n<meta property=\"og:image\" content=\"https:\/\/caraudioworld.eu\/wp-content\/uploads\/2023\/05\/mdsp12_3.jpg\" \/>\n\t<meta property=\"og:image:width\" content=\"1529\" \/>\n\t<meta property=\"og:image:height\" content=\"1019\" \/>\n\t<meta property=\"og:image:type\" content=\"image\/jpeg\" \/>\n<meta name=\"twitter:card\" content=\"summary_large_image\" \/>\n<script type=\"application\/ld+json\" class=\"yoast-schema-graph\">{\"@context\":\"https:\\\/\\\/schema.org\",\"@graph\":[{\"@type\":\"WebPage\",\"@id\":\"https:\\\/\\\/caraudioworld.eu\\\/cs\\\/produkt\\\/steg-mdsp-12\\\/\",\"url\":\"https:\\\/\\\/caraudioworld.eu\\\/cs\\\/produkt\\\/steg-mdsp-12\\\/\",\"name\":\"Steg MDSP 12 - CARAUDIOWORLD\",\"isPartOf\":{\"@id\":\"https:\\\/\\\/caraudioworld.eu\\\/cs\\\/#website\"},\"primaryImageOfPage\":{\"@id\":\"https:\\\/\\\/caraudioworld.eu\\\/cs\\\/produkt\\\/steg-mdsp-12\\\/#primaryimage\"},\"image\":{\"@id\":\"https:\\\/\\\/caraudioworld.eu\\\/cs\\\/produkt\\\/steg-mdsp-12\\\/#primaryimage\"},\"thumbnailUrl\":\"https:\\\/\\\/caraudioworld.eu\\\/wp-content\\\/uploads\\\/2023\\\/05\\\/mdsp12_3.jpg\",\"datePublished\":\"2023-05-17T19:58:28+00:00\",\"description\":\"Nov\u00fd exkluzivn\u00ed produkt nab\u00edzej\u00edc\u00ed a\u017e 12 kan\u00e1l\u016f zesilova\u010de + zabudovan\u00e9 12 kan\u00e1lov\u00e9 DSP pro nejlep\u0161\u00ed mo\u017enosti lad\u011bn\u00ed (mo\u017enost napojit dal\u0161\u00ed extern\u00ed zesilova\u010de na DSP v p\u0159\u00edpad\u011b, \u017ee se nepou\u017e\u00edv\u00e1 zesilova\u010d na dan\u00e9m kan\u00e1lu). Pou\u017eity pouze High End komponenty pro dosa\u017een\u00ed co nejlep\u0161\u00ed a nejp\u0159esn\u011bj\u0161\u00ed reprodukce zvuku, p\u0159i\u010dem\u017e zabudovan\u00e9 DSP nab\u00edz\u00ed jedine\u010dnou mo\u017enost p\u0159izp\u016fsobit akustick\u00e9 vlastnosti ka\u017ed\u00e9ho reproduktoru pro dan\u00fd typ auta. Po\u010det kan\u00e1l\u016f zesilova\u010de 12 Energetick\u00e1 t\u0159\u00edda zesilova\u010de D RMS v\u00fdkon na 4 \u03a9 12 x 80 W RMS v\u00fdkon v m\u016fstku na 4 \u03a9 6 x 180 W Frekven\u010dn\u00ed rozsah 10 - 20000 Hz Harmonick\u00e9 zkreslen\u00ed (THD) 0,01 % Odstup sign\u00e1l\\\/\u0161um (S\\\/N ratio) &gt; 100 dB Vstupn\u00ed citlivost 0.3 - 15 V Vstup Hi input: ano Funkce Auto Sense: ano Mo\u017enost napojen\u00ed extern\u00edho zesilova\u010de na DSP: ano\",\"breadcrumb\":{\"@id\":\"https:\\\/\\\/caraudioworld.eu\\\/cs\\\/produkt\\\/steg-mdsp-12\\\/#breadcrumb\"},\"inLanguage\":\"cs\",\"potentialAction\":[{\"@type\":\"ReadAction\",\"target\":[\"https:\\\/\\\/caraudioworld.eu\\\/cs\\\/produkt\\\/steg-mdsp-12\\\/\"]}]},{\"@type\":\"ImageObject\",\"inLanguage\":\"cs\",\"@id\":\"https:\\\/\\\/caraudioworld.eu\\\/cs\\\/produkt\\\/steg-mdsp-12\\\/#primaryimage\",\"url\":\"https:\\\/\\\/caraudioworld.eu\\\/wp-content\\\/uploads\\\/2023\\\/05\\\/mdsp12_3.jpg\",\"contentUrl\":\"https:\\\/\\\/caraudioworld.eu\\\/wp-content\\\/uploads\\\/2023\\\/05\\\/mdsp12_3.jpg\",\"width\":1529,\"height\":1019,\"caption\":\"Steg mdsp 12\"},{\"@type\":\"BreadcrumbList\",\"@id\":\"https:\\\/\\\/caraudioworld.eu\\\/cs\\\/produkt\\\/steg-mdsp-12\\\/#breadcrumb\",\"itemListElement\":[{\"@type\":\"ListItem\",\"position\":1,\"name\":\"Home\",\"item\":\"https:\\\/\\\/caraudioworld.eu\\\/cs\\\/\"},{\"@type\":\"ListItem\",\"position\":2,\"name\":\"Obchod\",\"item\":\"https:\\\/\\\/caraudioworld.eu\\\/cs\\\/obchod\\\/\"},{\"@type\":\"ListItem\",\"position\":3,\"name\":\"Steg MDSP 12\"}]},{\"@type\":\"WebSite\",\"@id\":\"https:\\\/\\\/caraudioworld.eu\\\/cs\\\/#website\",\"url\":\"https:\\\/\\\/caraudioworld.eu\\\/cs\\\/\",\"name\":\"CARAUDIOWORLD\",\"description\":\"Audio Heaven\",\"publisher\":{\"@id\":\"https:\\\/\\\/caraudioworld.eu\\\/cs\\\/#organization\"},\"potentialAction\":[{\"@type\":\"SearchAction\",\"target\":{\"@type\":\"EntryPoint\",\"urlTemplate\":\"https:\\\/\\\/caraudioworld.eu\\\/cs\\\/?s={search_term_string}\"},\"query-input\":{\"@type\":\"PropertyValueSpecification\",\"valueRequired\":true,\"valueName\":\"search_term_string\"}}],\"inLanguage\":\"cs\"},{\"@type\":\"Organization\",\"@id\":\"https:\\\/\\\/caraudioworld.eu\\\/cs\\\/#organization\",\"name\":\"CARAUDIOWORLD.eu\",\"url\":\"https:\\\/\\\/caraudioworld.eu\\\/cs\\\/\",\"logo\":{\"@type\":\"ImageObject\",\"inLanguage\":\"cs\",\"@id\":\"https:\\\/\\\/caraudioworld.eu\\\/cs\\\/#\\\/schema\\\/logo\\\/image\\\/\",\"url\":\"https:\\\/\\\/caraudioworld.eu\\\/wp-content\\\/uploads\\\/2020\\\/10\\\/CAW_rounded.png\",\"contentUrl\":\"https:\\\/\\\/caraudioworld.eu\\\/wp-content\\\/uploads\\\/2020\\\/10\\\/CAW_rounded.png\",\"width\":510,\"height\":510,\"caption\":\"CARAUDIOWORLD.eu\"},\"image\":{\"@id\":\"https:\\\/\\\/caraudioworld.eu\\\/cs\\\/#\\\/schema\\\/logo\\\/image\\\/\"},\"sameAs\":[\"https:\\\/\\\/www.facebook.com\\\/caraudioworld.eu\",\"https:\\\/\\\/www.instagram.com\\\/caraudioworld.eu\\\/\"]}]}<\/script>\n<!-- \/ Yoast SEO plugin. -->","yoast_head_json":{"title":"Steg MDSP 12 - CARAUDIOWORLD","description":"Nov\u00fd exkluzivn\u00ed produkt nab\u00edzej\u00edc\u00ed a\u017e 12 kan\u00e1l\u016f zesilova\u010de + zabudovan\u00e9 12 kan\u00e1lov\u00e9 DSP pro nejlep\u0161\u00ed mo\u017enosti lad\u011bn\u00ed (mo\u017enost napojit dal\u0161\u00ed extern\u00ed zesilova\u010de na DSP v p\u0159\u00edpad\u011b, \u017ee se nepou\u017e\u00edv\u00e1 zesilova\u010d na dan\u00e9m kan\u00e1lu). Pou\u017eity pouze High End komponenty pro dosa\u017een\u00ed co nejlep\u0161\u00ed a nejp\u0159esn\u011bj\u0161\u00ed reprodukce zvuku, p\u0159i\u010dem\u017e zabudovan\u00e9 DSP nab\u00edz\u00ed jedine\u010dnou mo\u017enost p\u0159izp\u016fsobit akustick\u00e9 vlastnosti ka\u017ed\u00e9ho reproduktoru pro dan\u00fd typ auta.  Po\u010det kan\u00e1l\u016f zesilova\u010de 12 Energetick\u00e1 t\u0159\u00edda zesilova\u010de D RMS v\u00fdkon na 4 \u03a9 12 x 80 W RMS v\u00fdkon v m\u016fstku na 4 \u03a9 6 x 180 W Frekven\u010dn\u00ed rozsah 10 - 20000 Hz Harmonick\u00e9 zkreslen\u00ed (THD) 0,01 % Odstup sign\u00e1l\/\u0161um (S\/N ratio) &gt; 100 dB Vstupn\u00ed citlivost 0.3 - 15 V Vstup Hi input: ano Funkce Auto Sense: ano Mo\u017enost napojen\u00ed extern\u00edho zesilova\u010de na DSP: ano","robots":{"index":"index","follow":"follow","max-snippet":"max-snippet:-1","max-image-preview":"max-image-preview:large","max-video-preview":"max-video-preview:-1"},"canonical":"https:\/\/caraudioworld.eu\/cs\/produkt\/steg-mdsp-12\/","og_locale":"cs_CZ","og_type":"article","og_title":"Steg MDSP 12 - CARAUDIOWORLD","og_description":"Nov\u00fd exkluzivn\u00ed produkt nab\u00edzej\u00edc\u00ed a\u017e 12 kan\u00e1l\u016f zesilova\u010de + zabudovan\u00e9 12 kan\u00e1lov\u00e9 DSP pro nejlep\u0161\u00ed mo\u017enosti lad\u011bn\u00ed (mo\u017enost napojit dal\u0161\u00ed extern\u00ed zesilova\u010de na DSP v p\u0159\u00edpad\u011b, \u017ee se nepou\u017e\u00edv\u00e1 zesilova\u010d na dan\u00e9m kan\u00e1lu). Pou\u017eity pouze High End komponenty pro dosa\u017een\u00ed co nejlep\u0161\u00ed a nejp\u0159esn\u011bj\u0161\u00ed reprodukce zvuku, p\u0159i\u010dem\u017e zabudovan\u00e9 DSP nab\u00edz\u00ed jedine\u010dnou mo\u017enost p\u0159izp\u016fsobit akustick\u00e9 vlastnosti ka\u017ed\u00e9ho reproduktoru pro dan\u00fd typ auta.  Po\u010det kan\u00e1l\u016f zesilova\u010de 12 Energetick\u00e1 t\u0159\u00edda zesilova\u010de D RMS v\u00fdkon na 4 \u03a9 12 x 80 W RMS v\u00fdkon v m\u016fstku na 4 \u03a9 6 x 180 W Frekven\u010dn\u00ed rozsah 10 - 20000 Hz Harmonick\u00e9 zkreslen\u00ed (THD) 0,01 % Odstup sign\u00e1l\/\u0161um (S\/N ratio) &gt; 100 dB Vstupn\u00ed citlivost 0.3 - 15 V Vstup Hi input: ano Funkce Auto Sense: ano Mo\u017enost napojen\u00ed extern\u00edho zesilova\u010de na DSP: ano","og_url":"https:\/\/caraudioworld.eu\/cs\/produkt\/steg-mdsp-12\/","og_site_name":"CARAUDIOWORLD","article_publisher":"https:\/\/www.facebook.com\/caraudioworld.eu","og_image":[{"width":1529,"height":1019,"url":"https:\/\/caraudioworld.eu\/wp-content\/uploads\/2023\/05\/mdsp12_3.jpg","type":"image\/jpeg"}],"twitter_card":"summary_large_image","schema":{"@context":"https:\/\/schema.org","@graph":[{"@type":"WebPage","@id":"https:\/\/caraudioworld.eu\/cs\/produkt\/steg-mdsp-12\/","url":"https:\/\/caraudioworld.eu\/cs\/produkt\/steg-mdsp-12\/","name":"Steg MDSP 12 - CARAUDIOWORLD","isPartOf":{"@id":"https:\/\/caraudioworld.eu\/cs\/#website"},"primaryImageOfPage":{"@id":"https:\/\/caraudioworld.eu\/cs\/produkt\/steg-mdsp-12\/#primaryimage"},"image":{"@id":"https:\/\/caraudioworld.eu\/cs\/produkt\/steg-mdsp-12\/#primaryimage"},"thumbnailUrl":"https:\/\/caraudioworld.eu\/wp-content\/uploads\/2023\/05\/mdsp12_3.jpg","datePublished":"2023-05-17T19:58:28+00:00","description":"Nov\u00fd exkluzivn\u00ed produkt nab\u00edzej\u00edc\u00ed a\u017e 12 kan\u00e1l\u016f zesilova\u010de + zabudovan\u00e9 12 kan\u00e1lov\u00e9 DSP pro nejlep\u0161\u00ed mo\u017enosti lad\u011bn\u00ed (mo\u017enost napojit dal\u0161\u00ed extern\u00ed zesilova\u010de na DSP v p\u0159\u00edpad\u011b, \u017ee se nepou\u017e\u00edv\u00e1 zesilova\u010d na dan\u00e9m kan\u00e1lu). Pou\u017eity pouze High End komponenty pro dosa\u017een\u00ed co nejlep\u0161\u00ed a nejp\u0159esn\u011bj\u0161\u00ed reprodukce zvuku, p\u0159i\u010dem\u017e zabudovan\u00e9 DSP nab\u00edz\u00ed jedine\u010dnou mo\u017enost p\u0159izp\u016fsobit akustick\u00e9 vlastnosti ka\u017ed\u00e9ho reproduktoru pro dan\u00fd typ auta. Po\u010det kan\u00e1l\u016f zesilova\u010de 12 Energetick\u00e1 t\u0159\u00edda zesilova\u010de D RMS v\u00fdkon na 4 \u03a9 12 x 80 W RMS v\u00fdkon v m\u016fstku na 4 \u03a9 6 x 180 W Frekven\u010dn\u00ed rozsah 10 - 20000 Hz Harmonick\u00e9 zkreslen\u00ed (THD) 0,01 % Odstup sign\u00e1l\/\u0161um (S\/N ratio) &gt; 100 dB Vstupn\u00ed citlivost 0.3 - 15 V Vstup Hi input: ano Funkce Auto Sense: ano Mo\u017enost napojen\u00ed extern\u00edho zesilova\u010de na DSP: ano","breadcrumb":{"@id":"https:\/\/caraudioworld.eu\/cs\/produkt\/steg-mdsp-12\/#breadcrumb"},"inLanguage":"cs","potentialAction":[{"@type":"ReadAction","target":["https:\/\/caraudioworld.eu\/cs\/produkt\/steg-mdsp-12\/"]}]},{"@type":"ImageObject","inLanguage":"cs","@id":"https:\/\/caraudioworld.eu\/cs\/produkt\/steg-mdsp-12\/#primaryimage","url":"https:\/\/caraudioworld.eu\/wp-content\/uploads\/2023\/05\/mdsp12_3.jpg","contentUrl":"https:\/\/caraudioworld.eu\/wp-content\/uploads\/2023\/05\/mdsp12_3.jpg","width":1529,"height":1019,"caption":"Steg mdsp 12"},{"@type":"BreadcrumbList","@id":"https:\/\/caraudioworld.eu\/cs\/produkt\/steg-mdsp-12\/#breadcrumb","itemListElement":[{"@type":"ListItem","position":1,"name":"Home","item":"https:\/\/caraudioworld.eu\/cs\/"},{"@type":"ListItem","position":2,"name":"Obchod","item":"https:\/\/caraudioworld.eu\/cs\/obchod\/"},{"@type":"ListItem","position":3,"name":"Steg MDSP 12"}]},{"@type":"WebSite","@id":"https:\/\/caraudioworld.eu\/cs\/#website","url":"https:\/\/caraudioworld.eu\/cs\/","name":"CARAUDIOWORLD","description":"Audio Heaven","publisher":{"@id":"https:\/\/caraudioworld.eu\/cs\/#organization"},"potentialAction":[{"@type":"SearchAction","target":{"@type":"EntryPoint","urlTemplate":"https:\/\/caraudioworld.eu\/cs\/?s={search_term_string}"},"query-input":{"@type":"PropertyValueSpecification","valueRequired":true,"valueName":"search_term_string"}}],"inLanguage":"cs"},{"@type":"Organization","@id":"https:\/\/caraudioworld.eu\/cs\/#organization","name":"CARAUDIOWORLD.eu","url":"https:\/\/caraudioworld.eu\/cs\/","logo":{"@type":"ImageObject","inLanguage":"cs","@id":"https:\/\/caraudioworld.eu\/cs\/#\/schema\/logo\/image\/","url":"https:\/\/caraudioworld.eu\/wp-content\/uploads\/2020\/10\/CAW_rounded.png","contentUrl":"https:\/\/caraudioworld.eu\/wp-content\/uploads\/2020\/10\/CAW_rounded.png","width":510,"height":510,"caption":"CARAUDIOWORLD.eu"},"image":{"@id":"https:\/\/caraudioworld.eu\/cs\/#\/schema\/logo\/image\/"},"sameAs":["https:\/\/www.facebook.com\/caraudioworld.eu","https:\/\/www.instagram.com\/caraudioworld.eu\/"]}]}},"_links":{"self":[{"href":"https:\/\/caraudioworld.eu\/cs\/wp-json\/wp\/v2\/product\/9685","targetHints":{"allow":["GET"]}}],"collection":[{"href":"https:\/\/caraudioworld.eu\/cs\/wp-json\/wp\/v2\/product"}],"about":[{"href":"https:\/\/caraudioworld.eu\/cs\/wp-json\/wp\/v2\/types\/product"}],"replies":[{"embeddable":true,"href":"https:\/\/caraudioworld.eu\/cs\/wp-json\/wp\/v2\/comments?post=9685"}],"wp:featuredmedia":[{"embeddable":true,"href":"https:\/\/caraudioworld.eu\/cs\/wp-json\/wp\/v2\/media\/9586"}],"wp:attachment":[{"href":"https:\/\/caraudioworld.eu\/cs\/wp-json\/wp\/v2\/media?parent=9685"}],"wp:term":[{"taxonomy":"product_brand","embeddable":true,"href":"https:\/\/caraudioworld.eu\/cs\/wp-json\/wp\/v2\/product_brand?post=9685"},{"taxonomy":"product_cat","embeddable":true,"href":"https:\/\/caraudioworld.eu\/cs\/wp-json\/wp\/v2\/product_cat?post=9685"},{"taxonomy":"product_tag","embeddable":true,"href":"https:\/\/caraudioworld.eu\/cs\/wp-json\/wp\/v2\/product_tag?post=9685"}],"curies":[{"name":"wp","href":"https:\/\/api.w.org\/{rel}","templated":true}]}}